{"id":7119,"date":"2024-12-03T08:32:51","date_gmt":"2024-12-03T08:32:51","guid":{"rendered":"https:\/\/www.cinesouk.ma\/?post_type=product&#038;p=7119"},"modified":"2025-09-25T12:49:52","modified_gmt":"2025-09-25T12:49:52","slug":"tamron-28-75mm-f-2-8-di-iii-vxd-g2-sony-fe","status":"publish","type":"product","link":"https:\/\/www.cinesouk.ma\/fr\/produit\/tamron-28-75mm-f-2-8-di-iii-vxd-g2-sony-fe\/","title":{"rendered":"Tamron 28-75mm F\/2.8 Di III VXD G2 Sony FE Lens"},"content":{"rendered":"<p>Le Tamron 28-75mm F\/2.8 Di III VXD G2 Sony FE est un objectif zoom polyvalent et performant con\u00e7u pour les appareils photo sans miroir Sony \u00e0 monture E. Il b\u00e9n\u00e9ficie d'une conception optique am\u00e9lior\u00e9e et d'une ouverture f\/2.8 constante. Il b\u00e9n\u00e9ficie d'une conception optique am\u00e9lior\u00e9e et d'une ouverture constante de f\/2,8. Par cons\u00e9quent, cet objectif de deuxi\u00e8me g\u00e9n\u00e9ration offre une nettet\u00e9, une vitesse et une polyvalence exceptionnelles pour un large \u00e9ventail d'applications photographiques.<\/p>\n<p>L'objectif est dot\u00e9 d'une nouvelle formule optique. Il am\u00e9liore la qualit\u00e9 de l'image sur toute la plage de zoom. Sa conception compacte et son ouverture rapide de f\/2,8 le rendent id\u00e9al pour divers sc\u00e9narios de prise de vue, des portraits aux paysages, en offrant des performances constantes et un magnifique bokeh.<\/p>\n<p>Le nouvel objectif est dot\u00e9 d'un syst\u00e8me optique enti\u00e8rement nouveau, mais il est rest\u00e9 aussi compact que son pr\u00e9d\u00e9cesseur. La structure optique est compos\u00e9e d'\u00e9l\u00e9ments de lentille LD (faible dispersion) et d'\u00e9l\u00e9ments de lentille GM (asph\u00e9rique en verre moul\u00e9). Cela permet de minimiser les erreurs d'image.  La r\u00e9solution est tr\u00e8s \u00e9lev\u00e9e \u00e0 toutes les distances focales et sur toute la surface de l'image. Lorsque le diaphragme est compl\u00e8tement ouvert, un tr\u00e8s bel effet bokeh est visible. Gr\u00e2ce \u00e0 ces innovations et \u00e0 bien d'autres, le 28-75mm F\/2.8 G2 est le premier choix pour tous ceux qui souhaitent tirer le meilleur parti de leur cr\u00e9ativit\u00e9.<\/p>\n<h3>Distance de mise au point minimale de 0,18 m au grand angle avec une \u00e9chelle d'image maximale de 1:2,7.<\/h3>\n<p>La distance de mise au point minimale de 0,19 m au grand angle et l'\u00e9chelle d'image maximale de 1:2,9 que le mod\u00e8le A036 de la premi\u00e8re g\u00e9n\u00e9ration a r\u00e9ussi \u00e0 atteindre ont \u00e9t\u00e9 bien accueillies parce qu'elles permettaient aux utilisateurs de profiter de la photographie rapproch\u00e9e en mettant l'accent sur une perspective qui est unique aux objectifs grand-angle. Le 28-75mm F2.8 G2 atteint une distance de mise au point minimale de 0,18 m au grand angle (1 cm de moins que le mod\u00e8le A036) avec une mesure d'image maximale de 1:2,7. Cela signifie que les utilisateurs peuvent se rapprocher encore plus du sujet pour la macrophotographie grand angle, o\u00f9 le sujet est affich\u00e9 en grand pour un impact visuel puissant et o\u00f9 l'arri\u00e8re-plan reste clair dans l'image en m\u00eame temps.<\/p>\n<h4>Caract\u00e9ristiques du Tamron 28-75mm F\/2.8 Di III VXD G2 Sony FE :<\/h4>\n<ul>\n<li class=\"flex flex-row justify-between gap-4 leading-4\">Longueur focale : 28-75mm<\/li>\n<li class=\"flex flex-row justify-between gap-4 leading-4\">Diaphragme : F2.8<\/li>\n<li class=\"flex flex-row justify-between gap-4 leading-4\">Distance de mise au point la plus courte<\/li>\n<li class=\"flex flex-row justify-between gap-4 leading-4\">0,18 m (grand angle)<\/li>\n<li class=\"flex flex-row justify-between gap-4 leading-4\">0,38 m (t\u00e9l\u00e9objectif)<\/li>\n<li class=\"flex flex-row justify-between gap-4 leading-4\">Mesure du grossissement maximal\n<ul>\n<li class=\"flex flex-row justify-between gap-4 leading-4\">1:2.7 (Grand angle)<\/li>\n<li class=\"flex flex-row justify-between gap-4 leading-4\">1:4.1 (t\u00e9l\u00e9objectif)<\/li>\n<\/ul>\n<\/li>\n<li class=\"flex flex-row justify-between gap-4 leading-4\">Taille du filtre : 67 mm<\/li>\n<li class=\"flex flex-row justify-between gap-4 leading-4\">Poids\n<ul>\n<li class=\"flex flex-row justify-between gap-4 leading-4\">540g (Sony Alpha CSC E-Mount)<\/li>\n<li class=\"flex flex-row justify-between gap-4 leading-4\">550g (Nikon Z-Mount)<\/li>\n<\/ul>\n<\/li>\n<li class=\"flex flex-row justify-between gap-4 leading-4\">Num\u00e9ro de mod\u00e8le : A063<\/li>\n<li class=\"flex flex-row justify-between gap-4 leading-4\">\u00c9l\u00e9ments du groupe : 17-5<\/li>\n<li class=\"flex flex-row justify-between gap-4 leading-4\">Angle de vue : 75\u00b023\u2032-32\u00b011\u2032<\/li>\n<li class=\"flex flex-row justify-between gap-4 leading-4\">Feuilles de membrane : 9<\/li>\n<li class=\"flex flex-row justify-between gap-4 leading-4\">Diaphragme (min.) : F22<\/li>\n<li class=\"flex flex-row justify-between gap-4 leading-4\">Plus grand diam\u00e8tre : 78,8 mm<\/li>\n<li class=\"flex flex-row justify-between gap-4 leading-4\">Longueur : 117,6 mm\n<div class=\"flex flex-col items-end text-right gap-1 md:gap-1.5\">\n<div class=\"flex flex-col\">\n<div><\/div>\n<\/div>\n<\/div>\n<\/li>\n<\/ul>\n<p>Louez-le maintenant sur <a href=\"https:\/\/www.cinesouk.ma\/fr\">CINESOUK<\/a> - une marque de <a href=\"https:\/\/www.broadway.ma\/\">BROADWAY PRODUCTIONS SARL.<\/a><\/p>","protected":false},"excerpt":{"rendered":"<p><strong>Sp\u00e9cifications<\/strong><\/p>\n<ul>\n<li><strong>Longueur focale :<\/strong> 28-75mm<\/li>\n<li><strong>Ouverture maximale :<\/strong> f\/2.8<\/li>\n<li><strong>Ouverture minimale :<\/strong> f\/22<\/li>\n<li><strong>Conception optique :<\/strong> 17 \u00e9l\u00e9ments en 15 groupes<\/li>\n<li><strong>Lames \u00e0 diaphragme :<\/strong> 9, arrondi<\/li>\n<li><strong>Distance minimale de mise au point :<\/strong> 0,18 m (large), 0,38 m (t\u00e9l\u00e9)<\/li>\n<li><strong>Taille du filtre :<\/strong> 67mm<\/li>\n<li><strong>Dimensions :<\/strong> 117,6 mm (L) x 75,8 mm (L)<\/li>\n<li><strong>Poids :<\/strong> Environ 540 g<\/li>\n<li><strong>Monture d'objectif :<\/strong> Monture E de Sony<\/li>\n<\/ul>","protected":false},"featured_media":7130,"template":"","meta":{"om_disable_all_campaigns":false,"_monsterinsights_skip_tracking":false,"_monsterinsights_sitenote_active":false,"_monsterinsights_sitenote_note":"","_monsterinsights_sitenote_category":0,"_uf_show_specific_survey":0,"_uf_disable_surveys":false},"product_brand":[],"product_cat":[36],"product_tag":[],"class_list":{"0":"post-7119","1":"product","2":"type-product","3":"status-publish","4":"has-post-thumbnail","6":"product_cat-lenses-cinesouk","8":"entry","9":"has-media","11":"first","12":"instock","13":"taxable","14":"shipping-taxable","15":"purchasable","16":"product-type-variable","17":"has-product-nav","18":"col","19":"span_1_of_3","20":"owp-content-center","21":"owp-thumbs-layout-horizontal","22":"owp-btn-normal","23":"owp-tabs-layout-horizontal","24":"has-no-thumbnails"},"yoast_head":"<!-- This site is optimized with the Yoast SEO Premium plugin v26.0 (Yoast SEO v26.0) - https:\/\/yoast.com\/wordpress\/plugins\/seo\/ -->\n<title>Tamron 28-75mm F\/2.8 Di III VXD G2 Sony FE Lens - Morocco\/Marrakech - CineSouk<\/title>\n<meta name=\"description\" content=\"The Tamron 28-75mm F\/2.8 Di III VXD G2 Sony FE offers a wide focal range and bright f\/2.8 aperture, ideal for photographers using Sony mirrorless cameras.\" \/>\n<meta name=\"robots\" content=\"index, follow, max-snippet:-1, max-image-preview:large, max-video-preview:-1\" \/>\n<link rel=\"canonical\" href=\"https:\/\/www.cinesouk.ma\/fr\/produit\/tamron-28-75mm-f-2-8-di-iii-vxd-g2-sony-fe\/\" \/>\n<meta property=\"og:locale\" content=\"fr_FR\" \/>\n<meta property=\"og:type\" content=\"article\" \/>\n<meta property=\"og:title\" content=\"Tamron 28-75mm F\/2.8 Di III VXD G2 Sony FE Lens\" \/>\n<meta property=\"og:description\" content=\"The Tamron 28-75mm F\/2.8 Di III VXD G2 Sony FE offers a wide focal range and bright f\/2.8 aperture, ideal for photographers using Sony mirrorless cameras.\" \/>\n<meta property=\"og:url\" content=\"https:\/\/www.cinesouk.ma\/fr\/produit\/tamron-28-75mm-f-2-8-di-iii-vxd-g2-sony-fe\/\" \/>\n<meta property=\"og:site_name\" content=\"CineSouk\" \/>\n<meta property=\"article:modified_time\" content=\"2025-09-25T12:49:52+00:00\" \/>\n<meta property=\"og:image\" content=\"https:\/\/www.cinesouk.ma\/wp-content\/uploads\/2024\/07\/Tamron-28-75mm-F2.8-Di-III-VXD-G2-Sony-FE.jpg\" \/>\n\t<meta property=\"og:image:width\" content=\"300\" \/>\n\t<meta property=\"og:image:height\" content=\"238\" \/>\n\t<meta property=\"og:image:type\" content=\"image\/jpeg\" \/>\n<meta name=\"twitter:card\" content=\"summary_large_image\" \/>\n<meta name=\"twitter:description\" content=\"The Tamron 28-75mm F\/2.8 Di III VXD G2 Sony FE offers a wide focal range and bright f\/2.8 aperture, ideal for photographers using Sony mirrorless cameras.\" \/>\n<meta name=\"twitter:label1\" content=\"Dur\u00e9e de lecture estim\u00e9e\" \/>\n\t<meta name=\"twitter:data1\" content=\"2 minutes\" \/>\n<script type=\"application\/ld+json\" class=\"yoast-schema-graph\">{\"@context\":\"https:\/\/schema.org\",\"@graph\":[{\"@type\":\"WebPage\",\"@id\":\"https:\/\/www.cinesouk.ma\/product\/tamron-28-75mm-f-2-8-di-iii-vxd-g2-sony-fe\/\",\"url\":\"https:\/\/www.cinesouk.ma\/product\/tamron-28-75mm-f-2-8-di-iii-vxd-g2-sony-fe\/\",\"name\":\"Tamron 28-75mm F\/2.8 Di III VXD G2 Sony FE Lens - Morocco\/Marrakech - CineSouk\",\"isPartOf\":{\"@id\":\"https:\/\/www.cinesouk.ma\/#website\"},\"primaryImageOfPage\":{\"@id\":\"https:\/\/www.cinesouk.ma\/product\/tamron-28-75mm-f-2-8-di-iii-vxd-g2-sony-fe\/#primaryimage\"},\"image\":{\"@id\":\"https:\/\/www.cinesouk.ma\/product\/tamron-28-75mm-f-2-8-di-iii-vxd-g2-sony-fe\/#primaryimage\"},\"thumbnailUrl\":\"https:\/\/www.cinesouk.ma\/wp-content\/uploads\/2024\/07\/Tamron-28-75mm-F2.8-Di-III-VXD-G2-Sony-FE.jpg\",\"datePublished\":\"2024-12-03T08:32:51+00:00\",\"dateModified\":\"2025-09-25T12:49:52+00:00\",\"description\":\"The Tamron 28-75mm F\/2.8 Di III VXD G2 Sony FE offers a wide focal range and bright f\/2.8 aperture, ideal for photographers using Sony mirrorless cameras.\",\"breadcrumb\":{\"@id\":\"https:\/\/www.cinesouk.ma\/product\/tamron-28-75mm-f-2-8-di-iii-vxd-g2-sony-fe\/#breadcrumb\"},\"inLanguage\":\"fr-FR\",\"potentialAction\":[{\"@type\":\"ReadAction\",\"target\":[\"https:\/\/www.cinesouk.ma\/product\/tamron-28-75mm-f-2-8-di-iii-vxd-g2-sony-fe\/\"]}]},{\"@type\":\"ImageObject\",\"inLanguage\":\"fr-FR\",\"@id\":\"https:\/\/www.cinesouk.ma\/product\/tamron-28-75mm-f-2-8-di-iii-vxd-g2-sony-fe\/#primaryimage\",\"url\":\"https:\/\/www.cinesouk.ma\/wp-content\/uploads\/2024\/07\/Tamron-28-75mm-F2.8-Di-III-VXD-G2-Sony-FE.jpg\",\"contentUrl\":\"https:\/\/www.cinesouk.ma\/wp-content\/uploads\/2024\/07\/Tamron-28-75mm-F2.8-Di-III-VXD-G2-Sony-FE.jpg\",\"width\":300,\"height\":238},{\"@type\":\"BreadcrumbList\",\"@id\":\"https:\/\/www.cinesouk.ma\/product\/tamron-28-75mm-f-2-8-di-iii-vxd-g2-sony-fe\/#breadcrumb\",\"itemListElement\":[{\"@type\":\"ListItem\",\"position\":1,\"name\":\"Home\",\"item\":\"https:\/\/www.cinesouk.ma\/\"},{\"@type\":\"ListItem\",\"position\":2,\"name\":\"Shop\",\"item\":\"https:\/\/www.cinesouk.ma\/shop\/\"},{\"@type\":\"ListItem\",\"position\":3,\"name\":\"Tamron 28-75mm F\/2.8 Di III VXD G2 Sony FE Lens\"}]},{\"@type\":\"WebSite\",\"@id\":\"https:\/\/www.cinesouk.ma\/#website\",\"url\":\"https:\/\/www.cinesouk.ma\/\",\"name\":\"CineSouk\",\"description\":\"\",\"publisher\":{\"@id\":\"https:\/\/www.cinesouk.ma\/#organization\"},\"potentialAction\":[{\"@type\":\"SearchAction\",\"target\":{\"@type\":\"EntryPoint\",\"urlTemplate\":\"https:\/\/www.cinesouk.ma\/?s={search_term_string}\"},\"query-input\":{\"@type\":\"PropertyValueSpecification\",\"valueRequired\":true,\"valueName\":\"search_term_string\"}}],\"inLanguage\":\"fr-FR\"},{\"@type\":\"Organization\",\"@id\":\"https:\/\/www.cinesouk.ma\/#organization\",\"name\":\"CineSouk\",\"url\":\"https:\/\/www.cinesouk.ma\/\",\"logo\":{\"@type\":\"ImageObject\",\"inLanguage\":\"fr-FR\",\"@id\":\"https:\/\/www.cinesouk.ma\/#\/schema\/logo\/image\/\",\"url\":\"https:\/\/www.cinesouk.ma\/wp-content\/uploads\/2024\/01\/CineSouk-logo-v01-alpha-alligned-left.png\",\"contentUrl\":\"https:\/\/www.cinesouk.ma\/wp-content\/uploads\/2024\/01\/CineSouk-logo-v01-alpha-alligned-left.png\",\"width\":3204,\"height\":889,\"caption\":\"CineSouk\"},\"image\":{\"@id\":\"https:\/\/www.cinesouk.ma\/#\/schema\/logo\/image\/\"}}]}<\/script>\n<!-- \/ Yoast SEO Premium plugin. -->","yoast_head_json":{"title":"Tamron 28-75mm F\/2.8 Di III VXD G2 Sony FE Lens - Morocco\/Marrakech - CineSouk","description":"The Tamron 28-75mm F\/2.8 Di III VXD G2 Sony FE offers a wide focal range and bright f\/2.8 aperture, ideal for photographers using Sony mirrorless cameras.","robots":{"index":"index","follow":"follow","max-snippet":"max-snippet:-1","max-image-preview":"max-image-preview:large","max-video-preview":"max-video-preview:-1"},"canonical":"https:\/\/www.cinesouk.ma\/fr\/produit\/tamron-28-75mm-f-2-8-di-iii-vxd-g2-sony-fe\/","og_locale":"fr_FR","og_type":"article","og_title":"Tamron 28-75mm F\/2.8 Di III VXD G2 Sony FE Lens","og_description":"The Tamron 28-75mm F\/2.8 Di III VXD G2 Sony FE offers a wide focal range and bright f\/2.8 aperture, ideal for photographers using Sony mirrorless cameras.","og_url":"https:\/\/www.cinesouk.ma\/fr\/produit\/tamron-28-75mm-f-2-8-di-iii-vxd-g2-sony-fe\/","og_site_name":"CineSouk","article_modified_time":"2025-09-25T12:49:52+00:00","og_image":[{"width":300,"height":238,"url":"https:\/\/www.cinesouk.ma\/wp-content\/uploads\/2024\/07\/Tamron-28-75mm-F2.8-Di-III-VXD-G2-Sony-FE.jpg","type":"image\/jpeg"}],"twitter_card":"summary_large_image","twitter_description":"The Tamron 28-75mm F\/2.8 Di III VXD G2 Sony FE offers a wide focal range and bright f\/2.8 aperture, ideal for photographers using Sony mirrorless cameras.","twitter_misc":{"Dur\u00e9e de lecture estim\u00e9e":"2 minutes"},"schema":{"@context":"https:\/\/schema.org","@graph":[{"@type":"WebPage","@id":"https:\/\/www.cinesouk.ma\/product\/tamron-28-75mm-f-2-8-di-iii-vxd-g2-sony-fe\/","url":"https:\/\/www.cinesouk.ma\/product\/tamron-28-75mm-f-2-8-di-iii-vxd-g2-sony-fe\/","name":"Tamron 28-75mm F\/2.8 Di III VXD G2 Sony FE Lens - Morocco\/Marrakech - CineSouk","isPartOf":{"@id":"https:\/\/www.cinesouk.ma\/#website"},"primaryImageOfPage":{"@id":"https:\/\/www.cinesouk.ma\/product\/tamron-28-75mm-f-2-8-di-iii-vxd-g2-sony-fe\/#primaryimage"},"image":{"@id":"https:\/\/www.cinesouk.ma\/product\/tamron-28-75mm-f-2-8-di-iii-vxd-g2-sony-fe\/#primaryimage"},"thumbnailUrl":"https:\/\/www.cinesouk.ma\/wp-content\/uploads\/2024\/07\/Tamron-28-75mm-F2.8-Di-III-VXD-G2-Sony-FE.jpg","datePublished":"2024-12-03T08:32:51+00:00","dateModified":"2025-09-25T12:49:52+00:00","description":"The Tamron 28-75mm F\/2.8 Di III VXD G2 Sony FE offers a wide focal range and bright f\/2.8 aperture, ideal for photographers using Sony mirrorless cameras.","breadcrumb":{"@id":"https:\/\/www.cinesouk.ma\/product\/tamron-28-75mm-f-2-8-di-iii-vxd-g2-sony-fe\/#breadcrumb"},"inLanguage":"fr-FR","potentialAction":[{"@type":"ReadAction","target":["https:\/\/www.cinesouk.ma\/product\/tamron-28-75mm-f-2-8-di-iii-vxd-g2-sony-fe\/"]}]},{"@type":"ImageObject","inLanguage":"fr-FR","@id":"https:\/\/www.cinesouk.ma\/product\/tamron-28-75mm-f-2-8-di-iii-vxd-g2-sony-fe\/#primaryimage","url":"https:\/\/www.cinesouk.ma\/wp-content\/uploads\/2024\/07\/Tamron-28-75mm-F2.8-Di-III-VXD-G2-Sony-FE.jpg","contentUrl":"https:\/\/www.cinesouk.ma\/wp-content\/uploads\/2024\/07\/Tamron-28-75mm-F2.8-Di-III-VXD-G2-Sony-FE.jpg","width":300,"height":238},{"@type":"BreadcrumbList","@id":"https:\/\/www.cinesouk.ma\/product\/tamron-28-75mm-f-2-8-di-iii-vxd-g2-sony-fe\/#breadcrumb","itemListElement":[{"@type":"ListItem","position":1,"name":"Home","item":"https:\/\/www.cinesouk.ma\/"},{"@type":"ListItem","position":2,"name":"Shop","item":"https:\/\/www.cinesouk.ma\/shop\/"},{"@type":"ListItem","position":3,"name":"Tamron 28-75mm F\/2.8 Di III VXD G2 Sony FE Lens"}]},{"@type":"WebSite","@id":"https:\/\/www.cinesouk.ma\/#website","url":"https:\/\/www.cinesouk.ma\/","name":"CineSouk","description":"","publisher":{"@id":"https:\/\/www.cinesouk.ma\/#organization"},"potentialAction":[{"@type":"SearchAction","target":{"@type":"EntryPoint","urlTemplate":"https:\/\/www.cinesouk.ma\/?s={search_term_string}"},"query-input":{"@type":"PropertyValueSpecification","valueRequired":true,"valueName":"search_term_string"}}],"inLanguage":"fr-FR"},{"@type":"Organization","@id":"https:\/\/www.cinesouk.ma\/#organization","name":"CineSouk","url":"https:\/\/www.cinesouk.ma\/","logo":{"@type":"ImageObject","inLanguage":"fr-FR","@id":"https:\/\/www.cinesouk.ma\/#\/schema\/logo\/image\/","url":"https:\/\/www.cinesouk.ma\/wp-content\/uploads\/2024\/01\/CineSouk-logo-v01-alpha-alligned-left.png","contentUrl":"https:\/\/www.cinesouk.ma\/wp-content\/uploads\/2024\/01\/CineSouk-logo-v01-alpha-alligned-left.png","width":3204,"height":889,"caption":"CineSouk"},"image":{"@id":"https:\/\/www.cinesouk.ma\/#\/schema\/logo\/image\/"}}]}},"_links":{"self":[{"href":"https:\/\/www.cinesouk.ma\/fr\/wp-json\/wp\/v2\/product\/7119","targetHints":{"allow":["GET"]}}],"collection":[{"href":"https:\/\/www.cinesouk.ma\/fr\/wp-json\/wp\/v2\/product"}],"about":[{"href":"https:\/\/www.cinesouk.ma\/fr\/wp-json\/wp\/v2\/types\/product"}],"wp:featuredmedia":[{"embeddable":true,"href":"https:\/\/www.cinesouk.ma\/fr\/wp-json\/wp\/v2\/media\/7130"}],"wp:attachment":[{"href":"https:\/\/www.cinesouk.ma\/fr\/wp-json\/wp\/v2\/media?parent=7119"}],"wp:term":[{"taxonomy":"product_brand","embeddable":true,"href":"https:\/\/www.cinesouk.ma\/fr\/wp-json\/wp\/v2\/product_brand?post=7119"},{"taxonomy":"product_cat","embeddable":true,"href":"https:\/\/www.cinesouk.ma\/fr\/wp-json\/wp\/v2\/product_cat?post=7119"},{"taxonomy":"product_tag","embeddable":true,"href":"https:\/\/www.cinesouk.ma\/fr\/wp-json\/wp\/v2\/product_tag?post=7119"}],"curies":[{"name":"wp","href":"https:\/\/api.w.org\/{rel}","templated":true}]}}