{"id":7180,"date":"2024-08-30T15:00:16","date_gmt":"2024-08-30T15:00:16","guid":{"rendered":"https:\/\/www.cinesouk.ma\/?post_type=product&#038;p=7180"},"modified":"2026-01-24T14:14:24","modified_gmt":"2026-01-24T14:14:24","slug":"adicam-max-trolley-film-cart","status":"publish","type":"product","link":"https:\/\/www.cinesouk.ma\/fr\/produit\/adicam-max-trolley-film-cart\/","title":{"rendered":"Adicam MAX+ Trolley\/Chariot de tournage\/Magliner"},"content":{"rendered":"<p>Le chariot Adicam MAX+ Trolley\/Film Cart est un chariot mobile de premi\u00e8re qualit\u00e9 con\u00e7u pour les photographes et vid\u00e9astes professionnels. Con\u00e7u pour offrir un support et une mobilit\u00e9 optimaux \u00e0 l'\u00e9quipement photographique, ce chariot est essentiel pour les tournages en studio et sur site, car il garantit que le mat\u00e9riel est stock\u00e9 en toute s\u00e9curit\u00e9 et facilement accessible.<\/p>\n<ul>\n<li><strong>Chariot mobile professionnel pour cam\u00e9ra<\/strong>: Il offre un rangement stable et s\u00fbr pour le mat\u00e9riel de prise de vue, ce qui le rend id\u00e9al pour divers environnements de tournage.<\/li>\n<li><strong>Design spacieux<\/strong>: Une grande capacit\u00e9 de stockage permet d'accueillir un large \u00e9ventail d'\u00e9quipements, pour que tout soit \u00e0 port\u00e9e de main.<\/li>\n<li><strong>Construction durable<\/strong>: Construit avec des mat\u00e9riaux de haute qualit\u00e9 pour r\u00e9sister \u00e0 une utilisation r\u00e9guli\u00e8re et supporter des \u00e9quipements lourds.<\/li>\n<li><strong>Facilit\u00e9 de man\u0153uvre<\/strong>: \u00c9quip\u00e9 de roues \u00e0 roulement doux et de m\u00e9canismes de verrouillage pour un transport facile et un positionnement stable.<\/li>\n<li><strong>Mise en page personnalisable<\/strong>: Comprend des \u00e9tag\u00e8res et des compartiments r\u00e9glables pour accueillir diff\u00e9rents types d'\u00e9quipements et d'accessoires.<\/li>\n<li><strong>Compact et portable<\/strong>: Malgr\u00e9 sa grande capacit\u00e9 de stockage, le chariot est con\u00e7u pour \u00eatre facilement transportable et peu encombrant.<\/li>\n<\/ul>\n<p>Louez le chariot Adicam MAX+ Trolley\/Film Cart d\u00e8s maintenant sur <a href=\"https:\/\/www.cinesouk.ma\/fr\">CINESOUK<\/a> - une marque de <a href=\"https:\/\/www.broadway.ma\/\">BROADWAY PRODUCTIONS SARL.<\/a><\/p>\n<p>&nbsp;<\/p>","protected":false},"excerpt":{"rendered":"<p>Sp\u00e9cifications<\/p>\n<p>Mat\u00e9riau : Aluminium haute r\u00e9sistance<br \/>\nDimensions : 120 cm x 60 cm x 90 cm : 120 cm x 60 cm x 90 cm<br \/>\nCapacit\u00e9 de poids : Jusqu'\u00e0 100 kg<br \/>\nRoues : Roues robustes \u00e0 roulement doux avec freins<br \/>\nConception : Pliable pour faciliter le transport et le stockage<\/p>","protected":false},"featured_media":7585,"template":"","meta":{"om_disable_all_campaigns":false,"_monsterinsights_skip_tracking":false,"_monsterinsights_sitenote_active":false,"_monsterinsights_sitenote_note":"","_monsterinsights_sitenote_category":0,"_uf_show_specific_survey":0,"_uf_disable_surveys":false},"product_brand":[],"product_cat":[82,84,51],"product_tag":[],"class_list":{"0":"post-7180","1":"product","2":"type-product","3":"status-publish","4":"has-post-thumbnail","6":"product_cat-carts-cinesouk","7":"product_cat-dit-cinesouk","8":"product_cat-featured-cinesouk","10":"entry","11":"has-media","13":"first","14":"instock","15":"taxable","16":"shipping-taxable","17":"purchasable","18":"product-type-variable","19":"has-product-nav","20":"col","21":"span_1_of_3","22":"owp-content-center","23":"owp-thumbs-layout-horizontal","24":"owp-btn-normal","25":"owp-tabs-layout-horizontal","26":"has-no-thumbnails"},"yoast_head":"<!-- This site is optimized with the Yoast SEO Premium plugin v26.0 (Yoast SEO v26.0) - https:\/\/yoast.com\/wordpress\/plugins\/seo\/ -->\n<title>Adicam MAX+ Trolley\/Film Cart\/Magliner - CineSouk - For rent<\/title>\n<meta name=\"description\" content=\"Streamline your on-set operations with the Adicam MAX+ Trolley\/Film Cart. Robust, spacious, and designed for efficiency. CineSouk - Marrakech | Morocco\" \/>\n<meta name=\"robots\" content=\"index, follow, max-snippet:-1, max-image-preview:large, max-video-preview:-1\" \/>\n<link rel=\"canonical\" href=\"https:\/\/www.cinesouk.ma\/fr\/produit\/adicam-max-trolley-film-cart\/\" \/>\n<meta property=\"og:locale\" content=\"fr_FR\" \/>\n<meta property=\"og:type\" content=\"article\" \/>\n<meta property=\"og:title\" content=\"Adicam Max+\" \/>\n<meta property=\"og:description\" content=\"The Adicam Max+ is a premium-grade mobile camera cart designed for professional photographers and videographers.\" \/>\n<meta property=\"og:url\" content=\"https:\/\/www.cinesouk.ma\/fr\/produit\/adicam-max-trolley-film-cart\/\" \/>\n<meta property=\"og:site_name\" content=\"CineSouk\" \/>\n<meta property=\"article:modified_time\" content=\"2026-01-24T14:14:24+00:00\" \/>\n<meta property=\"og:image\" content=\"https:\/\/www.cinesouk.ma\/wp-content\/uploads\/2024\/07\/adicam_filmcart_max_2.jpg.jpg\" \/>\n\t<meta property=\"og:image:width\" content=\"300\" \/>\n\t<meta property=\"og:image:height\" content=\"200\" \/>\n\t<meta property=\"og:image:type\" content=\"image\/jpeg\" \/>\n<meta name=\"twitter:card\" content=\"summary_large_image\" \/>\n<meta name=\"twitter:title\" content=\"Adicam Max+\" \/>\n<meta name=\"twitter:description\" content=\"The Adicam Max+ is a premium-grade mobile camera cart designed for professional photographers and videographers.\" \/>\n<meta name=\"twitter:label1\" content=\"Dur\u00e9e de lecture estim\u00e9e\" \/>\n\t<meta name=\"twitter:data1\" content=\"1 minute\" \/>\n<script type=\"application\/ld+json\" class=\"yoast-schema-graph\">{\"@context\":\"https:\/\/schema.org\",\"@graph\":[{\"@type\":\"WebPage\",\"@id\":\"https:\/\/www.cinesouk.ma\/product\/adicam-max-trolley-film-cart\/\",\"url\":\"https:\/\/www.cinesouk.ma\/product\/adicam-max-trolley-film-cart\/\",\"name\":\"Adicam MAX+ Trolley\/Film Cart\/Magliner - CineSouk - For rent\",\"isPartOf\":{\"@id\":\"https:\/\/www.cinesouk.ma\/#website\"},\"primaryImageOfPage\":{\"@id\":\"https:\/\/www.cinesouk.ma\/product\/adicam-max-trolley-film-cart\/#primaryimage\"},\"image\":{\"@id\":\"https:\/\/www.cinesouk.ma\/product\/adicam-max-trolley-film-cart\/#primaryimage\"},\"thumbnailUrl\":\"https:\/\/www.cinesouk.ma\/wp-content\/uploads\/2024\/07\/adic333.jpg\",\"datePublished\":\"2024-08-30T15:00:16+00:00\",\"dateModified\":\"2026-01-24T14:14:24+00:00\",\"description\":\"Streamline your on-set operations with the Adicam MAX+ Trolley\/Film Cart. Robust, spacious, and designed for efficiency. CineSouk - Marrakech | Morocco\",\"breadcrumb\":{\"@id\":\"https:\/\/www.cinesouk.ma\/product\/adicam-max-trolley-film-cart\/#breadcrumb\"},\"inLanguage\":\"fr-FR\",\"potentialAction\":[{\"@type\":\"ReadAction\",\"target\":[\"https:\/\/www.cinesouk.ma\/product\/adicam-max-trolley-film-cart\/\"]}]},{\"@type\":\"ImageObject\",\"inLanguage\":\"fr-FR\",\"@id\":\"https:\/\/www.cinesouk.ma\/product\/adicam-max-trolley-film-cart\/#primaryimage\",\"url\":\"https:\/\/www.cinesouk.ma\/wp-content\/uploads\/2024\/07\/adic333.jpg\",\"contentUrl\":\"https:\/\/www.cinesouk.ma\/wp-content\/uploads\/2024\/07\/adic333.jpg\",\"width\":300,\"height\":238,\"caption\":\"Adicam MAX+ Trolley\/Film Cart\"},{\"@type\":\"BreadcrumbList\",\"@id\":\"https:\/\/www.cinesouk.ma\/product\/adicam-max-trolley-film-cart\/#breadcrumb\",\"itemListElement\":[{\"@type\":\"ListItem\",\"position\":1,\"name\":\"Home\",\"item\":\"https:\/\/www.cinesouk.ma\/\"},{\"@type\":\"ListItem\",\"position\":2,\"name\":\"Shop\",\"item\":\"https:\/\/www.cinesouk.ma\/shop\/\"},{\"@type\":\"ListItem\",\"position\":3,\"name\":\"Adicam MAX+ Trolley\/Film Cart\/Magliner\"}]},{\"@type\":\"WebSite\",\"@id\":\"https:\/\/www.cinesouk.ma\/#website\",\"url\":\"https:\/\/www.cinesouk.ma\/\",\"name\":\"CineSouk\",\"description\":\"\",\"publisher\":{\"@id\":\"https:\/\/www.cinesouk.ma\/#organization\"},\"potentialAction\":[{\"@type\":\"SearchAction\",\"target\":{\"@type\":\"EntryPoint\",\"urlTemplate\":\"https:\/\/www.cinesouk.ma\/?s={search_term_string}\"},\"query-input\":{\"@type\":\"PropertyValueSpecification\",\"valueRequired\":true,\"valueName\":\"search_term_string\"}}],\"inLanguage\":\"fr-FR\"},{\"@type\":\"Organization\",\"@id\":\"https:\/\/www.cinesouk.ma\/#organization\",\"name\":\"CineSouk\",\"url\":\"https:\/\/www.cinesouk.ma\/\",\"logo\":{\"@type\":\"ImageObject\",\"inLanguage\":\"fr-FR\",\"@id\":\"https:\/\/www.cinesouk.ma\/#\/schema\/logo\/image\/\",\"url\":\"https:\/\/www.cinesouk.ma\/wp-content\/uploads\/2024\/01\/CineSouk-logo-v01-alpha-alligned-left.png\",\"contentUrl\":\"https:\/\/www.cinesouk.ma\/wp-content\/uploads\/2024\/01\/CineSouk-logo-v01-alpha-alligned-left.png\",\"width\":3204,\"height\":889,\"caption\":\"CineSouk\"},\"image\":{\"@id\":\"https:\/\/www.cinesouk.ma\/#\/schema\/logo\/image\/\"}}]}<\/script>\n<!-- \/ Yoast SEO Premium plugin. -->","yoast_head_json":{"title":"Adicam MAX+ Trolley\/Film Cart\/Magliner - CineSouk - For rent","description":"Streamline your on-set operations with the Adicam MAX+ Trolley\/Film Cart. Robust, spacious, and designed for efficiency. CineSouk - Marrakech | Morocco","robots":{"index":"index","follow":"follow","max-snippet":"max-snippet:-1","max-image-preview":"max-image-preview:large","max-video-preview":"max-video-preview:-1"},"canonical":"https:\/\/www.cinesouk.ma\/fr\/produit\/adicam-max-trolley-film-cart\/","og_locale":"fr_FR","og_type":"article","og_title":"Adicam Max+","og_description":"The Adicam Max+ is a premium-grade mobile camera cart designed for professional photographers and videographers.","og_url":"https:\/\/www.cinesouk.ma\/fr\/produit\/adicam-max-trolley-film-cart\/","og_site_name":"CineSouk","article_modified_time":"2026-01-24T14:14:24+00:00","og_image":[{"width":300,"height":200,"url":"https:\/\/www.cinesouk.ma\/wp-content\/uploads\/2024\/07\/adicam_filmcart_max_2.jpg.jpg","type":"image\/jpeg"}],"twitter_card":"summary_large_image","twitter_title":"Adicam Max+","twitter_description":"The Adicam Max+ is a premium-grade mobile camera cart designed for professional photographers and videographers.","twitter_misc":{"Dur\u00e9e de lecture estim\u00e9e":"1 minute"},"schema":{"@context":"https:\/\/schema.org","@graph":[{"@type":"WebPage","@id":"https:\/\/www.cinesouk.ma\/product\/adicam-max-trolley-film-cart\/","url":"https:\/\/www.cinesouk.ma\/product\/adicam-max-trolley-film-cart\/","name":"Adicam MAX+ Trolley\/Film Cart\/Magliner - CineSouk - For rent","isPartOf":{"@id":"https:\/\/www.cinesouk.ma\/#website"},"primaryImageOfPage":{"@id":"https:\/\/www.cinesouk.ma\/product\/adicam-max-trolley-film-cart\/#primaryimage"},"image":{"@id":"https:\/\/www.cinesouk.ma\/product\/adicam-max-trolley-film-cart\/#primaryimage"},"thumbnailUrl":"https:\/\/www.cinesouk.ma\/wp-content\/uploads\/2024\/07\/adic333.jpg","datePublished":"2024-08-30T15:00:16+00:00","dateModified":"2026-01-24T14:14:24+00:00","description":"Streamline your on-set operations with the Adicam MAX+ Trolley\/Film Cart. Robust, spacious, and designed for efficiency. CineSouk - Marrakech | Morocco","breadcrumb":{"@id":"https:\/\/www.cinesouk.ma\/product\/adicam-max-trolley-film-cart\/#breadcrumb"},"inLanguage":"fr-FR","potentialAction":[{"@type":"ReadAction","target":["https:\/\/www.cinesouk.ma\/product\/adicam-max-trolley-film-cart\/"]}]},{"@type":"ImageObject","inLanguage":"fr-FR","@id":"https:\/\/www.cinesouk.ma\/product\/adicam-max-trolley-film-cart\/#primaryimage","url":"https:\/\/www.cinesouk.ma\/wp-content\/uploads\/2024\/07\/adic333.jpg","contentUrl":"https:\/\/www.cinesouk.ma\/wp-content\/uploads\/2024\/07\/adic333.jpg","width":300,"height":238,"caption":"Adicam MAX+ Trolley\/Film Cart"},{"@type":"BreadcrumbList","@id":"https:\/\/www.cinesouk.ma\/product\/adicam-max-trolley-film-cart\/#breadcrumb","itemListElement":[{"@type":"ListItem","position":1,"name":"Home","item":"https:\/\/www.cinesouk.ma\/"},{"@type":"ListItem","position":2,"name":"Shop","item":"https:\/\/www.cinesouk.ma\/shop\/"},{"@type":"ListItem","position":3,"name":"Adicam MAX+ Trolley\/Film Cart\/Magliner"}]},{"@type":"WebSite","@id":"https:\/\/www.cinesouk.ma\/#website","url":"https:\/\/www.cinesouk.ma\/","name":"CineSouk","description":"","publisher":{"@id":"https:\/\/www.cinesouk.ma\/#organization"},"potentialAction":[{"@type":"SearchAction","target":{"@type":"EntryPoint","urlTemplate":"https:\/\/www.cinesouk.ma\/?s={search_term_string}"},"query-input":{"@type":"PropertyValueSpecification","valueRequired":true,"valueName":"search_term_string"}}],"inLanguage":"fr-FR"},{"@type":"Organization","@id":"https:\/\/www.cinesouk.ma\/#organization","name":"CineSouk","url":"https:\/\/www.cinesouk.ma\/","logo":{"@type":"ImageObject","inLanguage":"fr-FR","@id":"https:\/\/www.cinesouk.ma\/#\/schema\/logo\/image\/","url":"https:\/\/www.cinesouk.ma\/wp-content\/uploads\/2024\/01\/CineSouk-logo-v01-alpha-alligned-left.png","contentUrl":"https:\/\/www.cinesouk.ma\/wp-content\/uploads\/2024\/01\/CineSouk-logo-v01-alpha-alligned-left.png","width":3204,"height":889,"caption":"CineSouk"},"image":{"@id":"https:\/\/www.cinesouk.ma\/#\/schema\/logo\/image\/"}}]}},"_links":{"self":[{"href":"https:\/\/www.cinesouk.ma\/fr\/wp-json\/wp\/v2\/product\/7180","targetHints":{"allow":["GET"]}}],"collection":[{"href":"https:\/\/www.cinesouk.ma\/fr\/wp-json\/wp\/v2\/product"}],"about":[{"href":"https:\/\/www.cinesouk.ma\/fr\/wp-json\/wp\/v2\/types\/product"}],"wp:featuredmedia":[{"embeddable":true,"href":"https:\/\/www.cinesouk.ma\/fr\/wp-json\/wp\/v2\/media\/7585"}],"wp:attachment":[{"href":"https:\/\/www.cinesouk.ma\/fr\/wp-json\/wp\/v2\/media?parent=7180"}],"wp:term":[{"taxonomy":"product_brand","embeddable":true,"href":"https:\/\/www.cinesouk.ma\/fr\/wp-json\/wp\/v2\/product_brand?post=7180"},{"taxonomy":"product_cat","embeddable":true,"href":"https:\/\/www.cinesouk.ma\/fr\/wp-json\/wp\/v2\/product_cat?post=7180"},{"taxonomy":"product_tag","embeddable":true,"href":"https:\/\/www.cinesouk.ma\/fr\/wp-json\/wp\/v2\/product_tag?post=7180"}],"curies":[{"name":"wp","href":"https:\/\/api.w.org\/{rel}","templated":true}]}}