{"id":7230,"date":"2024-12-02T13:56:52","date_gmt":"2024-12-02T13:56:52","guid":{"rendered":"https:\/\/www.cinesouk.ma\/?post_type=product&#038;p=7230"},"modified":"2026-03-27T15:30:30","modified_gmt":"2026-03-27T15:30:30","slug":"canon-ef-70-200mm-f-2-8l-is-usm","status":"publish","type":"product","link":"https:\/\/www.cinesouk.ma\/fr\/produit\/canon-ef-70-200mm-f-2-8l-is-usm\/","title":{"rendered":"Canon EF 70-200mm F\/2.8L IS USM Lens"},"content":{"rendered":"<p>Le Canon EF 70-200 mm f\/2,8L IS USM est dot\u00e9 d'une optique avanc\u00e9e et d'une construction robuste, offrant des images nettes et contrast\u00e9es avec une distorsion minimale. Son ouverture rapide et ses capacit\u00e9s de stabilisation d'image en font un choix id\u00e9al pour les professionnels qui ont besoin d'un objectif fiable pour des conditions de prise de vue vari\u00e9es, des environnements \u00e0 faible luminosit\u00e9 aux sc\u00e8nes d'action rapides.<\/p>\n<h3>Caract\u00e9ristiques du Canon EF 70-200mm f\/2.8L IS USM :<\/h3>\n<ul>\n<li><strong>Optique de qualit\u00e9 professionnelle<\/strong>: Offre des images nettes et contrast\u00e9es avec une distorsion minimale sur l'ensemble de la plage de zoom.<\/li>\n<li><strong>Ouverture rapide f\/2.8<\/strong>: Offre d'excellentes performances en basse lumi\u00e8re et un magnifique flou d'arri\u00e8re-plan, parfait pour les portraits et les photos d'action.<\/li>\n<li><strong>Stabilisation de l'image (IS)<\/strong>: R\u00e9duit le boug\u00e9 de l'appareil, ce qui permet d'obtenir des images nettes m\u00eame dans des conditions de faible luminosit\u00e9 ou \u00e0 des vitesses d'obturation plus lentes.<\/li>\n<li><strong>Moteur ultrasonique (USM)<\/strong>: Assure un autofocus rapide et silencieux, id\u00e9al pour la photographie et l'enregistrement vid\u00e9o.<\/li>\n<li><strong>Construction durable<\/strong>: Con\u00e7ue pour r\u00e9sister \u00e0 une utilisation rigoureuse, la conception \u00e9tanche prot\u00e8ge de la poussi\u00e8re et de l'humidit\u00e9.<\/li>\n<li><strong>Utilisation polyvalente<\/strong>: Convient \u00e0 une vari\u00e9t\u00e9 d'applications, y compris la photographie de sport, d'animaux sauvages, de portraits et d'\u00e9v\u00e9nements.<\/li>\n<\/ul>\n<p>Louez-le maintenant \u00e0 <a href=\"https:\/\/www.cinesouk.ma\/fr\">CINESOUK<\/a> - une marque de <a href=\"https:\/\/www.broadway.ma\/\">BROADWAY PRODUCTIONS SARL.<\/a><\/p>\n<p>&nbsp;<\/p>","protected":false},"excerpt":{"rendered":"<h3>Sp\u00e9cifications<\/h3>\n<ul>\n<li><strong>Longueur focale<\/strong>: 70-200mm<\/li>\n<li><strong>Ouverture maximale<\/strong>: f\/2.8<\/li>\n<li><strong>Construction de l'objectif<\/strong>23 \u00e9l\u00e9ments r\u00e9partis en 19 groupes<\/li>\n<li><strong>Stabilisation de l'image<\/strong>: Oui<\/li>\n<li><strong>Moteur autofocus<\/strong>: Moteur ultrasonique (USM)<\/li>\n<li><strong>Taille du filtre<\/strong>: 77mm<\/li>\n<li><strong>Poids<\/strong>: 1,490g<\/li>\n<li><strong>Utilisation<\/strong>: Convient \u00e0 la photographie de sport, d'animaux sauvages, de portraits et d'\u00e9v\u00e9nements<\/li>\n<\/ul>","protected":false},"featured_media":8549,"template":"","meta":{"om_disable_all_campaigns":false,"_monsterinsights_skip_tracking":false,"_monsterinsights_sitenote_active":false,"_monsterinsights_sitenote_note":"","_monsterinsights_sitenote_category":0,"_uf_show_specific_survey":0,"_uf_disable_surveys":false},"product_brand":[],"product_cat":[36],"product_tag":[78],"class_list":{"0":"post-7230","1":"product","2":"type-product","3":"status-publish","4":"has-post-thumbnail","6":"product_cat-lenses-cinesouk","7":"product_tag-coming-soon","9":"entry","10":"has-media","12":"first","13":"instock","14":"taxable","15":"shipping-taxable","16":"purchasable","17":"product-type-variable","18":"has-product-nav","19":"col","20":"span_1_of_3","21":"owp-content-center","22":"owp-thumbs-layout-horizontal","23":"owp-btn-normal","24":"owp-tabs-layout-horizontal","25":"has-no-thumbnails"},"yoast_head":"<!-- This site is optimized with the Yoast SEO Premium plugin v26.0 (Yoast SEO v26.0) - https:\/\/yoast.com\/wordpress\/plugins\/seo\/ -->\n<title>Canon EF 70-200mm F\/2.8L IS USM Lens - CineSouk - For rent<\/title>\n<meta name=\"description\" content=\"Elevate your photography with the Canon EF 70-200mm f\/2.8L IS USM. Ideal for capturing high-quality images in various scenarios.\" \/>\n<meta name=\"robots\" content=\"index, follow, max-snippet:-1, max-image-preview:large, max-video-preview:-1\" \/>\n<link rel=\"canonical\" href=\"https:\/\/www.cinesouk.ma\/fr\/produit\/canon-ef-70-200mm-f-2-8l-is-usm\/\" \/>\n<meta property=\"og:locale\" content=\"fr_FR\" \/>\n<meta property=\"og:type\" content=\"article\" \/>\n<meta property=\"og:title\" content=\"Canon EF 70-200mm F\/2.8L IS USM Lens\" \/>\n<meta property=\"og:description\" content=\"Elevate your photography with the Canon EF 70-200mm f\/2.8L IS USM. Ideal for capturing high-quality images in various scenarios.\" \/>\n<meta property=\"og:url\" content=\"https:\/\/www.cinesouk.ma\/fr\/produit\/canon-ef-70-200mm-f-2-8l-is-usm\/\" \/>\n<meta property=\"og:site_name\" content=\"CineSouk\" \/>\n<meta property=\"article:modified_time\" content=\"2026-03-27T15:30:30+00:00\" \/>\n<meta property=\"og:image\" content=\"https:\/\/www.cinesouk.ma\/wp-content\/uploads\/2024\/07\/ff.jpg\" \/>\n\t<meta property=\"og:image:width\" content=\"300\" \/>\n\t<meta property=\"og:image:height\" content=\"238\" \/>\n\t<meta property=\"og:image:type\" content=\"image\/jpeg\" \/>\n<meta name=\"twitter:card\" content=\"summary_large_image\" \/>\n<meta name=\"twitter:description\" content=\"Elevate your photography with the Canon EF 70-200mm f\/2.8L IS USM. Ideal for capturing high-quality images in various scenarios.\" \/>\n<meta name=\"twitter:label1\" content=\"Dur\u00e9e de lecture estim\u00e9e\" \/>\n\t<meta name=\"twitter:data1\" content=\"1 minute\" \/>\n<script type=\"application\/ld+json\" class=\"yoast-schema-graph\">{\"@context\":\"https:\/\/schema.org\",\"@graph\":[{\"@type\":\"WebPage\",\"@id\":\"https:\/\/www.cinesouk.ma\/product\/canon-ef-70-200mm-f-2-8l-is-usm\/\",\"url\":\"https:\/\/www.cinesouk.ma\/product\/canon-ef-70-200mm-f-2-8l-is-usm\/\",\"name\":\"Canon EF 70-200mm F\/2.8L IS USM Lens - CineSouk - For rent\",\"isPartOf\":{\"@id\":\"https:\/\/www.cinesouk.ma\/#website\"},\"primaryImageOfPage\":{\"@id\":\"https:\/\/www.cinesouk.ma\/product\/canon-ef-70-200mm-f-2-8l-is-usm\/#primaryimage\"},\"image\":{\"@id\":\"https:\/\/www.cinesouk.ma\/product\/canon-ef-70-200mm-f-2-8l-is-usm\/#primaryimage\"},\"thumbnailUrl\":\"https:\/\/www.cinesouk.ma\/wp-content\/uploads\/2024\/07\/ff.jpg\",\"datePublished\":\"2024-12-02T13:56:52+00:00\",\"dateModified\":\"2026-03-27T15:30:30+00:00\",\"description\":\"Elevate your photography with the Canon EF 70-200mm f\/2.8L IS USM. Ideal for capturing high-quality images in various scenarios.\",\"breadcrumb\":{\"@id\":\"https:\/\/www.cinesouk.ma\/product\/canon-ef-70-200mm-f-2-8l-is-usm\/#breadcrumb\"},\"inLanguage\":\"fr-FR\",\"potentialAction\":[{\"@type\":\"ReadAction\",\"target\":[\"https:\/\/www.cinesouk.ma\/product\/canon-ef-70-200mm-f-2-8l-is-usm\/\"]}]},{\"@type\":\"ImageObject\",\"inLanguage\":\"fr-FR\",\"@id\":\"https:\/\/www.cinesouk.ma\/product\/canon-ef-70-200mm-f-2-8l-is-usm\/#primaryimage\",\"url\":\"https:\/\/www.cinesouk.ma\/wp-content\/uploads\/2024\/07\/ff.jpg\",\"contentUrl\":\"https:\/\/www.cinesouk.ma\/wp-content\/uploads\/2024\/07\/ff.jpg\",\"width\":300,\"height\":238},{\"@type\":\"BreadcrumbList\",\"@id\":\"https:\/\/www.cinesouk.ma\/product\/canon-ef-70-200mm-f-2-8l-is-usm\/#breadcrumb\",\"itemListElement\":[{\"@type\":\"ListItem\",\"position\":1,\"name\":\"Home\",\"item\":\"https:\/\/www.cinesouk.ma\/\"},{\"@type\":\"ListItem\",\"position\":2,\"name\":\"Shop\",\"item\":\"https:\/\/www.cinesouk.ma\/shop\/\"},{\"@type\":\"ListItem\",\"position\":3,\"name\":\"Canon EF 70-200mm F\/2.8L IS USM Lens\"}]},{\"@type\":\"WebSite\",\"@id\":\"https:\/\/www.cinesouk.ma\/#website\",\"url\":\"https:\/\/www.cinesouk.ma\/\",\"name\":\"CineSouk\",\"description\":\"\",\"publisher\":{\"@id\":\"https:\/\/www.cinesouk.ma\/#organization\"},\"potentialAction\":[{\"@type\":\"SearchAction\",\"target\":{\"@type\":\"EntryPoint\",\"urlTemplate\":\"https:\/\/www.cinesouk.ma\/?s={search_term_string}\"},\"query-input\":{\"@type\":\"PropertyValueSpecification\",\"valueRequired\":true,\"valueName\":\"search_term_string\"}}],\"inLanguage\":\"fr-FR\"},{\"@type\":\"Organization\",\"@id\":\"https:\/\/www.cinesouk.ma\/#organization\",\"name\":\"CineSouk\",\"url\":\"https:\/\/www.cinesouk.ma\/\",\"logo\":{\"@type\":\"ImageObject\",\"inLanguage\":\"fr-FR\",\"@id\":\"https:\/\/www.cinesouk.ma\/#\/schema\/logo\/image\/\",\"url\":\"https:\/\/www.cinesouk.ma\/wp-content\/uploads\/2024\/01\/CineSouk-logo-v01-alpha-alligned-left.png\",\"contentUrl\":\"https:\/\/www.cinesouk.ma\/wp-content\/uploads\/2024\/01\/CineSouk-logo-v01-alpha-alligned-left.png\",\"width\":3204,\"height\":889,\"caption\":\"CineSouk\"},\"image\":{\"@id\":\"https:\/\/www.cinesouk.ma\/#\/schema\/logo\/image\/\"}}]}<\/script>\n<!-- \/ Yoast SEO Premium plugin. -->","yoast_head_json":{"title":"Canon EF 70-200mm F\/2.8L IS USM Lens - CineSouk - For rent","description":"Elevate your photography with the Canon EF 70-200mm f\/2.8L IS USM. Ideal for capturing high-quality images in various scenarios.","robots":{"index":"index","follow":"follow","max-snippet":"max-snippet:-1","max-image-preview":"max-image-preview:large","max-video-preview":"max-video-preview:-1"},"canonical":"https:\/\/www.cinesouk.ma\/fr\/produit\/canon-ef-70-200mm-f-2-8l-is-usm\/","og_locale":"fr_FR","og_type":"article","og_title":"Canon EF 70-200mm F\/2.8L IS USM Lens","og_description":"Elevate your photography with the Canon EF 70-200mm f\/2.8L IS USM. Ideal for capturing high-quality images in various scenarios.","og_url":"https:\/\/www.cinesouk.ma\/fr\/produit\/canon-ef-70-200mm-f-2-8l-is-usm\/","og_site_name":"CineSouk","article_modified_time":"2026-03-27T15:30:30+00:00","og_image":[{"width":300,"height":238,"url":"https:\/\/www.cinesouk.ma\/wp-content\/uploads\/2024\/07\/ff.jpg","type":"image\/jpeg"}],"twitter_card":"summary_large_image","twitter_description":"Elevate your photography with the Canon EF 70-200mm f\/2.8L IS USM. Ideal for capturing high-quality images in various scenarios.","twitter_misc":{"Dur\u00e9e de lecture estim\u00e9e":"1 minute"},"schema":{"@context":"https:\/\/schema.org","@graph":[{"@type":"WebPage","@id":"https:\/\/www.cinesouk.ma\/product\/canon-ef-70-200mm-f-2-8l-is-usm\/","url":"https:\/\/www.cinesouk.ma\/product\/canon-ef-70-200mm-f-2-8l-is-usm\/","name":"Canon EF 70-200mm F\/2.8L IS USM Lens - CineSouk - For rent","isPartOf":{"@id":"https:\/\/www.cinesouk.ma\/#website"},"primaryImageOfPage":{"@id":"https:\/\/www.cinesouk.ma\/product\/canon-ef-70-200mm-f-2-8l-is-usm\/#primaryimage"},"image":{"@id":"https:\/\/www.cinesouk.ma\/product\/canon-ef-70-200mm-f-2-8l-is-usm\/#primaryimage"},"thumbnailUrl":"https:\/\/www.cinesouk.ma\/wp-content\/uploads\/2024\/07\/ff.jpg","datePublished":"2024-12-02T13:56:52+00:00","dateModified":"2026-03-27T15:30:30+00:00","description":"Elevate your photography with the Canon EF 70-200mm f\/2.8L IS USM. Ideal for capturing high-quality images in various scenarios.","breadcrumb":{"@id":"https:\/\/www.cinesouk.ma\/product\/canon-ef-70-200mm-f-2-8l-is-usm\/#breadcrumb"},"inLanguage":"fr-FR","potentialAction":[{"@type":"ReadAction","target":["https:\/\/www.cinesouk.ma\/product\/canon-ef-70-200mm-f-2-8l-is-usm\/"]}]},{"@type":"ImageObject","inLanguage":"fr-FR","@id":"https:\/\/www.cinesouk.ma\/product\/canon-ef-70-200mm-f-2-8l-is-usm\/#primaryimage","url":"https:\/\/www.cinesouk.ma\/wp-content\/uploads\/2024\/07\/ff.jpg","contentUrl":"https:\/\/www.cinesouk.ma\/wp-content\/uploads\/2024\/07\/ff.jpg","width":300,"height":238},{"@type":"BreadcrumbList","@id":"https:\/\/www.cinesouk.ma\/product\/canon-ef-70-200mm-f-2-8l-is-usm\/#breadcrumb","itemListElement":[{"@type":"ListItem","position":1,"name":"Home","item":"https:\/\/www.cinesouk.ma\/"},{"@type":"ListItem","position":2,"name":"Shop","item":"https:\/\/www.cinesouk.ma\/shop\/"},{"@type":"ListItem","position":3,"name":"Canon EF 70-200mm F\/2.8L IS USM Lens"}]},{"@type":"WebSite","@id":"https:\/\/www.cinesouk.ma\/#website","url":"https:\/\/www.cinesouk.ma\/","name":"CineSouk","description":"","publisher":{"@id":"https:\/\/www.cinesouk.ma\/#organization"},"potentialAction":[{"@type":"SearchAction","target":{"@type":"EntryPoint","urlTemplate":"https:\/\/www.cinesouk.ma\/?s={search_term_string}"},"query-input":{"@type":"PropertyValueSpecification","valueRequired":true,"valueName":"search_term_string"}}],"inLanguage":"fr-FR"},{"@type":"Organization","@id":"https:\/\/www.cinesouk.ma\/#organization","name":"CineSouk","url":"https:\/\/www.cinesouk.ma\/","logo":{"@type":"ImageObject","inLanguage":"fr-FR","@id":"https:\/\/www.cinesouk.ma\/#\/schema\/logo\/image\/","url":"https:\/\/www.cinesouk.ma\/wp-content\/uploads\/2024\/01\/CineSouk-logo-v01-alpha-alligned-left.png","contentUrl":"https:\/\/www.cinesouk.ma\/wp-content\/uploads\/2024\/01\/CineSouk-logo-v01-alpha-alligned-left.png","width":3204,"height":889,"caption":"CineSouk"},"image":{"@id":"https:\/\/www.cinesouk.ma\/#\/schema\/logo\/image\/"}}]}},"_links":{"self":[{"href":"https:\/\/www.cinesouk.ma\/fr\/wp-json\/wp\/v2\/product\/7230","targetHints":{"allow":["GET"]}}],"collection":[{"href":"https:\/\/www.cinesouk.ma\/fr\/wp-json\/wp\/v2\/product"}],"about":[{"href":"https:\/\/www.cinesouk.ma\/fr\/wp-json\/wp\/v2\/types\/product"}],"wp:featuredmedia":[{"embeddable":true,"href":"https:\/\/www.cinesouk.ma\/fr\/wp-json\/wp\/v2\/media\/8549"}],"wp:attachment":[{"href":"https:\/\/www.cinesouk.ma\/fr\/wp-json\/wp\/v2\/media?parent=7230"}],"wp:term":[{"taxonomy":"product_brand","embeddable":true,"href":"https:\/\/www.cinesouk.ma\/fr\/wp-json\/wp\/v2\/product_brand?post=7230"},{"taxonomy":"product_cat","embeddable":true,"href":"https:\/\/www.cinesouk.ma\/fr\/wp-json\/wp\/v2\/product_cat?post=7230"},{"taxonomy":"product_tag","embeddable":true,"href":"https:\/\/www.cinesouk.ma\/fr\/wp-json\/wp\/v2\/product_tag?post=7230"}],"curies":[{"name":"wp","href":"https:\/\/api.w.org\/{rel}","templated":true}]}}