{"id":7242,"date":"2024-07-24T14:20:07","date_gmt":"2024-07-24T14:20:07","guid":{"rendered":"https:\/\/www.cinesouk.ma\/?post_type=product&#038;p=7242"},"modified":"2025-05-16T09:06:28","modified_gmt":"2025-05-16T09:06:28","slug":"paper-background-roll-photo-grey-sbp25","status":"publish","type":"product","link":"https:\/\/www.cinesouk.ma\/fr\/produit\/paper-background-roll-photo-grey-sbp25\/","title":{"rendered":"Rouleau de papier de fond photo gris - SBP25"},"content":{"rendered":"<div class=\"flex max-w-full flex-col flex-grow\">\n<div class=\"min-h-[20px] text-message flex w-full flex-col items-end gap-2 whitespace-normal break-words [.text-message+&amp;]:mt-5\" dir=\"auto\" data-message-author-role=\"assistant\" data-message-id=\"2853f6a3-34e4-48cf-9f6f-535f9bfd5b44\">\n<div class=\"flex w-full flex-col gap-1 empty:hidden first:pt-[3px]\">\n<div class=\"markdown prose w-full break-words dark:prose-invert light\">\n<p>En plus de nos services de location de mat\u00e9riel, nous proposons une s\u00e9lection compl\u00e8te de consommables \u00e0 la vente. L'un de nos produits phares est le rouleau d'arri\u00e8re-plan papier SBP25 en gris, un outil essentiel pour les projets professionnels de photographie ou de vid\u00e9ographie. C'est le choix id\u00e9al pour les d\u00e9butants comme pour les professionnels exp\u00e9riment\u00e9s, car il garantit des arri\u00e8re-plans de haute qualit\u00e9 qui rehaussent votre travail cr\u00e9atif.<\/p>\n<p>Explorez notre section de consommables, qui pr\u00e9sente une vari\u00e9t\u00e9 de produits con\u00e7us pour r\u00e9pondre aux exigences de vos tournages. Parmi eux, le rouleau d'arri\u00e8re-plan en papier SBP25 gris se distingue par sa finition impeccable exceptionnelle et sa remarquable durabilit\u00e9. Ce rouleau d'arri\u00e8re-plan est parfait pour cr\u00e9er des arri\u00e8re-plans nets et sans couture, ce qui le rend indispensable pour diverses activit\u00e9s cr\u00e9atives.<\/p>\n<h3>Caract\u00e9ristiques<\/h3>\n<p><strong>Qualit\u00e9 professionnelle :<\/strong><br \/>\nFournit une surface grise lisse et uniforme, id\u00e9ale pour obtenir des arri\u00e8re-plans polis et de haute qualit\u00e9 pour les photos et les vid\u00e9os.<\/p>\n<p><strong>Grande taille :<\/strong><br \/>\nMesurant 2,72 m\u00e8tres de large et 11 m\u00e8tres de long, il offre une couverture \u00e9tendue, id\u00e9ale pour les portraits, les photos de corps entiers et les photos de groupe.<\/p>\n<p><strong>Lisse Mat\u00e9riau du papier :<\/strong><br \/>\nCon\u00e7u pour minimiser les plis et les ombres, il garantit une toile de fond impeccable et professionnelle, am\u00e9liorant ainsi la qualit\u00e9 et l'apparence g\u00e9n\u00e9rales de votre tournage.<\/p>\n<p>Si vous avez besoin de consommables de haute performance, le rouleau de papier de fond gris SBP25 offre une polyvalence et une performance fiable pour am\u00e9liorer vos projets.<\/p>\n<\/div>\n<\/div>\n<\/div>\n<\/div>\n<p>Maintenant \u00e0 <a href=\"https:\/\/www.cinesouk.ma\/fr\">CINESOUK<\/a> - une marque de <a href=\"https:\/\/www.broadway.ma\/\">BROADWAY PRODUCTIONS SARL.<\/a><\/p>","protected":false},"excerpt":{"rendered":"<p>Sp\u00e9cifications :<\/p>\n<p><strong>Dimensions<\/strong>: 2,72\u00d711 m\u00e8tres<\/p>\n<p><strong>Couleur<\/strong>: Gris<\/p>\n<p><strong>Mat\u00e9riau<\/strong>: Papier lisse de haute qualit\u00e9<\/p>\n<p><strong>Poids<\/strong>: L\u00e9ger pour la portabilit\u00e9<\/p>\n<p><strong>Conception<\/strong>: Installation rapide, construction durable<\/p>\n<p><strong>Utilisation<\/strong>: Convient pour la photographie, la vid\u00e9ographie, les prises de vue en studio, les s\u00e9ances de portrait, etc.<\/p>","protected":false},"featured_media":7300,"template":"","meta":{"om_disable_all_campaigns":false,"_monsterinsights_skip_tracking":false,"_monsterinsights_sitenote_active":false,"_monsterinsights_sitenote_note":"","_monsterinsights_sitenote_category":0,"_uf_show_specific_survey":0,"_uf_disable_surveys":false},"product_brand":[],"product_cat":[60],"product_tag":[],"class_list":{"0":"post-7242","1":"product","2":"type-product","3":"status-publish","4":"has-post-thumbnail","6":"product_cat-consumables-cinesouk","8":"entry","9":"has-media","11":"first","12":"instock","13":"taxable","14":"shipping-taxable","15":"purchasable","16":"product-type-simple","17":"has-product-nav","18":"col","19":"span_1_of_3","20":"owp-content-center","21":"owp-thumbs-layout-horizontal","22":"owp-btn-normal","23":"owp-tabs-layout-horizontal"},"yoast_head":"<!-- This site is optimized with the Yoast SEO Premium plugin v26.0 (Yoast SEO v26.0) - https:\/\/yoast.com\/wordpress\/plugins\/seo\/ -->\n<title>SBP25 Paper Background - CineSouk - For rent<\/title>\n<meta name=\"description\" content=\"Discover the SBP25 Paper Background Roll in Grey and other essential consumables at CINESOUK. Perfect for professional production setups.\" \/>\n<meta name=\"robots\" content=\"index, follow, max-snippet:-1, max-image-preview:large, max-video-preview:-1\" \/>\n<link rel=\"canonical\" href=\"https:\/\/www.cinesouk.ma\/fr\/produit\/paper-background-roll-photo-grey-sbp25\/\" \/>\n<meta property=\"og:locale\" content=\"fr_FR\" \/>\n<meta property=\"og:type\" content=\"article\" \/>\n<meta property=\"og:title\" content=\"Paper Background Roll Photo Grey - SBP25\" \/>\n<meta property=\"og:description\" content=\"Discover the SBP25 Paper Background Roll in Grey and other essential consumables at CINESOUK. Perfect for professional production setups.\" \/>\n<meta property=\"og:url\" content=\"https:\/\/www.cinesouk.ma\/fr\/produit\/paper-background-roll-photo-grey-sbp25\/\" \/>\n<meta property=\"og:site_name\" content=\"CineSouk\" \/>\n<meta property=\"article:modified_time\" content=\"2025-05-16T09:06:28+00:00\" \/>\n<meta property=\"og:image\" content=\"https:\/\/www.cinesouk.ma\/wp-content\/uploads\/2024\/07\/SBP25-Paper-Background-Roll-Photo-Grey-1.jpg\" \/>\n\t<meta property=\"og:image:width\" content=\"300\" \/>\n\t<meta property=\"og:image:height\" content=\"238\" \/>\n\t<meta property=\"og:image:type\" content=\"image\/jpeg\" \/>\n<meta name=\"twitter:card\" content=\"summary_large_image\" \/>\n<meta name=\"twitter:title\" content=\"JVC DT-V17L2D\" \/>\n<meta name=\"twitter:description\" content=\"The JVC DT-V17L2D features a high-resolution LCD panel with advanced signal processing optimized HDTV display.\" \/>\n<meta name=\"twitter:label1\" content=\"Dur\u00e9e de lecture estim\u00e9e\" \/>\n\t<meta name=\"twitter:data1\" content=\"2 minutes\" \/>\n<script type=\"application\/ld+json\" class=\"yoast-schema-graph\">{\"@context\":\"https:\/\/schema.org\",\"@graph\":[{\"@type\":\"WebPage\",\"@id\":\"https:\/\/www.cinesouk.ma\/product\/paper-background-roll-photo-grey-sbp25\/\",\"url\":\"https:\/\/www.cinesouk.ma\/product\/paper-background-roll-photo-grey-sbp25\/\",\"name\":\"SBP25 Paper Background - CineSouk - For rent\",\"isPartOf\":{\"@id\":\"https:\/\/www.cinesouk.ma\/#website\"},\"primaryImageOfPage\":{\"@id\":\"https:\/\/www.cinesouk.ma\/product\/paper-background-roll-photo-grey-sbp25\/#primaryimage\"},\"image\":{\"@id\":\"https:\/\/www.cinesouk.ma\/product\/paper-background-roll-photo-grey-sbp25\/#primaryimage\"},\"thumbnailUrl\":\"https:\/\/www.cinesouk.ma\/wp-content\/uploads\/2024\/07\/SBP25-Paper-Background-Roll-Photo-Grey-1.jpg\",\"datePublished\":\"2024-07-24T14:20:07+00:00\",\"dateModified\":\"2025-05-16T09:06:28+00:00\",\"description\":\"Discover the SBP25 Paper Background Roll in Grey and other essential consumables at CINESOUK. Perfect for professional production setups.\",\"breadcrumb\":{\"@id\":\"https:\/\/www.cinesouk.ma\/product\/paper-background-roll-photo-grey-sbp25\/#breadcrumb\"},\"inLanguage\":\"fr-FR\",\"potentialAction\":[{\"@type\":\"ReadAction\",\"target\":[\"https:\/\/www.cinesouk.ma\/product\/paper-background-roll-photo-grey-sbp25\/\"]}]},{\"@type\":\"ImageObject\",\"inLanguage\":\"fr-FR\",\"@id\":\"https:\/\/www.cinesouk.ma\/product\/paper-background-roll-photo-grey-sbp25\/#primaryimage\",\"url\":\"https:\/\/www.cinesouk.ma\/wp-content\/uploads\/2024\/07\/SBP25-Paper-Background-Roll-Photo-Grey-1.jpg\",\"contentUrl\":\"https:\/\/www.cinesouk.ma\/wp-content\/uploads\/2024\/07\/SBP25-Paper-Background-Roll-Photo-Grey-1.jpg\",\"width\":300,\"height\":238,\"caption\":\"SBP25 Paper Background Roll Photo Grey - Professional photography backdrop for seamless, high-quality grey backgrounds. Available at Cinesouk, Marrakech.\"},{\"@type\":\"BreadcrumbList\",\"@id\":\"https:\/\/www.cinesouk.ma\/product\/paper-background-roll-photo-grey-sbp25\/#breadcrumb\",\"itemListElement\":[{\"@type\":\"ListItem\",\"position\":1,\"name\":\"Home\",\"item\":\"https:\/\/www.cinesouk.ma\/\"},{\"@type\":\"ListItem\",\"position\":2,\"name\":\"Shop\",\"item\":\"https:\/\/www.cinesouk.ma\/shop\/\"},{\"@type\":\"ListItem\",\"position\":3,\"name\":\"Paper Background Roll Photo Grey &#8211; SBP25\"}]},{\"@type\":\"WebSite\",\"@id\":\"https:\/\/www.cinesouk.ma\/#website\",\"url\":\"https:\/\/www.cinesouk.ma\/\",\"name\":\"CineSouk\",\"description\":\"\",\"publisher\":{\"@id\":\"https:\/\/www.cinesouk.ma\/#organization\"},\"potentialAction\":[{\"@type\":\"SearchAction\",\"target\":{\"@type\":\"EntryPoint\",\"urlTemplate\":\"https:\/\/www.cinesouk.ma\/?s={search_term_string}\"},\"query-input\":{\"@type\":\"PropertyValueSpecification\",\"valueRequired\":true,\"valueName\":\"search_term_string\"}}],\"inLanguage\":\"fr-FR\"},{\"@type\":\"Organization\",\"@id\":\"https:\/\/www.cinesouk.ma\/#organization\",\"name\":\"CineSouk\",\"url\":\"https:\/\/www.cinesouk.ma\/\",\"logo\":{\"@type\":\"ImageObject\",\"inLanguage\":\"fr-FR\",\"@id\":\"https:\/\/www.cinesouk.ma\/#\/schema\/logo\/image\/\",\"url\":\"https:\/\/www.cinesouk.ma\/wp-content\/uploads\/2024\/01\/CineSouk-logo-v01-alpha-alligned-left.png\",\"contentUrl\":\"https:\/\/www.cinesouk.ma\/wp-content\/uploads\/2024\/01\/CineSouk-logo-v01-alpha-alligned-left.png\",\"width\":3204,\"height\":889,\"caption\":\"CineSouk\"},\"image\":{\"@id\":\"https:\/\/www.cinesouk.ma\/#\/schema\/logo\/image\/\"}}]}<\/script>\n<!-- \/ Yoast SEO Premium plugin. -->","yoast_head_json":{"title":"SBP25 Paper Background - CineSouk - For rent","description":"Discover the SBP25 Paper Background Roll in Grey and other essential consumables at CINESOUK. Perfect for professional production setups.","robots":{"index":"index","follow":"follow","max-snippet":"max-snippet:-1","max-image-preview":"max-image-preview:large","max-video-preview":"max-video-preview:-1"},"canonical":"https:\/\/www.cinesouk.ma\/fr\/produit\/paper-background-roll-photo-grey-sbp25\/","og_locale":"fr_FR","og_type":"article","og_title":"Paper Background Roll Photo Grey - SBP25","og_description":"Discover the SBP25 Paper Background Roll in Grey and other essential consumables at CINESOUK. Perfect for professional production setups.","og_url":"https:\/\/www.cinesouk.ma\/fr\/produit\/paper-background-roll-photo-grey-sbp25\/","og_site_name":"CineSouk","article_modified_time":"2025-05-16T09:06:28+00:00","og_image":[{"width":300,"height":238,"url":"https:\/\/www.cinesouk.ma\/wp-content\/uploads\/2024\/07\/SBP25-Paper-Background-Roll-Photo-Grey-1.jpg","type":"image\/jpeg"}],"twitter_card":"summary_large_image","twitter_title":"JVC DT-V17L2D","twitter_description":"The JVC DT-V17L2D features a high-resolution LCD panel with advanced signal processing optimized HDTV display.","twitter_misc":{"Dur\u00e9e de lecture estim\u00e9e":"2 minutes"},"schema":{"@context":"https:\/\/schema.org","@graph":[{"@type":"WebPage","@id":"https:\/\/www.cinesouk.ma\/product\/paper-background-roll-photo-grey-sbp25\/","url":"https:\/\/www.cinesouk.ma\/product\/paper-background-roll-photo-grey-sbp25\/","name":"SBP25 Paper Background - CineSouk - For rent","isPartOf":{"@id":"https:\/\/www.cinesouk.ma\/#website"},"primaryImageOfPage":{"@id":"https:\/\/www.cinesouk.ma\/product\/paper-background-roll-photo-grey-sbp25\/#primaryimage"},"image":{"@id":"https:\/\/www.cinesouk.ma\/product\/paper-background-roll-photo-grey-sbp25\/#primaryimage"},"thumbnailUrl":"https:\/\/www.cinesouk.ma\/wp-content\/uploads\/2024\/07\/SBP25-Paper-Background-Roll-Photo-Grey-1.jpg","datePublished":"2024-07-24T14:20:07+00:00","dateModified":"2025-05-16T09:06:28+00:00","description":"Discover the SBP25 Paper Background Roll in Grey and other essential consumables at CINESOUK. Perfect for professional production setups.","breadcrumb":{"@id":"https:\/\/www.cinesouk.ma\/product\/paper-background-roll-photo-grey-sbp25\/#breadcrumb"},"inLanguage":"fr-FR","potentialAction":[{"@type":"ReadAction","target":["https:\/\/www.cinesouk.ma\/product\/paper-background-roll-photo-grey-sbp25\/"]}]},{"@type":"ImageObject","inLanguage":"fr-FR","@id":"https:\/\/www.cinesouk.ma\/product\/paper-background-roll-photo-grey-sbp25\/#primaryimage","url":"https:\/\/www.cinesouk.ma\/wp-content\/uploads\/2024\/07\/SBP25-Paper-Background-Roll-Photo-Grey-1.jpg","contentUrl":"https:\/\/www.cinesouk.ma\/wp-content\/uploads\/2024\/07\/SBP25-Paper-Background-Roll-Photo-Grey-1.jpg","width":300,"height":238,"caption":"SBP25 Paper Background Roll Photo Grey - Professional photography backdrop for seamless, high-quality grey backgrounds. Available at Cinesouk, Marrakech."},{"@type":"BreadcrumbList","@id":"https:\/\/www.cinesouk.ma\/product\/paper-background-roll-photo-grey-sbp25\/#breadcrumb","itemListElement":[{"@type":"ListItem","position":1,"name":"Home","item":"https:\/\/www.cinesouk.ma\/"},{"@type":"ListItem","position":2,"name":"Shop","item":"https:\/\/www.cinesouk.ma\/shop\/"},{"@type":"ListItem","position":3,"name":"Paper Background Roll Photo Grey &#8211; SBP25"}]},{"@type":"WebSite","@id":"https:\/\/www.cinesouk.ma\/#website","url":"https:\/\/www.cinesouk.ma\/","name":"CineSouk","description":"","publisher":{"@id":"https:\/\/www.cinesouk.ma\/#organization"},"potentialAction":[{"@type":"SearchAction","target":{"@type":"EntryPoint","urlTemplate":"https:\/\/www.cinesouk.ma\/?s={search_term_string}"},"query-input":{"@type":"PropertyValueSpecification","valueRequired":true,"valueName":"search_term_string"}}],"inLanguage":"fr-FR"},{"@type":"Organization","@id":"https:\/\/www.cinesouk.ma\/#organization","name":"CineSouk","url":"https:\/\/www.cinesouk.ma\/","logo":{"@type":"ImageObject","inLanguage":"fr-FR","@id":"https:\/\/www.cinesouk.ma\/#\/schema\/logo\/image\/","url":"https:\/\/www.cinesouk.ma\/wp-content\/uploads\/2024\/01\/CineSouk-logo-v01-alpha-alligned-left.png","contentUrl":"https:\/\/www.cinesouk.ma\/wp-content\/uploads\/2024\/01\/CineSouk-logo-v01-alpha-alligned-left.png","width":3204,"height":889,"caption":"CineSouk"},"image":{"@id":"https:\/\/www.cinesouk.ma\/#\/schema\/logo\/image\/"}}]}},"_links":{"self":[{"href":"https:\/\/www.cinesouk.ma\/fr\/wp-json\/wp\/v2\/product\/7242","targetHints":{"allow":["GET"]}}],"collection":[{"href":"https:\/\/www.cinesouk.ma\/fr\/wp-json\/wp\/v2\/product"}],"about":[{"href":"https:\/\/www.cinesouk.ma\/fr\/wp-json\/wp\/v2\/types\/product"}],"wp:featuredmedia":[{"embeddable":true,"href":"https:\/\/www.cinesouk.ma\/fr\/wp-json\/wp\/v2\/media\/7300"}],"wp:attachment":[{"href":"https:\/\/www.cinesouk.ma\/fr\/wp-json\/wp\/v2\/media?parent=7242"}],"wp:term":[{"taxonomy":"product_brand","embeddable":true,"href":"https:\/\/www.cinesouk.ma\/fr\/wp-json\/wp\/v2\/product_brand?post=7242"},{"taxonomy":"product_cat","embeddable":true,"href":"https:\/\/www.cinesouk.ma\/fr\/wp-json\/wp\/v2\/product_cat?post=7242"},{"taxonomy":"product_tag","embeddable":true,"href":"https:\/\/www.cinesouk.ma\/fr\/wp-json\/wp\/v2\/product_tag?post=7242"}],"curies":[{"name":"wp","href":"https:\/\/api.w.org\/{rel}","templated":true}]}}