{"id":7252,"date":"2024-07-25T13:21:36","date_gmt":"2024-07-25T13:21:36","guid":{"rendered":"https:\/\/www.cinesouk.ma\/?post_type=product&#038;p=7252"},"modified":"2025-08-26T15:24:24","modified_gmt":"2025-08-26T15:24:24","slug":"angelbird-av-pro-cfexpress-se-type-b-512gb","status":"publish","type":"product","link":"https:\/\/www.cinesouk.ma\/fr\/produit\/angelbird-av-pro-cfexpress-se-type-b-512gb\/","title":{"rendered":"Angelbird AV PRO CFexpress SE Type B 512GB"},"content":{"rendered":"<p>La carte Angelbird AV PRO CFexpress SE Type B 512GB est essentielle pour capturer du contenu de haute qualit\u00e9 dans les productions professionnelles. Ses vitesses de lecture et d'\u00e9criture rapides garantissent un transfert de donn\u00e9es efficace et un temps d'arr\u00eat minimal, tandis que sa grande capacit\u00e9 de stockage permet d'accueillir des sessions de tournage \u00e9tendues. Id\u00e9ale pour la photographie haute r\u00e9solution, l'enregistrement vid\u00e9o 4K et 8K et d'autres applications gourmandes en donn\u00e9es, cette carte m\u00e9moire am\u00e9liore la qualit\u00e9 et la fiabilit\u00e9 de la production.<\/p>\n<h4>Caract\u00e9ristiques de la carte Angelbird AV PRO CFexpress SE Type B 512GB :<\/h4>\n<ul>\n<li><strong>Une vitesse digne d'un professionnel<\/strong>: Des vitesses de lecture exceptionnelles allant jusqu'\u00e0 1700 Mo\/s et des vitesses d'\u00e9criture allant jusqu'\u00e0 1500 Mo\/s, garantissant un transfert de donn\u00e9es rapide et un flux de travail fluide.<\/li>\n<li><strong>Grande capacit\u00e9 de stockage<\/strong>: Offre 512 Go de stockage, ce qui permet de disposer de suffisamment d'espace pour les photos haute r\u00e9solution, les vid\u00e9os 4K et 8K et d'autres fichiers volumineux.<\/li>\n<li><strong>Construction durable<\/strong>: Construit pour r\u00e9sister \u00e0 des conditions extr\u00eames, y compris les fluctuations de temp\u00e9rature, les chocs, les vibrations et les rayons X.<\/li>\n<li><strong>Des performances fiables<\/strong>: Con\u00e7u pour un enregistrement continu et ininterrompu, il est parfait pour une utilisation professionnelle dans des environnements exigeants.<\/li>\n<li><strong>Compatible<\/strong>: Enti\u00e8rement compatible avec une large gamme d'appareils photo et de dispositifs prenant en charge les cartes m\u00e9moire CFexpress de type B.<\/li>\n<\/ul>\n<p>Louez-le maintenant \u00e0 <a href=\"https:\/\/www.cinesouk.ma\/fr\">CINESOUK<\/a> - une marque de <a href=\"https:\/\/www.broadway.ma\/\">BROADWAY PRODUCTIONS SARL.<\/a><\/p>\n<p>&nbsp;<\/p>","protected":false},"excerpt":{"rendered":"<p>Sp\u00e9cifications :<\/p>\n<ul>\n<li><strong>Capacit\u00e9 de stockage<\/strong>: 512GB<\/li>\n<li><strong>Vitesse de lecture<\/strong>: Jusqu'\u00e0 1700 Mo\/s<\/li>\n<li><strong>Vitesse d'\u00e9criture<\/strong>: Jusqu'\u00e0 1500 Mo\/s<\/li>\n<li><strong>Facteur de forme<\/strong>: CFexpress Type B<\/li>\n<li><strong>Durabilit\u00e9<\/strong>: R\u00e9sistance aux chocs, \u00e0 la temp\u00e9rature, aux vibrations et aux rayons X<\/li>\n<li><strong>Compatibilit\u00e9<\/strong>: Compatible avec une large gamme d'appareils photo et de dispositifs prenant en charge CFexpress Type B<\/li>\n<\/ul>","protected":false},"featured_media":7291,"template":"","meta":{"om_disable_all_campaigns":false,"_monsterinsights_skip_tracking":false,"_monsterinsights_sitenote_active":false,"_monsterinsights_sitenote_note":"","_monsterinsights_sitenote_category":0,"_uf_show_specific_survey":0,"_uf_disable_surveys":false},"product_brand":[],"product_cat":[60],"product_tag":[],"class_list":{"0":"post-7252","1":"product","2":"type-product","3":"status-publish","4":"has-post-thumbnail","6":"product_cat-consumables-cinesouk","8":"entry","9":"has-media","11":"first","12":"instock","13":"taxable","14":"shipping-taxable","15":"purchasable","16":"product-type-simple","17":"has-product-nav","18":"col","19":"span_1_of_3","20":"owp-content-center","21":"owp-thumbs-layout-horizontal","22":"owp-btn-normal","23":"owp-tabs-layout-horizontal","24":"has-no-thumbnails"},"yoast_head":"<!-- This site is optimized with the Yoast SEO Premium plugin v26.0 (Yoast SEO v26.0) - https:\/\/yoast.com\/wordpress\/plugins\/seo\/ -->\n<title>Angelbird AV PRO CFexpress SE Type B 512GB - CineSouk<\/title>\n<meta name=\"description\" content=\"Elevate your production quality with the Angelbird AV PRO CFexpress SE Type B 512GB. Fast, reliable, and perfect for high-resolution photos and 4K\/8K videos\" \/>\n<meta name=\"robots\" content=\"index, follow, max-snippet:-1, max-image-preview:large, max-video-preview:-1\" \/>\n<link rel=\"canonical\" href=\"https:\/\/www.cinesouk.ma\/fr\/produit\/angelbird-av-pro-cfexpress-se-type-b-512gb\/\" \/>\n<meta property=\"og:locale\" content=\"fr_FR\" \/>\n<meta property=\"og:type\" content=\"article\" \/>\n<meta property=\"og:title\" content=\"Angelbird AV PRO CFexpress SE Type B 512GB\" \/>\n<meta property=\"og:description\" content=\"Elevate your production quality with the Angelbird AV PRO CFexpress SE Type B 512GB. Fast, reliable, and perfect for high-resolution photos and 4K\/8K videos.\" \/>\n<meta property=\"og:url\" content=\"https:\/\/www.cinesouk.ma\/fr\/produit\/angelbird-av-pro-cfexpress-se-type-b-512gb\/\" \/>\n<meta property=\"og:site_name\" content=\"CineSouk\" \/>\n<meta property=\"article:modified_time\" content=\"2025-08-26T15:24:24+00:00\" \/>\n<meta property=\"og:image\" content=\"https:\/\/www.cinesouk.ma\/wp-content\/uploads\/2024\/07\/Angelbird-AV-PRO-CFexpress-SE-Type-B-512GB_.jpg\" \/>\n\t<meta property=\"og:image:width\" content=\"300\" \/>\n\t<meta property=\"og:image:height\" content=\"238\" \/>\n\t<meta property=\"og:image:type\" content=\"image\/jpeg\" \/>\n<meta name=\"twitter:card\" content=\"summary_large_image\" \/>\n<meta name=\"twitter:description\" content=\"Elevate your production quality with the Angelbird AV PRO CFexpress SE Type B 512GB. Fast, reliable, and perfect for high-resolution photos and 4K\/8K videos\" \/>\n<meta name=\"twitter:label1\" content=\"Dur\u00e9e de lecture estim\u00e9e\" \/>\n\t<meta name=\"twitter:data1\" content=\"1 minute\" \/>\n<script type=\"application\/ld+json\" class=\"yoast-schema-graph\">{\"@context\":\"https:\/\/schema.org\",\"@graph\":[{\"@type\":\"WebPage\",\"@id\":\"https:\/\/www.cinesouk.ma\/product\/angelbird-av-pro-cfexpress-se-type-b-512gb\/\",\"url\":\"https:\/\/www.cinesouk.ma\/product\/angelbird-av-pro-cfexpress-se-type-b-512gb\/\",\"name\":\"Angelbird AV PRO CFexpress SE Type B 512GB - CineSouk\",\"isPartOf\":{\"@id\":\"https:\/\/www.cinesouk.ma\/#website\"},\"primaryImageOfPage\":{\"@id\":\"https:\/\/www.cinesouk.ma\/product\/angelbird-av-pro-cfexpress-se-type-b-512gb\/#primaryimage\"},\"image\":{\"@id\":\"https:\/\/www.cinesouk.ma\/product\/angelbird-av-pro-cfexpress-se-type-b-512gb\/#primaryimage\"},\"thumbnailUrl\":\"https:\/\/www.cinesouk.ma\/wp-content\/uploads\/2024\/07\/Angelbird-AV-PRO-CFexpress-SE-Type-B-512GB_.jpg\",\"datePublished\":\"2024-07-25T13:21:36+00:00\",\"dateModified\":\"2025-08-26T15:24:24+00:00\",\"description\":\"Elevate your production quality with the Angelbird AV PRO CFexpress SE Type B 512GB. Fast, reliable, and perfect for high-resolution photos and 4K\/8K videos\",\"breadcrumb\":{\"@id\":\"https:\/\/www.cinesouk.ma\/product\/angelbird-av-pro-cfexpress-se-type-b-512gb\/#breadcrumb\"},\"inLanguage\":\"fr-FR\",\"potentialAction\":[{\"@type\":\"ReadAction\",\"target\":[\"https:\/\/www.cinesouk.ma\/product\/angelbird-av-pro-cfexpress-se-type-b-512gb\/\"]}]},{\"@type\":\"ImageObject\",\"inLanguage\":\"fr-FR\",\"@id\":\"https:\/\/www.cinesouk.ma\/product\/angelbird-av-pro-cfexpress-se-type-b-512gb\/#primaryimage\",\"url\":\"https:\/\/www.cinesouk.ma\/wp-content\/uploads\/2024\/07\/Angelbird-AV-PRO-CFexpress-SE-Type-B-512GB_.jpg\",\"contentUrl\":\"https:\/\/www.cinesouk.ma\/wp-content\/uploads\/2024\/07\/Angelbird-AV-PRO-CFexpress-SE-Type-B-512GB_.jpg\",\"width\":300,\"height\":238,\"caption\":\"SanDisk SDXC Extreme Pro 512GB - Professional memory card for high-resolution photos and 4K videos. Available at Cinesouk, Marrakech.\"},{\"@type\":\"BreadcrumbList\",\"@id\":\"https:\/\/www.cinesouk.ma\/product\/angelbird-av-pro-cfexpress-se-type-b-512gb\/#breadcrumb\",\"itemListElement\":[{\"@type\":\"ListItem\",\"position\":1,\"name\":\"Home\",\"item\":\"https:\/\/www.cinesouk.ma\/\"},{\"@type\":\"ListItem\",\"position\":2,\"name\":\"Shop\",\"item\":\"https:\/\/www.cinesouk.ma\/shop\/\"},{\"@type\":\"ListItem\",\"position\":3,\"name\":\"Angelbird AV PRO CFexpress SE Type B 512GB\"}]},{\"@type\":\"WebSite\",\"@id\":\"https:\/\/www.cinesouk.ma\/#website\",\"url\":\"https:\/\/www.cinesouk.ma\/\",\"name\":\"CineSouk\",\"description\":\"\",\"publisher\":{\"@id\":\"https:\/\/www.cinesouk.ma\/#organization\"},\"potentialAction\":[{\"@type\":\"SearchAction\",\"target\":{\"@type\":\"EntryPoint\",\"urlTemplate\":\"https:\/\/www.cinesouk.ma\/?s={search_term_string}\"},\"query-input\":{\"@type\":\"PropertyValueSpecification\",\"valueRequired\":true,\"valueName\":\"search_term_string\"}}],\"inLanguage\":\"fr-FR\"},{\"@type\":\"Organization\",\"@id\":\"https:\/\/www.cinesouk.ma\/#organization\",\"name\":\"CineSouk\",\"url\":\"https:\/\/www.cinesouk.ma\/\",\"logo\":{\"@type\":\"ImageObject\",\"inLanguage\":\"fr-FR\",\"@id\":\"https:\/\/www.cinesouk.ma\/#\/schema\/logo\/image\/\",\"url\":\"https:\/\/www.cinesouk.ma\/wp-content\/uploads\/2024\/01\/CineSouk-logo-v01-alpha-alligned-left.png\",\"contentUrl\":\"https:\/\/www.cinesouk.ma\/wp-content\/uploads\/2024\/01\/CineSouk-logo-v01-alpha-alligned-left.png\",\"width\":3204,\"height\":889,\"caption\":\"CineSouk\"},\"image\":{\"@id\":\"https:\/\/www.cinesouk.ma\/#\/schema\/logo\/image\/\"}}]}<\/script>\n<!-- \/ Yoast SEO Premium plugin. -->","yoast_head_json":{"title":"Angelbird AV PRO CFexpress SE Type B 512GB - CineSouk","description":"Elevate your production quality with the Angelbird AV PRO CFexpress SE Type B 512GB. Fast, reliable, and perfect for high-resolution photos and 4K\/8K videos","robots":{"index":"index","follow":"follow","max-snippet":"max-snippet:-1","max-image-preview":"max-image-preview:large","max-video-preview":"max-video-preview:-1"},"canonical":"https:\/\/www.cinesouk.ma\/fr\/produit\/angelbird-av-pro-cfexpress-se-type-b-512gb\/","og_locale":"fr_FR","og_type":"article","og_title":"Angelbird AV PRO CFexpress SE Type B 512GB","og_description":"Elevate your production quality with the Angelbird AV PRO CFexpress SE Type B 512GB. Fast, reliable, and perfect for high-resolution photos and 4K\/8K videos.","og_url":"https:\/\/www.cinesouk.ma\/fr\/produit\/angelbird-av-pro-cfexpress-se-type-b-512gb\/","og_site_name":"CineSouk","article_modified_time":"2025-08-26T15:24:24+00:00","og_image":[{"width":300,"height":238,"url":"https:\/\/www.cinesouk.ma\/wp-content\/uploads\/2024\/07\/Angelbird-AV-PRO-CFexpress-SE-Type-B-512GB_.jpg","type":"image\/jpeg"}],"twitter_card":"summary_large_image","twitter_description":"Elevate your production quality with the Angelbird AV PRO CFexpress SE Type B 512GB. Fast, reliable, and perfect for high-resolution photos and 4K\/8K videos","twitter_misc":{"Dur\u00e9e de lecture estim\u00e9e":"1 minute"},"schema":{"@context":"https:\/\/schema.org","@graph":[{"@type":"WebPage","@id":"https:\/\/www.cinesouk.ma\/product\/angelbird-av-pro-cfexpress-se-type-b-512gb\/","url":"https:\/\/www.cinesouk.ma\/product\/angelbird-av-pro-cfexpress-se-type-b-512gb\/","name":"Angelbird AV PRO CFexpress SE Type B 512GB - CineSouk","isPartOf":{"@id":"https:\/\/www.cinesouk.ma\/#website"},"primaryImageOfPage":{"@id":"https:\/\/www.cinesouk.ma\/product\/angelbird-av-pro-cfexpress-se-type-b-512gb\/#primaryimage"},"image":{"@id":"https:\/\/www.cinesouk.ma\/product\/angelbird-av-pro-cfexpress-se-type-b-512gb\/#primaryimage"},"thumbnailUrl":"https:\/\/www.cinesouk.ma\/wp-content\/uploads\/2024\/07\/Angelbird-AV-PRO-CFexpress-SE-Type-B-512GB_.jpg","datePublished":"2024-07-25T13:21:36+00:00","dateModified":"2025-08-26T15:24:24+00:00","description":"Elevate your production quality with the Angelbird AV PRO CFexpress SE Type B 512GB. Fast, reliable, and perfect for high-resolution photos and 4K\/8K videos","breadcrumb":{"@id":"https:\/\/www.cinesouk.ma\/product\/angelbird-av-pro-cfexpress-se-type-b-512gb\/#breadcrumb"},"inLanguage":"fr-FR","potentialAction":[{"@type":"ReadAction","target":["https:\/\/www.cinesouk.ma\/product\/angelbird-av-pro-cfexpress-se-type-b-512gb\/"]}]},{"@type":"ImageObject","inLanguage":"fr-FR","@id":"https:\/\/www.cinesouk.ma\/product\/angelbird-av-pro-cfexpress-se-type-b-512gb\/#primaryimage","url":"https:\/\/www.cinesouk.ma\/wp-content\/uploads\/2024\/07\/Angelbird-AV-PRO-CFexpress-SE-Type-B-512GB_.jpg","contentUrl":"https:\/\/www.cinesouk.ma\/wp-content\/uploads\/2024\/07\/Angelbird-AV-PRO-CFexpress-SE-Type-B-512GB_.jpg","width":300,"height":238,"caption":"SanDisk SDXC Extreme Pro 512GB - Professional memory card for high-resolution photos and 4K videos. Available at Cinesouk, Marrakech."},{"@type":"BreadcrumbList","@id":"https:\/\/www.cinesouk.ma\/product\/angelbird-av-pro-cfexpress-se-type-b-512gb\/#breadcrumb","itemListElement":[{"@type":"ListItem","position":1,"name":"Home","item":"https:\/\/www.cinesouk.ma\/"},{"@type":"ListItem","position":2,"name":"Shop","item":"https:\/\/www.cinesouk.ma\/shop\/"},{"@type":"ListItem","position":3,"name":"Angelbird AV PRO CFexpress SE Type B 512GB"}]},{"@type":"WebSite","@id":"https:\/\/www.cinesouk.ma\/#website","url":"https:\/\/www.cinesouk.ma\/","name":"CineSouk","description":"","publisher":{"@id":"https:\/\/www.cinesouk.ma\/#organization"},"potentialAction":[{"@type":"SearchAction","target":{"@type":"EntryPoint","urlTemplate":"https:\/\/www.cinesouk.ma\/?s={search_term_string}"},"query-input":{"@type":"PropertyValueSpecification","valueRequired":true,"valueName":"search_term_string"}}],"inLanguage":"fr-FR"},{"@type":"Organization","@id":"https:\/\/www.cinesouk.ma\/#organization","name":"CineSouk","url":"https:\/\/www.cinesouk.ma\/","logo":{"@type":"ImageObject","inLanguage":"fr-FR","@id":"https:\/\/www.cinesouk.ma\/#\/schema\/logo\/image\/","url":"https:\/\/www.cinesouk.ma\/wp-content\/uploads\/2024\/01\/CineSouk-logo-v01-alpha-alligned-left.png","contentUrl":"https:\/\/www.cinesouk.ma\/wp-content\/uploads\/2024\/01\/CineSouk-logo-v01-alpha-alligned-left.png","width":3204,"height":889,"caption":"CineSouk"},"image":{"@id":"https:\/\/www.cinesouk.ma\/#\/schema\/logo\/image\/"}}]}},"_links":{"self":[{"href":"https:\/\/www.cinesouk.ma\/fr\/wp-json\/wp\/v2\/product\/7252","targetHints":{"allow":["GET"]}}],"collection":[{"href":"https:\/\/www.cinesouk.ma\/fr\/wp-json\/wp\/v2\/product"}],"about":[{"href":"https:\/\/www.cinesouk.ma\/fr\/wp-json\/wp\/v2\/types\/product"}],"wp:featuredmedia":[{"embeddable":true,"href":"https:\/\/www.cinesouk.ma\/fr\/wp-json\/wp\/v2\/media\/7291"}],"wp:attachment":[{"href":"https:\/\/www.cinesouk.ma\/fr\/wp-json\/wp\/v2\/media?parent=7252"}],"wp:term":[{"taxonomy":"product_brand","embeddable":true,"href":"https:\/\/www.cinesouk.ma\/fr\/wp-json\/wp\/v2\/product_brand?post=7252"},{"taxonomy":"product_cat","embeddable":true,"href":"https:\/\/www.cinesouk.ma\/fr\/wp-json\/wp\/v2\/product_cat?post=7252"},{"taxonomy":"product_tag","embeddable":true,"href":"https:\/\/www.cinesouk.ma\/fr\/wp-json\/wp\/v2\/product_tag?post=7252"}],"curies":[{"name":"wp","href":"https:\/\/api.w.org\/{rel}","templated":true}]}}