{"id":7267,"date":"2024-07-26T09:48:07","date_gmt":"2024-07-26T09:48:07","guid":{"rendered":"https:\/\/www.cinesouk.ma\/?post_type=product&#038;p=7267"},"modified":"2026-01-28T13:14:14","modified_gmt":"2026-01-28T13:14:14","slug":"sandisk-cfast-extreme-pro-2-0-128-go-525-mo-s","status":"publish","type":"product","link":"https:\/\/www.cinesouk.ma\/fr\/produit\/sandisk-cfast-extreme-pro-2-0-128-go-525-mo-s\/","title":{"rendered":"Sandisk Cfast Extreme Pro 2.0 128 Go 525 Mo\/s"},"content":{"rendered":"<p>Le Sandisk Cfast Extreme Pro 2.0 128 Go 525 Mo\/s est essentiel pour capturer du contenu de haute qualit\u00e9 dans les productions professionnelles. Ses vitesses de lecture et d'\u00e9criture rapides garantissent un transfert de donn\u00e9es efficace et un temps d'arr\u00eat minimal, tandis que sa grande capacit\u00e9 de stockage s'adapte \u00e0 des sessions de tournage \u00e9tendues. Cette carte m\u00e9moire est id\u00e9ale pour la photographie haute r\u00e9solution, l'enregistrement vid\u00e9o 4K et d'autres applications gourmandes en donn\u00e9es. Ainsi, cette carte m\u00e9moire am\u00e9liore la qualit\u00e9 et la fiabilit\u00e9 de la production.<\/p>\n<p>Cette carte m\u00e9moire combine la vitesse, la capacit\u00e9 et les performances requises pour capturer des vid\u00e9os en continu en 4K DCI, avec une r\u00e9solution de 4096 x 2160 et un rapport d'aspect de 17:9. Cette carte est dot\u00e9e d'une prise SATA III de 6 Go\/s. Elle a \u00e9galement une vitesse de lecture maximale de 525 Mo\/s (3500x), une vitesse d'\u00e9criture maximale de 450 Mo (2933x) et une vitesse minimale garantie de 130 Mo\/s. La carte a \u00e9t\u00e9 test\u00e9e \u00e0 des temp\u00e9ratures de -20\u00b0 \u00e0 +70\u00b0 C.<\/p>\n<h4>Caract\u00e9ristiques du Sandisk Cfast Extreme Pro 2.0 128 Go 525 Mo\/s :<\/h4>\n<ul>\n<li><strong>Une vitesse digne d'un professionnel<\/strong>: Offre des vitesses de lecture exceptionnelles allant jusqu'\u00e0 525 Mo\/s et des vitesses d'\u00e9criture allant jusqu'\u00e0 450 Mo\/s, garantissant un transfert de donn\u00e9es rapide et un flux de travail fluide.<\/li>\n<li><strong>Grande capacit\u00e9 de stockage<\/strong>: Offre 128 Go de stockage, ce qui permet de disposer de suffisamment d'espace pour les photos haute r\u00e9solution, les vid\u00e9os 4K et d'autres fichiers volumineux.<\/li>\n<li><strong>Technologie CFast 2.0<\/strong>: Utilise la derni\u00e8re technologie CFast 2.0 pour des performances et une fiabilit\u00e9 sup\u00e9rieures dans les appareils photo et les cam\u00e9scopes de qualit\u00e9 professionnelle.<\/li>\n<li><strong>Construction durable<\/strong>: Construit pour r\u00e9sister \u00e0 des conditions extr\u00eames, y compris les fluctuations de temp\u00e9rature, les chocs et les vibrations.<\/li>\n<li><strong>Des performances fiables<\/strong>: Con\u00e7u pour un enregistrement continu et ininterrompu, il est parfait pour une utilisation professionnelle dans des environnements exigeants.<\/li>\n<li><strong>Compatibilit\u00e9 polyvalente<\/strong>: Compatible avec une large gamme d'appareils photo et de dispositifs prenant en charge les cartes m\u00e9moire CFast 2.0.<\/li>\n<\/ul>\n<p>Louez-le maintenant \u00e0 <a href=\"https:\/\/www.cinesouk.ma\/fr\">CINESOUK<\/a> - une marque de <a href=\"https:\/\/www.broadway.ma\/\">BROADWAY PRODUCTIONS SARL.<\/a><\/p>\n<p>&nbsp;<\/p>","protected":false},"excerpt":{"rendered":"<p>Sp\u00e9cifications :<\/p>\n<ul>\n<li><strong>Capacit\u00e9 de stockage<\/strong>: 128GB<\/li>\n<li><strong>Vitesse de lecture<\/strong>: Jusqu'\u00e0 525 Mo\/s<\/li>\n<li><strong>Vitesse d'\u00e9criture<\/strong>: Jusqu'\u00e0 450 Mo\/s<\/li>\n<li><strong>Facteur de forme<\/strong>: CFast 2.0<\/li>\n<li><strong>Durabilit\u00e9<\/strong>: R\u00e9sistance \u00e0 la temp\u00e9rature, aux chocs et aux vibrations<\/li>\n<li><strong>Compatibilit\u00e9<\/strong>: Compatible avec une large gamme d'appareils photo et de dispositifs prenant en charge CFast 2.0<\/li>\n<\/ul>","protected":false},"featured_media":7285,"template":"","meta":{"om_disable_all_campaigns":false,"_monsterinsights_skip_tracking":false,"_monsterinsights_sitenote_active":false,"_monsterinsights_sitenote_note":"","_monsterinsights_sitenote_category":0,"_uf_show_specific_survey":0,"_uf_disable_surveys":false},"product_brand":[],"product_cat":[60,84],"product_tag":[],"class_list":{"0":"post-7267","1":"product","2":"type-product","3":"status-publish","4":"has-post-thumbnail","6":"product_cat-consumables-cinesouk","7":"product_cat-dit-cinesouk","9":"entry","10":"has-media","12":"first","13":"instock","14":"taxable","15":"shipping-taxable","16":"purchasable","17":"product-type-simple","18":"has-product-nav","19":"col","20":"span_1_of_3","21":"owp-content-center","22":"owp-thumbs-layout-horizontal","23":"owp-btn-normal","24":"owp-tabs-layout-horizontal","25":"has-no-thumbnails"},"yoast_head":"<!-- This site is optimized with the Yoast SEO Premium plugin v26.0 (Yoast SEO v26.0) - https:\/\/yoast.com\/wordpress\/plugins\/seo\/ -->\n<title>Sandisk Cfast Extreme Pro 2.0 128 Go 525 Mo\/s - CineSouk<\/title>\n<meta name=\"description\" content=\"Capture high-resolution content with the SanDisk Extreme Pro CFast 2.0 128GB. Professional-grade speed, high capacity, and durable construction.\" \/>\n<meta name=\"robots\" content=\"index, follow, max-snippet:-1, max-image-preview:large, max-video-preview:-1\" \/>\n<link rel=\"canonical\" href=\"https:\/\/www.cinesouk.ma\/fr\/produit\/sandisk-cfast-extreme-pro-2-0-128-go-525-mo-s\/\" \/>\n<meta property=\"og:locale\" content=\"fr_FR\" \/>\n<meta property=\"og:type\" content=\"article\" \/>\n<meta property=\"og:title\" content=\"Sandisk Cfast Extreme Pro 2.0 128 Go 525 Mo\/s\" \/>\n<meta property=\"og:description\" content=\"Capture high-resolution content with the SanDisk Extreme Pro CFast 2.0 128GB. Professional-grade speed, high capacity, and durable construction.\" \/>\n<meta property=\"og:url\" content=\"https:\/\/www.cinesouk.ma\/fr\/produit\/sandisk-cfast-extreme-pro-2-0-128-go-525-mo-s\/\" \/>\n<meta property=\"og:site_name\" content=\"CineSouk\" \/>\n<meta property=\"article:modified_time\" content=\"2026-01-28T13:14:14+00:00\" \/>\n<meta property=\"og:image\" content=\"https:\/\/www.cinesouk.ma\/wp-content\/uploads\/2024\/07\/Sandisk-Cfast-Extreme-Pro-2.0-128-Go-525-Mos-1.jpg\" \/>\n\t<meta property=\"og:image:width\" content=\"300\" \/>\n\t<meta property=\"og:image:height\" content=\"238\" \/>\n\t<meta property=\"og:image:type\" content=\"image\/jpeg\" \/>\n<meta name=\"twitter:card\" content=\"summary_large_image\" \/>\n<meta name=\"twitter:description\" content=\"Capture high-resolution content with the SanDisk Extreme Pro CFast 2.0 128GB. Professional-grade speed, high capacity, and durable construction.\" \/>\n<meta name=\"twitter:label1\" content=\"Dur\u00e9e de lecture estim\u00e9e\" \/>\n\t<meta name=\"twitter:data1\" content=\"2 minutes\" \/>\n<script type=\"application\/ld+json\" class=\"yoast-schema-graph\">{\"@context\":\"https:\/\/schema.org\",\"@graph\":[{\"@type\":\"WebPage\",\"@id\":\"https:\/\/www.cinesouk.ma\/product\/sandisk-cfast-extreme-pro-2-0-128-go-525-mo-s\/\",\"url\":\"https:\/\/www.cinesouk.ma\/product\/sandisk-cfast-extreme-pro-2-0-128-go-525-mo-s\/\",\"name\":\"Sandisk Cfast Extreme Pro 2.0 128 Go 525 Mo\/s - CineSouk\",\"isPartOf\":{\"@id\":\"https:\/\/www.cinesouk.ma\/#website\"},\"primaryImageOfPage\":{\"@id\":\"https:\/\/www.cinesouk.ma\/product\/sandisk-cfast-extreme-pro-2-0-128-go-525-mo-s\/#primaryimage\"},\"image\":{\"@id\":\"https:\/\/www.cinesouk.ma\/product\/sandisk-cfast-extreme-pro-2-0-128-go-525-mo-s\/#primaryimage\"},\"thumbnailUrl\":\"https:\/\/www.cinesouk.ma\/wp-content\/uploads\/2024\/07\/Sandisk-Cfast-Extreme-Pro-2.0-128-Go-525-Mos-1.jpg\",\"datePublished\":\"2024-07-26T09:48:07+00:00\",\"dateModified\":\"2026-01-28T13:14:14+00:00\",\"description\":\"Capture high-resolution content with the SanDisk Extreme Pro CFast 2.0 128GB. Professional-grade speed, high capacity, and durable construction.\",\"breadcrumb\":{\"@id\":\"https:\/\/www.cinesouk.ma\/product\/sandisk-cfast-extreme-pro-2-0-128-go-525-mo-s\/#breadcrumb\"},\"inLanguage\":\"fr-FR\",\"potentialAction\":[{\"@type\":\"ReadAction\",\"target\":[\"https:\/\/www.cinesouk.ma\/product\/sandisk-cfast-extreme-pro-2-0-128-go-525-mo-s\/\"]}]},{\"@type\":\"ImageObject\",\"inLanguage\":\"fr-FR\",\"@id\":\"https:\/\/www.cinesouk.ma\/product\/sandisk-cfast-extreme-pro-2-0-128-go-525-mo-s\/#primaryimage\",\"url\":\"https:\/\/www.cinesouk.ma\/wp-content\/uploads\/2024\/07\/Sandisk-Cfast-Extreme-Pro-2.0-128-Go-525-Mos-1.jpg\",\"contentUrl\":\"https:\/\/www.cinesouk.ma\/wp-content\/uploads\/2024\/07\/Sandisk-Cfast-Extreme-Pro-2.0-128-Go-525-Mos-1.jpg\",\"width\":300,\"height\":238,\"caption\":\"SanDisk Extreme Pro CFast 2.0 128GB - Professional memory card for high-resolution photos and 4K videos. Available at Cinesouk, Marrakech.\"},{\"@type\":\"BreadcrumbList\",\"@id\":\"https:\/\/www.cinesouk.ma\/product\/sandisk-cfast-extreme-pro-2-0-128-go-525-mo-s\/#breadcrumb\",\"itemListElement\":[{\"@type\":\"ListItem\",\"position\":1,\"name\":\"Home\",\"item\":\"https:\/\/www.cinesouk.ma\/\"},{\"@type\":\"ListItem\",\"position\":2,\"name\":\"Shop\",\"item\":\"https:\/\/www.cinesouk.ma\/shop\/\"},{\"@type\":\"ListItem\",\"position\":3,\"name\":\"Sandisk Cfast Extreme Pro 2.0 128 Go 525 Mo\/s\"}]},{\"@type\":\"WebSite\",\"@id\":\"https:\/\/www.cinesouk.ma\/#website\",\"url\":\"https:\/\/www.cinesouk.ma\/\",\"name\":\"CineSouk\",\"description\":\"\",\"publisher\":{\"@id\":\"https:\/\/www.cinesouk.ma\/#organization\"},\"potentialAction\":[{\"@type\":\"SearchAction\",\"target\":{\"@type\":\"EntryPoint\",\"urlTemplate\":\"https:\/\/www.cinesouk.ma\/?s={search_term_string}\"},\"query-input\":{\"@type\":\"PropertyValueSpecification\",\"valueRequired\":true,\"valueName\":\"search_term_string\"}}],\"inLanguage\":\"fr-FR\"},{\"@type\":\"Organization\",\"@id\":\"https:\/\/www.cinesouk.ma\/#organization\",\"name\":\"CineSouk\",\"url\":\"https:\/\/www.cinesouk.ma\/\",\"logo\":{\"@type\":\"ImageObject\",\"inLanguage\":\"fr-FR\",\"@id\":\"https:\/\/www.cinesouk.ma\/#\/schema\/logo\/image\/\",\"url\":\"https:\/\/www.cinesouk.ma\/wp-content\/uploads\/2024\/01\/CineSouk-logo-v01-alpha-alligned-left.png\",\"contentUrl\":\"https:\/\/www.cinesouk.ma\/wp-content\/uploads\/2024\/01\/CineSouk-logo-v01-alpha-alligned-left.png\",\"width\":3204,\"height\":889,\"caption\":\"CineSouk\"},\"image\":{\"@id\":\"https:\/\/www.cinesouk.ma\/#\/schema\/logo\/image\/\"}}]}<\/script>\n<!-- \/ Yoast SEO Premium plugin. -->","yoast_head_json":{"title":"Sandisk Cfast Extreme Pro 2.0 128 Go 525 Mo\/s - CineSouk","description":"Capture high-resolution content with the SanDisk Extreme Pro CFast 2.0 128GB. Professional-grade speed, high capacity, and durable construction.","robots":{"index":"index","follow":"follow","max-snippet":"max-snippet:-1","max-image-preview":"max-image-preview:large","max-video-preview":"max-video-preview:-1"},"canonical":"https:\/\/www.cinesouk.ma\/fr\/produit\/sandisk-cfast-extreme-pro-2-0-128-go-525-mo-s\/","og_locale":"fr_FR","og_type":"article","og_title":"Sandisk Cfast Extreme Pro 2.0 128 Go 525 Mo\/s","og_description":"Capture high-resolution content with the SanDisk Extreme Pro CFast 2.0 128GB. Professional-grade speed, high capacity, and durable construction.","og_url":"https:\/\/www.cinesouk.ma\/fr\/produit\/sandisk-cfast-extreme-pro-2-0-128-go-525-mo-s\/","og_site_name":"CineSouk","article_modified_time":"2026-01-28T13:14:14+00:00","og_image":[{"width":300,"height":238,"url":"https:\/\/www.cinesouk.ma\/wp-content\/uploads\/2024\/07\/Sandisk-Cfast-Extreme-Pro-2.0-128-Go-525-Mos-1.jpg","type":"image\/jpeg"}],"twitter_card":"summary_large_image","twitter_description":"Capture high-resolution content with the SanDisk Extreme Pro CFast 2.0 128GB. Professional-grade speed, high capacity, and durable construction.","twitter_misc":{"Dur\u00e9e de lecture estim\u00e9e":"2 minutes"},"schema":{"@context":"https:\/\/schema.org","@graph":[{"@type":"WebPage","@id":"https:\/\/www.cinesouk.ma\/product\/sandisk-cfast-extreme-pro-2-0-128-go-525-mo-s\/","url":"https:\/\/www.cinesouk.ma\/product\/sandisk-cfast-extreme-pro-2-0-128-go-525-mo-s\/","name":"Sandisk Cfast Extreme Pro 2.0 128 Go 525 Mo\/s - CineSouk","isPartOf":{"@id":"https:\/\/www.cinesouk.ma\/#website"},"primaryImageOfPage":{"@id":"https:\/\/www.cinesouk.ma\/product\/sandisk-cfast-extreme-pro-2-0-128-go-525-mo-s\/#primaryimage"},"image":{"@id":"https:\/\/www.cinesouk.ma\/product\/sandisk-cfast-extreme-pro-2-0-128-go-525-mo-s\/#primaryimage"},"thumbnailUrl":"https:\/\/www.cinesouk.ma\/wp-content\/uploads\/2024\/07\/Sandisk-Cfast-Extreme-Pro-2.0-128-Go-525-Mos-1.jpg","datePublished":"2024-07-26T09:48:07+00:00","dateModified":"2026-01-28T13:14:14+00:00","description":"Capture high-resolution content with the SanDisk Extreme Pro CFast 2.0 128GB. Professional-grade speed, high capacity, and durable construction.","breadcrumb":{"@id":"https:\/\/www.cinesouk.ma\/product\/sandisk-cfast-extreme-pro-2-0-128-go-525-mo-s\/#breadcrumb"},"inLanguage":"fr-FR","potentialAction":[{"@type":"ReadAction","target":["https:\/\/www.cinesouk.ma\/product\/sandisk-cfast-extreme-pro-2-0-128-go-525-mo-s\/"]}]},{"@type":"ImageObject","inLanguage":"fr-FR","@id":"https:\/\/www.cinesouk.ma\/product\/sandisk-cfast-extreme-pro-2-0-128-go-525-mo-s\/#primaryimage","url":"https:\/\/www.cinesouk.ma\/wp-content\/uploads\/2024\/07\/Sandisk-Cfast-Extreme-Pro-2.0-128-Go-525-Mos-1.jpg","contentUrl":"https:\/\/www.cinesouk.ma\/wp-content\/uploads\/2024\/07\/Sandisk-Cfast-Extreme-Pro-2.0-128-Go-525-Mos-1.jpg","width":300,"height":238,"caption":"SanDisk Extreme Pro CFast 2.0 128GB - Professional memory card for high-resolution photos and 4K videos. Available at Cinesouk, Marrakech."},{"@type":"BreadcrumbList","@id":"https:\/\/www.cinesouk.ma\/product\/sandisk-cfast-extreme-pro-2-0-128-go-525-mo-s\/#breadcrumb","itemListElement":[{"@type":"ListItem","position":1,"name":"Home","item":"https:\/\/www.cinesouk.ma\/"},{"@type":"ListItem","position":2,"name":"Shop","item":"https:\/\/www.cinesouk.ma\/shop\/"},{"@type":"ListItem","position":3,"name":"Sandisk Cfast Extreme Pro 2.0 128 Go 525 Mo\/s"}]},{"@type":"WebSite","@id":"https:\/\/www.cinesouk.ma\/#website","url":"https:\/\/www.cinesouk.ma\/","name":"CineSouk","description":"","publisher":{"@id":"https:\/\/www.cinesouk.ma\/#organization"},"potentialAction":[{"@type":"SearchAction","target":{"@type":"EntryPoint","urlTemplate":"https:\/\/www.cinesouk.ma\/?s={search_term_string}"},"query-input":{"@type":"PropertyValueSpecification","valueRequired":true,"valueName":"search_term_string"}}],"inLanguage":"fr-FR"},{"@type":"Organization","@id":"https:\/\/www.cinesouk.ma\/#organization","name":"CineSouk","url":"https:\/\/www.cinesouk.ma\/","logo":{"@type":"ImageObject","inLanguage":"fr-FR","@id":"https:\/\/www.cinesouk.ma\/#\/schema\/logo\/image\/","url":"https:\/\/www.cinesouk.ma\/wp-content\/uploads\/2024\/01\/CineSouk-logo-v01-alpha-alligned-left.png","contentUrl":"https:\/\/www.cinesouk.ma\/wp-content\/uploads\/2024\/01\/CineSouk-logo-v01-alpha-alligned-left.png","width":3204,"height":889,"caption":"CineSouk"},"image":{"@id":"https:\/\/www.cinesouk.ma\/#\/schema\/logo\/image\/"}}]}},"_links":{"self":[{"href":"https:\/\/www.cinesouk.ma\/fr\/wp-json\/wp\/v2\/product\/7267","targetHints":{"allow":["GET"]}}],"collection":[{"href":"https:\/\/www.cinesouk.ma\/fr\/wp-json\/wp\/v2\/product"}],"about":[{"href":"https:\/\/www.cinesouk.ma\/fr\/wp-json\/wp\/v2\/types\/product"}],"wp:featuredmedia":[{"embeddable":true,"href":"https:\/\/www.cinesouk.ma\/fr\/wp-json\/wp\/v2\/media\/7285"}],"wp:attachment":[{"href":"https:\/\/www.cinesouk.ma\/fr\/wp-json\/wp\/v2\/media?parent=7267"}],"wp:term":[{"taxonomy":"product_brand","embeddable":true,"href":"https:\/\/www.cinesouk.ma\/fr\/wp-json\/wp\/v2\/product_brand?post=7267"},{"taxonomy":"product_cat","embeddable":true,"href":"https:\/\/www.cinesouk.ma\/fr\/wp-json\/wp\/v2\/product_cat?post=7267"},{"taxonomy":"product_tag","embeddable":true,"href":"https:\/\/www.cinesouk.ma\/fr\/wp-json\/wp\/v2\/product_tag?post=7267"}],"curies":[{"name":"wp","href":"https:\/\/api.w.org\/{rel}","templated":true}]}}