{"id":7272,"date":"2024-02-20T16:30:46","date_gmt":"2024-02-20T16:30:46","guid":{"rendered":"https:\/\/www.cinesouk.ma\/?post_type=product&#038;p=7272"},"modified":"2025-08-22T11:01:03","modified_gmt":"2025-08-22T11:01:03","slug":"iworkcase-v3-16-m-digicase-dit-workstation","status":"publish","type":"product","link":"https:\/\/www.cinesouk.ma\/fr\/produit\/iworkcase-v3-16-m-digicase-dit-workstation\/","title":{"rendered":"iWorkCase V3 16 M Station de travail DigiCase DIT"},"content":{"rendered":"<p>L'iWorkCase V3 16 M est une mallette de qualit\u00e9 professionnelle. Con\u00e7ue pour les photographes, vid\u00e9astes et cr\u00e9ateurs de contenu en d\u00e9placement. Si vous avez besoin d'une solution fiable et durable pour g\u00e9rer et transporter votre MacBook Pro et ses accessoires essentiels, cette mallette est faite pour vous. La mallette garantit la protection et l'organisation de votre \u00e9quipement. Cela en fait un outil indispensable pour les environnements de production exigeants.<\/p>\n<p>L'iWorkCase V3 16 M pr\u00e9sente une construction robuste et de haute qualit\u00e9 pour r\u00e9sister aux rigueurs des voyages et des tournages en ext\u00e9rieur. Avec ses compartiments personnalis\u00e9s et sa conception r\u00e9fl\u00e9chie, cette mallette offre un rangement efficace et un acc\u00e8s facile \u00e0 votre MacBook Pro et \u00e0 d'autres outils et accessoires n\u00e9cessaires. Aliment\u00e9e par deux Xtorm Titan Ultra Powerbank 27.000 mAh ainsi que par deux adaptateurs d'alimentation Belkin USB-C Core GaN 100W.<\/p>\n<p><strong>Caract\u00e9ristiques<\/strong><\/p>\n<ul>\n<li><strong>Construction robuste<\/strong>: Construit avec des mat\u00e9riaux de haute qualit\u00e9 qui peuvent r\u00e9sister \u00e0 des conditions difficiles. Votre \u00e9quipement est ainsi bien prot\u00e9g\u00e9.<\/li>\n<li><strong>Compartiments personnalis\u00e9s<\/strong>: Sp\u00e9cialement con\u00e7u pour accueillir un MacBook Pro, avec des compartiments suppl\u00e9mentaires pour les c\u00e2bles, les disques durs et d'autres accessoires essentiels.<\/li>\n<li><strong>Une organisation efficace<\/strong>: Permet de ranger votre mat\u00e9riel et de le rendre facilement accessible, ce qui r\u00e9duit le temps d'installation et augmente l'efficacit\u00e9 pendant les tournages.<\/li>\n<li><strong>Stockage s\u00e9curis\u00e9<\/strong>: Les serrures s\u00e9curis\u00e9es et les bords renforc\u00e9s prot\u00e8gent votre \u00e9quipement contre les dommages et le vol.<\/li>\n<li><strong>Portabilit\u00e9<\/strong>: L\u00e9ger et facile \u00e0 transporter, il est id\u00e9al pour les professionnels en d\u00e9placement qui ont besoin de transporter leur mat\u00e9riel en toute s\u00e9curit\u00e9.<\/li>\n<li><strong>R\u00e9sistant aux intemp\u00e9ries<\/strong>: Con\u00e7u pour prot\u00e9ger votre \u00e9quipement des \u00e9l\u00e9ments, tels que la pluie, la poussi\u00e8re et les temp\u00e9ratures extr\u00eames.<\/li>\n<\/ul>\n<p>Louez-le maintenant sur <a href=\"https:\/\/www.cinesouk.ma\/fr\">CINESOUK<\/a> - une marque de <a href=\"https:\/\/www.broadway.ma\/\">BROADWAY PRODUCTIONS SARL.<\/a><\/p>","protected":false},"excerpt":{"rendered":"<p>Sp\u00e9cifications :<\/p>\n<ul>\n<li><strong>Compatibilit\u00e9<\/strong>: MacBook Pro 16\u2033 (en anglais)<\/li>\n<li><strong>Mat\u00e9riau<\/strong>: Construction robuste de haute qualit\u00e9<\/li>\n<li><strong>Stockage<\/strong>: Compartiments personnalis\u00e9s pour MacBook Pro 16\u2033, c\u00e2bles, disques durs et accessoires<\/li>\n<li><strong>S\u00e9curit\u00e9<\/strong>: Serrures s\u00e9curis\u00e9es et bords renforc\u00e9s<\/li>\n<li><strong>R\u00e9sistance aux intemp\u00e9ries<\/strong>: Prot\u00e8ge contre la pluie, la poussi\u00e8re et les temp\u00e9ratures extr\u00eames<\/li>\n<li><strong>Portabilit\u00e9<\/strong>: L\u00e9ger et facile \u00e0 transporter<\/li>\n<\/ul>","protected":false},"featured_media":10794,"template":"","meta":{"om_disable_all_campaigns":false,"_monsterinsights_skip_tracking":false,"_monsterinsights_sitenote_active":false,"_monsterinsights_sitenote_note":"","_monsterinsights_sitenote_category":0,"_uf_show_specific_survey":0,"_uf_disable_surveys":false},"product_brand":[],"product_cat":[77,84,79],"product_tag":[],"class_list":{"0":"post-7272","1":"product","2":"type-product","3":"status-publish","4":"has-post-thumbnail","6":"product_cat-computers-cinesouk","7":"product_cat-dit-cinesouk","8":"product_cat-photography-cinesouk","10":"entry","11":"has-media","13":"first","14":"instock","15":"taxable","16":"shipping-taxable","17":"purchasable","18":"product-type-variable","19":"has-product-nav","20":"col","21":"span_1_of_3","22":"owp-content-center","23":"owp-thumbs-layout-horizontal","24":"owp-btn-normal","25":"owp-tabs-layout-horizontal","26":"has-no-thumbnails"},"yoast_head":"<!-- This site is optimized with the Yoast SEO Premium plugin v26.0 (Yoast SEO v26.0) - https:\/\/yoast.com\/wordpress\/plugins\/seo\/ -->\n<title>iWorkCase V3 16 M DigiCase DIT workstation - CineSouk - For rent<\/title>\n<meta name=\"description\" content=\"Protect and organize your MacBook Pro and accessories with the iWorkCase V3 16 M. Rugged, efficient, and perfect for on-the-go professionals.\" \/>\n<meta name=\"robots\" content=\"index, follow, max-snippet:-1, max-image-preview:large, max-video-preview:-1\" \/>\n<link rel=\"canonical\" href=\"https:\/\/www.cinesouk.ma\/fr\/produit\/iworkcase-v3-16-m-digicase-dit-workstation\/\" \/>\n<meta property=\"og:locale\" content=\"fr_FR\" \/>\n<meta property=\"og:type\" content=\"article\" \/>\n<meta property=\"og:title\" content=\"iWorkCase V3 16 M DigiCase DIT workstation\" \/>\n<meta property=\"og:description\" content=\"The iWorkCase V3 16 M features a rugged, high-quality build designed to withstand the rigors of travel and outdoor shooting.\" \/>\n<meta property=\"og:url\" content=\"https:\/\/www.cinesouk.ma\/fr\/produit\/iworkcase-v3-16-m-digicase-dit-workstation\/\" \/>\n<meta property=\"og:site_name\" content=\"CineSouk\" \/>\n<meta property=\"article:modified_time\" content=\"2025-08-22T11:01:03+00:00\" \/>\n<meta property=\"og:image\" content=\"https:\/\/www.cinesouk.ma\/wp-content\/uploads\/2024\/07\/iWorkCase-V3-16-M-DigiCase-DIT-workstation.jpg\" \/>\n\t<meta property=\"og:image:width\" content=\"300\" \/>\n\t<meta property=\"og:image:height\" content=\"238\" \/>\n\t<meta property=\"og:image:type\" content=\"image\/jpeg\" \/>\n<meta name=\"twitter:card\" content=\"summary_large_image\" \/>\n<meta name=\"twitter:description\" content=\"Protect and organize your MacBook Pro and accessories with the iWorkCase V3 16 M. Rugged, efficient, and perfect for on-the-go professionals.\" \/>\n<meta name=\"twitter:label1\" content=\"Dur\u00e9e de lecture estim\u00e9e\" \/>\n\t<meta name=\"twitter:data1\" content=\"2 minutes\" \/>\n<script type=\"application\/ld+json\" class=\"yoast-schema-graph\">{\"@context\":\"https:\/\/schema.org\",\"@graph\":[{\"@type\":\"WebPage\",\"@id\":\"https:\/\/www.cinesouk.ma\/product\/iworkcase-v3-16-m-digicase-dit-workstation\/\",\"url\":\"https:\/\/www.cinesouk.ma\/product\/iworkcase-v3-16-m-digicase-dit-workstation\/\",\"name\":\"iWorkCase V3 16 M DigiCase DIT workstation - CineSouk - For rent\",\"isPartOf\":{\"@id\":\"https:\/\/www.cinesouk.ma\/#website\"},\"primaryImageOfPage\":{\"@id\":\"https:\/\/www.cinesouk.ma\/product\/iworkcase-v3-16-m-digicase-dit-workstation\/#primaryimage\"},\"image\":{\"@id\":\"https:\/\/www.cinesouk.ma\/product\/iworkcase-v3-16-m-digicase-dit-workstation\/#primaryimage\"},\"thumbnailUrl\":\"https:\/\/www.cinesouk.ma\/wp-content\/uploads\/2024\/07\/iWorkCase-V3-16-M-DigiCase-DIT-workstation.jpg\",\"datePublished\":\"2024-02-20T16:30:46+00:00\",\"dateModified\":\"2025-08-22T11:01:03+00:00\",\"description\":\"Protect and organize your MacBook Pro and accessories with the iWorkCase V3 16 M. Rugged, efficient, and perfect for on-the-go professionals.\",\"breadcrumb\":{\"@id\":\"https:\/\/www.cinesouk.ma\/product\/iworkcase-v3-16-m-digicase-dit-workstation\/#breadcrumb\"},\"inLanguage\":\"fr-FR\",\"potentialAction\":[{\"@type\":\"ReadAction\",\"target\":[\"https:\/\/www.cinesouk.ma\/product\/iworkcase-v3-16-m-digicase-dit-workstation\/\"]}]},{\"@type\":\"ImageObject\",\"inLanguage\":\"fr-FR\",\"@id\":\"https:\/\/www.cinesouk.ma\/product\/iworkcase-v3-16-m-digicase-dit-workstation\/#primaryimage\",\"url\":\"https:\/\/www.cinesouk.ma\/wp-content\/uploads\/2024\/07\/iWorkCase-V3-16-M-DigiCase-DIT-workstation.jpg\",\"contentUrl\":\"https:\/\/www.cinesouk.ma\/wp-content\/uploads\/2024\/07\/iWorkCase-V3-16-M-DigiCase-DIT-workstation.jpg\",\"width\":300,\"height\":238},{\"@type\":\"BreadcrumbList\",\"@id\":\"https:\/\/www.cinesouk.ma\/product\/iworkcase-v3-16-m-digicase-dit-workstation\/#breadcrumb\",\"itemListElement\":[{\"@type\":\"ListItem\",\"position\":1,\"name\":\"Home\",\"item\":\"https:\/\/www.cinesouk.ma\/\"},{\"@type\":\"ListItem\",\"position\":2,\"name\":\"Shop\",\"item\":\"https:\/\/www.cinesouk.ma\/shop\/\"},{\"@type\":\"ListItem\",\"position\":3,\"name\":\"iWorkCase V3 16 M DigiCase DIT workstation\"}]},{\"@type\":\"WebSite\",\"@id\":\"https:\/\/www.cinesouk.ma\/#website\",\"url\":\"https:\/\/www.cinesouk.ma\/\",\"name\":\"CineSouk\",\"description\":\"\",\"publisher\":{\"@id\":\"https:\/\/www.cinesouk.ma\/#organization\"},\"potentialAction\":[{\"@type\":\"SearchAction\",\"target\":{\"@type\":\"EntryPoint\",\"urlTemplate\":\"https:\/\/www.cinesouk.ma\/?s={search_term_string}\"},\"query-input\":{\"@type\":\"PropertyValueSpecification\",\"valueRequired\":true,\"valueName\":\"search_term_string\"}}],\"inLanguage\":\"fr-FR\"},{\"@type\":\"Organization\",\"@id\":\"https:\/\/www.cinesouk.ma\/#organization\",\"name\":\"CineSouk\",\"url\":\"https:\/\/www.cinesouk.ma\/\",\"logo\":{\"@type\":\"ImageObject\",\"inLanguage\":\"fr-FR\",\"@id\":\"https:\/\/www.cinesouk.ma\/#\/schema\/logo\/image\/\",\"url\":\"https:\/\/www.cinesouk.ma\/wp-content\/uploads\/2024\/01\/CineSouk-logo-v01-alpha-alligned-left.png\",\"contentUrl\":\"https:\/\/www.cinesouk.ma\/wp-content\/uploads\/2024\/01\/CineSouk-logo-v01-alpha-alligned-left.png\",\"width\":3204,\"height\":889,\"caption\":\"CineSouk\"},\"image\":{\"@id\":\"https:\/\/www.cinesouk.ma\/#\/schema\/logo\/image\/\"}}]}<\/script>\n<!-- \/ Yoast SEO Premium plugin. -->","yoast_head_json":{"title":"iWorkCase V3 16 M DigiCase DIT workstation - CineSouk - For rent","description":"Protect and organize your MacBook Pro and accessories with the iWorkCase V3 16 M. Rugged, efficient, and perfect for on-the-go professionals.","robots":{"index":"index","follow":"follow","max-snippet":"max-snippet:-1","max-image-preview":"max-image-preview:large","max-video-preview":"max-video-preview:-1"},"canonical":"https:\/\/www.cinesouk.ma\/fr\/produit\/iworkcase-v3-16-m-digicase-dit-workstation\/","og_locale":"fr_FR","og_type":"article","og_title":"iWorkCase V3 16 M DigiCase DIT workstation","og_description":"The iWorkCase V3 16 M features a rugged, high-quality build designed to withstand the rigors of travel and outdoor shooting.","og_url":"https:\/\/www.cinesouk.ma\/fr\/produit\/iworkcase-v3-16-m-digicase-dit-workstation\/","og_site_name":"CineSouk","article_modified_time":"2025-08-22T11:01:03+00:00","og_image":[{"width":300,"height":238,"url":"https:\/\/www.cinesouk.ma\/wp-content\/uploads\/2024\/07\/iWorkCase-V3-16-M-DigiCase-DIT-workstation.jpg","type":"image\/jpeg"}],"twitter_card":"summary_large_image","twitter_description":"Protect and organize your MacBook Pro and accessories with the iWorkCase V3 16 M. Rugged, efficient, and perfect for on-the-go professionals.","twitter_misc":{"Dur\u00e9e de lecture estim\u00e9e":"2 minutes"},"schema":{"@context":"https:\/\/schema.org","@graph":[{"@type":"WebPage","@id":"https:\/\/www.cinesouk.ma\/product\/iworkcase-v3-16-m-digicase-dit-workstation\/","url":"https:\/\/www.cinesouk.ma\/product\/iworkcase-v3-16-m-digicase-dit-workstation\/","name":"iWorkCase V3 16 M DigiCase DIT workstation - CineSouk - For rent","isPartOf":{"@id":"https:\/\/www.cinesouk.ma\/#website"},"primaryImageOfPage":{"@id":"https:\/\/www.cinesouk.ma\/product\/iworkcase-v3-16-m-digicase-dit-workstation\/#primaryimage"},"image":{"@id":"https:\/\/www.cinesouk.ma\/product\/iworkcase-v3-16-m-digicase-dit-workstation\/#primaryimage"},"thumbnailUrl":"https:\/\/www.cinesouk.ma\/wp-content\/uploads\/2024\/07\/iWorkCase-V3-16-M-DigiCase-DIT-workstation.jpg","datePublished":"2024-02-20T16:30:46+00:00","dateModified":"2025-08-22T11:01:03+00:00","description":"Protect and organize your MacBook Pro and accessories with the iWorkCase V3 16 M. Rugged, efficient, and perfect for on-the-go professionals.","breadcrumb":{"@id":"https:\/\/www.cinesouk.ma\/product\/iworkcase-v3-16-m-digicase-dit-workstation\/#breadcrumb"},"inLanguage":"fr-FR","potentialAction":[{"@type":"ReadAction","target":["https:\/\/www.cinesouk.ma\/product\/iworkcase-v3-16-m-digicase-dit-workstation\/"]}]},{"@type":"ImageObject","inLanguage":"fr-FR","@id":"https:\/\/www.cinesouk.ma\/product\/iworkcase-v3-16-m-digicase-dit-workstation\/#primaryimage","url":"https:\/\/www.cinesouk.ma\/wp-content\/uploads\/2024\/07\/iWorkCase-V3-16-M-DigiCase-DIT-workstation.jpg","contentUrl":"https:\/\/www.cinesouk.ma\/wp-content\/uploads\/2024\/07\/iWorkCase-V3-16-M-DigiCase-DIT-workstation.jpg","width":300,"height":238},{"@type":"BreadcrumbList","@id":"https:\/\/www.cinesouk.ma\/product\/iworkcase-v3-16-m-digicase-dit-workstation\/#breadcrumb","itemListElement":[{"@type":"ListItem","position":1,"name":"Home","item":"https:\/\/www.cinesouk.ma\/"},{"@type":"ListItem","position":2,"name":"Shop","item":"https:\/\/www.cinesouk.ma\/shop\/"},{"@type":"ListItem","position":3,"name":"iWorkCase V3 16 M DigiCase DIT workstation"}]},{"@type":"WebSite","@id":"https:\/\/www.cinesouk.ma\/#website","url":"https:\/\/www.cinesouk.ma\/","name":"CineSouk","description":"","publisher":{"@id":"https:\/\/www.cinesouk.ma\/#organization"},"potentialAction":[{"@type":"SearchAction","target":{"@type":"EntryPoint","urlTemplate":"https:\/\/www.cinesouk.ma\/?s={search_term_string}"},"query-input":{"@type":"PropertyValueSpecification","valueRequired":true,"valueName":"search_term_string"}}],"inLanguage":"fr-FR"},{"@type":"Organization","@id":"https:\/\/www.cinesouk.ma\/#organization","name":"CineSouk","url":"https:\/\/www.cinesouk.ma\/","logo":{"@type":"ImageObject","inLanguage":"fr-FR","@id":"https:\/\/www.cinesouk.ma\/#\/schema\/logo\/image\/","url":"https:\/\/www.cinesouk.ma\/wp-content\/uploads\/2024\/01\/CineSouk-logo-v01-alpha-alligned-left.png","contentUrl":"https:\/\/www.cinesouk.ma\/wp-content\/uploads\/2024\/01\/CineSouk-logo-v01-alpha-alligned-left.png","width":3204,"height":889,"caption":"CineSouk"},"image":{"@id":"https:\/\/www.cinesouk.ma\/#\/schema\/logo\/image\/"}}]}},"_links":{"self":[{"href":"https:\/\/www.cinesouk.ma\/fr\/wp-json\/wp\/v2\/product\/7272","targetHints":{"allow":["GET"]}}],"collection":[{"href":"https:\/\/www.cinesouk.ma\/fr\/wp-json\/wp\/v2\/product"}],"about":[{"href":"https:\/\/www.cinesouk.ma\/fr\/wp-json\/wp\/v2\/types\/product"}],"wp:featuredmedia":[{"embeddable":true,"href":"https:\/\/www.cinesouk.ma\/fr\/wp-json\/wp\/v2\/media\/10794"}],"wp:attachment":[{"href":"https:\/\/www.cinesouk.ma\/fr\/wp-json\/wp\/v2\/media?parent=7272"}],"wp:term":[{"taxonomy":"product_brand","embeddable":true,"href":"https:\/\/www.cinesouk.ma\/fr\/wp-json\/wp\/v2\/product_brand?post=7272"},{"taxonomy":"product_cat","embeddable":true,"href":"https:\/\/www.cinesouk.ma\/fr\/wp-json\/wp\/v2\/product_cat?post=7272"},{"taxonomy":"product_tag","embeddable":true,"href":"https:\/\/www.cinesouk.ma\/fr\/wp-json\/wp\/v2\/product_tag?post=7272"}],"curies":[{"name":"wp","href":"https:\/\/api.w.org\/{rel}","templated":true}]}}