{"id":7336,"date":"2024-12-02T14:10:54","date_gmt":"2024-12-02T14:10:54","guid":{"rendered":"https:\/\/www.cinesouk.ma\/?post_type=product&#038;p=7336"},"modified":"2026-03-27T15:28:04","modified_gmt":"2026-03-27T15:28:04","slug":"canon-zoom-lens-ef-24-70-mm-2-8-l-usm","status":"publish","type":"product","link":"https:\/\/www.cinesouk.ma\/fr\/produit\/canon-zoom-lens-ef-24-70-mm-2-8-l-usm\/","title":{"rendered":"Canon EF 24-70 mm F\/2.8 L USM Lens"},"content":{"rendered":"<p>L'objectif zoom Canon Ef 24-70 mm 2,8 L USM est essentiel pour capturer des images de haute qualit\u00e9 dans les productions professionnelles. Sa plage de zoom polyvalente et son optique sup\u00e9rieure le rendent id\u00e9al pour un large \u00e9ventail de sc\u00e9narios de prise de vue, des paysages en grand angle aux gros plans d\u00e9taill\u00e9s. L'ouverture rapide de l'objectif et la fiabilit\u00e9 de l'autofocus garantissent des images nettes et claires, m\u00eame dans des conditions d'\u00e9clairage difficiles.<\/p>\n<h3>Caract\u00e9ristiques de l'objectif zoom Canon Ef 24-70 mm 2.8 L USM :<\/h3>\n<ul>\n<li><strong>Optique de qualit\u00e9 professionnelle<\/strong>: Offre des images nettes et contrast\u00e9es avec une distorsion minimale sur l'ensemble de la plage de zoom.<\/li>\n<li><strong>Ouverture rapide f\/2.8<\/strong>: Offre d'excellentes performances en basse lumi\u00e8re et un magnifique flou d'arri\u00e8re-plan, id\u00e9al pour les portraits et les photos d'action.<\/li>\n<li><strong>Moteur ultrasonique (USM)<\/strong>: Garantit un autofocus rapide et silencieux, adapt\u00e9 \u00e0 la fois \u00e0 la photographie et \u00e0 l'enregistrement vid\u00e9o.<\/li>\n<li><strong>Construction durable<\/strong>: Con\u00e7u pour r\u00e9sister \u00e0 une utilisation rigoureuse gr\u00e2ce \u00e0 une conception \u00e9tanche, prot\u00e9geant de la poussi\u00e8re et de l'humidit\u00e9.<\/li>\n<li><strong>Plage de zoom polyvalente<\/strong>: Couvre une large plage focale de 24 mm \u00e0 70 mm, ce qui le rend adapt\u00e9 \u00e0 divers types de photographie et de vid\u00e9ographie.<\/li>\n<li><strong>Ouverture constante<\/strong>: Maintient une ouverture constante de f\/2,8 sur toute la plage de zoom, garantissant des r\u00e9glages d'exposition coh\u00e9rents.<\/li>\n<\/ul>\n<p>Gr\u00e2ce \u00e0 l'ouverture constante de f\/2,8 sur toute la plage de zoom de l'EF 24-70mm f\/2,8L II USM, l'objectif fonctionne parfaitement en basse lumi\u00e8re, en utilisant la lumi\u00e8re de mani\u00e8re optimale. L'ouverture fixe vous permet de contr\u00f4ler totalement la profondeur de champ. La nouvelle ouverture \u00e0 9 lamelles cr\u00e9e une ouverture circulaire qui permet d'obtenir de superbes arri\u00e8re-plans flous avec un bokeh attrayant. Le sujet se d\u00e9tache ainsi de l'arri\u00e8re-plan, sans aucune distraction.<\/p>\n<p>Louez-le maintenant \u00e0 <a href=\"https:\/\/www.cinesouk.ma\/fr\">CINESOUK<\/a> - une marque de <a href=\"https:\/\/www.broadway.ma\/\">BROADWAY PRODUCTIONS SARL.<\/a><\/p>\n<p>&nbsp;<\/p>","protected":false},"excerpt":{"rendered":"<h3>Sp\u00e9cifications<\/h3>\n<ul>\n<li><strong>Longueur focale<\/strong>: 24-70mm<\/li>\n<li><strong>Ouverture maximale<\/strong>: f\/2.8<\/li>\n<li><strong>Construction de l'objectif<\/strong>: 16 \u00e9l\u00e9ments en 13 groupes<\/li>\n<li><strong>Moteur autofocus<\/strong>: Moteur ultrasonique (USM)<\/li>\n<li><strong>Taille du filtre<\/strong>: 77mm<\/li>\n<li><strong>Poids<\/strong>: 950g<\/li>\n<li><strong>Utilisation<\/strong>: Convient pour les paysages, les portraits, les \u00e9v\u00e9nements et le travail en studio<\/li>\n<\/ul>","protected":false},"featured_media":13140,"template":"","meta":{"om_disable_all_campaigns":false,"_monsterinsights_skip_tracking":false,"_monsterinsights_sitenote_active":false,"_monsterinsights_sitenote_note":"","_monsterinsights_sitenote_category":0,"_uf_show_specific_survey":0,"_uf_disable_surveys":false},"product_brand":[],"product_cat":[36],"product_tag":[78],"class_list":{"0":"post-7336","1":"product","2":"type-product","3":"status-publish","4":"has-post-thumbnail","6":"product_cat-lenses-cinesouk","7":"product_tag-coming-soon","9":"entry","10":"has-media","12":"first","13":"instock","14":"taxable","15":"shipping-taxable","16":"purchasable","17":"product-type-variable","18":"has-product-nav","19":"col","20":"span_1_of_3","21":"owp-content-center","22":"owp-thumbs-layout-horizontal","23":"owp-btn-normal","24":"owp-tabs-layout-horizontal","25":"has-no-thumbnails"},"yoast_head":"<!-- This site is optimized with the Yoast SEO Premium plugin v26.0 (Yoast SEO v26.0) - https:\/\/yoast.com\/wordpress\/plugins\/seo\/ -->\n<title>Canon EF 24-70 mm F\/2.8 L USM Lens - CineSouk - For rent<\/title>\n<meta name=\"description\" content=\"Elevate your photography with the Canon Zoom Lens Ef 24-70 mm 2.8 L USM. Reliable, versatile, and ideal for capturing high-quality images.\" \/>\n<meta name=\"robots\" content=\"index, follow, max-snippet:-1, max-image-preview:large, max-video-preview:-1\" \/>\n<link rel=\"canonical\" href=\"https:\/\/www.cinesouk.ma\/fr\/produit\/canon-zoom-lens-ef-24-70-mm-2-8-l-usm\/\" \/>\n<meta property=\"og:locale\" content=\"fr_FR\" \/>\n<meta property=\"og:type\" content=\"article\" \/>\n<meta property=\"og:title\" content=\"Canon EF 24-70 mm F\/2.8 L USM Lens\" \/>\n<meta property=\"og:description\" content=\"Elevate your photography with the Canon Zoom Lens Ef 24-70 mm 2.8 L USM. Reliable, versatile, and ideal for capturing high-quality images.\" \/>\n<meta property=\"og:url\" content=\"https:\/\/www.cinesouk.ma\/fr\/produit\/canon-zoom-lens-ef-24-70-mm-2-8-l-usm\/\" \/>\n<meta property=\"og:site_name\" content=\"CineSouk\" \/>\n<meta property=\"article:modified_time\" content=\"2026-03-27T15:28:04+00:00\" \/>\n<meta property=\"og:image\" content=\"https:\/\/www.cinesouk.ma\/wp-content\/uploads\/2024\/12\/canon-24-70mm.jpg\" \/>\n\t<meta property=\"og:image:width\" content=\"300\" \/>\n\t<meta property=\"og:image:height\" content=\"238\" \/>\n\t<meta property=\"og:image:type\" content=\"image\/jpeg\" \/>\n<meta name=\"twitter:card\" content=\"summary_large_image\" \/>\n<meta name=\"twitter:description\" content=\"Elevate your photography with the Canon Zoom Lens Ef 24-70 mm 2.8 L USM. Reliable, versatile, and ideal for capturing high-quality images.\" \/>\n<meta name=\"twitter:label1\" content=\"Dur\u00e9e de lecture estim\u00e9e\" \/>\n\t<meta name=\"twitter:data1\" content=\"2 minutes\" \/>\n<script type=\"application\/ld+json\" class=\"yoast-schema-graph\">{\"@context\":\"https:\/\/schema.org\",\"@graph\":[{\"@type\":\"WebPage\",\"@id\":\"https:\/\/www.cinesouk.ma\/product\/canon-zoom-lens-ef-24-70-mm-2-8-l-usm\/\",\"url\":\"https:\/\/www.cinesouk.ma\/product\/canon-zoom-lens-ef-24-70-mm-2-8-l-usm\/\",\"name\":\"Canon EF 24-70 mm F\/2.8 L USM Lens - CineSouk - For rent\",\"isPartOf\":{\"@id\":\"https:\/\/www.cinesouk.ma\/#website\"},\"primaryImageOfPage\":{\"@id\":\"https:\/\/www.cinesouk.ma\/product\/canon-zoom-lens-ef-24-70-mm-2-8-l-usm\/#primaryimage\"},\"image\":{\"@id\":\"https:\/\/www.cinesouk.ma\/product\/canon-zoom-lens-ef-24-70-mm-2-8-l-usm\/#primaryimage\"},\"thumbnailUrl\":\"https:\/\/www.cinesouk.ma\/wp-content\/uploads\/2024\/12\/canon-24-70mm.jpg\",\"datePublished\":\"2024-12-02T14:10:54+00:00\",\"dateModified\":\"2026-03-27T15:28:04+00:00\",\"description\":\"Elevate your photography with the Canon Zoom Lens Ef 24-70 mm 2.8 L USM. Reliable, versatile, and ideal for capturing high-quality images.\",\"breadcrumb\":{\"@id\":\"https:\/\/www.cinesouk.ma\/product\/canon-zoom-lens-ef-24-70-mm-2-8-l-usm\/#breadcrumb\"},\"inLanguage\":\"fr-FR\",\"potentialAction\":[{\"@type\":\"ReadAction\",\"target\":[\"https:\/\/www.cinesouk.ma\/product\/canon-zoom-lens-ef-24-70-mm-2-8-l-usm\/\"]}]},{\"@type\":\"ImageObject\",\"inLanguage\":\"fr-FR\",\"@id\":\"https:\/\/www.cinesouk.ma\/product\/canon-zoom-lens-ef-24-70-mm-2-8-l-usm\/#primaryimage\",\"url\":\"https:\/\/www.cinesouk.ma\/wp-content\/uploads\/2024\/12\/canon-24-70mm.jpg\",\"contentUrl\":\"https:\/\/www.cinesouk.ma\/wp-content\/uploads\/2024\/12\/canon-24-70mm.jpg\",\"width\":300,\"height\":238,\"caption\":\"canon 24-70mm\"},{\"@type\":\"BreadcrumbList\",\"@id\":\"https:\/\/www.cinesouk.ma\/product\/canon-zoom-lens-ef-24-70-mm-2-8-l-usm\/#breadcrumb\",\"itemListElement\":[{\"@type\":\"ListItem\",\"position\":1,\"name\":\"Home\",\"item\":\"https:\/\/www.cinesouk.ma\/\"},{\"@type\":\"ListItem\",\"position\":2,\"name\":\"Shop\",\"item\":\"https:\/\/www.cinesouk.ma\/shop\/\"},{\"@type\":\"ListItem\",\"position\":3,\"name\":\"Canon EF 24-70 mm F\/2.8 L USM Lens\"}]},{\"@type\":\"WebSite\",\"@id\":\"https:\/\/www.cinesouk.ma\/#website\",\"url\":\"https:\/\/www.cinesouk.ma\/\",\"name\":\"CineSouk\",\"description\":\"\",\"publisher\":{\"@id\":\"https:\/\/www.cinesouk.ma\/#organization\"},\"potentialAction\":[{\"@type\":\"SearchAction\",\"target\":{\"@type\":\"EntryPoint\",\"urlTemplate\":\"https:\/\/www.cinesouk.ma\/?s={search_term_string}\"},\"query-input\":{\"@type\":\"PropertyValueSpecification\",\"valueRequired\":true,\"valueName\":\"search_term_string\"}}],\"inLanguage\":\"fr-FR\"},{\"@type\":\"Organization\",\"@id\":\"https:\/\/www.cinesouk.ma\/#organization\",\"name\":\"CineSouk\",\"url\":\"https:\/\/www.cinesouk.ma\/\",\"logo\":{\"@type\":\"ImageObject\",\"inLanguage\":\"fr-FR\",\"@id\":\"https:\/\/www.cinesouk.ma\/#\/schema\/logo\/image\/\",\"url\":\"https:\/\/www.cinesouk.ma\/wp-content\/uploads\/2024\/01\/CineSouk-logo-v01-alpha-alligned-left.png\",\"contentUrl\":\"https:\/\/www.cinesouk.ma\/wp-content\/uploads\/2024\/01\/CineSouk-logo-v01-alpha-alligned-left.png\",\"width\":3204,\"height\":889,\"caption\":\"CineSouk\"},\"image\":{\"@id\":\"https:\/\/www.cinesouk.ma\/#\/schema\/logo\/image\/\"}}]}<\/script>\n<!-- \/ Yoast SEO Premium plugin. -->","yoast_head_json":{"title":"Canon EF 24-70 mm F\/2.8 L USM Lens - CineSouk - For rent","description":"Elevate your photography with the Canon Zoom Lens Ef 24-70 mm 2.8 L USM. Reliable, versatile, and ideal for capturing high-quality images.","robots":{"index":"index","follow":"follow","max-snippet":"max-snippet:-1","max-image-preview":"max-image-preview:large","max-video-preview":"max-video-preview:-1"},"canonical":"https:\/\/www.cinesouk.ma\/fr\/produit\/canon-zoom-lens-ef-24-70-mm-2-8-l-usm\/","og_locale":"fr_FR","og_type":"article","og_title":"Canon EF 24-70 mm F\/2.8 L USM Lens","og_description":"Elevate your photography with the Canon Zoom Lens Ef 24-70 mm 2.8 L USM. Reliable, versatile, and ideal for capturing high-quality images.","og_url":"https:\/\/www.cinesouk.ma\/fr\/produit\/canon-zoom-lens-ef-24-70-mm-2-8-l-usm\/","og_site_name":"CineSouk","article_modified_time":"2026-03-27T15:28:04+00:00","og_image":[{"width":300,"height":238,"url":"https:\/\/www.cinesouk.ma\/wp-content\/uploads\/2024\/12\/canon-24-70mm.jpg","type":"image\/jpeg"}],"twitter_card":"summary_large_image","twitter_description":"Elevate your photography with the Canon Zoom Lens Ef 24-70 mm 2.8 L USM. Reliable, versatile, and ideal for capturing high-quality images.","twitter_misc":{"Dur\u00e9e de lecture estim\u00e9e":"2 minutes"},"schema":{"@context":"https:\/\/schema.org","@graph":[{"@type":"WebPage","@id":"https:\/\/www.cinesouk.ma\/product\/canon-zoom-lens-ef-24-70-mm-2-8-l-usm\/","url":"https:\/\/www.cinesouk.ma\/product\/canon-zoom-lens-ef-24-70-mm-2-8-l-usm\/","name":"Canon EF 24-70 mm F\/2.8 L USM Lens - CineSouk - For rent","isPartOf":{"@id":"https:\/\/www.cinesouk.ma\/#website"},"primaryImageOfPage":{"@id":"https:\/\/www.cinesouk.ma\/product\/canon-zoom-lens-ef-24-70-mm-2-8-l-usm\/#primaryimage"},"image":{"@id":"https:\/\/www.cinesouk.ma\/product\/canon-zoom-lens-ef-24-70-mm-2-8-l-usm\/#primaryimage"},"thumbnailUrl":"https:\/\/www.cinesouk.ma\/wp-content\/uploads\/2024\/12\/canon-24-70mm.jpg","datePublished":"2024-12-02T14:10:54+00:00","dateModified":"2026-03-27T15:28:04+00:00","description":"Elevate your photography with the Canon Zoom Lens Ef 24-70 mm 2.8 L USM. Reliable, versatile, and ideal for capturing high-quality images.","breadcrumb":{"@id":"https:\/\/www.cinesouk.ma\/product\/canon-zoom-lens-ef-24-70-mm-2-8-l-usm\/#breadcrumb"},"inLanguage":"fr-FR","potentialAction":[{"@type":"ReadAction","target":["https:\/\/www.cinesouk.ma\/product\/canon-zoom-lens-ef-24-70-mm-2-8-l-usm\/"]}]},{"@type":"ImageObject","inLanguage":"fr-FR","@id":"https:\/\/www.cinesouk.ma\/product\/canon-zoom-lens-ef-24-70-mm-2-8-l-usm\/#primaryimage","url":"https:\/\/www.cinesouk.ma\/wp-content\/uploads\/2024\/12\/canon-24-70mm.jpg","contentUrl":"https:\/\/www.cinesouk.ma\/wp-content\/uploads\/2024\/12\/canon-24-70mm.jpg","width":300,"height":238,"caption":"canon 24-70mm"},{"@type":"BreadcrumbList","@id":"https:\/\/www.cinesouk.ma\/product\/canon-zoom-lens-ef-24-70-mm-2-8-l-usm\/#breadcrumb","itemListElement":[{"@type":"ListItem","position":1,"name":"Home","item":"https:\/\/www.cinesouk.ma\/"},{"@type":"ListItem","position":2,"name":"Shop","item":"https:\/\/www.cinesouk.ma\/shop\/"},{"@type":"ListItem","position":3,"name":"Canon EF 24-70 mm F\/2.8 L USM Lens"}]},{"@type":"WebSite","@id":"https:\/\/www.cinesouk.ma\/#website","url":"https:\/\/www.cinesouk.ma\/","name":"CineSouk","description":"","publisher":{"@id":"https:\/\/www.cinesouk.ma\/#organization"},"potentialAction":[{"@type":"SearchAction","target":{"@type":"EntryPoint","urlTemplate":"https:\/\/www.cinesouk.ma\/?s={search_term_string}"},"query-input":{"@type":"PropertyValueSpecification","valueRequired":true,"valueName":"search_term_string"}}],"inLanguage":"fr-FR"},{"@type":"Organization","@id":"https:\/\/www.cinesouk.ma\/#organization","name":"CineSouk","url":"https:\/\/www.cinesouk.ma\/","logo":{"@type":"ImageObject","inLanguage":"fr-FR","@id":"https:\/\/www.cinesouk.ma\/#\/schema\/logo\/image\/","url":"https:\/\/www.cinesouk.ma\/wp-content\/uploads\/2024\/01\/CineSouk-logo-v01-alpha-alligned-left.png","contentUrl":"https:\/\/www.cinesouk.ma\/wp-content\/uploads\/2024\/01\/CineSouk-logo-v01-alpha-alligned-left.png","width":3204,"height":889,"caption":"CineSouk"},"image":{"@id":"https:\/\/www.cinesouk.ma\/#\/schema\/logo\/image\/"}}]}},"_links":{"self":[{"href":"https:\/\/www.cinesouk.ma\/fr\/wp-json\/wp\/v2\/product\/7336","targetHints":{"allow":["GET"]}}],"collection":[{"href":"https:\/\/www.cinesouk.ma\/fr\/wp-json\/wp\/v2\/product"}],"about":[{"href":"https:\/\/www.cinesouk.ma\/fr\/wp-json\/wp\/v2\/types\/product"}],"wp:featuredmedia":[{"embeddable":true,"href":"https:\/\/www.cinesouk.ma\/fr\/wp-json\/wp\/v2\/media\/13140"}],"wp:attachment":[{"href":"https:\/\/www.cinesouk.ma\/fr\/wp-json\/wp\/v2\/media?parent=7336"}],"wp:term":[{"taxonomy":"product_brand","embeddable":true,"href":"https:\/\/www.cinesouk.ma\/fr\/wp-json\/wp\/v2\/product_brand?post=7336"},{"taxonomy":"product_cat","embeddable":true,"href":"https:\/\/www.cinesouk.ma\/fr\/wp-json\/wp\/v2\/product_cat?post=7336"},{"taxonomy":"product_tag","embeddable":true,"href":"https:\/\/www.cinesouk.ma\/fr\/wp-json\/wp\/v2\/product_tag?post=7336"}],"curies":[{"name":"wp","href":"https:\/\/api.w.org\/{rel}","templated":true}]}}