{"id":7386,"date":"2024-07-29T11:57:48","date_gmt":"2024-07-29T11:57:48","guid":{"rendered":"https:\/\/www.cinesouk.ma\/?post_type=product&#038;p=7386"},"modified":"2025-08-26T14:34:21","modified_gmt":"2025-08-26T14:34:21","slug":"smallrig-v-mount-battery-vb50","status":"publish","type":"product","link":"https:\/\/www.cinesouk.ma\/fr\/produit\/smallrig-v-mount-battery-vb50\/","title":{"rendered":"SmallRig VB50 Mini V-Mount Battery - 50Wh"},"content":{"rendered":"<p>La batterie V Mount Battery VB50 de SmallRig est essentielle pour assurer une alimentation \u00e9lectrique ininterrompue pendant les productions professionnelles. Sa taille compacte et sa grande capacit\u00e9 la rendent id\u00e9ale pour les tournages en studio et en ext\u00e9rieur, en fournissant une alimentation constante aux cam\u00e9ras, moniteurs, \u00e9clairages et autres \u00e9quipements essentiels. Cette batterie SmallRig V Mount Battery VB50 am\u00e9liore l'efficacit\u00e9 de la production en minimisant les temps d'arr\u00eat dus aux changements de batterie, ce qui permet aux cin\u00e9astes et aux cr\u00e9ateurs de contenu de se concentrer sur la capture du plan parfait.<\/p>\n<ul>\n<li><strong>Solution professionnelle en mati\u00e8re d'\u00e9nergie<\/strong>: Il s'agit d'une source d'alimentation stable et fiable pour divers appareils, y compris les cam\u00e9ras, les moniteurs et l'\u00e9quipement d'\u00e9clairage.<\/li>\n<li><strong>Taille compacte<\/strong>: La conception petite et l\u00e9g\u00e8re garantit qu'il n'ajoute pas d'encombrement inutile \u00e0 votre installation, ce qui le rend parfait pour une utilisation mobile et en d\u00e9placement.<\/li>\n<li><strong>Grande capacit\u00e9<\/strong>: Avec une capacit\u00e9 de 50Wh, cette batterie offre des performances durables, r\u00e9duisant le besoin de changer fr\u00e9quemment de batterie pendant les prises de vue.<\/li>\n<li><strong>Construction durable<\/strong>: Con\u00e7ue pour r\u00e9sister \u00e0 une utilisation r\u00e9guli\u00e8re tout en conservant des performances et une fiabilit\u00e9 \u00e9lev\u00e9es.<\/li>\n<li><strong>Ports de sortie multiples<\/strong>: \u00c9quip\u00e9 de plusieurs options de sortie, y compris D-Tap et USB, pour alimenter plusieurs appareils simultan\u00e9ment.<\/li>\n<li><strong>Facile \u00e0 contr\u00f4ler<\/strong>: Un indicateur LED permet de v\u00e9rifier facilement l'autonomie restante de la batterie.<\/li>\n<\/ul>\n<p><strong>Louez-le maintenant sur <a href=\"https:\/\/www.cinesouk.ma\/fr\">CINESOUK<\/a> - une marque de <a href=\"https:\/\/www.broadway.ma\/\">BROADWAY PRODUCTIONS SARL.<\/a><\/strong><\/p>","protected":false},"excerpt":{"rendered":"<p>Sp\u00e9cifications<\/p>\n<ul>\n<li><strong>Capacit\u00e9<\/strong>: 50Wh<\/li>\n<li><strong>Ports de sortie<\/strong>: D-Tap, USB<\/li>\n<li><strong>Poids<\/strong>: L\u00e9ger pour la portabilit\u00e9<\/li>\n<li><strong>Conception<\/strong>: Construction compacte et durable<\/li>\n<li><strong>Utilisation<\/strong>: Convient pour les cam\u00e9ras, les moniteurs, le mat\u00e9riel d'\u00e9clairage, etc.<\/li>\n<\/ul>","protected":false},"featured_media":7397,"template":"","meta":{"om_disable_all_campaigns":false,"_monsterinsights_skip_tracking":false,"_monsterinsights_sitenote_active":false,"_monsterinsights_sitenote_note":"","_monsterinsights_sitenote_category":0,"_uf_show_specific_survey":0,"_uf_disable_surveys":false},"product_brand":[],"product_cat":[57,83],"product_tag":[],"class_list":{"0":"post-7386","1":"product","2":"type-product","3":"status-publish","4":"has-post-thumbnail","6":"product_cat-batteries-cinesouk","7":"product_cat-efp-eng-cinesouk","9":"entry","10":"has-media","12":"first","13":"instock","14":"taxable","15":"shipping-taxable","16":"purchasable","17":"product-type-variable","18":"has-product-nav","19":"col","20":"span_1_of_3","21":"owp-content-center","22":"owp-thumbs-layout-horizontal","23":"owp-btn-normal","24":"owp-tabs-layout-horizontal","25":"has-no-thumbnails"},"yoast_head":"<!-- This site is optimized with the Yoast SEO Premium plugin v26.0 (Yoast SEO v26.0) - https:\/\/yoast.com\/wordpress\/plugins\/seo\/ -->\n<title>SmallRig VB50 Mini V-Mount Battery \u2013 50Wh - CineSouk Marrakesh - For rent<\/title>\n<meta name=\"description\" content=\"Power your professional video equipment with the SmallRig V Mount Battery VB50. Compact, reliable, and high-capacity for extended shooting sessions.\" \/>\n<meta name=\"robots\" content=\"index, follow, max-snippet:-1, max-image-preview:large, max-video-preview:-1\" \/>\n<link rel=\"canonical\" href=\"https:\/\/www.cinesouk.ma\/fr\/produit\/smallrig-v-mount-battery-vb50\/\" \/>\n<meta property=\"og:locale\" content=\"fr_FR\" \/>\n<meta property=\"og:type\" content=\"article\" \/>\n<meta property=\"og:title\" content=\"SmallRig V Mount Battery VB50\" \/>\n<meta property=\"og:description\" content=\"Power your professional video equipment with the SmallRig V Mount Battery VB50. Compact, reliable, and high-capacity for extended shooting sessions.\" \/>\n<meta property=\"og:url\" content=\"https:\/\/www.cinesouk.ma\/fr\/produit\/smallrig-v-mount-battery-vb50\/\" \/>\n<meta property=\"og:site_name\" content=\"CineSouk\" \/>\n<meta property=\"article:modified_time\" content=\"2025-08-26T14:34:21+00:00\" \/>\n<meta property=\"og:image\" content=\"https:\/\/www.cinesouk.ma\/wp-content\/uploads\/2024\/07\/SmallRig-V-Mount-Battery-VB50.jpg\" \/>\n\t<meta property=\"og:image:width\" content=\"300\" \/>\n\t<meta property=\"og:image:height\" content=\"238\" \/>\n\t<meta property=\"og:image:type\" content=\"image\/jpeg\" \/>\n<meta name=\"twitter:card\" content=\"summary_large_image\" \/>\n<meta name=\"twitter:title\" content=\"SmallRig VB50 Mini V-Mount Battery \u2013 50Wh\" \/>\n<meta name=\"twitter:description\" content=\"Power your professional video equipment with the SmallRig V Mount Battery VB50. Compact, reliable, and high-capacity for extended shooting sessions.\" \/>\n<meta name=\"twitter:label1\" content=\"Dur\u00e9e de lecture estim\u00e9e\" \/>\n\t<meta name=\"twitter:data1\" content=\"2 minutes\" \/>\n<script type=\"application\/ld+json\" class=\"yoast-schema-graph\">{\"@context\":\"https:\/\/schema.org\",\"@graph\":[{\"@type\":\"WebPage\",\"@id\":\"https:\/\/www.cinesouk.ma\/product\/smallrig-v-mount-battery-vb50\/\",\"url\":\"https:\/\/www.cinesouk.ma\/product\/smallrig-v-mount-battery-vb50\/\",\"name\":\"SmallRig VB50 Mini V-Mount Battery \u2013 50Wh - CineSouk Marrakesh - For rent\",\"isPartOf\":{\"@id\":\"https:\/\/www.cinesouk.ma\/#website\"},\"primaryImageOfPage\":{\"@id\":\"https:\/\/www.cinesouk.ma\/product\/smallrig-v-mount-battery-vb50\/#primaryimage\"},\"image\":{\"@id\":\"https:\/\/www.cinesouk.ma\/product\/smallrig-v-mount-battery-vb50\/#primaryimage\"},\"thumbnailUrl\":\"https:\/\/www.cinesouk.ma\/wp-content\/uploads\/2024\/07\/SmallRig-V-Mount-Battery-VB50.jpg\",\"datePublished\":\"2024-07-29T11:57:48+00:00\",\"dateModified\":\"2025-08-26T14:34:21+00:00\",\"description\":\"Power your professional video equipment with the SmallRig V Mount Battery VB50. Compact, reliable, and high-capacity for extended shooting sessions.\",\"breadcrumb\":{\"@id\":\"https:\/\/www.cinesouk.ma\/product\/smallrig-v-mount-battery-vb50\/#breadcrumb\"},\"inLanguage\":\"fr-FR\",\"potentialAction\":[{\"@type\":\"ReadAction\",\"target\":[\"https:\/\/www.cinesouk.ma\/product\/smallrig-v-mount-battery-vb50\/\"]}]},{\"@type\":\"ImageObject\",\"inLanguage\":\"fr-FR\",\"@id\":\"https:\/\/www.cinesouk.ma\/product\/smallrig-v-mount-battery-vb50\/#primaryimage\",\"url\":\"https:\/\/www.cinesouk.ma\/wp-content\/uploads\/2024\/07\/SmallRig-V-Mount-Battery-VB50.jpg\",\"contentUrl\":\"https:\/\/www.cinesouk.ma\/wp-content\/uploads\/2024\/07\/SmallRig-V-Mount-Battery-VB50.jpg\",\"width\":300,\"height\":238,\"caption\":\"SmallRig V Mount Battery VB50 - Compact and reliable power solution for professional filmmakers. Available at Cinesouk, Marrakech.\"},{\"@type\":\"BreadcrumbList\",\"@id\":\"https:\/\/www.cinesouk.ma\/product\/smallrig-v-mount-battery-vb50\/#breadcrumb\",\"itemListElement\":[{\"@type\":\"ListItem\",\"position\":1,\"name\":\"Home\",\"item\":\"https:\/\/www.cinesouk.ma\/\"},{\"@type\":\"ListItem\",\"position\":2,\"name\":\"Shop\",\"item\":\"https:\/\/www.cinesouk.ma\/shop\/\"},{\"@type\":\"ListItem\",\"position\":3,\"name\":\"SmallRig VB50 Mini V-Mount Battery \u2013 50Wh\"}]},{\"@type\":\"WebSite\",\"@id\":\"https:\/\/www.cinesouk.ma\/#website\",\"url\":\"https:\/\/www.cinesouk.ma\/\",\"name\":\"CineSouk\",\"description\":\"\",\"publisher\":{\"@id\":\"https:\/\/www.cinesouk.ma\/#organization\"},\"potentialAction\":[{\"@type\":\"SearchAction\",\"target\":{\"@type\":\"EntryPoint\",\"urlTemplate\":\"https:\/\/www.cinesouk.ma\/?s={search_term_string}\"},\"query-input\":{\"@type\":\"PropertyValueSpecification\",\"valueRequired\":true,\"valueName\":\"search_term_string\"}}],\"inLanguage\":\"fr-FR\"},{\"@type\":\"Organization\",\"@id\":\"https:\/\/www.cinesouk.ma\/#organization\",\"name\":\"CineSouk\",\"url\":\"https:\/\/www.cinesouk.ma\/\",\"logo\":{\"@type\":\"ImageObject\",\"inLanguage\":\"fr-FR\",\"@id\":\"https:\/\/www.cinesouk.ma\/#\/schema\/logo\/image\/\",\"url\":\"https:\/\/www.cinesouk.ma\/wp-content\/uploads\/2024\/01\/CineSouk-logo-v01-alpha-alligned-left.png\",\"contentUrl\":\"https:\/\/www.cinesouk.ma\/wp-content\/uploads\/2024\/01\/CineSouk-logo-v01-alpha-alligned-left.png\",\"width\":3204,\"height\":889,\"caption\":\"CineSouk\"},\"image\":{\"@id\":\"https:\/\/www.cinesouk.ma\/#\/schema\/logo\/image\/\"}}]}<\/script>\n<!-- \/ Yoast SEO Premium plugin. -->","yoast_head_json":{"title":"SmallRig VB50 Mini V-Mount Battery \u2013 50Wh - CineSouk Marrakesh - For rent","description":"Power your professional video equipment with the SmallRig V Mount Battery VB50. Compact, reliable, and high-capacity for extended shooting sessions.","robots":{"index":"index","follow":"follow","max-snippet":"max-snippet:-1","max-image-preview":"max-image-preview:large","max-video-preview":"max-video-preview:-1"},"canonical":"https:\/\/www.cinesouk.ma\/fr\/produit\/smallrig-v-mount-battery-vb50\/","og_locale":"fr_FR","og_type":"article","og_title":"SmallRig V Mount Battery VB50","og_description":"Power your professional video equipment with the SmallRig V Mount Battery VB50. Compact, reliable, and high-capacity for extended shooting sessions.","og_url":"https:\/\/www.cinesouk.ma\/fr\/produit\/smallrig-v-mount-battery-vb50\/","og_site_name":"CineSouk","article_modified_time":"2025-08-26T14:34:21+00:00","og_image":[{"width":300,"height":238,"url":"https:\/\/www.cinesouk.ma\/wp-content\/uploads\/2024\/07\/SmallRig-V-Mount-Battery-VB50.jpg","type":"image\/jpeg"}],"twitter_card":"summary_large_image","twitter_title":"SmallRig VB50 Mini V-Mount Battery \u2013 50Wh","twitter_description":"Power your professional video equipment with the SmallRig V Mount Battery VB50. Compact, reliable, and high-capacity for extended shooting sessions.","twitter_misc":{"Dur\u00e9e de lecture estim\u00e9e":"2 minutes"},"schema":{"@context":"https:\/\/schema.org","@graph":[{"@type":"WebPage","@id":"https:\/\/www.cinesouk.ma\/product\/smallrig-v-mount-battery-vb50\/","url":"https:\/\/www.cinesouk.ma\/product\/smallrig-v-mount-battery-vb50\/","name":"SmallRig VB50 Mini V-Mount Battery \u2013 50Wh - CineSouk Marrakesh - For rent","isPartOf":{"@id":"https:\/\/www.cinesouk.ma\/#website"},"primaryImageOfPage":{"@id":"https:\/\/www.cinesouk.ma\/product\/smallrig-v-mount-battery-vb50\/#primaryimage"},"image":{"@id":"https:\/\/www.cinesouk.ma\/product\/smallrig-v-mount-battery-vb50\/#primaryimage"},"thumbnailUrl":"https:\/\/www.cinesouk.ma\/wp-content\/uploads\/2024\/07\/SmallRig-V-Mount-Battery-VB50.jpg","datePublished":"2024-07-29T11:57:48+00:00","dateModified":"2025-08-26T14:34:21+00:00","description":"Power your professional video equipment with the SmallRig V Mount Battery VB50. Compact, reliable, and high-capacity for extended shooting sessions.","breadcrumb":{"@id":"https:\/\/www.cinesouk.ma\/product\/smallrig-v-mount-battery-vb50\/#breadcrumb"},"inLanguage":"fr-FR","potentialAction":[{"@type":"ReadAction","target":["https:\/\/www.cinesouk.ma\/product\/smallrig-v-mount-battery-vb50\/"]}]},{"@type":"ImageObject","inLanguage":"fr-FR","@id":"https:\/\/www.cinesouk.ma\/product\/smallrig-v-mount-battery-vb50\/#primaryimage","url":"https:\/\/www.cinesouk.ma\/wp-content\/uploads\/2024\/07\/SmallRig-V-Mount-Battery-VB50.jpg","contentUrl":"https:\/\/www.cinesouk.ma\/wp-content\/uploads\/2024\/07\/SmallRig-V-Mount-Battery-VB50.jpg","width":300,"height":238,"caption":"SmallRig V Mount Battery VB50 - Compact and reliable power solution for professional filmmakers. Available at Cinesouk, Marrakech."},{"@type":"BreadcrumbList","@id":"https:\/\/www.cinesouk.ma\/product\/smallrig-v-mount-battery-vb50\/#breadcrumb","itemListElement":[{"@type":"ListItem","position":1,"name":"Home","item":"https:\/\/www.cinesouk.ma\/"},{"@type":"ListItem","position":2,"name":"Shop","item":"https:\/\/www.cinesouk.ma\/shop\/"},{"@type":"ListItem","position":3,"name":"SmallRig VB50 Mini V-Mount Battery \u2013 50Wh"}]},{"@type":"WebSite","@id":"https:\/\/www.cinesouk.ma\/#website","url":"https:\/\/www.cinesouk.ma\/","name":"CineSouk","description":"","publisher":{"@id":"https:\/\/www.cinesouk.ma\/#organization"},"potentialAction":[{"@type":"SearchAction","target":{"@type":"EntryPoint","urlTemplate":"https:\/\/www.cinesouk.ma\/?s={search_term_string}"},"query-input":{"@type":"PropertyValueSpecification","valueRequired":true,"valueName":"search_term_string"}}],"inLanguage":"fr-FR"},{"@type":"Organization","@id":"https:\/\/www.cinesouk.ma\/#organization","name":"CineSouk","url":"https:\/\/www.cinesouk.ma\/","logo":{"@type":"ImageObject","inLanguage":"fr-FR","@id":"https:\/\/www.cinesouk.ma\/#\/schema\/logo\/image\/","url":"https:\/\/www.cinesouk.ma\/wp-content\/uploads\/2024\/01\/CineSouk-logo-v01-alpha-alligned-left.png","contentUrl":"https:\/\/www.cinesouk.ma\/wp-content\/uploads\/2024\/01\/CineSouk-logo-v01-alpha-alligned-left.png","width":3204,"height":889,"caption":"CineSouk"},"image":{"@id":"https:\/\/www.cinesouk.ma\/#\/schema\/logo\/image\/"}}]}},"_links":{"self":[{"href":"https:\/\/www.cinesouk.ma\/fr\/wp-json\/wp\/v2\/product\/7386","targetHints":{"allow":["GET"]}}],"collection":[{"href":"https:\/\/www.cinesouk.ma\/fr\/wp-json\/wp\/v2\/product"}],"about":[{"href":"https:\/\/www.cinesouk.ma\/fr\/wp-json\/wp\/v2\/types\/product"}],"wp:featuredmedia":[{"embeddable":true,"href":"https:\/\/www.cinesouk.ma\/fr\/wp-json\/wp\/v2\/media\/7397"}],"wp:attachment":[{"href":"https:\/\/www.cinesouk.ma\/fr\/wp-json\/wp\/v2\/media?parent=7386"}],"wp:term":[{"taxonomy":"product_brand","embeddable":true,"href":"https:\/\/www.cinesouk.ma\/fr\/wp-json\/wp\/v2\/product_brand?post=7386"},{"taxonomy":"product_cat","embeddable":true,"href":"https:\/\/www.cinesouk.ma\/fr\/wp-json\/wp\/v2\/product_cat?post=7386"},{"taxonomy":"product_tag","embeddable":true,"href":"https:\/\/www.cinesouk.ma\/fr\/wp-json\/wp\/v2\/product_tag?post=7386"}],"curies":[{"name":"wp","href":"https:\/\/api.w.org\/{rel}","templated":true}]}}