{"id":7419,"date":"2024-08-27T16:37:03","date_gmt":"2024-08-27T16:37:03","guid":{"rendered":"https:\/\/www.cinesouk.ma\/?post_type=product&#038;p=7419"},"modified":"2026-01-24T14:15:49","modified_gmt":"2026-01-24T14:15:49","slug":"rocknroller-r12-stealth-all-terrain","status":"publish","type":"product","link":"https:\/\/www.cinesouk.ma\/fr\/produit\/rocknroller-r12-stealth-all-terrain\/","title":{"rendered":"RockNRoller R12 Stealth (tout-terrain)"},"content":{"rendered":"<div class=\"flex max-w-full flex-col flex-grow\">\n<div class=\"min-h-[20px] text-message flex w-full flex-col items-end gap-2 break-words [.text-message+&amp;]:mt-5 overflow-x-auto whitespace-normal\" dir=\"auto\" data-message-author-role=\"assistant\" data-message-id=\"26f2630b-4e27-4639-8c62-7c998d0f55bf\">\n<div class=\"flex w-full flex-col gap-1 empty:hidden first:pt-[3px]\">\n<div class=\"markdown prose w-full break-words dark:prose-invert light\">\n<p>Le chariot RockNRoller R12 Stealth (All-Terrain) combine parfaitement durabilit\u00e9 et polyvalence, ce qui en fait un outil indispensable pour tous ceux qui ont besoin d'une solution de transport fiable. Sa conception robuste, associ\u00e9e \u00e0 des caract\u00e9ristiques avanc\u00e9es, garantit des mouvements fluides et une capacit\u00e9 de charge \u00e9lev\u00e9e, m\u00eame sur des terrains difficiles.<\/p>\n<h3>Caract\u00e9ristiques :<\/h3>\n<p><strong>Tout-terrain Roues :<\/strong><\/p>\n<ul>\n<li><strong>Pneumatiques :<\/strong> Les grands pneus 10\u2033 x 3\u2033 offrent une traction et une stabilit\u00e9 sup\u00e9rieures, que vous naviguiez sur des trottoirs lisses ou sur des sols rugueux et irr\u00e9guliers.<\/li>\n<li><strong>Roues arri\u00e8re :<\/strong> En outre, les roues arri\u00e8re de 8\u2033 x 2,5\u2033 am\u00e9liorent la maniabilit\u00e9 et l'\u00e9quilibre, garantissant un transport en douceur m\u00eame dans les espaces restreints.<\/li>\n<\/ul>\n<p><strong>Capacit\u00e9 de charge \u00e9lev\u00e9e :<\/strong><\/p>\n<ul>\n<li><strong>Capacit\u00e9 de poids :<\/strong> Pouvant supporter jusqu'\u00e0 500 livres (226,8 kg), ce chariot est parfait pour le transport d'\u00e9quipements lourds, d'instruments de musique, de mat\u00e9riel audiovisuel, etc.<\/li>\n<li><strong>Cadre \u00e9tendu :<\/strong> En outre, le cadre s'\u00e9tend de 34\u2033 \u00e0 52\u2033 en longueur, offrant un espace suffisant pour des charges plus importantes tout en conservant la flexibilit\u00e9 n\u00e9cessaire pour r\u00e9pondre aux diff\u00e9rents besoins de transport.<\/li>\n<\/ul>\n<p><strong>Conception polyvalente :<\/strong><\/p>\n<ul>\n<li><strong>Pliable :<\/strong> En outre, le chariot se replie facilement pour un rangement et un transport compacts, ce qui le rend pratique \u00e0 transporter et \u00e0 ranger lorsqu'il n'est pas utilis\u00e9.<\/li>\n<li><strong>Poign\u00e9e multipositions :<\/strong> \u00c9quip\u00e9 d'une poign\u00e9e t\u00e9lescopique, il s'ajuste \u00e0 de multiples positions, assurant une manipulation ergonomique et une utilisation confortable tout au long de vos t\u00e2ches.<\/li>\n<\/ul>\n<p><strong>Construction durable :<\/strong><\/p>\n<ul>\n<li><strong>Cadre en acier :<\/strong> Construit avec un cadre en acier robuste, le chariot garantit une durabilit\u00e9 et une fiabilit\u00e9 \u00e0 long terme.<\/li>\n<li><strong>Finition par poudrage :<\/strong> En outre, le rev\u00eatement en poudre prot\u00e8ge le chariot contre la rouille et la corrosion, prolongeant ainsi sa dur\u00e9e de vie et pr\u00e9servant son aspect professionnel.<\/li>\n<\/ul>\n<p><strong>Assemblage facile :<\/strong><\/p>\n<ul>\n<li><strong>Assemblage sans outil :<\/strong> De plus, le chariot est con\u00e7u pour \u00eatre assembl\u00e9 rapidement et facilement sans outils, ce qui vous permet de l'installer et de commencer \u00e0 l'utiliser imm\u00e9diatement.<\/li>\n<\/ul>\n<\/div>\n<\/div>\n<\/div>\n<\/div>\n<div class=\"mt-1 flex gap-3 empty:hidden -ml-2\"><\/div>\n<p>Louez le chariot Adicam MAX+ Trolley\/Film Cart d\u00e8s maintenant sur <a href=\"https:\/\/www.cinesouk.ma\/fr\">CINESOUK<\/a> - une marque de <a href=\"https:\/\/www.broadway.ma\/\">BROADWAY PRODUCTIONS SARL.<\/a><\/p>","protected":false},"excerpt":{"rendered":"<p>Sp\u00e9cifications<\/p>\n<ul class=\"fx-list product-text__list\">\n<li class=\"fx-list__item list-item fx-list__item--circle\"><span class=\"fx-text fx-text--plus list-item__text\">Longueur : 86 - 132 cm<\/span><\/li>\n<li class=\"fx-list__item list-item fx-list__item--circle\"><span class=\"fx-text fx-text--plus list-item__text\">Largeur : 35 cm<\/span><\/li>\n<li class=\"fx-list__item list-item fx-list__item--circle\"><span class=\"fx-text fx-text--plus list-item__text\">Largeur avec les roues : 50 cm<\/span><\/li>\n<li class=\"fx-list__item list-item fx-list__item--circle\"><span class=\"fx-text fx-text--plus list-item__text\">Hauteur pli\u00e9e : 31 cm<\/span><\/li>\n<li class=\"fx-list__item list-item fx-list__item--circle\"><span class=\"fx-text fx-text--plus list-item__text\">Hauteur d\u00e9pli\u00e9e : 106 cm<\/span><\/li>\n<li class=\"fx-list__item list-item fx-list__item--circle\"><span class=\"fx-text fx-text--plus list-item__text\">Roues avant directrices : 8\u2033 x 2\u2033 R-Trac<\/span><\/li>\n<li class=\"fx-list__item list-item fx-list__item--circle\"><span class=\"fx-text fx-text--plus list-item__text\">Roues arri\u00e8re : 10\u2033 x 3\u2033 R-Trac<\/span><\/li>\n<li class=\"fx-list__item list-item fx-list__item--circle\"><span class=\"fx-text fx-text--plus list-item__text\">Capacit\u00e9 de charge : 227 kg<\/span><\/li>\n<li class=\"fx-list__item list-item fx-list__item--circle\"><span class=\"fx-text fx-text--plus list-item__text\">Poids : 15 kg<\/span><\/li>\n<li class=\"fx-list__item list-item fx-list__item--circle\"><span class=\"fx-text fx-text--plus list-item__text\">Couleur : noir<\/span><\/li>\n<\/ul>","protected":false},"featured_media":7430,"template":"","meta":{"om_disable_all_campaigns":false,"_monsterinsights_skip_tracking":false,"_monsterinsights_sitenote_active":false,"_monsterinsights_sitenote_note":"","_monsterinsights_sitenote_category":0,"_uf_show_specific_survey":0,"_uf_disable_surveys":false},"product_brand":[],"product_cat":[82],"product_tag":[],"class_list":{"0":"post-7419","1":"product","2":"type-product","3":"status-publish","4":"has-post-thumbnail","6":"product_cat-carts-cinesouk","8":"entry","9":"has-media","11":"first","12":"instock","13":"taxable","14":"shipping-taxable","15":"purchasable","16":"product-type-variable","17":"has-product-nav","18":"col","19":"span_1_of_3","20":"owp-content-center","21":"owp-thumbs-layout-horizontal","22":"owp-btn-normal","23":"owp-tabs-layout-horizontal","24":"has-no-thumbnails"},"yoast_head":"<!-- This site is optimized with the Yoast SEO Premium plugin v26.0 (Yoast SEO v26.0) - https:\/\/yoast.com\/wordpress\/plugins\/seo\/ -->\n<title>RockNRoller R12 Stealth (All-Terrain) - CineSouk - For rent<\/title>\n<meta name=\"description\" content=\"The RockNRoller R12 Stealth cart offers a durable, all-terrain solution for moving equipment, perfect for photographers and videographers on the go.\" \/>\n<meta name=\"robots\" content=\"index, follow, max-snippet:-1, max-image-preview:large, max-video-preview:-1\" \/>\n<link rel=\"canonical\" href=\"https:\/\/www.cinesouk.ma\/fr\/produit\/rocknroller-r12-stealth-all-terrain\/\" \/>\n<meta property=\"og:locale\" content=\"fr_FR\" \/>\n<meta property=\"og:type\" content=\"article\" \/>\n<meta property=\"og:title\" content=\"RockNRoller R12 Stealth\" \/>\n<meta property=\"og:description\" content=\"The RockNRoller R12 Stealth cart offers a durable, all-terrain solution for moving equipment, perfect for photographers and videographers on the go.\" \/>\n<meta property=\"og:url\" content=\"https:\/\/www.cinesouk.ma\/fr\/produit\/rocknroller-r12-stealth-all-terrain\/\" \/>\n<meta property=\"og:site_name\" content=\"CineSouk\" \/>\n<meta property=\"article:modified_time\" content=\"2026-01-24T14:15:49+00:00\" \/>\n<meta property=\"og:image\" content=\"https:\/\/www.cinesouk.ma\/wp-content\/uploads\/2024\/08\/adicawa.jpg\" \/>\n\t<meta property=\"og:image:width\" content=\"300\" \/>\n\t<meta property=\"og:image:height\" content=\"238\" \/>\n\t<meta property=\"og:image:type\" content=\"image\/jpeg\" \/>\n<meta name=\"twitter:card\" content=\"summary_large_image\" \/>\n<meta name=\"twitter:title\" content=\"RockNRoller R12 Stealth (All-Terrain)\" \/>\n<meta name=\"twitter:description\" content=\"The RockNRoller R12 Stealth cart offers a durable, all-terrain solution for moving equipment, perfect for photographers and videographers on the go.\" \/>\n<meta name=\"twitter:label1\" content=\"Dur\u00e9e de lecture estim\u00e9e\" \/>\n\t<meta name=\"twitter:data1\" content=\"2 minutes\" \/>\n<script type=\"application\/ld+json\" class=\"yoast-schema-graph\">{\"@context\":\"https:\/\/schema.org\",\"@graph\":[{\"@type\":\"WebPage\",\"@id\":\"https:\/\/www.cinesouk.ma\/product\/rocknroller-r12-stealth-all-terrain\/\",\"url\":\"https:\/\/www.cinesouk.ma\/product\/rocknroller-r12-stealth-all-terrain\/\",\"name\":\"RockNRoller R12 Stealth (All-Terrain) - CineSouk - For rent\",\"isPartOf\":{\"@id\":\"https:\/\/www.cinesouk.ma\/#website\"},\"primaryImageOfPage\":{\"@id\":\"https:\/\/www.cinesouk.ma\/product\/rocknroller-r12-stealth-all-terrain\/#primaryimage\"},\"image\":{\"@id\":\"https:\/\/www.cinesouk.ma\/product\/rocknroller-r12-stealth-all-terrain\/#primaryimage\"},\"thumbnailUrl\":\"https:\/\/www.cinesouk.ma\/wp-content\/uploads\/2024\/08\/adicawa.jpg\",\"datePublished\":\"2024-08-27T16:37:03+00:00\",\"dateModified\":\"2026-01-24T14:15:49+00:00\",\"description\":\"The RockNRoller R12 Stealth cart offers a durable, all-terrain solution for moving equipment, perfect for photographers and videographers on the go.\",\"breadcrumb\":{\"@id\":\"https:\/\/www.cinesouk.ma\/product\/rocknroller-r12-stealth-all-terrain\/#breadcrumb\"},\"inLanguage\":\"fr-FR\",\"potentialAction\":[{\"@type\":\"ReadAction\",\"target\":[\"https:\/\/www.cinesouk.ma\/product\/rocknroller-r12-stealth-all-terrain\/\"]}]},{\"@type\":\"ImageObject\",\"inLanguage\":\"fr-FR\",\"@id\":\"https:\/\/www.cinesouk.ma\/product\/rocknroller-r12-stealth-all-terrain\/#primaryimage\",\"url\":\"https:\/\/www.cinesouk.ma\/wp-content\/uploads\/2024\/08\/adicawa.jpg\",\"contentUrl\":\"https:\/\/www.cinesouk.ma\/wp-content\/uploads\/2024\/08\/adicawa.jpg\",\"width\":300,\"height\":238,\"caption\":\"RockNRoller R12 Stealth\"},{\"@type\":\"BreadcrumbList\",\"@id\":\"https:\/\/www.cinesouk.ma\/product\/rocknroller-r12-stealth-all-terrain\/#breadcrumb\",\"itemListElement\":[{\"@type\":\"ListItem\",\"position\":1,\"name\":\"Home\",\"item\":\"https:\/\/www.cinesouk.ma\/\"},{\"@type\":\"ListItem\",\"position\":2,\"name\":\"Shop\",\"item\":\"https:\/\/www.cinesouk.ma\/shop\/\"},{\"@type\":\"ListItem\",\"position\":3,\"name\":\"RockNRoller R12 Stealth (All-Terrain)\"}]},{\"@type\":\"WebSite\",\"@id\":\"https:\/\/www.cinesouk.ma\/#website\",\"url\":\"https:\/\/www.cinesouk.ma\/\",\"name\":\"CineSouk\",\"description\":\"\",\"publisher\":{\"@id\":\"https:\/\/www.cinesouk.ma\/#organization\"},\"potentialAction\":[{\"@type\":\"SearchAction\",\"target\":{\"@type\":\"EntryPoint\",\"urlTemplate\":\"https:\/\/www.cinesouk.ma\/?s={search_term_string}\"},\"query-input\":{\"@type\":\"PropertyValueSpecification\",\"valueRequired\":true,\"valueName\":\"search_term_string\"}}],\"inLanguage\":\"fr-FR\"},{\"@type\":\"Organization\",\"@id\":\"https:\/\/www.cinesouk.ma\/#organization\",\"name\":\"CineSouk\",\"url\":\"https:\/\/www.cinesouk.ma\/\",\"logo\":{\"@type\":\"ImageObject\",\"inLanguage\":\"fr-FR\",\"@id\":\"https:\/\/www.cinesouk.ma\/#\/schema\/logo\/image\/\",\"url\":\"https:\/\/www.cinesouk.ma\/wp-content\/uploads\/2024\/01\/CineSouk-logo-v01-alpha-alligned-left.png\",\"contentUrl\":\"https:\/\/www.cinesouk.ma\/wp-content\/uploads\/2024\/01\/CineSouk-logo-v01-alpha-alligned-left.png\",\"width\":3204,\"height\":889,\"caption\":\"CineSouk\"},\"image\":{\"@id\":\"https:\/\/www.cinesouk.ma\/#\/schema\/logo\/image\/\"}}]}<\/script>\n<!-- \/ Yoast SEO Premium plugin. -->","yoast_head_json":{"title":"RockNRoller R12 Stealth (All-Terrain) - CineSouk - For rent","description":"The RockNRoller R12 Stealth cart offers a durable, all-terrain solution for moving equipment, perfect for photographers and videographers on the go.","robots":{"index":"index","follow":"follow","max-snippet":"max-snippet:-1","max-image-preview":"max-image-preview:large","max-video-preview":"max-video-preview:-1"},"canonical":"https:\/\/www.cinesouk.ma\/fr\/produit\/rocknroller-r12-stealth-all-terrain\/","og_locale":"fr_FR","og_type":"article","og_title":"RockNRoller R12 Stealth","og_description":"The RockNRoller R12 Stealth cart offers a durable, all-terrain solution for moving equipment, perfect for photographers and videographers on the go.","og_url":"https:\/\/www.cinesouk.ma\/fr\/produit\/rocknroller-r12-stealth-all-terrain\/","og_site_name":"CineSouk","article_modified_time":"2026-01-24T14:15:49+00:00","og_image":[{"width":300,"height":238,"url":"https:\/\/www.cinesouk.ma\/wp-content\/uploads\/2024\/08\/adicawa.jpg","type":"image\/jpeg"}],"twitter_card":"summary_large_image","twitter_title":"RockNRoller R12 Stealth (All-Terrain)","twitter_description":"The RockNRoller R12 Stealth cart offers a durable, all-terrain solution for moving equipment, perfect for photographers and videographers on the go.","twitter_misc":{"Dur\u00e9e de lecture estim\u00e9e":"2 minutes"},"schema":{"@context":"https:\/\/schema.org","@graph":[{"@type":"WebPage","@id":"https:\/\/www.cinesouk.ma\/product\/rocknroller-r12-stealth-all-terrain\/","url":"https:\/\/www.cinesouk.ma\/product\/rocknroller-r12-stealth-all-terrain\/","name":"RockNRoller R12 Stealth (All-Terrain) - CineSouk - For rent","isPartOf":{"@id":"https:\/\/www.cinesouk.ma\/#website"},"primaryImageOfPage":{"@id":"https:\/\/www.cinesouk.ma\/product\/rocknroller-r12-stealth-all-terrain\/#primaryimage"},"image":{"@id":"https:\/\/www.cinesouk.ma\/product\/rocknroller-r12-stealth-all-terrain\/#primaryimage"},"thumbnailUrl":"https:\/\/www.cinesouk.ma\/wp-content\/uploads\/2024\/08\/adicawa.jpg","datePublished":"2024-08-27T16:37:03+00:00","dateModified":"2026-01-24T14:15:49+00:00","description":"The RockNRoller R12 Stealth cart offers a durable, all-terrain solution for moving equipment, perfect for photographers and videographers on the go.","breadcrumb":{"@id":"https:\/\/www.cinesouk.ma\/product\/rocknroller-r12-stealth-all-terrain\/#breadcrumb"},"inLanguage":"fr-FR","potentialAction":[{"@type":"ReadAction","target":["https:\/\/www.cinesouk.ma\/product\/rocknroller-r12-stealth-all-terrain\/"]}]},{"@type":"ImageObject","inLanguage":"fr-FR","@id":"https:\/\/www.cinesouk.ma\/product\/rocknroller-r12-stealth-all-terrain\/#primaryimage","url":"https:\/\/www.cinesouk.ma\/wp-content\/uploads\/2024\/08\/adicawa.jpg","contentUrl":"https:\/\/www.cinesouk.ma\/wp-content\/uploads\/2024\/08\/adicawa.jpg","width":300,"height":238,"caption":"RockNRoller R12 Stealth"},{"@type":"BreadcrumbList","@id":"https:\/\/www.cinesouk.ma\/product\/rocknroller-r12-stealth-all-terrain\/#breadcrumb","itemListElement":[{"@type":"ListItem","position":1,"name":"Home","item":"https:\/\/www.cinesouk.ma\/"},{"@type":"ListItem","position":2,"name":"Shop","item":"https:\/\/www.cinesouk.ma\/shop\/"},{"@type":"ListItem","position":3,"name":"RockNRoller R12 Stealth (All-Terrain)"}]},{"@type":"WebSite","@id":"https:\/\/www.cinesouk.ma\/#website","url":"https:\/\/www.cinesouk.ma\/","name":"CineSouk","description":"","publisher":{"@id":"https:\/\/www.cinesouk.ma\/#organization"},"potentialAction":[{"@type":"SearchAction","target":{"@type":"EntryPoint","urlTemplate":"https:\/\/www.cinesouk.ma\/?s={search_term_string}"},"query-input":{"@type":"PropertyValueSpecification","valueRequired":true,"valueName":"search_term_string"}}],"inLanguage":"fr-FR"},{"@type":"Organization","@id":"https:\/\/www.cinesouk.ma\/#organization","name":"CineSouk","url":"https:\/\/www.cinesouk.ma\/","logo":{"@type":"ImageObject","inLanguage":"fr-FR","@id":"https:\/\/www.cinesouk.ma\/#\/schema\/logo\/image\/","url":"https:\/\/www.cinesouk.ma\/wp-content\/uploads\/2024\/01\/CineSouk-logo-v01-alpha-alligned-left.png","contentUrl":"https:\/\/www.cinesouk.ma\/wp-content\/uploads\/2024\/01\/CineSouk-logo-v01-alpha-alligned-left.png","width":3204,"height":889,"caption":"CineSouk"},"image":{"@id":"https:\/\/www.cinesouk.ma\/#\/schema\/logo\/image\/"}}]}},"_links":{"self":[{"href":"https:\/\/www.cinesouk.ma\/fr\/wp-json\/wp\/v2\/product\/7419","targetHints":{"allow":["GET"]}}],"collection":[{"href":"https:\/\/www.cinesouk.ma\/fr\/wp-json\/wp\/v2\/product"}],"about":[{"href":"https:\/\/www.cinesouk.ma\/fr\/wp-json\/wp\/v2\/types\/product"}],"wp:featuredmedia":[{"embeddable":true,"href":"https:\/\/www.cinesouk.ma\/fr\/wp-json\/wp\/v2\/media\/7430"}],"wp:attachment":[{"href":"https:\/\/www.cinesouk.ma\/fr\/wp-json\/wp\/v2\/media?parent=7419"}],"wp:term":[{"taxonomy":"product_brand","embeddable":true,"href":"https:\/\/www.cinesouk.ma\/fr\/wp-json\/wp\/v2\/product_brand?post=7419"},{"taxonomy":"product_cat","embeddable":true,"href":"https:\/\/www.cinesouk.ma\/fr\/wp-json\/wp\/v2\/product_cat?post=7419"},{"taxonomy":"product_tag","embeddable":true,"href":"https:\/\/www.cinesouk.ma\/fr\/wp-json\/wp\/v2\/product_tag?post=7419"}],"curies":[{"name":"wp","href":"https:\/\/api.w.org\/{rel}","templated":true}]}}