{"id":7448,"date":"2025-03-06T04:00:41","date_gmt":"2025-03-06T04:00:41","guid":{"rendered":"https:\/\/www.cinesouk.ma\/?post_type=product&#038;p=7448"},"modified":"2025-08-18T10:52:48","modified_gmt":"2025-08-18T10:52:48","slug":"amaran-spotlight-se-36-lens-kit","status":"publish","type":"product","link":"https:\/\/www.cinesouk.ma\/fr\/produit\/amaran-spotlight-se-36-lens-kit\/","title":{"rendered":"Amaran Spotlight SE - Kit de lentilles 36"},"content":{"rendered":"<p>L'Amaran Spotlight SE - 36\u00b0 Lens Kit combine polyvalence et pr\u00e9cision, offrant aux utilisateurs la possibilit\u00e9 de fa\u00e7onner et de contr\u00f4ler la lumi\u00e8re avec pr\u00e9cision. L'objectif 36\u00b0 inclus fournit un faisceau focalis\u00e9 qui est id\u00e9al pour une vari\u00e9t\u00e9 d'applications, des tournages en studio aux productions sur site.<\/p>\n<h3>Caract\u00e9ristiques de l'Amaran Spotlight SE - 36\u00b0 Lens Kit<\/h3>\n<h4>Projecteur de haute qualit\u00e9<\/h4>\n<ul>\n<li>Ing\u00e9nierie de pr\u00e9cision : Con\u00e7ue pour produire un faisceau lumineux coh\u00e9rent et homog\u00e8ne, parfaite pour mettre en valeur des zones ou des sujets sp\u00e9cifiques.<\/li>\n<li>Construction durable : Construit avec des mat\u00e9riaux robustes pour r\u00e9sister aux exigences d'une utilisation professionnelle.<\/li>\n<\/ul>\n<h4>Lentille 36<\/h4>\n<ul>\n<li>Faisceau focalis\u00e9 : offre un angle de faisceau de 36\u00b0, permettant un contr\u00f4le pr\u00e9cis de la zone d'\u00e9clairage.<\/li>\n<li>Haute qualit\u00e9 optique : Garantit une dispersion minimale de la lumi\u00e8re et une mise au point maximale, en pr\u00e9servant l'int\u00e9grit\u00e9 de la sortie lumineuse.<\/li>\n<\/ul>\n<h4>Options de montage polyvalentes<\/h4>\n<ul>\n<li>Monture Bowens standard : Compatible avec une large gamme de modificateurs de lumi\u00e8re, am\u00e9liorant sa polyvalence dans diff\u00e9rentes configurations d'\u00e9clairage.<\/li>\n<li>Fixation s\u00fbre : La lentille reste fermement en place pendant l'utilisation, ce qui permet d'obtenir des performances fiables et constantes.<\/li>\n<\/ul>\n<h4>Facile \u00e0 utiliser<\/h4>\n<ul>\n<li>Commandes intuitives : Interface simple et conviviale pour des r\u00e9glages et une configuration rapides.<\/li>\n<li>Conception compacte : L\u00e9ger et portable, il est facile \u00e0 transporter et \u00e0 installer dans diff\u00e9rents endroits.<\/li>\n<\/ul>\n<h4>Effets de lumi\u00e8re cr\u00e9atifs<\/h4>\n<ul>\n<li>Focalisation r\u00e9glable du faisceau : Permet aux utilisateurs de r\u00e9gler avec pr\u00e9cision la focalisation et la forme de la lumi\u00e8re, offrant ainsi un contr\u00f4le cr\u00e9atif sur les effets d'\u00e9clairage.<\/li>\n<li>Compatibilit\u00e9 avec les gobos : Compatible avec les supports de gobos standard, permettant la projection de motifs et de formes pour des effets visuels am\u00e9lior\u00e9s.<\/li>\n<\/ul>\n<p>Louez l'Amaran Spotlight SE - 36\u00b0 Lens Kit maintenant sur <a href=\"https:\/\/www.cinesouk.ma\/fr\">CINESOUK<\/a> - une marque de <a href=\"https:\/\/www.broadway.ma\/\">BROADWAY PRODUCTIONS SARL.<\/a><\/p>","protected":false},"excerpt":{"rendered":"<p>Sp\u00e9cifications<br \/>\nType de projecteur : Projecteur de pr\u00e9cision de haute qualit\u00e9<br \/>\nAngle de la lentille : Angle de rayonnement de 36<br \/>\nMonture : Monture Bowens standard<br \/>\nConstruction : Mat\u00e9riaux durables pour une utilisation professionnelle<br \/>\nContr\u00f4le : Interface intuitive et conviviale<br \/>\nCompatibilit\u00e9 : Compatible avec les supports de gobos et divers modificateurs de lumi\u00e8re<br \/>\nDimensions : Conception compacte et l\u00e9g\u00e8re<br \/>\nPoids : Environ 2 kg<\/p>","protected":false},"featured_media":13212,"template":"","meta":{"om_disable_all_campaigns":false,"_monsterinsights_skip_tracking":false,"_monsterinsights_sitenote_active":false,"_monsterinsights_sitenote_note":"","_monsterinsights_sitenote_category":0,"_uf_show_specific_survey":0,"_uf_disable_surveys":false},"product_brand":[],"product_cat":[131,20],"product_tag":[],"class_list":{"0":"post-7448","1":"product","2":"type-product","3":"status-publish","4":"has-post-thumbnail","6":"product_cat-light-eventsouk","7":"product_cat-light-cinesouk","9":"entry","10":"has-media","12":"first","13":"instock","14":"taxable","15":"shipping-taxable","16":"purchasable","17":"product-type-variable","18":"has-product-nav","19":"col","20":"span_1_of_3","21":"owp-content-center","22":"owp-thumbs-layout-horizontal","23":"owp-btn-normal","24":"owp-tabs-layout-horizontal"},"yoast_head":"<!-- This site is optimized with the Yoast SEO Premium plugin v26.0 (Yoast SEO v26.0) - https:\/\/yoast.com\/wordpress\/plugins\/seo\/ -->\n<title>Amaran Spotlight SE - 36\u00b0 Lens Kit - CineSouk - For rent<\/title>\n<meta name=\"description\" content=\"Focused and precise, the Amaran Spotlight SE - 36\u00b0 Lens Kit delivers high-quality beams, perfect for detailed lighting effects in various settings.- CineSouk\" \/>\n<meta name=\"robots\" content=\"index, follow, max-snippet:-1, max-image-preview:large, max-video-preview:-1\" \/>\n<link rel=\"canonical\" href=\"https:\/\/www.cinesouk.ma\/fr\/produit\/amaran-spotlight-se-36-lens-kit\/\" \/>\n<meta property=\"og:locale\" content=\"fr_FR\" \/>\n<meta property=\"og:type\" content=\"article\" \/>\n<meta property=\"og:title\" content=\"Amaran Spotlight SE - 36\u00b0 Lens Kit\" \/>\n<meta property=\"og:description\" content=\"Focused and precise, the Amaran Spotlight SE - 36\u00b0 Lens Kit delivers high-quality beams, perfect for detailed lighting effects in various settings.- CineSouk\" \/>\n<meta property=\"og:url\" content=\"https:\/\/www.cinesouk.ma\/fr\/produit\/amaran-spotlight-se-36-lens-kit\/\" \/>\n<meta property=\"og:site_name\" content=\"CineSouk\" \/>\n<meta property=\"article:modified_time\" content=\"2025-08-18T10:52:48+00:00\" \/>\n<meta property=\"og:image\" content=\"https:\/\/www.cinesouk.ma\/wp-content\/uploads\/2025\/03\/Amaran-spotlight-se-36-lens-kit.jpg\" \/>\n\t<meta property=\"og:image:width\" content=\"300\" \/>\n\t<meta property=\"og:image:height\" content=\"238\" \/>\n\t<meta property=\"og:image:type\" content=\"image\/jpeg\" \/>\n<meta name=\"twitter:card\" content=\"summary_large_image\" \/>\n<meta name=\"twitter:description\" content=\"Focused and precise, the Amaran Spotlight SE - 36\u00b0 Lens Kit delivers high-quality beams, perfect for detailed lighting effects in various settings.- CineSouk\" \/>\n<meta name=\"twitter:label1\" content=\"Dur\u00e9e de lecture estim\u00e9e\" \/>\n\t<meta name=\"twitter:data1\" content=\"2 minutes\" \/>\n<script type=\"application\/ld+json\" class=\"yoast-schema-graph\">{\"@context\":\"https:\/\/schema.org\",\"@graph\":[{\"@type\":\"WebPage\",\"@id\":\"https:\/\/www.cinesouk.ma\/product\/amaran-spotlight-se-36-lens-kit\/\",\"url\":\"https:\/\/www.cinesouk.ma\/product\/amaran-spotlight-se-36-lens-kit\/\",\"name\":\"Amaran Spotlight SE - 36\u00b0 Lens Kit - CineSouk - For rent\",\"isPartOf\":{\"@id\":\"https:\/\/www.cinesouk.ma\/#website\"},\"primaryImageOfPage\":{\"@id\":\"https:\/\/www.cinesouk.ma\/product\/amaran-spotlight-se-36-lens-kit\/#primaryimage\"},\"image\":{\"@id\":\"https:\/\/www.cinesouk.ma\/product\/amaran-spotlight-se-36-lens-kit\/#primaryimage\"},\"thumbnailUrl\":\"https:\/\/www.cinesouk.ma\/wp-content\/uploads\/2025\/03\/Amaran-spotlight-se-36-lens-kit_-1-1.jpg\",\"datePublished\":\"2025-03-06T04:00:41+00:00\",\"dateModified\":\"2025-08-18T10:52:48+00:00\",\"description\":\"Focused and precise, the Amaran Spotlight SE - 36\u00b0 Lens Kit delivers high-quality beams, perfect for detailed lighting effects in various settings.- CineSouk\",\"breadcrumb\":{\"@id\":\"https:\/\/www.cinesouk.ma\/product\/amaran-spotlight-se-36-lens-kit\/#breadcrumb\"},\"inLanguage\":\"fr-FR\",\"potentialAction\":[{\"@type\":\"ReadAction\",\"target\":[\"https:\/\/www.cinesouk.ma\/product\/amaran-spotlight-se-36-lens-kit\/\"]}]},{\"@type\":\"ImageObject\",\"inLanguage\":\"fr-FR\",\"@id\":\"https:\/\/www.cinesouk.ma\/product\/amaran-spotlight-se-36-lens-kit\/#primaryimage\",\"url\":\"https:\/\/www.cinesouk.ma\/wp-content\/uploads\/2025\/03\/Amaran-spotlight-se-36-lens-kit_-1-1.jpg\",\"contentUrl\":\"https:\/\/www.cinesouk.ma\/wp-content\/uploads\/2025\/03\/Amaran-spotlight-se-36-lens-kit_-1-1.jpg\",\"width\":300,\"height\":238,\"caption\":\"Amaran spotlight se 36 lens kit_\"},{\"@type\":\"BreadcrumbList\",\"@id\":\"https:\/\/www.cinesouk.ma\/product\/amaran-spotlight-se-36-lens-kit\/#breadcrumb\",\"itemListElement\":[{\"@type\":\"ListItem\",\"position\":1,\"name\":\"Home\",\"item\":\"https:\/\/www.cinesouk.ma\/\"},{\"@type\":\"ListItem\",\"position\":2,\"name\":\"Shop\",\"item\":\"https:\/\/www.cinesouk.ma\/shop\/\"},{\"@type\":\"ListItem\",\"position\":3,\"name\":\"Amaran Spotlight SE &#8211; 36\u00b0 Lens Kit\"}]},{\"@type\":\"WebSite\",\"@id\":\"https:\/\/www.cinesouk.ma\/#website\",\"url\":\"https:\/\/www.cinesouk.ma\/\",\"name\":\"CineSouk\",\"description\":\"\",\"publisher\":{\"@id\":\"https:\/\/www.cinesouk.ma\/#organization\"},\"potentialAction\":[{\"@type\":\"SearchAction\",\"target\":{\"@type\":\"EntryPoint\",\"urlTemplate\":\"https:\/\/www.cinesouk.ma\/?s={search_term_string}\"},\"query-input\":{\"@type\":\"PropertyValueSpecification\",\"valueRequired\":true,\"valueName\":\"search_term_string\"}}],\"inLanguage\":\"fr-FR\"},{\"@type\":\"Organization\",\"@id\":\"https:\/\/www.cinesouk.ma\/#organization\",\"name\":\"CineSouk\",\"url\":\"https:\/\/www.cinesouk.ma\/\",\"logo\":{\"@type\":\"ImageObject\",\"inLanguage\":\"fr-FR\",\"@id\":\"https:\/\/www.cinesouk.ma\/#\/schema\/logo\/image\/\",\"url\":\"https:\/\/www.cinesouk.ma\/wp-content\/uploads\/2024\/01\/CineSouk-logo-v01-alpha-alligned-left.png\",\"contentUrl\":\"https:\/\/www.cinesouk.ma\/wp-content\/uploads\/2024\/01\/CineSouk-logo-v01-alpha-alligned-left.png\",\"width\":3204,\"height\":889,\"caption\":\"CineSouk\"},\"image\":{\"@id\":\"https:\/\/www.cinesouk.ma\/#\/schema\/logo\/image\/\"}}]}<\/script>\n<!-- \/ Yoast SEO Premium plugin. -->","yoast_head_json":{"title":"Amaran Spotlight SE - 36\u00b0 Lens Kit - CineSouk - For rent","description":"Focused and precise, the Amaran Spotlight SE - 36\u00b0 Lens Kit delivers high-quality beams, perfect for detailed lighting effects in various settings.- CineSouk","robots":{"index":"index","follow":"follow","max-snippet":"max-snippet:-1","max-image-preview":"max-image-preview:large","max-video-preview":"max-video-preview:-1"},"canonical":"https:\/\/www.cinesouk.ma\/fr\/produit\/amaran-spotlight-se-36-lens-kit\/","og_locale":"fr_FR","og_type":"article","og_title":"Amaran Spotlight SE - 36\u00b0 Lens Kit","og_description":"Focused and precise, the Amaran Spotlight SE - 36\u00b0 Lens Kit delivers high-quality beams, perfect for detailed lighting effects in various settings.- CineSouk","og_url":"https:\/\/www.cinesouk.ma\/fr\/produit\/amaran-spotlight-se-36-lens-kit\/","og_site_name":"CineSouk","article_modified_time":"2025-08-18T10:52:48+00:00","og_image":[{"width":300,"height":238,"url":"https:\/\/www.cinesouk.ma\/wp-content\/uploads\/2025\/03\/Amaran-spotlight-se-36-lens-kit.jpg","type":"image\/jpeg"}],"twitter_card":"summary_large_image","twitter_description":"Focused and precise, the Amaran Spotlight SE - 36\u00b0 Lens Kit delivers high-quality beams, perfect for detailed lighting effects in various settings.- CineSouk","twitter_misc":{"Dur\u00e9e de lecture estim\u00e9e":"2 minutes"},"schema":{"@context":"https:\/\/schema.org","@graph":[{"@type":"WebPage","@id":"https:\/\/www.cinesouk.ma\/product\/amaran-spotlight-se-36-lens-kit\/","url":"https:\/\/www.cinesouk.ma\/product\/amaran-spotlight-se-36-lens-kit\/","name":"Amaran Spotlight SE - 36\u00b0 Lens Kit - CineSouk - For rent","isPartOf":{"@id":"https:\/\/www.cinesouk.ma\/#website"},"primaryImageOfPage":{"@id":"https:\/\/www.cinesouk.ma\/product\/amaran-spotlight-se-36-lens-kit\/#primaryimage"},"image":{"@id":"https:\/\/www.cinesouk.ma\/product\/amaran-spotlight-se-36-lens-kit\/#primaryimage"},"thumbnailUrl":"https:\/\/www.cinesouk.ma\/wp-content\/uploads\/2025\/03\/Amaran-spotlight-se-36-lens-kit_-1-1.jpg","datePublished":"2025-03-06T04:00:41+00:00","dateModified":"2025-08-18T10:52:48+00:00","description":"Focused and precise, the Amaran Spotlight SE - 36\u00b0 Lens Kit delivers high-quality beams, perfect for detailed lighting effects in various settings.- CineSouk","breadcrumb":{"@id":"https:\/\/www.cinesouk.ma\/product\/amaran-spotlight-se-36-lens-kit\/#breadcrumb"},"inLanguage":"fr-FR","potentialAction":[{"@type":"ReadAction","target":["https:\/\/www.cinesouk.ma\/product\/amaran-spotlight-se-36-lens-kit\/"]}]},{"@type":"ImageObject","inLanguage":"fr-FR","@id":"https:\/\/www.cinesouk.ma\/product\/amaran-spotlight-se-36-lens-kit\/#primaryimage","url":"https:\/\/www.cinesouk.ma\/wp-content\/uploads\/2025\/03\/Amaran-spotlight-se-36-lens-kit_-1-1.jpg","contentUrl":"https:\/\/www.cinesouk.ma\/wp-content\/uploads\/2025\/03\/Amaran-spotlight-se-36-lens-kit_-1-1.jpg","width":300,"height":238,"caption":"Amaran spotlight se 36 lens kit_"},{"@type":"BreadcrumbList","@id":"https:\/\/www.cinesouk.ma\/product\/amaran-spotlight-se-36-lens-kit\/#breadcrumb","itemListElement":[{"@type":"ListItem","position":1,"name":"Home","item":"https:\/\/www.cinesouk.ma\/"},{"@type":"ListItem","position":2,"name":"Shop","item":"https:\/\/www.cinesouk.ma\/shop\/"},{"@type":"ListItem","position":3,"name":"Amaran Spotlight SE &#8211; 36\u00b0 Lens Kit"}]},{"@type":"WebSite","@id":"https:\/\/www.cinesouk.ma\/#website","url":"https:\/\/www.cinesouk.ma\/","name":"CineSouk","description":"","publisher":{"@id":"https:\/\/www.cinesouk.ma\/#organization"},"potentialAction":[{"@type":"SearchAction","target":{"@type":"EntryPoint","urlTemplate":"https:\/\/www.cinesouk.ma\/?s={search_term_string}"},"query-input":{"@type":"PropertyValueSpecification","valueRequired":true,"valueName":"search_term_string"}}],"inLanguage":"fr-FR"},{"@type":"Organization","@id":"https:\/\/www.cinesouk.ma\/#organization","name":"CineSouk","url":"https:\/\/www.cinesouk.ma\/","logo":{"@type":"ImageObject","inLanguage":"fr-FR","@id":"https:\/\/www.cinesouk.ma\/#\/schema\/logo\/image\/","url":"https:\/\/www.cinesouk.ma\/wp-content\/uploads\/2024\/01\/CineSouk-logo-v01-alpha-alligned-left.png","contentUrl":"https:\/\/www.cinesouk.ma\/wp-content\/uploads\/2024\/01\/CineSouk-logo-v01-alpha-alligned-left.png","width":3204,"height":889,"caption":"CineSouk"},"image":{"@id":"https:\/\/www.cinesouk.ma\/#\/schema\/logo\/image\/"}}]}},"_links":{"self":[{"href":"https:\/\/www.cinesouk.ma\/fr\/wp-json\/wp\/v2\/product\/7448","targetHints":{"allow":["GET"]}}],"collection":[{"href":"https:\/\/www.cinesouk.ma\/fr\/wp-json\/wp\/v2\/product"}],"about":[{"href":"https:\/\/www.cinesouk.ma\/fr\/wp-json\/wp\/v2\/types\/product"}],"wp:featuredmedia":[{"embeddable":true,"href":"https:\/\/www.cinesouk.ma\/fr\/wp-json\/wp\/v2\/media\/13212"}],"wp:attachment":[{"href":"https:\/\/www.cinesouk.ma\/fr\/wp-json\/wp\/v2\/media?parent=7448"}],"wp:term":[{"taxonomy":"product_brand","embeddable":true,"href":"https:\/\/www.cinesouk.ma\/fr\/wp-json\/wp\/v2\/product_brand?post=7448"},{"taxonomy":"product_cat","embeddable":true,"href":"https:\/\/www.cinesouk.ma\/fr\/wp-json\/wp\/v2\/product_cat?post=7448"},{"taxonomy":"product_tag","embeddable":true,"href":"https:\/\/www.cinesouk.ma\/fr\/wp-json\/wp\/v2\/product_tag?post=7448"}],"curies":[{"name":"wp","href":"https:\/\/api.w.org\/{rel}","templated":true}]}}