{"id":7472,"date":"2024-02-20T16:18:55","date_gmt":"2024-02-20T16:18:55","guid":{"rendered":"https:\/\/www.cinesouk.ma\/?post_type=product&#038;p=7472"},"modified":"2025-08-22T11:02:37","modified_gmt":"2025-08-22T11:02:37","slug":"benro-mach3-tma48cxl-carbon-fiber-tripod","status":"publish","type":"product","link":"https:\/\/www.cinesouk.ma\/fr\/produit\/benro-mach3-tma48cxl-carbon-fiber-tripod\/","title":{"rendered":"Benro Mach3 TMA48CXL Tr\u00e9pied en fibre de carbone"},"content":{"rendered":"<div class=\"flex max-w-full flex-col flex-grow\">\n<div class=\"min-h-[20px] text-message flex w-full flex-col items-end gap-2 break-words [.text-message+&amp;]:mt-5 overflow-x-auto whitespace-normal\" dir=\"auto\" data-message-author-role=\"assistant\" data-message-id=\"863679a3-08b7-4d8e-b105-ccbfdcf0e536\">\n<div class=\"flex w-full flex-col gap-1 empty:hidden first:pt-[3px]\">\n<div class=\"markdown prose w-full break-words dark:prose-invert light\">\n<p>Le tr\u00e9pied en fibre de carbone Benro Mach3 TMA48CXL offre aux photographes et vid\u00e9astes stabilit\u00e9, durabilit\u00e9 et polyvalence. Construit en fibre de carbone 9 couches de haute qualit\u00e9, ce tr\u00e9pied offre un support solide tout en restant l\u00e9ger pour un transport facile.<\/p>\n<p>Le Benro TMA48CXL est dot\u00e9 de pieds \u00e0 verrouillage rotatif pour une installation rapide et s\u00fbre. Vous pouvez ajuster les pieds ind\u00e9pendamment \u00e0 diff\u00e9rents angles pour les prises de vue en contre-plong\u00e9e ou sur un terrain accident\u00e9. La colonne centrale amovible permet la photographie macro invers\u00e9e ou des configurations de voyage plus compactes.<\/p>\n<p>Avec une hauteur maximale de 210 cm et une capacit\u00e9 de charge de 20 kg, ce tr\u00e9pied supporte facilement les appareils photo lourds, y compris les t\u00e9l\u00e9objectifs et les cam\u00e9ras vid\u00e9o. Les pieds \u00e0 pointes ajoutent de la stabilit\u00e9 sur les sols meubles, tandis que les pieds en caoutchouc offrent une bonne adh\u00e9rence sur les surfaces int\u00e9rieures.<\/p>\n<p>Con\u00e7u pour une utilisation professionnelle, le Benro Mach3 TMA48CXL offre aux photographes et vid\u00e9astes un fonctionnement efficace et fiable. Sa pr\u00e9cision, sa durabilit\u00e9 et son adaptabilit\u00e9 conviennent \u00e0 une large gamme de param\u00e8tres. Qu'il s'agisse de photographier des paysages, des d\u00e9tails macro ou des vid\u00e9os dynamiques, le Benro Mach3 TMA48CXL vous permet de capturer des r\u00e9sultats de haute qualit\u00e9 dans n'importe quel environnement.<\/p>\n<\/div>\n<\/div>\n<\/div>\n<\/div>\n<p>Louez-le maintenant sur <a href=\"https:\/\/www.cinesouk.ma\/fr\">CINESOUK<\/a> - une marque de <a href=\"https:\/\/www.broadway.ma\/\">BROADWAY PRODUCTIONS SARL.<\/a><\/p>","protected":false},"excerpt":{"rendered":"<p>Sp\u00e9cifications<\/p>\n<p>Mat\u00e9riau : Fibre de carbone 9 couches<br \/>\nHauteur maximale : 210 cm<br \/>\nHauteur minimale : 40 cm<br \/>\nLongueur pli\u00e9e : 64 cm<br \/>\nCapacit\u00e9 de charge : 20 kg<br \/>\nSections des jambes : 4<br \/>\nType de verrouillage des jambes : Verrouillage par rotation<br \/>\nPoids : 2,7 kg<br \/>\nType de pieds : Pieds \u00e0 pointes et pieds en caoutchouc inclus<\/p>","protected":false},"featured_media":7805,"template":"","meta":{"om_disable_all_campaigns":false,"_monsterinsights_skip_tracking":false,"_monsterinsights_sitenote_active":false,"_monsterinsights_sitenote_note":"","_monsterinsights_sitenote_category":0,"_uf_show_specific_survey":0,"_uf_disable_surveys":false},"product_brand":[],"product_cat":[134,79,75],"product_tag":[],"class_list":{"0":"post-7472","1":"product","2":"type-product","3":"status-publish","4":"has-post-thumbnail","6":"product_cat-tripod-and-support-eventsouk","7":"product_cat-photography-cinesouk","8":"product_cat-tripod-and-support-cinesouk","10":"entry","11":"has-media","13":"first","14":"instock","15":"taxable","16":"shipping-taxable","17":"purchasable","18":"product-type-variable","19":"has-product-nav","20":"col","21":"span_1_of_3","22":"owp-content-center","23":"owp-thumbs-layout-horizontal","24":"owp-btn-normal","25":"owp-tabs-layout-horizontal","26":"has-no-thumbnails"},"yoast_head":"<!-- This site is optimized with the Yoast SEO Premium plugin v26.0 (Yoast SEO v26.0) - https:\/\/yoast.com\/wordpress\/plugins\/seo\/ -->\n<title>Benro Mach3 TMA48CXL - CineSouk - For rent<\/title>\n<meta name=\"description\" content=\"Benro Mach3 TMA48CXL - Extra-long carbon fiber tripod for professional vertical photography, offering stability, portability, and precise adjustments.\" \/>\n<meta name=\"robots\" content=\"index, follow, max-snippet:-1, max-image-preview:large, max-video-preview:-1\" \/>\n<link rel=\"canonical\" href=\"https:\/\/www.cinesouk.ma\/fr\/produit\/benro-mach3-tma48cxl-carbon-fiber-tripod\/\" \/>\n<meta property=\"og:locale\" content=\"fr_FR\" \/>\n<meta property=\"og:type\" content=\"article\" \/>\n<meta property=\"og:title\" content=\"Benro Mach3 TMA48CXL\" \/>\n<meta property=\"og:description\" content=\"Benro Mach3 TMA48CXL - Extra-long carbon fiber tripod for professional vertical photography, offering stability, portability, and precise adjustments.\" \/>\n<meta property=\"og:url\" content=\"https:\/\/www.cinesouk.ma\/fr\/produit\/benro-mach3-tma48cxl-carbon-fiber-tripod\/\" \/>\n<meta property=\"og:site_name\" content=\"CineSouk\" \/>\n<meta property=\"article:modified_time\" content=\"2025-08-22T11:02:37+00:00\" \/>\n<meta property=\"og:image\" content=\"https:\/\/www.cinesouk.ma\/wp-content\/uploads\/2024\/08\/Benro-Mach3-TMA38CL.jpg\" \/>\n\t<meta property=\"og:image:width\" content=\"300\" \/>\n\t<meta property=\"og:image:height\" content=\"238\" \/>\n\t<meta property=\"og:image:type\" content=\"image\/jpeg\" \/>\n<meta name=\"twitter:card\" content=\"summary_large_image\" \/>\n<meta name=\"twitter:title\" content=\"Benro Mach3 TMA48CXL Carbon Fiber Tripod\" \/>\n<meta name=\"twitter:description\" content=\"Benro Mach3 TMA48CXL - Extra-long carbon fiber tripod for professional vertical photography, offering stability, portability, and precise adjustments.\" \/>\n<meta name=\"twitter:label1\" content=\"Dur\u00e9e de lecture estim\u00e9e\" \/>\n\t<meta name=\"twitter:data1\" content=\"1 minute\" \/>\n<script type=\"application\/ld+json\" class=\"yoast-schema-graph\">{\"@context\":\"https:\/\/schema.org\",\"@graph\":[{\"@type\":\"WebPage\",\"@id\":\"https:\/\/www.cinesouk.ma\/product\/benro-mach3-tma48cxl-carbon-fiber-tripod\/\",\"url\":\"https:\/\/www.cinesouk.ma\/product\/benro-mach3-tma48cxl-carbon-fiber-tripod\/\",\"name\":\"Benro Mach3 TMA48CXL - CineSouk - For rent\",\"isPartOf\":{\"@id\":\"https:\/\/www.cinesouk.ma\/#website\"},\"primaryImageOfPage\":{\"@id\":\"https:\/\/www.cinesouk.ma\/product\/benro-mach3-tma48cxl-carbon-fiber-tripod\/#primaryimage\"},\"image\":{\"@id\":\"https:\/\/www.cinesouk.ma\/product\/benro-mach3-tma48cxl-carbon-fiber-tripod\/#primaryimage\"},\"thumbnailUrl\":\"https:\/\/www.cinesouk.ma\/wp-content\/uploads\/2024\/08\/Benro-Mach3-TMA38CL.jpg\",\"datePublished\":\"2024-02-20T16:18:55+00:00\",\"dateModified\":\"2025-08-22T11:02:37+00:00\",\"description\":\"Benro Mach3 TMA48CXL - Extra-long carbon fiber tripod for professional vertical photography, offering stability, portability, and precise adjustments.\",\"breadcrumb\":{\"@id\":\"https:\/\/www.cinesouk.ma\/product\/benro-mach3-tma48cxl-carbon-fiber-tripod\/#breadcrumb\"},\"inLanguage\":\"fr-FR\",\"potentialAction\":[{\"@type\":\"ReadAction\",\"target\":[\"https:\/\/www.cinesouk.ma\/product\/benro-mach3-tma48cxl-carbon-fiber-tripod\/\"]}]},{\"@type\":\"ImageObject\",\"inLanguage\":\"fr-FR\",\"@id\":\"https:\/\/www.cinesouk.ma\/product\/benro-mach3-tma48cxl-carbon-fiber-tripod\/#primaryimage\",\"url\":\"https:\/\/www.cinesouk.ma\/wp-content\/uploads\/2024\/08\/Benro-Mach3-TMA38CL.jpg\",\"contentUrl\":\"https:\/\/www.cinesouk.ma\/wp-content\/uploads\/2024\/08\/Benro-Mach3-TMA38CL.jpg\",\"width\":300,\"height\":238,\"caption\":\"Benro Mach3 TMA48CXL\"},{\"@type\":\"BreadcrumbList\",\"@id\":\"https:\/\/www.cinesouk.ma\/product\/benro-mach3-tma48cxl-carbon-fiber-tripod\/#breadcrumb\",\"itemListElement\":[{\"@type\":\"ListItem\",\"position\":1,\"name\":\"Home\",\"item\":\"https:\/\/www.cinesouk.ma\/\"},{\"@type\":\"ListItem\",\"position\":2,\"name\":\"Shop\",\"item\":\"https:\/\/www.cinesouk.ma\/shop\/\"},{\"@type\":\"ListItem\",\"position\":3,\"name\":\"Benro Mach3 TMA48CXL Carbon Fiber Tripod\"}]},{\"@type\":\"WebSite\",\"@id\":\"https:\/\/www.cinesouk.ma\/#website\",\"url\":\"https:\/\/www.cinesouk.ma\/\",\"name\":\"CineSouk\",\"description\":\"\",\"publisher\":{\"@id\":\"https:\/\/www.cinesouk.ma\/#organization\"},\"potentialAction\":[{\"@type\":\"SearchAction\",\"target\":{\"@type\":\"EntryPoint\",\"urlTemplate\":\"https:\/\/www.cinesouk.ma\/?s={search_term_string}\"},\"query-input\":{\"@type\":\"PropertyValueSpecification\",\"valueRequired\":true,\"valueName\":\"search_term_string\"}}],\"inLanguage\":\"fr-FR\"},{\"@type\":\"Organization\",\"@id\":\"https:\/\/www.cinesouk.ma\/#organization\",\"name\":\"CineSouk\",\"url\":\"https:\/\/www.cinesouk.ma\/\",\"logo\":{\"@type\":\"ImageObject\",\"inLanguage\":\"fr-FR\",\"@id\":\"https:\/\/www.cinesouk.ma\/#\/schema\/logo\/image\/\",\"url\":\"https:\/\/www.cinesouk.ma\/wp-content\/uploads\/2024\/01\/CineSouk-logo-v01-alpha-alligned-left.png\",\"contentUrl\":\"https:\/\/www.cinesouk.ma\/wp-content\/uploads\/2024\/01\/CineSouk-logo-v01-alpha-alligned-left.png\",\"width\":3204,\"height\":889,\"caption\":\"CineSouk\"},\"image\":{\"@id\":\"https:\/\/www.cinesouk.ma\/#\/schema\/logo\/image\/\"}}]}<\/script>\n<!-- \/ Yoast SEO Premium plugin. -->","yoast_head_json":{"title":"Benro Mach3 TMA48CXL - CineSouk - For rent","description":"Benro Mach3 TMA48CXL - Extra-long carbon fiber tripod for professional vertical photography, offering stability, portability, and precise adjustments.","robots":{"index":"index","follow":"follow","max-snippet":"max-snippet:-1","max-image-preview":"max-image-preview:large","max-video-preview":"max-video-preview:-1"},"canonical":"https:\/\/www.cinesouk.ma\/fr\/produit\/benro-mach3-tma48cxl-carbon-fiber-tripod\/","og_locale":"fr_FR","og_type":"article","og_title":"Benro Mach3 TMA48CXL","og_description":"Benro Mach3 TMA48CXL - Extra-long carbon fiber tripod for professional vertical photography, offering stability, portability, and precise adjustments.","og_url":"https:\/\/www.cinesouk.ma\/fr\/produit\/benro-mach3-tma48cxl-carbon-fiber-tripod\/","og_site_name":"CineSouk","article_modified_time":"2025-08-22T11:02:37+00:00","og_image":[{"width":300,"height":238,"url":"https:\/\/www.cinesouk.ma\/wp-content\/uploads\/2024\/08\/Benro-Mach3-TMA38CL.jpg","type":"image\/jpeg"}],"twitter_card":"summary_large_image","twitter_title":"Benro Mach3 TMA48CXL Carbon Fiber Tripod","twitter_description":"Benro Mach3 TMA48CXL - Extra-long carbon fiber tripod for professional vertical photography, offering stability, portability, and precise adjustments.","twitter_misc":{"Dur\u00e9e de lecture estim\u00e9e":"1 minute"},"schema":{"@context":"https:\/\/schema.org","@graph":[{"@type":"WebPage","@id":"https:\/\/www.cinesouk.ma\/product\/benro-mach3-tma48cxl-carbon-fiber-tripod\/","url":"https:\/\/www.cinesouk.ma\/product\/benro-mach3-tma48cxl-carbon-fiber-tripod\/","name":"Benro Mach3 TMA48CXL - CineSouk - For rent","isPartOf":{"@id":"https:\/\/www.cinesouk.ma\/#website"},"primaryImageOfPage":{"@id":"https:\/\/www.cinesouk.ma\/product\/benro-mach3-tma48cxl-carbon-fiber-tripod\/#primaryimage"},"image":{"@id":"https:\/\/www.cinesouk.ma\/product\/benro-mach3-tma48cxl-carbon-fiber-tripod\/#primaryimage"},"thumbnailUrl":"https:\/\/www.cinesouk.ma\/wp-content\/uploads\/2024\/08\/Benro-Mach3-TMA38CL.jpg","datePublished":"2024-02-20T16:18:55+00:00","dateModified":"2025-08-22T11:02:37+00:00","description":"Benro Mach3 TMA48CXL - Extra-long carbon fiber tripod for professional vertical photography, offering stability, portability, and precise adjustments.","breadcrumb":{"@id":"https:\/\/www.cinesouk.ma\/product\/benro-mach3-tma48cxl-carbon-fiber-tripod\/#breadcrumb"},"inLanguage":"fr-FR","potentialAction":[{"@type":"ReadAction","target":["https:\/\/www.cinesouk.ma\/product\/benro-mach3-tma48cxl-carbon-fiber-tripod\/"]}]},{"@type":"ImageObject","inLanguage":"fr-FR","@id":"https:\/\/www.cinesouk.ma\/product\/benro-mach3-tma48cxl-carbon-fiber-tripod\/#primaryimage","url":"https:\/\/www.cinesouk.ma\/wp-content\/uploads\/2024\/08\/Benro-Mach3-TMA38CL.jpg","contentUrl":"https:\/\/www.cinesouk.ma\/wp-content\/uploads\/2024\/08\/Benro-Mach3-TMA38CL.jpg","width":300,"height":238,"caption":"Benro Mach3 TMA48CXL"},{"@type":"BreadcrumbList","@id":"https:\/\/www.cinesouk.ma\/product\/benro-mach3-tma48cxl-carbon-fiber-tripod\/#breadcrumb","itemListElement":[{"@type":"ListItem","position":1,"name":"Home","item":"https:\/\/www.cinesouk.ma\/"},{"@type":"ListItem","position":2,"name":"Shop","item":"https:\/\/www.cinesouk.ma\/shop\/"},{"@type":"ListItem","position":3,"name":"Benro Mach3 TMA48CXL Carbon Fiber Tripod"}]},{"@type":"WebSite","@id":"https:\/\/www.cinesouk.ma\/#website","url":"https:\/\/www.cinesouk.ma\/","name":"CineSouk","description":"","publisher":{"@id":"https:\/\/www.cinesouk.ma\/#organization"},"potentialAction":[{"@type":"SearchAction","target":{"@type":"EntryPoint","urlTemplate":"https:\/\/www.cinesouk.ma\/?s={search_term_string}"},"query-input":{"@type":"PropertyValueSpecification","valueRequired":true,"valueName":"search_term_string"}}],"inLanguage":"fr-FR"},{"@type":"Organization","@id":"https:\/\/www.cinesouk.ma\/#organization","name":"CineSouk","url":"https:\/\/www.cinesouk.ma\/","logo":{"@type":"ImageObject","inLanguage":"fr-FR","@id":"https:\/\/www.cinesouk.ma\/#\/schema\/logo\/image\/","url":"https:\/\/www.cinesouk.ma\/wp-content\/uploads\/2024\/01\/CineSouk-logo-v01-alpha-alligned-left.png","contentUrl":"https:\/\/www.cinesouk.ma\/wp-content\/uploads\/2024\/01\/CineSouk-logo-v01-alpha-alligned-left.png","width":3204,"height":889,"caption":"CineSouk"},"image":{"@id":"https:\/\/www.cinesouk.ma\/#\/schema\/logo\/image\/"}}]}},"_links":{"self":[{"href":"https:\/\/www.cinesouk.ma\/fr\/wp-json\/wp\/v2\/product\/7472","targetHints":{"allow":["GET"]}}],"collection":[{"href":"https:\/\/www.cinesouk.ma\/fr\/wp-json\/wp\/v2\/product"}],"about":[{"href":"https:\/\/www.cinesouk.ma\/fr\/wp-json\/wp\/v2\/types\/product"}],"wp:featuredmedia":[{"embeddable":true,"href":"https:\/\/www.cinesouk.ma\/fr\/wp-json\/wp\/v2\/media\/7805"}],"wp:attachment":[{"href":"https:\/\/www.cinesouk.ma\/fr\/wp-json\/wp\/v2\/media?parent=7472"}],"wp:term":[{"taxonomy":"product_brand","embeddable":true,"href":"https:\/\/www.cinesouk.ma\/fr\/wp-json\/wp\/v2\/product_brand?post=7472"},{"taxonomy":"product_cat","embeddable":true,"href":"https:\/\/www.cinesouk.ma\/fr\/wp-json\/wp\/v2\/product_cat?post=7472"},{"taxonomy":"product_tag","embeddable":true,"href":"https:\/\/www.cinesouk.ma\/fr\/wp-json\/wp\/v2\/product_tag?post=7472"}],"curies":[{"name":"wp","href":"https:\/\/api.w.org\/{rel}","templated":true}]}}