{"id":7483,"date":"2024-11-30T16:15:03","date_gmt":"2024-11-30T16:15:03","guid":{"rendered":"https:\/\/www.cinesouk.ma\/?post_type=product&#038;p=7483"},"modified":"2025-08-18T10:13:57","modified_gmt":"2025-08-18T10:13:57","slug":"tilta-nucleus-m-wlc-t03-set","status":"publish","type":"product","link":"https:\/\/www.cinesouk.ma\/fr\/produit\/tilta-nucleus-m-wlc-t03-set\/","title":{"rendered":"Tilta Nucleus M WLC-T03 Set"},"content":{"rendered":"<p>L'ensemble Nucleus M WLC-T03 Wireless Follow Focus de Tilta se compose d'une unit\u00e9 manuelle sans fil tr\u00e8s r\u00e9active, de deux moteurs et d'autres accessoires essentiels, permettant aux utilisateurs de contr\u00f4ler \u00e0 distance plusieurs aspects de la configuration de leur objectif. Ce syst\u00e8me est donc compatible avec une large gamme d'appareils photo, ce qui en fait un outil indispensable pour les professionnels qui cherchent \u00e0 am\u00e9liorer leurs capacit\u00e9s de prise de vue.<\/p>\n<h3>Caract\u00e9ristiques du syst\u00e8me de contr\u00f4le de l'objectif sans fil<\/h3>\n<h4>Contr\u00f4le sans fil complet<\/h4>\n<p>Contr\u00f4le \u00e0 3 canaux : Permet de contr\u00f4ler simultan\u00e9ment la mise au point, le diaphragme et le zoom, offrant ainsi un contr\u00f4le total de l'objectif \u00e0 distance.<br \/>\nFonctionnement \u00e0 longue port\u00e9e : Offre une port\u00e9e sans fil allant jusqu'\u00e0 1 000 pieds, garantissant des performances fiables m\u00eame dans les grands environnements de tournage.<\/p>\n<h4>Moteurs de haute pr\u00e9cision<\/h4>\n<p>Moteurs puissants : Les moteurs fournis offrent un couple \u00e9lev\u00e9, ce qui leur permet de contr\u00f4ler les objectifs les plus rigides.<br \/>\nPossibilit\u00e9 de cha\u00eenage en guirlande : Les moteurs peuvent \u00eatre reli\u00e9s en guirlande pour une gestion efficace des c\u00e2bles et un fonctionnement rationalis\u00e9.<\/p>\n<h4>Interface conviviale<\/h4>\n<p>Unit\u00e9 manuelle ergonomique : L'unit\u00e9 manuelle sans fil du syst\u00e8me de contr\u00f4le est con\u00e7ue pour une utilisation confortable. Elle est dot\u00e9e d'un affichage clair et de commandes intuitives qui facilitent les r\u00e9glages.<br \/>\nParam\u00e8tres personnalisables : Permet de r\u00e9gler la vitesse du moteur, le couple et d'autres param\u00e8tres pour r\u00e9pondre aux besoins sp\u00e9cifiques de chaque tournage.<\/p>\n<h4>Compatibilit\u00e9 polyvalente<\/h4>\n<p>Options de montage universelles : Compatible avec les syst\u00e8mes de tiges de 15 mm et 19 mm. Cela permet une int\u00e9gration facile dans la plupart des configurations de cam\u00e9ras.<br \/>\nPrise en charge de divers objectifs : Fonctionne avec des objectifs de cin\u00e9ma, des objectifs fixes, etc. Cela permet de disposer d'options de contr\u00f4le polyvalentes pour diff\u00e9rents types de productions.<\/p>\n<h4>Durable et fiable<\/h4>\n<p>Une qualit\u00e9 de construction robuste : Construit \u00e0 partir de mat\u00e9riaux de haute qualit\u00e9, le syst\u00e8me Nucleus-M est con\u00e7u pour r\u00e9sister aux rigueurs d'une utilisation professionnelle.<br \/>\nAlimentation par batterie : L'unit\u00e9 manuelle et les moteurs sont aliment\u00e9s par des batteries rechargeables. Cela permet de prolonger les dur\u00e9es d'utilisation sans avoir \u00e0 les recharger en permanence.<\/p>\n<h4>Caract\u00e9ristiques avanc\u00e9es du syst\u00e8me de contr\u00f4le de l'objectif :<\/h4>\n<p>Cartographie de l'objectif : Prise en charge de la cartographie de l'objectif. Cela permet aux utilisateurs de marquer \u00e0 l'avance des points de mise au point et de les rappeler facilement pendant la prise de vue.<br \/>\nFonctionnement par plusieurs utilisateurs : Le syst\u00e8me peut \u00eatre utilis\u00e9 simultan\u00e9ment par plusieurs utilisateurs. Il permet donc un contr\u00f4le collaboratif des diff\u00e9rentes fonctions de l'objectif.<\/p>\n<p>Louez l'ensemble Tilta Nucleus M WLC-T03 maintenant sur <a href=\"https:\/\/www.cinesouk.ma\/fr\">CINESOUK<\/a> - une marque de <a href=\"https:\/\/www.broadway.ma\/\">BROADWAY PRODUCTIONS SARL.<\/a><\/p>","protected":false},"excerpt":{"rendered":"<p>Sp\u00e9cifications :<\/p>\n<p>Canaux de contr&ocirc;le : 3 (mise au point, diaphragme, zoom)&amp;amp;amp;amp;amp;amp;amp;amp;amp;amp;amp;amp;lt;br \/&amp;gt;Port&eacute;e sans fil : Jusqu&#039;&agrave; 1 000 pieds&lt;br &gt;&amp;gt;\/&amp;gt;Compatibilit&eacute; : syst&egrave;mes de tiges de 15 mm et 19 mm, divers types d&#039;objectifs<br \/>\nSource d'alimentation : Piles rechargeables<br \/>\nMat\u00e9riaux de construction : Construction durable de haute qualit\u00e9<br \/>\nPoids : unit\u00e9 manuelle environ 0,5 kg, moteurs environ 0,3 kg chacun<\/p>","protected":false},"featured_media":8320,"template":"","meta":{"om_disable_all_campaigns":false,"_monsterinsights_skip_tracking":false,"_monsterinsights_sitenote_active":false,"_monsterinsights_sitenote_note":"","_monsterinsights_sitenote_category":0,"_uf_show_specific_survey":0,"_uf_disable_surveys":false},"product_brand":[],"product_cat":[37,51,36],"product_tag":[],"class_list":{"0":"post-7483","1":"product","2":"type-product","3":"status-publish","4":"has-post-thumbnail","6":"product_cat-accessories-cinesouk","7":"product_cat-featured-cinesouk","8":"product_cat-lenses-cinesouk","10":"entry","11":"has-media","13":"first","14":"instock","15":"taxable","16":"shipping-taxable","17":"purchasable","18":"product-type-variable","19":"has-product-nav","20":"col","21":"span_1_of_3","22":"owp-content-center","23":"owp-thumbs-layout-horizontal","24":"owp-btn-normal","25":"owp-tabs-layout-horizontal"},"yoast_head":"<!-- This site is optimized with the Yoast SEO Premium plugin v26.0 (Yoast SEO v26.0) - https:\/\/yoast.com\/wordpress\/plugins\/seo\/ -->\n<title>Tilta Nucleus M WLC-T03 Set - CineSouk - Marrakech | Morocco - For rent<\/title>\n<meta name=\"description\" content=\"Tilta Nucleus M WLC-T03 set offers advanced wireless control over your lens, providing precision needed for professional cinematography.\" \/>\n<meta name=\"robots\" content=\"index, follow, max-snippet:-1, max-image-preview:large, max-video-preview:-1\" \/>\n<link rel=\"canonical\" href=\"https:\/\/www.cinesouk.ma\/fr\/produit\/tilta-nucleus-m-wlc-t03-set\/\" \/>\n<meta property=\"og:locale\" content=\"fr_FR\" \/>\n<meta property=\"og:type\" content=\"article\" \/>\n<meta property=\"og:title\" content=\"Tilta Nucleus M WLC-T03 Set\" \/>\n<meta property=\"og:description\" content=\"Tilta Nucleus M WLC-T03 set offers advanced wireless control over your lens, providing precision needed for professional cinematography.\" \/>\n<meta property=\"og:url\" content=\"https:\/\/www.cinesouk.ma\/fr\/produit\/tilta-nucleus-m-wlc-t03-set\/\" \/>\n<meta property=\"og:site_name\" content=\"CineSouk\" \/>\n<meta property=\"article:modified_time\" content=\"2025-08-18T10:13:57+00:00\" \/>\n<meta property=\"og:image\" content=\"https:\/\/www.cinesouk.ma\/wp-content\/uploads\/2024\/08\/tyytytyt.jpg\" \/>\n\t<meta property=\"og:image:width\" content=\"300\" \/>\n\t<meta property=\"og:image:height\" content=\"238\" \/>\n\t<meta property=\"og:image:type\" content=\"image\/jpeg\" \/>\n<meta name=\"twitter:card\" content=\"summary_large_image\" \/>\n<meta name=\"twitter:description\" content=\"Tilta Nucleus M WLC-T03 set offers advanced wireless control over your lens, providing precision needed for professional cinematography.\" \/>\n<meta name=\"twitter:label1\" content=\"Dur\u00e9e de lecture estim\u00e9e\" \/>\n\t<meta name=\"twitter:data1\" content=\"2 minutes\" \/>\n<script type=\"application\/ld+json\" class=\"yoast-schema-graph\">{\"@context\":\"https:\/\/schema.org\",\"@graph\":[{\"@type\":\"WebPage\",\"@id\":\"https:\/\/www.cinesouk.ma\/product\/tilta-nucleus-m-wlc-t03-set\/\",\"url\":\"https:\/\/www.cinesouk.ma\/product\/tilta-nucleus-m-wlc-t03-set\/\",\"name\":\"Tilta Nucleus M WLC-T03 Set - CineSouk - Marrakech | Morocco - For rent\",\"isPartOf\":{\"@id\":\"https:\/\/www.cinesouk.ma\/#website\"},\"primaryImageOfPage\":{\"@id\":\"https:\/\/www.cinesouk.ma\/product\/tilta-nucleus-m-wlc-t03-set\/#primaryimage\"},\"image\":{\"@id\":\"https:\/\/www.cinesouk.ma\/product\/tilta-nucleus-m-wlc-t03-set\/#primaryimage\"},\"thumbnailUrl\":\"https:\/\/www.cinesouk.ma\/wp-content\/uploads\/2024\/08\/tyytytyt.jpg\",\"datePublished\":\"2024-11-30T16:15:03+00:00\",\"dateModified\":\"2025-08-18T10:13:57+00:00\",\"description\":\"Tilta Nucleus M WLC-T03 set offers advanced wireless control over your lens, providing precision needed for professional cinematography.\",\"breadcrumb\":{\"@id\":\"https:\/\/www.cinesouk.ma\/product\/tilta-nucleus-m-wlc-t03-set\/#breadcrumb\"},\"inLanguage\":\"fr-FR\",\"potentialAction\":[{\"@type\":\"ReadAction\",\"target\":[\"https:\/\/www.cinesouk.ma\/product\/tilta-nucleus-m-wlc-t03-set\/\"]}]},{\"@type\":\"ImageObject\",\"inLanguage\":\"fr-FR\",\"@id\":\"https:\/\/www.cinesouk.ma\/product\/tilta-nucleus-m-wlc-t03-set\/#primaryimage\",\"url\":\"https:\/\/www.cinesouk.ma\/wp-content\/uploads\/2024\/08\/tyytytyt.jpg\",\"contentUrl\":\"https:\/\/www.cinesouk.ma\/wp-content\/uploads\/2024\/08\/tyytytyt.jpg\",\"width\":300,\"height\":238},{\"@type\":\"BreadcrumbList\",\"@id\":\"https:\/\/www.cinesouk.ma\/product\/tilta-nucleus-m-wlc-t03-set\/#breadcrumb\",\"itemListElement\":[{\"@type\":\"ListItem\",\"position\":1,\"name\":\"Home\",\"item\":\"https:\/\/www.cinesouk.ma\/\"},{\"@type\":\"ListItem\",\"position\":2,\"name\":\"Shop\",\"item\":\"https:\/\/www.cinesouk.ma\/shop\/\"},{\"@type\":\"ListItem\",\"position\":3,\"name\":\"Tilta Nucleus M WLC-T03 Set\"}]},{\"@type\":\"WebSite\",\"@id\":\"https:\/\/www.cinesouk.ma\/#website\",\"url\":\"https:\/\/www.cinesouk.ma\/\",\"name\":\"CineSouk\",\"description\":\"\",\"publisher\":{\"@id\":\"https:\/\/www.cinesouk.ma\/#organization\"},\"potentialAction\":[{\"@type\":\"SearchAction\",\"target\":{\"@type\":\"EntryPoint\",\"urlTemplate\":\"https:\/\/www.cinesouk.ma\/?s={search_term_string}\"},\"query-input\":{\"@type\":\"PropertyValueSpecification\",\"valueRequired\":true,\"valueName\":\"search_term_string\"}}],\"inLanguage\":\"fr-FR\"},{\"@type\":\"Organization\",\"@id\":\"https:\/\/www.cinesouk.ma\/#organization\",\"name\":\"CineSouk\",\"url\":\"https:\/\/www.cinesouk.ma\/\",\"logo\":{\"@type\":\"ImageObject\",\"inLanguage\":\"fr-FR\",\"@id\":\"https:\/\/www.cinesouk.ma\/#\/schema\/logo\/image\/\",\"url\":\"https:\/\/www.cinesouk.ma\/wp-content\/uploads\/2024\/01\/CineSouk-logo-v01-alpha-alligned-left.png\",\"contentUrl\":\"https:\/\/www.cinesouk.ma\/wp-content\/uploads\/2024\/01\/CineSouk-logo-v01-alpha-alligned-left.png\",\"width\":3204,\"height\":889,\"caption\":\"CineSouk\"},\"image\":{\"@id\":\"https:\/\/www.cinesouk.ma\/#\/schema\/logo\/image\/\"}}]}<\/script>\n<!-- \/ Yoast SEO Premium plugin. -->","yoast_head_json":{"title":"Tilta Nucleus M WLC-T03 Set - CineSouk - Marrakech | Morocco - For rent","description":"Tilta Nucleus M WLC-T03 set offers advanced wireless control over your lens, providing precision needed for professional cinematography.","robots":{"index":"index","follow":"follow","max-snippet":"max-snippet:-1","max-image-preview":"max-image-preview:large","max-video-preview":"max-video-preview:-1"},"canonical":"https:\/\/www.cinesouk.ma\/fr\/produit\/tilta-nucleus-m-wlc-t03-set\/","og_locale":"fr_FR","og_type":"article","og_title":"Tilta Nucleus M WLC-T03 Set","og_description":"Tilta Nucleus M WLC-T03 set offers advanced wireless control over your lens, providing precision needed for professional cinematography.","og_url":"https:\/\/www.cinesouk.ma\/fr\/produit\/tilta-nucleus-m-wlc-t03-set\/","og_site_name":"CineSouk","article_modified_time":"2025-08-18T10:13:57+00:00","og_image":[{"width":300,"height":238,"url":"https:\/\/www.cinesouk.ma\/wp-content\/uploads\/2024\/08\/tyytytyt.jpg","type":"image\/jpeg"}],"twitter_card":"summary_large_image","twitter_description":"Tilta Nucleus M WLC-T03 set offers advanced wireless control over your lens, providing precision needed for professional cinematography.","twitter_misc":{"Dur\u00e9e de lecture estim\u00e9e":"2 minutes"},"schema":{"@context":"https:\/\/schema.org","@graph":[{"@type":"WebPage","@id":"https:\/\/www.cinesouk.ma\/product\/tilta-nucleus-m-wlc-t03-set\/","url":"https:\/\/www.cinesouk.ma\/product\/tilta-nucleus-m-wlc-t03-set\/","name":"Tilta Nucleus M WLC-T03 Set - CineSouk - Marrakech | Morocco - For rent","isPartOf":{"@id":"https:\/\/www.cinesouk.ma\/#website"},"primaryImageOfPage":{"@id":"https:\/\/www.cinesouk.ma\/product\/tilta-nucleus-m-wlc-t03-set\/#primaryimage"},"image":{"@id":"https:\/\/www.cinesouk.ma\/product\/tilta-nucleus-m-wlc-t03-set\/#primaryimage"},"thumbnailUrl":"https:\/\/www.cinesouk.ma\/wp-content\/uploads\/2024\/08\/tyytytyt.jpg","datePublished":"2024-11-30T16:15:03+00:00","dateModified":"2025-08-18T10:13:57+00:00","description":"Tilta Nucleus M WLC-T03 set offers advanced wireless control over your lens, providing precision needed for professional cinematography.","breadcrumb":{"@id":"https:\/\/www.cinesouk.ma\/product\/tilta-nucleus-m-wlc-t03-set\/#breadcrumb"},"inLanguage":"fr-FR","potentialAction":[{"@type":"ReadAction","target":["https:\/\/www.cinesouk.ma\/product\/tilta-nucleus-m-wlc-t03-set\/"]}]},{"@type":"ImageObject","inLanguage":"fr-FR","@id":"https:\/\/www.cinesouk.ma\/product\/tilta-nucleus-m-wlc-t03-set\/#primaryimage","url":"https:\/\/www.cinesouk.ma\/wp-content\/uploads\/2024\/08\/tyytytyt.jpg","contentUrl":"https:\/\/www.cinesouk.ma\/wp-content\/uploads\/2024\/08\/tyytytyt.jpg","width":300,"height":238},{"@type":"BreadcrumbList","@id":"https:\/\/www.cinesouk.ma\/product\/tilta-nucleus-m-wlc-t03-set\/#breadcrumb","itemListElement":[{"@type":"ListItem","position":1,"name":"Home","item":"https:\/\/www.cinesouk.ma\/"},{"@type":"ListItem","position":2,"name":"Shop","item":"https:\/\/www.cinesouk.ma\/shop\/"},{"@type":"ListItem","position":3,"name":"Tilta Nucleus M WLC-T03 Set"}]},{"@type":"WebSite","@id":"https:\/\/www.cinesouk.ma\/#website","url":"https:\/\/www.cinesouk.ma\/","name":"CineSouk","description":"","publisher":{"@id":"https:\/\/www.cinesouk.ma\/#organization"},"potentialAction":[{"@type":"SearchAction","target":{"@type":"EntryPoint","urlTemplate":"https:\/\/www.cinesouk.ma\/?s={search_term_string}"},"query-input":{"@type":"PropertyValueSpecification","valueRequired":true,"valueName":"search_term_string"}}],"inLanguage":"fr-FR"},{"@type":"Organization","@id":"https:\/\/www.cinesouk.ma\/#organization","name":"CineSouk","url":"https:\/\/www.cinesouk.ma\/","logo":{"@type":"ImageObject","inLanguage":"fr-FR","@id":"https:\/\/www.cinesouk.ma\/#\/schema\/logo\/image\/","url":"https:\/\/www.cinesouk.ma\/wp-content\/uploads\/2024\/01\/CineSouk-logo-v01-alpha-alligned-left.png","contentUrl":"https:\/\/www.cinesouk.ma\/wp-content\/uploads\/2024\/01\/CineSouk-logo-v01-alpha-alligned-left.png","width":3204,"height":889,"caption":"CineSouk"},"image":{"@id":"https:\/\/www.cinesouk.ma\/#\/schema\/logo\/image\/"}}]}},"_links":{"self":[{"href":"https:\/\/www.cinesouk.ma\/fr\/wp-json\/wp\/v2\/product\/7483","targetHints":{"allow":["GET"]}}],"collection":[{"href":"https:\/\/www.cinesouk.ma\/fr\/wp-json\/wp\/v2\/product"}],"about":[{"href":"https:\/\/www.cinesouk.ma\/fr\/wp-json\/wp\/v2\/types\/product"}],"wp:featuredmedia":[{"embeddable":true,"href":"https:\/\/www.cinesouk.ma\/fr\/wp-json\/wp\/v2\/media\/8320"}],"wp:attachment":[{"href":"https:\/\/www.cinesouk.ma\/fr\/wp-json\/wp\/v2\/media?parent=7483"}],"wp:term":[{"taxonomy":"product_brand","embeddable":true,"href":"https:\/\/www.cinesouk.ma\/fr\/wp-json\/wp\/v2\/product_brand?post=7483"},{"taxonomy":"product_cat","embeddable":true,"href":"https:\/\/www.cinesouk.ma\/fr\/wp-json\/wp\/v2\/product_cat?post=7483"},{"taxonomy":"product_tag","embeddable":true,"href":"https:\/\/www.cinesouk.ma\/fr\/wp-json\/wp\/v2\/product_tag?post=7483"}],"curies":[{"name":"wp","href":"https:\/\/api.w.org\/{rel}","templated":true}]}}