{"id":7496,"date":"2024-08-20T17:24:32","date_gmt":"2024-08-20T17:24:32","guid":{"rendered":"https:\/\/www.cinesouk.ma\/?post_type=product&#038;p=7496"},"modified":"2025-03-21T10:56:16","modified_gmt":"2025-03-21T10:56:16","slug":"smallhd-503-ultrabright-on-camera-monitor","status":"publish","type":"product","link":"https:\/\/www.cinesouk.ma\/fr\/produit\/smallhd-503-ultrabright-on-camera-monitor\/","title":{"rendered":"SmallHD 503 Ultrabright - 5\u2033 Moniteur"},"content":{"rendered":"<p>Le SmallHD 503 Ultrabright On-Camera Monitor est un syst\u00e8me de moniteur tr\u00e8s polyvalent et compact. Il mesure 5 pouces. Ce moniteur est sp\u00e9cialement con\u00e7u pour offrir un affichage haute d\u00e9finition. Il constitue donc un excellent choix pour les professionnels de l'industrie du film et de la vid\u00e9o. Gr\u00e2ce \u00e0 sa petite taille, il est tr\u00e8s portable et peut facilement s'int\u00e9grer dans n'importe quelle installation de production.<\/p>\n<p>Le petit ensemble de moniteurs HD 503 est \u00e9quip\u00e9 de la derni\u00e8re technologie TRINITY Gen.2, qui garantit une qualit\u00e9 d'image et une pr\u00e9cision des couleurs sup\u00e9rieures. Il s'agit donc d'un outil fiable pour les cin\u00e9astes et les vid\u00e9astes qui ont besoin d'un contr\u00f4le pr\u00e9cis de leurs s\u00e9quences. Gr\u00e2ce \u00e0 ses fonctions avanc\u00e9es et \u00e0 son design compact, le petit ensemble de moniteurs HD 503 est indispensable \u00e0 toute \u00e9quipe de production \u00e0 la recherche d'un syst\u00e8me de moniteurs portable de haute qualit\u00e9.<\/p>\n<p>Gr\u00e2ce \u00e0 une luminosit\u00e9 de 2 200 nits et \u00e0 la pr\u00e9visualisation HDR, les projets peuvent \u00eatre visualis\u00e9s avec une grande pr\u00e9cision des couleurs en plein soleil. Ainsi, quelle que soit l'heure de la journ\u00e9e ou l'environnement, vous pouvez garantir une vision sans \u00e9blouissement de votre production. Ce moniteur de cinq pouces a une r\u00e9solution de 1800p et offre une pr\u00e9visualisation HDR avec un ColorEngine de 10 bits. Bien qu'il s'agisse de l'un de nos moniteurs de cinq pouces les plus lumineux, le 503 consomme peu d'\u00e9nergie. Chargez n'importe quelle LUT 3D via une carte SD en utilisant le moteur ColorFlow 3D LUT de SmallHD.<\/p>\n<p>Le 503 Ultrabright dispose d'une entr\u00e9e 3G SDI et HDMI, d'une sortie 3G SDI et HDMI, et de deux connecteurs verrouillables \u00e0 2 broches, l'un pour l'alimentation et l'autre pour la distribution de l'alimentation \u00e0 un appareil externe. En plus de l'alimentation \u00e0 2 broches, <a href=\"https:\/\/smallhd.com\/collections\/accessories?product_id=4377662587013&amp;variant_id=31323727855749&amp;product_handle=ub-gm\">Monture en or<\/a>, <a href=\"https:\/\/smallhd.com\/collections\/accessories?product_id=4377662947461&amp;variant_id=31323728248965&amp;product_handle=ub-vm\">Monture en V<\/a>et les plaques de batterie de la s\u00e9rie L de Sony sont disponibles s\u00e9par\u00e9ment.<\/p>\n<p>Louez le SmallHD 503 Ultrabright On-Camera Monitor maintenant sur <a href=\"https:\/\/www.cinesouk.ma\/fr\">CINESOUK<\/a> - une marque de <a href=\"https:\/\/www.broadway.ma\/\">BROADWAY PRODUCTIONS SARL.<\/a><\/p>","protected":false},"excerpt":{"rendered":"<p>Sp\u00e9cifications :<\/p>\n<p>Type de stabilisation : Hybride (m\u00e9canique et \u00e9lectronique)<br \/>\nCapacit\u00e9 de charge utile de TRINITY 2 : Jusqu'\u00e0 30 kg<br \/>\nSmallHD 503 Taille de l'\u00e9cran : 5 pouces<br \/>\nR\u00e9solution : 1920\u00d71080<br \/>\nLuminosit\u00e9 : 1000 nits<br \/>\nAlimentation : Alimentation par batterie avec plusieurs options de montage<br \/>\nDimensions : TRINITY 2 (varie en fonction de la configuration), SmallHD 503 (135,4 mm x 86,6 mm x 34,8 mm)<br \/>\nPoids : TRINITY 2 (environ 9 kg sans cam\u00e9ra), SmallHD 503 (environ 380 g)<\/p>","protected":false},"featured_media":8248,"template":"","meta":{"om_disable_all_campaigns":false,"_monsterinsights_skip_tracking":false,"_monsterinsights_sitenote_active":false,"_monsterinsights_sitenote_note":"","_monsterinsights_sitenote_category":0,"_uf_show_specific_survey":0,"_uf_disable_surveys":false},"product_brand":[],"product_cat":[30],"product_tag":[],"class_list":{"0":"post-7496","1":"product","2":"type-product","3":"status-publish","4":"has-post-thumbnail","6":"product_cat-monitors-and-screens-cinesouk","8":"entry","9":"has-media","11":"first","12":"instock","13":"taxable","14":"shipping-taxable","15":"purchasable","16":"product-type-variable","17":"has-product-nav","18":"col","19":"span_1_of_3","20":"owp-content-center","21":"owp-thumbs-layout-horizontal","22":"owp-btn-normal","23":"owp-tabs-layout-horizontal","24":"has-no-thumbnails"},"yoast_head":"<!-- This site is optimized with the Yoast SEO Premium plugin v26.0 (Yoast SEO v26.0) - https:\/\/yoast.com\/wordpress\/plugins\/seo\/ -->\n<title>SmallHD 503 Ultrabright - 5&quot; Monitor - CineSouk - For rent<\/title>\n<meta name=\"description\" content=\"Capture smooth and accurate shots with the SmallHD 503 Ultrabright On-Camera Monitor, offering real-time monitoring for professional filmmakers.\" \/>\n<meta name=\"robots\" content=\"index, follow, max-snippet:-1, max-image-preview:large, max-video-preview:-1\" \/>\n<link rel=\"canonical\" href=\"https:\/\/www.cinesouk.ma\/fr\/produit\/smallhd-503-ultrabright-on-camera-monitor\/\" \/>\n<meta property=\"og:locale\" content=\"fr_FR\" \/>\n<meta property=\"og:type\" content=\"article\" \/>\n<meta property=\"og:title\" content=\"SmallHD 503 Ultrabright - 5&quot; Monitor\" \/>\n<meta property=\"og:description\" content=\"Capture smooth and accurate shots with the SmallHD 503 Ultrabright On-Camera Monitor, offering real-time monitoring for professional filmmakers.\" \/>\n<meta property=\"og:url\" content=\"https:\/\/www.cinesouk.ma\/fr\/produit\/smallhd-503-ultrabright-on-camera-monitor\/\" \/>\n<meta property=\"og:site_name\" content=\"CineSouk\" \/>\n<meta property=\"article:modified_time\" content=\"2025-03-21T10:56:16+00:00\" \/>\n<meta property=\"og:image\" content=\"https:\/\/www.cinesouk.ma\/wp-content\/uploads\/2024\/08\/smlhd.jpg\" \/>\n\t<meta property=\"og:image:width\" content=\"300\" \/>\n\t<meta property=\"og:image:height\" content=\"238\" \/>\n\t<meta property=\"og:image:type\" content=\"image\/jpeg\" \/>\n<meta name=\"twitter:card\" content=\"summary_large_image\" \/>\n<meta name=\"twitter:description\" content=\"Capture smooth and accurate shots with the SmallHD 503 Ultrabright On-Camera Monitor, offering real-time monitoring for professional filmmakers.\" \/>\n<meta name=\"twitter:label1\" content=\"Dur\u00e9e de lecture estim\u00e9e\" \/>\n\t<meta name=\"twitter:data1\" content=\"2 minutes\" \/>\n<script type=\"application\/ld+json\" class=\"yoast-schema-graph\">{\"@context\":\"https:\/\/schema.org\",\"@graph\":[{\"@type\":\"WebPage\",\"@id\":\"https:\/\/www.cinesouk.ma\/product\/smallhd-503-ultrabright-on-camera-monitor\/\",\"url\":\"https:\/\/www.cinesouk.ma\/product\/smallhd-503-ultrabright-on-camera-monitor\/\",\"name\":\"SmallHD 503 Ultrabright - 5\\\" Monitor - CineSouk - For rent\",\"isPartOf\":{\"@id\":\"https:\/\/www.cinesouk.ma\/#website\"},\"primaryImageOfPage\":{\"@id\":\"https:\/\/www.cinesouk.ma\/product\/smallhd-503-ultrabright-on-camera-monitor\/#primaryimage\"},\"image\":{\"@id\":\"https:\/\/www.cinesouk.ma\/product\/smallhd-503-ultrabright-on-camera-monitor\/#primaryimage\"},\"thumbnailUrl\":\"https:\/\/www.cinesouk.ma\/wp-content\/uploads\/2024\/08\/smlhd.jpg\",\"datePublished\":\"2024-08-20T17:24:32+00:00\",\"dateModified\":\"2025-03-21T10:56:16+00:00\",\"description\":\"Capture smooth and accurate shots with the SmallHD 503 Ultrabright On-Camera Monitor, offering real-time monitoring for professional filmmakers.\",\"breadcrumb\":{\"@id\":\"https:\/\/www.cinesouk.ma\/product\/smallhd-503-ultrabright-on-camera-monitor\/#breadcrumb\"},\"inLanguage\":\"fr-FR\",\"potentialAction\":[{\"@type\":\"ReadAction\",\"target\":[\"https:\/\/www.cinesouk.ma\/product\/smallhd-503-ultrabright-on-camera-monitor\/\"]}]},{\"@type\":\"ImageObject\",\"inLanguage\":\"fr-FR\",\"@id\":\"https:\/\/www.cinesouk.ma\/product\/smallhd-503-ultrabright-on-camera-monitor\/#primaryimage\",\"url\":\"https:\/\/www.cinesouk.ma\/wp-content\/uploads\/2024\/08\/smlhd.jpg\",\"contentUrl\":\"https:\/\/www.cinesouk.ma\/wp-content\/uploads\/2024\/08\/smlhd.jpg\",\"width\":300,\"height\":238},{\"@type\":\"BreadcrumbList\",\"@id\":\"https:\/\/www.cinesouk.ma\/product\/smallhd-503-ultrabright-on-camera-monitor\/#breadcrumb\",\"itemListElement\":[{\"@type\":\"ListItem\",\"position\":1,\"name\":\"Home\",\"item\":\"https:\/\/www.cinesouk.ma\/\"},{\"@type\":\"ListItem\",\"position\":2,\"name\":\"Shop\",\"item\":\"https:\/\/www.cinesouk.ma\/shop\/\"},{\"@type\":\"ListItem\",\"position\":3,\"name\":\"SmallHD 503 Ultrabright &#8211; 5&#8243; Monitor\"}]},{\"@type\":\"WebSite\",\"@id\":\"https:\/\/www.cinesouk.ma\/#website\",\"url\":\"https:\/\/www.cinesouk.ma\/\",\"name\":\"CineSouk\",\"description\":\"\",\"publisher\":{\"@id\":\"https:\/\/www.cinesouk.ma\/#organization\"},\"potentialAction\":[{\"@type\":\"SearchAction\",\"target\":{\"@type\":\"EntryPoint\",\"urlTemplate\":\"https:\/\/www.cinesouk.ma\/?s={search_term_string}\"},\"query-input\":{\"@type\":\"PropertyValueSpecification\",\"valueRequired\":true,\"valueName\":\"search_term_string\"}}],\"inLanguage\":\"fr-FR\"},{\"@type\":\"Organization\",\"@id\":\"https:\/\/www.cinesouk.ma\/#organization\",\"name\":\"CineSouk\",\"url\":\"https:\/\/www.cinesouk.ma\/\",\"logo\":{\"@type\":\"ImageObject\",\"inLanguage\":\"fr-FR\",\"@id\":\"https:\/\/www.cinesouk.ma\/#\/schema\/logo\/image\/\",\"url\":\"https:\/\/www.cinesouk.ma\/wp-content\/uploads\/2024\/01\/CineSouk-logo-v01-alpha-alligned-left.png\",\"contentUrl\":\"https:\/\/www.cinesouk.ma\/wp-content\/uploads\/2024\/01\/CineSouk-logo-v01-alpha-alligned-left.png\",\"width\":3204,\"height\":889,\"caption\":\"CineSouk\"},\"image\":{\"@id\":\"https:\/\/www.cinesouk.ma\/#\/schema\/logo\/image\/\"}}]}<\/script>\n<!-- \/ Yoast SEO Premium plugin. -->","yoast_head_json":{"title":"SmallHD 503 Ultrabright - 5\" Monitor - CineSouk - For rent","description":"Capture smooth and accurate shots with the SmallHD 503 Ultrabright On-Camera Monitor, offering real-time monitoring for professional filmmakers.","robots":{"index":"index","follow":"follow","max-snippet":"max-snippet:-1","max-image-preview":"max-image-preview:large","max-video-preview":"max-video-preview:-1"},"canonical":"https:\/\/www.cinesouk.ma\/fr\/produit\/smallhd-503-ultrabright-on-camera-monitor\/","og_locale":"fr_FR","og_type":"article","og_title":"SmallHD 503 Ultrabright - 5\" Monitor","og_description":"Capture smooth and accurate shots with the SmallHD 503 Ultrabright On-Camera Monitor, offering real-time monitoring for professional filmmakers.","og_url":"https:\/\/www.cinesouk.ma\/fr\/produit\/smallhd-503-ultrabright-on-camera-monitor\/","og_site_name":"CineSouk","article_modified_time":"2025-03-21T10:56:16+00:00","og_image":[{"width":300,"height":238,"url":"https:\/\/www.cinesouk.ma\/wp-content\/uploads\/2024\/08\/smlhd.jpg","type":"image\/jpeg"}],"twitter_card":"summary_large_image","twitter_description":"Capture smooth and accurate shots with the SmallHD 503 Ultrabright On-Camera Monitor, offering real-time monitoring for professional filmmakers.","twitter_misc":{"Dur\u00e9e de lecture estim\u00e9e":"2 minutes"},"schema":{"@context":"https:\/\/schema.org","@graph":[{"@type":"WebPage","@id":"https:\/\/www.cinesouk.ma\/product\/smallhd-503-ultrabright-on-camera-monitor\/","url":"https:\/\/www.cinesouk.ma\/product\/smallhd-503-ultrabright-on-camera-monitor\/","name":"SmallHD 503 Ultrabright - 5\" Monitor - CineSouk - For rent","isPartOf":{"@id":"https:\/\/www.cinesouk.ma\/#website"},"primaryImageOfPage":{"@id":"https:\/\/www.cinesouk.ma\/product\/smallhd-503-ultrabright-on-camera-monitor\/#primaryimage"},"image":{"@id":"https:\/\/www.cinesouk.ma\/product\/smallhd-503-ultrabright-on-camera-monitor\/#primaryimage"},"thumbnailUrl":"https:\/\/www.cinesouk.ma\/wp-content\/uploads\/2024\/08\/smlhd.jpg","datePublished":"2024-08-20T17:24:32+00:00","dateModified":"2025-03-21T10:56:16+00:00","description":"Capture smooth and accurate shots with the SmallHD 503 Ultrabright On-Camera Monitor, offering real-time monitoring for professional filmmakers.","breadcrumb":{"@id":"https:\/\/www.cinesouk.ma\/product\/smallhd-503-ultrabright-on-camera-monitor\/#breadcrumb"},"inLanguage":"fr-FR","potentialAction":[{"@type":"ReadAction","target":["https:\/\/www.cinesouk.ma\/product\/smallhd-503-ultrabright-on-camera-monitor\/"]}]},{"@type":"ImageObject","inLanguage":"fr-FR","@id":"https:\/\/www.cinesouk.ma\/product\/smallhd-503-ultrabright-on-camera-monitor\/#primaryimage","url":"https:\/\/www.cinesouk.ma\/wp-content\/uploads\/2024\/08\/smlhd.jpg","contentUrl":"https:\/\/www.cinesouk.ma\/wp-content\/uploads\/2024\/08\/smlhd.jpg","width":300,"height":238},{"@type":"BreadcrumbList","@id":"https:\/\/www.cinesouk.ma\/product\/smallhd-503-ultrabright-on-camera-monitor\/#breadcrumb","itemListElement":[{"@type":"ListItem","position":1,"name":"Home","item":"https:\/\/www.cinesouk.ma\/"},{"@type":"ListItem","position":2,"name":"Shop","item":"https:\/\/www.cinesouk.ma\/shop\/"},{"@type":"ListItem","position":3,"name":"SmallHD 503 Ultrabright &#8211; 5&#8243; Monitor"}]},{"@type":"WebSite","@id":"https:\/\/www.cinesouk.ma\/#website","url":"https:\/\/www.cinesouk.ma\/","name":"CineSouk","description":"","publisher":{"@id":"https:\/\/www.cinesouk.ma\/#organization"},"potentialAction":[{"@type":"SearchAction","target":{"@type":"EntryPoint","urlTemplate":"https:\/\/www.cinesouk.ma\/?s={search_term_string}"},"query-input":{"@type":"PropertyValueSpecification","valueRequired":true,"valueName":"search_term_string"}}],"inLanguage":"fr-FR"},{"@type":"Organization","@id":"https:\/\/www.cinesouk.ma\/#organization","name":"CineSouk","url":"https:\/\/www.cinesouk.ma\/","logo":{"@type":"ImageObject","inLanguage":"fr-FR","@id":"https:\/\/www.cinesouk.ma\/#\/schema\/logo\/image\/","url":"https:\/\/www.cinesouk.ma\/wp-content\/uploads\/2024\/01\/CineSouk-logo-v01-alpha-alligned-left.png","contentUrl":"https:\/\/www.cinesouk.ma\/wp-content\/uploads\/2024\/01\/CineSouk-logo-v01-alpha-alligned-left.png","width":3204,"height":889,"caption":"CineSouk"},"image":{"@id":"https:\/\/www.cinesouk.ma\/#\/schema\/logo\/image\/"}}]}},"_links":{"self":[{"href":"https:\/\/www.cinesouk.ma\/fr\/wp-json\/wp\/v2\/product\/7496","targetHints":{"allow":["GET"]}}],"collection":[{"href":"https:\/\/www.cinesouk.ma\/fr\/wp-json\/wp\/v2\/product"}],"about":[{"href":"https:\/\/www.cinesouk.ma\/fr\/wp-json\/wp\/v2\/types\/product"}],"wp:featuredmedia":[{"embeddable":true,"href":"https:\/\/www.cinesouk.ma\/fr\/wp-json\/wp\/v2\/media\/8248"}],"wp:attachment":[{"href":"https:\/\/www.cinesouk.ma\/fr\/wp-json\/wp\/v2\/media?parent=7496"}],"wp:term":[{"taxonomy":"product_brand","embeddable":true,"href":"https:\/\/www.cinesouk.ma\/fr\/wp-json\/wp\/v2\/product_brand?post=7496"},{"taxonomy":"product_cat","embeddable":true,"href":"https:\/\/www.cinesouk.ma\/fr\/wp-json\/wp\/v2\/product_cat?post=7496"},{"taxonomy":"product_tag","embeddable":true,"href":"https:\/\/www.cinesouk.ma\/fr\/wp-json\/wp\/v2\/product_tag?post=7496"}],"curies":[{"name":"wp","href":"https:\/\/api.w.org\/{rel}","templated":true}]}}