{"id":7557,"date":"2024-08-20T17:23:42","date_gmt":"2024-08-20T17:23:42","guid":{"rendered":"https:\/\/www.cinesouk.ma\/?post_type=product&#038;p=7557"},"modified":"2026-01-27T10:48:08","modified_gmt":"2026-01-27T10:48:08","slug":"atomos-shogun-studio-2-dual-recorder-monitor","status":"publish","type":"product","link":"https:\/\/www.cinesouk.ma\/fr\/produit\/atomos-shogun-studio-2-dual-recorder-monitor\/","title":{"rendered":"Atomos Shogun Studio 2 - Double enregistreur et moniteur"},"content":{"rendered":"<p>L'Atomos Shogun Studio 2 - Dual Recorder &amp; Monitor est un enregistreur et moniteur 4K \u00e0 deux canaux mont\u00e9 en rack. Il est \u00e9quip\u00e9 de fonctionnalit\u00e9s avanc\u00e9es telles que le monitoring HDR, deux \u00e9crans de 7 pouces et des capacit\u00e9s d'enregistrement multicanal. Bien qu'il s'agisse d'un article de stock B, il conserve toutes les fonctionnalit\u00e9s robustes n\u00e9cessaires \u00e0 la production vid\u00e9o haut de gamme, offrant ainsi un excellent rapport qualit\u00e9-prix. Connectez-le \u00e0 pratiquement n'importe quelle source SDI ou HDMI, y compris les canaux de cam\u00e9ra, les cam\u00e9ras PTZ et les m\u00e9langeurs de vision.<\/p>\n<h3>Caract\u00e9ristiques de l'enregistreur et du moniteur double :<\/h3>\n<h4>Deux moniteurs 4K HDR de 7 pouces<\/h4>\n<ul>\n<li>Contr\u00f4le 4K HDR : Les deux \u00e9crans prennent en charge la r\u00e9solution 4K et le HDR (High Dynamic Range), ce qui permet un \u00e9talonnage et un contr\u00f4le pr\u00e9cis des couleurs, essentiels pour une production vid\u00e9o de haute qualit\u00e9.<\/li>\n<li>Interface \u00e0 \u00e9cran tactile : L'interface intuitive de l'\u00e9cran tactile facilite la navigation et le contr\u00f4le des param\u00e8tres d'enregistrement, de lecture et de surveillance.<\/li>\n<\/ul>\n<h4>Enregistrement et lecture multicanaux<\/h4>\n<ul>\n<li>Enregistrement multi-entr\u00e9es : Le Shogun Studio 2 peut enregistrer simultan\u00e9ment jusqu'\u00e0 deux canaux vid\u00e9o 4K ou quatre canaux HD, ce qui en fait une solution id\u00e9ale pour les configurations multi-cam\u00e9ras.<\/li>\n<li>Enregistrement ProRes et DNxHD : Prise en charge des formats Apple ProRes et Avid DNxHD, garantissant la compatibilit\u00e9 avec les principaux logiciels de montage et flux de travail.<\/li>\n<li>Enregistrement continu : Gr\u00e2ce \u00e0 ses deux emplacements de disque, l'appareil permet un enregistrement continu en basculant automatiquement d'un disque \u00e0 l'autre lorsque l'un d'eux est plein.<\/li>\n<\/ul>\n<h3 class=\"headline pb-2 font-bold tracking-[-2px] leading-[110%] text-black text-[50px] lg:text-[60px]\">Plus de choix de codecs<\/h3>\n<p>Am\u00e9liorez votre flux de travail \u00e0 partir des codecs Long-GOP hautement compress\u00e9s en enregistrant avec les codecs Apple ProRes et Avid DNx, pr\u00eats pour la production. Ces codecs sont robustes, faciles \u00e0 monter et aux couleurs pr\u00e9cises. Vous pouvez \u00e9galement enregistrer en Apple ProRes RAW \u00e0 partir d'une large gamme de cam\u00e9ras pour b\u00e9n\u00e9ficier d'une qualit\u00e9 et d'une flexibilit\u00e9 optimales.<\/p>\n<p>Louez l'Atomos Shogun Studio 2 - Dual Recorder &amp; Monitor maintenant au <a href=\"https:\/\/www.cinesouk.ma\/fr\">CINESOUK<\/a> - une marque de <a href=\"https:\/\/www.broadway.ma\/\">BROADWAY PRODUCTIONS SARL.<\/a><\/p>","protected":false},"excerpt":{"rendered":"<p><strong>Sp\u00e9cifications :<\/strong><\/p>\n<ul>\n<li><strong>Taille du moniteur :<\/strong> Deux \u00e9crans de 7 pouces<\/li>\n<li><strong>R\u00e9solution :<\/strong> 1920 x 1200 par \u00e9cran<\/li>\n<li><strong>Prise en charge HDR :<\/strong> Oui, avec traitement 10 bits<\/li>\n<li><strong>Formats d'enregistrement :<\/strong> Apple ProRes, Avid DNxHD<\/li>\n<li><strong>Entr\u00e9es\/sorties :<\/strong> 12G-SDI, HDMI 2.0, XLR audio<\/li>\n<li><strong>Emplacements pour lecteurs :<\/strong> 2 x emplacements SSD\/HDD<\/li>\n<li><strong>Taille du rack :<\/strong> 3RU<\/li>\n<li><strong>Poids :<\/strong> Environ 4,7 kg<\/li>\n<\/ul>","protected":false},"featured_media":7568,"template":"","meta":{"om_disable_all_campaigns":false,"_monsterinsights_skip_tracking":false,"_monsterinsights_sitenote_active":false,"_monsterinsights_sitenote_note":"","_monsterinsights_sitenote_category":0,"_uf_show_specific_survey":0,"_uf_disable_surveys":false},"product_brand":[],"product_cat":[87,30],"product_tag":[],"class_list":{"0":"post-7557","1":"product","2":"type-product","3":"status-publish","4":"has-post-thumbnail","6":"product_cat-capture-and-recorders-cinesouk","7":"product_cat-monitors-and-screens-cinesouk","9":"entry","10":"has-media","12":"first","13":"instock","14":"taxable","15":"shipping-taxable","16":"purchasable","17":"product-type-variable","18":"has-product-nav","19":"col","20":"span_1_of_3","21":"owp-content-center","22":"owp-thumbs-layout-horizontal","23":"owp-btn-normal","24":"owp-tabs-layout-horizontal","25":"has-no-thumbnails"},"yoast_head":"<!-- This site is optimized with the Yoast SEO Premium plugin v26.0 (Yoast SEO v26.0) - https:\/\/yoast.com\/wordpress\/plugins\/seo\/ -->\n<title>Atomos Shogun Studio 2 - Dual Recorder &amp; Monitor - CineSouk - For rent<\/title>\n<meta name=\"description\" content=\"The Atomos Shogun Studio 2 - Dual Recorder &amp; Monitor offers high-performance 4K HDR recording and monitoring, ideal for multi-camera setups and live productions.\" \/>\n<meta name=\"robots\" content=\"index, follow, max-snippet:-1, max-image-preview:large, max-video-preview:-1\" \/>\n<link rel=\"canonical\" href=\"https:\/\/www.cinesouk.ma\/fr\/produit\/atomos-shogun-studio-2-dual-recorder-monitor\/\" \/>\n<meta property=\"og:locale\" content=\"fr_FR\" \/>\n<meta property=\"og:type\" content=\"article\" \/>\n<meta property=\"og:title\" content=\"Atomos Shogun Studio 2 - Dual Recorder &amp; Monitor\" \/>\n<meta property=\"og:description\" content=\"The Atomos Shogun Studio 2 - Dual Recorder &amp; Monitor offers high-performance 4K HDR recording and monitoring, ideal for multi-camera setups and live productions.\" \/>\n<meta property=\"og:url\" content=\"https:\/\/www.cinesouk.ma\/fr\/produit\/atomos-shogun-studio-2-dual-recorder-monitor\/\" \/>\n<meta property=\"og:site_name\" content=\"CineSouk\" \/>\n<meta property=\"article:modified_time\" content=\"2026-01-27T10:48:08+00:00\" \/>\n<meta property=\"og:image\" content=\"https:\/\/www.cinesouk.ma\/wp-content\/uploads\/2024\/08\/Atomos-Shogun-Studio-2-B-Stock.jpg\" \/>\n\t<meta property=\"og:image:width\" content=\"300\" \/>\n\t<meta property=\"og:image:height\" content=\"238\" \/>\n\t<meta property=\"og:image:type\" content=\"image\/jpeg\" \/>\n<meta name=\"twitter:card\" content=\"summary_large_image\" \/>\n<meta name=\"twitter:description\" content=\"The Atomos Shogun Studio 2 - Dual Recorder &amp; Monitor offers high-performance 4K HDR recording and monitoring, ideal for multi-camera setups and live productions.\" \/>\n<meta name=\"twitter:label1\" content=\"Dur\u00e9e de lecture estim\u00e9e\" \/>\n\t<meta name=\"twitter:data1\" content=\"2 minutes\" \/>\n<script type=\"application\/ld+json\" class=\"yoast-schema-graph\">{\"@context\":\"https:\/\/schema.org\",\"@graph\":[{\"@type\":\"WebPage\",\"@id\":\"https:\/\/www.cinesouk.ma\/product\/atomos-shogun-studio-2-dual-recorder-monitor\/\",\"url\":\"https:\/\/www.cinesouk.ma\/product\/atomos-shogun-studio-2-dual-recorder-monitor\/\",\"name\":\"Atomos Shogun Studio 2 - Dual Recorder & Monitor - CineSouk - For rent\",\"isPartOf\":{\"@id\":\"https:\/\/www.cinesouk.ma\/#website\"},\"primaryImageOfPage\":{\"@id\":\"https:\/\/www.cinesouk.ma\/product\/atomos-shogun-studio-2-dual-recorder-monitor\/#primaryimage\"},\"image\":{\"@id\":\"https:\/\/www.cinesouk.ma\/product\/atomos-shogun-studio-2-dual-recorder-monitor\/#primaryimage\"},\"thumbnailUrl\":\"https:\/\/www.cinesouk.ma\/wp-content\/uploads\/2024\/08\/Atomos-Shogun-Studio-2-B-Stock.jpg\",\"datePublished\":\"2024-08-20T17:23:42+00:00\",\"dateModified\":\"2026-01-27T10:48:08+00:00\",\"description\":\"The Atomos Shogun Studio 2 - Dual Recorder & Monitor offers high-performance 4K HDR recording and monitoring, ideal for multi-camera setups and live productions.\",\"breadcrumb\":{\"@id\":\"https:\/\/www.cinesouk.ma\/product\/atomos-shogun-studio-2-dual-recorder-monitor\/#breadcrumb\"},\"inLanguage\":\"fr-FR\",\"potentialAction\":[{\"@type\":\"ReadAction\",\"target\":[\"https:\/\/www.cinesouk.ma\/product\/atomos-shogun-studio-2-dual-recorder-monitor\/\"]}]},{\"@type\":\"ImageObject\",\"inLanguage\":\"fr-FR\",\"@id\":\"https:\/\/www.cinesouk.ma\/product\/atomos-shogun-studio-2-dual-recorder-monitor\/#primaryimage\",\"url\":\"https:\/\/www.cinesouk.ma\/wp-content\/uploads\/2024\/08\/Atomos-Shogun-Studio-2-B-Stock.jpg\",\"contentUrl\":\"https:\/\/www.cinesouk.ma\/wp-content\/uploads\/2024\/08\/Atomos-Shogun-Studio-2-B-Stock.jpg\",\"width\":300,\"height\":238},{\"@type\":\"BreadcrumbList\",\"@id\":\"https:\/\/www.cinesouk.ma\/product\/atomos-shogun-studio-2-dual-recorder-monitor\/#breadcrumb\",\"itemListElement\":[{\"@type\":\"ListItem\",\"position\":1,\"name\":\"Home\",\"item\":\"https:\/\/www.cinesouk.ma\/\"},{\"@type\":\"ListItem\",\"position\":2,\"name\":\"Shop\",\"item\":\"https:\/\/www.cinesouk.ma\/shop\/\"},{\"@type\":\"ListItem\",\"position\":3,\"name\":\"Atomos Shogun Studio 2 &#8211; Dual Recorder &#038; Monitor\"}]},{\"@type\":\"WebSite\",\"@id\":\"https:\/\/www.cinesouk.ma\/#website\",\"url\":\"https:\/\/www.cinesouk.ma\/\",\"name\":\"CineSouk\",\"description\":\"\",\"publisher\":{\"@id\":\"https:\/\/www.cinesouk.ma\/#organization\"},\"potentialAction\":[{\"@type\":\"SearchAction\",\"target\":{\"@type\":\"EntryPoint\",\"urlTemplate\":\"https:\/\/www.cinesouk.ma\/?s={search_term_string}\"},\"query-input\":{\"@type\":\"PropertyValueSpecification\",\"valueRequired\":true,\"valueName\":\"search_term_string\"}}],\"inLanguage\":\"fr-FR\"},{\"@type\":\"Organization\",\"@id\":\"https:\/\/www.cinesouk.ma\/#organization\",\"name\":\"CineSouk\",\"url\":\"https:\/\/www.cinesouk.ma\/\",\"logo\":{\"@type\":\"ImageObject\",\"inLanguage\":\"fr-FR\",\"@id\":\"https:\/\/www.cinesouk.ma\/#\/schema\/logo\/image\/\",\"url\":\"https:\/\/www.cinesouk.ma\/wp-content\/uploads\/2024\/01\/CineSouk-logo-v01-alpha-alligned-left.png\",\"contentUrl\":\"https:\/\/www.cinesouk.ma\/wp-content\/uploads\/2024\/01\/CineSouk-logo-v01-alpha-alligned-left.png\",\"width\":3204,\"height\":889,\"caption\":\"CineSouk\"},\"image\":{\"@id\":\"https:\/\/www.cinesouk.ma\/#\/schema\/logo\/image\/\"}}]}<\/script>\n<!-- \/ Yoast SEO Premium plugin. -->","yoast_head_json":{"title":"Atomos Shogun Studio 2 - Dual Recorder & Monitor - CineSouk - For rent","description":"The Atomos Shogun Studio 2 - Dual Recorder & Monitor offers high-performance 4K HDR recording and monitoring, ideal for multi-camera setups and live productions.","robots":{"index":"index","follow":"follow","max-snippet":"max-snippet:-1","max-image-preview":"max-image-preview:large","max-video-preview":"max-video-preview:-1"},"canonical":"https:\/\/www.cinesouk.ma\/fr\/produit\/atomos-shogun-studio-2-dual-recorder-monitor\/","og_locale":"fr_FR","og_type":"article","og_title":"Atomos Shogun Studio 2 - Dual Recorder & Monitor","og_description":"The Atomos Shogun Studio 2 - Dual Recorder & Monitor offers high-performance 4K HDR recording and monitoring, ideal for multi-camera setups and live productions.","og_url":"https:\/\/www.cinesouk.ma\/fr\/produit\/atomos-shogun-studio-2-dual-recorder-monitor\/","og_site_name":"CineSouk","article_modified_time":"2026-01-27T10:48:08+00:00","og_image":[{"width":300,"height":238,"url":"https:\/\/www.cinesouk.ma\/wp-content\/uploads\/2024\/08\/Atomos-Shogun-Studio-2-B-Stock.jpg","type":"image\/jpeg"}],"twitter_card":"summary_large_image","twitter_description":"The Atomos Shogun Studio 2 - Dual Recorder & Monitor offers high-performance 4K HDR recording and monitoring, ideal for multi-camera setups and live productions.","twitter_misc":{"Dur\u00e9e de lecture estim\u00e9e":"2 minutes"},"schema":{"@context":"https:\/\/schema.org","@graph":[{"@type":"WebPage","@id":"https:\/\/www.cinesouk.ma\/product\/atomos-shogun-studio-2-dual-recorder-monitor\/","url":"https:\/\/www.cinesouk.ma\/product\/atomos-shogun-studio-2-dual-recorder-monitor\/","name":"Atomos Shogun Studio 2 - Dual Recorder & Monitor - CineSouk - For rent","isPartOf":{"@id":"https:\/\/www.cinesouk.ma\/#website"},"primaryImageOfPage":{"@id":"https:\/\/www.cinesouk.ma\/product\/atomos-shogun-studio-2-dual-recorder-monitor\/#primaryimage"},"image":{"@id":"https:\/\/www.cinesouk.ma\/product\/atomos-shogun-studio-2-dual-recorder-monitor\/#primaryimage"},"thumbnailUrl":"https:\/\/www.cinesouk.ma\/wp-content\/uploads\/2024\/08\/Atomos-Shogun-Studio-2-B-Stock.jpg","datePublished":"2024-08-20T17:23:42+00:00","dateModified":"2026-01-27T10:48:08+00:00","description":"The Atomos Shogun Studio 2 - Dual Recorder & Monitor offers high-performance 4K HDR recording and monitoring, ideal for multi-camera setups and live productions.","breadcrumb":{"@id":"https:\/\/www.cinesouk.ma\/product\/atomos-shogun-studio-2-dual-recorder-monitor\/#breadcrumb"},"inLanguage":"fr-FR","potentialAction":[{"@type":"ReadAction","target":["https:\/\/www.cinesouk.ma\/product\/atomos-shogun-studio-2-dual-recorder-monitor\/"]}]},{"@type":"ImageObject","inLanguage":"fr-FR","@id":"https:\/\/www.cinesouk.ma\/product\/atomos-shogun-studio-2-dual-recorder-monitor\/#primaryimage","url":"https:\/\/www.cinesouk.ma\/wp-content\/uploads\/2024\/08\/Atomos-Shogun-Studio-2-B-Stock.jpg","contentUrl":"https:\/\/www.cinesouk.ma\/wp-content\/uploads\/2024\/08\/Atomos-Shogun-Studio-2-B-Stock.jpg","width":300,"height":238},{"@type":"BreadcrumbList","@id":"https:\/\/www.cinesouk.ma\/product\/atomos-shogun-studio-2-dual-recorder-monitor\/#breadcrumb","itemListElement":[{"@type":"ListItem","position":1,"name":"Home","item":"https:\/\/www.cinesouk.ma\/"},{"@type":"ListItem","position":2,"name":"Shop","item":"https:\/\/www.cinesouk.ma\/shop\/"},{"@type":"ListItem","position":3,"name":"Atomos Shogun Studio 2 &#8211; Dual Recorder &#038; Monitor"}]},{"@type":"WebSite","@id":"https:\/\/www.cinesouk.ma\/#website","url":"https:\/\/www.cinesouk.ma\/","name":"CineSouk","description":"","publisher":{"@id":"https:\/\/www.cinesouk.ma\/#organization"},"potentialAction":[{"@type":"SearchAction","target":{"@type":"EntryPoint","urlTemplate":"https:\/\/www.cinesouk.ma\/?s={search_term_string}"},"query-input":{"@type":"PropertyValueSpecification","valueRequired":true,"valueName":"search_term_string"}}],"inLanguage":"fr-FR"},{"@type":"Organization","@id":"https:\/\/www.cinesouk.ma\/#organization","name":"CineSouk","url":"https:\/\/www.cinesouk.ma\/","logo":{"@type":"ImageObject","inLanguage":"fr-FR","@id":"https:\/\/www.cinesouk.ma\/#\/schema\/logo\/image\/","url":"https:\/\/www.cinesouk.ma\/wp-content\/uploads\/2024\/01\/CineSouk-logo-v01-alpha-alligned-left.png","contentUrl":"https:\/\/www.cinesouk.ma\/wp-content\/uploads\/2024\/01\/CineSouk-logo-v01-alpha-alligned-left.png","width":3204,"height":889,"caption":"CineSouk"},"image":{"@id":"https:\/\/www.cinesouk.ma\/#\/schema\/logo\/image\/"}}]}},"_links":{"self":[{"href":"https:\/\/www.cinesouk.ma\/fr\/wp-json\/wp\/v2\/product\/7557","targetHints":{"allow":["GET"]}}],"collection":[{"href":"https:\/\/www.cinesouk.ma\/fr\/wp-json\/wp\/v2\/product"}],"about":[{"href":"https:\/\/www.cinesouk.ma\/fr\/wp-json\/wp\/v2\/types\/product"}],"wp:featuredmedia":[{"embeddable":true,"href":"https:\/\/www.cinesouk.ma\/fr\/wp-json\/wp\/v2\/media\/7568"}],"wp:attachment":[{"href":"https:\/\/www.cinesouk.ma\/fr\/wp-json\/wp\/v2\/media?parent=7557"}],"wp:term":[{"taxonomy":"product_brand","embeddable":true,"href":"https:\/\/www.cinesouk.ma\/fr\/wp-json\/wp\/v2\/product_brand?post=7557"},{"taxonomy":"product_cat","embeddable":true,"href":"https:\/\/www.cinesouk.ma\/fr\/wp-json\/wp\/v2\/product_cat?post=7557"},{"taxonomy":"product_tag","embeddable":true,"href":"https:\/\/www.cinesouk.ma\/fr\/wp-json\/wp\/v2\/product_tag?post=7557"}],"curies":[{"name":"wp","href":"https:\/\/api.w.org\/{rel}","templated":true}]}}