{"id":7599,"date":"2024-08-01T10:00:23","date_gmt":"2024-08-01T10:00:23","guid":{"rendered":"https:\/\/www.cinesouk.ma\/?post_type=product&#038;p=7599"},"modified":"2025-08-22T11:20:17","modified_gmt":"2025-08-22T11:20:17","slug":"three-panasonic-aw-ue70wej-skaarhoj-ptz-pro-controller-kit-4k-hd-remote-camera","status":"publish","type":"product","link":"https:\/\/www.cinesouk.ma\/fr\/produit\/three-panasonic-aw-ue70wej-skaarhoj-ptz-pro-controller-kit-4k-hd-remote-camera\/","title":{"rendered":"3x Panasonic AW-UE70WEJ - Skaarhoj PTZ Pro controller Kit - 4K &amp; HD Remote Hothead Camera"},"content":{"rendered":"<p><strong>Le kit 3x Panasonic AW-UE70WEJ - Skaarhoj PTZ Pro controller Kit - <\/strong><strong>La cam\u00e9ra \u00e0 t\u00eate chaude \u00e0 distance 4K et HD comprend :<\/strong><\/p>\n<h4>Panasonic AW-UE70WEJ<\/h4>\n<p>La Panasonic AW-UE70WEJ est connue pour ses fonctionnalit\u00e9s robustes et sa facilit\u00e9 d'utilisation. Avec des capacit\u00e9s de r\u00e9solution 4K et une large gamme de fonctionnalit\u00e9s professionnelles, cette cam\u00e9ra se distingue en tant que leader de l'industrie de la technologie PTZ. L'AW-UE70WEJ constitue une solution fiable et flexible pour la capture de vid\u00e9os de haute qualit\u00e9.<\/p>\n<h3>Caract\u00e9ristiques du syst\u00e8me de contr\u00f4le sans fil de l'objectif :<\/h3>\n<h4>R\u00e9solution 4K et imagerie de haute qualit\u00e9<\/h4>\n<ul>\n<li>Sortie 4K UHD : La cam\u00e9ra prend en charge la r\u00e9solution 4K UHD (3840 x 2160) \u00e0 30p, garantissant une qualit\u00e9 vid\u00e9o claire et nette pour les \u00e9missions haute d\u00e9finition.<\/li>\n<li>Capteur MOS de type 1\/2,3 : \u00c9quip\u00e9 d'un capteur \u00e0 haute sensibilit\u00e9, il capture des images \u00e9tonnantes m\u00eame dans des conditions de faible luminosit\u00e9, ce qui le rend id\u00e9al pour un large \u00e9ventail d'environnements lumineux.<\/li>\n<li>Zoom optique 12x et iZoom 18x : le zoom optique permet de r\u00e9aliser des gros plans puissants sans perte de qualit\u00e9 d'image, et la fonction de zoom intelligent \u00e9tend encore cette plage.<\/li>\n<li>Fonctionnalit\u00e9 PTZ avanc\u00e9e<\/li>\n<li>Panoramique, inclinaison et zoom en douceur : la cam\u00e9ra offre des op\u00e9rations PTZ fluides et silencieuses, qui peuvent \u00eatre contr\u00f4l\u00e9es \u00e0 distance via IP, ce qui la rend id\u00e9ale pour un tournage discret et flexible.<\/li>\n<li>Grand angle de vision : Avec un angle de vision horizontal de 65,1 degr\u00e9s, l'AW-UE70WEJ peut couvrir de vastes zones, ce qui r\u00e9duit la n\u00e9cessit\u00e9 d'utiliser plusieurs cam\u00e9ras.<\/li>\n<\/ul>\n<h4>Connectivit\u00e9 et contr\u00f4le polyvalents<\/h4>\n<ul>\n<li>Formats de sortie multiples : La cam\u00e9ra prend en charge les sorties HDMI, 3G-SDI et IP. Cela permet une int\u00e9gration transparente dans diverses configurations de diffusion et de streaming.<\/li>\n<li>Contr\u00f4le IP et diffusion en continu : Il est dot\u00e9 d'un contr\u00f4le IP complet, permettant une gestion \u00e0 distance par le biais d'un r\u00e9seau. Il permet \u00e9galement la diffusion en direct sur des plateformes telles que YouTube et Facebook.<\/li>\n<li>Prise en charge PoE+ : L'alimentation par Ethernet Plus (PoE+) simplifie l'installation en fournissant l'alimentation et le contr\u00f4le par le biais d'un seul c\u00e2ble. Il n'est donc pas n\u00e9cessaire d'effectuer un c\u00e2blage important.<\/li>\n<\/ul>\n<h4>Caract\u00e9ristiques professionnelles pour la diffusion et la production<\/h4>\n<ul>\n<li>Compatibilit\u00e9 NDI|HX : La cam\u00e9ra est compatible avec la norme NDI|HX, une norme vid\u00e9o IP \u00e0 haute efficacit\u00e9. Elle permet une int\u00e9gration facile dans les r\u00e9seaux NDI pour la production vid\u00e9o en direct.<\/li>\n<li>Synchronisation Genlock : Prend en charge le Genlock pour la synchronisation vid\u00e9o dans les configurations \u00e0 plusieurs cam\u00e9ras. Cela permet de passer d'une cam\u00e9ra \u00e0 l'autre de mani\u00e8re fluide et coordonn\u00e9e.<\/li>\n<li>Positions pr\u00e9d\u00e9finies : Permet d'enregistrer et de rappeler jusqu'\u00e0 100 positions pr\u00e9d\u00e9finies. Il est ainsi facile de passer d'un angle de cam\u00e9ra \u00e0 l'autre et d'un zoom \u00e0 l'autre au cours d'une production en direct.<\/li>\n<\/ul>\n<p>Louez le 3x Panasonic AW-UE70WEJ - Skaarhoj PTZ Pro controller Kit - 4K &amp; HD Remote Hothead Camera maintenant au <a href=\"https:\/\/www.cinesouk.ma\/fr\">CINESOUK<\/a> - une marque de <a href=\"https:\/\/www.broadway.ma\/\">BROADWAY PRODUCTIONS SARL.<\/a><\/p>","protected":false},"excerpt":{"rendered":"<p>Sp\u00e9cifications :<\/p>\n<p>R\u00e9solution : 4K UHD (3840 x 2160) \u00e0 30p<br \/>\nCapteur : MOS de type 1\/2,3<br \/>\nZoom optique : 12x optique, 18x iZoom<br \/>\nSorties : HDMI, 3G-SDI, IP Streaming<br \/>\nContr\u00f4le : IP, RS-422, t\u00e9l\u00e9commande IR, PoE+<br \/>\nAngle de vision : 65,1\u00b0 (horizontal)<br \/>\nNDI|HX : Compatible<br \/>\nGenlock : Pris en charge<br \/>\nAlimentation : PoE+, 12V DC<br \/>\nPoids : Environ 1,5 kg<\/p>","protected":false},"featured_media":7610,"template":"","meta":{"om_disable_all_campaigns":false,"_monsterinsights_skip_tracking":false,"_monsterinsights_sitenote_active":false,"_monsterinsights_sitenote_note":"","_monsterinsights_sitenote_category":0,"_uf_show_specific_survey":0,"_uf_disable_surveys":false},"product_brand":[],"product_cat":[76,34,52,113,32],"product_tag":[],"class_list":{"0":"post-7599","1":"product","2":"type-product","3":"status-publish","4":"has-post-thumbnail","6":"product_cat-bundles-and-kits-cinesouk","7":"product_cat-camera-cinesouk","8":"product_cat-multicam-cinesouk","9":"product_cat-multicam-eventsouk","10":"product_cat-streaming-cinesouk","12":"entry","13":"has-media","15":"first","16":"instock","17":"taxable","18":"shipping-taxable","19":"purchasable","20":"product-type-variable","21":"has-product-nav","22":"col","23":"span_1_of_3","24":"owp-content-center","25":"owp-thumbs-layout-horizontal","26":"owp-btn-normal","27":"owp-tabs-layout-horizontal","28":"has-no-thumbnails"},"yoast_head":"<!-- This site is optimized with the Yoast SEO Premium plugin v26.0 (Yoast SEO v26.0) - https:\/\/yoast.com\/wordpress\/plugins\/seo\/ -->\n<title>3x Panasonic AW-UE70WEJ - Skaarhoj PTZ Pro controller Kit - 4K &amp; HD Remote Hothead Camera - CineSouk<\/title>\n<meta name=\"description\" content=\"The 3x Panasonic AW-UE70WEJ - Skaarhoj PTZ Pro controller Kit - 4K &amp; HD Remote Hothead Camera with advanced remote control and IP streaming.\" \/>\n<meta name=\"robots\" content=\"index, follow, max-snippet:-1, max-image-preview:large, max-video-preview:-1\" \/>\n<link rel=\"canonical\" href=\"https:\/\/www.cinesouk.ma\/fr\/produit\/three-panasonic-aw-ue70wej-skaarhoj-ptz-pro-controller-kit-4k-hd-remote-camera\/\" \/>\n<meta property=\"og:locale\" content=\"fr_FR\" \/>\n<meta property=\"og:type\" content=\"article\" \/>\n<meta property=\"og:title\" content=\"3x Panasonic AW-UE70WEJ - Skaarhoj PTZ Pro controller Kit - 4K &amp; HD Remote Hothead Camera\" \/>\n<meta property=\"og:description\" content=\"The 3x Panasonic AW-UE70WEJ - Skaarhoj PTZ Pro controller Kit - 4K &amp; HD Remote Hothead Camera with advanced remote control and IP streaming.\" \/>\n<meta property=\"og:url\" content=\"https:\/\/www.cinesouk.ma\/fr\/produit\/three-panasonic-aw-ue70wej-skaarhoj-ptz-pro-controller-kit-4k-hd-remote-camera\/\" \/>\n<meta property=\"og:site_name\" content=\"CineSouk\" \/>\n<meta property=\"article:modified_time\" content=\"2025-08-22T11:20:17+00:00\" \/>\n<meta property=\"og:image\" content=\"https:\/\/www.cinesouk.ma\/wp-content\/uploads\/2024\/08\/kitkitktitkitk.jpg\" \/>\n\t<meta property=\"og:image:width\" content=\"300\" \/>\n\t<meta property=\"og:image:height\" content=\"238\" \/>\n\t<meta property=\"og:image:type\" content=\"image\/jpeg\" \/>\n<meta name=\"twitter:card\" content=\"summary_large_image\" \/>\n<meta name=\"twitter:description\" content=\"The 3x Panasonic AW-UE70WEJ - Skaarhoj PTZ Pro controller Kit - 4K &amp; HD Remote Hothead Camera with advanced remote control and IP streaming.\" \/>\n<meta name=\"twitter:label1\" content=\"Dur\u00e9e de lecture estim\u00e9e\" \/>\n\t<meta name=\"twitter:data1\" content=\"2 minutes\" \/>\n<script type=\"application\/ld+json\" class=\"yoast-schema-graph\">{\"@context\":\"https:\/\/schema.org\",\"@graph\":[{\"@type\":\"WebPage\",\"@id\":\"https:\/\/www.cinesouk.ma\/product\/three-panasonic-aw-ue70wej-skaarhoj-ptz-pro-controller-kit-4k-hd-remote-camera\/\",\"url\":\"https:\/\/www.cinesouk.ma\/product\/three-panasonic-aw-ue70wej-skaarhoj-ptz-pro-controller-kit-4k-hd-remote-camera\/\",\"name\":\"3x Panasonic AW-UE70WEJ - Skaarhoj PTZ Pro controller Kit - 4K & HD Remote Hothead Camera - CineSouk\",\"isPartOf\":{\"@id\":\"https:\/\/www.cinesouk.ma\/#website\"},\"primaryImageOfPage\":{\"@id\":\"https:\/\/www.cinesouk.ma\/product\/three-panasonic-aw-ue70wej-skaarhoj-ptz-pro-controller-kit-4k-hd-remote-camera\/#primaryimage\"},\"image\":{\"@id\":\"https:\/\/www.cinesouk.ma\/product\/three-panasonic-aw-ue70wej-skaarhoj-ptz-pro-controller-kit-4k-hd-remote-camera\/#primaryimage\"},\"thumbnailUrl\":\"https:\/\/www.cinesouk.ma\/wp-content\/uploads\/2024\/08\/kitkitktitkitk.jpg\",\"datePublished\":\"2024-08-01T10:00:23+00:00\",\"dateModified\":\"2025-08-22T11:20:17+00:00\",\"description\":\"The 3x Panasonic AW-UE70WEJ - Skaarhoj PTZ Pro controller Kit - 4K & HD Remote Hothead Camera with advanced remote control and IP streaming.\",\"breadcrumb\":{\"@id\":\"https:\/\/www.cinesouk.ma\/product\/three-panasonic-aw-ue70wej-skaarhoj-ptz-pro-controller-kit-4k-hd-remote-camera\/#breadcrumb\"},\"inLanguage\":\"fr-FR\",\"potentialAction\":[{\"@type\":\"ReadAction\",\"target\":[\"https:\/\/www.cinesouk.ma\/product\/three-panasonic-aw-ue70wej-skaarhoj-ptz-pro-controller-kit-4k-hd-remote-camera\/\"]}]},{\"@type\":\"ImageObject\",\"inLanguage\":\"fr-FR\",\"@id\":\"https:\/\/www.cinesouk.ma\/product\/three-panasonic-aw-ue70wej-skaarhoj-ptz-pro-controller-kit-4k-hd-remote-camera\/#primaryimage\",\"url\":\"https:\/\/www.cinesouk.ma\/wp-content\/uploads\/2024\/08\/kitkitktitkitk.jpg\",\"contentUrl\":\"https:\/\/www.cinesouk.ma\/wp-content\/uploads\/2024\/08\/kitkitktitkitk.jpg\",\"width\":300,\"height\":238},{\"@type\":\"BreadcrumbList\",\"@id\":\"https:\/\/www.cinesouk.ma\/product\/three-panasonic-aw-ue70wej-skaarhoj-ptz-pro-controller-kit-4k-hd-remote-camera\/#breadcrumb\",\"itemListElement\":[{\"@type\":\"ListItem\",\"position\":1,\"name\":\"Home\",\"item\":\"https:\/\/www.cinesouk.ma\/\"},{\"@type\":\"ListItem\",\"position\":2,\"name\":\"Shop\",\"item\":\"https:\/\/www.cinesouk.ma\/shop\/\"},{\"@type\":\"ListItem\",\"position\":3,\"name\":\"3x Panasonic AW-UE70WEJ &#8211; Skaarhoj PTZ Pro controller Kit &#8211; 4K &#038; HD Remote Hothead Camera\"}]},{\"@type\":\"WebSite\",\"@id\":\"https:\/\/www.cinesouk.ma\/#website\",\"url\":\"https:\/\/www.cinesouk.ma\/\",\"name\":\"CineSouk\",\"description\":\"\",\"publisher\":{\"@id\":\"https:\/\/www.cinesouk.ma\/#organization\"},\"potentialAction\":[{\"@type\":\"SearchAction\",\"target\":{\"@type\":\"EntryPoint\",\"urlTemplate\":\"https:\/\/www.cinesouk.ma\/?s={search_term_string}\"},\"query-input\":{\"@type\":\"PropertyValueSpecification\",\"valueRequired\":true,\"valueName\":\"search_term_string\"}}],\"inLanguage\":\"fr-FR\"},{\"@type\":\"Organization\",\"@id\":\"https:\/\/www.cinesouk.ma\/#organization\",\"name\":\"CineSouk\",\"url\":\"https:\/\/www.cinesouk.ma\/\",\"logo\":{\"@type\":\"ImageObject\",\"inLanguage\":\"fr-FR\",\"@id\":\"https:\/\/www.cinesouk.ma\/#\/schema\/logo\/image\/\",\"url\":\"https:\/\/www.cinesouk.ma\/wp-content\/uploads\/2024\/01\/CineSouk-logo-v01-alpha-alligned-left.png\",\"contentUrl\":\"https:\/\/www.cinesouk.ma\/wp-content\/uploads\/2024\/01\/CineSouk-logo-v01-alpha-alligned-left.png\",\"width\":3204,\"height\":889,\"caption\":\"CineSouk\"},\"image\":{\"@id\":\"https:\/\/www.cinesouk.ma\/#\/schema\/logo\/image\/\"}}]}<\/script>\n<!-- \/ Yoast SEO Premium plugin. -->","yoast_head_json":{"title":"3x Panasonic AW-UE70WEJ - Skaarhoj PTZ Pro controller Kit - 4K & HD Remote Hothead Camera - CineSouk","description":"The 3x Panasonic AW-UE70WEJ - Skaarhoj PTZ Pro controller Kit - 4K & HD Remote Hothead Camera with advanced remote control and IP streaming.","robots":{"index":"index","follow":"follow","max-snippet":"max-snippet:-1","max-image-preview":"max-image-preview:large","max-video-preview":"max-video-preview:-1"},"canonical":"https:\/\/www.cinesouk.ma\/fr\/produit\/three-panasonic-aw-ue70wej-skaarhoj-ptz-pro-controller-kit-4k-hd-remote-camera\/","og_locale":"fr_FR","og_type":"article","og_title":"3x Panasonic AW-UE70WEJ - Skaarhoj PTZ Pro controller Kit - 4K & HD Remote Hothead Camera","og_description":"The 3x Panasonic AW-UE70WEJ - Skaarhoj PTZ Pro controller Kit - 4K & HD Remote Hothead Camera with advanced remote control and IP streaming.","og_url":"https:\/\/www.cinesouk.ma\/fr\/produit\/three-panasonic-aw-ue70wej-skaarhoj-ptz-pro-controller-kit-4k-hd-remote-camera\/","og_site_name":"CineSouk","article_modified_time":"2025-08-22T11:20:17+00:00","og_image":[{"width":300,"height":238,"url":"https:\/\/www.cinesouk.ma\/wp-content\/uploads\/2024\/08\/kitkitktitkitk.jpg","type":"image\/jpeg"}],"twitter_card":"summary_large_image","twitter_description":"The 3x Panasonic AW-UE70WEJ - Skaarhoj PTZ Pro controller Kit - 4K & HD Remote Hothead Camera with advanced remote control and IP streaming.","twitter_misc":{"Dur\u00e9e de lecture estim\u00e9e":"2 minutes"},"schema":{"@context":"https:\/\/schema.org","@graph":[{"@type":"WebPage","@id":"https:\/\/www.cinesouk.ma\/product\/three-panasonic-aw-ue70wej-skaarhoj-ptz-pro-controller-kit-4k-hd-remote-camera\/","url":"https:\/\/www.cinesouk.ma\/product\/three-panasonic-aw-ue70wej-skaarhoj-ptz-pro-controller-kit-4k-hd-remote-camera\/","name":"3x Panasonic AW-UE70WEJ - Skaarhoj PTZ Pro controller Kit - 4K & HD Remote Hothead Camera - CineSouk","isPartOf":{"@id":"https:\/\/www.cinesouk.ma\/#website"},"primaryImageOfPage":{"@id":"https:\/\/www.cinesouk.ma\/product\/three-panasonic-aw-ue70wej-skaarhoj-ptz-pro-controller-kit-4k-hd-remote-camera\/#primaryimage"},"image":{"@id":"https:\/\/www.cinesouk.ma\/product\/three-panasonic-aw-ue70wej-skaarhoj-ptz-pro-controller-kit-4k-hd-remote-camera\/#primaryimage"},"thumbnailUrl":"https:\/\/www.cinesouk.ma\/wp-content\/uploads\/2024\/08\/kitkitktitkitk.jpg","datePublished":"2024-08-01T10:00:23+00:00","dateModified":"2025-08-22T11:20:17+00:00","description":"The 3x Panasonic AW-UE70WEJ - Skaarhoj PTZ Pro controller Kit - 4K & HD Remote Hothead Camera with advanced remote control and IP streaming.","breadcrumb":{"@id":"https:\/\/www.cinesouk.ma\/product\/three-panasonic-aw-ue70wej-skaarhoj-ptz-pro-controller-kit-4k-hd-remote-camera\/#breadcrumb"},"inLanguage":"fr-FR","potentialAction":[{"@type":"ReadAction","target":["https:\/\/www.cinesouk.ma\/product\/three-panasonic-aw-ue70wej-skaarhoj-ptz-pro-controller-kit-4k-hd-remote-camera\/"]}]},{"@type":"ImageObject","inLanguage":"fr-FR","@id":"https:\/\/www.cinesouk.ma\/product\/three-panasonic-aw-ue70wej-skaarhoj-ptz-pro-controller-kit-4k-hd-remote-camera\/#primaryimage","url":"https:\/\/www.cinesouk.ma\/wp-content\/uploads\/2024\/08\/kitkitktitkitk.jpg","contentUrl":"https:\/\/www.cinesouk.ma\/wp-content\/uploads\/2024\/08\/kitkitktitkitk.jpg","width":300,"height":238},{"@type":"BreadcrumbList","@id":"https:\/\/www.cinesouk.ma\/product\/three-panasonic-aw-ue70wej-skaarhoj-ptz-pro-controller-kit-4k-hd-remote-camera\/#breadcrumb","itemListElement":[{"@type":"ListItem","position":1,"name":"Home","item":"https:\/\/www.cinesouk.ma\/"},{"@type":"ListItem","position":2,"name":"Shop","item":"https:\/\/www.cinesouk.ma\/shop\/"},{"@type":"ListItem","position":3,"name":"3x Panasonic AW-UE70WEJ &#8211; Skaarhoj PTZ Pro controller Kit &#8211; 4K &#038; HD Remote Hothead Camera"}]},{"@type":"WebSite","@id":"https:\/\/www.cinesouk.ma\/#website","url":"https:\/\/www.cinesouk.ma\/","name":"CineSouk","description":"","publisher":{"@id":"https:\/\/www.cinesouk.ma\/#organization"},"potentialAction":[{"@type":"SearchAction","target":{"@type":"EntryPoint","urlTemplate":"https:\/\/www.cinesouk.ma\/?s={search_term_string}"},"query-input":{"@type":"PropertyValueSpecification","valueRequired":true,"valueName":"search_term_string"}}],"inLanguage":"fr-FR"},{"@type":"Organization","@id":"https:\/\/www.cinesouk.ma\/#organization","name":"CineSouk","url":"https:\/\/www.cinesouk.ma\/","logo":{"@type":"ImageObject","inLanguage":"fr-FR","@id":"https:\/\/www.cinesouk.ma\/#\/schema\/logo\/image\/","url":"https:\/\/www.cinesouk.ma\/wp-content\/uploads\/2024\/01\/CineSouk-logo-v01-alpha-alligned-left.png","contentUrl":"https:\/\/www.cinesouk.ma\/wp-content\/uploads\/2024\/01\/CineSouk-logo-v01-alpha-alligned-left.png","width":3204,"height":889,"caption":"CineSouk"},"image":{"@id":"https:\/\/www.cinesouk.ma\/#\/schema\/logo\/image\/"}}]}},"_links":{"self":[{"href":"https:\/\/www.cinesouk.ma\/fr\/wp-json\/wp\/v2\/product\/7599","targetHints":{"allow":["GET"]}}],"collection":[{"href":"https:\/\/www.cinesouk.ma\/fr\/wp-json\/wp\/v2\/product"}],"about":[{"href":"https:\/\/www.cinesouk.ma\/fr\/wp-json\/wp\/v2\/types\/product"}],"wp:featuredmedia":[{"embeddable":true,"href":"https:\/\/www.cinesouk.ma\/fr\/wp-json\/wp\/v2\/media\/7610"}],"wp:attachment":[{"href":"https:\/\/www.cinesouk.ma\/fr\/wp-json\/wp\/v2\/media?parent=7599"}],"wp:term":[{"taxonomy":"product_brand","embeddable":true,"href":"https:\/\/www.cinesouk.ma\/fr\/wp-json\/wp\/v2\/product_brand?post=7599"},{"taxonomy":"product_cat","embeddable":true,"href":"https:\/\/www.cinesouk.ma\/fr\/wp-json\/wp\/v2\/product_cat?post=7599"},{"taxonomy":"product_tag","embeddable":true,"href":"https:\/\/www.cinesouk.ma\/fr\/wp-json\/wp\/v2\/product_tag?post=7599"}],"curies":[{"name":"wp","href":"https:\/\/api.w.org\/{rel}","templated":true}]}}