{"id":7611,"date":"2024-08-20T17:00:28","date_gmt":"2024-08-20T17:00:28","guid":{"rendered":"https:\/\/www.cinesouk.ma\/?post_type=product&#038;p=7611"},"modified":"2025-08-22T11:16:14","modified_gmt":"2025-08-22T11:16:14","slug":"skaarhoj-ptz-pro-controller-for-robotic-cameras","status":"publish","type":"product","link":"https:\/\/www.cinesouk.ma\/fr\/produit\/skaarhoj-ptz-pro-controller-for-robotic-cameras\/","title":{"rendered":"Contr\u00f4leur Skaarhoj PTZ Pro pour cam\u00e9ras robotis\u00e9es"},"content":{"rendered":"<p>Le contr\u00f4leur Skaarhoj PTZ Pro pour cam\u00e9ras robotis\u00e9es se distingue par sa capacit\u00e9 \u00e0 fournir un contr\u00f4le intuitif et pr\u00e9cis des cam\u00e9ras PTZ, ce qui en fait l'un des produits pr\u00e9f\u00e9r\u00e9s des professionnels de la diffusion. De plus, il est \u00e9quip\u00e9 de fonctions avanc\u00e9es qui permettent de g\u00e9rer facilement les mouvements complexes des cam\u00e9ras, ce qui le rend id\u00e9al pour les studios, les \u00e9v\u00e9nements en direct et les installations de t\u00e9l\u00e9diffusion.<\/p>\n<h2><strong>Caract\u00e9ristiques<\/strong><\/h2>\n<ul>\n<li><strong>Interface de contr\u00f4le intuitive<\/strong><\/li>\n<\/ul>\n<p style=\"padding-left: 40px;\">Boutons de commande tactiles : Le contr\u00f4leur est dot\u00e9 de boutons tactiles de haute qualit\u00e9 qui offrent non seulement un retour d'information imm\u00e9diat, mais aussi un contr\u00f4le pr\u00e9cis des mouvements de la cam\u00e9ra, du zoom, de la mise au point et d'autres fonctions essentielles.<br \/>\nEn outre, les \u00e9crans OLED int\u00e9gr\u00e9s fournissent un retour d'information clair et en temps r\u00e9el sur les param\u00e8tres et l'\u00e9tat de la cam\u00e9ra, ce qui garantit que les op\u00e9rateurs sont toujours au courant de l'\u00e9tat actuel de la cam\u00e9ra.<br \/>\nCommande par joystick : Un joystick \u00e0 3 axes permet des op\u00e9rations de panoramique, d'inclinaison et de zoom fluides et r\u00e9actives, ce qui permet des r\u00e9glages pr\u00e9cis pendant la production en direct.<\/p>\n<ul>\n<li><strong>Gestion de plusieurs cam\u00e9ras<\/strong><\/li>\n<\/ul>\n<p style=\"padding-left: 40px;\">Contr\u00f4le de plusieurs cam\u00e9ras : Le contr\u00f4leur PTZ Pro permet de contr\u00f4ler plusieurs cam\u00e9ras PTZ \u00e0 partir d'une seule interface, avec la possibilit\u00e9 de passer rapidement d'une cam\u00e9ra \u00e0 l'autre et d'une configuration pr\u00e9d\u00e9finie \u00e0 l'autre.<br \/>\nPr\u00e9r\u00e9glages personnalisables : Enregistrez et rappelez jusqu'\u00e0 254 pr\u00e9r\u00e9glages par cam\u00e9ra, ce qui permet de changer rapidement et r\u00e9guli\u00e8rement la position de la cam\u00e9ra pendant les \u00e9missions en direct.<br \/>\nCompatibilit\u00e9 multiplateforme : Compatible avec une large gamme de cam\u00e9ras PTZ de diff\u00e9rents fabricants, notamment Panasonic, Sony et Blackmagic Design, ce qui garantit la flexibilit\u00e9 dans divers environnements de production.<\/p>\n<ul>\n<li><strong>Connectivit\u00e9 avanc\u00e9e<\/strong><\/li>\n<\/ul>\n<p style=\"padding-left: 40px;\">Contr\u00f4le sur IP : Le contr\u00f4leur prend en charge le contr\u00f4le sur IP via un r\u00e9seau, ce qui permet le fonctionnement \u00e0 distance des cam\u00e9ras PTZ sur diff\u00e9rents sites.<br \/>\nPoE (Power over Ethernet) : Simplifie l'installation en fournissant l'alimentation et le contr\u00f4le par le biais d'un seul c\u00e2ble Ethernet, r\u00e9duisant ainsi le besoin de c\u00e2blage suppl\u00e9mentaire.<br \/>\nInt\u00e9gration Tally : Enfin, l'int\u00e9gration de la lumi\u00e8re Tally permet une communication transparente entre le contr\u00f4leur et le commutateur de production, indiquant quelle cam\u00e9ra est en direct.<\/p>\n<p>Louez le contr\u00f4leur Skaarhoj PTZ Pro pour cam\u00e9ras robotis\u00e9es d\u00e8s maintenant sur <a href=\"https:\/\/www.cinesouk.ma\/fr\">CINESOUK<\/a> - une marque de <a href=\"https:\/\/www.broadway.ma\/\">BROADWAY PRODUCTIONS SARL.<\/a><\/p>","protected":false},"excerpt":{"rendered":"<p>Sp\u00e9cifications :<br \/>\nInterface de contr\u00f4le : Joystick \u00e0 3 axes, boutons tactiles, \u00e9crans OLED<br \/>\nCompatibilit\u00e9 avec les cam\u00e9ras : Prise en charge de nombreuses cam\u00e9ras PTZ, y compris Panasonic, Sony, Blackmagic Design<br \/>\nStockage des pr\u00e9r\u00e9glages : Jusqu'\u00e0 254 pr\u00e9r\u00e9glages par cam\u00e9ra<br \/>\nConnectivit\u00e9 : Contr\u00f4le bas\u00e9 sur IP, PoE (Power over Ethernet)<br \/>\nInt\u00e9gration Tally : Oui<br \/>\nAlimentation \u00e9lectrique : PoE ou alimentation externe<br \/>\nPoids : Environ 1,2 kg<br \/>\nDimensions : 280 mm (L) x 120 mm (P) x 80 mm (H) : 280 mm (L) x 120 mm (P) x 80 mm (H)<\/p>","protected":false},"featured_media":7623,"template":"","meta":{"om_disable_all_campaigns":false,"_monsterinsights_skip_tracking":false,"_monsterinsights_sitenote_active":false,"_monsterinsights_sitenote_note":"","_monsterinsights_sitenote_category":0,"_uf_show_specific_survey":0,"_uf_disable_surveys":false},"product_brand":[],"product_cat":[37,52,113],"product_tag":[],"class_list":{"0":"post-7611","1":"product","2":"type-product","3":"status-publish","4":"has-post-thumbnail","6":"product_cat-accessories-cinesouk","7":"product_cat-multicam-cinesouk","8":"product_cat-multicam-eventsouk","10":"entry","11":"has-media","13":"first","14":"instock","15":"taxable","16":"shipping-taxable","17":"purchasable","18":"product-type-variable","19":"has-product-nav","20":"col","21":"span_1_of_3","22":"owp-content-center","23":"owp-thumbs-layout-horizontal","24":"owp-btn-normal","25":"owp-tabs-layout-horizontal","26":"has-no-thumbnails"},"yoast_head":"<!-- This site is optimized with the Yoast SEO Premium plugin v26.0 (Yoast SEO v26.0) - https:\/\/yoast.com\/wordpress\/plugins\/seo\/ -->\n<title>Skaarhoj PTZ Pro controller for robotic cameras - CineSouk - For rent<\/title>\n<meta name=\"description\" content=\"Control your PTZ cameras with the Skaarhoj PTZ Pro Controller, featuring IP-based control, customizable presets, and a tactile interface.\" \/>\n<meta name=\"robots\" content=\"index, follow, max-snippet:-1, max-image-preview:large, max-video-preview:-1\" \/>\n<link rel=\"canonical\" href=\"https:\/\/www.cinesouk.ma\/fr\/produit\/skaarhoj-ptz-pro-controller-for-robotic-cameras\/\" \/>\n<meta property=\"og:locale\" content=\"fr_FR\" \/>\n<meta property=\"og:type\" content=\"article\" \/>\n<meta property=\"og:title\" content=\"Skaarhoj PTZ Pro controller for robotic cameras\" \/>\n<meta property=\"og:description\" content=\"Control your PTZ cameras with the Skaarhoj PTZ Pro Controller, featuring IP-based control, customizable presets, and a tactile interface.\" \/>\n<meta property=\"og:url\" content=\"https:\/\/www.cinesouk.ma\/fr\/produit\/skaarhoj-ptz-pro-controller-for-robotic-cameras\/\" \/>\n<meta property=\"og:site_name\" content=\"CineSouk\" \/>\n<meta property=\"article:modified_time\" content=\"2025-08-22T11:16:14+00:00\" \/>\n<meta property=\"og:image\" content=\"https:\/\/www.cinesouk.ma\/wp-content\/uploads\/2024\/08\/manita.jpg\" \/>\n\t<meta property=\"og:image:width\" content=\"300\" \/>\n\t<meta property=\"og:image:height\" content=\"238\" \/>\n\t<meta property=\"og:image:type\" content=\"image\/jpeg\" \/>\n<meta name=\"twitter:card\" content=\"summary_large_image\" \/>\n<meta name=\"twitter:description\" content=\"Control your PTZ cameras with the Skaarhoj PTZ Pro Controller, featuring IP-based control, customizable presets, and a tactile interface.\" \/>\n<meta name=\"twitter:label1\" content=\"Dur\u00e9e de lecture estim\u00e9e\" \/>\n\t<meta name=\"twitter:data1\" content=\"2 minutes\" \/>\n<script type=\"application\/ld+json\" class=\"yoast-schema-graph\">{\"@context\":\"https:\/\/schema.org\",\"@graph\":[{\"@type\":\"WebPage\",\"@id\":\"https:\/\/www.cinesouk.ma\/product\/skaarhoj-ptz-pro-controller-for-robotic-cameras\/\",\"url\":\"https:\/\/www.cinesouk.ma\/product\/skaarhoj-ptz-pro-controller-for-robotic-cameras\/\",\"name\":\"Skaarhoj PTZ Pro controller for robotic cameras - CineSouk - For rent\",\"isPartOf\":{\"@id\":\"https:\/\/www.cinesouk.ma\/#website\"},\"primaryImageOfPage\":{\"@id\":\"https:\/\/www.cinesouk.ma\/product\/skaarhoj-ptz-pro-controller-for-robotic-cameras\/#primaryimage\"},\"image\":{\"@id\":\"https:\/\/www.cinesouk.ma\/product\/skaarhoj-ptz-pro-controller-for-robotic-cameras\/#primaryimage\"},\"thumbnailUrl\":\"https:\/\/www.cinesouk.ma\/wp-content\/uploads\/2024\/08\/manita.jpg\",\"datePublished\":\"2024-08-20T17:00:28+00:00\",\"dateModified\":\"2025-08-22T11:16:14+00:00\",\"description\":\"Control your PTZ cameras with the Skaarhoj PTZ Pro Controller, featuring IP-based control, customizable presets, and a tactile interface.\",\"breadcrumb\":{\"@id\":\"https:\/\/www.cinesouk.ma\/product\/skaarhoj-ptz-pro-controller-for-robotic-cameras\/#breadcrumb\"},\"inLanguage\":\"fr-FR\",\"potentialAction\":[{\"@type\":\"ReadAction\",\"target\":[\"https:\/\/www.cinesouk.ma\/product\/skaarhoj-ptz-pro-controller-for-robotic-cameras\/\"]}]},{\"@type\":\"ImageObject\",\"inLanguage\":\"fr-FR\",\"@id\":\"https:\/\/www.cinesouk.ma\/product\/skaarhoj-ptz-pro-controller-for-robotic-cameras\/#primaryimage\",\"url\":\"https:\/\/www.cinesouk.ma\/wp-content\/uploads\/2024\/08\/manita.jpg\",\"contentUrl\":\"https:\/\/www.cinesouk.ma\/wp-content\/uploads\/2024\/08\/manita.jpg\",\"width\":300,\"height\":238},{\"@type\":\"BreadcrumbList\",\"@id\":\"https:\/\/www.cinesouk.ma\/product\/skaarhoj-ptz-pro-controller-for-robotic-cameras\/#breadcrumb\",\"itemListElement\":[{\"@type\":\"ListItem\",\"position\":1,\"name\":\"Home\",\"item\":\"https:\/\/www.cinesouk.ma\/\"},{\"@type\":\"ListItem\",\"position\":2,\"name\":\"Shop\",\"item\":\"https:\/\/www.cinesouk.ma\/shop\/\"},{\"@type\":\"ListItem\",\"position\":3,\"name\":\"Skaarhoj PTZ Pro controller for robotic cameras\"}]},{\"@type\":\"WebSite\",\"@id\":\"https:\/\/www.cinesouk.ma\/#website\",\"url\":\"https:\/\/www.cinesouk.ma\/\",\"name\":\"CineSouk\",\"description\":\"\",\"publisher\":{\"@id\":\"https:\/\/www.cinesouk.ma\/#organization\"},\"potentialAction\":[{\"@type\":\"SearchAction\",\"target\":{\"@type\":\"EntryPoint\",\"urlTemplate\":\"https:\/\/www.cinesouk.ma\/?s={search_term_string}\"},\"query-input\":{\"@type\":\"PropertyValueSpecification\",\"valueRequired\":true,\"valueName\":\"search_term_string\"}}],\"inLanguage\":\"fr-FR\"},{\"@type\":\"Organization\",\"@id\":\"https:\/\/www.cinesouk.ma\/#organization\",\"name\":\"CineSouk\",\"url\":\"https:\/\/www.cinesouk.ma\/\",\"logo\":{\"@type\":\"ImageObject\",\"inLanguage\":\"fr-FR\",\"@id\":\"https:\/\/www.cinesouk.ma\/#\/schema\/logo\/image\/\",\"url\":\"https:\/\/www.cinesouk.ma\/wp-content\/uploads\/2024\/01\/CineSouk-logo-v01-alpha-alligned-left.png\",\"contentUrl\":\"https:\/\/www.cinesouk.ma\/wp-content\/uploads\/2024\/01\/CineSouk-logo-v01-alpha-alligned-left.png\",\"width\":3204,\"height\":889,\"caption\":\"CineSouk\"},\"image\":{\"@id\":\"https:\/\/www.cinesouk.ma\/#\/schema\/logo\/image\/\"}}]}<\/script>\n<!-- \/ Yoast SEO Premium plugin. -->","yoast_head_json":{"title":"Skaarhoj PTZ Pro controller for robotic cameras - CineSouk - For rent","description":"Control your PTZ cameras with the Skaarhoj PTZ Pro Controller, featuring IP-based control, customizable presets, and a tactile interface.","robots":{"index":"index","follow":"follow","max-snippet":"max-snippet:-1","max-image-preview":"max-image-preview:large","max-video-preview":"max-video-preview:-1"},"canonical":"https:\/\/www.cinesouk.ma\/fr\/produit\/skaarhoj-ptz-pro-controller-for-robotic-cameras\/","og_locale":"fr_FR","og_type":"article","og_title":"Skaarhoj PTZ Pro controller for robotic cameras","og_description":"Control your PTZ cameras with the Skaarhoj PTZ Pro Controller, featuring IP-based control, customizable presets, and a tactile interface.","og_url":"https:\/\/www.cinesouk.ma\/fr\/produit\/skaarhoj-ptz-pro-controller-for-robotic-cameras\/","og_site_name":"CineSouk","article_modified_time":"2025-08-22T11:16:14+00:00","og_image":[{"width":300,"height":238,"url":"https:\/\/www.cinesouk.ma\/wp-content\/uploads\/2024\/08\/manita.jpg","type":"image\/jpeg"}],"twitter_card":"summary_large_image","twitter_description":"Control your PTZ cameras with the Skaarhoj PTZ Pro Controller, featuring IP-based control, customizable presets, and a tactile interface.","twitter_misc":{"Dur\u00e9e de lecture estim\u00e9e":"2 minutes"},"schema":{"@context":"https:\/\/schema.org","@graph":[{"@type":"WebPage","@id":"https:\/\/www.cinesouk.ma\/product\/skaarhoj-ptz-pro-controller-for-robotic-cameras\/","url":"https:\/\/www.cinesouk.ma\/product\/skaarhoj-ptz-pro-controller-for-robotic-cameras\/","name":"Skaarhoj PTZ Pro controller for robotic cameras - CineSouk - For rent","isPartOf":{"@id":"https:\/\/www.cinesouk.ma\/#website"},"primaryImageOfPage":{"@id":"https:\/\/www.cinesouk.ma\/product\/skaarhoj-ptz-pro-controller-for-robotic-cameras\/#primaryimage"},"image":{"@id":"https:\/\/www.cinesouk.ma\/product\/skaarhoj-ptz-pro-controller-for-robotic-cameras\/#primaryimage"},"thumbnailUrl":"https:\/\/www.cinesouk.ma\/wp-content\/uploads\/2024\/08\/manita.jpg","datePublished":"2024-08-20T17:00:28+00:00","dateModified":"2025-08-22T11:16:14+00:00","description":"Control your PTZ cameras with the Skaarhoj PTZ Pro Controller, featuring IP-based control, customizable presets, and a tactile interface.","breadcrumb":{"@id":"https:\/\/www.cinesouk.ma\/product\/skaarhoj-ptz-pro-controller-for-robotic-cameras\/#breadcrumb"},"inLanguage":"fr-FR","potentialAction":[{"@type":"ReadAction","target":["https:\/\/www.cinesouk.ma\/product\/skaarhoj-ptz-pro-controller-for-robotic-cameras\/"]}]},{"@type":"ImageObject","inLanguage":"fr-FR","@id":"https:\/\/www.cinesouk.ma\/product\/skaarhoj-ptz-pro-controller-for-robotic-cameras\/#primaryimage","url":"https:\/\/www.cinesouk.ma\/wp-content\/uploads\/2024\/08\/manita.jpg","contentUrl":"https:\/\/www.cinesouk.ma\/wp-content\/uploads\/2024\/08\/manita.jpg","width":300,"height":238},{"@type":"BreadcrumbList","@id":"https:\/\/www.cinesouk.ma\/product\/skaarhoj-ptz-pro-controller-for-robotic-cameras\/#breadcrumb","itemListElement":[{"@type":"ListItem","position":1,"name":"Home","item":"https:\/\/www.cinesouk.ma\/"},{"@type":"ListItem","position":2,"name":"Shop","item":"https:\/\/www.cinesouk.ma\/shop\/"},{"@type":"ListItem","position":3,"name":"Skaarhoj PTZ Pro controller for robotic cameras"}]},{"@type":"WebSite","@id":"https:\/\/www.cinesouk.ma\/#website","url":"https:\/\/www.cinesouk.ma\/","name":"CineSouk","description":"","publisher":{"@id":"https:\/\/www.cinesouk.ma\/#organization"},"potentialAction":[{"@type":"SearchAction","target":{"@type":"EntryPoint","urlTemplate":"https:\/\/www.cinesouk.ma\/?s={search_term_string}"},"query-input":{"@type":"PropertyValueSpecification","valueRequired":true,"valueName":"search_term_string"}}],"inLanguage":"fr-FR"},{"@type":"Organization","@id":"https:\/\/www.cinesouk.ma\/#organization","name":"CineSouk","url":"https:\/\/www.cinesouk.ma\/","logo":{"@type":"ImageObject","inLanguage":"fr-FR","@id":"https:\/\/www.cinesouk.ma\/#\/schema\/logo\/image\/","url":"https:\/\/www.cinesouk.ma\/wp-content\/uploads\/2024\/01\/CineSouk-logo-v01-alpha-alligned-left.png","contentUrl":"https:\/\/www.cinesouk.ma\/wp-content\/uploads\/2024\/01\/CineSouk-logo-v01-alpha-alligned-left.png","width":3204,"height":889,"caption":"CineSouk"},"image":{"@id":"https:\/\/www.cinesouk.ma\/#\/schema\/logo\/image\/"}}]}},"_links":{"self":[{"href":"https:\/\/www.cinesouk.ma\/fr\/wp-json\/wp\/v2\/product\/7611","targetHints":{"allow":["GET"]}}],"collection":[{"href":"https:\/\/www.cinesouk.ma\/fr\/wp-json\/wp\/v2\/product"}],"about":[{"href":"https:\/\/www.cinesouk.ma\/fr\/wp-json\/wp\/v2\/types\/product"}],"wp:featuredmedia":[{"embeddable":true,"href":"https:\/\/www.cinesouk.ma\/fr\/wp-json\/wp\/v2\/media\/7623"}],"wp:attachment":[{"href":"https:\/\/www.cinesouk.ma\/fr\/wp-json\/wp\/v2\/media?parent=7611"}],"wp:term":[{"taxonomy":"product_brand","embeddable":true,"href":"https:\/\/www.cinesouk.ma\/fr\/wp-json\/wp\/v2\/product_brand?post=7611"},{"taxonomy":"product_cat","embeddable":true,"href":"https:\/\/www.cinesouk.ma\/fr\/wp-json\/wp\/v2\/product_cat?post=7611"},{"taxonomy":"product_tag","embeddable":true,"href":"https:\/\/www.cinesouk.ma\/fr\/wp-json\/wp\/v2\/product_tag?post=7611"}],"curies":[{"name":"wp","href":"https:\/\/api.w.org\/{rel}","templated":true}]}}