{"id":7630,"date":"2024-08-20T17:00:21","date_gmt":"2024-08-20T17:00:21","guid":{"rendered":"https:\/\/www.cinesouk.ma\/?post_type=product&#038;p=7630"},"modified":"2025-08-23T14:15:08","modified_gmt":"2025-08-23T14:15:08","slug":"live-switch-kit-atem-television-studio-hd8-atomos-shogun-studio-2","status":"publish","type":"product","link":"https:\/\/www.cinesouk.ma\/fr\/produit\/live-switch-kit-atem-television-studio-hd8-atomos-shogun-studio-2\/","title":{"rendered":"Kit de commutation en direct : ATEM Television Studio HD8 &amp; Atomos Shogun Studio 2"},"content":{"rendered":"<p>Kit Live Switch : ATEM Television Studio HD8 &amp; Atomos Shogun Studio 2 comprend les \u00e9l\u00e9ments suivants :<\/p>\n<h4>Studio de t\u00e9l\u00e9vision ATEM HD8 :<\/h4>\n<p>L'ATEM Television Studio HD8 est un m\u00e9langeur de production en direct compact et puissant de Blackmagic Design. Dot\u00e9 de fonctions avanc\u00e9es, cet appareil est id\u00e9al pour les petits studios, les \u00e9v\u00e9nements en direct et la diffusion en ext\u00e9rieur.<\/p>\n<p>M\u00e9langeur compact 1 M\/E : Avec 8 entr\u00e9es SDI, le mod\u00e8le HD8 vous permet de connecter plusieurs cam\u00e9ras et sources en direct pour une commutation transparente.<br \/>\nPanneau de commande int\u00e9gr\u00e9 : Panneau de commande int\u00e9gr\u00e9 pour une commutation directe, facilitant l'utilisation m\u00eame dans les environnements \u00e0 rythme rapide.<br \/>\nAffichage multi-vues : Surveillez toutes vos sources, pr\u00e9visualisez et programmez simultan\u00e9ment gr\u00e2ce \u00e0 la fonction multiview.<br \/>\nMixeur audio : Le mixeur audio Fairlight int\u00e9gr\u00e9 permet un contr\u00f4le pr\u00e9cis de toutes les sources audio pendant la production en direct.<br \/>\nPrise en charge du streaming : Le studio de t\u00e9l\u00e9vision HD8 d'ATEM prend en charge la diffusion en direct via Ethernet, ce qui en fait un excellent choix pour les \u00e9missions en direct et les diffusions sur le Web.<\/p>\n<h4>Atomos Shogun Studio 2 :<\/h4>\n<p>Le Shogun Studio 2 d'Atomos est un syst\u00e8me double moniteur\/enregistreur de 7 pouces, con\u00e7u pour compl\u00e9ter votre production en direct avec des capacit\u00e9s d'enregistrement et de contr\u00f4le de qualit\u00e9 professionnelle. Ses caract\u00e9ristiques polyvalentes en font un outil id\u00e9al pour les installations multicam et les environnements de production sur site.<\/p>\n<p>Double enregistrement 4K : Le Shogun Studio 2 permet l'enregistrement simultan\u00e9 de deux sources 4K en ProRes, DNxHR ou H.265, garantissant des sauvegardes de haute qualit\u00e9 de vos flux en direct.<br \/>\n\u00c9crans HDR de 7 pouces : Deux \u00e9crans tactiles aux couleurs pr\u00e9cises qui offrent un contr\u00f4le pr\u00e9cis de vos cam\u00e9ras, facilitant ainsi l'installation.<br \/>\nOptions d'alimentation redondante : L'appareil est dot\u00e9 d'entr\u00e9es d'alimentation redondantes pour garantir un fonctionnement ininterrompu dans les environnements r\u00e9els.<br \/>\nLecture et r\u00e9vision : La fonctionnalit\u00e9 de lecture instantan\u00e9e permet de revoir rapidement les s\u00e9quences pendant les pauses de la production en direct.<br \/>\nPr\u00e9r\u00e9glages d'enregistrement personnalisables : Configurez les formats d'enregistrement et les param\u00e8tres souhait\u00e9s pour r\u00e9pondre aux besoins de la production.<\/p>\n<p>Louez le Live Switch Kit : ATEM Television Studio HD8 &amp; Atomos Shogun Studio 2 maintenant sur <a href=\"https:\/\/www.cinesouk.ma\/fr\">CINESOUK<\/a> - une marque de <a href=\"https:\/\/www.broadway.ma\/\">BROADWAY PRODUCTIONS SARL.<\/a><\/p>","protected":false},"excerpt":{"rendered":"<p>Sp\u00e9cifications :<\/p>\n<p>Studio de t\u00e9l\u00e9vision ATEM HD8<\/p>\n<p>Entr\u00e9es vid\u00e9o : 8x 3G-SDI<br \/>\nMixeur audio : Fairlight, 8 canaux<br \/>\nSorties multi-vues : 1x SDI, 1x HDMI<br \/>\nStreaming : Streaming Ethernet int\u00e9gr\u00e9<br \/>\nPoids : 2,4 kg<br \/>\nDimensions : 41,2 cm x 27,5 cm x 9,4 cm : 41,2 cm x 27,5 cm x 9,4 cm<\/p>\n<p>Atomos Shogun Studio 2<\/p>\n<p>\u00c9crans : 2 \u00e9crans HDR de 7 pouces<br \/>\nFormats d'enregistrement : ProRes, DNxHR, H.265<br \/>\nEntr\u00e9es vid\u00e9o : 2x HDMI, 2x SDI<br \/>\nAlimentation redondante : Deux entr\u00e9es pour une alimentation s\u00e9curis\u00e9e<br \/>\nPoids : 6,5 kg<br \/>\nDimensions : 31,0 cm x 17,5 cm x 11,0 cm : 31,0 cm x 17,5 cm x 11,0 cm<\/p>","protected":false},"featured_media":7643,"template":"","meta":{"om_disable_all_campaigns":false,"_monsterinsights_skip_tracking":false,"_monsterinsights_sitenote_active":false,"_monsterinsights_sitenote_note":"","_monsterinsights_sitenote_category":0,"_uf_show_specific_survey":0,"_uf_disable_surveys":false},"product_brand":[],"product_cat":[52,113,32,81],"product_tag":[],"class_list":{"0":"post-7630","1":"product","2":"type-product","3":"status-publish","4":"has-post-thumbnail","6":"product_cat-multicam-cinesouk","7":"product_cat-multicam-eventsouk","8":"product_cat-streaming-cinesouk","9":"product_cat-videomixers-cinesouk","11":"entry","12":"has-media","14":"first","15":"instock","16":"taxable","17":"shipping-taxable","18":"purchasable","19":"product-type-variable","20":"has-product-nav","21":"col","22":"span_1_of_3","23":"owp-content-center","24":"owp-thumbs-layout-horizontal","25":"owp-btn-normal","26":"owp-tabs-layout-horizontal","27":"has-no-thumbnails"},"yoast_head":"<!-- This site is optimized with the Yoast SEO Premium plugin v26.0 (Yoast SEO v26.0) - https:\/\/yoast.com\/wordpress\/plugins\/seo\/ -->\n<title>Live Switch Kit: ATEM Television Studio HD8 &amp; Atomos Shogun Studio 2 - CineSouk - Marrakech | Morocco - For rent<\/title>\n<meta name=\"description\" content=\"Live Event Setup: ATEM Television Studio HD8 &amp; Atomos Shogun Studio 2 combine live switching, streaming, and 4K recording into one professional kit.\" \/>\n<meta name=\"robots\" content=\"index, follow, max-snippet:-1, max-image-preview:large, max-video-preview:-1\" \/>\n<link rel=\"canonical\" href=\"https:\/\/www.cinesouk.ma\/fr\/produit\/live-switch-kit-atem-television-studio-hd8-atomos-shogun-studio-2\/\" \/>\n<meta property=\"og:locale\" content=\"fr_FR\" \/>\n<meta property=\"og:type\" content=\"article\" \/>\n<meta property=\"og:title\" content=\"Live Switch Kit: ATEM Television Studio HD8 &amp; Atomos Shogun Studio 2\" \/>\n<meta property=\"og:description\" content=\"Live Event Setup: ATEM Television Studio HD8 &amp; Atomos Shogun Studio 2 combine live switching, streaming, and 4K recording into one professional kit.\" \/>\n<meta property=\"og:url\" content=\"https:\/\/www.cinesouk.ma\/fr\/produit\/live-switch-kit-atem-television-studio-hd8-atomos-shogun-studio-2\/\" \/>\n<meta property=\"og:site_name\" content=\"CineSouk\" \/>\n<meta property=\"article:modified_time\" content=\"2025-08-23T14:15:08+00:00\" \/>\n<meta property=\"og:image\" content=\"https:\/\/www.cinesouk.ma\/wp-content\/uploads\/2024\/08\/livestreamkit-1.jpg\" \/>\n\t<meta property=\"og:image:width\" content=\"300\" \/>\n\t<meta property=\"og:image:height\" content=\"238\" \/>\n\t<meta property=\"og:image:type\" content=\"image\/jpeg\" \/>\n<meta name=\"twitter:card\" content=\"summary_large_image\" \/>\n<meta name=\"twitter:description\" content=\"Live Event Setup: ATEM Television Studio HD8 &amp; Atomos Shogun Studio 2 combine live switching, streaming, and 4K recording into one professional kit.\" \/>\n<meta name=\"twitter:label1\" content=\"Dur\u00e9e de lecture estim\u00e9e\" \/>\n\t<meta name=\"twitter:data1\" content=\"2 minutes\" \/>\n<script type=\"application\/ld+json\" class=\"yoast-schema-graph\">{\"@context\":\"https:\/\/schema.org\",\"@graph\":[{\"@type\":\"WebPage\",\"@id\":\"https:\/\/www.cinesouk.ma\/product\/live-switch-kit-atem-television-studio-hd8-atomos-shogun-studio-2\/\",\"url\":\"https:\/\/www.cinesouk.ma\/product\/live-switch-kit-atem-television-studio-hd8-atomos-shogun-studio-2\/\",\"name\":\"Live Switch Kit: ATEM Television Studio HD8 & Atomos Shogun Studio 2 - CineSouk - Marrakech | Morocco - For rent\",\"isPartOf\":{\"@id\":\"https:\/\/www.cinesouk.ma\/#website\"},\"primaryImageOfPage\":{\"@id\":\"https:\/\/www.cinesouk.ma\/product\/live-switch-kit-atem-television-studio-hd8-atomos-shogun-studio-2\/#primaryimage\"},\"image\":{\"@id\":\"https:\/\/www.cinesouk.ma\/product\/live-switch-kit-atem-television-studio-hd8-atomos-shogun-studio-2\/#primaryimage\"},\"thumbnailUrl\":\"https:\/\/www.cinesouk.ma\/wp-content\/uploads\/2024\/08\/livestreamkit-1.jpg\",\"datePublished\":\"2024-08-20T17:00:21+00:00\",\"dateModified\":\"2025-08-23T14:15:08+00:00\",\"description\":\"Live Event Setup: ATEM Television Studio HD8 & Atomos Shogun Studio 2 combine live switching, streaming, and 4K recording into one professional kit.\",\"breadcrumb\":{\"@id\":\"https:\/\/www.cinesouk.ma\/product\/live-switch-kit-atem-television-studio-hd8-atomos-shogun-studio-2\/#breadcrumb\"},\"inLanguage\":\"fr-FR\",\"potentialAction\":[{\"@type\":\"ReadAction\",\"target\":[\"https:\/\/www.cinesouk.ma\/product\/live-switch-kit-atem-television-studio-hd8-atomos-shogun-studio-2\/\"]}]},{\"@type\":\"ImageObject\",\"inLanguage\":\"fr-FR\",\"@id\":\"https:\/\/www.cinesouk.ma\/product\/live-switch-kit-atem-television-studio-hd8-atomos-shogun-studio-2\/#primaryimage\",\"url\":\"https:\/\/www.cinesouk.ma\/wp-content\/uploads\/2024\/08\/livestreamkit-1.jpg\",\"contentUrl\":\"https:\/\/www.cinesouk.ma\/wp-content\/uploads\/2024\/08\/livestreamkit-1.jpg\",\"width\":300,\"height\":238},{\"@type\":\"BreadcrumbList\",\"@id\":\"https:\/\/www.cinesouk.ma\/product\/live-switch-kit-atem-television-studio-hd8-atomos-shogun-studio-2\/#breadcrumb\",\"itemListElement\":[{\"@type\":\"ListItem\",\"position\":1,\"name\":\"Home\",\"item\":\"https:\/\/www.cinesouk.ma\/\"},{\"@type\":\"ListItem\",\"position\":2,\"name\":\"Shop\",\"item\":\"https:\/\/www.cinesouk.ma\/shop\/\"},{\"@type\":\"ListItem\",\"position\":3,\"name\":\"Live Switch Kit: ATEM Television Studio HD8 &#038; Atomos Shogun Studio 2\"}]},{\"@type\":\"WebSite\",\"@id\":\"https:\/\/www.cinesouk.ma\/#website\",\"url\":\"https:\/\/www.cinesouk.ma\/\",\"name\":\"CineSouk\",\"description\":\"\",\"publisher\":{\"@id\":\"https:\/\/www.cinesouk.ma\/#organization\"},\"potentialAction\":[{\"@type\":\"SearchAction\",\"target\":{\"@type\":\"EntryPoint\",\"urlTemplate\":\"https:\/\/www.cinesouk.ma\/?s={search_term_string}\"},\"query-input\":{\"@type\":\"PropertyValueSpecification\",\"valueRequired\":true,\"valueName\":\"search_term_string\"}}],\"inLanguage\":\"fr-FR\"},{\"@type\":\"Organization\",\"@id\":\"https:\/\/www.cinesouk.ma\/#organization\",\"name\":\"CineSouk\",\"url\":\"https:\/\/www.cinesouk.ma\/\",\"logo\":{\"@type\":\"ImageObject\",\"inLanguage\":\"fr-FR\",\"@id\":\"https:\/\/www.cinesouk.ma\/#\/schema\/logo\/image\/\",\"url\":\"https:\/\/www.cinesouk.ma\/wp-content\/uploads\/2024\/01\/CineSouk-logo-v01-alpha-alligned-left.png\",\"contentUrl\":\"https:\/\/www.cinesouk.ma\/wp-content\/uploads\/2024\/01\/CineSouk-logo-v01-alpha-alligned-left.png\",\"width\":3204,\"height\":889,\"caption\":\"CineSouk\"},\"image\":{\"@id\":\"https:\/\/www.cinesouk.ma\/#\/schema\/logo\/image\/\"}}]}<\/script>\n<!-- \/ Yoast SEO Premium plugin. -->","yoast_head_json":{"title":"Live Switch Kit: ATEM Television Studio HD8 & Atomos Shogun Studio 2 - CineSouk - Marrakech | Morocco - For rent","description":"Live Event Setup: ATEM Television Studio HD8 & Atomos Shogun Studio 2 combine live switching, streaming, and 4K recording into one professional kit.","robots":{"index":"index","follow":"follow","max-snippet":"max-snippet:-1","max-image-preview":"max-image-preview:large","max-video-preview":"max-video-preview:-1"},"canonical":"https:\/\/www.cinesouk.ma\/fr\/produit\/live-switch-kit-atem-television-studio-hd8-atomos-shogun-studio-2\/","og_locale":"fr_FR","og_type":"article","og_title":"Live Switch Kit: ATEM Television Studio HD8 & Atomos Shogun Studio 2","og_description":"Live Event Setup: ATEM Television Studio HD8 & Atomos Shogun Studio 2 combine live switching, streaming, and 4K recording into one professional kit.","og_url":"https:\/\/www.cinesouk.ma\/fr\/produit\/live-switch-kit-atem-television-studio-hd8-atomos-shogun-studio-2\/","og_site_name":"CineSouk","article_modified_time":"2025-08-23T14:15:08+00:00","og_image":[{"width":300,"height":238,"url":"https:\/\/www.cinesouk.ma\/wp-content\/uploads\/2024\/08\/livestreamkit-1.jpg","type":"image\/jpeg"}],"twitter_card":"summary_large_image","twitter_description":"Live Event Setup: ATEM Television Studio HD8 & Atomos Shogun Studio 2 combine live switching, streaming, and 4K recording into one professional kit.","twitter_misc":{"Dur\u00e9e de lecture estim\u00e9e":"2 minutes"},"schema":{"@context":"https:\/\/schema.org","@graph":[{"@type":"WebPage","@id":"https:\/\/www.cinesouk.ma\/product\/live-switch-kit-atem-television-studio-hd8-atomos-shogun-studio-2\/","url":"https:\/\/www.cinesouk.ma\/product\/live-switch-kit-atem-television-studio-hd8-atomos-shogun-studio-2\/","name":"Live Switch Kit: ATEM Television Studio HD8 & Atomos Shogun Studio 2 - CineSouk - Marrakech | Morocco - For rent","isPartOf":{"@id":"https:\/\/www.cinesouk.ma\/#website"},"primaryImageOfPage":{"@id":"https:\/\/www.cinesouk.ma\/product\/live-switch-kit-atem-television-studio-hd8-atomos-shogun-studio-2\/#primaryimage"},"image":{"@id":"https:\/\/www.cinesouk.ma\/product\/live-switch-kit-atem-television-studio-hd8-atomos-shogun-studio-2\/#primaryimage"},"thumbnailUrl":"https:\/\/www.cinesouk.ma\/wp-content\/uploads\/2024\/08\/livestreamkit-1.jpg","datePublished":"2024-08-20T17:00:21+00:00","dateModified":"2025-08-23T14:15:08+00:00","description":"Live Event Setup: ATEM Television Studio HD8 & Atomos Shogun Studio 2 combine live switching, streaming, and 4K recording into one professional kit.","breadcrumb":{"@id":"https:\/\/www.cinesouk.ma\/product\/live-switch-kit-atem-television-studio-hd8-atomos-shogun-studio-2\/#breadcrumb"},"inLanguage":"fr-FR","potentialAction":[{"@type":"ReadAction","target":["https:\/\/www.cinesouk.ma\/product\/live-switch-kit-atem-television-studio-hd8-atomos-shogun-studio-2\/"]}]},{"@type":"ImageObject","inLanguage":"fr-FR","@id":"https:\/\/www.cinesouk.ma\/product\/live-switch-kit-atem-television-studio-hd8-atomos-shogun-studio-2\/#primaryimage","url":"https:\/\/www.cinesouk.ma\/wp-content\/uploads\/2024\/08\/livestreamkit-1.jpg","contentUrl":"https:\/\/www.cinesouk.ma\/wp-content\/uploads\/2024\/08\/livestreamkit-1.jpg","width":300,"height":238},{"@type":"BreadcrumbList","@id":"https:\/\/www.cinesouk.ma\/product\/live-switch-kit-atem-television-studio-hd8-atomos-shogun-studio-2\/#breadcrumb","itemListElement":[{"@type":"ListItem","position":1,"name":"Home","item":"https:\/\/www.cinesouk.ma\/"},{"@type":"ListItem","position":2,"name":"Shop","item":"https:\/\/www.cinesouk.ma\/shop\/"},{"@type":"ListItem","position":3,"name":"Live Switch Kit: ATEM Television Studio HD8 &#038; Atomos Shogun Studio 2"}]},{"@type":"WebSite","@id":"https:\/\/www.cinesouk.ma\/#website","url":"https:\/\/www.cinesouk.ma\/","name":"CineSouk","description":"","publisher":{"@id":"https:\/\/www.cinesouk.ma\/#organization"},"potentialAction":[{"@type":"SearchAction","target":{"@type":"EntryPoint","urlTemplate":"https:\/\/www.cinesouk.ma\/?s={search_term_string}"},"query-input":{"@type":"PropertyValueSpecification","valueRequired":true,"valueName":"search_term_string"}}],"inLanguage":"fr-FR"},{"@type":"Organization","@id":"https:\/\/www.cinesouk.ma\/#organization","name":"CineSouk","url":"https:\/\/www.cinesouk.ma\/","logo":{"@type":"ImageObject","inLanguage":"fr-FR","@id":"https:\/\/www.cinesouk.ma\/#\/schema\/logo\/image\/","url":"https:\/\/www.cinesouk.ma\/wp-content\/uploads\/2024\/01\/CineSouk-logo-v01-alpha-alligned-left.png","contentUrl":"https:\/\/www.cinesouk.ma\/wp-content\/uploads\/2024\/01\/CineSouk-logo-v01-alpha-alligned-left.png","width":3204,"height":889,"caption":"CineSouk"},"image":{"@id":"https:\/\/www.cinesouk.ma\/#\/schema\/logo\/image\/"}}]}},"_links":{"self":[{"href":"https:\/\/www.cinesouk.ma\/fr\/wp-json\/wp\/v2\/product\/7630","targetHints":{"allow":["GET"]}}],"collection":[{"href":"https:\/\/www.cinesouk.ma\/fr\/wp-json\/wp\/v2\/product"}],"about":[{"href":"https:\/\/www.cinesouk.ma\/fr\/wp-json\/wp\/v2\/types\/product"}],"wp:featuredmedia":[{"embeddable":true,"href":"https:\/\/www.cinesouk.ma\/fr\/wp-json\/wp\/v2\/media\/7643"}],"wp:attachment":[{"href":"https:\/\/www.cinesouk.ma\/fr\/wp-json\/wp\/v2\/media?parent=7630"}],"wp:term":[{"taxonomy":"product_brand","embeddable":true,"href":"https:\/\/www.cinesouk.ma\/fr\/wp-json\/wp\/v2\/product_brand?post=7630"},{"taxonomy":"product_cat","embeddable":true,"href":"https:\/\/www.cinesouk.ma\/fr\/wp-json\/wp\/v2\/product_cat?post=7630"},{"taxonomy":"product_tag","embeddable":true,"href":"https:\/\/www.cinesouk.ma\/fr\/wp-json\/wp\/v2\/product_tag?post=7630"}],"curies":[{"name":"wp","href":"https:\/\/api.w.org\/{rel}","templated":true}]}}