{"id":7667,"date":"2024-02-20T15:50:41","date_gmt":"2024-02-20T15:50:41","guid":{"rendered":"https:\/\/www.cinesouk.ma\/?post_type=product&#038;p=7667"},"modified":"2025-08-22T11:02:40","modified_gmt":"2025-08-22T11:02:40","slug":"benro-mach3-tma38cl-carbon-fiber-tripod","status":"publish","type":"product","link":"https:\/\/www.cinesouk.ma\/fr\/produit\/benro-mach3-tma38cl-carbon-fiber-tripod\/","title":{"rendered":"Benro Mach3 TMA38CL Tr\u00e9pied en fibre de carbone"},"content":{"rendered":"<p>Le tr\u00e9pied Benro TMA38CL est con\u00e7u pour r\u00e9pondre aux exigences de la photographie professionnelle. La construction en fibre de carbone garantit que le tr\u00e9pied est \u00e0 la fois l\u00e9ger et extr\u00eamement durable. Malgr\u00e9 son poids l\u00e9ger, il peut supporter des appareils photo lourds, ce qui le rend id\u00e9al pour la photographie de paysage, d'architecture et de studio.<\/p>\n<p>Le m\u00e9canisme de verrouillage par rotation du tr\u00e9pied permet un r\u00e9glage rapide et s\u00fbr des jambes, ce qui garantit la stabilit\u00e9 m\u00eame sur un terrain irr\u00e9gulier. L'\u00e9cartement ind\u00e9pendant des jambes permet un positionnement polyvalent, y compris pour les prises de vue en contre-plong\u00e9e. En outre, les pieds amovibles en caoutchouc et \u00e0 pointes offrent une stabilit\u00e9 accrue sur diverses surfaces, que vous r\u00e9alisiez des prises de vue \u00e0 l'int\u00e9rieur ou \u00e0 l'ext\u00e9rieur.<\/p>\n<p>Le Benro TMA38CL est \u00e9galement dot\u00e9 d'une colonne centrale courte, qui permet des prises de vue en contre-plong\u00e9e et une stabilit\u00e9 accrue. Cela en fait un excellent choix pour la macrophotographie ou les situations o\u00f9 vous devez vous rapprocher de votre sujet.<br \/>\nApplication \u00e0 la photographie<\/p>\n<p>Ce tr\u00e9pied est id\u00e9al pour les photographes de paysage qui travaillent souvent dans des environnements difficiles. Sa l\u00e9g\u00e8ret\u00e9 le rend facile \u00e0 transporter lors de longues randonn\u00e9es, tandis que sa robustesse lui permet de r\u00e9sister aux \u00e9l\u00e9ments. Sa capacit\u00e9 de charge \u00e9lev\u00e9e convient \u00e9galement aux photographes qui utilisent des bo\u00eetiers lourds et des t\u00e9l\u00e9objectifs.<\/p>\n<p>Pour le travail en studio, le Benro TMA38CL offre une plateforme stable pour les portraits et la photographie de produits, o\u00f9 la pr\u00e9cision et la stabilit\u00e9 sont cruciales.<\/p>\n<p>Louez-le maintenant sur <a href=\"https:\/\/www.cinesouk.ma\/fr\">CINESOUK<\/a> - une marque de <a href=\"https:\/\/www.broadway.ma\/\">BROADWAY PRODUCTIONS SARL.<\/a><\/p>","protected":false},"excerpt":{"rendered":"<p>Sp\u00e9cifications<\/p>\n<p>Mat\u00e9riau : Fibre de carbone<br \/>\nHauteur maximale : 177 cm<br \/>\nHauteur minimale : 37,5 cm<br \/>\nLongueur pli\u00e9e : 62 cm<br \/>\nCapacit\u00e9 de charge : 16 kg<br \/>\nSections des jambes : 4<br \/>\nPoids : 1,7 kg<br \/>\nType de verrouillage des jambes : Verrouillage par rotation<br \/>\nColonne centrale : Colonne courte pour les prises de vue en contre-plong\u00e9e<\/p>","protected":false},"featured_media":7678,"template":"","meta":{"om_disable_all_campaigns":false,"_monsterinsights_skip_tracking":false,"_monsterinsights_sitenote_active":false,"_monsterinsights_sitenote_note":"","_monsterinsights_sitenote_category":0,"_uf_show_specific_survey":0,"_uf_disable_surveys":false},"product_brand":[],"product_cat":[134,79,75],"product_tag":[],"class_list":{"0":"post-7667","1":"product","2":"type-product","3":"status-publish","4":"has-post-thumbnail","6":"product_cat-tripod-and-support-eventsouk","7":"product_cat-photography-cinesouk","8":"product_cat-tripod-and-support-cinesouk","10":"entry","11":"has-media","13":"first","14":"instock","15":"taxable","16":"shipping-taxable","17":"purchasable","18":"product-type-variable","19":"has-product-nav","20":"col","21":"span_1_of_3","22":"owp-content-center","23":"owp-thumbs-layout-horizontal","24":"owp-btn-normal","25":"owp-tabs-layout-horizontal","26":"has-no-thumbnails"},"yoast_head":"<!-- This site is optimized with the Yoast SEO Premium plugin v26.0 (Yoast SEO v26.0) - https:\/\/yoast.com\/wordpress\/plugins\/seo\/ -->\n<title>Benro TMA38CL - CineSouk - For rent<\/title>\n<meta name=\"description\" content=\"Benro TMA38CL Carbon Fiber Tripod: Lightweight, durable, and stable, perfect for professional landscape and studio photographers. - CineSouk\" \/>\n<meta name=\"robots\" content=\"index, follow, max-snippet:-1, max-image-preview:large, max-video-preview:-1\" \/>\n<link rel=\"canonical\" href=\"https:\/\/www.cinesouk.ma\/fr\/produit\/benro-mach3-tma38cl-carbon-fiber-tripod\/\" \/>\n<meta property=\"og:locale\" content=\"fr_FR\" \/>\n<meta property=\"og:type\" content=\"article\" \/>\n<meta property=\"og:title\" content=\"Benro TMA38CL\" \/>\n<meta property=\"og:description\" content=\"Benro TMA38CL Carbon Fiber Tripod: Lightweight, durable, and stable, perfect for professional landscape and studio photographers.\" \/>\n<meta property=\"og:url\" content=\"https:\/\/www.cinesouk.ma\/fr\/produit\/benro-mach3-tma38cl-carbon-fiber-tripod\/\" \/>\n<meta property=\"og:site_name\" content=\"CineSouk\" \/>\n<meta property=\"article:modified_time\" content=\"2025-08-22T11:02:40+00:00\" \/>\n<meta property=\"og:image\" content=\"https:\/\/www.cinesouk.ma\/wp-content\/uploads\/2024\/08\/benrororo.jpg\" \/>\n\t<meta property=\"og:image:width\" content=\"300\" \/>\n\t<meta property=\"og:image:height\" content=\"238\" \/>\n\t<meta property=\"og:image:type\" content=\"image\/jpeg\" \/>\n<meta name=\"twitter:card\" content=\"summary_large_image\" \/>\n<meta name=\"twitter:title\" content=\"Benro Mach3 TMA38CL Carbon Fiber Tripod\" \/>\n<meta name=\"twitter:description\" content=\"Benro TMA38CL Carbon Fiber Tripod: Lightweight, durable, and stable, perfect for professional landscape and studio photographers. - CineSouk\" \/>\n<meta name=\"twitter:label1\" content=\"Dur\u00e9e de lecture estim\u00e9e\" \/>\n\t<meta name=\"twitter:data1\" content=\"2 minutes\" \/>\n<script type=\"application\/ld+json\" class=\"yoast-schema-graph\">{\"@context\":\"https:\/\/schema.org\",\"@graph\":[{\"@type\":\"WebPage\",\"@id\":\"https:\/\/www.cinesouk.ma\/product\/benro-mach3-tma38cl-carbon-fiber-tripod\/\",\"url\":\"https:\/\/www.cinesouk.ma\/product\/benro-mach3-tma38cl-carbon-fiber-tripod\/\",\"name\":\"Benro TMA38CL - CineSouk - For rent\",\"isPartOf\":{\"@id\":\"https:\/\/www.cinesouk.ma\/#website\"},\"primaryImageOfPage\":{\"@id\":\"https:\/\/www.cinesouk.ma\/product\/benro-mach3-tma38cl-carbon-fiber-tripod\/#primaryimage\"},\"image\":{\"@id\":\"https:\/\/www.cinesouk.ma\/product\/benro-mach3-tma38cl-carbon-fiber-tripod\/#primaryimage\"},\"thumbnailUrl\":\"https:\/\/www.cinesouk.ma\/wp-content\/uploads\/2024\/08\/benrororo.jpg\",\"datePublished\":\"2024-02-20T15:50:41+00:00\",\"dateModified\":\"2025-08-22T11:02:40+00:00\",\"description\":\"Benro TMA38CL Carbon Fiber Tripod: Lightweight, durable, and stable, perfect for professional landscape and studio photographers. - CineSouk\",\"breadcrumb\":{\"@id\":\"https:\/\/www.cinesouk.ma\/product\/benro-mach3-tma38cl-carbon-fiber-tripod\/#breadcrumb\"},\"inLanguage\":\"fr-FR\",\"potentialAction\":[{\"@type\":\"ReadAction\",\"target\":[\"https:\/\/www.cinesouk.ma\/product\/benro-mach3-tma38cl-carbon-fiber-tripod\/\"]}]},{\"@type\":\"ImageObject\",\"inLanguage\":\"fr-FR\",\"@id\":\"https:\/\/www.cinesouk.ma\/product\/benro-mach3-tma38cl-carbon-fiber-tripod\/#primaryimage\",\"url\":\"https:\/\/www.cinesouk.ma\/wp-content\/uploads\/2024\/08\/benrororo.jpg\",\"contentUrl\":\"https:\/\/www.cinesouk.ma\/wp-content\/uploads\/2024\/08\/benrororo.jpg\",\"width\":300,\"height\":238,\"caption\":\"Benro TMA38CL\"},{\"@type\":\"BreadcrumbList\",\"@id\":\"https:\/\/www.cinesouk.ma\/product\/benro-mach3-tma38cl-carbon-fiber-tripod\/#breadcrumb\",\"itemListElement\":[{\"@type\":\"ListItem\",\"position\":1,\"name\":\"Home\",\"item\":\"https:\/\/www.cinesouk.ma\/\"},{\"@type\":\"ListItem\",\"position\":2,\"name\":\"Shop\",\"item\":\"https:\/\/www.cinesouk.ma\/shop\/\"},{\"@type\":\"ListItem\",\"position\":3,\"name\":\"Benro Mach3 TMA38CL Carbon Fiber Tripod\"}]},{\"@type\":\"WebSite\",\"@id\":\"https:\/\/www.cinesouk.ma\/#website\",\"url\":\"https:\/\/www.cinesouk.ma\/\",\"name\":\"CineSouk\",\"description\":\"\",\"publisher\":{\"@id\":\"https:\/\/www.cinesouk.ma\/#organization\"},\"potentialAction\":[{\"@type\":\"SearchAction\",\"target\":{\"@type\":\"EntryPoint\",\"urlTemplate\":\"https:\/\/www.cinesouk.ma\/?s={search_term_string}\"},\"query-input\":{\"@type\":\"PropertyValueSpecification\",\"valueRequired\":true,\"valueName\":\"search_term_string\"}}],\"inLanguage\":\"fr-FR\"},{\"@type\":\"Organization\",\"@id\":\"https:\/\/www.cinesouk.ma\/#organization\",\"name\":\"CineSouk\",\"url\":\"https:\/\/www.cinesouk.ma\/\",\"logo\":{\"@type\":\"ImageObject\",\"inLanguage\":\"fr-FR\",\"@id\":\"https:\/\/www.cinesouk.ma\/#\/schema\/logo\/image\/\",\"url\":\"https:\/\/www.cinesouk.ma\/wp-content\/uploads\/2024\/01\/CineSouk-logo-v01-alpha-alligned-left.png\",\"contentUrl\":\"https:\/\/www.cinesouk.ma\/wp-content\/uploads\/2024\/01\/CineSouk-logo-v01-alpha-alligned-left.png\",\"width\":3204,\"height\":889,\"caption\":\"CineSouk\"},\"image\":{\"@id\":\"https:\/\/www.cinesouk.ma\/#\/schema\/logo\/image\/\"}}]}<\/script>\n<!-- \/ Yoast SEO Premium plugin. -->","yoast_head_json":{"title":"Benro TMA38CL - CineSouk - For rent","description":"Benro TMA38CL Carbon Fiber Tripod: Lightweight, durable, and stable, perfect for professional landscape and studio photographers. - CineSouk","robots":{"index":"index","follow":"follow","max-snippet":"max-snippet:-1","max-image-preview":"max-image-preview:large","max-video-preview":"max-video-preview:-1"},"canonical":"https:\/\/www.cinesouk.ma\/fr\/produit\/benro-mach3-tma38cl-carbon-fiber-tripod\/","og_locale":"fr_FR","og_type":"article","og_title":"Benro TMA38CL","og_description":"Benro TMA38CL Carbon Fiber Tripod: Lightweight, durable, and stable, perfect for professional landscape and studio photographers.","og_url":"https:\/\/www.cinesouk.ma\/fr\/produit\/benro-mach3-tma38cl-carbon-fiber-tripod\/","og_site_name":"CineSouk","article_modified_time":"2025-08-22T11:02:40+00:00","og_image":[{"width":300,"height":238,"url":"https:\/\/www.cinesouk.ma\/wp-content\/uploads\/2024\/08\/benrororo.jpg","type":"image\/jpeg"}],"twitter_card":"summary_large_image","twitter_title":"Benro Mach3 TMA38CL Carbon Fiber Tripod","twitter_description":"Benro TMA38CL Carbon Fiber Tripod: Lightweight, durable, and stable, perfect for professional landscape and studio photographers. - CineSouk","twitter_misc":{"Dur\u00e9e de lecture estim\u00e9e":"2 minutes"},"schema":{"@context":"https:\/\/schema.org","@graph":[{"@type":"WebPage","@id":"https:\/\/www.cinesouk.ma\/product\/benro-mach3-tma38cl-carbon-fiber-tripod\/","url":"https:\/\/www.cinesouk.ma\/product\/benro-mach3-tma38cl-carbon-fiber-tripod\/","name":"Benro TMA38CL - CineSouk - For rent","isPartOf":{"@id":"https:\/\/www.cinesouk.ma\/#website"},"primaryImageOfPage":{"@id":"https:\/\/www.cinesouk.ma\/product\/benro-mach3-tma38cl-carbon-fiber-tripod\/#primaryimage"},"image":{"@id":"https:\/\/www.cinesouk.ma\/product\/benro-mach3-tma38cl-carbon-fiber-tripod\/#primaryimage"},"thumbnailUrl":"https:\/\/www.cinesouk.ma\/wp-content\/uploads\/2024\/08\/benrororo.jpg","datePublished":"2024-02-20T15:50:41+00:00","dateModified":"2025-08-22T11:02:40+00:00","description":"Benro TMA38CL Carbon Fiber Tripod: Lightweight, durable, and stable, perfect for professional landscape and studio photographers. - CineSouk","breadcrumb":{"@id":"https:\/\/www.cinesouk.ma\/product\/benro-mach3-tma38cl-carbon-fiber-tripod\/#breadcrumb"},"inLanguage":"fr-FR","potentialAction":[{"@type":"ReadAction","target":["https:\/\/www.cinesouk.ma\/product\/benro-mach3-tma38cl-carbon-fiber-tripod\/"]}]},{"@type":"ImageObject","inLanguage":"fr-FR","@id":"https:\/\/www.cinesouk.ma\/product\/benro-mach3-tma38cl-carbon-fiber-tripod\/#primaryimage","url":"https:\/\/www.cinesouk.ma\/wp-content\/uploads\/2024\/08\/benrororo.jpg","contentUrl":"https:\/\/www.cinesouk.ma\/wp-content\/uploads\/2024\/08\/benrororo.jpg","width":300,"height":238,"caption":"Benro TMA38CL"},{"@type":"BreadcrumbList","@id":"https:\/\/www.cinesouk.ma\/product\/benro-mach3-tma38cl-carbon-fiber-tripod\/#breadcrumb","itemListElement":[{"@type":"ListItem","position":1,"name":"Home","item":"https:\/\/www.cinesouk.ma\/"},{"@type":"ListItem","position":2,"name":"Shop","item":"https:\/\/www.cinesouk.ma\/shop\/"},{"@type":"ListItem","position":3,"name":"Benro Mach3 TMA38CL Carbon Fiber Tripod"}]},{"@type":"WebSite","@id":"https:\/\/www.cinesouk.ma\/#website","url":"https:\/\/www.cinesouk.ma\/","name":"CineSouk","description":"","publisher":{"@id":"https:\/\/www.cinesouk.ma\/#organization"},"potentialAction":[{"@type":"SearchAction","target":{"@type":"EntryPoint","urlTemplate":"https:\/\/www.cinesouk.ma\/?s={search_term_string}"},"query-input":{"@type":"PropertyValueSpecification","valueRequired":true,"valueName":"search_term_string"}}],"inLanguage":"fr-FR"},{"@type":"Organization","@id":"https:\/\/www.cinesouk.ma\/#organization","name":"CineSouk","url":"https:\/\/www.cinesouk.ma\/","logo":{"@type":"ImageObject","inLanguage":"fr-FR","@id":"https:\/\/www.cinesouk.ma\/#\/schema\/logo\/image\/","url":"https:\/\/www.cinesouk.ma\/wp-content\/uploads\/2024\/01\/CineSouk-logo-v01-alpha-alligned-left.png","contentUrl":"https:\/\/www.cinesouk.ma\/wp-content\/uploads\/2024\/01\/CineSouk-logo-v01-alpha-alligned-left.png","width":3204,"height":889,"caption":"CineSouk"},"image":{"@id":"https:\/\/www.cinesouk.ma\/#\/schema\/logo\/image\/"}}]}},"_links":{"self":[{"href":"https:\/\/www.cinesouk.ma\/fr\/wp-json\/wp\/v2\/product\/7667","targetHints":{"allow":["GET"]}}],"collection":[{"href":"https:\/\/www.cinesouk.ma\/fr\/wp-json\/wp\/v2\/product"}],"about":[{"href":"https:\/\/www.cinesouk.ma\/fr\/wp-json\/wp\/v2\/types\/product"}],"wp:featuredmedia":[{"embeddable":true,"href":"https:\/\/www.cinesouk.ma\/fr\/wp-json\/wp\/v2\/media\/7678"}],"wp:attachment":[{"href":"https:\/\/www.cinesouk.ma\/fr\/wp-json\/wp\/v2\/media?parent=7667"}],"wp:term":[{"taxonomy":"product_brand","embeddable":true,"href":"https:\/\/www.cinesouk.ma\/fr\/wp-json\/wp\/v2\/product_brand?post=7667"},{"taxonomy":"product_cat","embeddable":true,"href":"https:\/\/www.cinesouk.ma\/fr\/wp-json\/wp\/v2\/product_cat?post=7667"},{"taxonomy":"product_tag","embeddable":true,"href":"https:\/\/www.cinesouk.ma\/fr\/wp-json\/wp\/v2\/product_tag?post=7667"}],"curies":[{"name":"wp","href":"https:\/\/api.w.org\/{rel}","templated":true}]}}