{"id":7679,"date":"2024-02-20T16:20:11","date_gmt":"2024-02-20T16:20:11","guid":{"rendered":"https:\/\/www.cinesouk.ma\/?post_type=product&#038;p=7679"},"modified":"2025-10-30T14:04:01","modified_gmt":"2025-10-30T14:04:01","slug":"iworkcase-v3-16-m-and-benro-tma38cl-carbon-fiber-tripod","status":"publish","type":"product","link":"https:\/\/www.cinesouk.ma\/fr\/produit\/iworkcase-v3-16-m-and-benro-tma38cl-carbon-fiber-tripod\/","title":{"rendered":"iWorkCase V3 16 M et tr\u00e9pied Benro TMA38CL en fibre de carbone"},"content":{"rendered":"<p>L'association de l'iWorkCase V3 16 M avec le tr\u00e9pied en fibre de carbone Benro TMA38CL cr\u00e9e un duo puissant pour les photographes et les cin\u00e9astes \u00e0 la recherche de mobilit\u00e9, de stabilit\u00e9 et d'efficacit\u00e9 de flux de travail sur le terrain Et aliment\u00e9 par deux Xtorm Titan Ultra Powerbank 27.000 mAh et deux Belkin USB-C Core GaN Power Adapter 100W.<\/p>\n<h4>iWorkCase V3 16 M<\/h4>\n<p>L'iWorkCase V3 16 M est une station de travail robuste et portable con\u00e7ue sp\u00e9cialement pour les photographes et vid\u00e9astes utilisant un MacBook Pro 16 pouces. Cette mallette n'est pas seulement une coque de protection, elle offre \u00e9galement une solution compl\u00e8te de flux de travail en d\u00e9placement.<\/p>\n<h4>Caract\u00e9ristiques principales :<\/h4>\n<p>Adapt\u00e9 au MacBook Pro 16 pouces<br \/>\nCompartiment de stockage SSD int\u00e9gr\u00e9<br \/>\nSyst\u00e8me de gestion des c\u00e2bles<br \/>\nExt\u00e9rieur robuste pour une protection contre les chocs<br \/>\nConception r\u00e9sistante aux intemp\u00e9ries<\/p>\n<h4>Aper\u00e7u des performances :<\/h4>\n<p>L'iWorkCase V3 16 M vous permet de ranger et de transporter en toute s\u00e9curit\u00e9 votre MacBook Pro et ses accessoires essentiels. La mallette a \u00e9galement \u00e9t\u00e9 con\u00e7ue dans un souci de durabilit\u00e9, avec un ext\u00e9rieur r\u00e9sistant aux intemp\u00e9ries qui prot\u00e8ge votre mat\u00e9riel des \u00e9l\u00e9ments. Elle est donc parfaite pour les tournages en ext\u00e9rieur. Le rangement int\u00e9gr\u00e9 et la gestion des c\u00e2bles garantissent que tous vos outils essentiels sont organis\u00e9s et facilement accessibles. Cela am\u00e9liore l'efficacit\u00e9 de votre flux de travail.<br \/>\nBenro TMA38CL Tr\u00e9pied en fibre de carbone<\/p>\n<p>Le Benro TMA38CL est un tr\u00e9pied l\u00e9ger et robuste con\u00e7u pour les professionnels qui ont besoin de stabilit\u00e9 et de flexibilit\u00e9 sur le terrain. Il est fabriqu\u00e9 en fibre de carbone. Il offre ainsi une solidit\u00e9 \u00e0 toute \u00e9preuve.<\/p>\n<h4>Caract\u00e9ristiques principales de l'iWorkCase V3 16 M et du tr\u00e9pied en fibre de carbone Benro TMA38CL :<\/h4>\n<p>Hauteur maximale : 177 cm<br \/>\nHauteur minimale : 37,5 cm<br \/>\nCapacit\u00e9 de charge : 16 kg<br \/>\nPoids : 1,7 kg<br \/>\nM\u00e9canisme de verrouillage par rotation<\/p>\n<h4>Aper\u00e7u des performances :<\/h4>\n<p>Le tr\u00e9pied Benro TMA38CL est r\u00e9put\u00e9 pour sa stabilit\u00e9 et sa portabilit\u00e9. Il est donc le compagnon id\u00e9al de l'iWorkCase V3 16 M. Que vous vous installiez dans un studio ou dans la nature, la capacit\u00e9 de charge \u00e9lev\u00e9e et la hauteur r\u00e9glable de ce tr\u00e9pied lui permettent de s'adapter \u00e0 un large \u00e9ventail d'\u00e9quipements et de sc\u00e9narios de prise de vue.<\/p>\n<p>Louez-le maintenant sur <a href=\"https:\/\/www.cinesouk.ma\/fr\">CINESOUK<\/a> - une marque de <a href=\"https:\/\/www.broadway.ma\/\">BROADWAY PRODUCTIONS SARL.<\/a><\/p>","protected":false},"excerpt":{"rendered":"<p>Sp\u00e9cifications :<\/p>\n<ul>\n<li><strong>Compatibilit\u00e9<\/strong>: MacBook Pro 16\u2033 (en anglais)<\/li>\n<li><strong>Mat\u00e9riau<\/strong>: Construction robuste de haute qualit\u00e9<\/li>\n<li><strong>Stockage<\/strong>: Compartiments personnalis\u00e9s pour MacBook Pro 16\u2033, c\u00e2bles, disques durs et accessoires<\/li>\n<li><strong>S\u00e9curit\u00e9<\/strong>: Serrures s\u00e9curis\u00e9es et bords renforc\u00e9s<\/li>\n<li><strong>R\u00e9sistance aux intemp\u00e9ries<\/strong>: Prot\u00e8ge contre la pluie, la poussi\u00e8re et les temp\u00e9ratures extr\u00eames<\/li>\n<li><strong>Portabilit\u00e9<\/strong>: L\u00e9ger et facile \u00e0 transporter<\/li>\n<\/ul>","protected":false},"featured_media":7690,"template":"","meta":{"om_disable_all_campaigns":false,"_monsterinsights_skip_tracking":false,"_monsterinsights_sitenote_active":false,"_monsterinsights_sitenote_note":"","_monsterinsights_sitenote_category":0,"_uf_show_specific_survey":0,"_uf_disable_surveys":false},"product_brand":[],"product_cat":[37,77,84,79],"product_tag":[],"class_list":{"0":"post-7679","1":"product","2":"type-product","3":"status-publish","4":"has-post-thumbnail","6":"product_cat-accessories-cinesouk","7":"product_cat-computers-cinesouk","8":"product_cat-dit-cinesouk","9":"product_cat-photography-cinesouk","11":"entry","12":"has-media","14":"first","15":"instock","16":"taxable","17":"shipping-taxable","18":"purchasable","19":"product-type-variable","20":"has-product-nav","21":"col","22":"span_1_of_3","23":"owp-content-center","24":"owp-thumbs-layout-horizontal","25":"owp-btn-normal","26":"owp-tabs-layout-horizontal"},"yoast_head":"<!-- This site is optimized with the Yoast SEO Premium plugin v26.0 (Yoast SEO v26.0) - https:\/\/yoast.com\/wordpress\/plugins\/seo\/ -->\n<title>iWorkCase V3 16 M and Benro TMA38CL Carbon Fiber Tripod - CineSouk<\/title>\n<meta name=\"description\" content=\"Protect and organize your MacBook Pro and accessories with the iWorkCase V3 16 M and Benro TMA38CL Carbon Fiber Tripod. Rugged, efficient, and perfect for on-the-go professionals.\" \/>\n<meta name=\"robots\" content=\"index, follow, max-snippet:-1, max-image-preview:large, max-video-preview:-1\" \/>\n<link rel=\"canonical\" href=\"https:\/\/www.cinesouk.ma\/fr\/produit\/iworkcase-v3-16-m-and-benro-tma38cl-carbon-fiber-tripod\/\" \/>\n<meta property=\"og:locale\" content=\"fr_FR\" \/>\n<meta property=\"og:type\" content=\"article\" \/>\n<meta property=\"og:title\" content=\"iWorkCase V3 16 M\" \/>\n<meta property=\"og:description\" content=\"The iWorkCase V3 16 M features a rugged, high-quality build designed to withstand the rigors of travel and outdoor shooting.\" \/>\n<meta property=\"og:url\" content=\"https:\/\/www.cinesouk.ma\/fr\/produit\/iworkcase-v3-16-m-and-benro-tma38cl-carbon-fiber-tripod\/\" \/>\n<meta property=\"og:site_name\" content=\"CineSouk\" \/>\n<meta property=\"article:modified_time\" content=\"2025-10-30T14:04:01+00:00\" \/>\n<meta property=\"og:image\" content=\"https:\/\/www.cinesouk.ma\/wp-content\/uploads\/2024\/07\/iWorkCase-digicase-dit-workstation-16_M1_2048x2048.jpg\" \/>\n\t<meta property=\"og:image:width\" content=\"300\" \/>\n\t<meta property=\"og:image:height\" content=\"200\" \/>\n\t<meta property=\"og:image:type\" content=\"image\/jpeg\" \/>\n<meta name=\"twitter:card\" content=\"summary_large_image\" \/>\n<meta name=\"twitter:title\" content=\"iWorkCase V3 16 M and Benro TMA38CL Carbon Fiber Tripod\" \/>\n<meta name=\"twitter:description\" content=\"Protect and organize your MacBook Pro and accessories with the iWorkCase V3 16 M and Benro TMA38CL Carbon Fiber Tripod. Rugged, efficient, and perfect for on-the-go professionals.\" \/>\n<meta name=\"twitter:label1\" content=\"Dur\u00e9e de lecture estim\u00e9e\" \/>\n\t<meta name=\"twitter:data1\" content=\"2 minutes\" \/>\n<script type=\"application\/ld+json\" class=\"yoast-schema-graph\">{\"@context\":\"https:\/\/schema.org\",\"@graph\":[{\"@type\":\"WebPage\",\"@id\":\"https:\/\/www.cinesouk.ma\/product\/iworkcase-v3-16-m-and-benro-tma38cl-carbon-fiber-tripod\/\",\"url\":\"https:\/\/www.cinesouk.ma\/product\/iworkcase-v3-16-m-and-benro-tma38cl-carbon-fiber-tripod\/\",\"name\":\"iWorkCase V3 16 M and Benro TMA38CL Carbon Fiber Tripod - CineSouk\",\"isPartOf\":{\"@id\":\"https:\/\/www.cinesouk.ma\/#website\"},\"primaryImageOfPage\":{\"@id\":\"https:\/\/www.cinesouk.ma\/product\/iworkcase-v3-16-m-and-benro-tma38cl-carbon-fiber-tripod\/#primaryimage\"},\"image\":{\"@id\":\"https:\/\/www.cinesouk.ma\/product\/iworkcase-v3-16-m-and-benro-tma38cl-carbon-fiber-tripod\/#primaryimage\"},\"thumbnailUrl\":\"https:\/\/www.cinesouk.ma\/wp-content\/uploads\/2024\/08\/iworkenro.jpg\",\"datePublished\":\"2024-02-20T16:20:11+00:00\",\"dateModified\":\"2025-10-30T14:04:01+00:00\",\"description\":\"Protect and organize your MacBook Pro and accessories with the iWorkCase V3 16 M and Benro TMA38CL Carbon Fiber Tripod. Rugged, efficient, and perfect for on-the-go professionals.\",\"breadcrumb\":{\"@id\":\"https:\/\/www.cinesouk.ma\/product\/iworkcase-v3-16-m-and-benro-tma38cl-carbon-fiber-tripod\/#breadcrumb\"},\"inLanguage\":\"fr-FR\",\"potentialAction\":[{\"@type\":\"ReadAction\",\"target\":[\"https:\/\/www.cinesouk.ma\/product\/iworkcase-v3-16-m-and-benro-tma38cl-carbon-fiber-tripod\/\"]}]},{\"@type\":\"ImageObject\",\"inLanguage\":\"fr-FR\",\"@id\":\"https:\/\/www.cinesouk.ma\/product\/iworkcase-v3-16-m-and-benro-tma38cl-carbon-fiber-tripod\/#primaryimage\",\"url\":\"https:\/\/www.cinesouk.ma\/wp-content\/uploads\/2024\/08\/iworkenro.jpg\",\"contentUrl\":\"https:\/\/www.cinesouk.ma\/wp-content\/uploads\/2024\/08\/iworkenro.jpg\",\"width\":300,\"height\":238},{\"@type\":\"BreadcrumbList\",\"@id\":\"https:\/\/www.cinesouk.ma\/product\/iworkcase-v3-16-m-and-benro-tma38cl-carbon-fiber-tripod\/#breadcrumb\",\"itemListElement\":[{\"@type\":\"ListItem\",\"position\":1,\"name\":\"Home\",\"item\":\"https:\/\/www.cinesouk.ma\/\"},{\"@type\":\"ListItem\",\"position\":2,\"name\":\"Shop\",\"item\":\"https:\/\/www.cinesouk.ma\/shop\/\"},{\"@type\":\"ListItem\",\"position\":3,\"name\":\"iWorkCase V3 16 M and Benro TMA38CL Carbon Fiber Tripod\"}]},{\"@type\":\"WebSite\",\"@id\":\"https:\/\/www.cinesouk.ma\/#website\",\"url\":\"https:\/\/www.cinesouk.ma\/\",\"name\":\"CineSouk\",\"description\":\"\",\"publisher\":{\"@id\":\"https:\/\/www.cinesouk.ma\/#organization\"},\"potentialAction\":[{\"@type\":\"SearchAction\",\"target\":{\"@type\":\"EntryPoint\",\"urlTemplate\":\"https:\/\/www.cinesouk.ma\/?s={search_term_string}\"},\"query-input\":{\"@type\":\"PropertyValueSpecification\",\"valueRequired\":true,\"valueName\":\"search_term_string\"}}],\"inLanguage\":\"fr-FR\"},{\"@type\":\"Organization\",\"@id\":\"https:\/\/www.cinesouk.ma\/#organization\",\"name\":\"CineSouk\",\"url\":\"https:\/\/www.cinesouk.ma\/\",\"logo\":{\"@type\":\"ImageObject\",\"inLanguage\":\"fr-FR\",\"@id\":\"https:\/\/www.cinesouk.ma\/#\/schema\/logo\/image\/\",\"url\":\"https:\/\/www.cinesouk.ma\/wp-content\/uploads\/2024\/01\/CineSouk-logo-v01-alpha-alligned-left.png\",\"contentUrl\":\"https:\/\/www.cinesouk.ma\/wp-content\/uploads\/2024\/01\/CineSouk-logo-v01-alpha-alligned-left.png\",\"width\":3204,\"height\":889,\"caption\":\"CineSouk\"},\"image\":{\"@id\":\"https:\/\/www.cinesouk.ma\/#\/schema\/logo\/image\/\"}}]}<\/script>\n<!-- \/ Yoast SEO Premium plugin. -->","yoast_head_json":{"title":"iWorkCase V3 16 M and Benro TMA38CL Carbon Fiber Tripod - CineSouk","description":"Protect and organize your MacBook Pro and accessories with the iWorkCase V3 16 M and Benro TMA38CL Carbon Fiber Tripod. Rugged, efficient, and perfect for on-the-go professionals.","robots":{"index":"index","follow":"follow","max-snippet":"max-snippet:-1","max-image-preview":"max-image-preview:large","max-video-preview":"max-video-preview:-1"},"canonical":"https:\/\/www.cinesouk.ma\/fr\/produit\/iworkcase-v3-16-m-and-benro-tma38cl-carbon-fiber-tripod\/","og_locale":"fr_FR","og_type":"article","og_title":"iWorkCase V3 16 M","og_description":"The iWorkCase V3 16 M features a rugged, high-quality build designed to withstand the rigors of travel and outdoor shooting.","og_url":"https:\/\/www.cinesouk.ma\/fr\/produit\/iworkcase-v3-16-m-and-benro-tma38cl-carbon-fiber-tripod\/","og_site_name":"CineSouk","article_modified_time":"2025-10-30T14:04:01+00:00","og_image":[{"width":300,"height":200,"url":"https:\/\/www.cinesouk.ma\/wp-content\/uploads\/2024\/07\/iWorkCase-digicase-dit-workstation-16_M1_2048x2048.jpg","type":"image\/jpeg"}],"twitter_card":"summary_large_image","twitter_title":"iWorkCase V3 16 M and Benro TMA38CL Carbon Fiber Tripod","twitter_description":"Protect and organize your MacBook Pro and accessories with the iWorkCase V3 16 M and Benro TMA38CL Carbon Fiber Tripod. Rugged, efficient, and perfect for on-the-go professionals.","twitter_misc":{"Dur\u00e9e de lecture estim\u00e9e":"2 minutes"},"schema":{"@context":"https:\/\/schema.org","@graph":[{"@type":"WebPage","@id":"https:\/\/www.cinesouk.ma\/product\/iworkcase-v3-16-m-and-benro-tma38cl-carbon-fiber-tripod\/","url":"https:\/\/www.cinesouk.ma\/product\/iworkcase-v3-16-m-and-benro-tma38cl-carbon-fiber-tripod\/","name":"iWorkCase V3 16 M and Benro TMA38CL Carbon Fiber Tripod - CineSouk","isPartOf":{"@id":"https:\/\/www.cinesouk.ma\/#website"},"primaryImageOfPage":{"@id":"https:\/\/www.cinesouk.ma\/product\/iworkcase-v3-16-m-and-benro-tma38cl-carbon-fiber-tripod\/#primaryimage"},"image":{"@id":"https:\/\/www.cinesouk.ma\/product\/iworkcase-v3-16-m-and-benro-tma38cl-carbon-fiber-tripod\/#primaryimage"},"thumbnailUrl":"https:\/\/www.cinesouk.ma\/wp-content\/uploads\/2024\/08\/iworkenro.jpg","datePublished":"2024-02-20T16:20:11+00:00","dateModified":"2025-10-30T14:04:01+00:00","description":"Protect and organize your MacBook Pro and accessories with the iWorkCase V3 16 M and Benro TMA38CL Carbon Fiber Tripod. Rugged, efficient, and perfect for on-the-go professionals.","breadcrumb":{"@id":"https:\/\/www.cinesouk.ma\/product\/iworkcase-v3-16-m-and-benro-tma38cl-carbon-fiber-tripod\/#breadcrumb"},"inLanguage":"fr-FR","potentialAction":[{"@type":"ReadAction","target":["https:\/\/www.cinesouk.ma\/product\/iworkcase-v3-16-m-and-benro-tma38cl-carbon-fiber-tripod\/"]}]},{"@type":"ImageObject","inLanguage":"fr-FR","@id":"https:\/\/www.cinesouk.ma\/product\/iworkcase-v3-16-m-and-benro-tma38cl-carbon-fiber-tripod\/#primaryimage","url":"https:\/\/www.cinesouk.ma\/wp-content\/uploads\/2024\/08\/iworkenro.jpg","contentUrl":"https:\/\/www.cinesouk.ma\/wp-content\/uploads\/2024\/08\/iworkenro.jpg","width":300,"height":238},{"@type":"BreadcrumbList","@id":"https:\/\/www.cinesouk.ma\/product\/iworkcase-v3-16-m-and-benro-tma38cl-carbon-fiber-tripod\/#breadcrumb","itemListElement":[{"@type":"ListItem","position":1,"name":"Home","item":"https:\/\/www.cinesouk.ma\/"},{"@type":"ListItem","position":2,"name":"Shop","item":"https:\/\/www.cinesouk.ma\/shop\/"},{"@type":"ListItem","position":3,"name":"iWorkCase V3 16 M and Benro TMA38CL Carbon Fiber Tripod"}]},{"@type":"WebSite","@id":"https:\/\/www.cinesouk.ma\/#website","url":"https:\/\/www.cinesouk.ma\/","name":"CineSouk","description":"","publisher":{"@id":"https:\/\/www.cinesouk.ma\/#organization"},"potentialAction":[{"@type":"SearchAction","target":{"@type":"EntryPoint","urlTemplate":"https:\/\/www.cinesouk.ma\/?s={search_term_string}"},"query-input":{"@type":"PropertyValueSpecification","valueRequired":true,"valueName":"search_term_string"}}],"inLanguage":"fr-FR"},{"@type":"Organization","@id":"https:\/\/www.cinesouk.ma\/#organization","name":"CineSouk","url":"https:\/\/www.cinesouk.ma\/","logo":{"@type":"ImageObject","inLanguage":"fr-FR","@id":"https:\/\/www.cinesouk.ma\/#\/schema\/logo\/image\/","url":"https:\/\/www.cinesouk.ma\/wp-content\/uploads\/2024\/01\/CineSouk-logo-v01-alpha-alligned-left.png","contentUrl":"https:\/\/www.cinesouk.ma\/wp-content\/uploads\/2024\/01\/CineSouk-logo-v01-alpha-alligned-left.png","width":3204,"height":889,"caption":"CineSouk"},"image":{"@id":"https:\/\/www.cinesouk.ma\/#\/schema\/logo\/image\/"}}]}},"_links":{"self":[{"href":"https:\/\/www.cinesouk.ma\/fr\/wp-json\/wp\/v2\/product\/7679","targetHints":{"allow":["GET"]}}],"collection":[{"href":"https:\/\/www.cinesouk.ma\/fr\/wp-json\/wp\/v2\/product"}],"about":[{"href":"https:\/\/www.cinesouk.ma\/fr\/wp-json\/wp\/v2\/types\/product"}],"wp:featuredmedia":[{"embeddable":true,"href":"https:\/\/www.cinesouk.ma\/fr\/wp-json\/wp\/v2\/media\/7690"}],"wp:attachment":[{"href":"https:\/\/www.cinesouk.ma\/fr\/wp-json\/wp\/v2\/media?parent=7679"}],"wp:term":[{"taxonomy":"product_brand","embeddable":true,"href":"https:\/\/www.cinesouk.ma\/fr\/wp-json\/wp\/v2\/product_brand?post=7679"},{"taxonomy":"product_cat","embeddable":true,"href":"https:\/\/www.cinesouk.ma\/fr\/wp-json\/wp\/v2\/product_cat?post=7679"},{"taxonomy":"product_tag","embeddable":true,"href":"https:\/\/www.cinesouk.ma\/fr\/wp-json\/wp\/v2\/product_tag?post=7679"}],"curies":[{"name":"wp","href":"https:\/\/api.w.org\/{rel}","templated":true}]}}