{"id":7698,"date":"2024-08-24T08:43:07","date_gmt":"2024-08-24T08:43:07","guid":{"rendered":"https:\/\/www.cinesouk.ma\/?post_type=product&#038;p=7698"},"modified":"2026-02-18T11:21:43","modified_gmt":"2026-02-18T11:21:43","slug":"10-motorola-walkie-talkie-xt420-pack","status":"publish","type":"product","link":"https:\/\/www.cinesouk.ma\/fr\/produit\/10-motorola-walkie-talkie-xt420-pack\/","title":{"rendered":"10 Pack Motorola Walkie Talkie XT420"},"content":{"rendered":"<p>Le pack de 10 talkies-walkies Motorola XT420 est id\u00e9al pour renforcer votre \u00e9quipe gr\u00e2ce \u00e0 une communication rapide et efficace.<\/p>\n<p>Le <span class=\"product_description_red od_red\">Motorola XT420 <\/span>est le successeur de la s\u00e9rie XTNi avec des talkies-walkies puissants et sans licence (PMR446) qui, gr\u00e2ce \u00e0 leur durabilit\u00e9, leurs fonctions am\u00e9lior\u00e9es et leur qualit\u00e9 sonore optimale, sont les talkies-walkies parfaits pour le travail sur le terrain, o\u00f9 il y a beaucoup de bruit.<\/p>\n<p>Le XT420 est un \u00e9metteur-r\u00e9cepteur de la s\u00e9rie Motorola con\u00e7u pour un usage professionnel. Les \u00e9metteurs-r\u00e9cepteurs XT420 de Motorola offrent d'excellentes performances, m\u00eame dans des environnements bruyants et dans des conditions difficiles.<\/p>\n<p>Pratique, vous pouvez connecter un casque via la prise audio, et gr\u00e2ce \u00e0 des fonctions telles que Vox (transmission \u00e0 commande vocale) et l'annonce des canaux, vous pouvez profiter d'une communication mains libres.<\/p>\n<h3>Test\u00e9 pour la durabilit\u00e9 dans des conditions difficiles<\/h3>\n<p>Le XT420 r\u00e9pond \u00e0 la norme IP55 et a pass\u00e9 avec succ\u00e8s le rigoureux test de dur\u00e9e de vie acc\u00e9l\u00e9r\u00e9e de Motorola. Ce test simule environ 5 ans d'utilisation intensive. Ce talkie-walkie Moltorola robuste est id\u00e9al pour les chantiers de construction et les zones industrielles. Avec 8 canaux et des codes PL r\u00e9glables, il a une port\u00e9e de plus de 16 000 m\u00b2, 13 \u00e9tages, et jusqu'\u00e0 9 km \u00e0 l'air libre dans des conditions id\u00e9ales.<\/p>\n<p>Le talkie-walkie est \u00e9galement \u00e9quip\u00e9 d'un rev\u00eatement antimicrobien qui emp\u00eache la croissance de champignons et de germes sur la surface de la radio.<\/p>\n<h3>Qualit\u00e9 audio am\u00e9lior\u00e9e et mains libres<\/h3>\n<p>Le son est fort et tr\u00e8s clair gr\u00e2ce au puissant haut-parleur int\u00e9gr\u00e9 de 1500 mW. Lorsque vous changez de cha\u00eene, vous recevez une notification, ce qui vous permet de rester inform\u00e9 en permanence. Le talkie-walkie peut \u00eatre utilis\u00e9 sans les mains, gr\u00e2ce \u00e0 la fonction VOX mains libres. Ce talkie-walkie est donc particuli\u00e8rement adapt\u00e9 \u00e0 une utilisation dans le secteur de la production ou de la construction, car il \u00e9met un signal tr\u00e8s compr\u00e9hensible, peut \u00eatre utilis\u00e9 sans les mains et est \u00e9quip\u00e9 d'un clip ceinture rotatif \u00e0 l'avant de l'\u00e9tui. Confortable et discret !<\/p>\n<h3>Transfert de profils<\/h3>\n<p>Gr\u00e2ce au logiciel de programmation client (CPS) bas\u00e9 sur HTML, il est possible de transf\u00e9rer des param\u00e8tres et des profils de talkie-walkie \u00e0 talkie-walkie des s\u00e9ries XT400 et XTNi. Cela n\u00e9cessite un c\u00e2ble de programmation (non inclus). Le XT400 est \u00e9galement livr\u00e9 avec un \u00e9tui dot\u00e9 d'un clip ceinture rotatif. Cela permet d'ajuster facilement le talkie-walkie lorsqu'on le porte. Le rev\u00eatement antimicrobien prot\u00e8ge le XT420 contre les moisissures et les bact\u00e9ries.<\/p>\n<p>Louez-le maintenant sur <a href=\"https:\/\/www.cinesouk.ma\/fr\">CINESOUK<\/a> - une marque de <a href=\"https:\/\/www.broadway.ma\/\">BROADWAY PRODUCTIONS SARL.<\/a><\/p>\n<p>&nbsp;<\/p>","protected":false},"excerpt":{"rendered":"<p>Sp\u00e9cifications :<\/p>\n<p>Mod\u00e8les : XT 420, Dp1400e, Gp 340<br \/>\nPuissance : 0,5 Watts<br \/>\ncanaux : 16<br \/>\nIndice de protection : IP 55 (particuli\u00e8rement r\u00e9sistant \u00e0 la poussi\u00e8re et \u00e0 l'eau)<br \/>\nBatterie d'autonomie : 20 heures<br \/>\nBatterie en veille : autonomie de 32 heures<\/p>","protected":false},"featured_media":7709,"template":"","meta":{"om_disable_all_campaigns":false,"_monsterinsights_skip_tracking":false,"_monsterinsights_sitenote_active":false,"_monsterinsights_sitenote_note":"","_monsterinsights_sitenote_category":0,"_uf_show_specific_survey":0,"_uf_disable_surveys":false},"product_brand":[],"product_cat":[130,89],"product_tag":[],"class_list":{"0":"post-7698","1":"product","2":"type-product","3":"status-publish","4":"has-post-thumbnail","6":"product_cat-communication-eventsouk","7":"product_cat-communication-cinesouk","9":"entry","10":"has-media","12":"first","13":"instock","14":"taxable","15":"shipping-taxable","16":"purchasable","17":"product-type-variable","18":"has-product-nav","19":"col","20":"span_1_of_3","21":"owp-content-center","22":"owp-thumbs-layout-horizontal","23":"owp-btn-normal","24":"owp-tabs-layout-horizontal","25":"has-no-thumbnails"},"yoast_head":"<!-- This site is optimized with the Yoast SEO Premium plugin v26.0 (Yoast SEO v26.0) - https:\/\/yoast.com\/wordpress\/plugins\/seo\/ -->\n<title>10 Motorola Walkie Talkie XT420 Pack - CineSouk - For rent<\/title>\n<meta name=\"description\" content=\"10 Motorola Walkie Talkie XT420 Pack. Two-way radio from the Motorola series designed for professional use.- CineSouk - Marrakech | Morocco\" \/>\n<meta name=\"robots\" content=\"index, follow, max-snippet:-1, max-image-preview:large, max-video-preview:-1\" \/>\n<link rel=\"canonical\" href=\"https:\/\/www.cinesouk.ma\/fr\/produit\/10-motorola-walkie-talkie-xt420-pack\/\" \/>\n<meta property=\"og:locale\" content=\"fr_FR\" \/>\n<meta property=\"og:type\" content=\"article\" \/>\n<meta property=\"og:title\" content=\"10 Motorola Walkie Talkie XT420 Pack\" \/>\n<meta property=\"og:description\" content=\"10 Motorola Walkie Talkie XT420 Pack. Two-way radio from the Motorola series designed for professional use.- CineSouk - Marrakech | Morocco\" \/>\n<meta property=\"og:url\" content=\"https:\/\/www.cinesouk.ma\/fr\/produit\/10-motorola-walkie-talkie-xt420-pack\/\" \/>\n<meta property=\"og:site_name\" content=\"CineSouk\" \/>\n<meta property=\"article:modified_time\" content=\"2026-02-18T11:21:43+00:00\" \/>\n<meta property=\"og:image\" content=\"https:\/\/www.cinesouk.ma\/wp-content\/uploads\/2024\/08\/101010.jpg\" \/>\n\t<meta property=\"og:image:width\" content=\"300\" \/>\n\t<meta property=\"og:image:height\" content=\"238\" \/>\n\t<meta property=\"og:image:type\" content=\"image\/jpeg\" \/>\n<meta name=\"twitter:card\" content=\"summary_large_image\" \/>\n<meta name=\"twitter:description\" content=\"10 Motorola Walkie Talkie XT420 Pack. Two-way radio from the Motorola series designed for professional use.- CineSouk - Marrakech | Morocco\" \/>\n<meta name=\"twitter:label1\" content=\"Dur\u00e9e de lecture estim\u00e9e\" \/>\n\t<meta name=\"twitter:data1\" content=\"2 minutes\" \/>\n<script type=\"application\/ld+json\" class=\"yoast-schema-graph\">{\"@context\":\"https:\/\/schema.org\",\"@graph\":[{\"@type\":\"WebPage\",\"@id\":\"https:\/\/www.cinesouk.ma\/product\/10-motorola-walkie-talkie-xt420-pack\/\",\"url\":\"https:\/\/www.cinesouk.ma\/product\/10-motorola-walkie-talkie-xt420-pack\/\",\"name\":\"10 Motorola Walkie Talkie XT420 Pack - CineSouk - For rent\",\"isPartOf\":{\"@id\":\"https:\/\/www.cinesouk.ma\/#website\"},\"primaryImageOfPage\":{\"@id\":\"https:\/\/www.cinesouk.ma\/product\/10-motorola-walkie-talkie-xt420-pack\/#primaryimage\"},\"image\":{\"@id\":\"https:\/\/www.cinesouk.ma\/product\/10-motorola-walkie-talkie-xt420-pack\/#primaryimage\"},\"thumbnailUrl\":\"https:\/\/www.cinesouk.ma\/wp-content\/uploads\/2024\/08\/101010.jpg\",\"datePublished\":\"2024-08-24T08:43:07+00:00\",\"dateModified\":\"2026-02-18T11:21:43+00:00\",\"description\":\"10 Motorola Walkie Talkie XT420 Pack. Two-way radio from the Motorola series designed for professional use.- CineSouk - Marrakech | Morocco\",\"breadcrumb\":{\"@id\":\"https:\/\/www.cinesouk.ma\/product\/10-motorola-walkie-talkie-xt420-pack\/#breadcrumb\"},\"inLanguage\":\"fr-FR\",\"potentialAction\":[{\"@type\":\"ReadAction\",\"target\":[\"https:\/\/www.cinesouk.ma\/product\/10-motorola-walkie-talkie-xt420-pack\/\"]}]},{\"@type\":\"ImageObject\",\"inLanguage\":\"fr-FR\",\"@id\":\"https:\/\/www.cinesouk.ma\/product\/10-motorola-walkie-talkie-xt420-pack\/#primaryimage\",\"url\":\"https:\/\/www.cinesouk.ma\/wp-content\/uploads\/2024\/08\/101010.jpg\",\"contentUrl\":\"https:\/\/www.cinesouk.ma\/wp-content\/uploads\/2024\/08\/101010.jpg\",\"width\":300,\"height\":238},{\"@type\":\"BreadcrumbList\",\"@id\":\"https:\/\/www.cinesouk.ma\/product\/10-motorola-walkie-talkie-xt420-pack\/#breadcrumb\",\"itemListElement\":[{\"@type\":\"ListItem\",\"position\":1,\"name\":\"Home\",\"item\":\"https:\/\/www.cinesouk.ma\/\"},{\"@type\":\"ListItem\",\"position\":2,\"name\":\"Shop\",\"item\":\"https:\/\/www.cinesouk.ma\/shop\/\"},{\"@type\":\"ListItem\",\"position\":3,\"name\":\"10 Motorola Walkie Talkie XT420 Pack\"}]},{\"@type\":\"WebSite\",\"@id\":\"https:\/\/www.cinesouk.ma\/#website\",\"url\":\"https:\/\/www.cinesouk.ma\/\",\"name\":\"CineSouk\",\"description\":\"\",\"publisher\":{\"@id\":\"https:\/\/www.cinesouk.ma\/#organization\"},\"potentialAction\":[{\"@type\":\"SearchAction\",\"target\":{\"@type\":\"EntryPoint\",\"urlTemplate\":\"https:\/\/www.cinesouk.ma\/?s={search_term_string}\"},\"query-input\":{\"@type\":\"PropertyValueSpecification\",\"valueRequired\":true,\"valueName\":\"search_term_string\"}}],\"inLanguage\":\"fr-FR\"},{\"@type\":\"Organization\",\"@id\":\"https:\/\/www.cinesouk.ma\/#organization\",\"name\":\"CineSouk\",\"url\":\"https:\/\/www.cinesouk.ma\/\",\"logo\":{\"@type\":\"ImageObject\",\"inLanguage\":\"fr-FR\",\"@id\":\"https:\/\/www.cinesouk.ma\/#\/schema\/logo\/image\/\",\"url\":\"https:\/\/www.cinesouk.ma\/wp-content\/uploads\/2024\/01\/CineSouk-logo-v01-alpha-alligned-left.png\",\"contentUrl\":\"https:\/\/www.cinesouk.ma\/wp-content\/uploads\/2024\/01\/CineSouk-logo-v01-alpha-alligned-left.png\",\"width\":3204,\"height\":889,\"caption\":\"CineSouk\"},\"image\":{\"@id\":\"https:\/\/www.cinesouk.ma\/#\/schema\/logo\/image\/\"}}]}<\/script>\n<!-- \/ Yoast SEO Premium plugin. -->","yoast_head_json":{"title":"10 Motorola Walkie Talkie XT420 Pack - CineSouk - For rent","description":"10 Motorola Walkie Talkie XT420 Pack. Two-way radio from the Motorola series designed for professional use.- CineSouk - Marrakech | Morocco","robots":{"index":"index","follow":"follow","max-snippet":"max-snippet:-1","max-image-preview":"max-image-preview:large","max-video-preview":"max-video-preview:-1"},"canonical":"https:\/\/www.cinesouk.ma\/fr\/produit\/10-motorola-walkie-talkie-xt420-pack\/","og_locale":"fr_FR","og_type":"article","og_title":"10 Motorola Walkie Talkie XT420 Pack","og_description":"10 Motorola Walkie Talkie XT420 Pack. Two-way radio from the Motorola series designed for professional use.- CineSouk - Marrakech | Morocco","og_url":"https:\/\/www.cinesouk.ma\/fr\/produit\/10-motorola-walkie-talkie-xt420-pack\/","og_site_name":"CineSouk","article_modified_time":"2026-02-18T11:21:43+00:00","og_image":[{"width":300,"height":238,"url":"https:\/\/www.cinesouk.ma\/wp-content\/uploads\/2024\/08\/101010.jpg","type":"image\/jpeg"}],"twitter_card":"summary_large_image","twitter_description":"10 Motorola Walkie Talkie XT420 Pack. Two-way radio from the Motorola series designed for professional use.- CineSouk - Marrakech | Morocco","twitter_misc":{"Dur\u00e9e de lecture estim\u00e9e":"2 minutes"},"schema":{"@context":"https:\/\/schema.org","@graph":[{"@type":"WebPage","@id":"https:\/\/www.cinesouk.ma\/product\/10-motorola-walkie-talkie-xt420-pack\/","url":"https:\/\/www.cinesouk.ma\/product\/10-motorola-walkie-talkie-xt420-pack\/","name":"10 Motorola Walkie Talkie XT420 Pack - CineSouk - For rent","isPartOf":{"@id":"https:\/\/www.cinesouk.ma\/#website"},"primaryImageOfPage":{"@id":"https:\/\/www.cinesouk.ma\/product\/10-motorola-walkie-talkie-xt420-pack\/#primaryimage"},"image":{"@id":"https:\/\/www.cinesouk.ma\/product\/10-motorola-walkie-talkie-xt420-pack\/#primaryimage"},"thumbnailUrl":"https:\/\/www.cinesouk.ma\/wp-content\/uploads\/2024\/08\/101010.jpg","datePublished":"2024-08-24T08:43:07+00:00","dateModified":"2026-02-18T11:21:43+00:00","description":"10 Motorola Walkie Talkie XT420 Pack. Two-way radio from the Motorola series designed for professional use.- CineSouk - Marrakech | Morocco","breadcrumb":{"@id":"https:\/\/www.cinesouk.ma\/product\/10-motorola-walkie-talkie-xt420-pack\/#breadcrumb"},"inLanguage":"fr-FR","potentialAction":[{"@type":"ReadAction","target":["https:\/\/www.cinesouk.ma\/product\/10-motorola-walkie-talkie-xt420-pack\/"]}]},{"@type":"ImageObject","inLanguage":"fr-FR","@id":"https:\/\/www.cinesouk.ma\/product\/10-motorola-walkie-talkie-xt420-pack\/#primaryimage","url":"https:\/\/www.cinesouk.ma\/wp-content\/uploads\/2024\/08\/101010.jpg","contentUrl":"https:\/\/www.cinesouk.ma\/wp-content\/uploads\/2024\/08\/101010.jpg","width":300,"height":238},{"@type":"BreadcrumbList","@id":"https:\/\/www.cinesouk.ma\/product\/10-motorola-walkie-talkie-xt420-pack\/#breadcrumb","itemListElement":[{"@type":"ListItem","position":1,"name":"Home","item":"https:\/\/www.cinesouk.ma\/"},{"@type":"ListItem","position":2,"name":"Shop","item":"https:\/\/www.cinesouk.ma\/shop\/"},{"@type":"ListItem","position":3,"name":"10 Motorola Walkie Talkie XT420 Pack"}]},{"@type":"WebSite","@id":"https:\/\/www.cinesouk.ma\/#website","url":"https:\/\/www.cinesouk.ma\/","name":"CineSouk","description":"","publisher":{"@id":"https:\/\/www.cinesouk.ma\/#organization"},"potentialAction":[{"@type":"SearchAction","target":{"@type":"EntryPoint","urlTemplate":"https:\/\/www.cinesouk.ma\/?s={search_term_string}"},"query-input":{"@type":"PropertyValueSpecification","valueRequired":true,"valueName":"search_term_string"}}],"inLanguage":"fr-FR"},{"@type":"Organization","@id":"https:\/\/www.cinesouk.ma\/#organization","name":"CineSouk","url":"https:\/\/www.cinesouk.ma\/","logo":{"@type":"ImageObject","inLanguage":"fr-FR","@id":"https:\/\/www.cinesouk.ma\/#\/schema\/logo\/image\/","url":"https:\/\/www.cinesouk.ma\/wp-content\/uploads\/2024\/01\/CineSouk-logo-v01-alpha-alligned-left.png","contentUrl":"https:\/\/www.cinesouk.ma\/wp-content\/uploads\/2024\/01\/CineSouk-logo-v01-alpha-alligned-left.png","width":3204,"height":889,"caption":"CineSouk"},"image":{"@id":"https:\/\/www.cinesouk.ma\/#\/schema\/logo\/image\/"}}]}},"_links":{"self":[{"href":"https:\/\/www.cinesouk.ma\/fr\/wp-json\/wp\/v2\/product\/7698","targetHints":{"allow":["GET"]}}],"collection":[{"href":"https:\/\/www.cinesouk.ma\/fr\/wp-json\/wp\/v2\/product"}],"about":[{"href":"https:\/\/www.cinesouk.ma\/fr\/wp-json\/wp\/v2\/types\/product"}],"wp:featuredmedia":[{"embeddable":true,"href":"https:\/\/www.cinesouk.ma\/fr\/wp-json\/wp\/v2\/media\/7709"}],"wp:attachment":[{"href":"https:\/\/www.cinesouk.ma\/fr\/wp-json\/wp\/v2\/media?parent=7698"}],"wp:term":[{"taxonomy":"product_brand","embeddable":true,"href":"https:\/\/www.cinesouk.ma\/fr\/wp-json\/wp\/v2\/product_brand?post=7698"},{"taxonomy":"product_cat","embeddable":true,"href":"https:\/\/www.cinesouk.ma\/fr\/wp-json\/wp\/v2\/product_cat?post=7698"},{"taxonomy":"product_tag","embeddable":true,"href":"https:\/\/www.cinesouk.ma\/fr\/wp-json\/wp\/v2\/product_tag?post=7698"}],"curies":[{"name":"wp","href":"https:\/\/api.w.org\/{rel}","templated":true}]}}