{"id":774,"date":"2024-08-01T10:30:28","date_gmt":"2024-08-01T10:30:28","guid":{"rendered":"https:\/\/www.cinesouk.ma\/?post_type=product&#038;p=774"},"modified":"2026-02-23T11:42:20","modified_gmt":"2026-02-23T11:42:20","slug":"sony-pxw-fx9-camera-for-rental","status":"publish","type":"product","link":"https:\/\/www.cinesouk.ma\/fr\/produit\/sony-pxw-fx9-camera-for-rental\/","title":{"rendered":"Sony PXW-FX9 Camera"},"content":{"rendered":"<p>La cam\u00e9ra Sony PXW-FX9 est une cam\u00e9ra cin\u00e9ma plein format de pointe. Con\u00e7ue pour les cin\u00e9astes professionnels, elle capture des images \u00e9poustouflantes avec une clart\u00e9 et un niveau de d\u00e9tail sans compromis.<\/p>\n<p>Le capteur plein format et la technologie autofocus avanc\u00e9e du FX9 en font un outil polyvalent. Sa conception ergonomique et ses commandes intuitives offrent aux cr\u00e9ateurs de contenu une exp\u00e9rience de tournage transparente, favorisant la libert\u00e9 de cr\u00e9ation et l'efficacit\u00e9. Dot\u00e9e d'une construction robuste et d'une gamme de fonctions personnalisables, la cam\u00e9ra est con\u00e7ue pour r\u00e9pondre aux besoins exigeants des cin\u00e9astes.<\/p>\n<p>La cam\u00e9ra Sony PXW-FX9 est le choix id\u00e9al pour exploiter tout le potentiel de la narration cin\u00e9matographique.<\/p>\n<p>Louez-le maintenant sur <a href=\"https:\/\/www.cinesouk.ma\/fr\">CINESOUK<\/a> - une marque de <a href=\"https:\/\/www.broadway.ma\/\">BROADWAY PRODUCTIONS SARL.<\/a><\/p>","protected":false},"excerpt":{"rendered":"<p><strong>Sp\u00e9cifications<\/strong><\/p>\n<ul>\n<li><strong>Type de capteur :<\/strong> 6K Full-frame CMOS<\/li>\n<li><strong>R\u00e9solution :<\/strong> 6000 x 3376 pixels<\/li>\n<li><strong>ISO Range:<\/strong> 800 to 102,400 (expandable to 200 to 409,600)<\/li>\n<li><strong>Taux d'images :<\/strong> Up to 120fps (HD)<\/li>\n<li><strong>Autofocus:<\/strong> Fast Hybrid AF with Real-time Eye AF<\/li>\n<li><strong>Monture d'objectif :<\/strong> Monture E<\/li>\n<li><strong>Poids :<\/strong> 2.6 kg<\/li>\n<li><strong>Dimensions :<\/strong> 158.2 x 143.3 x 135.6 mm<\/li>\n<\/ul>","protected":false},"featured_media":10618,"template":"","meta":{"om_disable_all_campaigns":false,"_monsterinsights_skip_tracking":false,"_monsterinsights_sitenote_active":false,"_monsterinsights_sitenote_note":"","_monsterinsights_sitenote_category":0,"_uf_show_specific_survey":0,"_uf_disable_surveys":false},"product_brand":[],"product_cat":[34,83,53],"product_tag":[],"class_list":{"0":"post-774","1":"product","2":"type-product","3":"status-publish","4":"has-post-thumbnail","6":"product_cat-camera-cinesouk","7":"product_cat-efp-eng-cinesouk","8":"product_cat-popular-cinesouk","10":"entry","11":"has-media","13":"first","14":"instock","15":"taxable","16":"shipping-taxable","17":"purchasable","18":"product-type-variable","19":"has-product-nav","20":"col","21":"span_1_of_3","22":"owp-content-center","23":"owp-thumbs-layout-horizontal","24":"owp-btn-normal","25":"owp-tabs-layout-horizontal"},"yoast_head":"<!-- This site is optimized with the Yoast SEO Premium plugin v26.0 (Yoast SEO v26.0) - https:\/\/yoast.com\/wordpress\/plugins\/seo\/ -->\n<title>Sony PXW-FX9 Camera camera - Marrakech | Morocco - CineSouk - For rent<\/title>\n<meta name=\"description\" content=\"Exceptional film production starts with Sony PXW-FX9. Rent now for high-quality cinematography tools at Cinesouk, Marrakech.\" \/>\n<meta name=\"robots\" content=\"index, follow, max-snippet:-1, max-image-preview:large, max-video-preview:-1\" \/>\n<link rel=\"canonical\" href=\"https:\/\/www.cinesouk.ma\/fr\/produit\/sony-pxw-fx9-camera-for-rental\/\" \/>\n<meta property=\"og:locale\" content=\"fr_FR\" \/>\n<meta property=\"og:type\" content=\"article\" \/>\n<meta property=\"og:title\" content=\"Sony PXW-FX9\" \/>\n<meta property=\"og:description\" content=\"Exceptional film production starts with Sony PXW-FX9. Rent now for high-quality cinematography tools at Cinesouk, Marrakech.\" \/>\n<meta property=\"og:url\" content=\"https:\/\/www.cinesouk.ma\/fr\/produit\/sony-pxw-fx9-camera-for-rental\/\" \/>\n<meta property=\"og:site_name\" content=\"CineSouk\" \/>\n<meta property=\"article:modified_time\" content=\"2026-02-23T11:42:20+00:00\" \/>\n<meta property=\"og:image\" content=\"https:\/\/www.cinesouk.ma\/wp-content\/uploads\/2024\/08\/sony-fx9.jpg\" \/>\n\t<meta property=\"og:image:width\" content=\"300\" \/>\n\t<meta property=\"og:image:height\" content=\"238\" \/>\n\t<meta property=\"og:image:type\" content=\"image\/jpeg\" \/>\n<meta name=\"twitter:card\" content=\"summary_large_image\" \/>\n<meta name=\"twitter:title\" content=\"Sony PXW-FX9\" \/>\n<meta name=\"twitter:description\" content=\"Exceptional film production starts with Sony PXW-FX9. Rent now for high-quality cinematography tools at Cinesouk, Marrakech.\" \/>\n<meta name=\"twitter:label1\" content=\"Dur\u00e9e de lecture estim\u00e9e\" \/>\n\t<meta name=\"twitter:data1\" content=\"1 minute\" \/>\n<script type=\"application\/ld+json\" class=\"yoast-schema-graph\">{\"@context\":\"https:\/\/schema.org\",\"@graph\":[{\"@type\":\"WebPage\",\"@id\":\"https:\/\/www.cinesouk.ma\/product\/sony-pxw-fx9-camera-for-rental\/\",\"url\":\"https:\/\/www.cinesouk.ma\/product\/sony-pxw-fx9-camera-for-rental\/\",\"name\":\"Sony PXW-FX9 Camera camera - Marrakech | Morocco - CineSouk - For rent\",\"isPartOf\":{\"@id\":\"https:\/\/www.cinesouk.ma\/#website\"},\"primaryImageOfPage\":{\"@id\":\"https:\/\/www.cinesouk.ma\/product\/sony-pxw-fx9-camera-for-rental\/#primaryimage\"},\"image\":{\"@id\":\"https:\/\/www.cinesouk.ma\/product\/sony-pxw-fx9-camera-for-rental\/#primaryimage\"},\"thumbnailUrl\":\"https:\/\/www.cinesouk.ma\/wp-content\/uploads\/2024\/08\/sony-fx9.jpg\",\"datePublished\":\"2024-08-01T10:30:28+00:00\",\"dateModified\":\"2026-02-23T11:42:20+00:00\",\"description\":\"Exceptional film production starts with Sony PXW-FX9. Rent now for high-quality cinematography tools at Cinesouk, Marrakech.\",\"breadcrumb\":{\"@id\":\"https:\/\/www.cinesouk.ma\/product\/sony-pxw-fx9-camera-for-rental\/#breadcrumb\"},\"inLanguage\":\"fr-FR\",\"potentialAction\":[{\"@type\":\"ReadAction\",\"target\":[\"https:\/\/www.cinesouk.ma\/product\/sony-pxw-fx9-camera-for-rental\/\"]}]},{\"@type\":\"ImageObject\",\"inLanguage\":\"fr-FR\",\"@id\":\"https:\/\/www.cinesouk.ma\/product\/sony-pxw-fx9-camera-for-rental\/#primaryimage\",\"url\":\"https:\/\/www.cinesouk.ma\/wp-content\/uploads\/2024\/08\/sony-fx9.jpg\",\"contentUrl\":\"https:\/\/www.cinesouk.ma\/wp-content\/uploads\/2024\/08\/sony-fx9.jpg\",\"width\":300,\"height\":238,\"caption\":\"sony fx9\"},{\"@type\":\"BreadcrumbList\",\"@id\":\"https:\/\/www.cinesouk.ma\/product\/sony-pxw-fx9-camera-for-rental\/#breadcrumb\",\"itemListElement\":[{\"@type\":\"ListItem\",\"position\":1,\"name\":\"Home\",\"item\":\"https:\/\/www.cinesouk.ma\/\"},{\"@type\":\"ListItem\",\"position\":2,\"name\":\"Shop\",\"item\":\"https:\/\/www.cinesouk.ma\/shop\/\"},{\"@type\":\"ListItem\",\"position\":3,\"name\":\"Sony PXW-FX9 Camera\"}]},{\"@type\":\"WebSite\",\"@id\":\"https:\/\/www.cinesouk.ma\/#website\",\"url\":\"https:\/\/www.cinesouk.ma\/\",\"name\":\"CineSouk\",\"description\":\"\",\"publisher\":{\"@id\":\"https:\/\/www.cinesouk.ma\/#organization\"},\"potentialAction\":[{\"@type\":\"SearchAction\",\"target\":{\"@type\":\"EntryPoint\",\"urlTemplate\":\"https:\/\/www.cinesouk.ma\/?s={search_term_string}\"},\"query-input\":{\"@type\":\"PropertyValueSpecification\",\"valueRequired\":true,\"valueName\":\"search_term_string\"}}],\"inLanguage\":\"fr-FR\"},{\"@type\":\"Organization\",\"@id\":\"https:\/\/www.cinesouk.ma\/#organization\",\"name\":\"CineSouk\",\"url\":\"https:\/\/www.cinesouk.ma\/\",\"logo\":{\"@type\":\"ImageObject\",\"inLanguage\":\"fr-FR\",\"@id\":\"https:\/\/www.cinesouk.ma\/#\/schema\/logo\/image\/\",\"url\":\"https:\/\/www.cinesouk.ma\/wp-content\/uploads\/2024\/01\/CineSouk-logo-v01-alpha-alligned-left.png\",\"contentUrl\":\"https:\/\/www.cinesouk.ma\/wp-content\/uploads\/2024\/01\/CineSouk-logo-v01-alpha-alligned-left.png\",\"width\":3204,\"height\":889,\"caption\":\"CineSouk\"},\"image\":{\"@id\":\"https:\/\/www.cinesouk.ma\/#\/schema\/logo\/image\/\"}}]}<\/script>\n<!-- \/ Yoast SEO Premium plugin. -->","yoast_head_json":{"title":"Sony PXW-FX9 Camera camera - Marrakech | Morocco - CineSouk - For rent","description":"Exceptional film production starts with Sony PXW-FX9. Rent now for high-quality cinematography tools at Cinesouk, Marrakech.","robots":{"index":"index","follow":"follow","max-snippet":"max-snippet:-1","max-image-preview":"max-image-preview:large","max-video-preview":"max-video-preview:-1"},"canonical":"https:\/\/www.cinesouk.ma\/fr\/produit\/sony-pxw-fx9-camera-for-rental\/","og_locale":"fr_FR","og_type":"article","og_title":"Sony PXW-FX9","og_description":"Exceptional film production starts with Sony PXW-FX9. Rent now for high-quality cinematography tools at Cinesouk, Marrakech.","og_url":"https:\/\/www.cinesouk.ma\/fr\/produit\/sony-pxw-fx9-camera-for-rental\/","og_site_name":"CineSouk","article_modified_time":"2026-02-23T11:42:20+00:00","og_image":[{"width":300,"height":238,"url":"https:\/\/www.cinesouk.ma\/wp-content\/uploads\/2024\/08\/sony-fx9.jpg","type":"image\/jpeg"}],"twitter_card":"summary_large_image","twitter_title":"Sony PXW-FX9","twitter_description":"Exceptional film production starts with Sony PXW-FX9. Rent now for high-quality cinematography tools at Cinesouk, Marrakech.","twitter_misc":{"Dur\u00e9e de lecture estim\u00e9e":"1 minute"},"schema":{"@context":"https:\/\/schema.org","@graph":[{"@type":"WebPage","@id":"https:\/\/www.cinesouk.ma\/product\/sony-pxw-fx9-camera-for-rental\/","url":"https:\/\/www.cinesouk.ma\/product\/sony-pxw-fx9-camera-for-rental\/","name":"Sony PXW-FX9 Camera camera - Marrakech | Morocco - CineSouk - For rent","isPartOf":{"@id":"https:\/\/www.cinesouk.ma\/#website"},"primaryImageOfPage":{"@id":"https:\/\/www.cinesouk.ma\/product\/sony-pxw-fx9-camera-for-rental\/#primaryimage"},"image":{"@id":"https:\/\/www.cinesouk.ma\/product\/sony-pxw-fx9-camera-for-rental\/#primaryimage"},"thumbnailUrl":"https:\/\/www.cinesouk.ma\/wp-content\/uploads\/2024\/08\/sony-fx9.jpg","datePublished":"2024-08-01T10:30:28+00:00","dateModified":"2026-02-23T11:42:20+00:00","description":"Exceptional film production starts with Sony PXW-FX9. Rent now for high-quality cinematography tools at Cinesouk, Marrakech.","breadcrumb":{"@id":"https:\/\/www.cinesouk.ma\/product\/sony-pxw-fx9-camera-for-rental\/#breadcrumb"},"inLanguage":"fr-FR","potentialAction":[{"@type":"ReadAction","target":["https:\/\/www.cinesouk.ma\/product\/sony-pxw-fx9-camera-for-rental\/"]}]},{"@type":"ImageObject","inLanguage":"fr-FR","@id":"https:\/\/www.cinesouk.ma\/product\/sony-pxw-fx9-camera-for-rental\/#primaryimage","url":"https:\/\/www.cinesouk.ma\/wp-content\/uploads\/2024\/08\/sony-fx9.jpg","contentUrl":"https:\/\/www.cinesouk.ma\/wp-content\/uploads\/2024\/08\/sony-fx9.jpg","width":300,"height":238,"caption":"sony fx9"},{"@type":"BreadcrumbList","@id":"https:\/\/www.cinesouk.ma\/product\/sony-pxw-fx9-camera-for-rental\/#breadcrumb","itemListElement":[{"@type":"ListItem","position":1,"name":"Home","item":"https:\/\/www.cinesouk.ma\/"},{"@type":"ListItem","position":2,"name":"Shop","item":"https:\/\/www.cinesouk.ma\/shop\/"},{"@type":"ListItem","position":3,"name":"Sony PXW-FX9 Camera"}]},{"@type":"WebSite","@id":"https:\/\/www.cinesouk.ma\/#website","url":"https:\/\/www.cinesouk.ma\/","name":"CineSouk","description":"","publisher":{"@id":"https:\/\/www.cinesouk.ma\/#organization"},"potentialAction":[{"@type":"SearchAction","target":{"@type":"EntryPoint","urlTemplate":"https:\/\/www.cinesouk.ma\/?s={search_term_string}"},"query-input":{"@type":"PropertyValueSpecification","valueRequired":true,"valueName":"search_term_string"}}],"inLanguage":"fr-FR"},{"@type":"Organization","@id":"https:\/\/www.cinesouk.ma\/#organization","name":"CineSouk","url":"https:\/\/www.cinesouk.ma\/","logo":{"@type":"ImageObject","inLanguage":"fr-FR","@id":"https:\/\/www.cinesouk.ma\/#\/schema\/logo\/image\/","url":"https:\/\/www.cinesouk.ma\/wp-content\/uploads\/2024\/01\/CineSouk-logo-v01-alpha-alligned-left.png","contentUrl":"https:\/\/www.cinesouk.ma\/wp-content\/uploads\/2024\/01\/CineSouk-logo-v01-alpha-alligned-left.png","width":3204,"height":889,"caption":"CineSouk"},"image":{"@id":"https:\/\/www.cinesouk.ma\/#\/schema\/logo\/image\/"}}]}},"_links":{"self":[{"href":"https:\/\/www.cinesouk.ma\/fr\/wp-json\/wp\/v2\/product\/774","targetHints":{"allow":["GET"]}}],"collection":[{"href":"https:\/\/www.cinesouk.ma\/fr\/wp-json\/wp\/v2\/product"}],"about":[{"href":"https:\/\/www.cinesouk.ma\/fr\/wp-json\/wp\/v2\/types\/product"}],"wp:featuredmedia":[{"embeddable":true,"href":"https:\/\/www.cinesouk.ma\/fr\/wp-json\/wp\/v2\/media\/10618"}],"wp:attachment":[{"href":"https:\/\/www.cinesouk.ma\/fr\/wp-json\/wp\/v2\/media?parent=774"}],"wp:term":[{"taxonomy":"product_brand","embeddable":true,"href":"https:\/\/www.cinesouk.ma\/fr\/wp-json\/wp\/v2\/product_brand?post=774"},{"taxonomy":"product_cat","embeddable":true,"href":"https:\/\/www.cinesouk.ma\/fr\/wp-json\/wp\/v2\/product_cat?post=774"},{"taxonomy":"product_tag","embeddable":true,"href":"https:\/\/www.cinesouk.ma\/fr\/wp-json\/wp\/v2\/product_tag?post=774"}],"curies":[{"name":"wp","href":"https:\/\/api.w.org\/{rel}","templated":true}]}}