{"id":7798,"date":"2024-08-28T14:11:40","date_gmt":"2024-08-28T14:11:40","guid":{"rendered":"https:\/\/www.cinesouk.ma\/?post_type=product&#038;p=7798"},"modified":"2025-08-22T13:41:40","modified_gmt":"2025-08-22T13:41:40","slug":"benro-hd3a-arca-swiss-3-tripod-head","status":"publish","type":"product","link":"https:\/\/www.cinesouk.ma\/fr\/produit\/benro-hd3a-arca-swiss-3-tripod-head\/","title":{"rendered":"T\u00eate \u00e0 3 tr\u00e9pieds Benro HD3A Arca-Swiss"},"content":{"rendered":"<p>La t\u00eate de tr\u00e9pied Benro HD3A Arca-Swiss 3 est une t\u00eate de tr\u00e9pied polyvalente \u00e0 trois voies pour les photographes qui exigent de la pr\u00e9cision dans leur travail. Cette t\u00eate de tr\u00e9pied est id\u00e9ale pour la photographie en studio, la photographie de paysage et d'architecture.<\/p>\n<p>En outre, la HD3A est dot\u00e9e de trois poign\u00e9es de commande ind\u00e9pendantes. La conception ergonomique de la t\u00eate vous permet d'effectuer vos r\u00e9glages avec un minimum d'effort. Le m\u00e9canisme \u00e0 trois voies permet de contr\u00f4ler s\u00e9par\u00e9ment chaque axe.<\/p>\n<p>L'une des principales caract\u00e9ristiques du HD3A est sa compatibilit\u00e9 avec les plaques de fixation rapide Arca-Swiss. La plaque de fixation rapide garantit \u00e9galement que votre appareil photo est mont\u00e9 en toute s\u00e9curit\u00e9, r\u00e9duisant ainsi le risque de glissement ou de mouvement accidentel pendant la prise de vue.<\/p>\n<p>Le HD3A est fabriqu\u00e9 avec des mat\u00e9riaux de haute qualit\u00e9, ce qui garantit sa durabilit\u00e9 et ses performances \u00e0 long terme. Sa construction robuste peut supporter une charge allant jusqu'\u00e0 8 kg, ce qui la rend adapt\u00e9e \u00e0 un large \u00e9ventail de combinaisons d'appareils photo et d'objectifs. Malgr\u00e9 sa construction robuste, la t\u00eate reste relativement l\u00e9g\u00e8re, ce qui la rend facile \u00e0 transporter et \u00e0 utiliser sur le terrain.<\/p>\n<p>Qu'il s'agisse d'ajuster la position de votre appareil photo pour une prise de vue de paysage ou d'\u00e9tablir une composition pr\u00e9cise en studio, la t\u00eate de tr\u00e9pied Benro HD3A Arca-Swiss 3 offre le contr\u00f4le et la fiabilit\u00e9 dont vous avez besoin pour capturer l'image parfaite.<\/p>\n<p>Louez-le maintenant sur <a href=\"https:\/\/www.cinesouk.ma\/fr\">CINESOUK<\/a> - une marque de <a href=\"https:\/\/www.broadway.ma\/\">BROADWAY PRODUCTIONS SARL.<\/a><\/p>","protected":false},"excerpt":{"rendered":"<p>Sp\u00e9cifications :<\/p>\n<p>Mat\u00e9riau : Alliage de magn\u00e9sium<br \/>\nPort\u00e9e panoramique : 360\u00b0<br \/>\nPlage d'inclinaison : +90\u00b0 \u00e0 -30\u00b0 (avant\/arri\u00e8re), +90\u00b0 \u00e0 -30\u00b0 (c\u00f4t\u00e9)<br \/>\nPlaque de fixation rapide : compatible Arca-Swiss<br \/>\nCapacit\u00e9 de charge : 6 kg<br \/>\nPoids : 0,87 kg<br \/>\nDimensions : 130 x 120 x 100 mm : 130 x 120 x 100 mm<\/p>","protected":false},"featured_media":7824,"template":"","meta":{"om_disable_all_campaigns":false,"_monsterinsights_skip_tracking":false,"_monsterinsights_sitenote_active":false,"_monsterinsights_sitenote_note":"","_monsterinsights_sitenote_category":0,"_uf_show_specific_survey":0,"_uf_disable_surveys":false},"product_brand":[],"product_cat":[135,37,79],"product_tag":[],"class_list":{"0":"post-7798","1":"product","2":"type-product","3":"status-publish","4":"has-post-thumbnail","6":"product_cat-photography-eventsouk","7":"product_cat-accessories-cinesouk","8":"product_cat-photography-cinesouk","10":"entry","11":"has-media","13":"first","14":"instock","15":"taxable","16":"shipping-taxable","17":"purchasable","18":"product-type-variable","19":"has-product-nav","20":"col","21":"span_1_of_3","22":"owp-content-center","23":"owp-thumbs-layout-horizontal","24":"owp-btn-normal","25":"owp-tabs-layout-horizontal","26":"has-no-thumbnails"},"yoast_head":"<!-- This site is optimized with the Yoast SEO Premium plugin v26.0 (Yoast SEO v26.0) - https:\/\/yoast.com\/wordpress\/plugins\/seo\/ -->\n<title>Benro HD3A Arca-Swiss 3-tripod head - CineSouk - For rent<\/title>\n<meta name=\"description\" content=\"Benro HD3A Arca-Swiss 3-tripod head offers control on all axes with Arca-Swiss compatibility for secure camera mounting.- Benro HD3A Arca-Swiss 3-tripod head\" \/>\n<meta name=\"robots\" content=\"index, follow, max-snippet:-1, max-image-preview:large, max-video-preview:-1\" \/>\n<link rel=\"canonical\" href=\"https:\/\/www.cinesouk.ma\/fr\/produit\/benro-hd3a-arca-swiss-3-tripod-head\/\" \/>\n<meta property=\"og:locale\" content=\"fr_FR\" \/>\n<meta property=\"og:type\" content=\"article\" \/>\n<meta property=\"og:title\" content=\"JVC DT-V17L2D\" \/>\n<meta property=\"og:description\" content=\"The JVC DT-V17L2D features a high-resolution LCD panel with advanced signal processing optimized HDTV display.\" \/>\n<meta property=\"og:url\" content=\"https:\/\/www.cinesouk.ma\/fr\/produit\/benro-hd3a-arca-swiss-3-tripod-head\/\" \/>\n<meta property=\"og:site_name\" content=\"CineSouk\" \/>\n<meta property=\"article:modified_time\" content=\"2025-08-22T13:41:40+00:00\" \/>\n<meta name=\"twitter:card\" content=\"summary_large_image\" \/>\n<meta name=\"twitter:title\" content=\"JVC DT-V17L2D\" \/>\n<meta name=\"twitter:description\" content=\"The JVC DT-V17L2D features a high-resolution LCD panel with advanced signal processing optimized HDTV display.\" \/>\n<meta name=\"twitter:image\" content=\"https:\/\/www.cinesouk.ma\/wp-content\/uploads\/2024\/08\/a.jpg\" \/>\n<meta name=\"twitter:label1\" content=\"Dur\u00e9e de lecture estim\u00e9e\" \/>\n\t<meta name=\"twitter:data1\" content=\"2 minutes\" \/>\n<script type=\"application\/ld+json\" class=\"yoast-schema-graph\">{\"@context\":\"https:\/\/schema.org\",\"@graph\":[{\"@type\":\"WebPage\",\"@id\":\"https:\/\/www.cinesouk.ma\/product\/benro-hd3a-arca-swiss-3-tripod-head\/\",\"url\":\"https:\/\/www.cinesouk.ma\/product\/benro-hd3a-arca-swiss-3-tripod-head\/\",\"name\":\"Benro HD3A Arca-Swiss 3-tripod head - CineSouk - For rent\",\"isPartOf\":{\"@id\":\"https:\/\/www.cinesouk.ma\/#website\"},\"primaryImageOfPage\":{\"@id\":\"https:\/\/www.cinesouk.ma\/product\/benro-hd3a-arca-swiss-3-tripod-head\/#primaryimage\"},\"image\":{\"@id\":\"https:\/\/www.cinesouk.ma\/product\/benro-hd3a-arca-swiss-3-tripod-head\/#primaryimage\"},\"thumbnailUrl\":\"https:\/\/www.cinesouk.ma\/wp-content\/uploads\/2024\/08\/a.jpg\",\"datePublished\":\"2024-08-28T14:11:40+00:00\",\"dateModified\":\"2025-08-22T13:41:40+00:00\",\"description\":\"Benro HD3A Arca-Swiss 3-tripod head offers control on all axes with Arca-Swiss compatibility for secure camera mounting.- Benro HD3A Arca-Swiss 3-tripod head\",\"breadcrumb\":{\"@id\":\"https:\/\/www.cinesouk.ma\/product\/benro-hd3a-arca-swiss-3-tripod-head\/#breadcrumb\"},\"inLanguage\":\"fr-FR\",\"potentialAction\":[{\"@type\":\"ReadAction\",\"target\":[\"https:\/\/www.cinesouk.ma\/product\/benro-hd3a-arca-swiss-3-tripod-head\/\"]}]},{\"@type\":\"ImageObject\",\"inLanguage\":\"fr-FR\",\"@id\":\"https:\/\/www.cinesouk.ma\/product\/benro-hd3a-arca-swiss-3-tripod-head\/#primaryimage\",\"url\":\"https:\/\/www.cinesouk.ma\/wp-content\/uploads\/2024\/08\/a.jpg\",\"contentUrl\":\"https:\/\/www.cinesouk.ma\/wp-content\/uploads\/2024\/08\/a.jpg\",\"width\":300,\"height\":238},{\"@type\":\"BreadcrumbList\",\"@id\":\"https:\/\/www.cinesouk.ma\/product\/benro-hd3a-arca-swiss-3-tripod-head\/#breadcrumb\",\"itemListElement\":[{\"@type\":\"ListItem\",\"position\":1,\"name\":\"Home\",\"item\":\"https:\/\/www.cinesouk.ma\/\"},{\"@type\":\"ListItem\",\"position\":2,\"name\":\"Shop\",\"item\":\"https:\/\/www.cinesouk.ma\/shop\/\"},{\"@type\":\"ListItem\",\"position\":3,\"name\":\"Benro HD3A Arca-Swiss 3-tripod head\"}]},{\"@type\":\"WebSite\",\"@id\":\"https:\/\/www.cinesouk.ma\/#website\",\"url\":\"https:\/\/www.cinesouk.ma\/\",\"name\":\"CineSouk\",\"description\":\"\",\"publisher\":{\"@id\":\"https:\/\/www.cinesouk.ma\/#organization\"},\"potentialAction\":[{\"@type\":\"SearchAction\",\"target\":{\"@type\":\"EntryPoint\",\"urlTemplate\":\"https:\/\/www.cinesouk.ma\/?s={search_term_string}\"},\"query-input\":{\"@type\":\"PropertyValueSpecification\",\"valueRequired\":true,\"valueName\":\"search_term_string\"}}],\"inLanguage\":\"fr-FR\"},{\"@type\":\"Organization\",\"@id\":\"https:\/\/www.cinesouk.ma\/#organization\",\"name\":\"CineSouk\",\"url\":\"https:\/\/www.cinesouk.ma\/\",\"logo\":{\"@type\":\"ImageObject\",\"inLanguage\":\"fr-FR\",\"@id\":\"https:\/\/www.cinesouk.ma\/#\/schema\/logo\/image\/\",\"url\":\"https:\/\/www.cinesouk.ma\/wp-content\/uploads\/2024\/01\/CineSouk-logo-v01-alpha-alligned-left.png\",\"contentUrl\":\"https:\/\/www.cinesouk.ma\/wp-content\/uploads\/2024\/01\/CineSouk-logo-v01-alpha-alligned-left.png\",\"width\":3204,\"height\":889,\"caption\":\"CineSouk\"},\"image\":{\"@id\":\"https:\/\/www.cinesouk.ma\/#\/schema\/logo\/image\/\"}}]}<\/script>\n<!-- \/ Yoast SEO Premium plugin. -->","yoast_head_json":{"title":"Benro HD3A Arca-Swiss 3-tripod head - CineSouk - For rent","description":"Benro HD3A Arca-Swiss 3-tripod head offers control on all axes with Arca-Swiss compatibility for secure camera mounting.- Benro HD3A Arca-Swiss 3-tripod head","robots":{"index":"index","follow":"follow","max-snippet":"max-snippet:-1","max-image-preview":"max-image-preview:large","max-video-preview":"max-video-preview:-1"},"canonical":"https:\/\/www.cinesouk.ma\/fr\/produit\/benro-hd3a-arca-swiss-3-tripod-head\/","og_locale":"fr_FR","og_type":"article","og_title":"JVC DT-V17L2D","og_description":"The JVC DT-V17L2D features a high-resolution LCD panel with advanced signal processing optimized HDTV display.","og_url":"https:\/\/www.cinesouk.ma\/fr\/produit\/benro-hd3a-arca-swiss-3-tripod-head\/","og_site_name":"CineSouk","article_modified_time":"2025-08-22T13:41:40+00:00","twitter_card":"summary_large_image","twitter_title":"JVC DT-V17L2D","twitter_description":"The JVC DT-V17L2D features a high-resolution LCD panel with advanced signal processing optimized HDTV display.","twitter_image":"https:\/\/www.cinesouk.ma\/wp-content\/uploads\/2024\/08\/a.jpg","twitter_misc":{"Dur\u00e9e de lecture estim\u00e9e":"2 minutes"},"schema":{"@context":"https:\/\/schema.org","@graph":[{"@type":"WebPage","@id":"https:\/\/www.cinesouk.ma\/product\/benro-hd3a-arca-swiss-3-tripod-head\/","url":"https:\/\/www.cinesouk.ma\/product\/benro-hd3a-arca-swiss-3-tripod-head\/","name":"Benro HD3A Arca-Swiss 3-tripod head - CineSouk - For rent","isPartOf":{"@id":"https:\/\/www.cinesouk.ma\/#website"},"primaryImageOfPage":{"@id":"https:\/\/www.cinesouk.ma\/product\/benro-hd3a-arca-swiss-3-tripod-head\/#primaryimage"},"image":{"@id":"https:\/\/www.cinesouk.ma\/product\/benro-hd3a-arca-swiss-3-tripod-head\/#primaryimage"},"thumbnailUrl":"https:\/\/www.cinesouk.ma\/wp-content\/uploads\/2024\/08\/a.jpg","datePublished":"2024-08-28T14:11:40+00:00","dateModified":"2025-08-22T13:41:40+00:00","description":"Benro HD3A Arca-Swiss 3-tripod head offers control on all axes with Arca-Swiss compatibility for secure camera mounting.- Benro HD3A Arca-Swiss 3-tripod head","breadcrumb":{"@id":"https:\/\/www.cinesouk.ma\/product\/benro-hd3a-arca-swiss-3-tripod-head\/#breadcrumb"},"inLanguage":"fr-FR","potentialAction":[{"@type":"ReadAction","target":["https:\/\/www.cinesouk.ma\/product\/benro-hd3a-arca-swiss-3-tripod-head\/"]}]},{"@type":"ImageObject","inLanguage":"fr-FR","@id":"https:\/\/www.cinesouk.ma\/product\/benro-hd3a-arca-swiss-3-tripod-head\/#primaryimage","url":"https:\/\/www.cinesouk.ma\/wp-content\/uploads\/2024\/08\/a.jpg","contentUrl":"https:\/\/www.cinesouk.ma\/wp-content\/uploads\/2024\/08\/a.jpg","width":300,"height":238},{"@type":"BreadcrumbList","@id":"https:\/\/www.cinesouk.ma\/product\/benro-hd3a-arca-swiss-3-tripod-head\/#breadcrumb","itemListElement":[{"@type":"ListItem","position":1,"name":"Home","item":"https:\/\/www.cinesouk.ma\/"},{"@type":"ListItem","position":2,"name":"Shop","item":"https:\/\/www.cinesouk.ma\/shop\/"},{"@type":"ListItem","position":3,"name":"Benro HD3A Arca-Swiss 3-tripod head"}]},{"@type":"WebSite","@id":"https:\/\/www.cinesouk.ma\/#website","url":"https:\/\/www.cinesouk.ma\/","name":"CineSouk","description":"","publisher":{"@id":"https:\/\/www.cinesouk.ma\/#organization"},"potentialAction":[{"@type":"SearchAction","target":{"@type":"EntryPoint","urlTemplate":"https:\/\/www.cinesouk.ma\/?s={search_term_string}"},"query-input":{"@type":"PropertyValueSpecification","valueRequired":true,"valueName":"search_term_string"}}],"inLanguage":"fr-FR"},{"@type":"Organization","@id":"https:\/\/www.cinesouk.ma\/#organization","name":"CineSouk","url":"https:\/\/www.cinesouk.ma\/","logo":{"@type":"ImageObject","inLanguage":"fr-FR","@id":"https:\/\/www.cinesouk.ma\/#\/schema\/logo\/image\/","url":"https:\/\/www.cinesouk.ma\/wp-content\/uploads\/2024\/01\/CineSouk-logo-v01-alpha-alligned-left.png","contentUrl":"https:\/\/www.cinesouk.ma\/wp-content\/uploads\/2024\/01\/CineSouk-logo-v01-alpha-alligned-left.png","width":3204,"height":889,"caption":"CineSouk"},"image":{"@id":"https:\/\/www.cinesouk.ma\/#\/schema\/logo\/image\/"}}]}},"_links":{"self":[{"href":"https:\/\/www.cinesouk.ma\/fr\/wp-json\/wp\/v2\/product\/7798","targetHints":{"allow":["GET"]}}],"collection":[{"href":"https:\/\/www.cinesouk.ma\/fr\/wp-json\/wp\/v2\/product"}],"about":[{"href":"https:\/\/www.cinesouk.ma\/fr\/wp-json\/wp\/v2\/types\/product"}],"wp:featuredmedia":[{"embeddable":true,"href":"https:\/\/www.cinesouk.ma\/fr\/wp-json\/wp\/v2\/media\/7824"}],"wp:attachment":[{"href":"https:\/\/www.cinesouk.ma\/fr\/wp-json\/wp\/v2\/media?parent=7798"}],"wp:term":[{"taxonomy":"product_brand","embeddable":true,"href":"https:\/\/www.cinesouk.ma\/fr\/wp-json\/wp\/v2\/product_brand?post=7798"},{"taxonomy":"product_cat","embeddable":true,"href":"https:\/\/www.cinesouk.ma\/fr\/wp-json\/wp\/v2\/product_cat?post=7798"},{"taxonomy":"product_tag","embeddable":true,"href":"https:\/\/www.cinesouk.ma\/fr\/wp-json\/wp\/v2\/product_tag?post=7798"}],"curies":[{"name":"wp","href":"https:\/\/api.w.org\/{rel}","templated":true}]}}