{"id":7799,"date":"2024-02-20T15:40:07","date_gmt":"2024-02-20T15:40:07","guid":{"rendered":"https:\/\/www.cinesouk.ma\/?post_type=product&#038;p=7799"},"modified":"2025-08-22T11:02:42","modified_gmt":"2025-08-22T11:02:42","slug":"benro-mach3-tma38cl-carbon-fiber-tripod-benro-hd2a-arca-swiss-3-tripod-head","status":"publish","type":"product","link":"https:\/\/www.cinesouk.ma\/fr\/produit\/benro-mach3-tma38cl-carbon-fiber-tripod-benro-hd2a-arca-swiss-3-tripod-head\/","title":{"rendered":"Benro Mach3 TMA38CL Tr\u00e9pied en fibre de carbone + Benro HD2A T\u00eate Arca-Swiss \u00e0 3 tr\u00e9pieds"},"content":{"rendered":"<div class=\"flex max-w-full flex-col flex-grow\">\n<div class=\"min-h-[20px] text-message flex w-full flex-col items-end gap-2 whitespace-normal break-words [.text-message+&amp;]:mt-5\" dir=\"auto\" data-message-author-role=\"assistant\" data-message-id=\"66b9e38a-502f-4cfc-a02b-2a13799ffbc9\">\n<div class=\"flex w-full flex-col gap-1 empty:hidden first:pt-[3px]\">\n<div class=\"markdown prose w-full break-words dark:prose-invert light\">\n<p>Le tr\u00e9pied en fibre de carbone Benro Mach3 TMA38CL, associ\u00e9 \u00e0 la rotule Arca-Swiss 3 directions Benro HD2A, offre une pr\u00e9cision, une stabilit\u00e9 et une facilit\u00e9 d'utilisation exceptionnelles aux photographes et vid\u00e9astes. Construit en fibre de carbone 9 couches de haute qualit\u00e9, le tr\u00e9pied TMA38CL reste l\u00e9ger mais robuste, ce qui le rend parfait pour les tournages en studio et en ext\u00e9rieur.<\/p>\n<p>Le tr\u00e9pied Benro TMA38CL comporte quatre sections de jambes avec des verrous tournants pour une installation rapide et des r\u00e9glages faciles. Il s'\u00e9tend jusqu'\u00e0 177 cm, offrant une hauteur suffisante pour diff\u00e9rents angles de prise de vue, et supporte jusqu'\u00e0 16 kg, ce qui permet de manipuler facilement des appareils photo et des objectifs lourds. Les pieds du tr\u00e9pied s'ajustent selon trois angles, ce qui garantit la stabilit\u00e9 sur les terrains accident\u00e9s et permet de r\u00e9aliser des prises de vue en contre-plong\u00e9e si n\u00e9cessaire.<\/p>\n<p>La rotule Benro HD2A Arca-Swiss 3-Way Head offre un contr\u00f4le pr\u00e9cis du panoramique, de l'inclinaison et de la rotation, permettant un positionnement facile et pr\u00e9cis de la cam\u00e9ra. Le syst\u00e8me de fixation rapide Arca-Swiss s\u00e9curise l'appareil photo et permet de passer rapidement d'une configuration \u00e0 l'autre, ce qui am\u00e9liore consid\u00e9rablement l'efficacit\u00e9 de la prise de vue. La rotule HD2A, l\u00e9g\u00e8rement plus compacte et plus l\u00e9g\u00e8re que la HD3A, offre un \u00e9quilibre parfait entre portabilit\u00e9 et contr\u00f4le.<\/p>\n<p>Ce tr\u00e9pied et cette rotule sont id\u00e9aux pour les photographes qui ont besoin d'un support fiable et polyvalent, capable de g\u00e9rer facilement une grande vari\u00e9t\u00e9 de sc\u00e9narios de prise de vue, que ce soit en studio ou sur le terrain.<\/p>\n<\/div>\n<\/div>\n<\/div>\n<\/div>\n<p>Louez-le maintenant sur <a href=\"https:\/\/www.cinesouk.ma\/fr\">CINESOUK<\/a> - une marque de <a href=\"https:\/\/www.broadway.ma\/\">BROADWAY PRODUCTIONS SARL.<\/a><\/p>","protected":false},"excerpt":{"rendered":"<p><strong>Sp\u00e9cifications :<\/strong><\/p>\n<p><strong>Tr\u00e9pied Benro Mach3 TMA38CL en fibre de carbone :<\/strong><\/p>\n<ul>\n<li>Mat\u00e9riau : Fibre de carbone 9 couches<\/li>\n<li>Hauteur maximale : 177 cm<\/li>\n<li>Hauteur minimale : 34 cm<\/li>\n<li>Longueur pli\u00e9e : 61 cm<\/li>\n<li>Capacit\u00e9 de charge : 16 kg<\/li>\n<li>Sections des jambes : 4<\/li>\n<li>Type de verrouillage des jambes : Verrouillage par rotation<\/li>\n<li>Poids : 1,8 kg<\/li>\n<\/ul>\n<p><strong>T\u00eate Benro HD2A Arca-Swiss \u00e0 3 voies :<\/strong><\/p>\n<ul>\n<li>Port\u00e9e panoramique : 360\u00b0<\/li>\n<li>Plage d'inclinaison : +90\u00b0 \u00e0 -30\u00b0 (avant\/arri\u00e8re), +90\u00b0 \u00e0 -25\u00b0 (c\u00f4t\u00e9)<\/li>\n<li>Plaque de fixation rapide : compatible Arca-Swiss<\/li>\n<li>Capacit\u00e9 de charge : 5 kg<\/li>\n<li>Poids : 0,62 kg<\/li>\n<\/ul>","protected":false},"featured_media":7818,"template":"","meta":{"om_disable_all_campaigns":false,"_monsterinsights_skip_tracking":false,"_monsterinsights_sitenote_active":false,"_monsterinsights_sitenote_note":"","_monsterinsights_sitenote_category":0,"_uf_show_specific_survey":0,"_uf_disable_surveys":false},"product_brand":[],"product_cat":[134,79,75],"product_tag":[],"class_list":{"0":"post-7799","1":"product","2":"type-product","3":"status-publish","4":"has-post-thumbnail","6":"product_cat-tripod-and-support-eventsouk","7":"product_cat-photography-cinesouk","8":"product_cat-tripod-and-support-cinesouk","10":"entry","11":"has-media","13":"first","14":"instock","15":"taxable","16":"shipping-taxable","17":"purchasable","18":"product-type-variable","19":"has-product-nav","20":"col","21":"span_1_of_3","22":"owp-content-center","23":"owp-thumbs-layout-horizontal","24":"owp-btn-normal","25":"owp-tabs-layout-horizontal","26":"has-no-thumbnails"},"yoast_head":"<!-- This site is optimized with the Yoast SEO Premium plugin v26.0 (Yoast SEO v26.0) - https:\/\/yoast.com\/wordpress\/plugins\/seo\/ -->\n<title>Benro TMA38CL + Benro HD2A - CineSouk - For rent<\/title>\n<meta name=\"description\" content=\"Benro Mach3 TMA38CL + Benro HD2A: Precision and stability meet in this carbon fiber tripod paired with a compact 3-way head.\" \/>\n<meta name=\"robots\" content=\"index, follow, max-snippet:-1, max-image-preview:large, max-video-preview:-1\" \/>\n<link rel=\"canonical\" href=\"https:\/\/www.cinesouk.ma\/fr\/produit\/benro-mach3-tma38cl-carbon-fiber-tripod-benro-hd2a-arca-swiss-3-tripod-head\/\" \/>\n<meta property=\"og:locale\" content=\"fr_FR\" \/>\n<meta property=\"og:type\" content=\"article\" \/>\n<meta property=\"og:title\" content=\"Benro Mach3 TMA38CL Carbon Fiber Tripod + Benro HD2A Arca-Swiss 3-tripod head\" \/>\n<meta property=\"og:description\" content=\"Benro Mach3 TMA38CL + Benro HD2A: Precision and stability meet in this carbon fiber tripod paired with a compact 3-way head.\" \/>\n<meta property=\"og:url\" content=\"https:\/\/www.cinesouk.ma\/fr\/produit\/benro-mach3-tma38cl-carbon-fiber-tripod-benro-hd2a-arca-swiss-3-tripod-head\/\" \/>\n<meta property=\"og:site_name\" content=\"CineSouk\" \/>\n<meta property=\"article:modified_time\" content=\"2025-08-22T11:02:42+00:00\" \/>\n<meta property=\"og:image\" content=\"https:\/\/www.cinesouk.ma\/wp-content\/uploads\/2024\/08\/1b.jpg\" \/>\n\t<meta property=\"og:image:width\" content=\"300\" \/>\n\t<meta property=\"og:image:height\" content=\"238\" \/>\n\t<meta property=\"og:image:type\" content=\"image\/jpeg\" \/>\n<meta name=\"twitter:card\" content=\"summary_large_image\" \/>\n<meta name=\"twitter:description\" content=\"Benro Mach3 TMA38CL + Benro HD2A: Precision and stability meet in this carbon fiber tripod paired with a compact 3-way head.\" \/>\n<meta name=\"twitter:label1\" content=\"Dur\u00e9e de lecture estim\u00e9e\" \/>\n\t<meta name=\"twitter:data1\" content=\"2 minutes\" \/>\n<script type=\"application\/ld+json\" class=\"yoast-schema-graph\">{\"@context\":\"https:\/\/schema.org\",\"@graph\":[{\"@type\":\"WebPage\",\"@id\":\"https:\/\/www.cinesouk.ma\/product\/benro-mach3-tma38cl-carbon-fiber-tripod-benro-hd2a-arca-swiss-3-tripod-head\/\",\"url\":\"https:\/\/www.cinesouk.ma\/product\/benro-mach3-tma38cl-carbon-fiber-tripod-benro-hd2a-arca-swiss-3-tripod-head\/\",\"name\":\"Benro TMA38CL + Benro HD2A - CineSouk - For rent\",\"isPartOf\":{\"@id\":\"https:\/\/www.cinesouk.ma\/#website\"},\"primaryImageOfPage\":{\"@id\":\"https:\/\/www.cinesouk.ma\/product\/benro-mach3-tma38cl-carbon-fiber-tripod-benro-hd2a-arca-swiss-3-tripod-head\/#primaryimage\"},\"image\":{\"@id\":\"https:\/\/www.cinesouk.ma\/product\/benro-mach3-tma38cl-carbon-fiber-tripod-benro-hd2a-arca-swiss-3-tripod-head\/#primaryimage\"},\"thumbnailUrl\":\"https:\/\/www.cinesouk.ma\/wp-content\/uploads\/2024\/08\/1b.jpg\",\"datePublished\":\"2024-02-20T15:40:07+00:00\",\"dateModified\":\"2025-08-22T11:02:42+00:00\",\"description\":\"Benro Mach3 TMA38CL + Benro HD2A: Precision and stability meet in this carbon fiber tripod paired with a compact 3-way head.\",\"breadcrumb\":{\"@id\":\"https:\/\/www.cinesouk.ma\/product\/benro-mach3-tma38cl-carbon-fiber-tripod-benro-hd2a-arca-swiss-3-tripod-head\/#breadcrumb\"},\"inLanguage\":\"fr-FR\",\"potentialAction\":[{\"@type\":\"ReadAction\",\"target\":[\"https:\/\/www.cinesouk.ma\/product\/benro-mach3-tma38cl-carbon-fiber-tripod-benro-hd2a-arca-swiss-3-tripod-head\/\"]}]},{\"@type\":\"ImageObject\",\"inLanguage\":\"fr-FR\",\"@id\":\"https:\/\/www.cinesouk.ma\/product\/benro-mach3-tma38cl-carbon-fiber-tripod-benro-hd2a-arca-swiss-3-tripod-head\/#primaryimage\",\"url\":\"https:\/\/www.cinesouk.ma\/wp-content\/uploads\/2024\/08\/1b.jpg\",\"contentUrl\":\"https:\/\/www.cinesouk.ma\/wp-content\/uploads\/2024\/08\/1b.jpg\",\"width\":300,\"height\":238,\"caption\":\"Benro Mach3 TMA38CL Carbon Fiber Tripod + Benro HD2A Arca-Swiss 3-tripod head\"},{\"@type\":\"BreadcrumbList\",\"@id\":\"https:\/\/www.cinesouk.ma\/product\/benro-mach3-tma38cl-carbon-fiber-tripod-benro-hd2a-arca-swiss-3-tripod-head\/#breadcrumb\",\"itemListElement\":[{\"@type\":\"ListItem\",\"position\":1,\"name\":\"Home\",\"item\":\"https:\/\/www.cinesouk.ma\/\"},{\"@type\":\"ListItem\",\"position\":2,\"name\":\"Shop\",\"item\":\"https:\/\/www.cinesouk.ma\/shop\/\"},{\"@type\":\"ListItem\",\"position\":3,\"name\":\"Benro Mach3 TMA38CL Carbon Fiber Tripod + Benro HD2A Arca-Swiss 3-tripod head\"}]},{\"@type\":\"WebSite\",\"@id\":\"https:\/\/www.cinesouk.ma\/#website\",\"url\":\"https:\/\/www.cinesouk.ma\/\",\"name\":\"CineSouk\",\"description\":\"\",\"publisher\":{\"@id\":\"https:\/\/www.cinesouk.ma\/#organization\"},\"potentialAction\":[{\"@type\":\"SearchAction\",\"target\":{\"@type\":\"EntryPoint\",\"urlTemplate\":\"https:\/\/www.cinesouk.ma\/?s={search_term_string}\"},\"query-input\":{\"@type\":\"PropertyValueSpecification\",\"valueRequired\":true,\"valueName\":\"search_term_string\"}}],\"inLanguage\":\"fr-FR\"},{\"@type\":\"Organization\",\"@id\":\"https:\/\/www.cinesouk.ma\/#organization\",\"name\":\"CineSouk\",\"url\":\"https:\/\/www.cinesouk.ma\/\",\"logo\":{\"@type\":\"ImageObject\",\"inLanguage\":\"fr-FR\",\"@id\":\"https:\/\/www.cinesouk.ma\/#\/schema\/logo\/image\/\",\"url\":\"https:\/\/www.cinesouk.ma\/wp-content\/uploads\/2024\/01\/CineSouk-logo-v01-alpha-alligned-left.png\",\"contentUrl\":\"https:\/\/www.cinesouk.ma\/wp-content\/uploads\/2024\/01\/CineSouk-logo-v01-alpha-alligned-left.png\",\"width\":3204,\"height\":889,\"caption\":\"CineSouk\"},\"image\":{\"@id\":\"https:\/\/www.cinesouk.ma\/#\/schema\/logo\/image\/\"}}]}<\/script>\n<!-- \/ Yoast SEO Premium plugin. -->","yoast_head_json":{"title":"Benro TMA38CL + Benro HD2A - CineSouk - For rent","description":"Benro Mach3 TMA38CL + Benro HD2A: Precision and stability meet in this carbon fiber tripod paired with a compact 3-way head.","robots":{"index":"index","follow":"follow","max-snippet":"max-snippet:-1","max-image-preview":"max-image-preview:large","max-video-preview":"max-video-preview:-1"},"canonical":"https:\/\/www.cinesouk.ma\/fr\/produit\/benro-mach3-tma38cl-carbon-fiber-tripod-benro-hd2a-arca-swiss-3-tripod-head\/","og_locale":"fr_FR","og_type":"article","og_title":"Benro Mach3 TMA38CL Carbon Fiber Tripod + Benro HD2A Arca-Swiss 3-tripod head","og_description":"Benro Mach3 TMA38CL + Benro HD2A: Precision and stability meet in this carbon fiber tripod paired with a compact 3-way head.","og_url":"https:\/\/www.cinesouk.ma\/fr\/produit\/benro-mach3-tma38cl-carbon-fiber-tripod-benro-hd2a-arca-swiss-3-tripod-head\/","og_site_name":"CineSouk","article_modified_time":"2025-08-22T11:02:42+00:00","og_image":[{"width":300,"height":238,"url":"https:\/\/www.cinesouk.ma\/wp-content\/uploads\/2024\/08\/1b.jpg","type":"image\/jpeg"}],"twitter_card":"summary_large_image","twitter_description":"Benro Mach3 TMA38CL + Benro HD2A: Precision and stability meet in this carbon fiber tripod paired with a compact 3-way head.","twitter_misc":{"Dur\u00e9e de lecture estim\u00e9e":"2 minutes"},"schema":{"@context":"https:\/\/schema.org","@graph":[{"@type":"WebPage","@id":"https:\/\/www.cinesouk.ma\/product\/benro-mach3-tma38cl-carbon-fiber-tripod-benro-hd2a-arca-swiss-3-tripod-head\/","url":"https:\/\/www.cinesouk.ma\/product\/benro-mach3-tma38cl-carbon-fiber-tripod-benro-hd2a-arca-swiss-3-tripod-head\/","name":"Benro TMA38CL + Benro HD2A - CineSouk - For rent","isPartOf":{"@id":"https:\/\/www.cinesouk.ma\/#website"},"primaryImageOfPage":{"@id":"https:\/\/www.cinesouk.ma\/product\/benro-mach3-tma38cl-carbon-fiber-tripod-benro-hd2a-arca-swiss-3-tripod-head\/#primaryimage"},"image":{"@id":"https:\/\/www.cinesouk.ma\/product\/benro-mach3-tma38cl-carbon-fiber-tripod-benro-hd2a-arca-swiss-3-tripod-head\/#primaryimage"},"thumbnailUrl":"https:\/\/www.cinesouk.ma\/wp-content\/uploads\/2024\/08\/1b.jpg","datePublished":"2024-02-20T15:40:07+00:00","dateModified":"2025-08-22T11:02:42+00:00","description":"Benro Mach3 TMA38CL + Benro HD2A: Precision and stability meet in this carbon fiber tripod paired with a compact 3-way head.","breadcrumb":{"@id":"https:\/\/www.cinesouk.ma\/product\/benro-mach3-tma38cl-carbon-fiber-tripod-benro-hd2a-arca-swiss-3-tripod-head\/#breadcrumb"},"inLanguage":"fr-FR","potentialAction":[{"@type":"ReadAction","target":["https:\/\/www.cinesouk.ma\/product\/benro-mach3-tma38cl-carbon-fiber-tripod-benro-hd2a-arca-swiss-3-tripod-head\/"]}]},{"@type":"ImageObject","inLanguage":"fr-FR","@id":"https:\/\/www.cinesouk.ma\/product\/benro-mach3-tma38cl-carbon-fiber-tripod-benro-hd2a-arca-swiss-3-tripod-head\/#primaryimage","url":"https:\/\/www.cinesouk.ma\/wp-content\/uploads\/2024\/08\/1b.jpg","contentUrl":"https:\/\/www.cinesouk.ma\/wp-content\/uploads\/2024\/08\/1b.jpg","width":300,"height":238,"caption":"Benro Mach3 TMA38CL Carbon Fiber Tripod + Benro HD2A Arca-Swiss 3-tripod head"},{"@type":"BreadcrumbList","@id":"https:\/\/www.cinesouk.ma\/product\/benro-mach3-tma38cl-carbon-fiber-tripod-benro-hd2a-arca-swiss-3-tripod-head\/#breadcrumb","itemListElement":[{"@type":"ListItem","position":1,"name":"Home","item":"https:\/\/www.cinesouk.ma\/"},{"@type":"ListItem","position":2,"name":"Shop","item":"https:\/\/www.cinesouk.ma\/shop\/"},{"@type":"ListItem","position":3,"name":"Benro Mach3 TMA38CL Carbon Fiber Tripod + Benro HD2A Arca-Swiss 3-tripod head"}]},{"@type":"WebSite","@id":"https:\/\/www.cinesouk.ma\/#website","url":"https:\/\/www.cinesouk.ma\/","name":"CineSouk","description":"","publisher":{"@id":"https:\/\/www.cinesouk.ma\/#organization"},"potentialAction":[{"@type":"SearchAction","target":{"@type":"EntryPoint","urlTemplate":"https:\/\/www.cinesouk.ma\/?s={search_term_string}"},"query-input":{"@type":"PropertyValueSpecification","valueRequired":true,"valueName":"search_term_string"}}],"inLanguage":"fr-FR"},{"@type":"Organization","@id":"https:\/\/www.cinesouk.ma\/#organization","name":"CineSouk","url":"https:\/\/www.cinesouk.ma\/","logo":{"@type":"ImageObject","inLanguage":"fr-FR","@id":"https:\/\/www.cinesouk.ma\/#\/schema\/logo\/image\/","url":"https:\/\/www.cinesouk.ma\/wp-content\/uploads\/2024\/01\/CineSouk-logo-v01-alpha-alligned-left.png","contentUrl":"https:\/\/www.cinesouk.ma\/wp-content\/uploads\/2024\/01\/CineSouk-logo-v01-alpha-alligned-left.png","width":3204,"height":889,"caption":"CineSouk"},"image":{"@id":"https:\/\/www.cinesouk.ma\/#\/schema\/logo\/image\/"}}]}},"_links":{"self":[{"href":"https:\/\/www.cinesouk.ma\/fr\/wp-json\/wp\/v2\/product\/7799","targetHints":{"allow":["GET"]}}],"collection":[{"href":"https:\/\/www.cinesouk.ma\/fr\/wp-json\/wp\/v2\/product"}],"about":[{"href":"https:\/\/www.cinesouk.ma\/fr\/wp-json\/wp\/v2\/types\/product"}],"wp:featuredmedia":[{"embeddable":true,"href":"https:\/\/www.cinesouk.ma\/fr\/wp-json\/wp\/v2\/media\/7818"}],"wp:attachment":[{"href":"https:\/\/www.cinesouk.ma\/fr\/wp-json\/wp\/v2\/media?parent=7799"}],"wp:term":[{"taxonomy":"product_brand","embeddable":true,"href":"https:\/\/www.cinesouk.ma\/fr\/wp-json\/wp\/v2\/product_brand?post=7799"},{"taxonomy":"product_cat","embeddable":true,"href":"https:\/\/www.cinesouk.ma\/fr\/wp-json\/wp\/v2\/product_cat?post=7799"},{"taxonomy":"product_tag","embeddable":true,"href":"https:\/\/www.cinesouk.ma\/fr\/wp-json\/wp\/v2\/product_tag?post=7799"}],"curies":[{"name":"wp","href":"https:\/\/api.w.org\/{rel}","templated":true}]}}