{"id":7806,"date":"2024-02-20T15:45:10","date_gmt":"2024-02-20T15:45:10","guid":{"rendered":"https:\/\/www.cinesouk.ma\/?post_type=product&#038;p=7806"},"modified":"2025-08-22T11:02:41","modified_gmt":"2025-08-22T11:02:41","slug":"benro-mach3-tma38cl-carbon-fiber-tripod-benro-hd3a-arca-swiss-3-tripod-head","status":"publish","type":"product","link":"https:\/\/www.cinesouk.ma\/fr\/produit\/benro-mach3-tma38cl-carbon-fiber-tripod-benro-hd3a-arca-swiss-3-tripod-head\/","title":{"rendered":"Benro Mach3 TMA38CL Tr\u00e9pied en fibre de carbone + Benro HD3A T\u00eate Arca-Swiss \u00e0 3 tr\u00e9pieds"},"content":{"rendered":"<p>Le <strong>Benro Mach3 TMA38CL Tr\u00e9pied<\/strong> et <strong>T\u00eate 3 voies HD3A<\/strong> offrent un syst\u00e8me de soutien polyvalent et robuste pour les photographes et les vid\u00e9astes. Les <strong>Tr\u00e9pied en fibre de carbone 9 couches<\/strong> assure la stabilit\u00e9 et la solidit\u00e9 tout en restant l\u00e9ger et portable pour faciliter le transport.<\/p>\n<p>Le <strong>Tr\u00e9pied TMA38CL<\/strong> s'\u00e9tend jusqu'\u00e0 <strong>177 cm<\/strong> et soutient <strong>16 kg<\/strong>Il convient donc \u00e0 diverses configurations d'appareils photo. Les pieds \u00e0 verrouillage rotatif permettent une installation rapide, avec des angles r\u00e9glables pour les prises de vue en contre-plong\u00e9e ou les terrains accident\u00e9s.<\/p>\n<p>Le <strong>T\u00eate Benro HD3A \u00e0 3 voies<\/strong> offre un contr\u00f4le pr\u00e9cis, avec des boutons ind\u00e9pendants pour les r\u00e9glages de panoramique, d'inclinaison et de rotation. Cela garantit un positionnement fluide et pr\u00e9cis de la cam\u00e9ra pour des prises de vue parfaites. L'appareil <strong>Compatibilit\u00e9 Arca-Swiss<\/strong> s\u00e9curise votre appareil photo, permettant un montage et un d\u00e9montage rapides pendant les prises de vue.<\/p>\n<p>Ce tr\u00e9pied et cette rotule r\u00e9pondent aux besoins des photographes qui recherchent un support durable et polyvalent. Que ce soit en studio ou en ext\u00e9rieur, le <strong>Benro TMA38CL et HD3A<\/strong> garantissent un fonctionnement pr\u00e9cis et stable de l'appareil photo pour la capture d'images de haute qualit\u00e9.<\/p>\n<p>Louez-le maintenant sur <a href=\"https:\/\/www.cinesouk.ma\/fr\">CINESOUK<\/a> - une marque de <a href=\"https:\/\/www.broadway.ma\/\">BROADWAY PRODUCTIONS SARL.<\/a><\/p>","protected":false},"excerpt":{"rendered":"<p><strong>Sp\u00e9cifications :<\/strong><\/p>\n<p><strong>Tr\u00e9pied Benro Mach3 TMA38CL en fibre de carbone :<\/strong><\/p>\n<ul>\n<li>Mat\u00e9riau : Fibre de carbone 9 couches<\/li>\n<li>Hauteur maximale : 177 cm<\/li>\n<li>Hauteur minimale : 34 cm<\/li>\n<li>Longueur pli\u00e9e : 61 cm<\/li>\n<li>Capacit\u00e9 de charge : 16 kg<\/li>\n<li>Sections des jambes : 4<\/li>\n<li>Type de verrouillage des jambes : Verrouillage par rotation<\/li>\n<li>Poids : 1,8 kg<\/li>\n<\/ul>\n<p><strong>T\u00eate Benro HD3A Arca-Swiss \u00e0 3 voies :<\/strong><\/p>\n<ul>\n<li>Port\u00e9e panoramique : 360\u00b0<\/li>\n<li>Plage d'inclinaison : +90\u00b0 \u00e0 -30\u00b0 (avant\/arri\u00e8re), +90\u00b0 \u00e0 -25\u00b0 (c\u00f4t\u00e9)<\/li>\n<li>Plaque de fixation rapide : compatible Arca-Swiss<\/li>\n<li>Capacit\u00e9 de charge : 8 kg<\/li>\n<li>Poids : 0,75 kg<\/li>\n<\/ul>","protected":false},"featured_media":7817,"template":"","meta":{"om_disable_all_campaigns":false,"_monsterinsights_skip_tracking":false,"_monsterinsights_sitenote_active":false,"_monsterinsights_sitenote_note":"","_monsterinsights_sitenote_category":0,"_uf_show_specific_survey":0,"_uf_disable_surveys":false},"product_brand":[],"product_cat":[134,79,75],"product_tag":[],"class_list":{"0":"post-7806","1":"product","2":"type-product","3":"status-publish","4":"has-post-thumbnail","6":"product_cat-tripod-and-support-eventsouk","7":"product_cat-photography-cinesouk","8":"product_cat-tripod-and-support-cinesouk","10":"entry","11":"has-media","13":"first","14":"instock","15":"taxable","16":"shipping-taxable","17":"purchasable","18":"product-type-variable","19":"has-product-nav","20":"col","21":"span_1_of_3","22":"owp-content-center","23":"owp-thumbs-layout-horizontal","24":"owp-btn-normal","25":"owp-tabs-layout-horizontal","26":"has-no-thumbnails"},"yoast_head":"<!-- This site is optimized with the Yoast SEO Premium plugin v26.0 (Yoast SEO v26.0) - https:\/\/yoast.com\/wordpress\/plugins\/seo\/ -->\n<title>Benro TMA38CL + Benro HD3A - CineSouk - For rent<\/title>\n<meta name=\"description\" content=\"Benro TMA38CL Tripod with HD3A 3-Way Head: Lightweight carbon fiber tripod paired with a precision 3-way head for professional photography.\" \/>\n<meta name=\"robots\" content=\"index, follow, max-snippet:-1, max-image-preview:large, max-video-preview:-1\" \/>\n<link rel=\"canonical\" href=\"https:\/\/www.cinesouk.ma\/fr\/produit\/benro-mach3-tma38cl-carbon-fiber-tripod-benro-hd3a-arca-swiss-3-tripod-head\/\" \/>\n<meta property=\"og:locale\" content=\"fr_FR\" \/>\n<meta property=\"og:type\" content=\"article\" \/>\n<meta property=\"og:title\" content=\"Benro Mach3 TMA38CL Carbon Fiber Tripod + Benro HD3A Arca-Swiss 3-tripod head\" \/>\n<meta property=\"og:description\" content=\"Benro TMA38CL Tripod with HD3A 3-Way Head: Lightweight carbon fiber tripod paired with a precision 3-way head for professional photography.\" \/>\n<meta property=\"og:url\" content=\"https:\/\/www.cinesouk.ma\/fr\/produit\/benro-mach3-tma38cl-carbon-fiber-tripod-benro-hd3a-arca-swiss-3-tripod-head\/\" \/>\n<meta property=\"og:site_name\" content=\"CineSouk\" \/>\n<meta property=\"article:modified_time\" content=\"2025-08-22T11:02:41+00:00\" \/>\n<meta property=\"og:image\" content=\"https:\/\/www.cinesouk.ma\/wp-content\/uploads\/2024\/08\/1a.jpg\" \/>\n\t<meta property=\"og:image:width\" content=\"300\" \/>\n\t<meta property=\"og:image:height\" content=\"238\" \/>\n\t<meta property=\"og:image:type\" content=\"image\/jpeg\" \/>\n<meta name=\"twitter:card\" content=\"summary_large_image\" \/>\n<meta name=\"twitter:description\" content=\"Benro TMA38CL Tripod with HD3A 3-Way Head: Lightweight carbon fiber tripod paired with a precision 3-way head for professional photography.\" \/>\n<meta name=\"twitter:label1\" content=\"Dur\u00e9e de lecture estim\u00e9e\" \/>\n\t<meta name=\"twitter:data1\" content=\"1 minute\" \/>\n<script type=\"application\/ld+json\" class=\"yoast-schema-graph\">{\"@context\":\"https:\/\/schema.org\",\"@graph\":[{\"@type\":\"WebPage\",\"@id\":\"https:\/\/www.cinesouk.ma\/product\/benro-mach3-tma38cl-carbon-fiber-tripod-benro-hd3a-arca-swiss-3-tripod-head\/\",\"url\":\"https:\/\/www.cinesouk.ma\/product\/benro-mach3-tma38cl-carbon-fiber-tripod-benro-hd3a-arca-swiss-3-tripod-head\/\",\"name\":\"Benro TMA38CL + Benro HD3A - CineSouk - For rent\",\"isPartOf\":{\"@id\":\"https:\/\/www.cinesouk.ma\/#website\"},\"primaryImageOfPage\":{\"@id\":\"https:\/\/www.cinesouk.ma\/product\/benro-mach3-tma38cl-carbon-fiber-tripod-benro-hd3a-arca-swiss-3-tripod-head\/#primaryimage\"},\"image\":{\"@id\":\"https:\/\/www.cinesouk.ma\/product\/benro-mach3-tma38cl-carbon-fiber-tripod-benro-hd3a-arca-swiss-3-tripod-head\/#primaryimage\"},\"thumbnailUrl\":\"https:\/\/www.cinesouk.ma\/wp-content\/uploads\/2024\/08\/1a.jpg\",\"datePublished\":\"2024-02-20T15:45:10+00:00\",\"dateModified\":\"2025-08-22T11:02:41+00:00\",\"description\":\"Benro TMA38CL Tripod with HD3A 3-Way Head: Lightweight carbon fiber tripod paired with a precision 3-way head for professional photography.\",\"breadcrumb\":{\"@id\":\"https:\/\/www.cinesouk.ma\/product\/benro-mach3-tma38cl-carbon-fiber-tripod-benro-hd3a-arca-swiss-3-tripod-head\/#breadcrumb\"},\"inLanguage\":\"fr-FR\",\"potentialAction\":[{\"@type\":\"ReadAction\",\"target\":[\"https:\/\/www.cinesouk.ma\/product\/benro-mach3-tma38cl-carbon-fiber-tripod-benro-hd3a-arca-swiss-3-tripod-head\/\"]}]},{\"@type\":\"ImageObject\",\"inLanguage\":\"fr-FR\",\"@id\":\"https:\/\/www.cinesouk.ma\/product\/benro-mach3-tma38cl-carbon-fiber-tripod-benro-hd3a-arca-swiss-3-tripod-head\/#primaryimage\",\"url\":\"https:\/\/www.cinesouk.ma\/wp-content\/uploads\/2024\/08\/1a.jpg\",\"contentUrl\":\"https:\/\/www.cinesouk.ma\/wp-content\/uploads\/2024\/08\/1a.jpg\",\"width\":300,\"height\":238,\"caption\":\"Benro Mach3 TMA38CL Carbon Fiber Tripod + Benro HD3A Arca-Swiss 3-tripod head\"},{\"@type\":\"BreadcrumbList\",\"@id\":\"https:\/\/www.cinesouk.ma\/product\/benro-mach3-tma38cl-carbon-fiber-tripod-benro-hd3a-arca-swiss-3-tripod-head\/#breadcrumb\",\"itemListElement\":[{\"@type\":\"ListItem\",\"position\":1,\"name\":\"Home\",\"item\":\"https:\/\/www.cinesouk.ma\/\"},{\"@type\":\"ListItem\",\"position\":2,\"name\":\"Shop\",\"item\":\"https:\/\/www.cinesouk.ma\/shop\/\"},{\"@type\":\"ListItem\",\"position\":3,\"name\":\"Benro Mach3 TMA38CL Carbon Fiber Tripod + Benro HD3A Arca-Swiss 3-tripod head\"}]},{\"@type\":\"WebSite\",\"@id\":\"https:\/\/www.cinesouk.ma\/#website\",\"url\":\"https:\/\/www.cinesouk.ma\/\",\"name\":\"CineSouk\",\"description\":\"\",\"publisher\":{\"@id\":\"https:\/\/www.cinesouk.ma\/#organization\"},\"potentialAction\":[{\"@type\":\"SearchAction\",\"target\":{\"@type\":\"EntryPoint\",\"urlTemplate\":\"https:\/\/www.cinesouk.ma\/?s={search_term_string}\"},\"query-input\":{\"@type\":\"PropertyValueSpecification\",\"valueRequired\":true,\"valueName\":\"search_term_string\"}}],\"inLanguage\":\"fr-FR\"},{\"@type\":\"Organization\",\"@id\":\"https:\/\/www.cinesouk.ma\/#organization\",\"name\":\"CineSouk\",\"url\":\"https:\/\/www.cinesouk.ma\/\",\"logo\":{\"@type\":\"ImageObject\",\"inLanguage\":\"fr-FR\",\"@id\":\"https:\/\/www.cinesouk.ma\/#\/schema\/logo\/image\/\",\"url\":\"https:\/\/www.cinesouk.ma\/wp-content\/uploads\/2024\/01\/CineSouk-logo-v01-alpha-alligned-left.png\",\"contentUrl\":\"https:\/\/www.cinesouk.ma\/wp-content\/uploads\/2024\/01\/CineSouk-logo-v01-alpha-alligned-left.png\",\"width\":3204,\"height\":889,\"caption\":\"CineSouk\"},\"image\":{\"@id\":\"https:\/\/www.cinesouk.ma\/#\/schema\/logo\/image\/\"}}]}<\/script>\n<!-- \/ Yoast SEO Premium plugin. -->","yoast_head_json":{"title":"Benro TMA38CL + Benro HD3A - CineSouk - For rent","description":"Benro TMA38CL Tripod with HD3A 3-Way Head: Lightweight carbon fiber tripod paired with a precision 3-way head for professional photography.","robots":{"index":"index","follow":"follow","max-snippet":"max-snippet:-1","max-image-preview":"max-image-preview:large","max-video-preview":"max-video-preview:-1"},"canonical":"https:\/\/www.cinesouk.ma\/fr\/produit\/benro-mach3-tma38cl-carbon-fiber-tripod-benro-hd3a-arca-swiss-3-tripod-head\/","og_locale":"fr_FR","og_type":"article","og_title":"Benro Mach3 TMA38CL Carbon Fiber Tripod + Benro HD3A Arca-Swiss 3-tripod head","og_description":"Benro TMA38CL Tripod with HD3A 3-Way Head: Lightweight carbon fiber tripod paired with a precision 3-way head for professional photography.","og_url":"https:\/\/www.cinesouk.ma\/fr\/produit\/benro-mach3-tma38cl-carbon-fiber-tripod-benro-hd3a-arca-swiss-3-tripod-head\/","og_site_name":"CineSouk","article_modified_time":"2025-08-22T11:02:41+00:00","og_image":[{"width":300,"height":238,"url":"https:\/\/www.cinesouk.ma\/wp-content\/uploads\/2024\/08\/1a.jpg","type":"image\/jpeg"}],"twitter_card":"summary_large_image","twitter_description":"Benro TMA38CL Tripod with HD3A 3-Way Head: Lightweight carbon fiber tripod paired with a precision 3-way head for professional photography.","twitter_misc":{"Dur\u00e9e de lecture estim\u00e9e":"1 minute"},"schema":{"@context":"https:\/\/schema.org","@graph":[{"@type":"WebPage","@id":"https:\/\/www.cinesouk.ma\/product\/benro-mach3-tma38cl-carbon-fiber-tripod-benro-hd3a-arca-swiss-3-tripod-head\/","url":"https:\/\/www.cinesouk.ma\/product\/benro-mach3-tma38cl-carbon-fiber-tripod-benro-hd3a-arca-swiss-3-tripod-head\/","name":"Benro TMA38CL + Benro HD3A - CineSouk - For rent","isPartOf":{"@id":"https:\/\/www.cinesouk.ma\/#website"},"primaryImageOfPage":{"@id":"https:\/\/www.cinesouk.ma\/product\/benro-mach3-tma38cl-carbon-fiber-tripod-benro-hd3a-arca-swiss-3-tripod-head\/#primaryimage"},"image":{"@id":"https:\/\/www.cinesouk.ma\/product\/benro-mach3-tma38cl-carbon-fiber-tripod-benro-hd3a-arca-swiss-3-tripod-head\/#primaryimage"},"thumbnailUrl":"https:\/\/www.cinesouk.ma\/wp-content\/uploads\/2024\/08\/1a.jpg","datePublished":"2024-02-20T15:45:10+00:00","dateModified":"2025-08-22T11:02:41+00:00","description":"Benro TMA38CL Tripod with HD3A 3-Way Head: Lightweight carbon fiber tripod paired with a precision 3-way head for professional photography.","breadcrumb":{"@id":"https:\/\/www.cinesouk.ma\/product\/benro-mach3-tma38cl-carbon-fiber-tripod-benro-hd3a-arca-swiss-3-tripod-head\/#breadcrumb"},"inLanguage":"fr-FR","potentialAction":[{"@type":"ReadAction","target":["https:\/\/www.cinesouk.ma\/product\/benro-mach3-tma38cl-carbon-fiber-tripod-benro-hd3a-arca-swiss-3-tripod-head\/"]}]},{"@type":"ImageObject","inLanguage":"fr-FR","@id":"https:\/\/www.cinesouk.ma\/product\/benro-mach3-tma38cl-carbon-fiber-tripod-benro-hd3a-arca-swiss-3-tripod-head\/#primaryimage","url":"https:\/\/www.cinesouk.ma\/wp-content\/uploads\/2024\/08\/1a.jpg","contentUrl":"https:\/\/www.cinesouk.ma\/wp-content\/uploads\/2024\/08\/1a.jpg","width":300,"height":238,"caption":"Benro Mach3 TMA38CL Carbon Fiber Tripod + Benro HD3A Arca-Swiss 3-tripod head"},{"@type":"BreadcrumbList","@id":"https:\/\/www.cinesouk.ma\/product\/benro-mach3-tma38cl-carbon-fiber-tripod-benro-hd3a-arca-swiss-3-tripod-head\/#breadcrumb","itemListElement":[{"@type":"ListItem","position":1,"name":"Home","item":"https:\/\/www.cinesouk.ma\/"},{"@type":"ListItem","position":2,"name":"Shop","item":"https:\/\/www.cinesouk.ma\/shop\/"},{"@type":"ListItem","position":3,"name":"Benro Mach3 TMA38CL Carbon Fiber Tripod + Benro HD3A Arca-Swiss 3-tripod head"}]},{"@type":"WebSite","@id":"https:\/\/www.cinesouk.ma\/#website","url":"https:\/\/www.cinesouk.ma\/","name":"CineSouk","description":"","publisher":{"@id":"https:\/\/www.cinesouk.ma\/#organization"},"potentialAction":[{"@type":"SearchAction","target":{"@type":"EntryPoint","urlTemplate":"https:\/\/www.cinesouk.ma\/?s={search_term_string}"},"query-input":{"@type":"PropertyValueSpecification","valueRequired":true,"valueName":"search_term_string"}}],"inLanguage":"fr-FR"},{"@type":"Organization","@id":"https:\/\/www.cinesouk.ma\/#organization","name":"CineSouk","url":"https:\/\/www.cinesouk.ma\/","logo":{"@type":"ImageObject","inLanguage":"fr-FR","@id":"https:\/\/www.cinesouk.ma\/#\/schema\/logo\/image\/","url":"https:\/\/www.cinesouk.ma\/wp-content\/uploads\/2024\/01\/CineSouk-logo-v01-alpha-alligned-left.png","contentUrl":"https:\/\/www.cinesouk.ma\/wp-content\/uploads\/2024\/01\/CineSouk-logo-v01-alpha-alligned-left.png","width":3204,"height":889,"caption":"CineSouk"},"image":{"@id":"https:\/\/www.cinesouk.ma\/#\/schema\/logo\/image\/"}}]}},"_links":{"self":[{"href":"https:\/\/www.cinesouk.ma\/fr\/wp-json\/wp\/v2\/product\/7806","targetHints":{"allow":["GET"]}}],"collection":[{"href":"https:\/\/www.cinesouk.ma\/fr\/wp-json\/wp\/v2\/product"}],"about":[{"href":"https:\/\/www.cinesouk.ma\/fr\/wp-json\/wp\/v2\/types\/product"}],"wp:featuredmedia":[{"embeddable":true,"href":"https:\/\/www.cinesouk.ma\/fr\/wp-json\/wp\/v2\/media\/7817"}],"wp:attachment":[{"href":"https:\/\/www.cinesouk.ma\/fr\/wp-json\/wp\/v2\/media?parent=7806"}],"wp:term":[{"taxonomy":"product_brand","embeddable":true,"href":"https:\/\/www.cinesouk.ma\/fr\/wp-json\/wp\/v2\/product_brand?post=7806"},{"taxonomy":"product_cat","embeddable":true,"href":"https:\/\/www.cinesouk.ma\/fr\/wp-json\/wp\/v2\/product_cat?post=7806"},{"taxonomy":"product_tag","embeddable":true,"href":"https:\/\/www.cinesouk.ma\/fr\/wp-json\/wp\/v2\/product_tag?post=7806"}],"curies":[{"name":"wp","href":"https:\/\/api.w.org\/{rel}","templated":true}]}}