{"id":7823,"date":"2024-08-27T14:59:42","date_gmt":"2024-08-27T14:59:42","guid":{"rendered":"https:\/\/www.cinesouk.ma\/?post_type=product&#038;p=7823"},"modified":"2025-08-22T13:41:42","modified_gmt":"2025-08-22T13:41:42","slug":"benro-hd2a-arca-swiss-3-tripod-head","status":"publish","type":"product","link":"https:\/\/www.cinesouk.ma\/fr\/produit\/benro-hd2a-arca-swiss-3-tripod-head\/","title":{"rendered":"T\u00eate \u00e0 3 tr\u00e9pieds Benro HD2A Arca-Swiss"},"content":{"rendered":"<p>La t\u00eate de tr\u00e9pied Benro HD2A Arca-Swiss 3 est une solution compacte et l\u00e9g\u00e8re sp\u00e9cialement con\u00e7ue pour les photographes qui exigent pr\u00e9cision, facilit\u00e9 d'utilisation et flexibilit\u00e9 de leur \u00e9quipement. Faisant partie du syst\u00e8me de fixation rapide Arca-Swiss, elle offre aux photographes la possibilit\u00e9 de fixer rapidement et en toute s\u00e9curit\u00e9 leur appareil photo, assurant ainsi une transition transparente entre les prises de vue et des temps d'installation plus rapides sur le terrain ou en studio.<\/p>\n<p>Le HD2A offre un contr\u00f4le sur trois axes avec des boutons ind\u00e9pendants, ce qui permet aux photographes d'effectuer des r\u00e9glages pr\u00e9cis en mati\u00e8re de panoramique, d'inclinaison et de roulis. Ce niveau de contr\u00f4le la rend id\u00e9ale pour un large \u00e9ventail de styles photographiques, tels que les paysages, l'architecture, les portraits en studio et la macrophotographie. La construction en aluminium durable de la rotule garantit des performances durables, offrant stabilit\u00e9 et fiabilit\u00e9 m\u00eame dans des conditions de prise de vue difficiles.<\/p>\n<p>Malgr\u00e9 sa taille compacte et facile \u00e0 transporter, le HD2A a une capacit\u00e9 de charge impressionnante, supportant des appareils photo et des \u00e9quipements jusqu'\u00e0 5 kg. Il convient donc parfaitement \u00e0 la plupart des appareils photo DSLR et sans miroir, ainsi qu'aux petits t\u00e9l\u00e9objectifs. Sa conception ergonomique facilite non seulement la manipulation et l'utilisation, mais permet \u00e9galement aux photographes d'effectuer confortablement des r\u00e9glages pendant de longues s\u00e9ances de prise de vue, sans se fatiguer.<\/p>\n<p>La t\u00eate de tr\u00e9pied Benro HD2A Arca-Swiss 3 est un outil essentiel pour les photographes professionnels et les passionn\u00e9s, gr\u00e2ce \u00e0 sa combinaison d'ing\u00e9nierie de pr\u00e9cision, de construction robuste et de caract\u00e9ristiques conviviales. Qu'il s'agisse de capturer de vastes paysages, des clich\u00e9s architecturaux d\u00e9taill\u00e9s ou de cr\u00e9er des configurations de studio, cette t\u00eate de tr\u00e9pied offre l'\u00e9quilibre parfait entre fonctionnalit\u00e9 et facilit\u00e9 d'utilisation, ce qui en fait un choix de premier ordre pour les photographes qui recherchent des performances \u00e9lev\u00e9es dans un format compact.<\/p>\n<p>Louez-le maintenant sur <a href=\"https:\/\/www.cinesouk.ma\/fr\">CINESOUK<\/a> - une marque de <a href=\"https:\/\/www.broadway.ma\/\">BROADWAY PRODUCTIONS SARL.<\/a><\/p>","protected":false},"excerpt":{"rendered":"<p>Sp\u00e9cifications :<\/p>\n<p>Mat\u00e9riau : Aluminium<br \/>\nPort\u00e9e panoramique : 360\u00b0<br \/>\nPlage d'inclinaison : +90\u00b0 \u00e0 -30\u00b0 (avant\/arri\u00e8re), +90\u00b0 \u00e0 -25\u00b0 (c\u00f4t\u00e9)<br \/>\nPlaque de fixation rapide : compatible Arca-Swiss<br \/>\nCapacit\u00e9 de charge : 5 kg<br \/>\nPoids : 0,65 kg<\/p>","protected":false},"featured_media":7826,"template":"","meta":{"om_disable_all_campaigns":false,"_monsterinsights_skip_tracking":false,"_monsterinsights_sitenote_active":false,"_monsterinsights_sitenote_note":"","_monsterinsights_sitenote_category":0,"_uf_show_specific_survey":0,"_uf_disable_surveys":false},"product_brand":[],"product_cat":[135,37,79],"product_tag":[],"class_list":{"0":"post-7823","1":"product","2":"type-product","3":"status-publish","4":"has-post-thumbnail","6":"product_cat-photography-eventsouk","7":"product_cat-accessories-cinesouk","8":"product_cat-photography-cinesouk","10":"entry","11":"has-media","13":"first","14":"instock","15":"taxable","16":"shipping-taxable","17":"purchasable","18":"product-type-variable","19":"has-product-nav","20":"col","21":"span_1_of_3","22":"owp-content-center","23":"owp-thumbs-layout-horizontal","24":"owp-btn-normal","25":"owp-tabs-layout-horizontal","26":"has-no-thumbnails"},"yoast_head":"<!-- This site is optimized with the Yoast SEO Premium plugin v26.0 (Yoast SEO v26.0) - https:\/\/yoast.com\/wordpress\/plugins\/seo\/ -->\n<title>Benro HD2A Arca-Swiss 3-tripod head - CineSouk - For rent<\/title>\n<meta name=\"description\" content=\"The Benro HD2A Arca-Swiss 3 Tripod Head offers precise control for professional photography with three-axis adjustments and durable aluminum construction.\" \/>\n<meta name=\"robots\" content=\"index, follow, max-snippet:-1, max-image-preview:large, max-video-preview:-1\" \/>\n<link rel=\"canonical\" href=\"https:\/\/www.cinesouk.ma\/fr\/produit\/benro-hd2a-arca-swiss-3-tripod-head\/\" \/>\n<meta property=\"og:locale\" content=\"fr_FR\" \/>\n<meta property=\"og:type\" content=\"article\" \/>\n<meta property=\"og:title\" content=\"Benro HD2A Arca-Swiss 3-tripod head\" \/>\n<meta property=\"og:description\" content=\"The Benro HD2A Arca-Swiss 3 Tripod Head offers precise control for professional photography with three-axis adjustments and durable aluminum construction.\" \/>\n<meta property=\"og:url\" content=\"https:\/\/www.cinesouk.ma\/fr\/produit\/benro-hd2a-arca-swiss-3-tripod-head\/\" \/>\n<meta property=\"og:site_name\" content=\"CineSouk\" \/>\n<meta property=\"article:modified_time\" content=\"2025-08-22T13:41:42+00:00\" \/>\n<meta property=\"og:image\" content=\"https:\/\/www.cinesouk.ma\/wp-content\/uploads\/2024\/08\/b.jpg\" \/>\n\t<meta property=\"og:image:width\" content=\"300\" \/>\n\t<meta property=\"og:image:height\" content=\"238\" \/>\n\t<meta property=\"og:image:type\" content=\"image\/jpeg\" \/>\n<meta name=\"twitter:card\" content=\"summary_large_image\" \/>\n<meta name=\"twitter:title\" content=\"Benro HD2A Arca-Swiss 3-tripod head\" \/>\n<meta name=\"twitter:description\" content=\"The Benro HD2A Arca-Swiss 3 Tripod Head offers precise control for professional photography with three-axis adjustments and durable aluminum construction.\" \/>\n<meta name=\"twitter:label1\" content=\"Dur\u00e9e de lecture estim\u00e9e\" \/>\n\t<meta name=\"twitter:data1\" content=\"2 minutes\" \/>\n<script type=\"application\/ld+json\" class=\"yoast-schema-graph\">{\"@context\":\"https:\/\/schema.org\",\"@graph\":[{\"@type\":\"WebPage\",\"@id\":\"https:\/\/www.cinesouk.ma\/product\/benro-hd2a-arca-swiss-3-tripod-head\/\",\"url\":\"https:\/\/www.cinesouk.ma\/product\/benro-hd2a-arca-swiss-3-tripod-head\/\",\"name\":\"Benro HD2A Arca-Swiss 3-tripod head - CineSouk - For rent\",\"isPartOf\":{\"@id\":\"https:\/\/www.cinesouk.ma\/#website\"},\"primaryImageOfPage\":{\"@id\":\"https:\/\/www.cinesouk.ma\/product\/benro-hd2a-arca-swiss-3-tripod-head\/#primaryimage\"},\"image\":{\"@id\":\"https:\/\/www.cinesouk.ma\/product\/benro-hd2a-arca-swiss-3-tripod-head\/#primaryimage\"},\"thumbnailUrl\":\"https:\/\/www.cinesouk.ma\/wp-content\/uploads\/2024\/08\/b.jpg\",\"datePublished\":\"2024-08-27T14:59:42+00:00\",\"dateModified\":\"2025-08-22T13:41:42+00:00\",\"description\":\"The Benro HD2A Arca-Swiss 3 Tripod Head offers precise control for professional photography with three-axis adjustments and durable aluminum construction.\",\"breadcrumb\":{\"@id\":\"https:\/\/www.cinesouk.ma\/product\/benro-hd2a-arca-swiss-3-tripod-head\/#breadcrumb\"},\"inLanguage\":\"fr-FR\",\"potentialAction\":[{\"@type\":\"ReadAction\",\"target\":[\"https:\/\/www.cinesouk.ma\/product\/benro-hd2a-arca-swiss-3-tripod-head\/\"]}]},{\"@type\":\"ImageObject\",\"inLanguage\":\"fr-FR\",\"@id\":\"https:\/\/www.cinesouk.ma\/product\/benro-hd2a-arca-swiss-3-tripod-head\/#primaryimage\",\"url\":\"https:\/\/www.cinesouk.ma\/wp-content\/uploads\/2024\/08\/b.jpg\",\"contentUrl\":\"https:\/\/www.cinesouk.ma\/wp-content\/uploads\/2024\/08\/b.jpg\",\"width\":300,\"height\":238,\"caption\":\"Benro HD2A Arca-Swiss 3-tripod head\"},{\"@type\":\"BreadcrumbList\",\"@id\":\"https:\/\/www.cinesouk.ma\/product\/benro-hd2a-arca-swiss-3-tripod-head\/#breadcrumb\",\"itemListElement\":[{\"@type\":\"ListItem\",\"position\":1,\"name\":\"Home\",\"item\":\"https:\/\/www.cinesouk.ma\/\"},{\"@type\":\"ListItem\",\"position\":2,\"name\":\"Shop\",\"item\":\"https:\/\/www.cinesouk.ma\/shop\/\"},{\"@type\":\"ListItem\",\"position\":3,\"name\":\"Benro HD2A Arca-Swiss 3-tripod head\"}]},{\"@type\":\"WebSite\",\"@id\":\"https:\/\/www.cinesouk.ma\/#website\",\"url\":\"https:\/\/www.cinesouk.ma\/\",\"name\":\"CineSouk\",\"description\":\"\",\"publisher\":{\"@id\":\"https:\/\/www.cinesouk.ma\/#organization\"},\"potentialAction\":[{\"@type\":\"SearchAction\",\"target\":{\"@type\":\"EntryPoint\",\"urlTemplate\":\"https:\/\/www.cinesouk.ma\/?s={search_term_string}\"},\"query-input\":{\"@type\":\"PropertyValueSpecification\",\"valueRequired\":true,\"valueName\":\"search_term_string\"}}],\"inLanguage\":\"fr-FR\"},{\"@type\":\"Organization\",\"@id\":\"https:\/\/www.cinesouk.ma\/#organization\",\"name\":\"CineSouk\",\"url\":\"https:\/\/www.cinesouk.ma\/\",\"logo\":{\"@type\":\"ImageObject\",\"inLanguage\":\"fr-FR\",\"@id\":\"https:\/\/www.cinesouk.ma\/#\/schema\/logo\/image\/\",\"url\":\"https:\/\/www.cinesouk.ma\/wp-content\/uploads\/2024\/01\/CineSouk-logo-v01-alpha-alligned-left.png\",\"contentUrl\":\"https:\/\/www.cinesouk.ma\/wp-content\/uploads\/2024\/01\/CineSouk-logo-v01-alpha-alligned-left.png\",\"width\":3204,\"height\":889,\"caption\":\"CineSouk\"},\"image\":{\"@id\":\"https:\/\/www.cinesouk.ma\/#\/schema\/logo\/image\/\"}}]}<\/script>\n<!-- \/ Yoast SEO Premium plugin. -->","yoast_head_json":{"title":"Benro HD2A Arca-Swiss 3-tripod head - CineSouk - For rent","description":"The Benro HD2A Arca-Swiss 3 Tripod Head offers precise control for professional photography with three-axis adjustments and durable aluminum construction.","robots":{"index":"index","follow":"follow","max-snippet":"max-snippet:-1","max-image-preview":"max-image-preview:large","max-video-preview":"max-video-preview:-1"},"canonical":"https:\/\/www.cinesouk.ma\/fr\/produit\/benro-hd2a-arca-swiss-3-tripod-head\/","og_locale":"fr_FR","og_type":"article","og_title":"Benro HD2A Arca-Swiss 3-tripod head","og_description":"The Benro HD2A Arca-Swiss 3 Tripod Head offers precise control for professional photography with three-axis adjustments and durable aluminum construction.","og_url":"https:\/\/www.cinesouk.ma\/fr\/produit\/benro-hd2a-arca-swiss-3-tripod-head\/","og_site_name":"CineSouk","article_modified_time":"2025-08-22T13:41:42+00:00","og_image":[{"width":300,"height":238,"url":"https:\/\/www.cinesouk.ma\/wp-content\/uploads\/2024\/08\/b.jpg","type":"image\/jpeg"}],"twitter_card":"summary_large_image","twitter_title":"Benro HD2A Arca-Swiss 3-tripod head","twitter_description":"The Benro HD2A Arca-Swiss 3 Tripod Head offers precise control for professional photography with three-axis adjustments and durable aluminum construction.","twitter_misc":{"Dur\u00e9e de lecture estim\u00e9e":"2 minutes"},"schema":{"@context":"https:\/\/schema.org","@graph":[{"@type":"WebPage","@id":"https:\/\/www.cinesouk.ma\/product\/benro-hd2a-arca-swiss-3-tripod-head\/","url":"https:\/\/www.cinesouk.ma\/product\/benro-hd2a-arca-swiss-3-tripod-head\/","name":"Benro HD2A Arca-Swiss 3-tripod head - CineSouk - For rent","isPartOf":{"@id":"https:\/\/www.cinesouk.ma\/#website"},"primaryImageOfPage":{"@id":"https:\/\/www.cinesouk.ma\/product\/benro-hd2a-arca-swiss-3-tripod-head\/#primaryimage"},"image":{"@id":"https:\/\/www.cinesouk.ma\/product\/benro-hd2a-arca-swiss-3-tripod-head\/#primaryimage"},"thumbnailUrl":"https:\/\/www.cinesouk.ma\/wp-content\/uploads\/2024\/08\/b.jpg","datePublished":"2024-08-27T14:59:42+00:00","dateModified":"2025-08-22T13:41:42+00:00","description":"The Benro HD2A Arca-Swiss 3 Tripod Head offers precise control for professional photography with three-axis adjustments and durable aluminum construction.","breadcrumb":{"@id":"https:\/\/www.cinesouk.ma\/product\/benro-hd2a-arca-swiss-3-tripod-head\/#breadcrumb"},"inLanguage":"fr-FR","potentialAction":[{"@type":"ReadAction","target":["https:\/\/www.cinesouk.ma\/product\/benro-hd2a-arca-swiss-3-tripod-head\/"]}]},{"@type":"ImageObject","inLanguage":"fr-FR","@id":"https:\/\/www.cinesouk.ma\/product\/benro-hd2a-arca-swiss-3-tripod-head\/#primaryimage","url":"https:\/\/www.cinesouk.ma\/wp-content\/uploads\/2024\/08\/b.jpg","contentUrl":"https:\/\/www.cinesouk.ma\/wp-content\/uploads\/2024\/08\/b.jpg","width":300,"height":238,"caption":"Benro HD2A Arca-Swiss 3-tripod head"},{"@type":"BreadcrumbList","@id":"https:\/\/www.cinesouk.ma\/product\/benro-hd2a-arca-swiss-3-tripod-head\/#breadcrumb","itemListElement":[{"@type":"ListItem","position":1,"name":"Home","item":"https:\/\/www.cinesouk.ma\/"},{"@type":"ListItem","position":2,"name":"Shop","item":"https:\/\/www.cinesouk.ma\/shop\/"},{"@type":"ListItem","position":3,"name":"Benro HD2A Arca-Swiss 3-tripod head"}]},{"@type":"WebSite","@id":"https:\/\/www.cinesouk.ma\/#website","url":"https:\/\/www.cinesouk.ma\/","name":"CineSouk","description":"","publisher":{"@id":"https:\/\/www.cinesouk.ma\/#organization"},"potentialAction":[{"@type":"SearchAction","target":{"@type":"EntryPoint","urlTemplate":"https:\/\/www.cinesouk.ma\/?s={search_term_string}"},"query-input":{"@type":"PropertyValueSpecification","valueRequired":true,"valueName":"search_term_string"}}],"inLanguage":"fr-FR"},{"@type":"Organization","@id":"https:\/\/www.cinesouk.ma\/#organization","name":"CineSouk","url":"https:\/\/www.cinesouk.ma\/","logo":{"@type":"ImageObject","inLanguage":"fr-FR","@id":"https:\/\/www.cinesouk.ma\/#\/schema\/logo\/image\/","url":"https:\/\/www.cinesouk.ma\/wp-content\/uploads\/2024\/01\/CineSouk-logo-v01-alpha-alligned-left.png","contentUrl":"https:\/\/www.cinesouk.ma\/wp-content\/uploads\/2024\/01\/CineSouk-logo-v01-alpha-alligned-left.png","width":3204,"height":889,"caption":"CineSouk"},"image":{"@id":"https:\/\/www.cinesouk.ma\/#\/schema\/logo\/image\/"}}]}},"_links":{"self":[{"href":"https:\/\/www.cinesouk.ma\/fr\/wp-json\/wp\/v2\/product\/7823","targetHints":{"allow":["GET"]}}],"collection":[{"href":"https:\/\/www.cinesouk.ma\/fr\/wp-json\/wp\/v2\/product"}],"about":[{"href":"https:\/\/www.cinesouk.ma\/fr\/wp-json\/wp\/v2\/types\/product"}],"wp:featuredmedia":[{"embeddable":true,"href":"https:\/\/www.cinesouk.ma\/fr\/wp-json\/wp\/v2\/media\/7826"}],"wp:attachment":[{"href":"https:\/\/www.cinesouk.ma\/fr\/wp-json\/wp\/v2\/media?parent=7823"}],"wp:term":[{"taxonomy":"product_brand","embeddable":true,"href":"https:\/\/www.cinesouk.ma\/fr\/wp-json\/wp\/v2\/product_brand?post=7823"},{"taxonomy":"product_cat","embeddable":true,"href":"https:\/\/www.cinesouk.ma\/fr\/wp-json\/wp\/v2\/product_cat?post=7823"},{"taxonomy":"product_tag","embeddable":true,"href":"https:\/\/www.cinesouk.ma\/fr\/wp-json\/wp\/v2\/product_tag?post=7823"}],"curies":[{"name":"wp","href":"https:\/\/api.w.org\/{rel}","templated":true}]}}