{"id":7827,"date":"2024-08-27T15:21:11","date_gmt":"2024-08-27T15:21:11","guid":{"rendered":"https:\/\/www.cinesouk.ma\/?post_type=product&#038;p=7827"},"modified":"2025-08-22T13:41:41","modified_gmt":"2025-08-22T13:41:41","slug":"benro-gd3wh-tripod-head","status":"publish","type":"product","link":"https:\/\/www.cinesouk.ma\/fr\/produit\/benro-gd3wh-tripod-head\/","title":{"rendered":"T\u00eate de tr\u00e9pied de pr\u00e9cision Benro GD3WH"},"content":{"rendered":"<p>La t\u00eate de tr\u00e9pied \u00e0 engrenage de pr\u00e9cision Benro GD3WH est une t\u00eate de tr\u00e9pied de haute pr\u00e9cision con\u00e7ue pour les photographes. Cette t\u00eate \u00e0 engrenage permet des r\u00e9glages ultrafins sur les trois axes (panoramique, inclinaison et roulis). C'est le choix id\u00e9al pour la photographie d'architecture, de paysage et la macrophotographie, o\u00f9 le cadrage exact est crucial.<\/p>\n<p>La t\u00eate de tr\u00e9pied \u00e0 engrenages de pr\u00e9cision Benro GD3WH comporte trois commandes \u00e0 engrenages ind\u00e9pendantes. Ces commandes sont dot\u00e9es d'un m\u00e9canisme de verrouillage qui garantit que votre appareil photo reste en place une fois que la position souhait\u00e9e est atteinte. La t\u00eate contient un alliage de magn\u00e9sium, offrant une plate-forme stable pour votre appareil photo. La GD3WH peut supporter une charge allant jusqu'\u00e0 6 kg. La t\u00eate peut s'incliner horizontalement de -15\u00b0 \u00e0 90\u00b0 et verticalement de -30\u00b0 \u00e0 90\u00b0, et elle peut \u00e9galement pivoter sur 360\u00b0.<\/p>\n<p>En outre, la t\u00eate de tr\u00e9pied est compatible avec le syst\u00e8me de fixation rapide Arca-Swiss. Comme on peut le voir, la t\u00eate est \u00e9quip\u00e9e de trois niveaux \u00e0 bulle et d'une \u00e9chelle de degr\u00e9s. Vous pouvez ainsi vous assurer que votre appareil photo peut \u00eatre mont\u00e9 correctement sur la t\u00eate de tr\u00e9pied. Le GD3WH est livr\u00e9 avec une plaque de fixation rapide compatible Arca-Swiss. Cette plaque vous permet \u00e9galement d'attacher \u00e0 la rotule des appareils photo dot\u00e9s d'un raccord de tr\u00e9pied 1\/4\u2033-20. Sa taille compacte et son poids l\u00e9ger rendent la t\u00eate de tr\u00e9pied facile \u00e0 transporter.<\/p>\n<p>Louez-le maintenant sur <a href=\"https:\/\/www.cinesouk.ma\/fr\">CINESOUK<\/a> - une marque de <a href=\"https:\/\/www.broadway.ma\/\">BROADWAY PRODUCTIONS SARL.<\/a><\/p>","protected":false},"excerpt":{"rendered":"<p>Sp\u00e9cifications :<\/p>\n<p>Mat\u00e9riau : Alliage de magn\u00e9sium<br \/>\nPort\u00e9e panoramique : 360\u00b0<br \/>\nPlage d'inclinaison : +90\u00b0 \u00e0 -30\u00b0 (avant\/arri\u00e8re), +90\u00b0 \u00e0 -30\u00b0 (c\u00f4t\u00e9)<br \/>\nPlaque de fixation rapide : compatible Arca-Swiss<br \/>\nCapacit\u00e9 de charge : 6 kg<br \/>\nPoids : 0,87 kg<br \/>\nDimensions : 130 x 120 x 100 mm : 130 x 120 x 100 mm<\/p>","protected":false},"featured_media":7828,"template":"","meta":{"om_disable_all_campaigns":false,"_monsterinsights_skip_tracking":false,"_monsterinsights_sitenote_active":false,"_monsterinsights_sitenote_note":"","_monsterinsights_sitenote_category":0,"_uf_show_specific_survey":0,"_uf_disable_surveys":false},"product_brand":[],"product_cat":[135,37,79],"product_tag":[],"class_list":{"0":"post-7827","1":"product","2":"type-product","3":"status-publish","4":"has-post-thumbnail","6":"product_cat-photography-eventsouk","7":"product_cat-accessories-cinesouk","8":"product_cat-photography-cinesouk","10":"entry","11":"has-media","13":"first","14":"instock","15":"taxable","16":"shipping-taxable","17":"purchasable","18":"product-type-variable","19":"has-product-nav","20":"col","21":"span_1_of_3","22":"owp-content-center","23":"owp-thumbs-layout-horizontal","24":"owp-btn-normal","25":"owp-tabs-layout-horizontal","26":"has-no-thumbnails"},"yoast_head":"<!-- This site is optimized with the Yoast SEO Premium plugin v26.0 (Yoast SEO v26.0) - https:\/\/yoast.com\/wordpress\/plugins\/seo\/ -->\n<title>Benro GD3WH Precision geared tripod head - CineSouk - For rent<\/title>\n<meta name=\"description\" content=\"Benro Precision Geared Head GD3WH: Achieve ultra-fine control over camera positioning with this durable, high-precision geared tripod head.\" \/>\n<meta name=\"robots\" content=\"index, follow, max-snippet:-1, max-image-preview:large, max-video-preview:-1\" \/>\n<link rel=\"canonical\" href=\"https:\/\/www.cinesouk.ma\/fr\/produit\/benro-gd3wh-tripod-head\/\" \/>\n<meta property=\"og:locale\" content=\"fr_FR\" \/>\n<meta property=\"og:type\" content=\"article\" \/>\n<meta property=\"og:title\" content=\"Benro GD3WH Precision geared tripod head\" \/>\n<meta property=\"og:description\" content=\"Benro Precision Geared Head GD3WH: Achieve ultra-fine control over camera positioning with this durable, high-precision geared tripod head.\" \/>\n<meta property=\"og:url\" content=\"https:\/\/www.cinesouk.ma\/fr\/produit\/benro-gd3wh-tripod-head\/\" \/>\n<meta property=\"og:site_name\" content=\"CineSouk\" \/>\n<meta property=\"article:modified_time\" content=\"2025-08-22T13:41:41+00:00\" \/>\n<meta property=\"og:image\" content=\"https:\/\/www.cinesouk.ma\/wp-content\/uploads\/2024\/08\/c.jpg\" \/>\n\t<meta property=\"og:image:width\" content=\"300\" \/>\n\t<meta property=\"og:image:height\" content=\"238\" \/>\n\t<meta property=\"og:image:type\" content=\"image\/jpeg\" \/>\n<meta name=\"twitter:card\" content=\"summary_large_image\" \/>\n<meta name=\"twitter:description\" content=\"Benro Precision Geared Head GD3WH: Achieve ultra-fine control over camera positioning with this durable, high-precision geared tripod head.\" \/>\n<meta name=\"twitter:label1\" content=\"Dur\u00e9e de lecture estim\u00e9e\" \/>\n\t<meta name=\"twitter:data1\" content=\"2 minutes\" \/>\n<script type=\"application\/ld+json\" class=\"yoast-schema-graph\">{\"@context\":\"https:\/\/schema.org\",\"@graph\":[{\"@type\":\"WebPage\",\"@id\":\"https:\/\/www.cinesouk.ma\/product\/benro-gd3wh-tripod-head\/\",\"url\":\"https:\/\/www.cinesouk.ma\/product\/benro-gd3wh-tripod-head\/\",\"name\":\"Benro GD3WH Precision geared tripod head - CineSouk - For rent\",\"isPartOf\":{\"@id\":\"https:\/\/www.cinesouk.ma\/#website\"},\"primaryImageOfPage\":{\"@id\":\"https:\/\/www.cinesouk.ma\/product\/benro-gd3wh-tripod-head\/#primaryimage\"},\"image\":{\"@id\":\"https:\/\/www.cinesouk.ma\/product\/benro-gd3wh-tripod-head\/#primaryimage\"},\"thumbnailUrl\":\"https:\/\/www.cinesouk.ma\/wp-content\/uploads\/2024\/08\/c.jpg\",\"datePublished\":\"2024-08-27T15:21:11+00:00\",\"dateModified\":\"2025-08-22T13:41:41+00:00\",\"description\":\"Benro Precision Geared Head GD3WH: Achieve ultra-fine control over camera positioning with this durable, high-precision geared tripod head.\",\"breadcrumb\":{\"@id\":\"https:\/\/www.cinesouk.ma\/product\/benro-gd3wh-tripod-head\/#breadcrumb\"},\"inLanguage\":\"fr-FR\",\"potentialAction\":[{\"@type\":\"ReadAction\",\"target\":[\"https:\/\/www.cinesouk.ma\/product\/benro-gd3wh-tripod-head\/\"]}]},{\"@type\":\"ImageObject\",\"inLanguage\":\"fr-FR\",\"@id\":\"https:\/\/www.cinesouk.ma\/product\/benro-gd3wh-tripod-head\/#primaryimage\",\"url\":\"https:\/\/www.cinesouk.ma\/wp-content\/uploads\/2024\/08\/c.jpg\",\"contentUrl\":\"https:\/\/www.cinesouk.ma\/wp-content\/uploads\/2024\/08\/c.jpg\",\"width\":300,\"height\":238},{\"@type\":\"BreadcrumbList\",\"@id\":\"https:\/\/www.cinesouk.ma\/product\/benro-gd3wh-tripod-head\/#breadcrumb\",\"itemListElement\":[{\"@type\":\"ListItem\",\"position\":1,\"name\":\"Home\",\"item\":\"https:\/\/www.cinesouk.ma\/\"},{\"@type\":\"ListItem\",\"position\":2,\"name\":\"Shop\",\"item\":\"https:\/\/www.cinesouk.ma\/shop\/\"},{\"@type\":\"ListItem\",\"position\":3,\"name\":\"Benro GD3WH Precision geared tripod head\"}]},{\"@type\":\"WebSite\",\"@id\":\"https:\/\/www.cinesouk.ma\/#website\",\"url\":\"https:\/\/www.cinesouk.ma\/\",\"name\":\"CineSouk\",\"description\":\"\",\"publisher\":{\"@id\":\"https:\/\/www.cinesouk.ma\/#organization\"},\"potentialAction\":[{\"@type\":\"SearchAction\",\"target\":{\"@type\":\"EntryPoint\",\"urlTemplate\":\"https:\/\/www.cinesouk.ma\/?s={search_term_string}\"},\"query-input\":{\"@type\":\"PropertyValueSpecification\",\"valueRequired\":true,\"valueName\":\"search_term_string\"}}],\"inLanguage\":\"fr-FR\"},{\"@type\":\"Organization\",\"@id\":\"https:\/\/www.cinesouk.ma\/#organization\",\"name\":\"CineSouk\",\"url\":\"https:\/\/www.cinesouk.ma\/\",\"logo\":{\"@type\":\"ImageObject\",\"inLanguage\":\"fr-FR\",\"@id\":\"https:\/\/www.cinesouk.ma\/#\/schema\/logo\/image\/\",\"url\":\"https:\/\/www.cinesouk.ma\/wp-content\/uploads\/2024\/01\/CineSouk-logo-v01-alpha-alligned-left.png\",\"contentUrl\":\"https:\/\/www.cinesouk.ma\/wp-content\/uploads\/2024\/01\/CineSouk-logo-v01-alpha-alligned-left.png\",\"width\":3204,\"height\":889,\"caption\":\"CineSouk\"},\"image\":{\"@id\":\"https:\/\/www.cinesouk.ma\/#\/schema\/logo\/image\/\"}}]}<\/script>\n<!-- \/ Yoast SEO Premium plugin. -->","yoast_head_json":{"title":"Benro GD3WH Precision geared tripod head - CineSouk - For rent","description":"Benro Precision Geared Head GD3WH: Achieve ultra-fine control over camera positioning with this durable, high-precision geared tripod head.","robots":{"index":"index","follow":"follow","max-snippet":"max-snippet:-1","max-image-preview":"max-image-preview:large","max-video-preview":"max-video-preview:-1"},"canonical":"https:\/\/www.cinesouk.ma\/fr\/produit\/benro-gd3wh-tripod-head\/","og_locale":"fr_FR","og_type":"article","og_title":"Benro GD3WH Precision geared tripod head","og_description":"Benro Precision Geared Head GD3WH: Achieve ultra-fine control over camera positioning with this durable, high-precision geared tripod head.","og_url":"https:\/\/www.cinesouk.ma\/fr\/produit\/benro-gd3wh-tripod-head\/","og_site_name":"CineSouk","article_modified_time":"2025-08-22T13:41:41+00:00","og_image":[{"width":300,"height":238,"url":"https:\/\/www.cinesouk.ma\/wp-content\/uploads\/2024\/08\/c.jpg","type":"image\/jpeg"}],"twitter_card":"summary_large_image","twitter_description":"Benro Precision Geared Head GD3WH: Achieve ultra-fine control over camera positioning with this durable, high-precision geared tripod head.","twitter_misc":{"Dur\u00e9e de lecture estim\u00e9e":"2 minutes"},"schema":{"@context":"https:\/\/schema.org","@graph":[{"@type":"WebPage","@id":"https:\/\/www.cinesouk.ma\/product\/benro-gd3wh-tripod-head\/","url":"https:\/\/www.cinesouk.ma\/product\/benro-gd3wh-tripod-head\/","name":"Benro GD3WH Precision geared tripod head - CineSouk - For rent","isPartOf":{"@id":"https:\/\/www.cinesouk.ma\/#website"},"primaryImageOfPage":{"@id":"https:\/\/www.cinesouk.ma\/product\/benro-gd3wh-tripod-head\/#primaryimage"},"image":{"@id":"https:\/\/www.cinesouk.ma\/product\/benro-gd3wh-tripod-head\/#primaryimage"},"thumbnailUrl":"https:\/\/www.cinesouk.ma\/wp-content\/uploads\/2024\/08\/c.jpg","datePublished":"2024-08-27T15:21:11+00:00","dateModified":"2025-08-22T13:41:41+00:00","description":"Benro Precision Geared Head GD3WH: Achieve ultra-fine control over camera positioning with this durable, high-precision geared tripod head.","breadcrumb":{"@id":"https:\/\/www.cinesouk.ma\/product\/benro-gd3wh-tripod-head\/#breadcrumb"},"inLanguage":"fr-FR","potentialAction":[{"@type":"ReadAction","target":["https:\/\/www.cinesouk.ma\/product\/benro-gd3wh-tripod-head\/"]}]},{"@type":"ImageObject","inLanguage":"fr-FR","@id":"https:\/\/www.cinesouk.ma\/product\/benro-gd3wh-tripod-head\/#primaryimage","url":"https:\/\/www.cinesouk.ma\/wp-content\/uploads\/2024\/08\/c.jpg","contentUrl":"https:\/\/www.cinesouk.ma\/wp-content\/uploads\/2024\/08\/c.jpg","width":300,"height":238},{"@type":"BreadcrumbList","@id":"https:\/\/www.cinesouk.ma\/product\/benro-gd3wh-tripod-head\/#breadcrumb","itemListElement":[{"@type":"ListItem","position":1,"name":"Home","item":"https:\/\/www.cinesouk.ma\/"},{"@type":"ListItem","position":2,"name":"Shop","item":"https:\/\/www.cinesouk.ma\/shop\/"},{"@type":"ListItem","position":3,"name":"Benro GD3WH Precision geared tripod head"}]},{"@type":"WebSite","@id":"https:\/\/www.cinesouk.ma\/#website","url":"https:\/\/www.cinesouk.ma\/","name":"CineSouk","description":"","publisher":{"@id":"https:\/\/www.cinesouk.ma\/#organization"},"potentialAction":[{"@type":"SearchAction","target":{"@type":"EntryPoint","urlTemplate":"https:\/\/www.cinesouk.ma\/?s={search_term_string}"},"query-input":{"@type":"PropertyValueSpecification","valueRequired":true,"valueName":"search_term_string"}}],"inLanguage":"fr-FR"},{"@type":"Organization","@id":"https:\/\/www.cinesouk.ma\/#organization","name":"CineSouk","url":"https:\/\/www.cinesouk.ma\/","logo":{"@type":"ImageObject","inLanguage":"fr-FR","@id":"https:\/\/www.cinesouk.ma\/#\/schema\/logo\/image\/","url":"https:\/\/www.cinesouk.ma\/wp-content\/uploads\/2024\/01\/CineSouk-logo-v01-alpha-alligned-left.png","contentUrl":"https:\/\/www.cinesouk.ma\/wp-content\/uploads\/2024\/01\/CineSouk-logo-v01-alpha-alligned-left.png","width":3204,"height":889,"caption":"CineSouk"},"image":{"@id":"https:\/\/www.cinesouk.ma\/#\/schema\/logo\/image\/"}}]}},"_links":{"self":[{"href":"https:\/\/www.cinesouk.ma\/fr\/wp-json\/wp\/v2\/product\/7827","targetHints":{"allow":["GET"]}}],"collection":[{"href":"https:\/\/www.cinesouk.ma\/fr\/wp-json\/wp\/v2\/product"}],"about":[{"href":"https:\/\/www.cinesouk.ma\/fr\/wp-json\/wp\/v2\/types\/product"}],"wp:featuredmedia":[{"embeddable":true,"href":"https:\/\/www.cinesouk.ma\/fr\/wp-json\/wp\/v2\/media\/7828"}],"wp:attachment":[{"href":"https:\/\/www.cinesouk.ma\/fr\/wp-json\/wp\/v2\/media?parent=7827"}],"wp:term":[{"taxonomy":"product_brand","embeddable":true,"href":"https:\/\/www.cinesouk.ma\/fr\/wp-json\/wp\/v2\/product_brand?post=7827"},{"taxonomy":"product_cat","embeddable":true,"href":"https:\/\/www.cinesouk.ma\/fr\/wp-json\/wp\/v2\/product_cat?post=7827"},{"taxonomy":"product_tag","embeddable":true,"href":"https:\/\/www.cinesouk.ma\/fr\/wp-json\/wp\/v2\/product_tag?post=7827"}],"curies":[{"name":"wp","href":"https:\/\/api.w.org\/{rel}","templated":true}]}}