{"id":794,"date":"2025-03-09T07:09:31","date_gmt":"2025-03-09T07:09:31","guid":{"rendered":"https:\/\/www.cinesouk.ma\/?post_type=product&#038;p=794"},"modified":"2026-01-24T12:38:07","modified_gmt":"2026-01-24T12:38:07","slug":"litepanels-sola-6-cto-gel-set-2","status":"publish","type":"product","link":"https:\/\/www.cinesouk.ma\/fr\/produit\/litepanels-sola-6-cto-gel-set-2\/","title":{"rendered":"Litepanels Sola 6 + CTO Gel Set"},"content":{"rendered":"<p>La lampe Litepanels Sola 6+ avec CTO Gel Set offre les caract\u00e9ristiques de contr\u00f4le et de modelage de la lumi\u00e8re inh\u00e9rentes \u00e0 une lampe de Fresnel, avec les avantages de la technologie LED.<\/p>\n<p>Le Sola 6+ ne consomme qu'une fraction de la puissance des luminaires Fresnel conventionnels et, comme le reste des Litepanels de la s\u00e9rie Sola, d\u00e9livre une lumi\u00e8re de qualit\u00e9 \u00e0 spectre complet.<\/p>\n<h4>Le Litepanels Sola 6<\/h4>\n<p>Litepanels fait entrer le Fresnel dans le 21e si\u00e8cle avec la nouvelle s\u00e9rie Sola\u2122 dont l'\u00e9quilibre d\u00e9pend de la lumi\u00e8re du jour.<br \/>\nAvec un faisceau r\u00e9glable de 10\u00b0 \u00e0 70\u00b0, le nouveau Sola 6 r\u00e9volutionnaire offre la possibilit\u00e9 de contr\u00f4le et certaines des propri\u00e9t\u00e9s d'ombre inh\u00e9rentes \u00e0 une lumi\u00e8re de Fresnel, tout en n'utilisant qu'une fraction de la puissance des luminaires conventionnels.<\/p>\n<p>En utilisant les LED ultra-efficaces de Litepanels, le Litepanels Sola6 tire 75W avec une puissance \u00e9quivalente \u00e0 un Fresnel en tungst\u00e8ne de 650W. C'est environ 1\/10 de la quantit\u00e9 d'\u00e9nergie n\u00e9cessaire pour fournir le m\u00eame \u00e9clairage qu'une fresnel tungst\u00e8ne conventionnelle. Elle g\u00e9n\u00e8re tr\u00e8s peu de chaleur. La fonction de refroidissement au toucher de l'\u00e9clairage LED r\u00e9duit non seulement les besoins en climatisation, mais parce qu'ils ne fournissent pas la dissipation de chaleur et la protection requises pour les fresnels conventionnels, le Sola6 ne p\u00e8se qu'un tiers du poids de ses pr\u00e9d\u00e9cesseurs HMI et Tungst\u00e8ne (et n'a pas de ballasts externes). Le Sola6 dispose d'une entr\u00e9e AC universelle et peut \u00eatre utilis\u00e9 dans le monde entier sur des appareils \u00e9lectroniques grand public.<\/p>\n<p>Comme tous les Litepanels, les Fresnels Sola peuvent directement varier de 100% \u00e0 0 sans changement de couleur perceptible. Le Sola6 offre un contr\u00f4le manuel de la focalisation et de la gradation via l'\u00e9cran tactile et peut \u00e9galement \u00eatre contr\u00f4l\u00e9 via DMX. La sortie est totalement exempte de scintillement et reste constante, m\u00eame si la tension de la batterie baisse.<\/p>\n<p>Louez-le maintenant sur <a href=\"https:\/\/www.cinesouk.ma\/fr\">CINESOUK<\/a> - une marque de <a href=\"https:\/\/www.broadway.ma\/\">BROADWAY PRODUCTIONS SARL.<\/a><\/p>\n<p>&nbsp;<\/p>","protected":false},"excerpt":{"rendered":"<p>Sp\u00e9cifications<\/p>\n<p><strong>Angle du faisceau<\/strong>: 67\u00b0 - 15\u00b0<br \/>\n<strong>Temp\u00e9rature de la couleur :\u00a0<\/strong>Lumi\u00e8re du jour \u00e9quilibr\u00e9e<br \/>\n<b>Lentille de Fresnel : <\/b>15,24 cm<br \/>\n<strong>Poids : <\/strong>4,13 kg<\/p>\n<p>&nbsp;<\/p>","protected":false},"featured_media":807,"template":"","meta":{"om_disable_all_campaigns":false,"_monsterinsights_skip_tracking":false,"_monsterinsights_sitenote_active":false,"_monsterinsights_sitenote_note":"","_monsterinsights_sitenote_category":0,"_uf_show_specific_survey":0,"_uf_disable_surveys":false},"product_brand":[],"product_cat":[131,20],"product_tag":[],"class_list":{"0":"post-794","1":"product","2":"type-product","3":"status-publish","4":"has-post-thumbnail","6":"product_cat-light-eventsouk","7":"product_cat-light-cinesouk","9":"entry","10":"has-media","12":"first","13":"instock","14":"taxable","15":"shipping-taxable","16":"purchasable","17":"product-type-variable","18":"has-product-nav","19":"col","20":"span_1_of_3","21":"owp-content-center","22":"owp-thumbs-layout-horizontal","23":"owp-btn-normal","24":"owp-tabs-layout-horizontal","25":"has-no-thumbnails"},"yoast_head":"<!-- This site is optimized with the Yoast SEO Premium plugin v26.0 (Yoast SEO v26.0) - https:\/\/yoast.com\/wordpress\/plugins\/seo\/ -->\n<title>Litepanels Sola 6 + CTO Gel Set - CineSouk - For rent<\/title>\n<meta name=\"description\" content=\"Litepanels Sola 6 + CTO Gel Set biedt de controleerbaarheid en lichtvormende eigenschappen die inherent zijn aan een Fresnel-lamp.\" \/>\n<meta name=\"robots\" content=\"index, follow, max-snippet:-1, max-image-preview:large, max-video-preview:-1\" \/>\n<link rel=\"canonical\" href=\"https:\/\/www.cinesouk.ma\/fr\/produit\/litepanels-sola-6-cto-gel-set-2\/\" \/>\n<meta property=\"og:locale\" content=\"fr_FR\" \/>\n<meta property=\"og:type\" content=\"article\" \/>\n<meta property=\"og:title\" content=\"Litepanels Sola 6 + CTO Gel Set\" \/>\n<meta property=\"og:description\" content=\"Litepanels Sola 6 + CTO Gel Set biedt de controleerbaarheid en lichtvormende eigenschappen die inherent zijn aan een Fresnel-lamp.\" \/>\n<meta property=\"og:url\" content=\"https:\/\/www.cinesouk.ma\/fr\/produit\/litepanels-sola-6-cto-gel-set-2\/\" \/>\n<meta property=\"og:site_name\" content=\"CineSouk\" \/>\n<meta property=\"article:modified_time\" content=\"2026-01-24T12:38:07+00:00\" \/>\n<meta property=\"og:image\" content=\"https:\/\/www.cinesouk.ma\/wp-content\/uploads\/2024\/01\/Litepanel-Sola6-ColorGelV4.jpg\" \/>\n\t<meta property=\"og:image:width\" content=\"300\" \/>\n\t<meta property=\"og:image:height\" content=\"238\" \/>\n\t<meta property=\"og:image:type\" content=\"image\/jpeg\" \/>\n<meta name=\"twitter:card\" content=\"summary_large_image\" \/>\n<meta name=\"twitter:description\" content=\"Litepanels Sola 6 + CTO Gel Set biedt de controleerbaarheid en lichtvormende eigenschappen die inherent zijn aan een Fresnel-lamp.\" \/>\n<meta name=\"twitter:label1\" content=\"Dur\u00e9e de lecture estim\u00e9e\" \/>\n\t<meta name=\"twitter:data1\" content=\"2 minutes\" \/>\n<script type=\"application\/ld+json\" class=\"yoast-schema-graph\">{\"@context\":\"https:\/\/schema.org\",\"@graph\":[{\"@type\":\"WebPage\",\"@id\":\"https:\/\/www.cinesouk.ma\/product\/litepanels-sola-6-cto-gel-set-2\/\",\"url\":\"https:\/\/www.cinesouk.ma\/product\/litepanels-sola-6-cto-gel-set-2\/\",\"name\":\"Litepanels Sola 6 + CTO Gel Set - CineSouk - For rent\",\"isPartOf\":{\"@id\":\"https:\/\/www.cinesouk.ma\/#website\"},\"primaryImageOfPage\":{\"@id\":\"https:\/\/www.cinesouk.ma\/product\/litepanels-sola-6-cto-gel-set-2\/#primaryimage\"},\"image\":{\"@id\":\"https:\/\/www.cinesouk.ma\/product\/litepanels-sola-6-cto-gel-set-2\/#primaryimage\"},\"thumbnailUrl\":\"https:\/\/www.cinesouk.ma\/wp-content\/uploads\/2024\/01\/Litepanel-Sola6-ColorGelV4.jpg\",\"datePublished\":\"2025-03-09T07:09:31+00:00\",\"dateModified\":\"2026-01-24T12:38:07+00:00\",\"description\":\"Litepanels Sola 6 + CTO Gel Set biedt de controleerbaarheid en lichtvormende eigenschappen die inherent zijn aan een Fresnel-lamp.\",\"breadcrumb\":{\"@id\":\"https:\/\/www.cinesouk.ma\/product\/litepanels-sola-6-cto-gel-set-2\/#breadcrumb\"},\"inLanguage\":\"fr-FR\",\"potentialAction\":[{\"@type\":\"ReadAction\",\"target\":[\"https:\/\/www.cinesouk.ma\/product\/litepanels-sola-6-cto-gel-set-2\/\"]}]},{\"@type\":\"ImageObject\",\"inLanguage\":\"fr-FR\",\"@id\":\"https:\/\/www.cinesouk.ma\/product\/litepanels-sola-6-cto-gel-set-2\/#primaryimage\",\"url\":\"https:\/\/www.cinesouk.ma\/wp-content\/uploads\/2024\/01\/Litepanel-Sola6-ColorGelV4.jpg\",\"contentUrl\":\"https:\/\/www.cinesouk.ma\/wp-content\/uploads\/2024\/01\/Litepanel-Sola6-ColorGelV4.jpg\",\"width\":300,\"height\":238},{\"@type\":\"BreadcrumbList\",\"@id\":\"https:\/\/www.cinesouk.ma\/product\/litepanels-sola-6-cto-gel-set-2\/#breadcrumb\",\"itemListElement\":[{\"@type\":\"ListItem\",\"position\":1,\"name\":\"Home\",\"item\":\"https:\/\/www.cinesouk.ma\/\"},{\"@type\":\"ListItem\",\"position\":2,\"name\":\"Shop\",\"item\":\"https:\/\/www.cinesouk.ma\/shop\/\"},{\"@type\":\"ListItem\",\"position\":3,\"name\":\"Litepanels Sola 6 + CTO Gel Set\"}]},{\"@type\":\"WebSite\",\"@id\":\"https:\/\/www.cinesouk.ma\/#website\",\"url\":\"https:\/\/www.cinesouk.ma\/\",\"name\":\"CineSouk\",\"description\":\"\",\"publisher\":{\"@id\":\"https:\/\/www.cinesouk.ma\/#organization\"},\"potentialAction\":[{\"@type\":\"SearchAction\",\"target\":{\"@type\":\"EntryPoint\",\"urlTemplate\":\"https:\/\/www.cinesouk.ma\/?s={search_term_string}\"},\"query-input\":{\"@type\":\"PropertyValueSpecification\",\"valueRequired\":true,\"valueName\":\"search_term_string\"}}],\"inLanguage\":\"fr-FR\"},{\"@type\":\"Organization\",\"@id\":\"https:\/\/www.cinesouk.ma\/#organization\",\"name\":\"CineSouk\",\"url\":\"https:\/\/www.cinesouk.ma\/\",\"logo\":{\"@type\":\"ImageObject\",\"inLanguage\":\"fr-FR\",\"@id\":\"https:\/\/www.cinesouk.ma\/#\/schema\/logo\/image\/\",\"url\":\"https:\/\/www.cinesouk.ma\/wp-content\/uploads\/2024\/01\/CineSouk-logo-v01-alpha-alligned-left.png\",\"contentUrl\":\"https:\/\/www.cinesouk.ma\/wp-content\/uploads\/2024\/01\/CineSouk-logo-v01-alpha-alligned-left.png\",\"width\":3204,\"height\":889,\"caption\":\"CineSouk\"},\"image\":{\"@id\":\"https:\/\/www.cinesouk.ma\/#\/schema\/logo\/image\/\"}}]}<\/script>\n<!-- \/ Yoast SEO Premium plugin. -->","yoast_head_json":{"title":"Litepanels Sola 6 + CTO Gel Set - CineSouk - For rent","description":"Litepanels Sola 6 + CTO Gel Set biedt de controleerbaarheid en lichtvormende eigenschappen die inherent zijn aan een Fresnel-lamp.","robots":{"index":"index","follow":"follow","max-snippet":"max-snippet:-1","max-image-preview":"max-image-preview:large","max-video-preview":"max-video-preview:-1"},"canonical":"https:\/\/www.cinesouk.ma\/fr\/produit\/litepanels-sola-6-cto-gel-set-2\/","og_locale":"fr_FR","og_type":"article","og_title":"Litepanels Sola 6 + CTO Gel Set","og_description":"Litepanels Sola 6 + CTO Gel Set biedt de controleerbaarheid en lichtvormende eigenschappen die inherent zijn aan een Fresnel-lamp.","og_url":"https:\/\/www.cinesouk.ma\/fr\/produit\/litepanels-sola-6-cto-gel-set-2\/","og_site_name":"CineSouk","article_modified_time":"2026-01-24T12:38:07+00:00","og_image":[{"width":300,"height":238,"url":"https:\/\/www.cinesouk.ma\/wp-content\/uploads\/2024\/01\/Litepanel-Sola6-ColorGelV4.jpg","type":"image\/jpeg"}],"twitter_card":"summary_large_image","twitter_description":"Litepanels Sola 6 + CTO Gel Set biedt de controleerbaarheid en lichtvormende eigenschappen die inherent zijn aan een Fresnel-lamp.","twitter_misc":{"Dur\u00e9e de lecture estim\u00e9e":"2 minutes"},"schema":{"@context":"https:\/\/schema.org","@graph":[{"@type":"WebPage","@id":"https:\/\/www.cinesouk.ma\/product\/litepanels-sola-6-cto-gel-set-2\/","url":"https:\/\/www.cinesouk.ma\/product\/litepanels-sola-6-cto-gel-set-2\/","name":"Litepanels Sola 6 + CTO Gel Set - CineSouk - For rent","isPartOf":{"@id":"https:\/\/www.cinesouk.ma\/#website"},"primaryImageOfPage":{"@id":"https:\/\/www.cinesouk.ma\/product\/litepanels-sola-6-cto-gel-set-2\/#primaryimage"},"image":{"@id":"https:\/\/www.cinesouk.ma\/product\/litepanels-sola-6-cto-gel-set-2\/#primaryimage"},"thumbnailUrl":"https:\/\/www.cinesouk.ma\/wp-content\/uploads\/2024\/01\/Litepanel-Sola6-ColorGelV4.jpg","datePublished":"2025-03-09T07:09:31+00:00","dateModified":"2026-01-24T12:38:07+00:00","description":"Litepanels Sola 6 + CTO Gel Set biedt de controleerbaarheid en lichtvormende eigenschappen die inherent zijn aan een Fresnel-lamp.","breadcrumb":{"@id":"https:\/\/www.cinesouk.ma\/product\/litepanels-sola-6-cto-gel-set-2\/#breadcrumb"},"inLanguage":"fr-FR","potentialAction":[{"@type":"ReadAction","target":["https:\/\/www.cinesouk.ma\/product\/litepanels-sola-6-cto-gel-set-2\/"]}]},{"@type":"ImageObject","inLanguage":"fr-FR","@id":"https:\/\/www.cinesouk.ma\/product\/litepanels-sola-6-cto-gel-set-2\/#primaryimage","url":"https:\/\/www.cinesouk.ma\/wp-content\/uploads\/2024\/01\/Litepanel-Sola6-ColorGelV4.jpg","contentUrl":"https:\/\/www.cinesouk.ma\/wp-content\/uploads\/2024\/01\/Litepanel-Sola6-ColorGelV4.jpg","width":300,"height":238},{"@type":"BreadcrumbList","@id":"https:\/\/www.cinesouk.ma\/product\/litepanels-sola-6-cto-gel-set-2\/#breadcrumb","itemListElement":[{"@type":"ListItem","position":1,"name":"Home","item":"https:\/\/www.cinesouk.ma\/"},{"@type":"ListItem","position":2,"name":"Shop","item":"https:\/\/www.cinesouk.ma\/shop\/"},{"@type":"ListItem","position":3,"name":"Litepanels Sola 6 + CTO Gel Set"}]},{"@type":"WebSite","@id":"https:\/\/www.cinesouk.ma\/#website","url":"https:\/\/www.cinesouk.ma\/","name":"CineSouk","description":"","publisher":{"@id":"https:\/\/www.cinesouk.ma\/#organization"},"potentialAction":[{"@type":"SearchAction","target":{"@type":"EntryPoint","urlTemplate":"https:\/\/www.cinesouk.ma\/?s={search_term_string}"},"query-input":{"@type":"PropertyValueSpecification","valueRequired":true,"valueName":"search_term_string"}}],"inLanguage":"fr-FR"},{"@type":"Organization","@id":"https:\/\/www.cinesouk.ma\/#organization","name":"CineSouk","url":"https:\/\/www.cinesouk.ma\/","logo":{"@type":"ImageObject","inLanguage":"fr-FR","@id":"https:\/\/www.cinesouk.ma\/#\/schema\/logo\/image\/","url":"https:\/\/www.cinesouk.ma\/wp-content\/uploads\/2024\/01\/CineSouk-logo-v01-alpha-alligned-left.png","contentUrl":"https:\/\/www.cinesouk.ma\/wp-content\/uploads\/2024\/01\/CineSouk-logo-v01-alpha-alligned-left.png","width":3204,"height":889,"caption":"CineSouk"},"image":{"@id":"https:\/\/www.cinesouk.ma\/#\/schema\/logo\/image\/"}}]}},"_links":{"self":[{"href":"https:\/\/www.cinesouk.ma\/fr\/wp-json\/wp\/v2\/product\/794","targetHints":{"allow":["GET"]}}],"collection":[{"href":"https:\/\/www.cinesouk.ma\/fr\/wp-json\/wp\/v2\/product"}],"about":[{"href":"https:\/\/www.cinesouk.ma\/fr\/wp-json\/wp\/v2\/types\/product"}],"wp:featuredmedia":[{"embeddable":true,"href":"https:\/\/www.cinesouk.ma\/fr\/wp-json\/wp\/v2\/media\/807"}],"wp:attachment":[{"href":"https:\/\/www.cinesouk.ma\/fr\/wp-json\/wp\/v2\/media?parent=794"}],"wp:term":[{"taxonomy":"product_brand","embeddable":true,"href":"https:\/\/www.cinesouk.ma\/fr\/wp-json\/wp\/v2\/product_brand?post=794"},{"taxonomy":"product_cat","embeddable":true,"href":"https:\/\/www.cinesouk.ma\/fr\/wp-json\/wp\/v2\/product_cat?post=794"},{"taxonomy":"product_tag","embeddable":true,"href":"https:\/\/www.cinesouk.ma\/fr\/wp-json\/wp\/v2\/product_tag?post=794"}],"curies":[{"name":"wp","href":"https:\/\/api.w.org\/{rel}","templated":true}]}}