{"id":8195,"date":"2024-08-29T14:40:22","date_gmt":"2024-08-29T14:40:22","guid":{"rendered":"https:\/\/www.cinesouk.ma\/?post_type=product&#038;p=8195"},"modified":"2025-08-26T15:10:33","modified_gmt":"2025-08-26T15:10:33","slug":"falcone-storm-umbrella-xxl","status":"publish","type":"product","link":"https:\/\/www.cinesouk.ma\/fr\/produit\/falcone-storm-umbrella-xxl\/","title":{"rendered":"Parapluie Falcone Storm XXL"},"content":{"rendered":"<p>Le parapluie Falcone Storm XXL est un parapluie surdimensionn\u00e9 de premi\u00e8re qualit\u00e9. Il est con\u00e7u pour offrir une protection maximale contre les \u00e9l\u00e9ments. Con\u00e7u pour durer et r\u00e9sister, ce parapluie est parfait pour les \u00e9v\u00e9nements en plein air, les s\u00e9ances photos ou toute autre situation o\u00f9 il est essentiel de rester au sec. La taille XXL assure une couverture \u00e9tendue. Ce parapluie est donc id\u00e9al pour prot\u00e9ger plusieurs personnes ou du mat\u00e9riel volumineux de la pluie ou des rayons du soleil.<\/p>\n<p>Le parapluie Storm XXL est dot\u00e9 d'une armature robuste et r\u00e9sistante au vent, capable de supporter de fortes rafales. Elle lui permet de rester intact m\u00eame dans des conditions m\u00e9t\u00e9orologiques difficiles. La toile de haute qualit\u00e9 est fabriqu\u00e9e dans un mat\u00e9riau hydrofuge, offrant une protection fiable contre la pluie. La poign\u00e9e ergonomique offre une prise en main confortable, ce qui facilite le transport et les man\u0153uvres.<\/p>\n<p>Avec son design \u00e9l\u00e9gant et sa fonctionnalit\u00e9 sup\u00e9rieure, le parapluie Falcone Storm XXL est plus qu'un simple pare-pluie - c'est un outil fiable pour tous les professionnels qui ont besoin d'entretenir leur mat\u00e9riel ou de se prot\u00e9ger eux-m\u00eames par temps impr\u00e9visible.<\/p>\n<h4>Sp\u00e9cifications du parapluie Falcone Storm XXL :<\/h4>\n<ul>\n<li>Couleur : bleu marine<\/li>\n<li>Marque : FALCONE<\/li>\n<li>Poign\u00e9e : Droite<\/li>\n<li>M\u00e9canisme : ouverture manuelle<\/li>\n<li>Fibre de verre : Cadre et b\u00e2ton<\/li>\n<li>Mati\u00e8re du tissu : Polyester Pongee<\/li>\n<li>Coupe-vent : Oui<\/li>\n<li>Doming : Non<\/li>\n<li>Type de parapluie : Parapluie XXL<\/li>\n<\/ul>\n<p>Louez-le maintenant sur <a href=\"https:\/\/www.cinesouk.ma\/fr\">CINESOUK<\/a> - une marque de <a href=\"https:\/\/www.broadway.ma\/\">BROADWAY PRODUCTIONS SARL.<\/a><\/p>","protected":false},"excerpt":{"rendered":"<p>Sp\u00e9cifications :<\/p>\n<p>Diam\u00e8tre de l'auvent : 140 cm<br \/>\nMat\u00e9riau du cadre : Fibre de verre renforc\u00e9e<br \/>\nMat\u00e9riau de l'auvent : Polyester d\u00e9perlant<br \/>\nPoign\u00e9e : Ergonomique, antid\u00e9rapante<br \/>\nCouleur : Noir<\/p>","protected":false},"featured_media":8206,"template":"","meta":{"om_disable_all_campaigns":false,"_monsterinsights_skip_tracking":false,"_monsterinsights_sitenote_active":false,"_monsterinsights_sitenote_note":"","_monsterinsights_sitenote_category":0,"_uf_show_specific_survey":0,"_uf_disable_surveys":false},"product_brand":[],"product_cat":[122,43],"product_tag":[],"class_list":{"0":"post-8195","1":"product","2":"type-product","3":"status-publish","4":"has-post-thumbnail","6":"product_cat-hospitality-eventsouk","7":"product_cat-hospitality-cinesouk","9":"entry","10":"has-media","12":"first","13":"instock","14":"taxable","15":"shipping-taxable","16":"purchasable","17":"product-type-variable","18":"has-product-nav","19":"col","20":"span_1_of_3","21":"owp-content-center","22":"owp-thumbs-layout-horizontal","23":"owp-btn-normal","24":"owp-tabs-layout-horizontal","25":"has-no-thumbnails"},"yoast_head":"<!-- This site is optimized with the Yoast SEO Premium plugin v26.0 (Yoast SEO v26.0) - https:\/\/yoast.com\/wordpress\/plugins\/seo\/ -->\n<title>Falcone Storm umbrella XXL - CineSouk - For rent<\/title>\n<meta name=\"description\" content=\"Falcone Storm Umbrella XXL: Protect yourself and your gear with this durable, oversized umbrella, designed for maximum coverage and wind resistance.\" \/>\n<meta name=\"robots\" content=\"index, follow, max-snippet:-1, max-image-preview:large, max-video-preview:-1\" \/>\n<link rel=\"canonical\" href=\"https:\/\/www.cinesouk.ma\/fr\/produit\/falcone-storm-umbrella-xxl\/\" \/>\n<meta property=\"og:locale\" content=\"fr_FR\" \/>\n<meta property=\"og:type\" content=\"article\" \/>\n<meta property=\"og:title\" content=\"Falcone Storm Umbrella XXL\" \/>\n<meta property=\"og:description\" content=\"Falcone Storm Umbrella XXL: Protect yourself and your gear with this durable, oversized umbrella, designed for maximum coverage and wind resistance.\" \/>\n<meta property=\"og:url\" content=\"https:\/\/www.cinesouk.ma\/fr\/produit\/falcone-storm-umbrella-xxl\/\" \/>\n<meta property=\"og:site_name\" content=\"CineSouk\" \/>\n<meta property=\"article:modified_time\" content=\"2025-08-26T15:10:33+00:00\" \/>\n<meta property=\"og:image\" content=\"https:\/\/www.cinesouk.ma\/wp-content\/uploads\/2024\/08\/parpli.jpg\" \/>\n\t<meta property=\"og:image:width\" content=\"300\" \/>\n\t<meta property=\"og:image:height\" content=\"238\" \/>\n\t<meta property=\"og:image:type\" content=\"image\/jpeg\" \/>\n<meta name=\"twitter:card\" content=\"summary_large_image\" \/>\n<meta name=\"twitter:title\" content=\"Falcone Storm umbrella XXL\" \/>\n<meta name=\"twitter:description\" content=\"Falcone Storm Umbrella XXL: Protect yourself and your gear with this durable, oversized umbrella, designed for maximum coverage and wind resistance.\" \/>\n<meta name=\"twitter:label1\" content=\"Dur\u00e9e de lecture estim\u00e9e\" \/>\n\t<meta name=\"twitter:data1\" content=\"2 minutes\" \/>\n<script type=\"application\/ld+json\" class=\"yoast-schema-graph\">{\"@context\":\"https:\/\/schema.org\",\"@graph\":[{\"@type\":\"WebPage\",\"@id\":\"https:\/\/www.cinesouk.ma\/product\/falcone-storm-umbrella-xxl\/\",\"url\":\"https:\/\/www.cinesouk.ma\/product\/falcone-storm-umbrella-xxl\/\",\"name\":\"Falcone Storm umbrella XXL - CineSouk - For rent\",\"isPartOf\":{\"@id\":\"https:\/\/www.cinesouk.ma\/#website\"},\"primaryImageOfPage\":{\"@id\":\"https:\/\/www.cinesouk.ma\/product\/falcone-storm-umbrella-xxl\/#primaryimage\"},\"image\":{\"@id\":\"https:\/\/www.cinesouk.ma\/product\/falcone-storm-umbrella-xxl\/#primaryimage\"},\"thumbnailUrl\":\"https:\/\/www.cinesouk.ma\/wp-content\/uploads\/2024\/08\/parpli.jpg\",\"datePublished\":\"2024-08-29T14:40:22+00:00\",\"dateModified\":\"2025-08-26T15:10:33+00:00\",\"description\":\"Falcone Storm Umbrella XXL: Protect yourself and your gear with this durable, oversized umbrella, designed for maximum coverage and wind resistance.\",\"breadcrumb\":{\"@id\":\"https:\/\/www.cinesouk.ma\/product\/falcone-storm-umbrella-xxl\/#breadcrumb\"},\"inLanguage\":\"fr-FR\",\"potentialAction\":[{\"@type\":\"ReadAction\",\"target\":[\"https:\/\/www.cinesouk.ma\/product\/falcone-storm-umbrella-xxl\/\"]}]},{\"@type\":\"ImageObject\",\"inLanguage\":\"fr-FR\",\"@id\":\"https:\/\/www.cinesouk.ma\/product\/falcone-storm-umbrella-xxl\/#primaryimage\",\"url\":\"https:\/\/www.cinesouk.ma\/wp-content\/uploads\/2024\/08\/parpli.jpg\",\"contentUrl\":\"https:\/\/www.cinesouk.ma\/wp-content\/uploads\/2024\/08\/parpli.jpg\",\"width\":300,\"height\":238},{\"@type\":\"BreadcrumbList\",\"@id\":\"https:\/\/www.cinesouk.ma\/product\/falcone-storm-umbrella-xxl\/#breadcrumb\",\"itemListElement\":[{\"@type\":\"ListItem\",\"position\":1,\"name\":\"Home\",\"item\":\"https:\/\/www.cinesouk.ma\/\"},{\"@type\":\"ListItem\",\"position\":2,\"name\":\"Shop\",\"item\":\"https:\/\/www.cinesouk.ma\/shop\/\"},{\"@type\":\"ListItem\",\"position\":3,\"name\":\"Falcone Storm umbrella XXL\"}]},{\"@type\":\"WebSite\",\"@id\":\"https:\/\/www.cinesouk.ma\/#website\",\"url\":\"https:\/\/www.cinesouk.ma\/\",\"name\":\"CineSouk\",\"description\":\"\",\"publisher\":{\"@id\":\"https:\/\/www.cinesouk.ma\/#organization\"},\"potentialAction\":[{\"@type\":\"SearchAction\",\"target\":{\"@type\":\"EntryPoint\",\"urlTemplate\":\"https:\/\/www.cinesouk.ma\/?s={search_term_string}\"},\"query-input\":{\"@type\":\"PropertyValueSpecification\",\"valueRequired\":true,\"valueName\":\"search_term_string\"}}],\"inLanguage\":\"fr-FR\"},{\"@type\":\"Organization\",\"@id\":\"https:\/\/www.cinesouk.ma\/#organization\",\"name\":\"CineSouk\",\"url\":\"https:\/\/www.cinesouk.ma\/\",\"logo\":{\"@type\":\"ImageObject\",\"inLanguage\":\"fr-FR\",\"@id\":\"https:\/\/www.cinesouk.ma\/#\/schema\/logo\/image\/\",\"url\":\"https:\/\/www.cinesouk.ma\/wp-content\/uploads\/2024\/01\/CineSouk-logo-v01-alpha-alligned-left.png\",\"contentUrl\":\"https:\/\/www.cinesouk.ma\/wp-content\/uploads\/2024\/01\/CineSouk-logo-v01-alpha-alligned-left.png\",\"width\":3204,\"height\":889,\"caption\":\"CineSouk\"},\"image\":{\"@id\":\"https:\/\/www.cinesouk.ma\/#\/schema\/logo\/image\/\"}}]}<\/script>\n<!-- \/ Yoast SEO Premium plugin. -->","yoast_head_json":{"title":"Falcone Storm umbrella XXL - CineSouk - For rent","description":"Falcone Storm Umbrella XXL: Protect yourself and your gear with this durable, oversized umbrella, designed for maximum coverage and wind resistance.","robots":{"index":"index","follow":"follow","max-snippet":"max-snippet:-1","max-image-preview":"max-image-preview:large","max-video-preview":"max-video-preview:-1"},"canonical":"https:\/\/www.cinesouk.ma\/fr\/produit\/falcone-storm-umbrella-xxl\/","og_locale":"fr_FR","og_type":"article","og_title":"Falcone Storm Umbrella XXL","og_description":"Falcone Storm Umbrella XXL: Protect yourself and your gear with this durable, oversized umbrella, designed for maximum coverage and wind resistance.","og_url":"https:\/\/www.cinesouk.ma\/fr\/produit\/falcone-storm-umbrella-xxl\/","og_site_name":"CineSouk","article_modified_time":"2025-08-26T15:10:33+00:00","og_image":[{"width":300,"height":238,"url":"https:\/\/www.cinesouk.ma\/wp-content\/uploads\/2024\/08\/parpli.jpg","type":"image\/jpeg"}],"twitter_card":"summary_large_image","twitter_title":"Falcone Storm umbrella XXL","twitter_description":"Falcone Storm Umbrella XXL: Protect yourself and your gear with this durable, oversized umbrella, designed for maximum coverage and wind resistance.","twitter_misc":{"Dur\u00e9e de lecture estim\u00e9e":"2 minutes"},"schema":{"@context":"https:\/\/schema.org","@graph":[{"@type":"WebPage","@id":"https:\/\/www.cinesouk.ma\/product\/falcone-storm-umbrella-xxl\/","url":"https:\/\/www.cinesouk.ma\/product\/falcone-storm-umbrella-xxl\/","name":"Falcone Storm umbrella XXL - CineSouk - For rent","isPartOf":{"@id":"https:\/\/www.cinesouk.ma\/#website"},"primaryImageOfPage":{"@id":"https:\/\/www.cinesouk.ma\/product\/falcone-storm-umbrella-xxl\/#primaryimage"},"image":{"@id":"https:\/\/www.cinesouk.ma\/product\/falcone-storm-umbrella-xxl\/#primaryimage"},"thumbnailUrl":"https:\/\/www.cinesouk.ma\/wp-content\/uploads\/2024\/08\/parpli.jpg","datePublished":"2024-08-29T14:40:22+00:00","dateModified":"2025-08-26T15:10:33+00:00","description":"Falcone Storm Umbrella XXL: Protect yourself and your gear with this durable, oversized umbrella, designed for maximum coverage and wind resistance.","breadcrumb":{"@id":"https:\/\/www.cinesouk.ma\/product\/falcone-storm-umbrella-xxl\/#breadcrumb"},"inLanguage":"fr-FR","potentialAction":[{"@type":"ReadAction","target":["https:\/\/www.cinesouk.ma\/product\/falcone-storm-umbrella-xxl\/"]}]},{"@type":"ImageObject","inLanguage":"fr-FR","@id":"https:\/\/www.cinesouk.ma\/product\/falcone-storm-umbrella-xxl\/#primaryimage","url":"https:\/\/www.cinesouk.ma\/wp-content\/uploads\/2024\/08\/parpli.jpg","contentUrl":"https:\/\/www.cinesouk.ma\/wp-content\/uploads\/2024\/08\/parpli.jpg","width":300,"height":238},{"@type":"BreadcrumbList","@id":"https:\/\/www.cinesouk.ma\/product\/falcone-storm-umbrella-xxl\/#breadcrumb","itemListElement":[{"@type":"ListItem","position":1,"name":"Home","item":"https:\/\/www.cinesouk.ma\/"},{"@type":"ListItem","position":2,"name":"Shop","item":"https:\/\/www.cinesouk.ma\/shop\/"},{"@type":"ListItem","position":3,"name":"Falcone Storm umbrella XXL"}]},{"@type":"WebSite","@id":"https:\/\/www.cinesouk.ma\/#website","url":"https:\/\/www.cinesouk.ma\/","name":"CineSouk","description":"","publisher":{"@id":"https:\/\/www.cinesouk.ma\/#organization"},"potentialAction":[{"@type":"SearchAction","target":{"@type":"EntryPoint","urlTemplate":"https:\/\/www.cinesouk.ma\/?s={search_term_string}"},"query-input":{"@type":"PropertyValueSpecification","valueRequired":true,"valueName":"search_term_string"}}],"inLanguage":"fr-FR"},{"@type":"Organization","@id":"https:\/\/www.cinesouk.ma\/#organization","name":"CineSouk","url":"https:\/\/www.cinesouk.ma\/","logo":{"@type":"ImageObject","inLanguage":"fr-FR","@id":"https:\/\/www.cinesouk.ma\/#\/schema\/logo\/image\/","url":"https:\/\/www.cinesouk.ma\/wp-content\/uploads\/2024\/01\/CineSouk-logo-v01-alpha-alligned-left.png","contentUrl":"https:\/\/www.cinesouk.ma\/wp-content\/uploads\/2024\/01\/CineSouk-logo-v01-alpha-alligned-left.png","width":3204,"height":889,"caption":"CineSouk"},"image":{"@id":"https:\/\/www.cinesouk.ma\/#\/schema\/logo\/image\/"}}]}},"_links":{"self":[{"href":"https:\/\/www.cinesouk.ma\/fr\/wp-json\/wp\/v2\/product\/8195","targetHints":{"allow":["GET"]}}],"collection":[{"href":"https:\/\/www.cinesouk.ma\/fr\/wp-json\/wp\/v2\/product"}],"about":[{"href":"https:\/\/www.cinesouk.ma\/fr\/wp-json\/wp\/v2\/types\/product"}],"wp:featuredmedia":[{"embeddable":true,"href":"https:\/\/www.cinesouk.ma\/fr\/wp-json\/wp\/v2\/media\/8206"}],"wp:attachment":[{"href":"https:\/\/www.cinesouk.ma\/fr\/wp-json\/wp\/v2\/media?parent=8195"}],"wp:term":[{"taxonomy":"product_brand","embeddable":true,"href":"https:\/\/www.cinesouk.ma\/fr\/wp-json\/wp\/v2\/product_brand?post=8195"},{"taxonomy":"product_cat","embeddable":true,"href":"https:\/\/www.cinesouk.ma\/fr\/wp-json\/wp\/v2\/product_cat?post=8195"},{"taxonomy":"product_tag","embeddable":true,"href":"https:\/\/www.cinesouk.ma\/fr\/wp-json\/wp\/v2\/product_tag?post=8195"}],"curies":[{"name":"wp","href":"https:\/\/api.w.org\/{rel}","templated":true}]}}