{"id":8213,"date":"2024-08-30T16:30:37","date_gmt":"2024-08-30T16:30:37","guid":{"rendered":"https:\/\/www.cinesouk.ma\/?post_type=product&#038;p=8213"},"modified":"2025-09-25T13:28:06","modified_gmt":"2025-09-25T13:28:06","slug":"atomos-sumo-rental-marrakech","status":"publish","type":"product","link":"https:\/\/www.cinesouk.ma\/fr\/produit\/atomos-sumo-rental-marrakech\/","title":{"rendered":"Atomos Sumo 19SE - Moniteur de 19\u2033."},"content":{"rendered":"<p>L'Atomos Sumo 19SE est un moniteur de production 19 pouces tr\u00e8s polyvalent, parfait pour la location d'Atomos Sumo \u00e0 Marrakech pour les t\u00e2ches exigeantes de production et de post-production vid\u00e9o haut de gamme. Il combine le contr\u00f4le, l'enregistrement et la lecture en un seul appareil puissant, id\u00e9al pour les professionnels \u00e0 la recherche de fonctionnalit\u00e9s avanc\u00e9es.<\/p>\n<p>Le Sumo 19SE est dot\u00e9 d'un \u00e9cran lumineux de 1 200 nits, id\u00e9al pour un \u00e9clairage int\u00e9rieur contr\u00f4l\u00e9 et des environnements ext\u00e9rieurs difficiles. Ses capacit\u00e9s HDR garantissent un niveau de d\u00e9tail exceptionnel dans les hautes lumi\u00e8res et les ombres, offrant une clart\u00e9 d'image stup\u00e9fiante et une reproduction fid\u00e8le des couleurs.<\/p>\n<p>Prenant en charge l'entr\u00e9e 4Kp60, le moniteur enregistre dans plusieurs codecs de haute qualit\u00e9, y compris ProRes RAW, offrant aux cin\u00e9astes une flexibilit\u00e9 et une pr\u00e9cision de post-production in\u00e9gal\u00e9es. Il bascule facilement entre les entr\u00e9es quadruple SDI et HDMI, s'adaptant ainsi \u00e0 diverses cam\u00e9ras et aux flux de travail multi-cam\u00e9ras.<\/p>\n<p>Con\u00e7u pour durer, ce moniteur robuste garantit des performances fiables sur le plateau et en studio. Avec son interface intuitive, le Sumo 19SE est un outil de confiance pour les r\u00e9alisateurs, les directeurs de la photographie et les monteurs. Si vous \u00eates \u00e0 la recherche d'une location Atomos Sumo \u00e0 Marrakech, ce moniteur garantit des performances et une efficacit\u00e9 exceptionnelles pour toutes les applications professionnelles.<\/p>\n<p>Louez-le maintenant sur <a href=\"https:\/\/www.cinesouk.ma\/fr\">CINESOUK<\/a> - une marque de <a href=\"https:\/\/www.broadway.ma\/\">BROADWAY PRODUCTIONS SARL.<\/a><\/p>","protected":false},"excerpt":{"rendered":"<p>Sp\u00e9cifications :<\/p>\n<p>Taille de l'\u00e9cran : 19 pouces<br \/>\nLuminosit\u00e9 de l'\u00e9cran : 1200 nits<br \/>\nR\u00e9solution : 1920 x 1080<br \/>\nEntr\u00e9e prise en charge : 4Kp60 via HDMI 2.0 et quad SDI<br \/>\nFormat d'enregistrement : ProRes RAW, DNxHR, ProRes<br \/>\nAlimentation : Deux plaques de batterie, entr\u00e9e XLR<br \/>\nPoids : 5,2 kg<br \/>\nDimensions : 503 mm x 310 mm x 63 mm : 503 mm x 310 mm x 63 mm<\/p>","protected":false},"featured_media":8247,"template":"","meta":{"om_disable_all_campaigns":false,"_monsterinsights_skip_tracking":false,"_monsterinsights_sitenote_active":false,"_monsterinsights_sitenote_note":"","_monsterinsights_sitenote_category":0,"_uf_show_specific_survey":0,"_uf_disable_surveys":false},"product_brand":[],"product_cat":[87,51,30,32],"product_tag":[],"class_list":{"0":"post-8213","1":"product","2":"type-product","3":"status-publish","4":"has-post-thumbnail","6":"product_cat-capture-and-recorders-cinesouk","7":"product_cat-featured-cinesouk","8":"product_cat-monitors-and-screens-cinesouk","9":"product_cat-streaming-cinesouk","11":"entry","12":"has-media","14":"first","15":"instock","16":"taxable","17":"shipping-taxable","18":"purchasable","19":"product-type-variable","20":"has-product-nav","21":"col","22":"span_1_of_3","23":"owp-content-center","24":"owp-thumbs-layout-horizontal","25":"owp-btn-normal","26":"owp-tabs-layout-horizontal","27":"has-no-thumbnails"},"yoast_head":"<!-- This site is optimized with the Yoast SEO Premium plugin v26.0 (Yoast SEO v26.0) - https:\/\/yoast.com\/wordpress\/plugins\/seo\/ -->\n<title>Atomos Sumo rental Marrakech- CineSouk | Morocco - For rent<\/title>\n<meta name=\"description\" content=\"Atomos Sumo rental Marrakech: 19-inch HDR monitor with 1200-nit brightness, 4K recording, and versatile inputs for professional video production.\" \/>\n<meta name=\"robots\" content=\"index, follow, max-snippet:-1, max-image-preview:large, max-video-preview:-1\" \/>\n<link rel=\"canonical\" href=\"https:\/\/www.cinesouk.ma\/fr\/produit\/atomos-sumo-rental-marrakech\/\" \/>\n<meta property=\"og:locale\" content=\"fr_FR\" \/>\n<meta property=\"og:type\" content=\"article\" \/>\n<meta property=\"og:title\" content=\"Atomos Sumo 19SE - 19&quot; Monitor\" \/>\n<meta property=\"og:description\" content=\"Atomos Sumo rental Marrakech: 19-inch HDR monitor with 1200-nit brightness, 4K recording, and versatile inputs for professional video production.\" \/>\n<meta property=\"og:url\" content=\"https:\/\/www.cinesouk.ma\/fr\/produit\/atomos-sumo-rental-marrakech\/\" \/>\n<meta property=\"og:site_name\" content=\"CineSouk\" \/>\n<meta property=\"article:modified_time\" content=\"2025-09-25T13:28:06+00:00\" \/>\n<meta property=\"og:image\" content=\"https:\/\/www.cinesouk.ma\/wp-content\/uploads\/2024\/08\/sumsum.jpg\" \/>\n\t<meta property=\"og:image:width\" content=\"300\" \/>\n\t<meta property=\"og:image:height\" content=\"238\" \/>\n\t<meta property=\"og:image:type\" content=\"image\/jpeg\" \/>\n<meta name=\"twitter:card\" content=\"summary_large_image\" \/>\n<meta name=\"twitter:description\" content=\"Atomos Sumo rental Marrakech: 19-inch HDR monitor with 1200-nit brightness, 4K recording, and versatile inputs for professional video production.\" \/>\n<meta name=\"twitter:label1\" content=\"Dur\u00e9e de lecture estim\u00e9e\" \/>\n\t<meta name=\"twitter:data1\" content=\"1 minute\" \/>\n<script type=\"application\/ld+json\" class=\"yoast-schema-graph\">{\"@context\":\"https:\/\/schema.org\",\"@graph\":[{\"@type\":\"WebPage\",\"@id\":\"https:\/\/www.cinesouk.ma\/product\/atomos-sumo-rental-marrakech\/\",\"url\":\"https:\/\/www.cinesouk.ma\/product\/atomos-sumo-rental-marrakech\/\",\"name\":\"Atomos Sumo rental Marrakech- CineSouk | Morocco - For rent\",\"isPartOf\":{\"@id\":\"https:\/\/www.cinesouk.ma\/#website\"},\"primaryImageOfPage\":{\"@id\":\"https:\/\/www.cinesouk.ma\/product\/atomos-sumo-rental-marrakech\/#primaryimage\"},\"image\":{\"@id\":\"https:\/\/www.cinesouk.ma\/product\/atomos-sumo-rental-marrakech\/#primaryimage\"},\"thumbnailUrl\":\"https:\/\/www.cinesouk.ma\/wp-content\/uploads\/2024\/08\/sumsum.jpg\",\"datePublished\":\"2024-08-30T16:30:37+00:00\",\"dateModified\":\"2025-09-25T13:28:06+00:00\",\"description\":\"Atomos Sumo rental Marrakech: 19-inch HDR monitor with 1200-nit brightness, 4K recording, and versatile inputs for professional video production.\",\"breadcrumb\":{\"@id\":\"https:\/\/www.cinesouk.ma\/product\/atomos-sumo-rental-marrakech\/#breadcrumb\"},\"inLanguage\":\"fr-FR\",\"potentialAction\":[{\"@type\":\"ReadAction\",\"target\":[\"https:\/\/www.cinesouk.ma\/product\/atomos-sumo-rental-marrakech\/\"]}]},{\"@type\":\"ImageObject\",\"inLanguage\":\"fr-FR\",\"@id\":\"https:\/\/www.cinesouk.ma\/product\/atomos-sumo-rental-marrakech\/#primaryimage\",\"url\":\"https:\/\/www.cinesouk.ma\/wp-content\/uploads\/2024\/08\/sumsum.jpg\",\"contentUrl\":\"https:\/\/www.cinesouk.ma\/wp-content\/uploads\/2024\/08\/sumsum.jpg\",\"width\":300,\"height\":238,\"caption\":\"Atomos Sumo 19SE Monitor\"},{\"@type\":\"BreadcrumbList\",\"@id\":\"https:\/\/www.cinesouk.ma\/product\/atomos-sumo-rental-marrakech\/#breadcrumb\",\"itemListElement\":[{\"@type\":\"ListItem\",\"position\":1,\"name\":\"Home\",\"item\":\"https:\/\/www.cinesouk.ma\/\"},{\"@type\":\"ListItem\",\"position\":2,\"name\":\"Shop\",\"item\":\"https:\/\/www.cinesouk.ma\/shop\/\"},{\"@type\":\"ListItem\",\"position\":3,\"name\":\"Atomos Sumo 19SE &#8211; 19&#8243; Monitor\"}]},{\"@type\":\"WebSite\",\"@id\":\"https:\/\/www.cinesouk.ma\/#website\",\"url\":\"https:\/\/www.cinesouk.ma\/\",\"name\":\"CineSouk\",\"description\":\"\",\"publisher\":{\"@id\":\"https:\/\/www.cinesouk.ma\/#organization\"},\"potentialAction\":[{\"@type\":\"SearchAction\",\"target\":{\"@type\":\"EntryPoint\",\"urlTemplate\":\"https:\/\/www.cinesouk.ma\/?s={search_term_string}\"},\"query-input\":{\"@type\":\"PropertyValueSpecification\",\"valueRequired\":true,\"valueName\":\"search_term_string\"}}],\"inLanguage\":\"fr-FR\"},{\"@type\":\"Organization\",\"@id\":\"https:\/\/www.cinesouk.ma\/#organization\",\"name\":\"CineSouk\",\"url\":\"https:\/\/www.cinesouk.ma\/\",\"logo\":{\"@type\":\"ImageObject\",\"inLanguage\":\"fr-FR\",\"@id\":\"https:\/\/www.cinesouk.ma\/#\/schema\/logo\/image\/\",\"url\":\"https:\/\/www.cinesouk.ma\/wp-content\/uploads\/2024\/01\/CineSouk-logo-v01-alpha-alligned-left.png\",\"contentUrl\":\"https:\/\/www.cinesouk.ma\/wp-content\/uploads\/2024\/01\/CineSouk-logo-v01-alpha-alligned-left.png\",\"width\":3204,\"height\":889,\"caption\":\"CineSouk\"},\"image\":{\"@id\":\"https:\/\/www.cinesouk.ma\/#\/schema\/logo\/image\/\"}}]}<\/script>\n<!-- \/ Yoast SEO Premium plugin. -->","yoast_head_json":{"title":"Atomos Sumo rental Marrakech- CineSouk | Morocco - For rent","description":"Atomos Sumo rental Marrakech: 19-inch HDR monitor with 1200-nit brightness, 4K recording, and versatile inputs for professional video production.","robots":{"index":"index","follow":"follow","max-snippet":"max-snippet:-1","max-image-preview":"max-image-preview:large","max-video-preview":"max-video-preview:-1"},"canonical":"https:\/\/www.cinesouk.ma\/fr\/produit\/atomos-sumo-rental-marrakech\/","og_locale":"fr_FR","og_type":"article","og_title":"Atomos Sumo 19SE - 19\" Monitor","og_description":"Atomos Sumo rental Marrakech: 19-inch HDR monitor with 1200-nit brightness, 4K recording, and versatile inputs for professional video production.","og_url":"https:\/\/www.cinesouk.ma\/fr\/produit\/atomos-sumo-rental-marrakech\/","og_site_name":"CineSouk","article_modified_time":"2025-09-25T13:28:06+00:00","og_image":[{"width":300,"height":238,"url":"https:\/\/www.cinesouk.ma\/wp-content\/uploads\/2024\/08\/sumsum.jpg","type":"image\/jpeg"}],"twitter_card":"summary_large_image","twitter_description":"Atomos Sumo rental Marrakech: 19-inch HDR monitor with 1200-nit brightness, 4K recording, and versatile inputs for professional video production.","twitter_misc":{"Dur\u00e9e de lecture estim\u00e9e":"1 minute"},"schema":{"@context":"https:\/\/schema.org","@graph":[{"@type":"WebPage","@id":"https:\/\/www.cinesouk.ma\/product\/atomos-sumo-rental-marrakech\/","url":"https:\/\/www.cinesouk.ma\/product\/atomos-sumo-rental-marrakech\/","name":"Atomos Sumo rental Marrakech- CineSouk | Morocco - For rent","isPartOf":{"@id":"https:\/\/www.cinesouk.ma\/#website"},"primaryImageOfPage":{"@id":"https:\/\/www.cinesouk.ma\/product\/atomos-sumo-rental-marrakech\/#primaryimage"},"image":{"@id":"https:\/\/www.cinesouk.ma\/product\/atomos-sumo-rental-marrakech\/#primaryimage"},"thumbnailUrl":"https:\/\/www.cinesouk.ma\/wp-content\/uploads\/2024\/08\/sumsum.jpg","datePublished":"2024-08-30T16:30:37+00:00","dateModified":"2025-09-25T13:28:06+00:00","description":"Atomos Sumo rental Marrakech: 19-inch HDR monitor with 1200-nit brightness, 4K recording, and versatile inputs for professional video production.","breadcrumb":{"@id":"https:\/\/www.cinesouk.ma\/product\/atomos-sumo-rental-marrakech\/#breadcrumb"},"inLanguage":"fr-FR","potentialAction":[{"@type":"ReadAction","target":["https:\/\/www.cinesouk.ma\/product\/atomos-sumo-rental-marrakech\/"]}]},{"@type":"ImageObject","inLanguage":"fr-FR","@id":"https:\/\/www.cinesouk.ma\/product\/atomos-sumo-rental-marrakech\/#primaryimage","url":"https:\/\/www.cinesouk.ma\/wp-content\/uploads\/2024\/08\/sumsum.jpg","contentUrl":"https:\/\/www.cinesouk.ma\/wp-content\/uploads\/2024\/08\/sumsum.jpg","width":300,"height":238,"caption":"Atomos Sumo 19SE Monitor"},{"@type":"BreadcrumbList","@id":"https:\/\/www.cinesouk.ma\/product\/atomos-sumo-rental-marrakech\/#breadcrumb","itemListElement":[{"@type":"ListItem","position":1,"name":"Home","item":"https:\/\/www.cinesouk.ma\/"},{"@type":"ListItem","position":2,"name":"Shop","item":"https:\/\/www.cinesouk.ma\/shop\/"},{"@type":"ListItem","position":3,"name":"Atomos Sumo 19SE &#8211; 19&#8243; Monitor"}]},{"@type":"WebSite","@id":"https:\/\/www.cinesouk.ma\/#website","url":"https:\/\/www.cinesouk.ma\/","name":"CineSouk","description":"","publisher":{"@id":"https:\/\/www.cinesouk.ma\/#organization"},"potentialAction":[{"@type":"SearchAction","target":{"@type":"EntryPoint","urlTemplate":"https:\/\/www.cinesouk.ma\/?s={search_term_string}"},"query-input":{"@type":"PropertyValueSpecification","valueRequired":true,"valueName":"search_term_string"}}],"inLanguage":"fr-FR"},{"@type":"Organization","@id":"https:\/\/www.cinesouk.ma\/#organization","name":"CineSouk","url":"https:\/\/www.cinesouk.ma\/","logo":{"@type":"ImageObject","inLanguage":"fr-FR","@id":"https:\/\/www.cinesouk.ma\/#\/schema\/logo\/image\/","url":"https:\/\/www.cinesouk.ma\/wp-content\/uploads\/2024\/01\/CineSouk-logo-v01-alpha-alligned-left.png","contentUrl":"https:\/\/www.cinesouk.ma\/wp-content\/uploads\/2024\/01\/CineSouk-logo-v01-alpha-alligned-left.png","width":3204,"height":889,"caption":"CineSouk"},"image":{"@id":"https:\/\/www.cinesouk.ma\/#\/schema\/logo\/image\/"}}]}},"_links":{"self":[{"href":"https:\/\/www.cinesouk.ma\/fr\/wp-json\/wp\/v2\/product\/8213","targetHints":{"allow":["GET"]}}],"collection":[{"href":"https:\/\/www.cinesouk.ma\/fr\/wp-json\/wp\/v2\/product"}],"about":[{"href":"https:\/\/www.cinesouk.ma\/fr\/wp-json\/wp\/v2\/types\/product"}],"wp:featuredmedia":[{"embeddable":true,"href":"https:\/\/www.cinesouk.ma\/fr\/wp-json\/wp\/v2\/media\/8247"}],"wp:attachment":[{"href":"https:\/\/www.cinesouk.ma\/fr\/wp-json\/wp\/v2\/media?parent=8213"}],"wp:term":[{"taxonomy":"product_brand","embeddable":true,"href":"https:\/\/www.cinesouk.ma\/fr\/wp-json\/wp\/v2\/product_brand?post=8213"},{"taxonomy":"product_cat","embeddable":true,"href":"https:\/\/www.cinesouk.ma\/fr\/wp-json\/wp\/v2\/product_cat?post=8213"},{"taxonomy":"product_tag","embeddable":true,"href":"https:\/\/www.cinesouk.ma\/fr\/wp-json\/wp\/v2\/product_tag?post=8213"}],"curies":[{"name":"wp","href":"https:\/\/api.w.org\/{rel}","templated":true}]}}