{"id":8353,"date":"2025-03-09T20:00:07","date_gmt":"2025-03-09T20:00:07","guid":{"rendered":"https:\/\/www.cinesouk.ma\/?post_type=product&#038;p=8353"},"modified":"2025-08-18T10:47:04","modified_gmt":"2025-08-18T10:47:04","slug":"aputure-ls-1200d-pro","status":"publish","type":"product","link":"https:\/\/www.cinesouk.ma\/fr\/produit\/aputure-ls-1200d-pro\/","title":{"rendered":"Aputure LS 1200D Pro"},"content":{"rendered":"<p>L'Aputure LS 1200D Pro est \u00e0 la t\u00eate de la gamme d'\u00e9clairage d'Aputure, con\u00e7ue pour les cin\u00e9astes et les photographes qui ont besoin d'un \u00e9clairage fiable \u00e0 haut rendement. En tant que lumi\u00e8re LED la plus puissante d'Aputure, la LED COB 1200W d\u00e9livre jusqu'\u00e0 83 100 lux \u00e0 3 m\u00e8tres avec l'Hyper Reflector.<\/p>\n<p>Le LS 1200D Pro d'Aputure permet un contr\u00f4le total de la temp\u00e9rature et de l'intensit\u00e9 des couleurs, garantissant la pr\u00e9cision de chaque sc\u00e8ne. Avec un CRI et un TLCI de 96+, il offre une fid\u00e9lit\u00e9 des couleurs de premier ordre pour les productions professionnelles.<\/p>\n<p>Les utilisateurs contr\u00f4lent le 1200D Pro via DMX512, Sidus Link App, LumenRadio ou Art-Net, assurant un contr\u00f4le complet sur le plateau ou \u00e0 distance. Il dispose de quatre courbes de gradation (lin\u00e9aire, exponentielle, logarithmique et courbe en S) et gradation de 0,1% \u00e0 100%, ce qui permet des ajustements pr\u00e9cis de l'\u00e9clairage.<\/p>\n<p>Con\u00e7u pour durer, le 1200D Pro r\u00e9siste \u00e0 la pluie et \u00e0 la poussi\u00e8re, ce qui le rend id\u00e9al pour les tournages en ext\u00e9rieur. L'unit\u00e9 fonctionne sur secteur ou sur deux batteries V-Mount ou Gold Mount, garantissant un fonctionnement continu pendant les tournages.<\/p>\n<p>Gr\u00e2ce \u00e0 sa monture Bowens, le 1200D Pro prend en charge une large gamme de modificateurs de lumi\u00e8re, offrant ainsi une grande flexibilit\u00e9 cr\u00e9ative. Il fonctionne \u00e9galement avec le F10 Fresnel, amplifiant la puissance lumineuse pour les productions \u00e0 grande \u00e9chelle.<\/p>\n<p>Louez-le maintenant sur <a href=\"https:\/\/www.cinesouk.ma\/fr\">CINESOUK<\/a> - une marque de <a href=\"https:\/\/www.broadway.ma\/\">BROADWAY PRODUCTIONS SARL.<\/a><\/p>","protected":false},"excerpt":{"rendered":"<p>Sp\u00e9cifications<\/p>\n<p>Puissance de sortie : 1200W<br \/>\nRendement lumineux : Jusqu'\u00e0 83 100 lux \u00e0 3 m\u00e8tres (avec Hyper Reflector)<br \/>\nTemp\u00e9rature de couleur : 5600K (\u00e9quilibr\u00e9e par rapport \u00e0 la lumi\u00e8re du jour)<br \/>\nCRI\/TLCI : 96+<br \/>\nOptions de contr\u00f4le : DMX512, Sidus Link App, LumenRadio, Art-Net, commandes embarqu\u00e9es<br \/>\nGradation : 0,1% \u00e0 100%, avec 4 courbes de gradation<br \/>\nOptions d'alimentation : Alimentation en courant alternatif, deux plaques de batterie V-Mount\/Gold Mount<br \/>\nType de monture : Monture Bowens<br \/>\nPoids : 9,7 kg (t\u00eate lumineuse), 3,9 kg (bo\u00eetier de commande)<br \/>\nDimensions : Lumi\u00e8re : 385 x 285 x 225 mm ; Bo\u00eetier de contr\u00f4le : 380 x 155 x 135 mm<\/p>","protected":false},"featured_media":8364,"template":"","meta":{"om_disable_all_campaigns":false,"_monsterinsights_skip_tracking":false,"_monsterinsights_sitenote_active":false,"_monsterinsights_sitenote_note":"","_monsterinsights_sitenote_category":0,"_uf_show_specific_survey":0,"_uf_disable_surveys":false},"product_brand":[],"product_cat":[131,20,53],"product_tag":[],"class_list":{"0":"post-8353","1":"product","2":"type-product","3":"status-publish","4":"has-post-thumbnail","6":"product_cat-light-eventsouk","7":"product_cat-light-cinesouk","8":"product_cat-popular-cinesouk","10":"entry","11":"has-media","13":"first","14":"instock","15":"taxable","16":"shipping-taxable","17":"purchasable","18":"product-type-variable","19":"has-product-nav","20":"col","21":"span_1_of_3","22":"owp-content-center","23":"owp-thumbs-layout-horizontal","24":"owp-btn-normal","25":"owp-tabs-layout-horizontal","26":"has-no-thumbnails"},"yoast_head":"<!-- This site is optimized with the Yoast SEO Premium plugin v26.0 (Yoast SEO v26.0) - https:\/\/yoast.com\/wordpress\/plugins\/seo\/ -->\n<title>Aputure LS 1200D Pro - CineSouk - For rent<\/title>\n<meta name=\"description\" content=\"Aputure LS 1200D Pro: 1200W LED with 83,100 lux output, advanced controls, and weather-resistant design for professional film and photography.\" \/>\n<meta name=\"robots\" content=\"index, follow, max-snippet:-1, max-image-preview:large, max-video-preview:-1\" \/>\n<link rel=\"canonical\" href=\"https:\/\/www.cinesouk.ma\/fr\/produit\/aputure-ls-1200d-pro\/\" \/>\n<meta property=\"og:locale\" content=\"fr_FR\" \/>\n<meta property=\"og:type\" content=\"article\" \/>\n<meta property=\"og:title\" content=\"Aputure LS 1200D Pro\" \/>\n<meta property=\"og:description\" content=\"Aputure LS 1200D Pro: 1200W LED with 83,100 lux output, advanced controls, and weather-resistant design for professional film and photography.\" \/>\n<meta property=\"og:url\" content=\"https:\/\/www.cinesouk.ma\/fr\/produit\/aputure-ls-1200d-pro\/\" \/>\n<meta property=\"og:site_name\" content=\"CineSouk\" \/>\n<meta property=\"article:modified_time\" content=\"2025-08-18T10:47:04+00:00\" \/>\n<meta property=\"og:image\" content=\"https:\/\/www.cinesouk.ma\/wp-content\/uploads\/2024\/09\/1200.jpg\" \/>\n\t<meta property=\"og:image:width\" content=\"300\" \/>\n\t<meta property=\"og:image:height\" content=\"238\" \/>\n\t<meta property=\"og:image:type\" content=\"image\/jpeg\" \/>\n<meta name=\"twitter:card\" content=\"summary_large_image\" \/>\n<meta name=\"twitter:title\" content=\"Aputure LS 1200D Pro\" \/>\n<meta name=\"twitter:description\" content=\"Aputure LS 1200d Pro: 1200W LED with 83,100 lux output, advanced controls, and weather-resistant design for professional film and photography.\" \/>\n<meta name=\"twitter:label1\" content=\"Dur\u00e9e de lecture estim\u00e9e\" \/>\n\t<meta name=\"twitter:data1\" content=\"2 minutes\" \/>\n<script type=\"application\/ld+json\" class=\"yoast-schema-graph\">{\"@context\":\"https:\/\/schema.org\",\"@graph\":[{\"@type\":\"WebPage\",\"@id\":\"https:\/\/www.cinesouk.ma\/product\/aputure-ls-1200d-pro\/\",\"url\":\"https:\/\/www.cinesouk.ma\/product\/aputure-ls-1200d-pro\/\",\"name\":\"Aputure LS 1200D Pro - CineSouk - For rent\",\"isPartOf\":{\"@id\":\"https:\/\/www.cinesouk.ma\/#website\"},\"primaryImageOfPage\":{\"@id\":\"https:\/\/www.cinesouk.ma\/product\/aputure-ls-1200d-pro\/#primaryimage\"},\"image\":{\"@id\":\"https:\/\/www.cinesouk.ma\/product\/aputure-ls-1200d-pro\/#primaryimage\"},\"thumbnailUrl\":\"https:\/\/www.cinesouk.ma\/wp-content\/uploads\/2024\/09\/1200.jpg\",\"datePublished\":\"2025-03-09T20:00:07+00:00\",\"dateModified\":\"2025-08-18T10:47:04+00:00\",\"description\":\"Aputure LS 1200D Pro: 1200W LED with 83,100 lux output, advanced controls, and weather-resistant design for professional film and photography.\",\"breadcrumb\":{\"@id\":\"https:\/\/www.cinesouk.ma\/product\/aputure-ls-1200d-pro\/#breadcrumb\"},\"inLanguage\":\"fr-FR\",\"potentialAction\":[{\"@type\":\"ReadAction\",\"target\":[\"https:\/\/www.cinesouk.ma\/product\/aputure-ls-1200d-pro\/\"]}]},{\"@type\":\"ImageObject\",\"inLanguage\":\"fr-FR\",\"@id\":\"https:\/\/www.cinesouk.ma\/product\/aputure-ls-1200d-pro\/#primaryimage\",\"url\":\"https:\/\/www.cinesouk.ma\/wp-content\/uploads\/2024\/09\/1200.jpg\",\"contentUrl\":\"https:\/\/www.cinesouk.ma\/wp-content\/uploads\/2024\/09\/1200.jpg\",\"width\":300,\"height\":238,\"caption\":\"Aputure LS 1200d\"},{\"@type\":\"BreadcrumbList\",\"@id\":\"https:\/\/www.cinesouk.ma\/product\/aputure-ls-1200d-pro\/#breadcrumb\",\"itemListElement\":[{\"@type\":\"ListItem\",\"position\":1,\"name\":\"Home\",\"item\":\"https:\/\/www.cinesouk.ma\/\"},{\"@type\":\"ListItem\",\"position\":2,\"name\":\"Shop\",\"item\":\"https:\/\/www.cinesouk.ma\/shop\/\"},{\"@type\":\"ListItem\",\"position\":3,\"name\":\"Aputure LS 1200D Pro\"}]},{\"@type\":\"WebSite\",\"@id\":\"https:\/\/www.cinesouk.ma\/#website\",\"url\":\"https:\/\/www.cinesouk.ma\/\",\"name\":\"CineSouk\",\"description\":\"\",\"publisher\":{\"@id\":\"https:\/\/www.cinesouk.ma\/#organization\"},\"potentialAction\":[{\"@type\":\"SearchAction\",\"target\":{\"@type\":\"EntryPoint\",\"urlTemplate\":\"https:\/\/www.cinesouk.ma\/?s={search_term_string}\"},\"query-input\":{\"@type\":\"PropertyValueSpecification\",\"valueRequired\":true,\"valueName\":\"search_term_string\"}}],\"inLanguage\":\"fr-FR\"},{\"@type\":\"Organization\",\"@id\":\"https:\/\/www.cinesouk.ma\/#organization\",\"name\":\"CineSouk\",\"url\":\"https:\/\/www.cinesouk.ma\/\",\"logo\":{\"@type\":\"ImageObject\",\"inLanguage\":\"fr-FR\",\"@id\":\"https:\/\/www.cinesouk.ma\/#\/schema\/logo\/image\/\",\"url\":\"https:\/\/www.cinesouk.ma\/wp-content\/uploads\/2024\/01\/CineSouk-logo-v01-alpha-alligned-left.png\",\"contentUrl\":\"https:\/\/www.cinesouk.ma\/wp-content\/uploads\/2024\/01\/CineSouk-logo-v01-alpha-alligned-left.png\",\"width\":3204,\"height\":889,\"caption\":\"CineSouk\"},\"image\":{\"@id\":\"https:\/\/www.cinesouk.ma\/#\/schema\/logo\/image\/\"}}]}<\/script>\n<!-- \/ Yoast SEO Premium plugin. -->","yoast_head_json":{"title":"Aputure LS 1200D Pro - CineSouk - For rent","description":"Aputure LS 1200D Pro: 1200W LED with 83,100 lux output, advanced controls, and weather-resistant design for professional film and photography.","robots":{"index":"index","follow":"follow","max-snippet":"max-snippet:-1","max-image-preview":"max-image-preview:large","max-video-preview":"max-video-preview:-1"},"canonical":"https:\/\/www.cinesouk.ma\/fr\/produit\/aputure-ls-1200d-pro\/","og_locale":"fr_FR","og_type":"article","og_title":"Aputure LS 1200D Pro","og_description":"Aputure LS 1200D Pro: 1200W LED with 83,100 lux output, advanced controls, and weather-resistant design for professional film and photography.","og_url":"https:\/\/www.cinesouk.ma\/fr\/produit\/aputure-ls-1200d-pro\/","og_site_name":"CineSouk","article_modified_time":"2025-08-18T10:47:04+00:00","og_image":[{"width":300,"height":238,"url":"https:\/\/www.cinesouk.ma\/wp-content\/uploads\/2024\/09\/1200.jpg","type":"image\/jpeg"}],"twitter_card":"summary_large_image","twitter_title":"Aputure LS 1200D Pro","twitter_description":"Aputure LS 1200d Pro: 1200W LED with 83,100 lux output, advanced controls, and weather-resistant design for professional film and photography.","twitter_misc":{"Dur\u00e9e de lecture estim\u00e9e":"2 minutes"},"schema":{"@context":"https:\/\/schema.org","@graph":[{"@type":"WebPage","@id":"https:\/\/www.cinesouk.ma\/product\/aputure-ls-1200d-pro\/","url":"https:\/\/www.cinesouk.ma\/product\/aputure-ls-1200d-pro\/","name":"Aputure LS 1200D Pro - CineSouk - For rent","isPartOf":{"@id":"https:\/\/www.cinesouk.ma\/#website"},"primaryImageOfPage":{"@id":"https:\/\/www.cinesouk.ma\/product\/aputure-ls-1200d-pro\/#primaryimage"},"image":{"@id":"https:\/\/www.cinesouk.ma\/product\/aputure-ls-1200d-pro\/#primaryimage"},"thumbnailUrl":"https:\/\/www.cinesouk.ma\/wp-content\/uploads\/2024\/09\/1200.jpg","datePublished":"2025-03-09T20:00:07+00:00","dateModified":"2025-08-18T10:47:04+00:00","description":"Aputure LS 1200D Pro: 1200W LED with 83,100 lux output, advanced controls, and weather-resistant design for professional film and photography.","breadcrumb":{"@id":"https:\/\/www.cinesouk.ma\/product\/aputure-ls-1200d-pro\/#breadcrumb"},"inLanguage":"fr-FR","potentialAction":[{"@type":"ReadAction","target":["https:\/\/www.cinesouk.ma\/product\/aputure-ls-1200d-pro\/"]}]},{"@type":"ImageObject","inLanguage":"fr-FR","@id":"https:\/\/www.cinesouk.ma\/product\/aputure-ls-1200d-pro\/#primaryimage","url":"https:\/\/www.cinesouk.ma\/wp-content\/uploads\/2024\/09\/1200.jpg","contentUrl":"https:\/\/www.cinesouk.ma\/wp-content\/uploads\/2024\/09\/1200.jpg","width":300,"height":238,"caption":"Aputure LS 1200d"},{"@type":"BreadcrumbList","@id":"https:\/\/www.cinesouk.ma\/product\/aputure-ls-1200d-pro\/#breadcrumb","itemListElement":[{"@type":"ListItem","position":1,"name":"Home","item":"https:\/\/www.cinesouk.ma\/"},{"@type":"ListItem","position":2,"name":"Shop","item":"https:\/\/www.cinesouk.ma\/shop\/"},{"@type":"ListItem","position":3,"name":"Aputure LS 1200D Pro"}]},{"@type":"WebSite","@id":"https:\/\/www.cinesouk.ma\/#website","url":"https:\/\/www.cinesouk.ma\/","name":"CineSouk","description":"","publisher":{"@id":"https:\/\/www.cinesouk.ma\/#organization"},"potentialAction":[{"@type":"SearchAction","target":{"@type":"EntryPoint","urlTemplate":"https:\/\/www.cinesouk.ma\/?s={search_term_string}"},"query-input":{"@type":"PropertyValueSpecification","valueRequired":true,"valueName":"search_term_string"}}],"inLanguage":"fr-FR"},{"@type":"Organization","@id":"https:\/\/www.cinesouk.ma\/#organization","name":"CineSouk","url":"https:\/\/www.cinesouk.ma\/","logo":{"@type":"ImageObject","inLanguage":"fr-FR","@id":"https:\/\/www.cinesouk.ma\/#\/schema\/logo\/image\/","url":"https:\/\/www.cinesouk.ma\/wp-content\/uploads\/2024\/01\/CineSouk-logo-v01-alpha-alligned-left.png","contentUrl":"https:\/\/www.cinesouk.ma\/wp-content\/uploads\/2024\/01\/CineSouk-logo-v01-alpha-alligned-left.png","width":3204,"height":889,"caption":"CineSouk"},"image":{"@id":"https:\/\/www.cinesouk.ma\/#\/schema\/logo\/image\/"}}]}},"_links":{"self":[{"href":"https:\/\/www.cinesouk.ma\/fr\/wp-json\/wp\/v2\/product\/8353","targetHints":{"allow":["GET"]}}],"collection":[{"href":"https:\/\/www.cinesouk.ma\/fr\/wp-json\/wp\/v2\/product"}],"about":[{"href":"https:\/\/www.cinesouk.ma\/fr\/wp-json\/wp\/v2\/types\/product"}],"wp:featuredmedia":[{"embeddable":true,"href":"https:\/\/www.cinesouk.ma\/fr\/wp-json\/wp\/v2\/media\/8364"}],"wp:attachment":[{"href":"https:\/\/www.cinesouk.ma\/fr\/wp-json\/wp\/v2\/media?parent=8353"}],"wp:term":[{"taxonomy":"product_brand","embeddable":true,"href":"https:\/\/www.cinesouk.ma\/fr\/wp-json\/wp\/v2\/product_brand?post=8353"},{"taxonomy":"product_cat","embeddable":true,"href":"https:\/\/www.cinesouk.ma\/fr\/wp-json\/wp\/v2\/product_cat?post=8353"},{"taxonomy":"product_tag","embeddable":true,"href":"https:\/\/www.cinesouk.ma\/fr\/wp-json\/wp\/v2\/product_tag?post=8353"}],"curies":[{"name":"wp","href":"https:\/\/api.w.org\/{rel}","templated":true}]}}