{"id":8365,"date":"2025-03-09T19:50:53","date_gmt":"2025-03-09T19:50:53","guid":{"rendered":"https:\/\/www.cinesouk.ma\/?post_type=product&#038;p=8365"},"modified":"2025-08-18T10:47:06","modified_gmt":"2025-08-18T10:47:06","slug":"aputure-ls-600d","status":"publish","type":"product","link":"https:\/\/www.cinesouk.ma\/fr\/produit\/aputure-ls-600d\/","title":{"rendered":"Aputure LS 600D"},"content":{"rendered":"<p>Le LS 600D d'Aputure offre un \u00e9clairage puissant aux cin\u00e9astes, photographes et cr\u00e9ateurs de contenu qui ont besoin d'un contr\u00f4le de la lumi\u00e8re polyvalent et de haute intensit\u00e9. La LED COB de 600W produit jusqu'\u00e0 29 300 lux \u00e0 3 m\u00e8tres en utilisant l'Hyper Reflector inclus, fournissant une lumi\u00e8re \u00e9quilibr\u00e9e en fonction de la lumi\u00e8re du jour \u00e0 5600K.<\/p>\n<p>L'Aputure LS 600D garantit une reproduction pr\u00e9cise des couleurs gr\u00e2ce \u00e0 ses indices CRI et TLCI de 96+, ce qui est id\u00e9al pour la vid\u00e9o et la photographie professionnelles. Il offre une gradation de 0,1% \u00e0 100%, permettant un contr\u00f4le pr\u00e9cis avec quatre courbes de gradation pour diff\u00e9rents besoins d'\u00e9clairage.<\/p>\n<p>Vous pouvez contr\u00f4ler la LS 600D via les commandes embarqu\u00e9es, DMX512, l'application Sidus Link, ou via LumenRadio et Art-Net, ce qui simplifie l'int\u00e9gration. Que ce soit en studio ou en ext\u00e9rieur, la lumi\u00e8re s'adapte facilement.<\/p>\n<p>La conception r\u00e9sistante \u00e0 la pluie et \u00e0 la poussi\u00e8re garantit la durabilit\u00e9 dans des conditions difficiles. Les options d'alimentation comprennent le courant alternatif ou deux batteries V-Mount ou Gold Mount, ce qui offre une grande flexibilit\u00e9 dans tous les environnements.<\/p>\n<p>La monture Bowens prend en charge diff\u00e9rents modificateurs de lumi\u00e8re, offrant un contr\u00f4le cr\u00e9atif sur les effets d'\u00e9clairage. Gr\u00e2ce \u00e0 cette polyvalence, le LS 600D est parfait pour les plateaux de tournage, les s\u00e9ances photo et divers environnements de production.<\/p>\n<p><strong>Sp\u00e9cifications<\/strong><\/p>\n<ul>\n<li><strong>Puissance de sortie :<\/strong> 600W<\/li>\n<li><strong>Puissance lumineuse :<\/strong> Jusqu'\u00e0 29 300 lux \u00e0 3 m\u00e8tres (avec Hyper Reflector)<\/li>\n<li><strong>Temp\u00e9rature de couleur :<\/strong> 5600K (lumi\u00e8re du jour \u00e9quilibr\u00e9e)<\/li>\n<li><strong>CRI\/TLCI :<\/strong> 96+<\/li>\n<li><strong>Options de contr\u00f4le :<\/strong> DMX512, Sidus Link app, LumenRadio, Art-Net, commandes embarqu\u00e9es<\/li>\n<li><strong>Gradation :<\/strong> 0,1% \u00e0 100%, avec 4 courbes de gradation<\/li>\n<li><strong>Options d'alimentation :<\/strong> Alimentation en courant alternatif, deux plaques de batterie V-Mount\/Gold Mount<\/li>\n<li><strong>Type de montage :<\/strong> Monture Bowens<\/li>\n<li><strong>Poids :<\/strong> 4,3 kg (t\u00eate d'\u00e9clairage), 3,1 kg (bo\u00eetier de commande)<\/li>\n<li><strong>Dimensions :<\/strong> Lumi\u00e8re : 300 x 215 x 170 mm ; bo\u00eetier de contr\u00f4le : 255 x 105 x 100 mm<\/li>\n<\/ul>\n<p>Louez-le maintenant sur <a href=\"https:\/\/www.cinesouk.ma\/fr\">CINESOUK<\/a> - une marque de <a href=\"https:\/\/www.broadway.ma\/\">BROADWAY PRODUCTIONS SARL.<\/a><\/p>","protected":false},"excerpt":{"rendered":"<p><strong>Sp\u00e9cifications<\/strong><\/p>\n<ul>\n<li><strong>Puissance de sortie :<\/strong> 600W<\/li>\n<li><strong>Puissance lumineuse :<\/strong> Jusqu'\u00e0 29 300 lux \u00e0 3 m\u00e8tres (avec Hyper Reflector)<\/li>\n<li><strong>Temp\u00e9rature de couleur :<\/strong> 5600K (lumi\u00e8re du jour \u00e9quilibr\u00e9e)<\/li>\n<li><strong>CRI\/TLCI :<\/strong> 96+<\/li>\n<li><strong>Options de contr\u00f4le :<\/strong> DMX512, Sidus Link app, LumenRadio, Art-Net, commandes embarqu\u00e9es<\/li>\n<li><strong>Gradation :<\/strong> 0,1% \u00e0 100%, avec 4 courbes de gradation<\/li>\n<li><strong>Options d'alimentation :<\/strong> Alimentation en courant alternatif, deux plaques de batterie V-Mount\/Gold Mount<\/li>\n<li><strong>Type de montage :<\/strong> Monture Bowens<\/li>\n<li><strong>Poids :<\/strong> 4,3 kg (t\u00eate d'\u00e9clairage), 3,1 kg (bo\u00eetier de commande)<\/li>\n<li><strong>Dimensions :<\/strong> Lumi\u00e8re : 300 x 215 x 170 mm ; bo\u00eetier de contr\u00f4le : 255 x 105 x 100 mm<\/li>\n<\/ul>","protected":false},"featured_media":8376,"template":"","meta":{"om_disable_all_campaigns":false,"_monsterinsights_skip_tracking":false,"_monsterinsights_sitenote_active":false,"_monsterinsights_sitenote_note":"","_monsterinsights_sitenote_category":0,"_uf_show_specific_survey":0,"_uf_disable_surveys":false},"product_brand":[],"product_cat":[131,20,53],"product_tag":[],"class_list":{"0":"post-8365","1":"product","2":"type-product","3":"status-publish","4":"has-post-thumbnail","6":"product_cat-light-eventsouk","7":"product_cat-light-cinesouk","8":"product_cat-popular-cinesouk","10":"entry","11":"has-media","13":"first","14":"instock","15":"taxable","16":"shipping-taxable","17":"purchasable","18":"product-type-variable","19":"has-product-nav","20":"col","21":"span_1_of_3","22":"owp-content-center","23":"owp-thumbs-layout-horizontal","24":"owp-btn-normal","25":"owp-tabs-layout-horizontal","26":"has-no-thumbnails"},"yoast_head":"<!-- This site is optimized with the Yoast SEO Premium plugin v26.0 (Yoast SEO v26.0) - https:\/\/yoast.com\/wordpress\/plugins\/seo\/ -->\n<title>Aputure LS 600D - CineSouk - For rent<\/title>\n<meta name=\"description\" content=\"Aputure LS 600D: 600W LED with 29,300 lux output, advanced controls, and weather-resistant design for professional film and photography.\" \/>\n<meta name=\"robots\" content=\"index, follow, max-snippet:-1, max-image-preview:large, max-video-preview:-1\" \/>\n<link rel=\"canonical\" href=\"https:\/\/www.cinesouk.ma\/fr\/produit\/aputure-ls-600d\/\" \/>\n<meta property=\"og:locale\" content=\"fr_FR\" \/>\n<meta property=\"og:type\" content=\"article\" \/>\n<meta property=\"og:title\" content=\"Aputure LS 600D\" \/>\n<meta property=\"og:description\" content=\"Aputure LS 600D: 600W LED with 29,300 lux output, advanced controls, and weather-resistant design for professional film and photography.\" \/>\n<meta property=\"og:url\" content=\"https:\/\/www.cinesouk.ma\/fr\/produit\/aputure-ls-600d\/\" \/>\n<meta property=\"og:site_name\" content=\"CineSouk\" \/>\n<meta property=\"article:modified_time\" content=\"2025-08-18T10:47:06+00:00\" \/>\n<meta property=\"og:image\" content=\"https:\/\/www.cinesouk.ma\/wp-content\/uploads\/2024\/09\/1600d.jpg\" \/>\n\t<meta property=\"og:image:width\" content=\"300\" \/>\n\t<meta property=\"og:image:height\" content=\"238\" \/>\n\t<meta property=\"og:image:type\" content=\"image\/jpeg\" \/>\n<meta name=\"twitter:card\" content=\"summary_large_image\" \/>\n<meta name=\"twitter:title\" content=\"Aputure LS 600D\" \/>\n<meta name=\"twitter:description\" content=\"Aputure LS 600d: 600W LED with 29,300 lux output, advanced controls, and weather-resistant design for professional film and photography.\" \/>\n<meta name=\"twitter:label1\" content=\"Dur\u00e9e de lecture estim\u00e9e\" \/>\n\t<meta name=\"twitter:data1\" content=\"2 minutes\" \/>\n<script type=\"application\/ld+json\" class=\"yoast-schema-graph\">{\"@context\":\"https:\/\/schema.org\",\"@graph\":[{\"@type\":\"WebPage\",\"@id\":\"https:\/\/www.cinesouk.ma\/product\/aputure-ls-600d\/\",\"url\":\"https:\/\/www.cinesouk.ma\/product\/aputure-ls-600d\/\",\"name\":\"Aputure LS 600D - CineSouk - For rent\",\"isPartOf\":{\"@id\":\"https:\/\/www.cinesouk.ma\/#website\"},\"primaryImageOfPage\":{\"@id\":\"https:\/\/www.cinesouk.ma\/product\/aputure-ls-600d\/#primaryimage\"},\"image\":{\"@id\":\"https:\/\/www.cinesouk.ma\/product\/aputure-ls-600d\/#primaryimage\"},\"thumbnailUrl\":\"https:\/\/www.cinesouk.ma\/wp-content\/uploads\/2024\/09\/1600d.jpg\",\"datePublished\":\"2025-03-09T19:50:53+00:00\",\"dateModified\":\"2025-08-18T10:47:06+00:00\",\"description\":\"Aputure LS 600D: 600W LED with 29,300 lux output, advanced controls, and weather-resistant design for professional film and photography.\",\"breadcrumb\":{\"@id\":\"https:\/\/www.cinesouk.ma\/product\/aputure-ls-600d\/#breadcrumb\"},\"inLanguage\":\"fr-FR\",\"potentialAction\":[{\"@type\":\"ReadAction\",\"target\":[\"https:\/\/www.cinesouk.ma\/product\/aputure-ls-600d\/\"]}]},{\"@type\":\"ImageObject\",\"inLanguage\":\"fr-FR\",\"@id\":\"https:\/\/www.cinesouk.ma\/product\/aputure-ls-600d\/#primaryimage\",\"url\":\"https:\/\/www.cinesouk.ma\/wp-content\/uploads\/2024\/09\/1600d.jpg\",\"contentUrl\":\"https:\/\/www.cinesouk.ma\/wp-content\/uploads\/2024\/09\/1600d.jpg\",\"width\":300,\"height\":238,\"caption\":\"Aputure LS 600d\"},{\"@type\":\"BreadcrumbList\",\"@id\":\"https:\/\/www.cinesouk.ma\/product\/aputure-ls-600d\/#breadcrumb\",\"itemListElement\":[{\"@type\":\"ListItem\",\"position\":1,\"name\":\"Home\",\"item\":\"https:\/\/www.cinesouk.ma\/\"},{\"@type\":\"ListItem\",\"position\":2,\"name\":\"Shop\",\"item\":\"https:\/\/www.cinesouk.ma\/shop\/\"},{\"@type\":\"ListItem\",\"position\":3,\"name\":\"Aputure LS 600D\"}]},{\"@type\":\"WebSite\",\"@id\":\"https:\/\/www.cinesouk.ma\/#website\",\"url\":\"https:\/\/www.cinesouk.ma\/\",\"name\":\"CineSouk\",\"description\":\"\",\"publisher\":{\"@id\":\"https:\/\/www.cinesouk.ma\/#organization\"},\"potentialAction\":[{\"@type\":\"SearchAction\",\"target\":{\"@type\":\"EntryPoint\",\"urlTemplate\":\"https:\/\/www.cinesouk.ma\/?s={search_term_string}\"},\"query-input\":{\"@type\":\"PropertyValueSpecification\",\"valueRequired\":true,\"valueName\":\"search_term_string\"}}],\"inLanguage\":\"fr-FR\"},{\"@type\":\"Organization\",\"@id\":\"https:\/\/www.cinesouk.ma\/#organization\",\"name\":\"CineSouk\",\"url\":\"https:\/\/www.cinesouk.ma\/\",\"logo\":{\"@type\":\"ImageObject\",\"inLanguage\":\"fr-FR\",\"@id\":\"https:\/\/www.cinesouk.ma\/#\/schema\/logo\/image\/\",\"url\":\"https:\/\/www.cinesouk.ma\/wp-content\/uploads\/2024\/01\/CineSouk-logo-v01-alpha-alligned-left.png\",\"contentUrl\":\"https:\/\/www.cinesouk.ma\/wp-content\/uploads\/2024\/01\/CineSouk-logo-v01-alpha-alligned-left.png\",\"width\":3204,\"height\":889,\"caption\":\"CineSouk\"},\"image\":{\"@id\":\"https:\/\/www.cinesouk.ma\/#\/schema\/logo\/image\/\"}}]}<\/script>\n<!-- \/ Yoast SEO Premium plugin. -->","yoast_head_json":{"title":"Aputure LS 600D - CineSouk - For rent","description":"Aputure LS 600D: 600W LED with 29,300 lux output, advanced controls, and weather-resistant design for professional film and photography.","robots":{"index":"index","follow":"follow","max-snippet":"max-snippet:-1","max-image-preview":"max-image-preview:large","max-video-preview":"max-video-preview:-1"},"canonical":"https:\/\/www.cinesouk.ma\/fr\/produit\/aputure-ls-600d\/","og_locale":"fr_FR","og_type":"article","og_title":"Aputure LS 600D","og_description":"Aputure LS 600D: 600W LED with 29,300 lux output, advanced controls, and weather-resistant design for professional film and photography.","og_url":"https:\/\/www.cinesouk.ma\/fr\/produit\/aputure-ls-600d\/","og_site_name":"CineSouk","article_modified_time":"2025-08-18T10:47:06+00:00","og_image":[{"width":300,"height":238,"url":"https:\/\/www.cinesouk.ma\/wp-content\/uploads\/2024\/09\/1600d.jpg","type":"image\/jpeg"}],"twitter_card":"summary_large_image","twitter_title":"Aputure LS 600D","twitter_description":"Aputure LS 600d: 600W LED with 29,300 lux output, advanced controls, and weather-resistant design for professional film and photography.","twitter_misc":{"Dur\u00e9e de lecture estim\u00e9e":"2 minutes"},"schema":{"@context":"https:\/\/schema.org","@graph":[{"@type":"WebPage","@id":"https:\/\/www.cinesouk.ma\/product\/aputure-ls-600d\/","url":"https:\/\/www.cinesouk.ma\/product\/aputure-ls-600d\/","name":"Aputure LS 600D - CineSouk - For rent","isPartOf":{"@id":"https:\/\/www.cinesouk.ma\/#website"},"primaryImageOfPage":{"@id":"https:\/\/www.cinesouk.ma\/product\/aputure-ls-600d\/#primaryimage"},"image":{"@id":"https:\/\/www.cinesouk.ma\/product\/aputure-ls-600d\/#primaryimage"},"thumbnailUrl":"https:\/\/www.cinesouk.ma\/wp-content\/uploads\/2024\/09\/1600d.jpg","datePublished":"2025-03-09T19:50:53+00:00","dateModified":"2025-08-18T10:47:06+00:00","description":"Aputure LS 600D: 600W LED with 29,300 lux output, advanced controls, and weather-resistant design for professional film and photography.","breadcrumb":{"@id":"https:\/\/www.cinesouk.ma\/product\/aputure-ls-600d\/#breadcrumb"},"inLanguage":"fr-FR","potentialAction":[{"@type":"ReadAction","target":["https:\/\/www.cinesouk.ma\/product\/aputure-ls-600d\/"]}]},{"@type":"ImageObject","inLanguage":"fr-FR","@id":"https:\/\/www.cinesouk.ma\/product\/aputure-ls-600d\/#primaryimage","url":"https:\/\/www.cinesouk.ma\/wp-content\/uploads\/2024\/09\/1600d.jpg","contentUrl":"https:\/\/www.cinesouk.ma\/wp-content\/uploads\/2024\/09\/1600d.jpg","width":300,"height":238,"caption":"Aputure LS 600d"},{"@type":"BreadcrumbList","@id":"https:\/\/www.cinesouk.ma\/product\/aputure-ls-600d\/#breadcrumb","itemListElement":[{"@type":"ListItem","position":1,"name":"Home","item":"https:\/\/www.cinesouk.ma\/"},{"@type":"ListItem","position":2,"name":"Shop","item":"https:\/\/www.cinesouk.ma\/shop\/"},{"@type":"ListItem","position":3,"name":"Aputure LS 600D"}]},{"@type":"WebSite","@id":"https:\/\/www.cinesouk.ma\/#website","url":"https:\/\/www.cinesouk.ma\/","name":"CineSouk","description":"","publisher":{"@id":"https:\/\/www.cinesouk.ma\/#organization"},"potentialAction":[{"@type":"SearchAction","target":{"@type":"EntryPoint","urlTemplate":"https:\/\/www.cinesouk.ma\/?s={search_term_string}"},"query-input":{"@type":"PropertyValueSpecification","valueRequired":true,"valueName":"search_term_string"}}],"inLanguage":"fr-FR"},{"@type":"Organization","@id":"https:\/\/www.cinesouk.ma\/#organization","name":"CineSouk","url":"https:\/\/www.cinesouk.ma\/","logo":{"@type":"ImageObject","inLanguage":"fr-FR","@id":"https:\/\/www.cinesouk.ma\/#\/schema\/logo\/image\/","url":"https:\/\/www.cinesouk.ma\/wp-content\/uploads\/2024\/01\/CineSouk-logo-v01-alpha-alligned-left.png","contentUrl":"https:\/\/www.cinesouk.ma\/wp-content\/uploads\/2024\/01\/CineSouk-logo-v01-alpha-alligned-left.png","width":3204,"height":889,"caption":"CineSouk"},"image":{"@id":"https:\/\/www.cinesouk.ma\/#\/schema\/logo\/image\/"}}]}},"_links":{"self":[{"href":"https:\/\/www.cinesouk.ma\/fr\/wp-json\/wp\/v2\/product\/8365","targetHints":{"allow":["GET"]}}],"collection":[{"href":"https:\/\/www.cinesouk.ma\/fr\/wp-json\/wp\/v2\/product"}],"about":[{"href":"https:\/\/www.cinesouk.ma\/fr\/wp-json\/wp\/v2\/types\/product"}],"wp:featuredmedia":[{"embeddable":true,"href":"https:\/\/www.cinesouk.ma\/fr\/wp-json\/wp\/v2\/media\/8376"}],"wp:attachment":[{"href":"https:\/\/www.cinesouk.ma\/fr\/wp-json\/wp\/v2\/media?parent=8365"}],"wp:term":[{"taxonomy":"product_brand","embeddable":true,"href":"https:\/\/www.cinesouk.ma\/fr\/wp-json\/wp\/v2\/product_brand?post=8365"},{"taxonomy":"product_cat","embeddable":true,"href":"https:\/\/www.cinesouk.ma\/fr\/wp-json\/wp\/v2\/product_cat?post=8365"},{"taxonomy":"product_tag","embeddable":true,"href":"https:\/\/www.cinesouk.ma\/fr\/wp-json\/wp\/v2\/product_tag?post=8365"}],"curies":[{"name":"wp","href":"https:\/\/api.w.org\/{rel}","templated":true}]}}