{"id":8404,"date":"2024-09-04T14:59:42","date_gmt":"2024-09-04T14:59:42","guid":{"rendered":"https:\/\/www.cinesouk.ma\/?post_type=product&#038;p=8404"},"modified":"2025-08-22T13:41:39","modified_gmt":"2025-08-22T13:41:39","slug":"profoto-connect-pro-canon","status":"publish","type":"product","link":"https:\/\/www.cinesouk.ma\/fr\/produit\/profoto-connect-pro-canon\/","title":{"rendered":"Profoto Connect Pro Canon"},"content":{"rendered":"<div class=\"flex max-w-full flex-col flex-grow\">\n<div class=\"min-h-8 text-message flex w-full flex-col items-end gap-2 whitespace-normal break-words [.text-message+&amp;]:mt-5\" dir=\"auto\" data-message-author-role=\"assistant\" data-message-id=\"f1154e84-2f7a-42d9-8d32-b455d85ea464\" data-client-thread-id=\"WEB:ba394381-18d7-455e-b7d1-d8500d4267dc\" data-message-model-slug=\"gpt-4o\">\n<div class=\"flex w-full flex-col gap-1 empty:hidden first:pt-[3px]\">\n<div class=\"markdown prose w-full break-words dark:prose-invert light\">\n<p>The Profoto Connect Pro Canon\u00a0is a wireless trigger designed to control Profoto flashes and lighting gear for Canon users. It simplifies the connection between your camera and Profoto lighting, ensuring precise control and reliable performance. It is also available for Sony, Nikon, and Fujifilm, offering the same seamless functionality for those camera systems.<\/p>\n<p>The Profoto Connect Pro features a user-friendly interface with a large, intuitive control panel for quick adjustments. Its one-button design offers straightforward operation, making it accessible for both experienced photographers and beginners. This simplicity allows you to focus on shooting without worrying about complex settings.<\/p>\n<p>Gr\u00e2ce \u00e0 ses capacit\u00e9s sans fil, le Profoto Connect Pro permet une communication transparente entre votre appareil photo et vos flashes, \u00e9liminant ainsi le besoin de c\u00e2bles. Cette flexibilit\u00e9 sans fil permet de positionner facilement la lumi\u00e8re et d'effectuer des r\u00e9glages \u00e0 distance. Il prend en charge Profoto AirTTL et Profoto Air Remote, permettant une mesure TTL compl\u00e8te et la commande \u00e0 distance de plusieurs flashes.<\/p>\n<p>The Profoto Connect Pro integrates smoothly with Canon cameras, offering a reliable connection with minimal lag. Its weather-resistant build ensures durability in various shooting conditions, whether indoors or outdoors.<\/p>\n<p>L'appareil offre \u00e9galement une synchronisation \u00e0 grande vitesse, permettant des vitesses d'obturation rapides pour une exposition parfaite dans des conditions lumineuses. Cette fonction est essentielle pour les prises de vue dynamiques et les effets d'\u00e9clairage cr\u00e9atifs.<\/p>\n<\/div>\n<\/div>\n<\/div>\n<\/div>\n<p>Louez-le maintenant sur <a href=\"https:\/\/www.cinesouk.ma\/fr\">CINESOUK<\/a> - une marque de <a href=\"https:\/\/www.broadway.ma\/\">BROADWAY PRODUCTIONS SARL.<\/a><\/p>\n<p>&nbsp;<\/p>","protected":false},"excerpt":{"rendered":"<p>Sp\u00e9cifications :<\/p>\n<p>Compatibility: Canon<br \/>\nWireless Communication: Profoto AirTTL and Profoto Air Remote systems<br \/>\nControl Type: One-button interface<br \/>\nSync Capability: High-speed sync<br \/>\nWeather Resistance: Yes<br \/>\nDimensions : Compact et l\u00e9ger<br \/>\nPoids : L\u00e9ger pour une manipulation ais\u00e9e<\/p>","protected":false},"featured_media":8415,"template":"","meta":{"om_disable_all_campaigns":false,"_monsterinsights_skip_tracking":false,"_monsterinsights_sitenote_active":false,"_monsterinsights_sitenote_note":"","_monsterinsights_sitenote_category":0,"_uf_show_specific_survey":0,"_uf_disable_surveys":false},"product_brand":[],"product_cat":[135,37,79],"product_tag":[],"class_list":{"0":"post-8404","1":"product","2":"type-product","3":"status-publish","4":"has-post-thumbnail","6":"product_cat-photography-eventsouk","7":"product_cat-accessories-cinesouk","8":"product_cat-photography-cinesouk","10":"entry","11":"has-media","13":"first","14":"instock","15":"taxable","16":"shipping-taxable","17":"purchasable","18":"product-type-variable","19":"has-product-nav","20":"col","21":"span_1_of_3","22":"owp-content-center","23":"owp-thumbs-layout-horizontal","24":"owp-btn-normal","25":"owp-tabs-layout-horizontal","26":"has-no-thumbnails"},"yoast_head":"<!-- This site is optimized with the Yoast SEO Premium plugin v26.0 (Yoast SEO v26.0) - https:\/\/yoast.com\/wordpress\/plugins\/seo\/ -->\n<title>Profoto Connect Pro Canon - CineSouk - For rent<\/title>\n<meta name=\"description\" content=\"Profoto Connect Pro: Wireless trigger for Canon cameras with intuitive control, seamless Profoto flash integration, and high-speed sync.\" \/>\n<meta name=\"robots\" content=\"index, follow, max-snippet:-1, max-image-preview:large, max-video-preview:-1\" \/>\n<link rel=\"canonical\" href=\"https:\/\/www.cinesouk.ma\/fr\/produit\/profoto-connect-pro-canon\/\" \/>\n<meta property=\"og:locale\" content=\"fr_FR\" \/>\n<meta property=\"og:type\" content=\"article\" \/>\n<meta property=\"og:title\" content=\"Profoto Connect Pro Canon\" \/>\n<meta property=\"og:description\" content=\"Profoto Connect Pro Canon: Wireless trigger for Canon cameras with intuitive control, seamless Profoto flash integration, and high-speed sync.\" \/>\n<meta property=\"og:url\" content=\"https:\/\/www.cinesouk.ma\/fr\/produit\/profoto-connect-pro-canon\/\" \/>\n<meta property=\"og:site_name\" content=\"CineSouk\" \/>\n<meta property=\"article:modified_time\" content=\"2025-08-22T13:41:39+00:00\" \/>\n<meta property=\"og:image\" content=\"https:\/\/www.cinesouk.ma\/wp-content\/uploads\/2024\/09\/prototo.jpg\" \/>\n\t<meta property=\"og:image:width\" content=\"300\" \/>\n\t<meta property=\"og:image:height\" content=\"238\" \/>\n\t<meta property=\"og:image:type\" content=\"image\/jpeg\" \/>\n<meta name=\"twitter:card\" content=\"summary_large_image\" \/>\n<meta name=\"twitter:title\" content=\"Profoto Connect Pro Canon\" \/>\n<meta name=\"twitter:description\" content=\"Profoto Connect Pro Canon: Wireless trigger for Canon cameras with intuitive control, seamless Profoto flash integration, and high-speed sync.\" \/>\n<meta name=\"twitter:label1\" content=\"Dur\u00e9e de lecture estim\u00e9e\" \/>\n\t<meta name=\"twitter:data1\" content=\"2 minutes\" \/>\n<script type=\"application\/ld+json\" class=\"yoast-schema-graph\">{\"@context\":\"https:\/\/schema.org\",\"@graph\":[{\"@type\":\"WebPage\",\"@id\":\"https:\/\/www.cinesouk.ma\/product\/profoto-connect-pro-canon\/\",\"url\":\"https:\/\/www.cinesouk.ma\/product\/profoto-connect-pro-canon\/\",\"name\":\"Profoto Connect Pro Canon - CineSouk - For rent\",\"isPartOf\":{\"@id\":\"https:\/\/www.cinesouk.ma\/#website\"},\"primaryImageOfPage\":{\"@id\":\"https:\/\/www.cinesouk.ma\/product\/profoto-connect-pro-canon\/#primaryimage\"},\"image\":{\"@id\":\"https:\/\/www.cinesouk.ma\/product\/profoto-connect-pro-canon\/#primaryimage\"},\"thumbnailUrl\":\"https:\/\/www.cinesouk.ma\/wp-content\/uploads\/2024\/09\/prototo.jpg\",\"datePublished\":\"2024-09-04T14:59:42+00:00\",\"dateModified\":\"2025-08-22T13:41:39+00:00\",\"description\":\"Profoto Connect Pro: Wireless trigger for Canon cameras with intuitive control, seamless Profoto flash integration, and high-speed sync.\",\"breadcrumb\":{\"@id\":\"https:\/\/www.cinesouk.ma\/product\/profoto-connect-pro-canon\/#breadcrumb\"},\"inLanguage\":\"fr-FR\",\"potentialAction\":[{\"@type\":\"ReadAction\",\"target\":[\"https:\/\/www.cinesouk.ma\/product\/profoto-connect-pro-canon\/\"]}]},{\"@type\":\"ImageObject\",\"inLanguage\":\"fr-FR\",\"@id\":\"https:\/\/www.cinesouk.ma\/product\/profoto-connect-pro-canon\/#primaryimage\",\"url\":\"https:\/\/www.cinesouk.ma\/wp-content\/uploads\/2024\/09\/prototo.jpg\",\"contentUrl\":\"https:\/\/www.cinesouk.ma\/wp-content\/uploads\/2024\/09\/prototo.jpg\",\"width\":300,\"height\":238,\"caption\":\"Profoto Connect Pro Canon\"},{\"@type\":\"BreadcrumbList\",\"@id\":\"https:\/\/www.cinesouk.ma\/product\/profoto-connect-pro-canon\/#breadcrumb\",\"itemListElement\":[{\"@type\":\"ListItem\",\"position\":1,\"name\":\"Home\",\"item\":\"https:\/\/www.cinesouk.ma\/\"},{\"@type\":\"ListItem\",\"position\":2,\"name\":\"Shop\",\"item\":\"https:\/\/www.cinesouk.ma\/shop\/\"},{\"@type\":\"ListItem\",\"position\":3,\"name\":\"Profoto Connect Pro Canon\"}]},{\"@type\":\"WebSite\",\"@id\":\"https:\/\/www.cinesouk.ma\/#website\",\"url\":\"https:\/\/www.cinesouk.ma\/\",\"name\":\"CineSouk\",\"description\":\"\",\"publisher\":{\"@id\":\"https:\/\/www.cinesouk.ma\/#organization\"},\"potentialAction\":[{\"@type\":\"SearchAction\",\"target\":{\"@type\":\"EntryPoint\",\"urlTemplate\":\"https:\/\/www.cinesouk.ma\/?s={search_term_string}\"},\"query-input\":{\"@type\":\"PropertyValueSpecification\",\"valueRequired\":true,\"valueName\":\"search_term_string\"}}],\"inLanguage\":\"fr-FR\"},{\"@type\":\"Organization\",\"@id\":\"https:\/\/www.cinesouk.ma\/#organization\",\"name\":\"CineSouk\",\"url\":\"https:\/\/www.cinesouk.ma\/\",\"logo\":{\"@type\":\"ImageObject\",\"inLanguage\":\"fr-FR\",\"@id\":\"https:\/\/www.cinesouk.ma\/#\/schema\/logo\/image\/\",\"url\":\"https:\/\/www.cinesouk.ma\/wp-content\/uploads\/2024\/01\/CineSouk-logo-v01-alpha-alligned-left.png\",\"contentUrl\":\"https:\/\/www.cinesouk.ma\/wp-content\/uploads\/2024\/01\/CineSouk-logo-v01-alpha-alligned-left.png\",\"width\":3204,\"height\":889,\"caption\":\"CineSouk\"},\"image\":{\"@id\":\"https:\/\/www.cinesouk.ma\/#\/schema\/logo\/image\/\"}}]}<\/script>\n<!-- \/ Yoast SEO Premium plugin. -->","yoast_head_json":{"title":"Profoto Connect Pro Canon - CineSouk - For rent","description":"Profoto Connect Pro: Wireless trigger for Canon cameras with intuitive control, seamless Profoto flash integration, and high-speed sync.","robots":{"index":"index","follow":"follow","max-snippet":"max-snippet:-1","max-image-preview":"max-image-preview:large","max-video-preview":"max-video-preview:-1"},"canonical":"https:\/\/www.cinesouk.ma\/fr\/produit\/profoto-connect-pro-canon\/","og_locale":"fr_FR","og_type":"article","og_title":"Profoto Connect Pro Canon","og_description":"Profoto Connect Pro Canon: Wireless trigger for Canon cameras with intuitive control, seamless Profoto flash integration, and high-speed sync.","og_url":"https:\/\/www.cinesouk.ma\/fr\/produit\/profoto-connect-pro-canon\/","og_site_name":"CineSouk","article_modified_time":"2025-08-22T13:41:39+00:00","og_image":[{"width":300,"height":238,"url":"https:\/\/www.cinesouk.ma\/wp-content\/uploads\/2024\/09\/prototo.jpg","type":"image\/jpeg"}],"twitter_card":"summary_large_image","twitter_title":"Profoto Connect Pro Canon","twitter_description":"Profoto Connect Pro Canon: Wireless trigger for Canon cameras with intuitive control, seamless Profoto flash integration, and high-speed sync.","twitter_misc":{"Dur\u00e9e de lecture estim\u00e9e":"2 minutes"},"schema":{"@context":"https:\/\/schema.org","@graph":[{"@type":"WebPage","@id":"https:\/\/www.cinesouk.ma\/product\/profoto-connect-pro-canon\/","url":"https:\/\/www.cinesouk.ma\/product\/profoto-connect-pro-canon\/","name":"Profoto Connect Pro Canon - CineSouk - For rent","isPartOf":{"@id":"https:\/\/www.cinesouk.ma\/#website"},"primaryImageOfPage":{"@id":"https:\/\/www.cinesouk.ma\/product\/profoto-connect-pro-canon\/#primaryimage"},"image":{"@id":"https:\/\/www.cinesouk.ma\/product\/profoto-connect-pro-canon\/#primaryimage"},"thumbnailUrl":"https:\/\/www.cinesouk.ma\/wp-content\/uploads\/2024\/09\/prototo.jpg","datePublished":"2024-09-04T14:59:42+00:00","dateModified":"2025-08-22T13:41:39+00:00","description":"Profoto Connect Pro: Wireless trigger for Canon cameras with intuitive control, seamless Profoto flash integration, and high-speed sync.","breadcrumb":{"@id":"https:\/\/www.cinesouk.ma\/product\/profoto-connect-pro-canon\/#breadcrumb"},"inLanguage":"fr-FR","potentialAction":[{"@type":"ReadAction","target":["https:\/\/www.cinesouk.ma\/product\/profoto-connect-pro-canon\/"]}]},{"@type":"ImageObject","inLanguage":"fr-FR","@id":"https:\/\/www.cinesouk.ma\/product\/profoto-connect-pro-canon\/#primaryimage","url":"https:\/\/www.cinesouk.ma\/wp-content\/uploads\/2024\/09\/prototo.jpg","contentUrl":"https:\/\/www.cinesouk.ma\/wp-content\/uploads\/2024\/09\/prototo.jpg","width":300,"height":238,"caption":"Profoto Connect Pro Canon"},{"@type":"BreadcrumbList","@id":"https:\/\/www.cinesouk.ma\/product\/profoto-connect-pro-canon\/#breadcrumb","itemListElement":[{"@type":"ListItem","position":1,"name":"Home","item":"https:\/\/www.cinesouk.ma\/"},{"@type":"ListItem","position":2,"name":"Shop","item":"https:\/\/www.cinesouk.ma\/shop\/"},{"@type":"ListItem","position":3,"name":"Profoto Connect Pro Canon"}]},{"@type":"WebSite","@id":"https:\/\/www.cinesouk.ma\/#website","url":"https:\/\/www.cinesouk.ma\/","name":"CineSouk","description":"","publisher":{"@id":"https:\/\/www.cinesouk.ma\/#organization"},"potentialAction":[{"@type":"SearchAction","target":{"@type":"EntryPoint","urlTemplate":"https:\/\/www.cinesouk.ma\/?s={search_term_string}"},"query-input":{"@type":"PropertyValueSpecification","valueRequired":true,"valueName":"search_term_string"}}],"inLanguage":"fr-FR"},{"@type":"Organization","@id":"https:\/\/www.cinesouk.ma\/#organization","name":"CineSouk","url":"https:\/\/www.cinesouk.ma\/","logo":{"@type":"ImageObject","inLanguage":"fr-FR","@id":"https:\/\/www.cinesouk.ma\/#\/schema\/logo\/image\/","url":"https:\/\/www.cinesouk.ma\/wp-content\/uploads\/2024\/01\/CineSouk-logo-v01-alpha-alligned-left.png","contentUrl":"https:\/\/www.cinesouk.ma\/wp-content\/uploads\/2024\/01\/CineSouk-logo-v01-alpha-alligned-left.png","width":3204,"height":889,"caption":"CineSouk"},"image":{"@id":"https:\/\/www.cinesouk.ma\/#\/schema\/logo\/image\/"}}]}},"_links":{"self":[{"href":"https:\/\/www.cinesouk.ma\/fr\/wp-json\/wp\/v2\/product\/8404","targetHints":{"allow":["GET"]}}],"collection":[{"href":"https:\/\/www.cinesouk.ma\/fr\/wp-json\/wp\/v2\/product"}],"about":[{"href":"https:\/\/www.cinesouk.ma\/fr\/wp-json\/wp\/v2\/types\/product"}],"wp:featuredmedia":[{"embeddable":true,"href":"https:\/\/www.cinesouk.ma\/fr\/wp-json\/wp\/v2\/media\/8415"}],"wp:attachment":[{"href":"https:\/\/www.cinesouk.ma\/fr\/wp-json\/wp\/v2\/media?parent=8404"}],"wp:term":[{"taxonomy":"product_brand","embeddable":true,"href":"https:\/\/www.cinesouk.ma\/fr\/wp-json\/wp\/v2\/product_brand?post=8404"},{"taxonomy":"product_cat","embeddable":true,"href":"https:\/\/www.cinesouk.ma\/fr\/wp-json\/wp\/v2\/product_cat?post=8404"},{"taxonomy":"product_tag","embeddable":true,"href":"https:\/\/www.cinesouk.ma\/fr\/wp-json\/wp\/v2\/product_tag?post=8404"}],"curies":[{"name":"wp","href":"https:\/\/api.w.org\/{rel}","templated":true}]}}