{"id":8428,"date":"2024-09-04T15:10:11","date_gmt":"2024-09-04T15:10:11","guid":{"rendered":"https:\/\/www.cinesouk.ma\/?post_type=product&#038;p=8428"},"modified":"2025-09-25T09:26:33","modified_gmt":"2025-09-25T09:26:33","slug":"macbook-pro-13-inch-2017","status":"publish","type":"product","link":"https:\/\/www.cinesouk.ma\/fr\/produit\/macbook-pro-13-inch-2017\/","title":{"rendered":"MacBook Pro 13 pouces 2017"},"content":{"rendered":"<p>MacBook Pro 13 pouces 2017 est un ordinateur portable macOS qui a une r\u00e9solution de 2560\u00d71600 pixels. Il est propuls\u00e9 par un processeur Dual-Core Intel Core i7 et il est livr\u00e9 avec 16 Go de m\u00e9moire vive. Le MacBook Pro est dot\u00e9 d'un disque dur SSD de 512 Go. Plus l\u00e9ger, plus fin, plus rapide, plus performant : Le MacBook Pro 2017 d'Apple surprend par ses nouvelles fonctionnalit\u00e9s utiles et son excellente portabilit\u00e9.<\/p>\n<div class=\"prose lg:w-5\/6\">\n<h3>De la b\u00eate de somme au monstre de performance \u00e9l\u00e9gant<\/h3>\n<p>Apple est tout simplement la mesure des choses en mati\u00e8re de design et de qualit\u00e9 de fabrication des ordinateurs portables. Le MacBook Pro 2017 ne se contente pas non plus du statu quo et d\u00e9cide de perdre encore quelques grammes. L'ordinateur portable ne p\u00e8se que 1,37 kg et a une \u00e9paisseur de 16 mm - avec cela, il \u00e9tablit de nouvelles normes sans compromettre les performances. Le processeur Intel et l'Intel HD Graphics 530 offrent suffisamment de puissance de calcul et de puissance graphique, m\u00eame pour les applications et les jeux lourds. L'\u00e9cran am\u00e9lior\u00e9 affiche tous vos contenus avec une grande nettet\u00e9 et des couleurs \u00e9clatantes.<\/p>\n<h3>De nouvelles fonctionnalit\u00e9s, plus de contr\u00f4le<\/h3>\n<p>Le clavier Butterfly et le Trackpad en verre plus grand font des options de saisie du MacBook Pro 2017 reconditionn\u00e9 un v\u00e9ritable plaisir.<\/p>\n<h3 class=\"gb-header alignment horizontal-align-left\">Affichage<\/h3>\n<ul>\n<li class=\"gb-paragraph\">\u00c9cran Retina<\/li>\n<li class=\"gb-paragraph\">\u00c9cran 13,3 pouces (diagonale) r\u00e9tro\u00e9clair\u00e9 par LED avec technologie IPS, r\u00e9solution 2560 x 1600 par 227 pixels par pouce avec prise en charge de millions de couleurs<\/li>\n<li class=\"gb-paragraph\">R\u00e9solutions mises \u00e0 l'\u00e9chelle prises en charge :\n<ul class=\"list gb-list\">\n<li class=\"gb-list_item\">\n<p class=\"gb-paragraph\">1680 x 1050<\/p>\n<\/li>\n<li class=\"gb-list_item\">\n<p class=\"gb-paragraph\">1440 x 900<\/p>\n<\/li>\n<li class=\"gb-list_item\">\n<p class=\"gb-paragraph\">1024 x 640<\/p>\n<\/li>\n<\/ul>\n<\/li>\n<li class=\"gb-paragraph\">Luminosit\u00e9 de 500 nits<\/li>\n<li class=\"gb-paragraph\">Large gamme de couleurs (P3)<\/li>\n<\/ul>\n<\/div>\n<p>Louez le MacBook Pro 13 pouces 2017 maintenant \u00e0 <a href=\"https:\/\/www.cinesouk.ma\/fr\">CINESOUK<\/a> - une marque de <a href=\"https:\/\/www.broadway.ma\/\">BROADWAY PRODUCTIONS SARL.<\/a><\/p>","protected":false},"excerpt":{"rendered":"<p>Sp\u00e9cifications<\/p>\n<p>\u00c9cran : 13,3 pouces<br \/>\nR\u00e9solution : 2560\u00d71600 pixels<br \/>\nProcesseur : Double c\u0153ur Intel Core i7<br \/>\nRAM : 16 GO<br \/>\nStockage : 512GB SSD<\/p>","protected":false},"featured_media":2054,"template":"","meta":{"om_disable_all_campaigns":false,"_monsterinsights_skip_tracking":false,"_monsterinsights_sitenote_active":false,"_monsterinsights_sitenote_note":"","_monsterinsights_sitenote_category":0,"_uf_show_specific_survey":0,"_uf_disable_surveys":false},"product_brand":[],"product_cat":[77,84,85,59,32],"product_tag":[],"class_list":{"0":"post-8428","1":"product","2":"type-product","3":"status-publish","4":"has-post-thumbnail","6":"product_cat-computers-cinesouk","7":"product_cat-dit-cinesouk","8":"product_cat-office-cinesouk","9":"product_cat-post-production-cinesouk","10":"product_cat-streaming-cinesouk","12":"entry","13":"has-media","15":"first","16":"instock","17":"taxable","18":"shipping-taxable","19":"purchasable","20":"product-type-variable","21":"has-product-nav","22":"col","23":"span_1_of_3","24":"owp-content-center","25":"owp-thumbs-layout-horizontal","26":"owp-btn-normal","27":"owp-tabs-layout-horizontal","28":"has-no-thumbnails"},"yoast_head":"<!-- This site is optimized with the Yoast SEO Premium plugin v26.0 (Yoast SEO v26.0) - https:\/\/yoast.com\/wordpress\/plugins\/seo\/ -->\n<title>MacBook Pro 13-inch 2017 - CineSouk - Marrakech - For rent<\/title>\n<meta name=\"description\" content=\"Apple MacBook Pro 13-inch 2017 features 2560x1600 resolution, Dual-Core Intel Core i7 processor, 16GB RAM, and 512GB SSD.\" \/>\n<meta name=\"robots\" content=\"index, follow, max-snippet:-1, max-image-preview:large, max-video-preview:-1\" \/>\n<link rel=\"canonical\" href=\"https:\/\/www.cinesouk.ma\/fr\/produit\/macbook-pro-13-inch-2017\/\" \/>\n<meta property=\"og:locale\" content=\"fr_FR\" \/>\n<meta property=\"og:type\" content=\"article\" \/>\n<meta property=\"og:title\" content=\"MacBook Pro 13-inch 2017\" \/>\n<meta property=\"og:description\" content=\"Apple MacBook Pro 13-inch 2017 features 2560x1600 resolution, Dual-Core Intel Core i7 processor, 16GB RAM, and 512GB SSD.\" \/>\n<meta property=\"og:url\" content=\"https:\/\/www.cinesouk.ma\/fr\/produit\/macbook-pro-13-inch-2017\/\" \/>\n<meta property=\"og:site_name\" content=\"CineSouk\" \/>\n<meta property=\"article:modified_time\" content=\"2025-09-25T09:26:33+00:00\" \/>\n<meta property=\"og:image\" content=\"https:\/\/www.cinesouk.ma\/wp-content\/uploads\/2024\/01\/9.jpg\" \/>\n\t<meta property=\"og:image:width\" content=\"300\" \/>\n\t<meta property=\"og:image:height\" content=\"238\" \/>\n\t<meta property=\"og:image:type\" content=\"image\/jpeg\" \/>\n<meta name=\"twitter:card\" content=\"summary_large_image\" \/>\n<meta name=\"twitter:description\" content=\"Apple MacBook Pro 13-inch 2017 features 2560x1600 resolution, Dual-Core Intel Core i7 processor, 16GB RAM, and 512GB SSD.\" \/>\n<meta name=\"twitter:label1\" content=\"Dur\u00e9e de lecture estim\u00e9e\" \/>\n\t<meta name=\"twitter:data1\" content=\"2 minutes\" \/>\n<script type=\"application\/ld+json\" class=\"yoast-schema-graph\">{\"@context\":\"https:\/\/schema.org\",\"@graph\":[{\"@type\":\"WebPage\",\"@id\":\"https:\/\/www.cinesouk.ma\/product\/macbook-pro-13-inch-2017\/\",\"url\":\"https:\/\/www.cinesouk.ma\/product\/macbook-pro-13-inch-2017\/\",\"name\":\"MacBook Pro 13-inch 2017 - CineSouk - Marrakech - For rent\",\"isPartOf\":{\"@id\":\"https:\/\/www.cinesouk.ma\/#website\"},\"primaryImageOfPage\":{\"@id\":\"https:\/\/www.cinesouk.ma\/product\/macbook-pro-13-inch-2017\/#primaryimage\"},\"image\":{\"@id\":\"https:\/\/www.cinesouk.ma\/product\/macbook-pro-13-inch-2017\/#primaryimage\"},\"thumbnailUrl\":\"https:\/\/www.cinesouk.ma\/wp-content\/uploads\/2024\/01\/9.jpg\",\"datePublished\":\"2024-09-04T15:10:11+00:00\",\"dateModified\":\"2025-09-25T09:26:33+00:00\",\"description\":\"Apple MacBook Pro 13-inch 2017 features 2560x1600 resolution, Dual-Core Intel Core i7 processor, 16GB RAM, and 512GB SSD.\",\"breadcrumb\":{\"@id\":\"https:\/\/www.cinesouk.ma\/product\/macbook-pro-13-inch-2017\/#breadcrumb\"},\"inLanguage\":\"fr-FR\",\"potentialAction\":[{\"@type\":\"ReadAction\",\"target\":[\"https:\/\/www.cinesouk.ma\/product\/macbook-pro-13-inch-2017\/\"]}]},{\"@type\":\"ImageObject\",\"inLanguage\":\"fr-FR\",\"@id\":\"https:\/\/www.cinesouk.ma\/product\/macbook-pro-13-inch-2017\/#primaryimage\",\"url\":\"https:\/\/www.cinesouk.ma\/wp-content\/uploads\/2024\/01\/9.jpg\",\"contentUrl\":\"https:\/\/www.cinesouk.ma\/wp-content\/uploads\/2024\/01\/9.jpg\",\"width\":300,\"height\":238},{\"@type\":\"BreadcrumbList\",\"@id\":\"https:\/\/www.cinesouk.ma\/product\/macbook-pro-13-inch-2017\/#breadcrumb\",\"itemListElement\":[{\"@type\":\"ListItem\",\"position\":1,\"name\":\"Home\",\"item\":\"https:\/\/www.cinesouk.ma\/\"},{\"@type\":\"ListItem\",\"position\":2,\"name\":\"Shop\",\"item\":\"https:\/\/www.cinesouk.ma\/shop\/\"},{\"@type\":\"ListItem\",\"position\":3,\"name\":\"MacBook Pro 13-inch 2017\"}]},{\"@type\":\"WebSite\",\"@id\":\"https:\/\/www.cinesouk.ma\/#website\",\"url\":\"https:\/\/www.cinesouk.ma\/\",\"name\":\"CineSouk\",\"description\":\"\",\"publisher\":{\"@id\":\"https:\/\/www.cinesouk.ma\/#organization\"},\"potentialAction\":[{\"@type\":\"SearchAction\",\"target\":{\"@type\":\"EntryPoint\",\"urlTemplate\":\"https:\/\/www.cinesouk.ma\/?s={search_term_string}\"},\"query-input\":{\"@type\":\"PropertyValueSpecification\",\"valueRequired\":true,\"valueName\":\"search_term_string\"}}],\"inLanguage\":\"fr-FR\"},{\"@type\":\"Organization\",\"@id\":\"https:\/\/www.cinesouk.ma\/#organization\",\"name\":\"CineSouk\",\"url\":\"https:\/\/www.cinesouk.ma\/\",\"logo\":{\"@type\":\"ImageObject\",\"inLanguage\":\"fr-FR\",\"@id\":\"https:\/\/www.cinesouk.ma\/#\/schema\/logo\/image\/\",\"url\":\"https:\/\/www.cinesouk.ma\/wp-content\/uploads\/2024\/01\/CineSouk-logo-v01-alpha-alligned-left.png\",\"contentUrl\":\"https:\/\/www.cinesouk.ma\/wp-content\/uploads\/2024\/01\/CineSouk-logo-v01-alpha-alligned-left.png\",\"width\":3204,\"height\":889,\"caption\":\"CineSouk\"},\"image\":{\"@id\":\"https:\/\/www.cinesouk.ma\/#\/schema\/logo\/image\/\"}}]}<\/script>\n<!-- \/ Yoast SEO Premium plugin. -->","yoast_head_json":{"title":"MacBook Pro 13-inch 2017 - CineSouk - Marrakech - For rent","description":"Apple MacBook Pro 13-inch 2017 features 2560x1600 resolution, Dual-Core Intel Core i7 processor, 16GB RAM, and 512GB SSD.","robots":{"index":"index","follow":"follow","max-snippet":"max-snippet:-1","max-image-preview":"max-image-preview:large","max-video-preview":"max-video-preview:-1"},"canonical":"https:\/\/www.cinesouk.ma\/fr\/produit\/macbook-pro-13-inch-2017\/","og_locale":"fr_FR","og_type":"article","og_title":"MacBook Pro 13-inch 2017","og_description":"Apple MacBook Pro 13-inch 2017 features 2560x1600 resolution, Dual-Core Intel Core i7 processor, 16GB RAM, and 512GB SSD.","og_url":"https:\/\/www.cinesouk.ma\/fr\/produit\/macbook-pro-13-inch-2017\/","og_site_name":"CineSouk","article_modified_time":"2025-09-25T09:26:33+00:00","og_image":[{"width":300,"height":238,"url":"https:\/\/www.cinesouk.ma\/wp-content\/uploads\/2024\/01\/9.jpg","type":"image\/jpeg"}],"twitter_card":"summary_large_image","twitter_description":"Apple MacBook Pro 13-inch 2017 features 2560x1600 resolution, Dual-Core Intel Core i7 processor, 16GB RAM, and 512GB SSD.","twitter_misc":{"Dur\u00e9e de lecture estim\u00e9e":"2 minutes"},"schema":{"@context":"https:\/\/schema.org","@graph":[{"@type":"WebPage","@id":"https:\/\/www.cinesouk.ma\/product\/macbook-pro-13-inch-2017\/","url":"https:\/\/www.cinesouk.ma\/product\/macbook-pro-13-inch-2017\/","name":"MacBook Pro 13-inch 2017 - CineSouk - Marrakech - For rent","isPartOf":{"@id":"https:\/\/www.cinesouk.ma\/#website"},"primaryImageOfPage":{"@id":"https:\/\/www.cinesouk.ma\/product\/macbook-pro-13-inch-2017\/#primaryimage"},"image":{"@id":"https:\/\/www.cinesouk.ma\/product\/macbook-pro-13-inch-2017\/#primaryimage"},"thumbnailUrl":"https:\/\/www.cinesouk.ma\/wp-content\/uploads\/2024\/01\/9.jpg","datePublished":"2024-09-04T15:10:11+00:00","dateModified":"2025-09-25T09:26:33+00:00","description":"Apple MacBook Pro 13-inch 2017 features 2560x1600 resolution, Dual-Core Intel Core i7 processor, 16GB RAM, and 512GB SSD.","breadcrumb":{"@id":"https:\/\/www.cinesouk.ma\/product\/macbook-pro-13-inch-2017\/#breadcrumb"},"inLanguage":"fr-FR","potentialAction":[{"@type":"ReadAction","target":["https:\/\/www.cinesouk.ma\/product\/macbook-pro-13-inch-2017\/"]}]},{"@type":"ImageObject","inLanguage":"fr-FR","@id":"https:\/\/www.cinesouk.ma\/product\/macbook-pro-13-inch-2017\/#primaryimage","url":"https:\/\/www.cinesouk.ma\/wp-content\/uploads\/2024\/01\/9.jpg","contentUrl":"https:\/\/www.cinesouk.ma\/wp-content\/uploads\/2024\/01\/9.jpg","width":300,"height":238},{"@type":"BreadcrumbList","@id":"https:\/\/www.cinesouk.ma\/product\/macbook-pro-13-inch-2017\/#breadcrumb","itemListElement":[{"@type":"ListItem","position":1,"name":"Home","item":"https:\/\/www.cinesouk.ma\/"},{"@type":"ListItem","position":2,"name":"Shop","item":"https:\/\/www.cinesouk.ma\/shop\/"},{"@type":"ListItem","position":3,"name":"MacBook Pro 13-inch 2017"}]},{"@type":"WebSite","@id":"https:\/\/www.cinesouk.ma\/#website","url":"https:\/\/www.cinesouk.ma\/","name":"CineSouk","description":"","publisher":{"@id":"https:\/\/www.cinesouk.ma\/#organization"},"potentialAction":[{"@type":"SearchAction","target":{"@type":"EntryPoint","urlTemplate":"https:\/\/www.cinesouk.ma\/?s={search_term_string}"},"query-input":{"@type":"PropertyValueSpecification","valueRequired":true,"valueName":"search_term_string"}}],"inLanguage":"fr-FR"},{"@type":"Organization","@id":"https:\/\/www.cinesouk.ma\/#organization","name":"CineSouk","url":"https:\/\/www.cinesouk.ma\/","logo":{"@type":"ImageObject","inLanguage":"fr-FR","@id":"https:\/\/www.cinesouk.ma\/#\/schema\/logo\/image\/","url":"https:\/\/www.cinesouk.ma\/wp-content\/uploads\/2024\/01\/CineSouk-logo-v01-alpha-alligned-left.png","contentUrl":"https:\/\/www.cinesouk.ma\/wp-content\/uploads\/2024\/01\/CineSouk-logo-v01-alpha-alligned-left.png","width":3204,"height":889,"caption":"CineSouk"},"image":{"@id":"https:\/\/www.cinesouk.ma\/#\/schema\/logo\/image\/"}}]}},"_links":{"self":[{"href":"https:\/\/www.cinesouk.ma\/fr\/wp-json\/wp\/v2\/product\/8428","targetHints":{"allow":["GET"]}}],"collection":[{"href":"https:\/\/www.cinesouk.ma\/fr\/wp-json\/wp\/v2\/product"}],"about":[{"href":"https:\/\/www.cinesouk.ma\/fr\/wp-json\/wp\/v2\/types\/product"}],"wp:featuredmedia":[{"embeddable":true,"href":"https:\/\/www.cinesouk.ma\/fr\/wp-json\/wp\/v2\/media\/2054"}],"wp:attachment":[{"href":"https:\/\/www.cinesouk.ma\/fr\/wp-json\/wp\/v2\/media?parent=8428"}],"wp:term":[{"taxonomy":"product_brand","embeddable":true,"href":"https:\/\/www.cinesouk.ma\/fr\/wp-json\/wp\/v2\/product_brand?post=8428"},{"taxonomy":"product_cat","embeddable":true,"href":"https:\/\/www.cinesouk.ma\/fr\/wp-json\/wp\/v2\/product_cat?post=8428"},{"taxonomy":"product_tag","embeddable":true,"href":"https:\/\/www.cinesouk.ma\/fr\/wp-json\/wp\/v2\/product_tag?post=8428"}],"curies":[{"name":"wp","href":"https:\/\/api.w.org\/{rel}","templated":true}]}}