{"id":8583,"date":"2024-11-01T05:00:48","date_gmt":"2024-11-01T05:00:48","guid":{"rendered":"https:\/\/www.cinesouk.ma\/?post_type=product&#038;p=8583"},"modified":"2026-02-05T13:09:31","modified_gmt":"2026-02-05T13:09:31","slug":"profoto-softgrid-50-degrees-5-octa","status":"publish","type":"product","link":"https:\/\/www.cinesouk.ma\/fr\/produit\/profoto-softgrid-50-degrees-5-octa\/","title":{"rendered":"Profoto Softgrid 50 degr\u00e9s 5\u2032 Octa (150cm)"},"content":{"rendered":"<p>La Profoto Softgrid 50 degr\u00e9s 5\u2032 Octa est sp\u00e9cialement con\u00e7ue pour la Profoto Softbox RFi 5\u2032 Octa, qui mesure 150 cm. Cette grille est un compl\u00e9ment pr\u00e9cieux \u00e0 votre configuration d'\u00e9clairage. Elle am\u00e9liore vos possibilit\u00e9s cr\u00e9atives en permettant un contr\u00f4le plus pr\u00e9cis de la lumi\u00e8re. De plus, elle est facile \u00e0 monter, gr\u00e2ce \u00e0 sa fixation velcro. L'installation est donc rapide et sans souci, ce qui vous permet de gagner du temps lors de vos prises de vue.<\/p>\n<p>Une fois fix\u00e9e, la grille souple r\u00e9duit consid\u00e9rablement la dispersion de la lumi\u00e8re. Elle r\u00e9duit la diffusion de la lumi\u00e8re \u00e0 un angle de 50 degr\u00e9s. Par cons\u00e9quent, votre lumi\u00e8re est plus cibl\u00e9e et mieux contr\u00f4l\u00e9e. Cette focalisation vous permet d'obtenir les effets souhait\u00e9s dans vos photographies, en mettant plus facilement en \u00e9vidence des caract\u00e9ristiques ou des d\u00e9tails sp\u00e9cifiques.<\/p>\n<p>En outre, le Profoto Softgrid \u00e9limine une grande partie de la lumi\u00e8re dispers\u00e9e qui peut nuire \u00e0 vos images. Cela signifie que vous pouvez modeler la lumi\u00e8re plus pr\u00e9cis\u00e9ment pour l'adapter \u00e0 votre vision artistique. Que vous travailliez sur des portraits, des photos de mode ou d'autres projets cr\u00e9atifs, la grille souple am\u00e9liore votre capacit\u00e9 \u00e0 contr\u00f4ler efficacement l'\u00e9clairage.<\/p>\n<p>De plus, la conception de la grille souple permet de donner un aspect plus soign\u00e9 \u00e0 vos images. En g\u00e9rant la qualit\u00e9 de la lumi\u00e8re, vous pouvez produire des r\u00e9sultats \u00e9poustouflants avec une clart\u00e9 et une d\u00e9finition accrues.<\/p>\n<p>En r\u00e9sum\u00e9, le Profoto Softgrid 50 Degrees 5\u2032 Octa est un outil pratique pour tout photographe. Il offre un montage facile, une mise en forme efficace de la lumi\u00e8re et une mise au point am\u00e9lior\u00e9e. En r\u00e9duisant la dispersion de la lumi\u00e8re, il vous permet de cr\u00e9er des images \u00e9tonnantes et cibl\u00e9es qui se d\u00e9marquent vraiment.<\/p>\n<div>Louez le Profoto Softgrid 50 degr\u00e9s 5\u2032 Octa occasion maintenant sur <a href=\"https:\/\/www.cinesouk.ma\/fr\">CINESOUK<\/a> - une marque de <a href=\"https:\/\/www.broadway.ma\/\">BROADWAY PRODUCTIONS SARL.<\/a><\/div>","protected":false},"excerpt":{"rendered":"<p><strong>Sp\u00e9cifications :<\/strong><\/p>\n<ul>\n<li><strong>Nom du produit<\/strong>: RFi Softgrid 50\u00b0 5\u2032 Octa<\/li>\n<li><strong>Num\u00e9ro du produit<\/strong>: 254631<\/li>\n<li><strong>Compatibilit\u00e9<\/strong>: Convient \u00e0 la bo\u00eete \u00e0 lumi\u00e8re RFi 5\u2032 (150cm) Octa<\/li>\n<li><strong>Angle du faisceau<\/strong>: 50\u00b0<\/li>\n<li><strong>Dimensions<\/strong>: Diam\u00e8tre : 150 cm<\/li>\n<li><strong>Mat\u00e9riau<\/strong>: Tissu de haute qualit\u00e9 et durable<\/li>\n<li><strong>M\u00e9thode de fixation<\/strong>: Velcro pour une installation rapide et s\u00fbre<\/li>\n<li><strong>Utilisation recommand\u00e9e<\/strong>: Lumi\u00e8re principale dramatique, lumi\u00e8re p\u00e9riph\u00e9rique<\/li>\n<li><strong>Applications populaires<\/strong>: Photographie de portrait, photos de mode<\/li>\n<\/ul>","protected":false},"featured_media":8614,"template":"","meta":{"om_disable_all_campaigns":false,"_monsterinsights_skip_tracking":false,"_monsterinsights_sitenote_active":false,"_monsterinsights_sitenote_note":"","_monsterinsights_sitenote_category":0,"_uf_show_specific_survey":0,"_uf_disable_surveys":false},"product_brand":[],"product_cat":[135,37,79],"product_tag":[],"class_list":{"0":"post-8583","1":"product","2":"type-product","3":"status-publish","4":"has-post-thumbnail","6":"product_cat-photography-eventsouk","7":"product_cat-accessories-cinesouk","8":"product_cat-photography-cinesouk","10":"entry","11":"has-media","13":"first","14":"instock","15":"taxable","16":"shipping-taxable","17":"purchasable","18":"product-type-variable","19":"has-product-nav","20":"col","21":"span_1_of_3","22":"owp-content-center","23":"owp-thumbs-layout-horizontal","24":"owp-btn-normal","25":"owp-tabs-layout-horizontal","26":"has-no-thumbnails"},"yoast_head":"<!-- This site is optimized with the Yoast SEO Premium plugin v26.0 (Yoast SEO v26.0) - https:\/\/yoast.com\/wordpress\/plugins\/seo\/ -->\n<title>Profoto Softgrid 50 degrees 5&#039; Octa (150cm) - CineSouk<\/title>\n<meta name=\"description\" content=\"The Profoto Softgrid 50 degrees 5&#039; Octa is designed specifically for the Profoto Softbox RFi 5&#039; Octa, which measures 150 cm. Rent it at CineSouk\" \/>\n<meta name=\"robots\" content=\"index, follow, max-snippet:-1, max-image-preview:large, max-video-preview:-1\" \/>\n<link rel=\"canonical\" href=\"https:\/\/www.cinesouk.ma\/fr\/produit\/profoto-softgrid-50-degrees-5-octa\/\" \/>\n<meta property=\"og:locale\" content=\"fr_FR\" \/>\n<meta property=\"og:type\" content=\"article\" \/>\n<meta property=\"og:title\" content=\"Profoto Softgrid 50 degrees 5&#039; Octa (150cm)\" \/>\n<meta property=\"og:description\" content=\"The Profoto Softgrid 50 degrees 5&#039; Octa is designed specifically for the Profoto Softbox RFi 5&#039; Octa, which measures 150 cm. Rent it at CineSouk\" \/>\n<meta property=\"og:url\" content=\"https:\/\/www.cinesouk.ma\/fr\/produit\/profoto-softgrid-50-degrees-5-octa\/\" \/>\n<meta property=\"og:site_name\" content=\"CineSouk\" \/>\n<meta property=\"article:modified_time\" content=\"2026-02-05T13:09:31+00:00\" \/>\n<meta property=\"og:image\" content=\"https:\/\/www.cinesouk.ma\/wp-content\/uploads\/2024\/10\/Profoto-Softgrid-50-degrees-5\u2032-Octa_.jpg\" \/>\n\t<meta property=\"og:image:width\" content=\"300\" \/>\n\t<meta property=\"og:image:height\" content=\"238\" \/>\n\t<meta property=\"og:image:type\" content=\"image\/jpeg\" \/>\n<meta name=\"twitter:card\" content=\"summary_large_image\" \/>\n<meta name=\"twitter:description\" content=\"The Profoto Softgrid 50 degrees 5&#039; Octa is designed specifically for the Profoto Softbox RFi 5&#039; Octa, which measures 150 cm. Rent it at CineSouk\" \/>\n<meta name=\"twitter:label1\" content=\"Dur\u00e9e de lecture estim\u00e9e\" \/>\n\t<meta name=\"twitter:data1\" content=\"2 minutes\" \/>\n<script type=\"application\/ld+json\" class=\"yoast-schema-graph\">{\"@context\":\"https:\/\/schema.org\",\"@graph\":[{\"@type\":\"WebPage\",\"@id\":\"https:\/\/www.cinesouk.ma\/product\/profoto-softgrid-50-degrees-5-octa\/\",\"url\":\"https:\/\/www.cinesouk.ma\/product\/profoto-softgrid-50-degrees-5-octa\/\",\"name\":\"Profoto Softgrid 50 degrees 5' Octa (150cm) - CineSouk\",\"isPartOf\":{\"@id\":\"https:\/\/www.cinesouk.ma\/#website\"},\"primaryImageOfPage\":{\"@id\":\"https:\/\/www.cinesouk.ma\/product\/profoto-softgrid-50-degrees-5-octa\/#primaryimage\"},\"image\":{\"@id\":\"https:\/\/www.cinesouk.ma\/product\/profoto-softgrid-50-degrees-5-octa\/#primaryimage\"},\"thumbnailUrl\":\"https:\/\/www.cinesouk.ma\/wp-content\/uploads\/2024\/10\/Profoto-Softgrid-50-degrees-5\u2032-Octa_.jpg\",\"datePublished\":\"2024-11-01T05:00:48+00:00\",\"dateModified\":\"2026-02-05T13:09:31+00:00\",\"description\":\"The Profoto Softgrid 50 degrees 5' Octa is designed specifically for the Profoto Softbox RFi 5' Octa, which measures 150 cm. Rent it at CineSouk\",\"breadcrumb\":{\"@id\":\"https:\/\/www.cinesouk.ma\/product\/profoto-softgrid-50-degrees-5-octa\/#breadcrumb\"},\"inLanguage\":\"fr-FR\",\"potentialAction\":[{\"@type\":\"ReadAction\",\"target\":[\"https:\/\/www.cinesouk.ma\/product\/profoto-softgrid-50-degrees-5-octa\/\"]}]},{\"@type\":\"ImageObject\",\"inLanguage\":\"fr-FR\",\"@id\":\"https:\/\/www.cinesouk.ma\/product\/profoto-softgrid-50-degrees-5-octa\/#primaryimage\",\"url\":\"https:\/\/www.cinesouk.ma\/wp-content\/uploads\/2024\/10\/Profoto-Softgrid-50-degrees-5\u2032-Octa_.jpg\",\"contentUrl\":\"https:\/\/www.cinesouk.ma\/wp-content\/uploads\/2024\/10\/Profoto-Softgrid-50-degrees-5\u2032-Octa_.jpg\",\"width\":300,\"height\":238,\"caption\":\"Profoto Softgrid 50 degrees 5\u2032 Octa\"},{\"@type\":\"BreadcrumbList\",\"@id\":\"https:\/\/www.cinesouk.ma\/product\/profoto-softgrid-50-degrees-5-octa\/#breadcrumb\",\"itemListElement\":[{\"@type\":\"ListItem\",\"position\":1,\"name\":\"Home\",\"item\":\"https:\/\/www.cinesouk.ma\/\"},{\"@type\":\"ListItem\",\"position\":2,\"name\":\"Shop\",\"item\":\"https:\/\/www.cinesouk.ma\/shop\/\"},{\"@type\":\"ListItem\",\"position\":3,\"name\":\"Profoto Softgrid 50 degrees 5&#8242; Octa (150cm)\"}]},{\"@type\":\"WebSite\",\"@id\":\"https:\/\/www.cinesouk.ma\/#website\",\"url\":\"https:\/\/www.cinesouk.ma\/\",\"name\":\"CineSouk\",\"description\":\"\",\"publisher\":{\"@id\":\"https:\/\/www.cinesouk.ma\/#organization\"},\"potentialAction\":[{\"@type\":\"SearchAction\",\"target\":{\"@type\":\"EntryPoint\",\"urlTemplate\":\"https:\/\/www.cinesouk.ma\/?s={search_term_string}\"},\"query-input\":{\"@type\":\"PropertyValueSpecification\",\"valueRequired\":true,\"valueName\":\"search_term_string\"}}],\"inLanguage\":\"fr-FR\"},{\"@type\":\"Organization\",\"@id\":\"https:\/\/www.cinesouk.ma\/#organization\",\"name\":\"CineSouk\",\"url\":\"https:\/\/www.cinesouk.ma\/\",\"logo\":{\"@type\":\"ImageObject\",\"inLanguage\":\"fr-FR\",\"@id\":\"https:\/\/www.cinesouk.ma\/#\/schema\/logo\/image\/\",\"url\":\"https:\/\/www.cinesouk.ma\/wp-content\/uploads\/2024\/01\/CineSouk-logo-v01-alpha-alligned-left.png\",\"contentUrl\":\"https:\/\/www.cinesouk.ma\/wp-content\/uploads\/2024\/01\/CineSouk-logo-v01-alpha-alligned-left.png\",\"width\":3204,\"height\":889,\"caption\":\"CineSouk\"},\"image\":{\"@id\":\"https:\/\/www.cinesouk.ma\/#\/schema\/logo\/image\/\"}}]}<\/script>\n<!-- \/ Yoast SEO Premium plugin. -->","yoast_head_json":{"title":"Profoto Softgrid 50 degrees 5' Octa (150cm) - CineSouk","description":"The Profoto Softgrid 50 degrees 5' Octa is designed specifically for the Profoto Softbox RFi 5' Octa, which measures 150 cm. Rent it at CineSouk","robots":{"index":"index","follow":"follow","max-snippet":"max-snippet:-1","max-image-preview":"max-image-preview:large","max-video-preview":"max-video-preview:-1"},"canonical":"https:\/\/www.cinesouk.ma\/fr\/produit\/profoto-softgrid-50-degrees-5-octa\/","og_locale":"fr_FR","og_type":"article","og_title":"Profoto Softgrid 50 degrees 5' Octa (150cm)","og_description":"The Profoto Softgrid 50 degrees 5' Octa is designed specifically for the Profoto Softbox RFi 5' Octa, which measures 150 cm. Rent it at CineSouk","og_url":"https:\/\/www.cinesouk.ma\/fr\/produit\/profoto-softgrid-50-degrees-5-octa\/","og_site_name":"CineSouk","article_modified_time":"2026-02-05T13:09:31+00:00","og_image":[{"width":300,"height":238,"url":"https:\/\/www.cinesouk.ma\/wp-content\/uploads\/2024\/10\/Profoto-Softgrid-50-degrees-5\u2032-Octa_.jpg","type":"image\/jpeg"}],"twitter_card":"summary_large_image","twitter_description":"The Profoto Softgrid 50 degrees 5' Octa is designed specifically for the Profoto Softbox RFi 5' Octa, which measures 150 cm. Rent it at CineSouk","twitter_misc":{"Dur\u00e9e de lecture estim\u00e9e":"2 minutes"},"schema":{"@context":"https:\/\/schema.org","@graph":[{"@type":"WebPage","@id":"https:\/\/www.cinesouk.ma\/product\/profoto-softgrid-50-degrees-5-octa\/","url":"https:\/\/www.cinesouk.ma\/product\/profoto-softgrid-50-degrees-5-octa\/","name":"Profoto Softgrid 50 degrees 5' Octa (150cm) - CineSouk","isPartOf":{"@id":"https:\/\/www.cinesouk.ma\/#website"},"primaryImageOfPage":{"@id":"https:\/\/www.cinesouk.ma\/product\/profoto-softgrid-50-degrees-5-octa\/#primaryimage"},"image":{"@id":"https:\/\/www.cinesouk.ma\/product\/profoto-softgrid-50-degrees-5-octa\/#primaryimage"},"thumbnailUrl":"https:\/\/www.cinesouk.ma\/wp-content\/uploads\/2024\/10\/Profoto-Softgrid-50-degrees-5\u2032-Octa_.jpg","datePublished":"2024-11-01T05:00:48+00:00","dateModified":"2026-02-05T13:09:31+00:00","description":"The Profoto Softgrid 50 degrees 5' Octa is designed specifically for the Profoto Softbox RFi 5' Octa, which measures 150 cm. Rent it at CineSouk","breadcrumb":{"@id":"https:\/\/www.cinesouk.ma\/product\/profoto-softgrid-50-degrees-5-octa\/#breadcrumb"},"inLanguage":"fr-FR","potentialAction":[{"@type":"ReadAction","target":["https:\/\/www.cinesouk.ma\/product\/profoto-softgrid-50-degrees-5-octa\/"]}]},{"@type":"ImageObject","inLanguage":"fr-FR","@id":"https:\/\/www.cinesouk.ma\/product\/profoto-softgrid-50-degrees-5-octa\/#primaryimage","url":"https:\/\/www.cinesouk.ma\/wp-content\/uploads\/2024\/10\/Profoto-Softgrid-50-degrees-5\u2032-Octa_.jpg","contentUrl":"https:\/\/www.cinesouk.ma\/wp-content\/uploads\/2024\/10\/Profoto-Softgrid-50-degrees-5\u2032-Octa_.jpg","width":300,"height":238,"caption":"Profoto Softgrid 50 degrees 5\u2032 Octa"},{"@type":"BreadcrumbList","@id":"https:\/\/www.cinesouk.ma\/product\/profoto-softgrid-50-degrees-5-octa\/#breadcrumb","itemListElement":[{"@type":"ListItem","position":1,"name":"Home","item":"https:\/\/www.cinesouk.ma\/"},{"@type":"ListItem","position":2,"name":"Shop","item":"https:\/\/www.cinesouk.ma\/shop\/"},{"@type":"ListItem","position":3,"name":"Profoto Softgrid 50 degrees 5&#8242; Octa (150cm)"}]},{"@type":"WebSite","@id":"https:\/\/www.cinesouk.ma\/#website","url":"https:\/\/www.cinesouk.ma\/","name":"CineSouk","description":"","publisher":{"@id":"https:\/\/www.cinesouk.ma\/#organization"},"potentialAction":[{"@type":"SearchAction","target":{"@type":"EntryPoint","urlTemplate":"https:\/\/www.cinesouk.ma\/?s={search_term_string}"},"query-input":{"@type":"PropertyValueSpecification","valueRequired":true,"valueName":"search_term_string"}}],"inLanguage":"fr-FR"},{"@type":"Organization","@id":"https:\/\/www.cinesouk.ma\/#organization","name":"CineSouk","url":"https:\/\/www.cinesouk.ma\/","logo":{"@type":"ImageObject","inLanguage":"fr-FR","@id":"https:\/\/www.cinesouk.ma\/#\/schema\/logo\/image\/","url":"https:\/\/www.cinesouk.ma\/wp-content\/uploads\/2024\/01\/CineSouk-logo-v01-alpha-alligned-left.png","contentUrl":"https:\/\/www.cinesouk.ma\/wp-content\/uploads\/2024\/01\/CineSouk-logo-v01-alpha-alligned-left.png","width":3204,"height":889,"caption":"CineSouk"},"image":{"@id":"https:\/\/www.cinesouk.ma\/#\/schema\/logo\/image\/"}}]}},"_links":{"self":[{"href":"https:\/\/www.cinesouk.ma\/fr\/wp-json\/wp\/v2\/product\/8583","targetHints":{"allow":["GET"]}}],"collection":[{"href":"https:\/\/www.cinesouk.ma\/fr\/wp-json\/wp\/v2\/product"}],"about":[{"href":"https:\/\/www.cinesouk.ma\/fr\/wp-json\/wp\/v2\/types\/product"}],"wp:featuredmedia":[{"embeddable":true,"href":"https:\/\/www.cinesouk.ma\/fr\/wp-json\/wp\/v2\/media\/8614"}],"wp:attachment":[{"href":"https:\/\/www.cinesouk.ma\/fr\/wp-json\/wp\/v2\/media?parent=8583"}],"wp:term":[{"taxonomy":"product_brand","embeddable":true,"href":"https:\/\/www.cinesouk.ma\/fr\/wp-json\/wp\/v2\/product_brand?post=8583"},{"taxonomy":"product_cat","embeddable":true,"href":"https:\/\/www.cinesouk.ma\/fr\/wp-json\/wp\/v2\/product_cat?post=8583"},{"taxonomy":"product_tag","embeddable":true,"href":"https:\/\/www.cinesouk.ma\/fr\/wp-json\/wp\/v2\/product_tag?post=8583"}],"curies":[{"name":"wp","href":"https:\/\/api.w.org\/{rel}","templated":true}]}}