{"id":8589,"date":"2024-11-01T05:00:23","date_gmt":"2024-11-01T05:00:23","guid":{"rendered":"https:\/\/www.cinesouk.ma\/?post_type=product&#038;p=8589"},"modified":"2025-08-22T13:38:41","modified_gmt":"2025-08-22T13:38:41","slug":"profoto-101127-ocf-ii-barndoor","status":"publish","type":"product","link":"https:\/\/www.cinesouk.ma\/fr\/produit\/profoto-101127-ocf-ii-barndoor\/","title":{"rendered":"Profoto OCF II Barndoor"},"content":{"rendered":"<p>Le Profoto OCF II Barndoor est con\u00e7u sp\u00e9cifiquement pour \u00eatre utilis\u00e9 avec les Profoto B10, B10 Plus, B1X et B2. Il comporte quatre coupe-flux que vous pouvez r\u00e9gler individuellement. Cela permet un contr\u00f4le pr\u00e9cis de la diffusion de la lumi\u00e8re. Vous pouvez modeler la lumi\u00e8re pour qu'elle r\u00e9ponde parfaitement \u00e0 vos besoins.<\/p>\n<p>Le support de grille et de gel permet de fixer facilement les coupe-files \u00e0 votre installation. Gr\u00e2ce \u00e0 la fixation magn\u00e9tique, l'assemblage est rapide et sans probl\u00e8me. Vous ne perdrez pas de temps \u00e0 chercher des connexions compliqu\u00e9es. En outre, vous pouvez combiner le coupe-flux avec d'autres OCF II Light Shapers. Par exemple, vous pouvez l'utiliser avec des gels de correction des couleurs pour obtenir des effets d'\u00e9clairage sp\u00e9cifiques.<\/p>\n<p>Voici les principales caract\u00e9ristiques du Profoto 101127 OCF II Barndoor :<\/p>\n<ul>\n<li>Il est id\u00e9al pour contr\u00f4ler et aplanir la lumi\u00e8re, ce qui vous donne une plus grande libert\u00e9 de cr\u00e9ation.<\/li>\n<li>Les quatre coupe-flux r\u00e9glables individuellement permettent de personnaliser la direction de la lumi\u00e8re.<\/li>\n<li>Chaque porte peut \u00eatre tourn\u00e9e \u00e0 360 degr\u00e9s pour une plus grande polyvalence.<\/li>\n<li>Il peut \u00eatre utilis\u00e9 avec les Profoto B10, B10 Plus, B1X et B2, ce qui garantit la compatibilit\u00e9.<\/li>\n<li>L'installation est facile, gr\u00e2ce \u00e0 la fixation magn\u00e9tique qui simplifie le processus d'installation.<\/li>\n<\/ul>\n<p>Dans l'ensemble, le Profoto OCF II Barndoor am\u00e9liore vos options d'\u00e9clairage. Il vous permet de fa\u00e7onner et de contr\u00f4ler efficacement la lumi\u00e8re, ce qui en fait un outil essentiel pour les photographes.<\/p>\n<p>Louez-le maintenant sur <a href=\"https:\/\/www.cinesouk.ma\/fr\">CINESOUK<\/a> - une marque de <a href=\"https:\/\/www.broadway.ma\/\">BROADWAY PRODUCTIONS SARL.<\/a><\/p>","protected":false},"excerpt":{"rendered":"<p><strong>Sp\u00e9cifications :<\/strong><\/p>\n<ul>\n<li><strong>Dimensions<\/strong>: Diam\u00e8tre : 10 cm ; Longueur de chaque barndoor : 11 cm<\/li>\n<li><strong>Poids<\/strong>: L\u00e9ger pour une manipulation et une portabilit\u00e9 ais\u00e9es<\/li>\n<li>Pour contr\u00f4ler et aplanir la lumi\u00e8re.<\/li>\n<li>Quatre portes-fen\u00eatres r\u00e9glables individuellement.<\/li>\n<li>Peut \u00eatre tourn\u00e9 \u00e0 360\u00b0.<\/li>\n<li>Convient aux Profoto B10, B10 Plus, B1X et B2.<\/li>\n<li>Facile \u00e0 installer gr\u00e2ce \u00e0 la fixation magn\u00e9tique.<\/li>\n<\/ul>","protected":false},"featured_media":8611,"template":"","meta":{"om_disable_all_campaigns":false,"_monsterinsights_skip_tracking":false,"_monsterinsights_sitenote_active":false,"_monsterinsights_sitenote_note":"","_monsterinsights_sitenote_category":0,"_uf_show_specific_survey":0,"_uf_disable_surveys":false},"product_brand":[],"product_cat":[135,37,20,79],"product_tag":[],"class_list":{"0":"post-8589","1":"product","2":"type-product","3":"status-publish","4":"has-post-thumbnail","6":"product_cat-photography-eventsouk","7":"product_cat-accessories-cinesouk","8":"product_cat-light-cinesouk","9":"product_cat-photography-cinesouk","11":"entry","12":"has-media","14":"first","15":"instock","16":"taxable","17":"shipping-taxable","18":"purchasable","19":"product-type-variable","20":"has-product-nav","21":"col","22":"span_1_of_3","23":"owp-content-center","24":"owp-thumbs-layout-horizontal","25":"owp-btn-normal","26":"owp-tabs-layout-horizontal","27":"has-no-thumbnails"},"yoast_head":"<!-- This site is optimized with the Yoast SEO Premium plugin v26.0 (Yoast SEO v26.0) - https:\/\/yoast.com\/wordpress\/plugins\/seo\/ -->\n<title>Profoto OCF II Barndoor - CineSouk<\/title>\n<meta name=\"description\" content=\"The Profoto OCF II Barndoor is an essential tool for photographers and film sets. Rent it now at Profoto OCF II Barndoor - Marrakech.\" \/>\n<meta name=\"robots\" content=\"index, follow, max-snippet:-1, max-image-preview:large, max-video-preview:-1\" \/>\n<link rel=\"canonical\" href=\"https:\/\/www.cinesouk.ma\/fr\/produit\/profoto-101127-ocf-ii-barndoor\/\" \/>\n<meta property=\"og:locale\" content=\"fr_FR\" \/>\n<meta property=\"og:type\" content=\"article\" \/>\n<meta property=\"og:title\" content=\"Profoto OCF II Barndoor\" \/>\n<meta property=\"og:description\" content=\"The Profoto OCF II Barndoor is an essential tool for photographers and film sets. Rent it now at Profoto OCF II Barndoor - Marrakech.\" \/>\n<meta property=\"og:url\" content=\"https:\/\/www.cinesouk.ma\/fr\/produit\/profoto-101127-ocf-ii-barndoor\/\" \/>\n<meta property=\"og:site_name\" content=\"CineSouk\" \/>\n<meta property=\"article:modified_time\" content=\"2025-08-22T13:38:41+00:00\" \/>\n<meta property=\"og:image\" content=\"https:\/\/www.cinesouk.ma\/wp-content\/uploads\/2024\/10\/Profoto-101127-OCF-II-Barndoor.jpg\" \/>\n\t<meta property=\"og:image:width\" content=\"300\" \/>\n\t<meta property=\"og:image:height\" content=\"238\" \/>\n\t<meta property=\"og:image:type\" content=\"image\/jpeg\" \/>\n<meta name=\"twitter:card\" content=\"summary_large_image\" \/>\n<meta name=\"twitter:description\" content=\"The Profoto OCF II Barndoor is an essential tool for photographers and film sets. Rent it now at Profoto OCF II Barndoor - Marrakech.\" \/>\n<meta name=\"twitter:label1\" content=\"Dur\u00e9e de lecture estim\u00e9e\" \/>\n\t<meta name=\"twitter:data1\" content=\"2 minutes\" \/>\n<script type=\"application\/ld+json\" class=\"yoast-schema-graph\">{\"@context\":\"https:\/\/schema.org\",\"@graph\":[{\"@type\":\"WebPage\",\"@id\":\"https:\/\/www.cinesouk.ma\/product\/profoto-101127-ocf-ii-barndoor\/\",\"url\":\"https:\/\/www.cinesouk.ma\/product\/profoto-101127-ocf-ii-barndoor\/\",\"name\":\"Profoto OCF II Barndoor - CineSouk\",\"isPartOf\":{\"@id\":\"https:\/\/www.cinesouk.ma\/#website\"},\"primaryImageOfPage\":{\"@id\":\"https:\/\/www.cinesouk.ma\/product\/profoto-101127-ocf-ii-barndoor\/#primaryimage\"},\"image\":{\"@id\":\"https:\/\/www.cinesouk.ma\/product\/profoto-101127-ocf-ii-barndoor\/#primaryimage\"},\"thumbnailUrl\":\"https:\/\/www.cinesouk.ma\/wp-content\/uploads\/2024\/10\/Profoto-101127-OCF-II-Barndoor.jpg\",\"datePublished\":\"2024-11-01T05:00:23+00:00\",\"dateModified\":\"2025-08-22T13:38:41+00:00\",\"description\":\"The Profoto OCF II Barndoor is an essential tool for photographers and film sets. Rent it now at Profoto OCF II Barndoor - Marrakech.\",\"breadcrumb\":{\"@id\":\"https:\/\/www.cinesouk.ma\/product\/profoto-101127-ocf-ii-barndoor\/#breadcrumb\"},\"inLanguage\":\"fr-FR\",\"potentialAction\":[{\"@type\":\"ReadAction\",\"target\":[\"https:\/\/www.cinesouk.ma\/product\/profoto-101127-ocf-ii-barndoor\/\"]}]},{\"@type\":\"ImageObject\",\"inLanguage\":\"fr-FR\",\"@id\":\"https:\/\/www.cinesouk.ma\/product\/profoto-101127-ocf-ii-barndoor\/#primaryimage\",\"url\":\"https:\/\/www.cinesouk.ma\/wp-content\/uploads\/2024\/10\/Profoto-101127-OCF-II-Barndoor.jpg\",\"contentUrl\":\"https:\/\/www.cinesouk.ma\/wp-content\/uploads\/2024\/10\/Profoto-101127-OCF-II-Barndoor.jpg\",\"width\":300,\"height\":238,\"caption\":\"Profoto 101127 OCF II Barndoor\"},{\"@type\":\"BreadcrumbList\",\"@id\":\"https:\/\/www.cinesouk.ma\/product\/profoto-101127-ocf-ii-barndoor\/#breadcrumb\",\"itemListElement\":[{\"@type\":\"ListItem\",\"position\":1,\"name\":\"Home\",\"item\":\"https:\/\/www.cinesouk.ma\/\"},{\"@type\":\"ListItem\",\"position\":2,\"name\":\"Shop\",\"item\":\"https:\/\/www.cinesouk.ma\/shop\/\"},{\"@type\":\"ListItem\",\"position\":3,\"name\":\"Profoto OCF II Barndoor\"}]},{\"@type\":\"WebSite\",\"@id\":\"https:\/\/www.cinesouk.ma\/#website\",\"url\":\"https:\/\/www.cinesouk.ma\/\",\"name\":\"CineSouk\",\"description\":\"\",\"publisher\":{\"@id\":\"https:\/\/www.cinesouk.ma\/#organization\"},\"potentialAction\":[{\"@type\":\"SearchAction\",\"target\":{\"@type\":\"EntryPoint\",\"urlTemplate\":\"https:\/\/www.cinesouk.ma\/?s={search_term_string}\"},\"query-input\":{\"@type\":\"PropertyValueSpecification\",\"valueRequired\":true,\"valueName\":\"search_term_string\"}}],\"inLanguage\":\"fr-FR\"},{\"@type\":\"Organization\",\"@id\":\"https:\/\/www.cinesouk.ma\/#organization\",\"name\":\"CineSouk\",\"url\":\"https:\/\/www.cinesouk.ma\/\",\"logo\":{\"@type\":\"ImageObject\",\"inLanguage\":\"fr-FR\",\"@id\":\"https:\/\/www.cinesouk.ma\/#\/schema\/logo\/image\/\",\"url\":\"https:\/\/www.cinesouk.ma\/wp-content\/uploads\/2024\/01\/CineSouk-logo-v01-alpha-alligned-left.png\",\"contentUrl\":\"https:\/\/www.cinesouk.ma\/wp-content\/uploads\/2024\/01\/CineSouk-logo-v01-alpha-alligned-left.png\",\"width\":3204,\"height\":889,\"caption\":\"CineSouk\"},\"image\":{\"@id\":\"https:\/\/www.cinesouk.ma\/#\/schema\/logo\/image\/\"}}]}<\/script>\n<!-- \/ Yoast SEO Premium plugin. -->","yoast_head_json":{"title":"Profoto OCF II Barndoor - CineSouk","description":"The Profoto OCF II Barndoor is an essential tool for photographers and film sets. Rent it now at Profoto OCF II Barndoor - Marrakech.","robots":{"index":"index","follow":"follow","max-snippet":"max-snippet:-1","max-image-preview":"max-image-preview:large","max-video-preview":"max-video-preview:-1"},"canonical":"https:\/\/www.cinesouk.ma\/fr\/produit\/profoto-101127-ocf-ii-barndoor\/","og_locale":"fr_FR","og_type":"article","og_title":"Profoto OCF II Barndoor","og_description":"The Profoto OCF II Barndoor is an essential tool for photographers and film sets. Rent it now at Profoto OCF II Barndoor - Marrakech.","og_url":"https:\/\/www.cinesouk.ma\/fr\/produit\/profoto-101127-ocf-ii-barndoor\/","og_site_name":"CineSouk","article_modified_time":"2025-08-22T13:38:41+00:00","og_image":[{"width":300,"height":238,"url":"https:\/\/www.cinesouk.ma\/wp-content\/uploads\/2024\/10\/Profoto-101127-OCF-II-Barndoor.jpg","type":"image\/jpeg"}],"twitter_card":"summary_large_image","twitter_description":"The Profoto OCF II Barndoor is an essential tool for photographers and film sets. Rent it now at Profoto OCF II Barndoor - Marrakech.","twitter_misc":{"Dur\u00e9e de lecture estim\u00e9e":"2 minutes"},"schema":{"@context":"https:\/\/schema.org","@graph":[{"@type":"WebPage","@id":"https:\/\/www.cinesouk.ma\/product\/profoto-101127-ocf-ii-barndoor\/","url":"https:\/\/www.cinesouk.ma\/product\/profoto-101127-ocf-ii-barndoor\/","name":"Profoto OCF II Barndoor - CineSouk","isPartOf":{"@id":"https:\/\/www.cinesouk.ma\/#website"},"primaryImageOfPage":{"@id":"https:\/\/www.cinesouk.ma\/product\/profoto-101127-ocf-ii-barndoor\/#primaryimage"},"image":{"@id":"https:\/\/www.cinesouk.ma\/product\/profoto-101127-ocf-ii-barndoor\/#primaryimage"},"thumbnailUrl":"https:\/\/www.cinesouk.ma\/wp-content\/uploads\/2024\/10\/Profoto-101127-OCF-II-Barndoor.jpg","datePublished":"2024-11-01T05:00:23+00:00","dateModified":"2025-08-22T13:38:41+00:00","description":"The Profoto OCF II Barndoor is an essential tool for photographers and film sets. Rent it now at Profoto OCF II Barndoor - Marrakech.","breadcrumb":{"@id":"https:\/\/www.cinesouk.ma\/product\/profoto-101127-ocf-ii-barndoor\/#breadcrumb"},"inLanguage":"fr-FR","potentialAction":[{"@type":"ReadAction","target":["https:\/\/www.cinesouk.ma\/product\/profoto-101127-ocf-ii-barndoor\/"]}]},{"@type":"ImageObject","inLanguage":"fr-FR","@id":"https:\/\/www.cinesouk.ma\/product\/profoto-101127-ocf-ii-barndoor\/#primaryimage","url":"https:\/\/www.cinesouk.ma\/wp-content\/uploads\/2024\/10\/Profoto-101127-OCF-II-Barndoor.jpg","contentUrl":"https:\/\/www.cinesouk.ma\/wp-content\/uploads\/2024\/10\/Profoto-101127-OCF-II-Barndoor.jpg","width":300,"height":238,"caption":"Profoto 101127 OCF II Barndoor"},{"@type":"BreadcrumbList","@id":"https:\/\/www.cinesouk.ma\/product\/profoto-101127-ocf-ii-barndoor\/#breadcrumb","itemListElement":[{"@type":"ListItem","position":1,"name":"Home","item":"https:\/\/www.cinesouk.ma\/"},{"@type":"ListItem","position":2,"name":"Shop","item":"https:\/\/www.cinesouk.ma\/shop\/"},{"@type":"ListItem","position":3,"name":"Profoto OCF II Barndoor"}]},{"@type":"WebSite","@id":"https:\/\/www.cinesouk.ma\/#website","url":"https:\/\/www.cinesouk.ma\/","name":"CineSouk","description":"","publisher":{"@id":"https:\/\/www.cinesouk.ma\/#organization"},"potentialAction":[{"@type":"SearchAction","target":{"@type":"EntryPoint","urlTemplate":"https:\/\/www.cinesouk.ma\/?s={search_term_string}"},"query-input":{"@type":"PropertyValueSpecification","valueRequired":true,"valueName":"search_term_string"}}],"inLanguage":"fr-FR"},{"@type":"Organization","@id":"https:\/\/www.cinesouk.ma\/#organization","name":"CineSouk","url":"https:\/\/www.cinesouk.ma\/","logo":{"@type":"ImageObject","inLanguage":"fr-FR","@id":"https:\/\/www.cinesouk.ma\/#\/schema\/logo\/image\/","url":"https:\/\/www.cinesouk.ma\/wp-content\/uploads\/2024\/01\/CineSouk-logo-v01-alpha-alligned-left.png","contentUrl":"https:\/\/www.cinesouk.ma\/wp-content\/uploads\/2024\/01\/CineSouk-logo-v01-alpha-alligned-left.png","width":3204,"height":889,"caption":"CineSouk"},"image":{"@id":"https:\/\/www.cinesouk.ma\/#\/schema\/logo\/image\/"}}]}},"_links":{"self":[{"href":"https:\/\/www.cinesouk.ma\/fr\/wp-json\/wp\/v2\/product\/8589","targetHints":{"allow":["GET"]}}],"collection":[{"href":"https:\/\/www.cinesouk.ma\/fr\/wp-json\/wp\/v2\/product"}],"about":[{"href":"https:\/\/www.cinesouk.ma\/fr\/wp-json\/wp\/v2\/types\/product"}],"wp:featuredmedia":[{"embeddable":true,"href":"https:\/\/www.cinesouk.ma\/fr\/wp-json\/wp\/v2\/media\/8611"}],"wp:attachment":[{"href":"https:\/\/www.cinesouk.ma\/fr\/wp-json\/wp\/v2\/media?parent=8589"}],"wp:term":[{"taxonomy":"product_brand","embeddable":true,"href":"https:\/\/www.cinesouk.ma\/fr\/wp-json\/wp\/v2\/product_brand?post=8589"},{"taxonomy":"product_cat","embeddable":true,"href":"https:\/\/www.cinesouk.ma\/fr\/wp-json\/wp\/v2\/product_cat?post=8589"},{"taxonomy":"product_tag","embeddable":true,"href":"https:\/\/www.cinesouk.ma\/fr\/wp-json\/wp\/v2\/product_tag?post=8589"}],"curies":[{"name":"wp","href":"https:\/\/api.w.org\/{rel}","templated":true}]}}