{"id":8592,"date":"2024-11-01T05:00:47","date_gmt":"2024-11-01T05:00:47","guid":{"rendered":"https:\/\/www.cinesouk.ma\/?post_type=product&#038;p=8592"},"modified":"2026-02-05T13:31:24","modified_gmt":"2026-02-05T13:31:24","slug":"profoto-li-ion-battery-mark-ii-voor-b1-b1x","status":"publish","type":"product","link":"https:\/\/www.cinesouk.ma\/fr\/produit\/profoto-li-ion-battery-mark-ii-voor-b1-b1x\/","title":{"rendered":"Profoto Li-Ion Battery mark II for B1\/B1X"},"content":{"rendered":"<p>La batterie Profoto Li-Ion Mark II est con\u00e7ue sp\u00e9cifiquement pour les flashes B1 et B1X. L'achat d'une batterie de rechange est un investissement judicieux. Vous \u00e9viterez ainsi de vous retrouver \u00e0 court d'\u00e9nergie au cours d'une prise de vue. La batterie Li-Ion MkII offre des performances impressionnantes. Elle permet d'obtenir jusqu'\u00e0 325 \u00e9clairs \u00e0 pleine puissance. En outre, vous pouvez obtenir des dizaines de milliers d'\u00e9clairs avec des r\u00e9glages de puissance plus faibles. Cette polyvalence en fait un accessoire essentiel pour tout photographe.<\/p>\n<p>En outre, nos batteries Li-ion sont certifi\u00e9es UN. Cette certification signifie que vous pouvez les emmener dans un avion sans probl\u00e8me, quelle que soit votre destination. Vous n'aurez pas \u00e0 vous soucier des restrictions de voyage.<\/p>\n<p>Voici les principales caract\u00e9ristiques de la Profoto Li-Ion Battery Mark II :<\/p>\n<ul>\n<li>Il fournit jusqu'\u00e0 325 flashs \u00e0 pleine puissance, ce qui vous garantit une puissance suffisante pour vos prises de vue.<\/li>\n<li>La batterie se charge en un peu plus de deux heures \u00e0 l'aide du chargeur de batterie standard 2,8A, ce qui est pratique pour les rotations rapides.<\/li>\n<li>Si vous avez besoin d'une option plus rapide, il se charge en un peu plus d'une heure avec le chargeur de batterie rapide 4,5A. Cette fonction est id\u00e9ale pour les journ\u00e9es charg\u00e9es.<\/li>\n<li>Vous pouvez \u00e9galement le recharger en trois heures \u00e0 l'aide du chargeur de voiture 1,8 A, branch\u00e9 sur un connecteur de 12V. Cette solution est id\u00e9ale pour recharger l'appareil en d\u00e9placement.<\/li>\n<\/ul>\n<p>Dans l'ensemble, la batterie est fiable et efficace. Elle maintient vos flashes sous tension, ce qui vous permet de vous concentrer sur la prise de vue parfaite.<\/p>\n<p>Louez la Profoto Li-Ion Battery mark II voor B1\/B1X maintenant sur <a href=\"https:\/\/www.cinesouk.ma\/fr\">CINESOUK<\/a> - une marque de <a href=\"https:\/\/www.broadway.ma\/\">BROADWAY PRODUCTIONS SARL.<\/a><\/p>","protected":false},"excerpt":{"rendered":"<p><strong>Sp\u00e9cifications<\/strong><\/p>\n<ul>\n<li>Fournit jusqu'\u00e0 325 \u00e9clairs \u00e0 pleine puissance.<\/li>\n<li>Se charge en un peu plus de deux heures avec le chargeur de batterie standard 2,8A.<\/li>\n<li>Se charge en un peu plus d'une heure avec le chargeur de batterie rapide 4,5A.<\/li>\n<li>Se charge en trois heures avec le chargeur de voiture 1,8A branch\u00e9 sur un connecteur 12V.<\/li>\n<\/ul>","protected":false},"featured_media":8606,"template":"","meta":{"om_disable_all_campaigns":false,"_monsterinsights_skip_tracking":false,"_monsterinsights_sitenote_active":false,"_monsterinsights_sitenote_note":"","_monsterinsights_sitenote_category":0,"_uf_show_specific_survey":0,"_uf_disable_surveys":false},"product_brand":[],"product_cat":[37,57],"product_tag":[],"class_list":{"0":"post-8592","1":"product","2":"type-product","3":"status-publish","4":"has-post-thumbnail","6":"product_cat-accessories-cinesouk","7":"product_cat-batteries-cinesouk","9":"entry","10":"has-media","12":"first","13":"instock","14":"taxable","15":"shipping-taxable","16":"purchasable","17":"product-type-variable","18":"has-product-nav","19":"col","20":"span_1_of_3","21":"owp-content-center","22":"owp-thumbs-layout-horizontal","23":"owp-btn-normal","24":"owp-tabs-layout-horizontal","25":"has-no-thumbnails"},"yoast_head":"<!-- This site is optimized with the Yoast SEO Premium plugin v26.0 (Yoast SEO v26.0) - https:\/\/yoast.com\/wordpress\/plugins\/seo\/ -->\n<title>Profoto Li-Ion Battery mark II for B1\/B1X - CineSouk<\/title>\n<meta name=\"description\" content=\"Profoto Li-Ion Battery mark II for B1\/B1X provides up to 325 full-power flashes, ideal for professional use. Profoto Li-Ion Battery mark II for B1\/B1X\" \/>\n<meta name=\"robots\" content=\"index, follow, max-snippet:-1, max-image-preview:large, max-video-preview:-1\" \/>\n<link rel=\"canonical\" href=\"https:\/\/www.cinesouk.ma\/fr\/produit\/profoto-li-ion-battery-mark-ii-voor-b1-b1x\/\" \/>\n<meta property=\"og:locale\" content=\"fr_FR\" \/>\n<meta property=\"og:type\" content=\"article\" \/>\n<meta property=\"og:title\" content=\"Profoto Li-Ion Battery mark II for B1\/B1X\" \/>\n<meta property=\"og:description\" content=\"Profoto Li-Ion Battery mark II for B1\/B1X provides up to 325 full-power flashes, ideal for professional use. Profoto Li-Ion Battery mark II for B1\/B1X\" \/>\n<meta property=\"og:url\" content=\"https:\/\/www.cinesouk.ma\/fr\/produit\/profoto-li-ion-battery-mark-ii-voor-b1-b1x\/\" \/>\n<meta property=\"og:site_name\" content=\"CineSouk\" \/>\n<meta property=\"article:modified_time\" content=\"2026-02-05T13:31:24+00:00\" \/>\n<meta property=\"og:image\" content=\"https:\/\/www.cinesouk.ma\/wp-content\/uploads\/2024\/10\/B1X.jpg\" \/>\n\t<meta property=\"og:image:width\" content=\"300\" \/>\n\t<meta property=\"og:image:height\" content=\"238\" \/>\n\t<meta property=\"og:image:type\" content=\"image\/jpeg\" \/>\n<meta name=\"twitter:card\" content=\"summary_large_image\" \/>\n<meta name=\"twitter:description\" content=\"Profoto Li-Ion Battery mark II for B1\/B1X provides up to 325 full-power flashes, ideal for professional use. Profoto Li-Ion Battery mark II for B1\/B1X\" \/>\n<meta name=\"twitter:label1\" content=\"Dur\u00e9e de lecture estim\u00e9e\" \/>\n\t<meta name=\"twitter:data1\" content=\"2 minutes\" \/>\n<script type=\"application\/ld+json\" class=\"yoast-schema-graph\">{\"@context\":\"https:\/\/schema.org\",\"@graph\":[{\"@type\":\"WebPage\",\"@id\":\"https:\/\/www.cinesouk.ma\/product\/profoto-li-ion-battery-mark-ii-voor-b1-b1x\/\",\"url\":\"https:\/\/www.cinesouk.ma\/product\/profoto-li-ion-battery-mark-ii-voor-b1-b1x\/\",\"name\":\"Profoto Li-Ion Battery mark II for B1\/B1X - CineSouk\",\"isPartOf\":{\"@id\":\"https:\/\/www.cinesouk.ma\/#website\"},\"primaryImageOfPage\":{\"@id\":\"https:\/\/www.cinesouk.ma\/product\/profoto-li-ion-battery-mark-ii-voor-b1-b1x\/#primaryimage\"},\"image\":{\"@id\":\"https:\/\/www.cinesouk.ma\/product\/profoto-li-ion-battery-mark-ii-voor-b1-b1x\/#primaryimage\"},\"thumbnailUrl\":\"https:\/\/www.cinesouk.ma\/wp-content\/uploads\/2024\/10\/B1X.jpg\",\"datePublished\":\"2024-11-01T05:00:47+00:00\",\"dateModified\":\"2026-02-05T13:31:24+00:00\",\"description\":\"Profoto Li-Ion Battery mark II for B1\/B1X provides up to 325 full-power flashes, ideal for professional use. Profoto Li-Ion Battery mark II for B1\/B1X\",\"breadcrumb\":{\"@id\":\"https:\/\/www.cinesouk.ma\/product\/profoto-li-ion-battery-mark-ii-voor-b1-b1x\/#breadcrumb\"},\"inLanguage\":\"fr-FR\",\"potentialAction\":[{\"@type\":\"ReadAction\",\"target\":[\"https:\/\/www.cinesouk.ma\/product\/profoto-li-ion-battery-mark-ii-voor-b1-b1x\/\"]}]},{\"@type\":\"ImageObject\",\"inLanguage\":\"fr-FR\",\"@id\":\"https:\/\/www.cinesouk.ma\/product\/profoto-li-ion-battery-mark-ii-voor-b1-b1x\/#primaryimage\",\"url\":\"https:\/\/www.cinesouk.ma\/wp-content\/uploads\/2024\/10\/B1X.jpg\",\"contentUrl\":\"https:\/\/www.cinesouk.ma\/wp-content\/uploads\/2024\/10\/B1X.jpg\",\"width\":300,\"height\":238,\"caption\":\"Profoto Li-Ion Battery mark II for B1\/B1X\"},{\"@type\":\"BreadcrumbList\",\"@id\":\"https:\/\/www.cinesouk.ma\/product\/profoto-li-ion-battery-mark-ii-voor-b1-b1x\/#breadcrumb\",\"itemListElement\":[{\"@type\":\"ListItem\",\"position\":1,\"name\":\"Home\",\"item\":\"https:\/\/www.cinesouk.ma\/\"},{\"@type\":\"ListItem\",\"position\":2,\"name\":\"Shop\",\"item\":\"https:\/\/www.cinesouk.ma\/shop\/\"},{\"@type\":\"ListItem\",\"position\":3,\"name\":\"Profoto Li-Ion Battery mark II for B1\/B1X\"}]},{\"@type\":\"WebSite\",\"@id\":\"https:\/\/www.cinesouk.ma\/#website\",\"url\":\"https:\/\/www.cinesouk.ma\/\",\"name\":\"CineSouk\",\"description\":\"\",\"publisher\":{\"@id\":\"https:\/\/www.cinesouk.ma\/#organization\"},\"potentialAction\":[{\"@type\":\"SearchAction\",\"target\":{\"@type\":\"EntryPoint\",\"urlTemplate\":\"https:\/\/www.cinesouk.ma\/?s={search_term_string}\"},\"query-input\":{\"@type\":\"PropertyValueSpecification\",\"valueRequired\":true,\"valueName\":\"search_term_string\"}}],\"inLanguage\":\"fr-FR\"},{\"@type\":\"Organization\",\"@id\":\"https:\/\/www.cinesouk.ma\/#organization\",\"name\":\"CineSouk\",\"url\":\"https:\/\/www.cinesouk.ma\/\",\"logo\":{\"@type\":\"ImageObject\",\"inLanguage\":\"fr-FR\",\"@id\":\"https:\/\/www.cinesouk.ma\/#\/schema\/logo\/image\/\",\"url\":\"https:\/\/www.cinesouk.ma\/wp-content\/uploads\/2024\/01\/CineSouk-logo-v01-alpha-alligned-left.png\",\"contentUrl\":\"https:\/\/www.cinesouk.ma\/wp-content\/uploads\/2024\/01\/CineSouk-logo-v01-alpha-alligned-left.png\",\"width\":3204,\"height\":889,\"caption\":\"CineSouk\"},\"image\":{\"@id\":\"https:\/\/www.cinesouk.ma\/#\/schema\/logo\/image\/\"}}]}<\/script>\n<!-- \/ Yoast SEO Premium plugin. -->","yoast_head_json":{"title":"Profoto Li-Ion Battery mark II for B1\/B1X - CineSouk","description":"Profoto Li-Ion Battery mark II for B1\/B1X provides up to 325 full-power flashes, ideal for professional use. Profoto Li-Ion Battery mark II for B1\/B1X","robots":{"index":"index","follow":"follow","max-snippet":"max-snippet:-1","max-image-preview":"max-image-preview:large","max-video-preview":"max-video-preview:-1"},"canonical":"https:\/\/www.cinesouk.ma\/fr\/produit\/profoto-li-ion-battery-mark-ii-voor-b1-b1x\/","og_locale":"fr_FR","og_type":"article","og_title":"Profoto Li-Ion Battery mark II for B1\/B1X","og_description":"Profoto Li-Ion Battery mark II for B1\/B1X provides up to 325 full-power flashes, ideal for professional use. Profoto Li-Ion Battery mark II for B1\/B1X","og_url":"https:\/\/www.cinesouk.ma\/fr\/produit\/profoto-li-ion-battery-mark-ii-voor-b1-b1x\/","og_site_name":"CineSouk","article_modified_time":"2026-02-05T13:31:24+00:00","og_image":[{"width":300,"height":238,"url":"https:\/\/www.cinesouk.ma\/wp-content\/uploads\/2024\/10\/B1X.jpg","type":"image\/jpeg"}],"twitter_card":"summary_large_image","twitter_description":"Profoto Li-Ion Battery mark II for B1\/B1X provides up to 325 full-power flashes, ideal for professional use. Profoto Li-Ion Battery mark II for B1\/B1X","twitter_misc":{"Dur\u00e9e de lecture estim\u00e9e":"2 minutes"},"schema":{"@context":"https:\/\/schema.org","@graph":[{"@type":"WebPage","@id":"https:\/\/www.cinesouk.ma\/product\/profoto-li-ion-battery-mark-ii-voor-b1-b1x\/","url":"https:\/\/www.cinesouk.ma\/product\/profoto-li-ion-battery-mark-ii-voor-b1-b1x\/","name":"Profoto Li-Ion Battery mark II for B1\/B1X - CineSouk","isPartOf":{"@id":"https:\/\/www.cinesouk.ma\/#website"},"primaryImageOfPage":{"@id":"https:\/\/www.cinesouk.ma\/product\/profoto-li-ion-battery-mark-ii-voor-b1-b1x\/#primaryimage"},"image":{"@id":"https:\/\/www.cinesouk.ma\/product\/profoto-li-ion-battery-mark-ii-voor-b1-b1x\/#primaryimage"},"thumbnailUrl":"https:\/\/www.cinesouk.ma\/wp-content\/uploads\/2024\/10\/B1X.jpg","datePublished":"2024-11-01T05:00:47+00:00","dateModified":"2026-02-05T13:31:24+00:00","description":"Profoto Li-Ion Battery mark II for B1\/B1X provides up to 325 full-power flashes, ideal for professional use. Profoto Li-Ion Battery mark II for B1\/B1X","breadcrumb":{"@id":"https:\/\/www.cinesouk.ma\/product\/profoto-li-ion-battery-mark-ii-voor-b1-b1x\/#breadcrumb"},"inLanguage":"fr-FR","potentialAction":[{"@type":"ReadAction","target":["https:\/\/www.cinesouk.ma\/product\/profoto-li-ion-battery-mark-ii-voor-b1-b1x\/"]}]},{"@type":"ImageObject","inLanguage":"fr-FR","@id":"https:\/\/www.cinesouk.ma\/product\/profoto-li-ion-battery-mark-ii-voor-b1-b1x\/#primaryimage","url":"https:\/\/www.cinesouk.ma\/wp-content\/uploads\/2024\/10\/B1X.jpg","contentUrl":"https:\/\/www.cinesouk.ma\/wp-content\/uploads\/2024\/10\/B1X.jpg","width":300,"height":238,"caption":"Profoto Li-Ion Battery mark II for B1\/B1X"},{"@type":"BreadcrumbList","@id":"https:\/\/www.cinesouk.ma\/product\/profoto-li-ion-battery-mark-ii-voor-b1-b1x\/#breadcrumb","itemListElement":[{"@type":"ListItem","position":1,"name":"Home","item":"https:\/\/www.cinesouk.ma\/"},{"@type":"ListItem","position":2,"name":"Shop","item":"https:\/\/www.cinesouk.ma\/shop\/"},{"@type":"ListItem","position":3,"name":"Profoto Li-Ion Battery mark II for B1\/B1X"}]},{"@type":"WebSite","@id":"https:\/\/www.cinesouk.ma\/#website","url":"https:\/\/www.cinesouk.ma\/","name":"CineSouk","description":"","publisher":{"@id":"https:\/\/www.cinesouk.ma\/#organization"},"potentialAction":[{"@type":"SearchAction","target":{"@type":"EntryPoint","urlTemplate":"https:\/\/www.cinesouk.ma\/?s={search_term_string}"},"query-input":{"@type":"PropertyValueSpecification","valueRequired":true,"valueName":"search_term_string"}}],"inLanguage":"fr-FR"},{"@type":"Organization","@id":"https:\/\/www.cinesouk.ma\/#organization","name":"CineSouk","url":"https:\/\/www.cinesouk.ma\/","logo":{"@type":"ImageObject","inLanguage":"fr-FR","@id":"https:\/\/www.cinesouk.ma\/#\/schema\/logo\/image\/","url":"https:\/\/www.cinesouk.ma\/wp-content\/uploads\/2024\/01\/CineSouk-logo-v01-alpha-alligned-left.png","contentUrl":"https:\/\/www.cinesouk.ma\/wp-content\/uploads\/2024\/01\/CineSouk-logo-v01-alpha-alligned-left.png","width":3204,"height":889,"caption":"CineSouk"},"image":{"@id":"https:\/\/www.cinesouk.ma\/#\/schema\/logo\/image\/"}}]}},"_links":{"self":[{"href":"https:\/\/www.cinesouk.ma\/fr\/wp-json\/wp\/v2\/product\/8592","targetHints":{"allow":["GET"]}}],"collection":[{"href":"https:\/\/www.cinesouk.ma\/fr\/wp-json\/wp\/v2\/product"}],"about":[{"href":"https:\/\/www.cinesouk.ma\/fr\/wp-json\/wp\/v2\/types\/product"}],"wp:featuredmedia":[{"embeddable":true,"href":"https:\/\/www.cinesouk.ma\/fr\/wp-json\/wp\/v2\/media\/8606"}],"wp:attachment":[{"href":"https:\/\/www.cinesouk.ma\/fr\/wp-json\/wp\/v2\/media?parent=8592"}],"wp:term":[{"taxonomy":"product_brand","embeddable":true,"href":"https:\/\/www.cinesouk.ma\/fr\/wp-json\/wp\/v2\/product_brand?post=8592"},{"taxonomy":"product_cat","embeddable":true,"href":"https:\/\/www.cinesouk.ma\/fr\/wp-json\/wp\/v2\/product_cat?post=8592"},{"taxonomy":"product_tag","embeddable":true,"href":"https:\/\/www.cinesouk.ma\/fr\/wp-json\/wp\/v2\/product_tag?post=8592"}],"curies":[{"name":"wp","href":"https:\/\/api.w.org\/{rel}","templated":true}]}}