{"id":8631,"date":"2024-02-20T17:30:13","date_gmt":"2024-02-20T17:30:13","guid":{"rendered":"https:\/\/www.cinesouk.ma\/?post_type=product&#038;p=8631"},"modified":"2025-09-23T12:10:01","modified_gmt":"2025-09-23T12:10:01","slug":"dji-ronin-rs4-pro","status":"publish","type":"product","link":"https:\/\/www.cinesouk.ma\/fr\/produit\/dji-ronin-rs4-pro\/","title":{"rendered":"DJI Ronin RS4 Pro"},"content":{"rendered":"<p>Le DJI Ronin RS4 Pro est un syst\u00e8me de cardan avanc\u00e9 et de qualit\u00e9 professionnelle con\u00e7u pour am\u00e9liorer la stabilit\u00e9 et la polyvalence sur n'importe quel plateau de tournage. Le Combo Pro comprend des accessoires essentiels tels qu'une molette de mise au point, un syst\u00e8me de transmission d'image haute performance et d'autres composants cl\u00e9s. Sa construction durable et ses moteurs de pr\u00e9cision garantissent que vos projets cin\u00e9matographiques sont ex\u00e9cut\u00e9s avec une stabilit\u00e9 et un contr\u00f4le exceptionnels, qu'il s'agisse de films, de tournages commerciaux ou de contenus sociaux. Des fonctionnalit\u00e9s telles que ActiveTrack et Force Mobile augmentent encore son adaptabilit\u00e9, ce qui en fait l'outil pr\u00e9f\u00e9r\u00e9 des cin\u00e9astes.<\/p>\n<h3>Caract\u00e9ristiques du DJI Ronin RS4 Pro :<\/h3>\n<ul>\n<li>Capacit\u00e9 de charge test\u00e9e de 6 kg<\/li>\n<li>Construit avec des mat\u00e9riaux en fibre de carbone<\/li>\n<li>\u00c9cran tactile couleur de 2 pouces<\/li>\n<li>Multiples configurations de montage professionnel<\/li>\n<li>R\u00e9glage efficace et intuitif de l'\u00e9quilibre<\/li>\n<li>Dur\u00e9e de fonctionnement maximale de 14 heures<\/li>\n<li>Conception l\u00e9g\u00e8re mais robuste<\/li>\n<\/ul>\n<p>Le RS4 Pro a une capacit\u00e9 de charge test\u00e9e impressionnante de 6 kg alors qu'il ne p\u00e8se que 1,2 kg, atteignant un rapport poids\/charge id\u00e9al gr\u00e2ce \u00e0 sa construction en fibre de carbone. Cela garantit la flexibilit\u00e9 et la facilit\u00e9 de manipulation pendant les tournages de longue dur\u00e9e.<\/p>\n<h3>Capacit\u00e9s<\/h3>\n<p>La DJI RS4 Pro est con\u00e7ue pour rendre la capture de plans dynamiques plus facile que jamais. Elle est optimis\u00e9e pour filmer d'une seule main et vous permet de passer en toute transparence du mode paysage au mode portrait d'une simple pression sur un bouton, ce qui est parfait pour les contenus professionnels sur les m\u00e9dias sociaux.<\/p>\n<h3>Caract\u00e9ristiques utiles :<\/h3>\n<ul>\n<li>Bouton rotatif int\u00e9gr\u00e9 pour des r\u00e9glages pr\u00e9cis du zoom et de la mise au point<\/li>\n<li>Capacit\u00e9s de transmission d'images sans fil<\/li>\n<li>Batterie longue dur\u00e9e et puissante<\/li>\n<li>Divers modes cr\u00e9atifs, dont Time Tunnel, Force Mobile et Timelapse<\/li>\n<li>Sac de transport l\u00e9ger et durable<\/li>\n<\/ul>\n<p>Louez le cardan DJI Ronin RS4 Pro d\u00e8s maintenant chez CINESOUK, une marque de BROADWAY PRODUCTIONS SARL.<\/p>\n<p>&nbsp;<\/p>","protected":false},"excerpt":{"rendered":"<p>Sp\u00e9cifications<\/p>\n<ul>\n<li><strong>Marque<\/strong>: DJI<\/li>\n<li><strong>Caract\u00e9ristiques<\/strong>: Roue de mise au point, syst\u00e8me avanc\u00e9 de transmission d'images, ActiveTrack, Force Mobile<\/li>\n<li><strong>Conception<\/strong>: Robuste et de qualit\u00e9 professionnelle<\/li>\n<li><strong>Charge utile maximale<\/strong>: 6 kg<\/li>\n<li><strong>La construction<\/strong>: Fibre de carbone<\/li>\n<li><strong>Gamme m\u00e9canique<\/strong>: Pan : 360\u00b0 \/ Roulement : -100\u00b0 \u00e0 +240\u00b0 \/ Inclinaison : -120\u00b0 \u00e0 +230\u00b0<\/li>\n<li><strong>Dur\u00e9e d'utilisation<\/strong>: Jusqu'\u00e0 14 heures<\/li>\n<li><strong>Temps de charge<\/strong>: 2 heures<\/li>\n<li><strong>Connectivit\u00e9<\/strong>: Bluetooth 5.2 et USB-C<\/li>\n<li><strong>Exigences minimales pour les smartphones<\/strong>iOS 12.0 ou version ult\u00e9rieure \/ Android 8.0 ou version ult\u00e9rieure<\/li>\n<li><strong>Poids<\/strong>: 1200 grammes<\/li>\n<li><strong>Dimensions<\/strong>: 430 x 280 x 205 mm<\/li>\n<li><strong>Objectif<\/strong>: Stabilit\u00e9 cin\u00e9matographique pour les d\u00e9cors de cin\u00e9ma<\/li>\n<li><strong>Fabricant<\/strong>: DJI<\/li>\n<\/ul>","protected":false},"featured_media":14747,"template":"","meta":{"om_disable_all_campaigns":false,"_monsterinsights_skip_tracking":false,"_monsterinsights_sitenote_active":false,"_monsterinsights_sitenote_note":"","_monsterinsights_sitenote_category":0,"_uf_show_specific_survey":0,"_uf_disable_surveys":false},"product_brand":[],"product_cat":[134,37,83,53,75],"product_tag":[],"class_list":{"0":"post-8631","1":"product","2":"type-product","3":"status-publish","4":"has-post-thumbnail","6":"product_cat-tripod-and-support-eventsouk","7":"product_cat-accessories-cinesouk","8":"product_cat-efp-eng-cinesouk","9":"product_cat-popular-cinesouk","10":"product_cat-tripod-and-support-cinesouk","12":"entry","13":"has-media","15":"first","16":"instock","17":"taxable","18":"shipping-taxable","19":"purchasable","20":"product-type-variable","21":"has-product-nav","22":"col","23":"span_1_of_3","24":"owp-content-center","25":"owp-thumbs-layout-horizontal","26":"owp-btn-normal","27":"owp-tabs-layout-horizontal","28":"has-no-thumbnails"},"yoast_head":"<!-- This site is optimized with the Yoast SEO Premium plugin v26.0 (Yoast SEO v26.0) - https:\/\/yoast.com\/wordpress\/plugins\/seo\/ -->\n<title>DJI Ronin RS4 Pro - Marrakech | Morocco - CineSouk - For rent<\/title>\n<meta name=\"description\" content=\"The DJI Ronin RS4 Pro Combo will elevate your cinematography to the next level\u2014this gimbal is perfect for larger system cameras and SLRs.\" \/>\n<meta name=\"robots\" content=\"index, follow, max-snippet:-1, max-image-preview:large, max-video-preview:-1\" \/>\n<link rel=\"canonical\" href=\"https:\/\/www.cinesouk.ma\/fr\/produit\/dji-ronin-rs4-pro\/\" \/>\n<meta property=\"og:locale\" content=\"fr_FR\" \/>\n<meta property=\"og:type\" content=\"article\" \/>\n<meta property=\"og:title\" content=\"DJI Ronin RS 4 Pro Combo\" \/>\n<meta property=\"og:description\" content=\"The DJI Ronin RS4 Pro Combo will elevate your cinematography to the next level\u2014this gimbal is perfect for larger system cameras and SLRs.\" \/>\n<meta property=\"og:url\" content=\"https:\/\/www.cinesouk.ma\/fr\/produit\/dji-ronin-rs4-pro\/\" \/>\n<meta property=\"og:site_name\" content=\"CineSouk\" \/>\n<meta property=\"article:modified_time\" content=\"2025-09-23T12:10:01+00:00\" \/>\n<meta property=\"og:image\" content=\"https:\/\/www.cinesouk.ma\/wp-content\/uploads\/2024\/02\/DJI-Ronin-RS4-Pro.jpg\" \/>\n\t<meta property=\"og:image:width\" content=\"300\" \/>\n\t<meta property=\"og:image:height\" content=\"238\" \/>\n\t<meta property=\"og:image:type\" content=\"image\/jpeg\" \/>\n<meta name=\"twitter:card\" content=\"summary_large_image\" \/>\n<meta name=\"twitter:title\" content=\"DJI Ronin RS4 Pro\" \/>\n<meta name=\"twitter:description\" content=\"The DJI Ronin RS4 Pro Combo will elevate your cinematography to the next level\u2014this gimbal is perfect for larger system cameras and SLRs.\" \/>\n<meta name=\"twitter:image\" content=\"https:\/\/www.cinesouk.ma\/wp-content\/uploads\/2024\/02\/DJI-Ronin-RS4-Pro.jpg\" \/>\n<meta name=\"twitter:label1\" content=\"Dur\u00e9e de lecture estim\u00e9e\" \/>\n\t<meta name=\"twitter:data1\" content=\"2 minutes\" \/>\n<script type=\"application\/ld+json\" class=\"yoast-schema-graph\">{\"@context\":\"https:\/\/schema.org\",\"@graph\":[{\"@type\":\"WebPage\",\"@id\":\"https:\/\/www.cinesouk.ma\/product\/dji-ronin-rs4-pro\/\",\"url\":\"https:\/\/www.cinesouk.ma\/product\/dji-ronin-rs4-pro\/\",\"name\":\"DJI Ronin RS4 Pro - Marrakech | Morocco - CineSouk - For rent\",\"isPartOf\":{\"@id\":\"https:\/\/www.cinesouk.ma\/#website\"},\"primaryImageOfPage\":{\"@id\":\"https:\/\/www.cinesouk.ma\/product\/dji-ronin-rs4-pro\/#primaryimage\"},\"image\":{\"@id\":\"https:\/\/www.cinesouk.ma\/product\/dji-ronin-rs4-pro\/#primaryimage\"},\"thumbnailUrl\":\"https:\/\/www.cinesouk.ma\/wp-content\/uploads\/2024\/02\/DJI-Ronin-RS4-Pro.jpg\",\"datePublished\":\"2024-02-20T17:30:13+00:00\",\"dateModified\":\"2025-09-23T12:10:01+00:00\",\"description\":\"The DJI Ronin RS4 Pro Combo will elevate your cinematography to the next level\u2014this gimbal is perfect for larger system cameras and SLRs.\",\"breadcrumb\":{\"@id\":\"https:\/\/www.cinesouk.ma\/product\/dji-ronin-rs4-pro\/#breadcrumb\"},\"inLanguage\":\"fr-FR\",\"potentialAction\":[{\"@type\":\"ReadAction\",\"target\":[\"https:\/\/www.cinesouk.ma\/product\/dji-ronin-rs4-pro\/\"]}]},{\"@type\":\"ImageObject\",\"inLanguage\":\"fr-FR\",\"@id\":\"https:\/\/www.cinesouk.ma\/product\/dji-ronin-rs4-pro\/#primaryimage\",\"url\":\"https:\/\/www.cinesouk.ma\/wp-content\/uploads\/2024\/02\/DJI-Ronin-RS4-Pro.jpg\",\"contentUrl\":\"https:\/\/www.cinesouk.ma\/wp-content\/uploads\/2024\/02\/DJI-Ronin-RS4-Pro.jpg\",\"width\":300,\"height\":238,\"caption\":\"DJI Ronin RS4 Pro\"},{\"@type\":\"BreadcrumbList\",\"@id\":\"https:\/\/www.cinesouk.ma\/product\/dji-ronin-rs4-pro\/#breadcrumb\",\"itemListElement\":[{\"@type\":\"ListItem\",\"position\":1,\"name\":\"Home\",\"item\":\"https:\/\/www.cinesouk.ma\/\"},{\"@type\":\"ListItem\",\"position\":2,\"name\":\"Shop\",\"item\":\"https:\/\/www.cinesouk.ma\/shop\/\"},{\"@type\":\"ListItem\",\"position\":3,\"name\":\"DJI Ronin RS4 Pro\"}]},{\"@type\":\"WebSite\",\"@id\":\"https:\/\/www.cinesouk.ma\/#website\",\"url\":\"https:\/\/www.cinesouk.ma\/\",\"name\":\"CineSouk\",\"description\":\"\",\"publisher\":{\"@id\":\"https:\/\/www.cinesouk.ma\/#organization\"},\"potentialAction\":[{\"@type\":\"SearchAction\",\"target\":{\"@type\":\"EntryPoint\",\"urlTemplate\":\"https:\/\/www.cinesouk.ma\/?s={search_term_string}\"},\"query-input\":{\"@type\":\"PropertyValueSpecification\",\"valueRequired\":true,\"valueName\":\"search_term_string\"}}],\"inLanguage\":\"fr-FR\"},{\"@type\":\"Organization\",\"@id\":\"https:\/\/www.cinesouk.ma\/#organization\",\"name\":\"CineSouk\",\"url\":\"https:\/\/www.cinesouk.ma\/\",\"logo\":{\"@type\":\"ImageObject\",\"inLanguage\":\"fr-FR\",\"@id\":\"https:\/\/www.cinesouk.ma\/#\/schema\/logo\/image\/\",\"url\":\"https:\/\/www.cinesouk.ma\/wp-content\/uploads\/2024\/01\/CineSouk-logo-v01-alpha-alligned-left.png\",\"contentUrl\":\"https:\/\/www.cinesouk.ma\/wp-content\/uploads\/2024\/01\/CineSouk-logo-v01-alpha-alligned-left.png\",\"width\":3204,\"height\":889,\"caption\":\"CineSouk\"},\"image\":{\"@id\":\"https:\/\/www.cinesouk.ma\/#\/schema\/logo\/image\/\"}}]}<\/script>\n<!-- \/ Yoast SEO Premium plugin. -->","yoast_head_json":{"title":"DJI Ronin RS4 Pro - Marrakech | Morocco - CineSouk - For rent","description":"The DJI Ronin RS4 Pro Combo will elevate your cinematography to the next level\u2014this gimbal is perfect for larger system cameras and SLRs.","robots":{"index":"index","follow":"follow","max-snippet":"max-snippet:-1","max-image-preview":"max-image-preview:large","max-video-preview":"max-video-preview:-1"},"canonical":"https:\/\/www.cinesouk.ma\/fr\/produit\/dji-ronin-rs4-pro\/","og_locale":"fr_FR","og_type":"article","og_title":"DJI Ronin RS 4 Pro Combo","og_description":"The DJI Ronin RS4 Pro Combo will elevate your cinematography to the next level\u2014this gimbal is perfect for larger system cameras and SLRs.","og_url":"https:\/\/www.cinesouk.ma\/fr\/produit\/dji-ronin-rs4-pro\/","og_site_name":"CineSouk","article_modified_time":"2025-09-23T12:10:01+00:00","og_image":[{"width":300,"height":238,"url":"https:\/\/www.cinesouk.ma\/wp-content\/uploads\/2024\/02\/DJI-Ronin-RS4-Pro.jpg","type":"image\/jpeg"}],"twitter_card":"summary_large_image","twitter_title":"DJI Ronin RS4 Pro","twitter_description":"The DJI Ronin RS4 Pro Combo will elevate your cinematography to the next level\u2014this gimbal is perfect for larger system cameras and SLRs.","twitter_image":"https:\/\/www.cinesouk.ma\/wp-content\/uploads\/2024\/02\/DJI-Ronin-RS4-Pro.jpg","twitter_misc":{"Dur\u00e9e de lecture estim\u00e9e":"2 minutes"},"schema":{"@context":"https:\/\/schema.org","@graph":[{"@type":"WebPage","@id":"https:\/\/www.cinesouk.ma\/product\/dji-ronin-rs4-pro\/","url":"https:\/\/www.cinesouk.ma\/product\/dji-ronin-rs4-pro\/","name":"DJI Ronin RS4 Pro - Marrakech | Morocco - CineSouk - For rent","isPartOf":{"@id":"https:\/\/www.cinesouk.ma\/#website"},"primaryImageOfPage":{"@id":"https:\/\/www.cinesouk.ma\/product\/dji-ronin-rs4-pro\/#primaryimage"},"image":{"@id":"https:\/\/www.cinesouk.ma\/product\/dji-ronin-rs4-pro\/#primaryimage"},"thumbnailUrl":"https:\/\/www.cinesouk.ma\/wp-content\/uploads\/2024\/02\/DJI-Ronin-RS4-Pro.jpg","datePublished":"2024-02-20T17:30:13+00:00","dateModified":"2025-09-23T12:10:01+00:00","description":"The DJI Ronin RS4 Pro Combo will elevate your cinematography to the next level\u2014this gimbal is perfect for larger system cameras and SLRs.","breadcrumb":{"@id":"https:\/\/www.cinesouk.ma\/product\/dji-ronin-rs4-pro\/#breadcrumb"},"inLanguage":"fr-FR","potentialAction":[{"@type":"ReadAction","target":["https:\/\/www.cinesouk.ma\/product\/dji-ronin-rs4-pro\/"]}]},{"@type":"ImageObject","inLanguage":"fr-FR","@id":"https:\/\/www.cinesouk.ma\/product\/dji-ronin-rs4-pro\/#primaryimage","url":"https:\/\/www.cinesouk.ma\/wp-content\/uploads\/2024\/02\/DJI-Ronin-RS4-Pro.jpg","contentUrl":"https:\/\/www.cinesouk.ma\/wp-content\/uploads\/2024\/02\/DJI-Ronin-RS4-Pro.jpg","width":300,"height":238,"caption":"DJI Ronin RS4 Pro"},{"@type":"BreadcrumbList","@id":"https:\/\/www.cinesouk.ma\/product\/dji-ronin-rs4-pro\/#breadcrumb","itemListElement":[{"@type":"ListItem","position":1,"name":"Home","item":"https:\/\/www.cinesouk.ma\/"},{"@type":"ListItem","position":2,"name":"Shop","item":"https:\/\/www.cinesouk.ma\/shop\/"},{"@type":"ListItem","position":3,"name":"DJI Ronin RS4 Pro"}]},{"@type":"WebSite","@id":"https:\/\/www.cinesouk.ma\/#website","url":"https:\/\/www.cinesouk.ma\/","name":"CineSouk","description":"","publisher":{"@id":"https:\/\/www.cinesouk.ma\/#organization"},"potentialAction":[{"@type":"SearchAction","target":{"@type":"EntryPoint","urlTemplate":"https:\/\/www.cinesouk.ma\/?s={search_term_string}"},"query-input":{"@type":"PropertyValueSpecification","valueRequired":true,"valueName":"search_term_string"}}],"inLanguage":"fr-FR"},{"@type":"Organization","@id":"https:\/\/www.cinesouk.ma\/#organization","name":"CineSouk","url":"https:\/\/www.cinesouk.ma\/","logo":{"@type":"ImageObject","inLanguage":"fr-FR","@id":"https:\/\/www.cinesouk.ma\/#\/schema\/logo\/image\/","url":"https:\/\/www.cinesouk.ma\/wp-content\/uploads\/2024\/01\/CineSouk-logo-v01-alpha-alligned-left.png","contentUrl":"https:\/\/www.cinesouk.ma\/wp-content\/uploads\/2024\/01\/CineSouk-logo-v01-alpha-alligned-left.png","width":3204,"height":889,"caption":"CineSouk"},"image":{"@id":"https:\/\/www.cinesouk.ma\/#\/schema\/logo\/image\/"}}]}},"_links":{"self":[{"href":"https:\/\/www.cinesouk.ma\/fr\/wp-json\/wp\/v2\/product\/8631","targetHints":{"allow":["GET"]}}],"collection":[{"href":"https:\/\/www.cinesouk.ma\/fr\/wp-json\/wp\/v2\/product"}],"about":[{"href":"https:\/\/www.cinesouk.ma\/fr\/wp-json\/wp\/v2\/types\/product"}],"wp:featuredmedia":[{"embeddable":true,"href":"https:\/\/www.cinesouk.ma\/fr\/wp-json\/wp\/v2\/media\/14747"}],"wp:attachment":[{"href":"https:\/\/www.cinesouk.ma\/fr\/wp-json\/wp\/v2\/media?parent=8631"}],"wp:term":[{"taxonomy":"product_brand","embeddable":true,"href":"https:\/\/www.cinesouk.ma\/fr\/wp-json\/wp\/v2\/product_brand?post=8631"},{"taxonomy":"product_cat","embeddable":true,"href":"https:\/\/www.cinesouk.ma\/fr\/wp-json\/wp\/v2\/product_cat?post=8631"},{"taxonomy":"product_tag","embeddable":true,"href":"https:\/\/www.cinesouk.ma\/fr\/wp-json\/wp\/v2\/product_tag?post=8631"}],"curies":[{"name":"wp","href":"https:\/\/api.w.org\/{rel}","templated":true}]}}