{"id":87,"date":"2024-08-20T17:19:01","date_gmt":"2024-08-20T17:19:01","guid":{"rendered":"https:\/\/www.cinesouk.ma\/?post_type=product&#038;p=87"},"modified":"2025-03-21T10:55:36","modified_gmt":"2025-03-21T10:55:36","slug":"jvc-dt-v20l3d-20-monitor","status":"publish","type":"product","link":"https:\/\/www.cinesouk.ma\/fr\/produit\/jvc-dt-v20l3d-20-monitor\/","title":{"rendered":"JVC DT-V20L3D - Moniteur de 20\u2033."},"content":{"rendered":"<p>Le moniteur JVC DT-V20L3D \u00e9quip\u00e9 d'un \u00e9cran LCD IPS 10 bits d\u00e9passe les exigences de la classe 2 de l'UER en termes d'espace colorim\u00e9trique, de gamma et de gradation. Les deux facteurs les plus critiques sont le gamma et la gradation des gris. Ce moniteur de qualit\u00e9 studio est con\u00e7u pour une large gamme d'applications dans les studios de t\u00e9l\u00e9vision, les camionnettes de production \u00e0 distance et les installations de production et de postproduction. Sa taille compacte et sa haute r\u00e9solution en font un moniteur id\u00e9al pour le montage en rack ou dans les salles de montage exigu\u00ebs. La surface de l'\u00e9cran anti-diffusion de JVC produit des images plus nettes avec un contraste \u00e9lev\u00e9 et des couleurs riches. Un processeur num\u00e9rique de troisi\u00e8me g\u00e9n\u00e9ration am\u00e9liore consid\u00e9rablement la qualit\u00e9 de l'image tout en r\u00e9duisant la latence \u00e0 moins d'une image. Un nouveau d\u00e9sentrelaceur adaptatif bas\u00e9 sur les pixels permet d'obtenir des images 1080i qui ressemblent \u00e0 des images progressives.<\/p>\n<div class=\"page\" title=\"Page 1\">\n<div class=\"section\">\n<div class=\"layoutArea\">\n<div class=\"column\">\n<h4>Caract\u00e9ristiques du moniteur :<\/h4>\n<ul>\n<li>1680\u00d71050 pixels<\/li>\n<li>Circuits offrant une faible latence (moins d'une trame) - Surveillance de la forme d'onde avec fonction de sur-niveau<\/li>\n<li>Bornes SDI HD\/SD plaqu\u00e9es or avec audio int\u00e9gr\u00e9 - DVI-D avec borne HDCP<\/li>\n<li>\u00c9cran LCD haute performance<\/li>\n<li>Technologie exclusive de traitement de l'image JVC<\/li>\n<li>Large choix de fonctions de production vid\u00e9o<\/li>\n<li>Commandes du panneau avant faciles \u00e0 utiliser<\/li>\n<li>Support de moniteur robuste et r\u00e9glable fourni<\/li>\n<li>Mode 1:1 avec HD (1920 x 1080 pixels)<\/li>\n<li>Entr\u00e9e du nom du moniteur par code ASCII<\/li>\n<li>Position de l'information s\u00e9lectionnable<\/li>\n<li>Mode plein \u00e9cran vertical pour le signal SD 4:3<\/li>\n<\/ul>\n<\/div>\n<\/div>\n<\/div>\n<\/div>\n<p>Louez le JVC DT-V20L3D maintenant sur <a href=\"https:\/\/www.cinesouk.ma\/fr\">CINESOUK<\/a> - une marque de <a href=\"https:\/\/www.broadway.ma\/\">BROADWAY PRODUCTIONS SARL.<\/a><\/p>\n<p>&nbsp;<\/p>","protected":false},"excerpt":{"rendered":"<p>Sp\u00e9cifications<\/p>\n<p><span data-sheets-value=\"{&quot;1&quot;:2,&quot;2&quot;:&quot;Screen size: 24&quot;\\nAspect Ratio: 16:10\\nNative esolution: 1920x1200p\\nContrast ratio: 1500:1\\nResolution: 2048x1080 \/ 24p \\nI\/O: 2x 3G-SDI, Dual link&quot;}\" data-sheets-userformat=\"{&quot;2&quot;:13251,&quot;3&quot;:{&quot;1&quot;:0},&quot;4&quot;:{&quot;1&quot;:2,&quot;2&quot;:16777215},&quot;9&quot;:1,&quot;10&quot;:1,&quot;11&quot;:4,&quot;12&quot;:0,&quot;15&quot;:&quot;Helvetica&quot;,&quot;16&quot;:10}\" data-sheets-textstyleruns=\"{&quot;1&quot;:0,&quot;2&quot;:{&quot;5&quot;:1}}\uee10{&quot;1&quot;:13}\uee10{&quot;1&quot;:17,&quot;2&quot;:{&quot;5&quot;:1}}\uee10{&quot;1&quot;:30}\uee10{&quot;1&quot;:37,&quot;2&quot;:{&quot;5&quot;:1}}\uee10{&quot;1&quot;:54}\uee10{&quot;1&quot;:66,&quot;2&quot;:{&quot;5&quot;:1}}\uee10{&quot;1&quot;:80}\uee10{&quot;1&quot;:89,&quot;2&quot;:{&quot;5&quot;:1}}\uee10{&quot;1&quot;:101}\uee10{&quot;1&quot;:118,&quot;2&quot;:{&quot;5&quot;:1}}\uee10{&quot;1&quot;:123}\"><strong>Taille de l'\u00e9cran :<\/strong> 20&#8243;<br \/>\n<strong>Rapport d'aspect :<\/strong> 16:10<br \/>\n<strong>R\u00e9solution native :<\/strong> 1920x1200p<br \/>\n<strong>Rapport de contraste :<\/strong> 1500:1<br \/>\n<strong>R\u00e9solution :<\/strong> 2048\u00d71080 \/ 24p<br \/>\n<strong>E\/S :<\/strong> 2x 3G-SDI, double liaison<\/span><\/p>","protected":false},"featured_media":117,"template":"","meta":{"om_disable_all_campaigns":false,"_monsterinsights_skip_tracking":false,"_monsterinsights_sitenote_active":false,"_monsterinsights_sitenote_note":"","_monsterinsights_sitenote_category":0,"_uf_show_specific_survey":0,"_uf_disable_surveys":false},"product_brand":[],"product_cat":[30],"product_tag":[],"class_list":{"0":"post-87","1":"product","2":"type-product","3":"status-publish","4":"has-post-thumbnail","6":"product_cat-monitors-and-screens-cinesouk","8":"entry","9":"has-media","11":"first","12":"instock","13":"taxable","14":"shipping-taxable","15":"purchasable","16":"product-type-variable","17":"has-product-nav","18":"col","19":"span_1_of_3","20":"owp-content-center","21":"owp-thumbs-layout-horizontal","22":"owp-btn-normal","23":"owp-tabs-layout-horizontal","24":"has-no-thumbnails"},"yoast_head":"<!-- This site is optimized with the Yoast SEO Premium plugin v26.0 (Yoast SEO v26.0) - https:\/\/yoast.com\/wordpress\/plugins\/seo\/ -->\n<title>JVC DT-V20L3D - 20&quot; Monitor - CineSouk - For rent<\/title>\n<meta name=\"description\" content=\"JVC DT-V20L3D is a monitor equipped with a 10-bit IPS LCD panel that exceeds EBU Class 2 requirements in terms of color space, gamma and gradation.\" \/>\n<meta name=\"robots\" content=\"index, follow, max-snippet:-1, max-image-preview:large, max-video-preview:-1\" \/>\n<link rel=\"canonical\" href=\"https:\/\/www.cinesouk.ma\/fr\/produit\/jvc-dt-v20l3d-20-monitor\/\" \/>\n<meta property=\"og:locale\" content=\"fr_FR\" \/>\n<meta property=\"og:type\" content=\"article\" \/>\n<meta property=\"og:title\" content=\"JVC DT-V20L3D - 20&quot; Monitor\" \/>\n<meta property=\"og:description\" content=\"JVC DT-V20L3D is a monitor equipped with a 10-bit IPS LCD panel that exceeds EBU Class 2 requirements in terms of color space, gamma and gradation.\" \/>\n<meta property=\"og:url\" content=\"https:\/\/www.cinesouk.ma\/fr\/produit\/jvc-dt-v20l3d-20-monitor\/\" \/>\n<meta property=\"og:site_name\" content=\"CineSouk\" \/>\n<meta property=\"article:modified_time\" content=\"2025-03-21T10:55:36+00:00\" \/>\n<meta property=\"og:image\" content=\"https:\/\/www.cinesouk.ma\/wp-content\/uploads\/2024\/01\/JVC-DT-V24-G2.png\" \/>\n\t<meta property=\"og:image:width\" content=\"300\" \/>\n\t<meta property=\"og:image:height\" content=\"238\" \/>\n\t<meta property=\"og:image:type\" content=\"image\/png\" \/>\n<meta name=\"twitter:card\" content=\"summary_large_image\" \/>\n<meta name=\"twitter:description\" content=\"JVC DT-V20L3D is a monitor equipped with a 10-bit IPS LCD panel that exceeds EBU Class 2 requirements in terms of color space, gamma and gradation.\" \/>\n<meta name=\"twitter:label1\" content=\"Dur\u00e9e de lecture estim\u00e9e\" \/>\n\t<meta name=\"twitter:data1\" content=\"2 minutes\" \/>\n<script type=\"application\/ld+json\" class=\"yoast-schema-graph\">{\"@context\":\"https:\/\/schema.org\",\"@graph\":[{\"@type\":\"WebPage\",\"@id\":\"https:\/\/www.cinesouk.ma\/product\/jvc-dt-v20l3d-20-monitor\/\",\"url\":\"https:\/\/www.cinesouk.ma\/product\/jvc-dt-v20l3d-20-monitor\/\",\"name\":\"JVC DT-V20L3D - 20\\\" Monitor - CineSouk - For rent\",\"isPartOf\":{\"@id\":\"https:\/\/www.cinesouk.ma\/#website\"},\"primaryImageOfPage\":{\"@id\":\"https:\/\/www.cinesouk.ma\/product\/jvc-dt-v20l3d-20-monitor\/#primaryimage\"},\"image\":{\"@id\":\"https:\/\/www.cinesouk.ma\/product\/jvc-dt-v20l3d-20-monitor\/#primaryimage\"},\"thumbnailUrl\":\"https:\/\/www.cinesouk.ma\/wp-content\/uploads\/2024\/01\/JVC-DT-V24-G2.png\",\"datePublished\":\"2024-08-20T17:19:01+00:00\",\"dateModified\":\"2025-03-21T10:55:36+00:00\",\"description\":\"JVC DT-V20L3D is a monitor equipped with a 10-bit IPS LCD panel that exceeds EBU Class 2 requirements in terms of color space, gamma and gradation.\",\"breadcrumb\":{\"@id\":\"https:\/\/www.cinesouk.ma\/product\/jvc-dt-v20l3d-20-monitor\/#breadcrumb\"},\"inLanguage\":\"fr-FR\",\"potentialAction\":[{\"@type\":\"ReadAction\",\"target\":[\"https:\/\/www.cinesouk.ma\/product\/jvc-dt-v20l3d-20-monitor\/\"]}]},{\"@type\":\"ImageObject\",\"inLanguage\":\"fr-FR\",\"@id\":\"https:\/\/www.cinesouk.ma\/product\/jvc-dt-v20l3d-20-monitor\/#primaryimage\",\"url\":\"https:\/\/www.cinesouk.ma\/wp-content\/uploads\/2024\/01\/JVC-DT-V24-G2.png\",\"contentUrl\":\"https:\/\/www.cinesouk.ma\/wp-content\/uploads\/2024\/01\/JVC-DT-V24-G2.png\",\"width\":300,\"height\":238},{\"@type\":\"BreadcrumbList\",\"@id\":\"https:\/\/www.cinesouk.ma\/product\/jvc-dt-v20l3d-20-monitor\/#breadcrumb\",\"itemListElement\":[{\"@type\":\"ListItem\",\"position\":1,\"name\":\"Home\",\"item\":\"https:\/\/www.cinesouk.ma\/\"},{\"@type\":\"ListItem\",\"position\":2,\"name\":\"Shop\",\"item\":\"https:\/\/www.cinesouk.ma\/shop\/\"},{\"@type\":\"ListItem\",\"position\":3,\"name\":\"JVC DT-V20L3D &#8211; 20&#8243; Monitor\"}]},{\"@type\":\"WebSite\",\"@id\":\"https:\/\/www.cinesouk.ma\/#website\",\"url\":\"https:\/\/www.cinesouk.ma\/\",\"name\":\"CineSouk\",\"description\":\"\",\"publisher\":{\"@id\":\"https:\/\/www.cinesouk.ma\/#organization\"},\"potentialAction\":[{\"@type\":\"SearchAction\",\"target\":{\"@type\":\"EntryPoint\",\"urlTemplate\":\"https:\/\/www.cinesouk.ma\/?s={search_term_string}\"},\"query-input\":{\"@type\":\"PropertyValueSpecification\",\"valueRequired\":true,\"valueName\":\"search_term_string\"}}],\"inLanguage\":\"fr-FR\"},{\"@type\":\"Organization\",\"@id\":\"https:\/\/www.cinesouk.ma\/#organization\",\"name\":\"CineSouk\",\"url\":\"https:\/\/www.cinesouk.ma\/\",\"logo\":{\"@type\":\"ImageObject\",\"inLanguage\":\"fr-FR\",\"@id\":\"https:\/\/www.cinesouk.ma\/#\/schema\/logo\/image\/\",\"url\":\"https:\/\/www.cinesouk.ma\/wp-content\/uploads\/2024\/01\/CineSouk-logo-v01-alpha-alligned-left.png\",\"contentUrl\":\"https:\/\/www.cinesouk.ma\/wp-content\/uploads\/2024\/01\/CineSouk-logo-v01-alpha-alligned-left.png\",\"width\":3204,\"height\":889,\"caption\":\"CineSouk\"},\"image\":{\"@id\":\"https:\/\/www.cinesouk.ma\/#\/schema\/logo\/image\/\"}}]}<\/script>\n<!-- \/ Yoast SEO Premium plugin. -->","yoast_head_json":{"title":"JVC DT-V20L3D - 20\" Monitor - CineSouk - For rent","description":"JVC DT-V20L3D is a monitor equipped with a 10-bit IPS LCD panel that exceeds EBU Class 2 requirements in terms of color space, gamma and gradation.","robots":{"index":"index","follow":"follow","max-snippet":"max-snippet:-1","max-image-preview":"max-image-preview:large","max-video-preview":"max-video-preview:-1"},"canonical":"https:\/\/www.cinesouk.ma\/fr\/produit\/jvc-dt-v20l3d-20-monitor\/","og_locale":"fr_FR","og_type":"article","og_title":"JVC DT-V20L3D - 20\" Monitor","og_description":"JVC DT-V20L3D is a monitor equipped with a 10-bit IPS LCD panel that exceeds EBU Class 2 requirements in terms of color space, gamma and gradation.","og_url":"https:\/\/www.cinesouk.ma\/fr\/produit\/jvc-dt-v20l3d-20-monitor\/","og_site_name":"CineSouk","article_modified_time":"2025-03-21T10:55:36+00:00","og_image":[{"width":300,"height":238,"url":"https:\/\/www.cinesouk.ma\/wp-content\/uploads\/2024\/01\/JVC-DT-V24-G2.png","type":"image\/png"}],"twitter_card":"summary_large_image","twitter_description":"JVC DT-V20L3D is a monitor equipped with a 10-bit IPS LCD panel that exceeds EBU Class 2 requirements in terms of color space, gamma and gradation.","twitter_misc":{"Dur\u00e9e de lecture estim\u00e9e":"2 minutes"},"schema":{"@context":"https:\/\/schema.org","@graph":[{"@type":"WebPage","@id":"https:\/\/www.cinesouk.ma\/product\/jvc-dt-v20l3d-20-monitor\/","url":"https:\/\/www.cinesouk.ma\/product\/jvc-dt-v20l3d-20-monitor\/","name":"JVC DT-V20L3D - 20\" Monitor - CineSouk - For rent","isPartOf":{"@id":"https:\/\/www.cinesouk.ma\/#website"},"primaryImageOfPage":{"@id":"https:\/\/www.cinesouk.ma\/product\/jvc-dt-v20l3d-20-monitor\/#primaryimage"},"image":{"@id":"https:\/\/www.cinesouk.ma\/product\/jvc-dt-v20l3d-20-monitor\/#primaryimage"},"thumbnailUrl":"https:\/\/www.cinesouk.ma\/wp-content\/uploads\/2024\/01\/JVC-DT-V24-G2.png","datePublished":"2024-08-20T17:19:01+00:00","dateModified":"2025-03-21T10:55:36+00:00","description":"JVC DT-V20L3D is a monitor equipped with a 10-bit IPS LCD panel that exceeds EBU Class 2 requirements in terms of color space, gamma and gradation.","breadcrumb":{"@id":"https:\/\/www.cinesouk.ma\/product\/jvc-dt-v20l3d-20-monitor\/#breadcrumb"},"inLanguage":"fr-FR","potentialAction":[{"@type":"ReadAction","target":["https:\/\/www.cinesouk.ma\/product\/jvc-dt-v20l3d-20-monitor\/"]}]},{"@type":"ImageObject","inLanguage":"fr-FR","@id":"https:\/\/www.cinesouk.ma\/product\/jvc-dt-v20l3d-20-monitor\/#primaryimage","url":"https:\/\/www.cinesouk.ma\/wp-content\/uploads\/2024\/01\/JVC-DT-V24-G2.png","contentUrl":"https:\/\/www.cinesouk.ma\/wp-content\/uploads\/2024\/01\/JVC-DT-V24-G2.png","width":300,"height":238},{"@type":"BreadcrumbList","@id":"https:\/\/www.cinesouk.ma\/product\/jvc-dt-v20l3d-20-monitor\/#breadcrumb","itemListElement":[{"@type":"ListItem","position":1,"name":"Home","item":"https:\/\/www.cinesouk.ma\/"},{"@type":"ListItem","position":2,"name":"Shop","item":"https:\/\/www.cinesouk.ma\/shop\/"},{"@type":"ListItem","position":3,"name":"JVC DT-V20L3D &#8211; 20&#8243; Monitor"}]},{"@type":"WebSite","@id":"https:\/\/www.cinesouk.ma\/#website","url":"https:\/\/www.cinesouk.ma\/","name":"CineSouk","description":"","publisher":{"@id":"https:\/\/www.cinesouk.ma\/#organization"},"potentialAction":[{"@type":"SearchAction","target":{"@type":"EntryPoint","urlTemplate":"https:\/\/www.cinesouk.ma\/?s={search_term_string}"},"query-input":{"@type":"PropertyValueSpecification","valueRequired":true,"valueName":"search_term_string"}}],"inLanguage":"fr-FR"},{"@type":"Organization","@id":"https:\/\/www.cinesouk.ma\/#organization","name":"CineSouk","url":"https:\/\/www.cinesouk.ma\/","logo":{"@type":"ImageObject","inLanguage":"fr-FR","@id":"https:\/\/www.cinesouk.ma\/#\/schema\/logo\/image\/","url":"https:\/\/www.cinesouk.ma\/wp-content\/uploads\/2024\/01\/CineSouk-logo-v01-alpha-alligned-left.png","contentUrl":"https:\/\/www.cinesouk.ma\/wp-content\/uploads\/2024\/01\/CineSouk-logo-v01-alpha-alligned-left.png","width":3204,"height":889,"caption":"CineSouk"},"image":{"@id":"https:\/\/www.cinesouk.ma\/#\/schema\/logo\/image\/"}}]}},"_links":{"self":[{"href":"https:\/\/www.cinesouk.ma\/fr\/wp-json\/wp\/v2\/product\/87","targetHints":{"allow":["GET"]}}],"collection":[{"href":"https:\/\/www.cinesouk.ma\/fr\/wp-json\/wp\/v2\/product"}],"about":[{"href":"https:\/\/www.cinesouk.ma\/fr\/wp-json\/wp\/v2\/types\/product"}],"wp:featuredmedia":[{"embeddable":true,"href":"https:\/\/www.cinesouk.ma\/fr\/wp-json\/wp\/v2\/media\/117"}],"wp:attachment":[{"href":"https:\/\/www.cinesouk.ma\/fr\/wp-json\/wp\/v2\/media?parent=87"}],"wp:term":[{"taxonomy":"product_brand","embeddable":true,"href":"https:\/\/www.cinesouk.ma\/fr\/wp-json\/wp\/v2\/product_brand?post=87"},{"taxonomy":"product_cat","embeddable":true,"href":"https:\/\/www.cinesouk.ma\/fr\/wp-json\/wp\/v2\/product_cat?post=87"},{"taxonomy":"product_tag","embeddable":true,"href":"https:\/\/www.cinesouk.ma\/fr\/wp-json\/wp\/v2\/product_tag?post=87"}],"curies":[{"name":"wp","href":"https:\/\/api.w.org\/{rel}","templated":true}]}}