{"id":8735,"date":"2024-11-21T15:20:17","date_gmt":"2024-11-21T15:20:17","guid":{"rendered":"https:\/\/www.cinesouk.ma\/?post_type=product&#038;p=8735"},"modified":"2025-08-22T10:46:26","modified_gmt":"2025-08-22T10:46:26","slug":"vaxis-pure-mist-95mm-filter","status":"publish","type":"product","link":"https:\/\/www.cinesouk.ma\/fr\/produit\/vaxis-pure-mist-95mm-filter\/","title":{"rendered":"Filtre Vaxis Pure Mist 95mm"},"content":{"rendered":"<p>Le filtre Pure Mist 95 mm de Vaxis am\u00e9liore vos images en adoucissant les sources de lumi\u00e8re et en ajoutant une l\u00e9g\u00e8re lueur aux points forts. Il r\u00e9duit le contraste et cr\u00e9e une atmosph\u00e8re cin\u00e9matographique, ce qui en fait un excellent outil pour r\u00e9aliser des visuels artistiques. Con\u00e7u sur mesure pour le Tilta Mirage Matte Box, ce filtre garantit un ajustement parfait et des performances fiables sur le plateau.<\/p>\n<h3><strong>Caract\u00e9ristiques principales :<\/strong><\/h3>\n<ul>\n<li><strong>Effet de diffusion :<\/strong> Le filtre adoucit le contraste et ajoute une lueur subtile autour des sources lumineuses, produisant des images plus douces et plus attrayantes visuellement.<\/li>\n<li><strong>Conception l\u00e9g\u00e8re :<\/strong> Ne pesant qu'un quart des filtres 4\u00d75,65 traditionnels, il simplifie la manipulation et rend le transport plus pratique.<\/li>\n<li><strong>R\u00e9sistance aux rayures :<\/strong> Son rev\u00eatement double face \u00e0 12 couches r\u00e9siste aux rayures et pr\u00e9serve la clart\u00e9, garantissant une longue dur\u00e9e de vie dans divers environnements de prise de vue.<\/li>\n<li><strong>Compatibilit\u00e9 parfaite :<\/strong> Sp\u00e9cialement con\u00e7u pour le Tilta Mirage Matte Box, le filtre offre un ajustement s\u00fbr et une fonctionnalit\u00e9 optimale.<\/li>\n<li><strong>Rangement pratique :<\/strong> La mallette de transport incluse assure un stockage s\u00fbr et un transport facile entre les diff\u00e9rents sites.<\/li>\n<\/ul>\n<p>Disponible en plusieurs intensit\u00e9s telles que 1\/8, 1\/4 et 1\/2, le filtre Vaxis 95mm Pure Mist vous permet d'ajuster l'effet de diffusion en fonction de votre vision cr\u00e9ative. Que vous capturiez des gros plans spectaculaires ou des sc\u00e8nes atmosph\u00e9riques douces, ce filtre am\u00e9liore la qualit\u00e9 et l'ambiance de vos s\u00e9quences. Son poids l\u00e9ger et sa conception robuste en font un compl\u00e9ment essentiel \u00e0 la bo\u00eete \u00e0 outils de tout cin\u00e9aste.<\/p>\n<p>Louez-le maintenant sur <a href=\"https:\/\/www.cinesouk.ma\/fr\">CINESOUK<\/a> - une marque de <a href=\"https:\/\/www.broadway.ma\/\">BROADWAY PRODUCTIONS SARL.<\/a><\/p>","protected":false},"excerpt":{"rendered":"<p>Sp\u00e9cifications<\/p>\n<div class=\"group\/conversation-turn relative flex w-full min-w-0 flex-col agent-turn\">\n<div class=\"flex-col gap-1 md:gap-3\">\n<div class=\"flex max-w-full flex-col flex-grow\">\n<div class=\"min-h-8 text-message flex w-full flex-col items-end gap-2 whitespace-normal break-words [.text-message+&amp;]:mt-5\" dir=\"auto\" data-message-author-role=\"assistant\" data-message-id=\"e18a99b3-cf7b-4ecd-bc21-990f899c3de7\" data-message-model-slug=\"gpt-4o\">\n<div class=\"flex w-full flex-col gap-1 empty:hidden first:pt-[3px]\">\n<div class=\"markdown prose w-full break-words dark:prose-invert light\">\n<ul>\n<li><strong>Mat\u00e9riau<\/strong>: Verre optique de haute qualit\u00e9<\/li>\n<li><strong>Diam\u00e8tre<\/strong>: 95mm<\/li>\n<li><strong>Effet<\/strong>: Filtre de diffusion pour adoucir la lumi\u00e8re et r\u00e9duire le contraste<\/li>\n<li><strong>Rev\u00eatement<\/strong>: Rev\u00eatement anti-rayures double face \u00e0 12 couches<\/li>\n<li><strong>Compatibilit\u00e9<\/strong>: Con\u00e7u pour le Tilta Mirage Matte Box et d'autres montages de 95 mm.<\/li>\n<li><strong>Conception<\/strong>: Construction l\u00e9g\u00e8re et durable pour une utilisation professionnelle<\/li>\n<li><strong>Utilisation<\/strong>: Am\u00e9liore l'esth\u00e9tique cin\u00e9matographique gr\u00e2ce \u00e0 des effets de lueur subtils autour des sources lumineuses.<\/li>\n<\/ul>\n<\/div>\n<\/div>\n<\/div>\n<\/div>\n<\/div>\n<\/div>","protected":false},"featured_media":8781,"template":"","meta":{"om_disable_all_campaigns":false,"_monsterinsights_skip_tracking":false,"_monsterinsights_sitenote_active":false,"_monsterinsights_sitenote_note":"","_monsterinsights_sitenote_category":0,"_uf_show_specific_survey":0,"_uf_disable_surveys":false},"product_brand":[],"product_cat":[133,58],"product_tag":[],"class_list":{"0":"post-8735","1":"product","2":"type-product","3":"status-publish","4":"has-post-thumbnail","6":"product_cat-filters-eventsouk","7":"product_cat-filters-cinesouk","9":"entry","10":"has-media","12":"first","13":"instock","14":"taxable","15":"shipping-taxable","16":"purchasable","17":"product-type-variable","18":"has-product-nav","19":"col","20":"span_1_of_3","21":"owp-content-center","22":"owp-thumbs-layout-horizontal","23":"owp-btn-normal","24":"owp-tabs-layout-horizontal","25":"has-no-thumbnails"},"yoast_head":"<!-- This site is optimized with the Yoast SEO Premium plugin v26.0 (Yoast SEO v26.0) - https:\/\/yoast.com\/wordpress\/plugins\/seo\/ -->\n<title>Vaxis Pure Mist 95mm filter - CineSouk - For rent<\/title>\n<meta name=\"description\" content=\"Vaxis Pure Mist 95mm Filter: High-quality diffusion filter designed to soften light, reduce contrast, and create a cinematic glow for your footage.\" \/>\n<meta name=\"robots\" content=\"index, follow, max-snippet:-1, max-image-preview:large, max-video-preview:-1\" \/>\n<link rel=\"canonical\" href=\"https:\/\/www.cinesouk.ma\/fr\/produit\/vaxis-pure-mist-95mm-filter\/\" \/>\n<meta property=\"og:locale\" content=\"fr_FR\" \/>\n<meta property=\"og:type\" content=\"article\" \/>\n<meta property=\"og:title\" content=\"Vaxis Pure Mist 95mm filter\" \/>\n<meta property=\"og:description\" content=\"Vaxis Pure Mist 95mm Filter: High-quality diffusion filter designed to soften light, reduce contrast, and create a cinematic glow for your footage.\" \/>\n<meta property=\"og:url\" content=\"https:\/\/www.cinesouk.ma\/fr\/produit\/vaxis-pure-mist-95mm-filter\/\" \/>\n<meta property=\"og:site_name\" content=\"CineSouk\" \/>\n<meta property=\"article:modified_time\" content=\"2025-08-22T10:46:26+00:00\" \/>\n<meta property=\"og:image\" content=\"https:\/\/www.cinesouk.ma\/wp-content\/uploads\/2024\/11\/Vaxis-Pure-Mist-95mm-filter_V2.jpg\" \/>\n\t<meta property=\"og:image:width\" content=\"300\" \/>\n\t<meta property=\"og:image:height\" content=\"238\" \/>\n\t<meta property=\"og:image:type\" content=\"image\/jpeg\" \/>\n<meta name=\"twitter:card\" content=\"summary_large_image\" \/>\n<meta name=\"twitter:description\" content=\"Vaxis Pure Mist 95mm Filter: High-quality diffusion filter designed to soften light, reduce contrast, and create a cinematic glow for your footage.\" \/>\n<meta name=\"twitter:label1\" content=\"Dur\u00e9e de lecture estim\u00e9e\" \/>\n\t<meta name=\"twitter:data1\" content=\"2 minutes\" \/>\n<script type=\"application\/ld+json\" class=\"yoast-schema-graph\">{\"@context\":\"https:\/\/schema.org\",\"@graph\":[{\"@type\":\"WebPage\",\"@id\":\"https:\/\/www.cinesouk.ma\/product\/vaxis-pure-mist-95mm-filter\/\",\"url\":\"https:\/\/www.cinesouk.ma\/product\/vaxis-pure-mist-95mm-filter\/\",\"name\":\"Vaxis Pure Mist 95mm filter - CineSouk - For rent\",\"isPartOf\":{\"@id\":\"https:\/\/www.cinesouk.ma\/#website\"},\"primaryImageOfPage\":{\"@id\":\"https:\/\/www.cinesouk.ma\/product\/vaxis-pure-mist-95mm-filter\/#primaryimage\"},\"image\":{\"@id\":\"https:\/\/www.cinesouk.ma\/product\/vaxis-pure-mist-95mm-filter\/#primaryimage\"},\"thumbnailUrl\":\"https:\/\/www.cinesouk.ma\/wp-content\/uploads\/2024\/11\/Vaxis-Pure-Mist-95mm-filter_V2.jpg\",\"datePublished\":\"2024-11-21T15:20:17+00:00\",\"dateModified\":\"2025-08-22T10:46:26+00:00\",\"description\":\"Vaxis Pure Mist 95mm Filter: High-quality diffusion filter designed to soften light, reduce contrast, and create a cinematic glow for your footage.\",\"breadcrumb\":{\"@id\":\"https:\/\/www.cinesouk.ma\/product\/vaxis-pure-mist-95mm-filter\/#breadcrumb\"},\"inLanguage\":\"fr-FR\",\"potentialAction\":[{\"@type\":\"ReadAction\",\"target\":[\"https:\/\/www.cinesouk.ma\/product\/vaxis-pure-mist-95mm-filter\/\"]}]},{\"@type\":\"ImageObject\",\"inLanguage\":\"fr-FR\",\"@id\":\"https:\/\/www.cinesouk.ma\/product\/vaxis-pure-mist-95mm-filter\/#primaryimage\",\"url\":\"https:\/\/www.cinesouk.ma\/wp-content\/uploads\/2024\/11\/Vaxis-Pure-Mist-95mm-filter_V2.jpg\",\"contentUrl\":\"https:\/\/www.cinesouk.ma\/wp-content\/uploads\/2024\/11\/Vaxis-Pure-Mist-95mm-filter_V2.jpg\",\"width\":300,\"height\":238,\"caption\":\"Vaxis Pure Mist 95mm filter\"},{\"@type\":\"BreadcrumbList\",\"@id\":\"https:\/\/www.cinesouk.ma\/product\/vaxis-pure-mist-95mm-filter\/#breadcrumb\",\"itemListElement\":[{\"@type\":\"ListItem\",\"position\":1,\"name\":\"Home\",\"item\":\"https:\/\/www.cinesouk.ma\/\"},{\"@type\":\"ListItem\",\"position\":2,\"name\":\"Shop\",\"item\":\"https:\/\/www.cinesouk.ma\/shop\/\"},{\"@type\":\"ListItem\",\"position\":3,\"name\":\"Vaxis Pure Mist 95mm filter\"}]},{\"@type\":\"WebSite\",\"@id\":\"https:\/\/www.cinesouk.ma\/#website\",\"url\":\"https:\/\/www.cinesouk.ma\/\",\"name\":\"CineSouk\",\"description\":\"\",\"publisher\":{\"@id\":\"https:\/\/www.cinesouk.ma\/#organization\"},\"potentialAction\":[{\"@type\":\"SearchAction\",\"target\":{\"@type\":\"EntryPoint\",\"urlTemplate\":\"https:\/\/www.cinesouk.ma\/?s={search_term_string}\"},\"query-input\":{\"@type\":\"PropertyValueSpecification\",\"valueRequired\":true,\"valueName\":\"search_term_string\"}}],\"inLanguage\":\"fr-FR\"},{\"@type\":\"Organization\",\"@id\":\"https:\/\/www.cinesouk.ma\/#organization\",\"name\":\"CineSouk\",\"url\":\"https:\/\/www.cinesouk.ma\/\",\"logo\":{\"@type\":\"ImageObject\",\"inLanguage\":\"fr-FR\",\"@id\":\"https:\/\/www.cinesouk.ma\/#\/schema\/logo\/image\/\",\"url\":\"https:\/\/www.cinesouk.ma\/wp-content\/uploads\/2024\/01\/CineSouk-logo-v01-alpha-alligned-left.png\",\"contentUrl\":\"https:\/\/www.cinesouk.ma\/wp-content\/uploads\/2024\/01\/CineSouk-logo-v01-alpha-alligned-left.png\",\"width\":3204,\"height\":889,\"caption\":\"CineSouk\"},\"image\":{\"@id\":\"https:\/\/www.cinesouk.ma\/#\/schema\/logo\/image\/\"}}]}<\/script>\n<!-- \/ Yoast SEO Premium plugin. -->","yoast_head_json":{"title":"Vaxis Pure Mist 95mm filter - CineSouk - For rent","description":"Vaxis Pure Mist 95mm Filter: High-quality diffusion filter designed to soften light, reduce contrast, and create a cinematic glow for your footage.","robots":{"index":"index","follow":"follow","max-snippet":"max-snippet:-1","max-image-preview":"max-image-preview:large","max-video-preview":"max-video-preview:-1"},"canonical":"https:\/\/www.cinesouk.ma\/fr\/produit\/vaxis-pure-mist-95mm-filter\/","og_locale":"fr_FR","og_type":"article","og_title":"Vaxis Pure Mist 95mm filter","og_description":"Vaxis Pure Mist 95mm Filter: High-quality diffusion filter designed to soften light, reduce contrast, and create a cinematic glow for your footage.","og_url":"https:\/\/www.cinesouk.ma\/fr\/produit\/vaxis-pure-mist-95mm-filter\/","og_site_name":"CineSouk","article_modified_time":"2025-08-22T10:46:26+00:00","og_image":[{"width":300,"height":238,"url":"https:\/\/www.cinesouk.ma\/wp-content\/uploads\/2024\/11\/Vaxis-Pure-Mist-95mm-filter_V2.jpg","type":"image\/jpeg"}],"twitter_card":"summary_large_image","twitter_description":"Vaxis Pure Mist 95mm Filter: High-quality diffusion filter designed to soften light, reduce contrast, and create a cinematic glow for your footage.","twitter_misc":{"Dur\u00e9e de lecture estim\u00e9e":"2 minutes"},"schema":{"@context":"https:\/\/schema.org","@graph":[{"@type":"WebPage","@id":"https:\/\/www.cinesouk.ma\/product\/vaxis-pure-mist-95mm-filter\/","url":"https:\/\/www.cinesouk.ma\/product\/vaxis-pure-mist-95mm-filter\/","name":"Vaxis Pure Mist 95mm filter - CineSouk - For rent","isPartOf":{"@id":"https:\/\/www.cinesouk.ma\/#website"},"primaryImageOfPage":{"@id":"https:\/\/www.cinesouk.ma\/product\/vaxis-pure-mist-95mm-filter\/#primaryimage"},"image":{"@id":"https:\/\/www.cinesouk.ma\/product\/vaxis-pure-mist-95mm-filter\/#primaryimage"},"thumbnailUrl":"https:\/\/www.cinesouk.ma\/wp-content\/uploads\/2024\/11\/Vaxis-Pure-Mist-95mm-filter_V2.jpg","datePublished":"2024-11-21T15:20:17+00:00","dateModified":"2025-08-22T10:46:26+00:00","description":"Vaxis Pure Mist 95mm Filter: High-quality diffusion filter designed to soften light, reduce contrast, and create a cinematic glow for your footage.","breadcrumb":{"@id":"https:\/\/www.cinesouk.ma\/product\/vaxis-pure-mist-95mm-filter\/#breadcrumb"},"inLanguage":"fr-FR","potentialAction":[{"@type":"ReadAction","target":["https:\/\/www.cinesouk.ma\/product\/vaxis-pure-mist-95mm-filter\/"]}]},{"@type":"ImageObject","inLanguage":"fr-FR","@id":"https:\/\/www.cinesouk.ma\/product\/vaxis-pure-mist-95mm-filter\/#primaryimage","url":"https:\/\/www.cinesouk.ma\/wp-content\/uploads\/2024\/11\/Vaxis-Pure-Mist-95mm-filter_V2.jpg","contentUrl":"https:\/\/www.cinesouk.ma\/wp-content\/uploads\/2024\/11\/Vaxis-Pure-Mist-95mm-filter_V2.jpg","width":300,"height":238,"caption":"Vaxis Pure Mist 95mm filter"},{"@type":"BreadcrumbList","@id":"https:\/\/www.cinesouk.ma\/product\/vaxis-pure-mist-95mm-filter\/#breadcrumb","itemListElement":[{"@type":"ListItem","position":1,"name":"Home","item":"https:\/\/www.cinesouk.ma\/"},{"@type":"ListItem","position":2,"name":"Shop","item":"https:\/\/www.cinesouk.ma\/shop\/"},{"@type":"ListItem","position":3,"name":"Vaxis Pure Mist 95mm filter"}]},{"@type":"WebSite","@id":"https:\/\/www.cinesouk.ma\/#website","url":"https:\/\/www.cinesouk.ma\/","name":"CineSouk","description":"","publisher":{"@id":"https:\/\/www.cinesouk.ma\/#organization"},"potentialAction":[{"@type":"SearchAction","target":{"@type":"EntryPoint","urlTemplate":"https:\/\/www.cinesouk.ma\/?s={search_term_string}"},"query-input":{"@type":"PropertyValueSpecification","valueRequired":true,"valueName":"search_term_string"}}],"inLanguage":"fr-FR"},{"@type":"Organization","@id":"https:\/\/www.cinesouk.ma\/#organization","name":"CineSouk","url":"https:\/\/www.cinesouk.ma\/","logo":{"@type":"ImageObject","inLanguage":"fr-FR","@id":"https:\/\/www.cinesouk.ma\/#\/schema\/logo\/image\/","url":"https:\/\/www.cinesouk.ma\/wp-content\/uploads\/2024\/01\/CineSouk-logo-v01-alpha-alligned-left.png","contentUrl":"https:\/\/www.cinesouk.ma\/wp-content\/uploads\/2024\/01\/CineSouk-logo-v01-alpha-alligned-left.png","width":3204,"height":889,"caption":"CineSouk"},"image":{"@id":"https:\/\/www.cinesouk.ma\/#\/schema\/logo\/image\/"}}]}},"_links":{"self":[{"href":"https:\/\/www.cinesouk.ma\/fr\/wp-json\/wp\/v2\/product\/8735","targetHints":{"allow":["GET"]}}],"collection":[{"href":"https:\/\/www.cinesouk.ma\/fr\/wp-json\/wp\/v2\/product"}],"about":[{"href":"https:\/\/www.cinesouk.ma\/fr\/wp-json\/wp\/v2\/types\/product"}],"wp:featuredmedia":[{"embeddable":true,"href":"https:\/\/www.cinesouk.ma\/fr\/wp-json\/wp\/v2\/media\/8781"}],"wp:attachment":[{"href":"https:\/\/www.cinesouk.ma\/fr\/wp-json\/wp\/v2\/media?parent=8735"}],"wp:term":[{"taxonomy":"product_brand","embeddable":true,"href":"https:\/\/www.cinesouk.ma\/fr\/wp-json\/wp\/v2\/product_brand?post=8735"},{"taxonomy":"product_cat","embeddable":true,"href":"https:\/\/www.cinesouk.ma\/fr\/wp-json\/wp\/v2\/product_cat?post=8735"},{"taxonomy":"product_tag","embeddable":true,"href":"https:\/\/www.cinesouk.ma\/fr\/wp-json\/wp\/v2\/product_tag?post=8735"}],"curies":[{"name":"wp","href":"https:\/\/api.w.org\/{rel}","templated":true}]}}