{"id":8747,"date":"2024-11-21T15:40:45","date_gmt":"2024-11-21T15:40:45","guid":{"rendered":"https:\/\/www.cinesouk.ma\/?post_type=product&#038;p=8747"},"modified":"2025-08-22T10:46:25","modified_gmt":"2025-08-22T10:46:25","slug":"vaxis-black-mist-95mm-filter","status":"publish","type":"product","link":"https:\/\/www.cinesouk.ma\/fr\/produit\/vaxis-black-mist-95mm-filter\/","title":{"rendered":"Filtre Vaxis Black Mist 95mm"},"content":{"rendered":"<p>Le filtre Vaxis 95mm Black Mist am\u00e9liore la qualit\u00e9 cin\u00e9matographique de vos images gr\u00e2ce \u00e0 ses capacit\u00e9s de diffusion de niveau professionnel. En adoucissant les sources de lumi\u00e8re, en r\u00e9duisant le contraste et en ajoutant une lueur subtile autour des points forts, il cr\u00e9e un aspect poli et artistique. Con\u00e7u sp\u00e9cifiquement pour la bo\u00eete de matage Tilta Mirage, ce filtre s'int\u00e8gre parfaitement \u00e0 votre installation et garantit des performances fiables pendant les tournages.<\/p>\n<h3><strong>Caract\u00e9ristiques principales :<\/strong><\/h3>\n<ul>\n<li><strong>Effet de diffusion :<\/strong> Il adoucit le contraste et les hautes lumi\u00e8res, produisant une image fluide et cin\u00e9matographique qui ajoute de la profondeur \u00e0 vos s\u00e9quences.<\/li>\n<li><strong>Conception l\u00e9g\u00e8re :<\/strong> Le filtre ne p\u00e8se qu'un quart du poids des filtres 4\u00d75,65 traditionnels, ce qui le rend plus facile \u00e0 transporter et \u00e0 utiliser.<\/li>\n<li><strong>R\u00e9sistance aux rayures :<\/strong> Son rev\u00eatement double face \u00e0 12 couches prot\u00e8ge contre les rayures, pr\u00e9servant la clart\u00e9 du filtre et prolongeant sa dur\u00e9e de vie.<\/li>\n<li><strong>Compatibilit\u00e9 parfaite :<\/strong> Vaxis a con\u00e7u ce filtre sp\u00e9cifiquement pour la Tilta Mirage Matte Box, ce qui garantit un montage s\u00fbr et un fonctionnement efficace.<\/li>\n<li><strong>Rangement pratique :<\/strong> L'\u00e9tui de transport inclus vous permet de ranger et de transporter le filtre en toute s\u00e9curit\u00e9 d'un endroit \u00e0 l'autre.<\/li>\n<\/ul>\n<p>Disponible en diff\u00e9rentes intensit\u00e9s telles que 1\/8, 1\/4 et 1\/2, ce filtre vous permet de personnaliser le niveau de diffusion en fonction de vos objectifs cr\u00e9atifs. Que vous cherchiez \u00e0 capturer des gros plans doux ou des plans larges spectaculaires, le filtre Vaxis 95mm Black Mist offre des performances fiables et am\u00e9liore l'impact visuel de vos projets. Sa construction durable et sa conception conviviale en font un ajout pr\u00e9cieux au kit de tout cin\u00e9aste.<\/p>\n<p>Louez-le maintenant sur <a href=\"https:\/\/www.cinesouk.ma\/fr\">CINESOUK<\/a> - une marque de <a href=\"https:\/\/www.broadway.ma\/\">BROADWAY PRODUCTIONS SARL.<\/a><\/p>","protected":false},"excerpt":{"rendered":"<p>Sp\u00e9cifications<\/p>\n<div class=\"group\/conversation-turn relative flex w-full min-w-0 flex-col agent-turn\">\n<div class=\"flex-col gap-1 md:gap-3\">\n<div class=\"flex max-w-full flex-col flex-grow\">\n<div class=\"min-h-8 text-message flex w-full flex-col items-end gap-2 whitespace-normal break-words [.text-message+&amp;]:mt-5\" dir=\"auto\" data-message-author-role=\"assistant\" data-message-id=\"e18a99b3-cf7b-4ecd-bc21-990f899c3de7\" data-message-model-slug=\"gpt-4o\">\n<div class=\"flex w-full flex-col gap-1 empty:hidden first:pt-[3px]\">\n<div class=\"markdown prose w-full break-words dark:prose-invert light\">\n<ul>\n<li><strong>Mat\u00e9riau<\/strong>: Verre optique de haute qualit\u00e9<\/li>\n<li><strong>Diam\u00e8tre<\/strong>: 95mm<\/li>\n<li><strong>Effet<\/strong>: Filtre de diffusion permettant d'adoucir la lumi\u00e8re, de r\u00e9duire le contraste et d'ajouter des reflets subtils.<\/li>\n<li><strong>Rev\u00eatement<\/strong>: Rev\u00eatement anti-rayures double face \u00e0 12 couches<\/li>\n<li><strong>Compatibilit\u00e9<\/strong>: Con\u00e7u pour le Tilta Mirage Matte Box et d'autres montages de 95 mm.<\/li>\n<li><strong>Conception<\/strong>: Construction l\u00e9g\u00e8re et durable pour une utilisation professionnelle<\/li>\n<li><strong>Utilisation<\/strong>: Am\u00e9liore l'esth\u00e9tique cin\u00e9matographique avec une lueur douce et cin\u00e9matographique et une nettet\u00e9 r\u00e9duite dans les hautes lumi\u00e8res.<\/li>\n<\/ul>\n<\/div>\n<\/div>\n<\/div>\n<\/div>\n<\/div>\n<\/div>","protected":false},"featured_media":8782,"template":"","meta":{"om_disable_all_campaigns":false,"_monsterinsights_skip_tracking":false,"_monsterinsights_sitenote_active":false,"_monsterinsights_sitenote_note":"","_monsterinsights_sitenote_category":0,"_uf_show_specific_survey":0,"_uf_disable_surveys":false},"product_brand":[],"product_cat":[133,58],"product_tag":[],"class_list":{"0":"post-8747","1":"product","2":"type-product","3":"status-publish","4":"has-post-thumbnail","6":"product_cat-filters-eventsouk","7":"product_cat-filters-cinesouk","9":"entry","10":"has-media","12":"first","13":"instock","14":"taxable","15":"shipping-taxable","16":"purchasable","17":"product-type-variable","18":"has-product-nav","19":"col","20":"span_1_of_3","21":"owp-content-center","22":"owp-thumbs-layout-horizontal","23":"owp-btn-normal","24":"owp-tabs-layout-horizontal","25":"has-no-thumbnails"},"yoast_head":"<!-- This site is optimized with the Yoast SEO Premium plugin v26.0 (Yoast SEO v26.0) - https:\/\/yoast.com\/wordpress\/plugins\/seo\/ -->\n<title>Vaxis Black Mist 95mm filter - CineSouk - For rent<\/title>\n<meta name=\"description\" content=\"Vaxis Black Mist 95mm Filter: A diffusion filter that softens light, reduces contrast, and adds a cinematic glow with highlight bloom.\" \/>\n<meta name=\"robots\" content=\"index, follow, max-snippet:-1, max-image-preview:large, max-video-preview:-1\" \/>\n<link rel=\"canonical\" href=\"https:\/\/www.cinesouk.ma\/fr\/produit\/vaxis-black-mist-95mm-filter\/\" \/>\n<meta property=\"og:locale\" content=\"fr_FR\" \/>\n<meta property=\"og:type\" content=\"article\" \/>\n<meta property=\"og:title\" content=\"Vaxis Black Mist 95mm filter\" \/>\n<meta property=\"og:description\" content=\"Vaxis Black Mist 95mm Filter: A diffusion filter that softens light, reduces contrast, and adds a cinematic glow with highlight bloom.\" \/>\n<meta property=\"og:url\" content=\"https:\/\/www.cinesouk.ma\/fr\/produit\/vaxis-black-mist-95mm-filter\/\" \/>\n<meta property=\"og:site_name\" content=\"CineSouk\" \/>\n<meta property=\"article:modified_time\" content=\"2025-08-22T10:46:25+00:00\" \/>\n<meta property=\"og:image\" content=\"https:\/\/www.cinesouk.ma\/wp-content\/uploads\/2024\/11\/Vaxis-Black-Mist-95mm-filter_V2.jpg\" \/>\n\t<meta property=\"og:image:width\" content=\"300\" \/>\n\t<meta property=\"og:image:height\" content=\"238\" \/>\n\t<meta property=\"og:image:type\" content=\"image\/jpeg\" \/>\n<meta name=\"twitter:card\" content=\"summary_large_image\" \/>\n<meta name=\"twitter:description\" content=\"Vaxis Black Mist 95mm Filter: A diffusion filter that softens light, reduces contrast, and adds a cinematic glow with highlight bloom.\" \/>\n<meta name=\"twitter:label1\" content=\"Dur\u00e9e de lecture estim\u00e9e\" \/>\n\t<meta name=\"twitter:data1\" content=\"2 minutes\" \/>\n<script type=\"application\/ld+json\" class=\"yoast-schema-graph\">{\"@context\":\"https:\/\/schema.org\",\"@graph\":[{\"@type\":\"WebPage\",\"@id\":\"https:\/\/www.cinesouk.ma\/product\/vaxis-black-mist-95mm-filter\/\",\"url\":\"https:\/\/www.cinesouk.ma\/product\/vaxis-black-mist-95mm-filter\/\",\"name\":\"Vaxis Black Mist 95mm filter - CineSouk - For rent\",\"isPartOf\":{\"@id\":\"https:\/\/www.cinesouk.ma\/#website\"},\"primaryImageOfPage\":{\"@id\":\"https:\/\/www.cinesouk.ma\/product\/vaxis-black-mist-95mm-filter\/#primaryimage\"},\"image\":{\"@id\":\"https:\/\/www.cinesouk.ma\/product\/vaxis-black-mist-95mm-filter\/#primaryimage\"},\"thumbnailUrl\":\"https:\/\/www.cinesouk.ma\/wp-content\/uploads\/2024\/11\/Vaxis-Black-Mist-95mm-filter_V2.jpg\",\"datePublished\":\"2024-11-21T15:40:45+00:00\",\"dateModified\":\"2025-08-22T10:46:25+00:00\",\"description\":\"Vaxis Black Mist 95mm Filter: A diffusion filter that softens light, reduces contrast, and adds a cinematic glow with highlight bloom.\",\"breadcrumb\":{\"@id\":\"https:\/\/www.cinesouk.ma\/product\/vaxis-black-mist-95mm-filter\/#breadcrumb\"},\"inLanguage\":\"fr-FR\",\"potentialAction\":[{\"@type\":\"ReadAction\",\"target\":[\"https:\/\/www.cinesouk.ma\/product\/vaxis-black-mist-95mm-filter\/\"]}]},{\"@type\":\"ImageObject\",\"inLanguage\":\"fr-FR\",\"@id\":\"https:\/\/www.cinesouk.ma\/product\/vaxis-black-mist-95mm-filter\/#primaryimage\",\"url\":\"https:\/\/www.cinesouk.ma\/wp-content\/uploads\/2024\/11\/Vaxis-Black-Mist-95mm-filter_V2.jpg\",\"contentUrl\":\"https:\/\/www.cinesouk.ma\/wp-content\/uploads\/2024\/11\/Vaxis-Black-Mist-95mm-filter_V2.jpg\",\"width\":300,\"height\":238,\"caption\":\"Vaxis Black Mist 95mm filter\"},{\"@type\":\"BreadcrumbList\",\"@id\":\"https:\/\/www.cinesouk.ma\/product\/vaxis-black-mist-95mm-filter\/#breadcrumb\",\"itemListElement\":[{\"@type\":\"ListItem\",\"position\":1,\"name\":\"Home\",\"item\":\"https:\/\/www.cinesouk.ma\/\"},{\"@type\":\"ListItem\",\"position\":2,\"name\":\"Shop\",\"item\":\"https:\/\/www.cinesouk.ma\/shop\/\"},{\"@type\":\"ListItem\",\"position\":3,\"name\":\"Vaxis Black Mist 95mm filter\"}]},{\"@type\":\"WebSite\",\"@id\":\"https:\/\/www.cinesouk.ma\/#website\",\"url\":\"https:\/\/www.cinesouk.ma\/\",\"name\":\"CineSouk\",\"description\":\"\",\"publisher\":{\"@id\":\"https:\/\/www.cinesouk.ma\/#organization\"},\"potentialAction\":[{\"@type\":\"SearchAction\",\"target\":{\"@type\":\"EntryPoint\",\"urlTemplate\":\"https:\/\/www.cinesouk.ma\/?s={search_term_string}\"},\"query-input\":{\"@type\":\"PropertyValueSpecification\",\"valueRequired\":true,\"valueName\":\"search_term_string\"}}],\"inLanguage\":\"fr-FR\"},{\"@type\":\"Organization\",\"@id\":\"https:\/\/www.cinesouk.ma\/#organization\",\"name\":\"CineSouk\",\"url\":\"https:\/\/www.cinesouk.ma\/\",\"logo\":{\"@type\":\"ImageObject\",\"inLanguage\":\"fr-FR\",\"@id\":\"https:\/\/www.cinesouk.ma\/#\/schema\/logo\/image\/\",\"url\":\"https:\/\/www.cinesouk.ma\/wp-content\/uploads\/2024\/01\/CineSouk-logo-v01-alpha-alligned-left.png\",\"contentUrl\":\"https:\/\/www.cinesouk.ma\/wp-content\/uploads\/2024\/01\/CineSouk-logo-v01-alpha-alligned-left.png\",\"width\":3204,\"height\":889,\"caption\":\"CineSouk\"},\"image\":{\"@id\":\"https:\/\/www.cinesouk.ma\/#\/schema\/logo\/image\/\"}}]}<\/script>\n<!-- \/ Yoast SEO Premium plugin. -->","yoast_head_json":{"title":"Vaxis Black Mist 95mm filter - CineSouk - For rent","description":"Vaxis Black Mist 95mm Filter: A diffusion filter that softens light, reduces contrast, and adds a cinematic glow with highlight bloom.","robots":{"index":"index","follow":"follow","max-snippet":"max-snippet:-1","max-image-preview":"max-image-preview:large","max-video-preview":"max-video-preview:-1"},"canonical":"https:\/\/www.cinesouk.ma\/fr\/produit\/vaxis-black-mist-95mm-filter\/","og_locale":"fr_FR","og_type":"article","og_title":"Vaxis Black Mist 95mm filter","og_description":"Vaxis Black Mist 95mm Filter: A diffusion filter that softens light, reduces contrast, and adds a cinematic glow with highlight bloom.","og_url":"https:\/\/www.cinesouk.ma\/fr\/produit\/vaxis-black-mist-95mm-filter\/","og_site_name":"CineSouk","article_modified_time":"2025-08-22T10:46:25+00:00","og_image":[{"width":300,"height":238,"url":"https:\/\/www.cinesouk.ma\/wp-content\/uploads\/2024\/11\/Vaxis-Black-Mist-95mm-filter_V2.jpg","type":"image\/jpeg"}],"twitter_card":"summary_large_image","twitter_description":"Vaxis Black Mist 95mm Filter: A diffusion filter that softens light, reduces contrast, and adds a cinematic glow with highlight bloom.","twitter_misc":{"Dur\u00e9e de lecture estim\u00e9e":"2 minutes"},"schema":{"@context":"https:\/\/schema.org","@graph":[{"@type":"WebPage","@id":"https:\/\/www.cinesouk.ma\/product\/vaxis-black-mist-95mm-filter\/","url":"https:\/\/www.cinesouk.ma\/product\/vaxis-black-mist-95mm-filter\/","name":"Vaxis Black Mist 95mm filter - CineSouk - For rent","isPartOf":{"@id":"https:\/\/www.cinesouk.ma\/#website"},"primaryImageOfPage":{"@id":"https:\/\/www.cinesouk.ma\/product\/vaxis-black-mist-95mm-filter\/#primaryimage"},"image":{"@id":"https:\/\/www.cinesouk.ma\/product\/vaxis-black-mist-95mm-filter\/#primaryimage"},"thumbnailUrl":"https:\/\/www.cinesouk.ma\/wp-content\/uploads\/2024\/11\/Vaxis-Black-Mist-95mm-filter_V2.jpg","datePublished":"2024-11-21T15:40:45+00:00","dateModified":"2025-08-22T10:46:25+00:00","description":"Vaxis Black Mist 95mm Filter: A diffusion filter that softens light, reduces contrast, and adds a cinematic glow with highlight bloom.","breadcrumb":{"@id":"https:\/\/www.cinesouk.ma\/product\/vaxis-black-mist-95mm-filter\/#breadcrumb"},"inLanguage":"fr-FR","potentialAction":[{"@type":"ReadAction","target":["https:\/\/www.cinesouk.ma\/product\/vaxis-black-mist-95mm-filter\/"]}]},{"@type":"ImageObject","inLanguage":"fr-FR","@id":"https:\/\/www.cinesouk.ma\/product\/vaxis-black-mist-95mm-filter\/#primaryimage","url":"https:\/\/www.cinesouk.ma\/wp-content\/uploads\/2024\/11\/Vaxis-Black-Mist-95mm-filter_V2.jpg","contentUrl":"https:\/\/www.cinesouk.ma\/wp-content\/uploads\/2024\/11\/Vaxis-Black-Mist-95mm-filter_V2.jpg","width":300,"height":238,"caption":"Vaxis Black Mist 95mm filter"},{"@type":"BreadcrumbList","@id":"https:\/\/www.cinesouk.ma\/product\/vaxis-black-mist-95mm-filter\/#breadcrumb","itemListElement":[{"@type":"ListItem","position":1,"name":"Home","item":"https:\/\/www.cinesouk.ma\/"},{"@type":"ListItem","position":2,"name":"Shop","item":"https:\/\/www.cinesouk.ma\/shop\/"},{"@type":"ListItem","position":3,"name":"Vaxis Black Mist 95mm filter"}]},{"@type":"WebSite","@id":"https:\/\/www.cinesouk.ma\/#website","url":"https:\/\/www.cinesouk.ma\/","name":"CineSouk","description":"","publisher":{"@id":"https:\/\/www.cinesouk.ma\/#organization"},"potentialAction":[{"@type":"SearchAction","target":{"@type":"EntryPoint","urlTemplate":"https:\/\/www.cinesouk.ma\/?s={search_term_string}"},"query-input":{"@type":"PropertyValueSpecification","valueRequired":true,"valueName":"search_term_string"}}],"inLanguage":"fr-FR"},{"@type":"Organization","@id":"https:\/\/www.cinesouk.ma\/#organization","name":"CineSouk","url":"https:\/\/www.cinesouk.ma\/","logo":{"@type":"ImageObject","inLanguage":"fr-FR","@id":"https:\/\/www.cinesouk.ma\/#\/schema\/logo\/image\/","url":"https:\/\/www.cinesouk.ma\/wp-content\/uploads\/2024\/01\/CineSouk-logo-v01-alpha-alligned-left.png","contentUrl":"https:\/\/www.cinesouk.ma\/wp-content\/uploads\/2024\/01\/CineSouk-logo-v01-alpha-alligned-left.png","width":3204,"height":889,"caption":"CineSouk"},"image":{"@id":"https:\/\/www.cinesouk.ma\/#\/schema\/logo\/image\/"}}]}},"_links":{"self":[{"href":"https:\/\/www.cinesouk.ma\/fr\/wp-json\/wp\/v2\/product\/8747","targetHints":{"allow":["GET"]}}],"collection":[{"href":"https:\/\/www.cinesouk.ma\/fr\/wp-json\/wp\/v2\/product"}],"about":[{"href":"https:\/\/www.cinesouk.ma\/fr\/wp-json\/wp\/v2\/types\/product"}],"wp:featuredmedia":[{"embeddable":true,"href":"https:\/\/www.cinesouk.ma\/fr\/wp-json\/wp\/v2\/media\/8782"}],"wp:attachment":[{"href":"https:\/\/www.cinesouk.ma\/fr\/wp-json\/wp\/v2\/media?parent=8747"}],"wp:term":[{"taxonomy":"product_brand","embeddable":true,"href":"https:\/\/www.cinesouk.ma\/fr\/wp-json\/wp\/v2\/product_brand?post=8747"},{"taxonomy":"product_cat","embeddable":true,"href":"https:\/\/www.cinesouk.ma\/fr\/wp-json\/wp\/v2\/product_cat?post=8747"},{"taxonomy":"product_tag","embeddable":true,"href":"https:\/\/www.cinesouk.ma\/fr\/wp-json\/wp\/v2\/product_tag?post=8747"}],"curies":[{"name":"wp","href":"https:\/\/api.w.org\/{rel}","templated":true}]}}