{"id":8896,"date":"2024-02-20T16:25:47","date_gmt":"2024-02-20T16:25:47","guid":{"rendered":"https:\/\/www.cinesouk.ma\/?post_type=product&#038;p=8896"},"modified":"2025-08-22T11:01:22","modified_gmt":"2025-08-22T11:01:22","slug":"seaport-i-visor-ls-pro-mag-laptop-case","status":"publish","type":"product","link":"https:\/\/www.cinesouk.ma\/fr\/produit\/seaport-i-visor-ls-pro-mag-laptop-case\/","title":{"rendered":"Seaport I-Visor LS Pro MAG \u00e9tui pour ordinateur portable"},"content":{"rendered":"<p>L'\u00e9tui pour ordinateur portable Seaport i-Visor LS Pro MAG offre une solution pratique aux professionnels qui ont besoin d'une visibilit\u00e9 optimale de l'\u00e9cran de leur ordinateur portable dans diverses conditions d'\u00e9clairage. Les photographes, vid\u00e9astes et techniciens de terrain travaillant dans des environnements difficiles trouveront cet \u00e9tui particuli\u00e8rement utile.<\/p>\n<p><strong>Caract\u00e9ristiques principales :<\/strong><\/p>\n<ul>\n<li><strong>Pare-soleil pliable en trois parties<\/strong>: Le pare-soleil tripl\u00e9 brevet\u00e9 r\u00e9duit l'\u00e9blouissement et les reflets, offrant une visibilit\u00e9 claire de l'\u00e9cran m\u00eame en plein soleil.<\/li>\n<li><strong>Squelette en alliage de magn\u00e9sium<\/strong>: Le cadre int\u00e9gr\u00e9 en alliage de magn\u00e9sium ajoute de la durabilit\u00e9 et de la stabilit\u00e9 tout en conservant la l\u00e9g\u00e8ret\u00e9 de l'\u00e9tui.<\/li>\n<li><strong>Int\u00e9gration d'un support de tr\u00e9pied<\/strong>: Vous pouvez fixer l'\u00e9tui en toute s\u00e9curit\u00e9 sur un tr\u00e9pied \u00e0 l'aide de la monture rempla\u00e7able par l'utilisateur pour une installation stable du poste de travail.<\/li>\n<li><strong>Connectivit\u00e9 am\u00e9lior\u00e9e<\/strong>: Les ports d'acc\u00e8s lat\u00e9raux et les ouvertures zipp\u00e9es pour les c\u00e2bles sur le pare-soleil facilitent la connexion des p\u00e9riph\u00e9riques et des c\u00e2bles.<\/li>\n<li><strong>Syst\u00e8me de refroidissement passif<\/strong>: La conception favorise la circulation de l'air pour \u00e9viter la surchauffe lors d'une utilisation prolong\u00e9e.<\/li>\n<li><strong>Solutions de stockage<\/strong>: Les grandes poches avant permettent de ranger les accessoires et les objets personnels en toute commodit\u00e9.<\/li>\n<\/ul>\n<p><strong>Sp\u00e9cifications :<\/strong><\/p>\n<ul>\n<li><strong>Dimensions ext\u00e9rieures<\/strong>: 19\u2033 x 13\u2033 x 4\u2033 (48,3 cm x 33 cm x 10,2 cm)<\/li>\n<li><strong>Dimensions int\u00e9rieures<\/strong>: 17\u2033 x 10.75\u2033 (43.5 cm x 27.3 cm)<\/li>\n<li><strong>Hauteur du capot<\/strong>: R\u00e9glable entre 12\u2033 et 18\u2033 (30,5 cm \u00e0 45,7 cm)<\/li>\n<li><strong>Poids<\/strong>Poids : 6,75 lbs (3,06 kg)<\/li>\n<li><strong>Compatibilit\u00e9<\/strong>: Convient \u00e0 la plupart des ordinateurs portables jusqu'\u00e0 17 pouces. V\u00e9rifiez la taille de votre ordinateur portable pour vous assurer de sa compatibilit\u00e9.<\/li>\n<\/ul>\n<p>L'\u00e9tui pour ordinateur portable Seaport i-Visor LS Pro MAG garantit la clart\u00e9 et la stabilit\u00e9 de l'\u00e9cran lorsque vous travaillez dans n'importe quel environnement. Sa conception portable et durable en fait un outil pr\u00e9cieux pour les professionnels en d\u00e9placement.<\/p>\n<p>Louez-le maintenant sur <a href=\"https:\/\/www.cinesouk.ma\/fr\">CINESOUK<\/a> - une marque de <a href=\"https:\/\/www.broadway.ma\/\">BROADWAY PRODUCTIONS SARL.<\/a><\/p>\n<p>&nbsp;<\/p>","protected":false},"excerpt":{"rendered":"<p><strong>Sp\u00e9cifications :<\/strong><\/p>\n<ul>\n<li><strong>Dimensions ext\u00e9rieures<\/strong>: 19\u2033 x 13\u2033 x 4\u2033 (48,3 cm x 33 cm x 10,2 cm)<\/li>\n<li><strong>Dimensions int\u00e9rieures<\/strong>: 17\u2033 x 10.75\u2033 (43.5 cm x 27.3 cm)<\/li>\n<li><strong>Hauteur du capot<\/strong>: R\u00e9glable entre 12\u2033 et 18\u2033 (30,5 cm \u00e0 45,7 cm)<\/li>\n<li><strong>Poids<\/strong>Poids : 6,75 lbs (3,06 kg)<\/li>\n<li><strong>Compatibilit\u00e9<\/strong>: Convient \u00e0 la plupart des ordinateurs portables jusqu'\u00e0 17 pouces. V\u00e9rifiez la taille de votre ordinateur portable pour vous assurer de sa compatibilit\u00e9.<\/li>\n<\/ul>","protected":false},"featured_media":8907,"template":"","meta":{"om_disable_all_campaigns":false,"_monsterinsights_skip_tracking":false,"_monsterinsights_sitenote_active":false,"_monsterinsights_sitenote_note":"","_monsterinsights_sitenote_category":0,"_uf_show_specific_survey":0,"_uf_disable_surveys":false},"product_brand":[],"product_cat":[77,84,79],"product_tag":[],"class_list":{"0":"post-8896","1":"product","2":"type-product","3":"status-publish","4":"has-post-thumbnail","6":"product_cat-computers-cinesouk","7":"product_cat-dit-cinesouk","8":"product_cat-photography-cinesouk","10":"entry","11":"has-media","13":"first","14":"instock","15":"taxable","16":"shipping-taxable","17":"purchasable","18":"product-type-variable","19":"has-product-nav","20":"col","21":"span_1_of_3","22":"owp-content-center","23":"owp-thumbs-layout-horizontal","24":"owp-btn-normal","25":"owp-tabs-layout-horizontal","26":"has-no-thumbnails"},"yoast_head":"<!-- This site is optimized with the Yoast SEO Premium plugin v26.0 (Yoast SEO v26.0) - https:\/\/yoast.com\/wordpress\/plugins\/seo\/ -->\n<title>Seaport I-Visor LS Pro MAG Laptop Case - CineSouk - For rent<\/title>\n<meta name=\"description\" content=\"Seaport i-Visor LS Pro MAG: Portable laptop case with sun hood, tripod mount, and cooling for clear, stable use anywhere.\" \/>\n<meta name=\"robots\" content=\"index, follow, max-snippet:-1, max-image-preview:large, max-video-preview:-1\" \/>\n<link rel=\"canonical\" href=\"https:\/\/www.cinesouk.ma\/fr\/produit\/seaport-i-visor-ls-pro-mag-laptop-case\/\" \/>\n<meta property=\"og:locale\" content=\"fr_FR\" \/>\n<meta property=\"og:type\" content=\"article\" \/>\n<meta property=\"og:title\" content=\"Seaport I-Visor LS Pro MAG Laptop Case\" \/>\n<meta property=\"og:description\" content=\"Seaport i-Visor LS Pro MAG: Portable laptop case with sun hood, tripod mount, and cooling for clear, stable use anywhere.\" \/>\n<meta property=\"og:url\" content=\"https:\/\/www.cinesouk.ma\/fr\/produit\/seaport-i-visor-ls-pro-mag-laptop-case\/\" \/>\n<meta property=\"og:site_name\" content=\"CineSouk\" \/>\n<meta property=\"article:modified_time\" content=\"2025-08-22T11:01:22+00:00\" \/>\n<meta property=\"og:image\" content=\"https:\/\/www.cinesouk.ma\/wp-content\/uploads\/2024\/11\/Seaport-i-Visor-LS-Pro-MAG-Laptop-Case.jpg\" \/>\n\t<meta property=\"og:image:width\" content=\"300\" \/>\n\t<meta property=\"og:image:height\" content=\"238\" \/>\n\t<meta property=\"og:image:type\" content=\"image\/jpeg\" \/>\n<meta name=\"twitter:card\" content=\"summary_large_image\" \/>\n<meta name=\"twitter:description\" content=\"Seaport i-Visor LS Pro MAG: Portable laptop case with sun hood, tripod mount, and cooling for clear, stable use anywhere.\" \/>\n<meta name=\"twitter:label1\" content=\"Dur\u00e9e de lecture estim\u00e9e\" \/>\n\t<meta name=\"twitter:data1\" content=\"2 minutes\" \/>\n<script type=\"application\/ld+json\" class=\"yoast-schema-graph\">{\"@context\":\"https:\/\/schema.org\",\"@graph\":[{\"@type\":\"WebPage\",\"@id\":\"https:\/\/www.cinesouk.ma\/product\/seaport-i-visor-ls-pro-mag-laptop-case\/\",\"url\":\"https:\/\/www.cinesouk.ma\/product\/seaport-i-visor-ls-pro-mag-laptop-case\/\",\"name\":\"Seaport I-Visor LS Pro MAG Laptop Case - CineSouk - For rent\",\"isPartOf\":{\"@id\":\"https:\/\/www.cinesouk.ma\/#website\"},\"primaryImageOfPage\":{\"@id\":\"https:\/\/www.cinesouk.ma\/product\/seaport-i-visor-ls-pro-mag-laptop-case\/#primaryimage\"},\"image\":{\"@id\":\"https:\/\/www.cinesouk.ma\/product\/seaport-i-visor-ls-pro-mag-laptop-case\/#primaryimage\"},\"thumbnailUrl\":\"https:\/\/www.cinesouk.ma\/wp-content\/uploads\/2024\/11\/Seaport-i-Visor-LS-Pro-MAG-Laptop-Case.jpg\",\"datePublished\":\"2024-02-20T16:25:47+00:00\",\"dateModified\":\"2025-08-22T11:01:22+00:00\",\"description\":\"Seaport i-Visor LS Pro MAG: Portable laptop case with sun hood, tripod mount, and cooling for clear, stable use anywhere.\",\"breadcrumb\":{\"@id\":\"https:\/\/www.cinesouk.ma\/product\/seaport-i-visor-ls-pro-mag-laptop-case\/#breadcrumb\"},\"inLanguage\":\"fr-FR\",\"potentialAction\":[{\"@type\":\"ReadAction\",\"target\":[\"https:\/\/www.cinesouk.ma\/product\/seaport-i-visor-ls-pro-mag-laptop-case\/\"]}]},{\"@type\":\"ImageObject\",\"inLanguage\":\"fr-FR\",\"@id\":\"https:\/\/www.cinesouk.ma\/product\/seaport-i-visor-ls-pro-mag-laptop-case\/#primaryimage\",\"url\":\"https:\/\/www.cinesouk.ma\/wp-content\/uploads\/2024\/11\/Seaport-i-Visor-LS-Pro-MAG-Laptop-Case.jpg\",\"contentUrl\":\"https:\/\/www.cinesouk.ma\/wp-content\/uploads\/2024\/11\/Seaport-i-Visor-LS-Pro-MAG-Laptop-Case.jpg\",\"width\":300,\"height\":238,\"caption\":\"Seaport i-Visor LS Pro MAG Laptop Case\"},{\"@type\":\"BreadcrumbList\",\"@id\":\"https:\/\/www.cinesouk.ma\/product\/seaport-i-visor-ls-pro-mag-laptop-case\/#breadcrumb\",\"itemListElement\":[{\"@type\":\"ListItem\",\"position\":1,\"name\":\"Home\",\"item\":\"https:\/\/www.cinesouk.ma\/\"},{\"@type\":\"ListItem\",\"position\":2,\"name\":\"Shop\",\"item\":\"https:\/\/www.cinesouk.ma\/shop\/\"},{\"@type\":\"ListItem\",\"position\":3,\"name\":\"Seaport I-Visor LS Pro MAG Laptop Case\"}]},{\"@type\":\"WebSite\",\"@id\":\"https:\/\/www.cinesouk.ma\/#website\",\"url\":\"https:\/\/www.cinesouk.ma\/\",\"name\":\"CineSouk\",\"description\":\"\",\"publisher\":{\"@id\":\"https:\/\/www.cinesouk.ma\/#organization\"},\"potentialAction\":[{\"@type\":\"SearchAction\",\"target\":{\"@type\":\"EntryPoint\",\"urlTemplate\":\"https:\/\/www.cinesouk.ma\/?s={search_term_string}\"},\"query-input\":{\"@type\":\"PropertyValueSpecification\",\"valueRequired\":true,\"valueName\":\"search_term_string\"}}],\"inLanguage\":\"fr-FR\"},{\"@type\":\"Organization\",\"@id\":\"https:\/\/www.cinesouk.ma\/#organization\",\"name\":\"CineSouk\",\"url\":\"https:\/\/www.cinesouk.ma\/\",\"logo\":{\"@type\":\"ImageObject\",\"inLanguage\":\"fr-FR\",\"@id\":\"https:\/\/www.cinesouk.ma\/#\/schema\/logo\/image\/\",\"url\":\"https:\/\/www.cinesouk.ma\/wp-content\/uploads\/2024\/01\/CineSouk-logo-v01-alpha-alligned-left.png\",\"contentUrl\":\"https:\/\/www.cinesouk.ma\/wp-content\/uploads\/2024\/01\/CineSouk-logo-v01-alpha-alligned-left.png\",\"width\":3204,\"height\":889,\"caption\":\"CineSouk\"},\"image\":{\"@id\":\"https:\/\/www.cinesouk.ma\/#\/schema\/logo\/image\/\"}}]}<\/script>\n<!-- \/ Yoast SEO Premium plugin. -->","yoast_head_json":{"title":"Seaport I-Visor LS Pro MAG Laptop Case - CineSouk - For rent","description":"Seaport i-Visor LS Pro MAG: Portable laptop case with sun hood, tripod mount, and cooling for clear, stable use anywhere.","robots":{"index":"index","follow":"follow","max-snippet":"max-snippet:-1","max-image-preview":"max-image-preview:large","max-video-preview":"max-video-preview:-1"},"canonical":"https:\/\/www.cinesouk.ma\/fr\/produit\/seaport-i-visor-ls-pro-mag-laptop-case\/","og_locale":"fr_FR","og_type":"article","og_title":"Seaport I-Visor LS Pro MAG Laptop Case","og_description":"Seaport i-Visor LS Pro MAG: Portable laptop case with sun hood, tripod mount, and cooling for clear, stable use anywhere.","og_url":"https:\/\/www.cinesouk.ma\/fr\/produit\/seaport-i-visor-ls-pro-mag-laptop-case\/","og_site_name":"CineSouk","article_modified_time":"2025-08-22T11:01:22+00:00","og_image":[{"width":300,"height":238,"url":"https:\/\/www.cinesouk.ma\/wp-content\/uploads\/2024\/11\/Seaport-i-Visor-LS-Pro-MAG-Laptop-Case.jpg","type":"image\/jpeg"}],"twitter_card":"summary_large_image","twitter_description":"Seaport i-Visor LS Pro MAG: Portable laptop case with sun hood, tripod mount, and cooling for clear, stable use anywhere.","twitter_misc":{"Dur\u00e9e de lecture estim\u00e9e":"2 minutes"},"schema":{"@context":"https:\/\/schema.org","@graph":[{"@type":"WebPage","@id":"https:\/\/www.cinesouk.ma\/product\/seaport-i-visor-ls-pro-mag-laptop-case\/","url":"https:\/\/www.cinesouk.ma\/product\/seaport-i-visor-ls-pro-mag-laptop-case\/","name":"Seaport I-Visor LS Pro MAG Laptop Case - CineSouk - For rent","isPartOf":{"@id":"https:\/\/www.cinesouk.ma\/#website"},"primaryImageOfPage":{"@id":"https:\/\/www.cinesouk.ma\/product\/seaport-i-visor-ls-pro-mag-laptop-case\/#primaryimage"},"image":{"@id":"https:\/\/www.cinesouk.ma\/product\/seaport-i-visor-ls-pro-mag-laptop-case\/#primaryimage"},"thumbnailUrl":"https:\/\/www.cinesouk.ma\/wp-content\/uploads\/2024\/11\/Seaport-i-Visor-LS-Pro-MAG-Laptop-Case.jpg","datePublished":"2024-02-20T16:25:47+00:00","dateModified":"2025-08-22T11:01:22+00:00","description":"Seaport i-Visor LS Pro MAG: Portable laptop case with sun hood, tripod mount, and cooling for clear, stable use anywhere.","breadcrumb":{"@id":"https:\/\/www.cinesouk.ma\/product\/seaport-i-visor-ls-pro-mag-laptop-case\/#breadcrumb"},"inLanguage":"fr-FR","potentialAction":[{"@type":"ReadAction","target":["https:\/\/www.cinesouk.ma\/product\/seaport-i-visor-ls-pro-mag-laptop-case\/"]}]},{"@type":"ImageObject","inLanguage":"fr-FR","@id":"https:\/\/www.cinesouk.ma\/product\/seaport-i-visor-ls-pro-mag-laptop-case\/#primaryimage","url":"https:\/\/www.cinesouk.ma\/wp-content\/uploads\/2024\/11\/Seaport-i-Visor-LS-Pro-MAG-Laptop-Case.jpg","contentUrl":"https:\/\/www.cinesouk.ma\/wp-content\/uploads\/2024\/11\/Seaport-i-Visor-LS-Pro-MAG-Laptop-Case.jpg","width":300,"height":238,"caption":"Seaport i-Visor LS Pro MAG Laptop Case"},{"@type":"BreadcrumbList","@id":"https:\/\/www.cinesouk.ma\/product\/seaport-i-visor-ls-pro-mag-laptop-case\/#breadcrumb","itemListElement":[{"@type":"ListItem","position":1,"name":"Home","item":"https:\/\/www.cinesouk.ma\/"},{"@type":"ListItem","position":2,"name":"Shop","item":"https:\/\/www.cinesouk.ma\/shop\/"},{"@type":"ListItem","position":3,"name":"Seaport I-Visor LS Pro MAG Laptop Case"}]},{"@type":"WebSite","@id":"https:\/\/www.cinesouk.ma\/#website","url":"https:\/\/www.cinesouk.ma\/","name":"CineSouk","description":"","publisher":{"@id":"https:\/\/www.cinesouk.ma\/#organization"},"potentialAction":[{"@type":"SearchAction","target":{"@type":"EntryPoint","urlTemplate":"https:\/\/www.cinesouk.ma\/?s={search_term_string}"},"query-input":{"@type":"PropertyValueSpecification","valueRequired":true,"valueName":"search_term_string"}}],"inLanguage":"fr-FR"},{"@type":"Organization","@id":"https:\/\/www.cinesouk.ma\/#organization","name":"CineSouk","url":"https:\/\/www.cinesouk.ma\/","logo":{"@type":"ImageObject","inLanguage":"fr-FR","@id":"https:\/\/www.cinesouk.ma\/#\/schema\/logo\/image\/","url":"https:\/\/www.cinesouk.ma\/wp-content\/uploads\/2024\/01\/CineSouk-logo-v01-alpha-alligned-left.png","contentUrl":"https:\/\/www.cinesouk.ma\/wp-content\/uploads\/2024\/01\/CineSouk-logo-v01-alpha-alligned-left.png","width":3204,"height":889,"caption":"CineSouk"},"image":{"@id":"https:\/\/www.cinesouk.ma\/#\/schema\/logo\/image\/"}}]}},"_links":{"self":[{"href":"https:\/\/www.cinesouk.ma\/fr\/wp-json\/wp\/v2\/product\/8896","targetHints":{"allow":["GET"]}}],"collection":[{"href":"https:\/\/www.cinesouk.ma\/fr\/wp-json\/wp\/v2\/product"}],"about":[{"href":"https:\/\/www.cinesouk.ma\/fr\/wp-json\/wp\/v2\/types\/product"}],"wp:featuredmedia":[{"embeddable":true,"href":"https:\/\/www.cinesouk.ma\/fr\/wp-json\/wp\/v2\/media\/8907"}],"wp:attachment":[{"href":"https:\/\/www.cinesouk.ma\/fr\/wp-json\/wp\/v2\/media?parent=8896"}],"wp:term":[{"taxonomy":"product_brand","embeddable":true,"href":"https:\/\/www.cinesouk.ma\/fr\/wp-json\/wp\/v2\/product_brand?post=8896"},{"taxonomy":"product_cat","embeddable":true,"href":"https:\/\/www.cinesouk.ma\/fr\/wp-json\/wp\/v2\/product_cat?post=8896"},{"taxonomy":"product_tag","embeddable":true,"href":"https:\/\/www.cinesouk.ma\/fr\/wp-json\/wp\/v2\/product_tag?post=8896"}],"curies":[{"name":"wp","href":"https:\/\/api.w.org\/{rel}","templated":true}]}}