{"id":8911,"date":"2024-11-25T11:01:16","date_gmt":"2024-11-25T11:01:16","guid":{"rendered":"https:\/\/www.cinesouk.ma\/?post_type=product&#038;p=8911"},"modified":"2025-08-26T13:05:31","modified_gmt":"2025-08-26T13:05:31","slug":"smallrig-dual-channel-v-mount-battery-charger","status":"publish","type":"product","link":"https:\/\/www.cinesouk.ma\/fr\/produit\/smallrig-dual-channel-v-mount-battery-charger\/","title":{"rendered":"Chargeur de batterie SmallRig Dual Channel V-Mount"},"content":{"rendered":"<p>Le chargeur de batterie SmallRig Dual Channel V-Mount est un outil polyvalent et efficace con\u00e7u pour les professionnels qui utilisent des syst\u00e8mes de batterie V-mount pour leur \u00e9quipement. Gr\u00e2ce \u00e0 sa capacit\u00e9 \u00e0 charger deux batteries simultan\u00e9ment, ce chargeur am\u00e9liore la productivit\u00e9 et garantit que vos appareils sont toujours aliment\u00e9s et pr\u00eats \u00e0 l'emploi. Que vous soyez en studio ou sur le terrain, ce chargeur est fiable et pratique.<\/p>\n<h3>Caract\u00e9ristiques principales :<\/h3>\n<ul>\n<li><strong>Double capacit\u00e9 de chargement<\/strong>: Le chargeur permet de charger simultan\u00e9ment deux batteries V-mount, ce qui am\u00e9liore consid\u00e9rablement l'efficacit\u00e9 du flux de travail. Cette fonction est particuli\u00e8rement utile pour les utilisateurs ayant des besoins \u00e9lev\u00e9s en \u00e9nergie, tels que les vid\u00e9astes et les photographes.<\/li>\n<li><strong>Circuit de charge intelligent<\/strong>: Le circuit de charge intelligent optimise la charge pour prolonger la dur\u00e9e de vie de la batterie, prot\u00e9geant ainsi votre investissement dans les batteries V-mount co\u00fbteuses.<\/li>\n<li><strong>S\u00e9curit\u00e9 et certification<\/strong>: Con\u00e7u pour r\u00e9pondre \u00e0 des normes de test rigoureuses, le chargeur est certifi\u00e9 pour un fonctionnement s\u00fbr. Des fonctions telles que la protection contre la surcharge et la surchauffe garantissent une utilisation stable et s\u00fbre.<\/li>\n<li><strong>Large compatibilit\u00e9<\/strong>: Ce chargeur est compatible avec une grande vari\u00e9t\u00e9 de batteries V-mount, ce qui en fait un choix flexible pour diverses configurations.<\/li>\n<li><strong>Conception pratique<\/strong>: \u00c9quip\u00e9 de voyants lumineux, le chargeur permet de suivre facilement la progression de la charge. Sa poign\u00e9e ergonomique et son support pliable ajoutent \u00e0 la portabilit\u00e9 et \u00e0 la commodit\u00e9, ce qui est id\u00e9al pour les professionnels en d\u00e9placement et les installations fixes.<\/li>\n<\/ul>\n<h3>Sp\u00e9cifications :<\/h3>\n<ul>\n<li><strong>Dimensions<\/strong>Dimensions : 224,28 \u00d7 140,98 \u00d7 100,07 mm (8,83 x 5,55 x 3,93 pouces)<\/li>\n<li><strong>Poids<\/strong>: 1,05 kg (2,3 lbs)<\/li>\n<li><strong>Entr\u00e9e<\/strong>: AC 100-240V 50\/60Hz 2A Max<\/li>\n<li><strong>Tension de charge<\/strong>: DC 16.8V<\/li>\n<li><strong>Courant de charge<\/strong>: Une batterie : 3,0 A ; Deux batteries : 2,0 A chacune<\/li>\n<li><strong>Temp\u00e9rature de fonctionnement<\/strong>: 0\u2103 \u00e0 40\u2103 (32\u00b0F \u00e0 104\u00b0F)<\/li>\n<li><strong>Temp\u00e9rature de stockage<\/strong>Temp\u00e9rature de fonctionnement : -10\u2103 \u00e0 50\u2103 (14\u00b0F \u00e0 122\u00b0F)<\/li>\n<\/ul>\n<p>Le chargeur de batterie SmallRig Dual Channel V-Mount est un accessoire essentiel pour les professionnels. Il allie efficacit\u00e9, s\u00e9curit\u00e9 et portabilit\u00e9, ce qui en fait une solution fiable pour maintenir votre mat\u00e9riel aliment\u00e9 et pr\u00eat \u00e0 effectuer des t\u00e2ches exigeantes.<\/p>\n<p>Louez-le maintenant sur <a href=\"https:\/\/www.cinesouk.ma\/fr\">CINESOUK<\/a> - une marque de <a href=\"https:\/\/www.broadway.ma\/\">BROADWAY PRODUCTIONS SARL.<\/a><\/p>","protected":false},"excerpt":{"rendered":"<p><strong>Sp\u00e9cifications :<\/strong><\/p>\n<ul>\n<li><strong>Dimensions du produit<\/strong>Dimensions : 224,28 \u00d7 140,98 \u00d7 100,07 mm (8,83 x 5,55 x 3,93 pouces)<\/li>\n<li><strong>Poids de l'emballage<\/strong>: 1,05 kg (2,3 lbs)<\/li>\n<li><strong>Entr\u00e9e<\/strong>: AC 100-240V 50\/60Hz 2A Max<\/li>\n<li><strong>Tension de charge<\/strong>: DC 16.8V<\/li>\n<li><strong>Courant de charge<\/strong>: Une batterie : 3,0 A ; Deux batteries : 2,0 A chacune<\/li>\n<li><strong>Temp\u00e9rature de fonctionnement<\/strong>: 0\u2103 \u00e0 40\u2103 (32\u00b0F \u00e0 104\u00b0F)<\/li>\n<li><strong>Temp\u00e9rature de stockage<\/strong>Temp\u00e9rature de fonctionnement : -10\u2103 \u00e0 50\u2103 (14\u00b0F \u00e0 122\u00b0F)<\/li>\n<\/ul>","protected":false},"featured_media":8922,"template":"","meta":{"om_disable_all_campaigns":false,"_monsterinsights_skip_tracking":false,"_monsterinsights_sitenote_active":false,"_monsterinsights_sitenote_note":"","_monsterinsights_sitenote_category":0,"_uf_show_specific_survey":0,"_uf_disable_surveys":false},"product_brand":[],"product_cat":[37,57,83],"product_tag":[],"class_list":{"0":"post-8911","1":"product","2":"type-product","3":"status-publish","4":"has-post-thumbnail","6":"product_cat-accessories-cinesouk","7":"product_cat-batteries-cinesouk","8":"product_cat-efp-eng-cinesouk","10":"entry","11":"has-media","13":"first","14":"instock","15":"taxable","16":"shipping-taxable","17":"purchasable","18":"product-type-variable","19":"has-product-nav","20":"col","21":"span_1_of_3","22":"owp-content-center","23":"owp-thumbs-layout-horizontal","24":"owp-btn-normal","25":"owp-tabs-layout-horizontal","26":"has-no-thumbnails"},"yoast_head":"<!-- This site is optimized with the Yoast SEO Premium plugin v26.0 (Yoast SEO v26.0) - https:\/\/yoast.com\/wordpress\/plugins\/seo\/ -->\n<title>SmallRig Dual Channel V-Mount Battery Charger - CineSouk - For rent<\/title>\n<meta name=\"description\" content=\"The SmallRig Dual Channel V-Mount Battery Charger efficiently charges two batteries, with intelligent circuitry and a portable, user-friendly design.\" \/>\n<meta name=\"robots\" content=\"index, follow, max-snippet:-1, max-image-preview:large, max-video-preview:-1\" \/>\n<link rel=\"canonical\" href=\"https:\/\/www.cinesouk.ma\/fr\/produit\/smallrig-dual-channel-v-mount-battery-charger\/\" \/>\n<meta property=\"og:locale\" content=\"fr_FR\" \/>\n<meta property=\"og:type\" content=\"article\" \/>\n<meta property=\"og:title\" content=\"SmallRig Dual Channel V-Mount Battery Charger\" \/>\n<meta property=\"og:description\" content=\"The SmallRig Dual Channel V-Mount Battery Charger efficiently charges two batteries, with intelligent circuitry and a portable, user-friendly design.\" \/>\n<meta property=\"og:url\" content=\"https:\/\/www.cinesouk.ma\/fr\/produit\/smallrig-dual-channel-v-mount-battery-charger\/\" \/>\n<meta property=\"og:site_name\" content=\"CineSouk\" \/>\n<meta property=\"article:modified_time\" content=\"2025-08-26T13:05:31+00:00\" \/>\n<meta property=\"og:image\" content=\"https:\/\/www.cinesouk.ma\/wp-content\/uploads\/2024\/11\/Smallrig-Vlock-battery-charger.jpg\" \/>\n\t<meta property=\"og:image:width\" content=\"300\" \/>\n\t<meta property=\"og:image:height\" content=\"238\" \/>\n\t<meta property=\"og:image:type\" content=\"image\/jpeg\" \/>\n<meta name=\"twitter:card\" content=\"summary_large_image\" \/>\n<meta name=\"twitter:description\" content=\"The SmallRig Dual Channel V-Mount Battery Charger efficiently charges two batteries, with intelligent circuitry and a portable, user-friendly design.\" \/>\n<meta name=\"twitter:label1\" content=\"Dur\u00e9e de lecture estim\u00e9e\" \/>\n\t<meta name=\"twitter:data1\" content=\"2 minutes\" \/>\n<script type=\"application\/ld+json\" class=\"yoast-schema-graph\">{\"@context\":\"https:\/\/schema.org\",\"@graph\":[{\"@type\":\"WebPage\",\"@id\":\"https:\/\/www.cinesouk.ma\/product\/smallrig-dual-channel-v-mount-battery-charger\/\",\"url\":\"https:\/\/www.cinesouk.ma\/product\/smallrig-dual-channel-v-mount-battery-charger\/\",\"name\":\"SmallRig Dual Channel V-Mount Battery Charger - CineSouk - For rent\",\"isPartOf\":{\"@id\":\"https:\/\/www.cinesouk.ma\/#website\"},\"primaryImageOfPage\":{\"@id\":\"https:\/\/www.cinesouk.ma\/product\/smallrig-dual-channel-v-mount-battery-charger\/#primaryimage\"},\"image\":{\"@id\":\"https:\/\/www.cinesouk.ma\/product\/smallrig-dual-channel-v-mount-battery-charger\/#primaryimage\"},\"thumbnailUrl\":\"https:\/\/www.cinesouk.ma\/wp-content\/uploads\/2024\/11\/Smallrig-Vlock-battery-charger.jpg\",\"datePublished\":\"2024-11-25T11:01:16+00:00\",\"dateModified\":\"2025-08-26T13:05:31+00:00\",\"description\":\"The SmallRig Dual Channel V-Mount Battery Charger efficiently charges two batteries, with intelligent circuitry and a portable, user-friendly design.\",\"breadcrumb\":{\"@id\":\"https:\/\/www.cinesouk.ma\/product\/smallrig-dual-channel-v-mount-battery-charger\/#breadcrumb\"},\"inLanguage\":\"fr-FR\",\"potentialAction\":[{\"@type\":\"ReadAction\",\"target\":[\"https:\/\/www.cinesouk.ma\/product\/smallrig-dual-channel-v-mount-battery-charger\/\"]}]},{\"@type\":\"ImageObject\",\"inLanguage\":\"fr-FR\",\"@id\":\"https:\/\/www.cinesouk.ma\/product\/smallrig-dual-channel-v-mount-battery-charger\/#primaryimage\",\"url\":\"https:\/\/www.cinesouk.ma\/wp-content\/uploads\/2024\/11\/Smallrig-Vlock-battery-charger.jpg\",\"contentUrl\":\"https:\/\/www.cinesouk.ma\/wp-content\/uploads\/2024\/11\/Smallrig-Vlock-battery-charger.jpg\",\"width\":300,\"height\":238,\"caption\":\"Smallrig Vlock battery charger\"},{\"@type\":\"BreadcrumbList\",\"@id\":\"https:\/\/www.cinesouk.ma\/product\/smallrig-dual-channel-v-mount-battery-charger\/#breadcrumb\",\"itemListElement\":[{\"@type\":\"ListItem\",\"position\":1,\"name\":\"Home\",\"item\":\"https:\/\/www.cinesouk.ma\/\"},{\"@type\":\"ListItem\",\"position\":2,\"name\":\"Shop\",\"item\":\"https:\/\/www.cinesouk.ma\/shop\/\"},{\"@type\":\"ListItem\",\"position\":3,\"name\":\"SmallRig Dual Channel V-Mount Battery Charger\"}]},{\"@type\":\"WebSite\",\"@id\":\"https:\/\/www.cinesouk.ma\/#website\",\"url\":\"https:\/\/www.cinesouk.ma\/\",\"name\":\"CineSouk\",\"description\":\"\",\"publisher\":{\"@id\":\"https:\/\/www.cinesouk.ma\/#organization\"},\"potentialAction\":[{\"@type\":\"SearchAction\",\"target\":{\"@type\":\"EntryPoint\",\"urlTemplate\":\"https:\/\/www.cinesouk.ma\/?s={search_term_string}\"},\"query-input\":{\"@type\":\"PropertyValueSpecification\",\"valueRequired\":true,\"valueName\":\"search_term_string\"}}],\"inLanguage\":\"fr-FR\"},{\"@type\":\"Organization\",\"@id\":\"https:\/\/www.cinesouk.ma\/#organization\",\"name\":\"CineSouk\",\"url\":\"https:\/\/www.cinesouk.ma\/\",\"logo\":{\"@type\":\"ImageObject\",\"inLanguage\":\"fr-FR\",\"@id\":\"https:\/\/www.cinesouk.ma\/#\/schema\/logo\/image\/\",\"url\":\"https:\/\/www.cinesouk.ma\/wp-content\/uploads\/2024\/01\/CineSouk-logo-v01-alpha-alligned-left.png\",\"contentUrl\":\"https:\/\/www.cinesouk.ma\/wp-content\/uploads\/2024\/01\/CineSouk-logo-v01-alpha-alligned-left.png\",\"width\":3204,\"height\":889,\"caption\":\"CineSouk\"},\"image\":{\"@id\":\"https:\/\/www.cinesouk.ma\/#\/schema\/logo\/image\/\"}}]}<\/script>\n<!-- \/ Yoast SEO Premium plugin. -->","yoast_head_json":{"title":"SmallRig Dual Channel V-Mount Battery Charger - CineSouk - For rent","description":"The SmallRig Dual Channel V-Mount Battery Charger efficiently charges two batteries, with intelligent circuitry and a portable, user-friendly design.","robots":{"index":"index","follow":"follow","max-snippet":"max-snippet:-1","max-image-preview":"max-image-preview:large","max-video-preview":"max-video-preview:-1"},"canonical":"https:\/\/www.cinesouk.ma\/fr\/produit\/smallrig-dual-channel-v-mount-battery-charger\/","og_locale":"fr_FR","og_type":"article","og_title":"SmallRig Dual Channel V-Mount Battery Charger","og_description":"The SmallRig Dual Channel V-Mount Battery Charger efficiently charges two batteries, with intelligent circuitry and a portable, user-friendly design.","og_url":"https:\/\/www.cinesouk.ma\/fr\/produit\/smallrig-dual-channel-v-mount-battery-charger\/","og_site_name":"CineSouk","article_modified_time":"2025-08-26T13:05:31+00:00","og_image":[{"width":300,"height":238,"url":"https:\/\/www.cinesouk.ma\/wp-content\/uploads\/2024\/11\/Smallrig-Vlock-battery-charger.jpg","type":"image\/jpeg"}],"twitter_card":"summary_large_image","twitter_description":"The SmallRig Dual Channel V-Mount Battery Charger efficiently charges two batteries, with intelligent circuitry and a portable, user-friendly design.","twitter_misc":{"Dur\u00e9e de lecture estim\u00e9e":"2 minutes"},"schema":{"@context":"https:\/\/schema.org","@graph":[{"@type":"WebPage","@id":"https:\/\/www.cinesouk.ma\/product\/smallrig-dual-channel-v-mount-battery-charger\/","url":"https:\/\/www.cinesouk.ma\/product\/smallrig-dual-channel-v-mount-battery-charger\/","name":"SmallRig Dual Channel V-Mount Battery Charger - CineSouk - For rent","isPartOf":{"@id":"https:\/\/www.cinesouk.ma\/#website"},"primaryImageOfPage":{"@id":"https:\/\/www.cinesouk.ma\/product\/smallrig-dual-channel-v-mount-battery-charger\/#primaryimage"},"image":{"@id":"https:\/\/www.cinesouk.ma\/product\/smallrig-dual-channel-v-mount-battery-charger\/#primaryimage"},"thumbnailUrl":"https:\/\/www.cinesouk.ma\/wp-content\/uploads\/2024\/11\/Smallrig-Vlock-battery-charger.jpg","datePublished":"2024-11-25T11:01:16+00:00","dateModified":"2025-08-26T13:05:31+00:00","description":"The SmallRig Dual Channel V-Mount Battery Charger efficiently charges two batteries, with intelligent circuitry and a portable, user-friendly design.","breadcrumb":{"@id":"https:\/\/www.cinesouk.ma\/product\/smallrig-dual-channel-v-mount-battery-charger\/#breadcrumb"},"inLanguage":"fr-FR","potentialAction":[{"@type":"ReadAction","target":["https:\/\/www.cinesouk.ma\/product\/smallrig-dual-channel-v-mount-battery-charger\/"]}]},{"@type":"ImageObject","inLanguage":"fr-FR","@id":"https:\/\/www.cinesouk.ma\/product\/smallrig-dual-channel-v-mount-battery-charger\/#primaryimage","url":"https:\/\/www.cinesouk.ma\/wp-content\/uploads\/2024\/11\/Smallrig-Vlock-battery-charger.jpg","contentUrl":"https:\/\/www.cinesouk.ma\/wp-content\/uploads\/2024\/11\/Smallrig-Vlock-battery-charger.jpg","width":300,"height":238,"caption":"Smallrig Vlock battery charger"},{"@type":"BreadcrumbList","@id":"https:\/\/www.cinesouk.ma\/product\/smallrig-dual-channel-v-mount-battery-charger\/#breadcrumb","itemListElement":[{"@type":"ListItem","position":1,"name":"Home","item":"https:\/\/www.cinesouk.ma\/"},{"@type":"ListItem","position":2,"name":"Shop","item":"https:\/\/www.cinesouk.ma\/shop\/"},{"@type":"ListItem","position":3,"name":"SmallRig Dual Channel V-Mount Battery Charger"}]},{"@type":"WebSite","@id":"https:\/\/www.cinesouk.ma\/#website","url":"https:\/\/www.cinesouk.ma\/","name":"CineSouk","description":"","publisher":{"@id":"https:\/\/www.cinesouk.ma\/#organization"},"potentialAction":[{"@type":"SearchAction","target":{"@type":"EntryPoint","urlTemplate":"https:\/\/www.cinesouk.ma\/?s={search_term_string}"},"query-input":{"@type":"PropertyValueSpecification","valueRequired":true,"valueName":"search_term_string"}}],"inLanguage":"fr-FR"},{"@type":"Organization","@id":"https:\/\/www.cinesouk.ma\/#organization","name":"CineSouk","url":"https:\/\/www.cinesouk.ma\/","logo":{"@type":"ImageObject","inLanguage":"fr-FR","@id":"https:\/\/www.cinesouk.ma\/#\/schema\/logo\/image\/","url":"https:\/\/www.cinesouk.ma\/wp-content\/uploads\/2024\/01\/CineSouk-logo-v01-alpha-alligned-left.png","contentUrl":"https:\/\/www.cinesouk.ma\/wp-content\/uploads\/2024\/01\/CineSouk-logo-v01-alpha-alligned-left.png","width":3204,"height":889,"caption":"CineSouk"},"image":{"@id":"https:\/\/www.cinesouk.ma\/#\/schema\/logo\/image\/"}}]}},"_links":{"self":[{"href":"https:\/\/www.cinesouk.ma\/fr\/wp-json\/wp\/v2\/product\/8911","targetHints":{"allow":["GET"]}}],"collection":[{"href":"https:\/\/www.cinesouk.ma\/fr\/wp-json\/wp\/v2\/product"}],"about":[{"href":"https:\/\/www.cinesouk.ma\/fr\/wp-json\/wp\/v2\/types\/product"}],"wp:featuredmedia":[{"embeddable":true,"href":"https:\/\/www.cinesouk.ma\/fr\/wp-json\/wp\/v2\/media\/8922"}],"wp:attachment":[{"href":"https:\/\/www.cinesouk.ma\/fr\/wp-json\/wp\/v2\/media?parent=8911"}],"wp:term":[{"taxonomy":"product_brand","embeddable":true,"href":"https:\/\/www.cinesouk.ma\/fr\/wp-json\/wp\/v2\/product_brand?post=8911"},{"taxonomy":"product_cat","embeddable":true,"href":"https:\/\/www.cinesouk.ma\/fr\/wp-json\/wp\/v2\/product_cat?post=8911"},{"taxonomy":"product_tag","embeddable":true,"href":"https:\/\/www.cinesouk.ma\/fr\/wp-json\/wp\/v2\/product_tag?post=8911"}],"curies":[{"name":"wp","href":"https:\/\/api.w.org\/{rel}","templated":true}]}}