{"id":8983,"date":"2024-11-26T10:47:49","date_gmt":"2024-11-26T10:47:49","guid":{"rendered":"https:\/\/www.cinesouk.ma\/?post_type=product&#038;p=8983"},"modified":"2025-08-26T13:05:29","modified_gmt":"2025-08-26T13:05:29","slug":"kramer-thin-hdmi-cable-1-8m","status":"publish","type":"product","link":"https:\/\/www.cinesouk.ma\/fr\/produit\/kramer-thin-hdmi-cable-1-8m\/","title":{"rendered":"Kramer C\u00e2ble HDMI fin 1.8m"},"content":{"rendered":"<p>Le c\u00e2ble HDMI mince 1,8 m de Kramer est un c\u00e2ble HDMI ultra-mince et \u00e0 grande vitesse mesurant 1,8 m\u00e8tre de long. Con\u00e7u pour les espaces restreints, il est dot\u00e9 de connecteurs HDMI minces et d'un diam\u00e8tre de c\u00e2ble \u00e9troit, ce qui le rend id\u00e9al pour une installation derri\u00e8re les t\u00e9l\u00e9viseurs ou \u00e0 l'int\u00e9rieur des armoires.<\/p>\n<h3>Caract\u00e9ristiques principales :<\/h3>\n<ul>\n<li><strong>R\u00e9solution maximale<\/strong>: Prend en charge jusqu'\u00e0 4K@60Hz (4:4:4), garantissant une transmission vid\u00e9o de haute qualit\u00e9.<\/li>\n<li><strong>Connecteurs de haute qualit\u00e9<\/strong>: Les t\u00eates de connecteur HDMI minces mesurant 16,0 mm de large et 8,0 mm d'\u00e9paisseur permettent un montage facile dans les espaces restreints.<\/li>\n<li><strong>Une conception peu encombrante<\/strong>: Un rayon de courbure \u00e9troit et un connecteur \u00e0 profil bas permettent de gagner jusqu'\u00e0 1 pouce de profondeur derri\u00e8re l'\u00e9quipement.<\/li>\n<li><strong>Support HDMI<\/strong>: Compatible avec le canal Ethernet HDMI, 3D, x.v.Color\u2122, Deep Color, Lip Sync, 7.1 PCM, Dolby TrueHD, DTS-HD et CEC.<\/li>\n<li><strong>Vari\u00e9t\u00e9 de couleurs<\/strong>: Disponible en plusieurs couleurs, notamment en noir, bleu, vert, jaune, orange, rouge, rose et blanc, pour s'adapter \u00e0 diff\u00e9rentes configurations.<\/li>\n<\/ul>\n<p>Ce c\u00e2ble excelle dans les environnements \u00e0 espace limit\u00e9, tels que derri\u00e8re les t\u00e9l\u00e9viseurs, \u00e0 l'int\u00e9rieur des armoires ou dans les racks AV complexes. Son design ultra-mince, sa durabilit\u00e9 et ses capacit\u00e9s de haute performance en font un choix fiable pour les professionnels et les passionn\u00e9s. Le c\u00e2ble HDMI mince 1,8 m de Kramer est la solution ultime pour une connectivit\u00e9 AV propre, efficace et de haute qualit\u00e9.<\/p>\n<p>Louez le c\u00e2ble HDMI fin 1,8 m de Kramer maintenant au <a href=\"https:\/\/www.cinesouk.ma\/fr\">CINESOUK<\/a> - une marque de <a href=\"https:\/\/www.broadway.ma\/\">BROADWAY PRODUCTIONS SARL.<\/a><\/p>\n<p>&nbsp;<\/p>\n<p>&nbsp;<\/p>","protected":false},"excerpt":{"rendered":"<h3>Sp\u00e9cifications<\/h3>\n<ul>\n<li>\n<div class=\"flex max-w-full flex-col flex-grow\">\n<div class=\"min-h-8 text-message flex w-full flex-col items-end gap-2 whitespace-normal break-words [.text-message+&amp;]:mt-5\" dir=\"auto\" data-message-author-role=\"assistant\" data-message-id=\"e73cbc95-c979-4be8-9c37-f5a0ae44858b\" data-message-model-slug=\"gpt-4o\">\n<div class=\"flex w-full flex-col gap-1 empty:hidden first:pt-[3px]\">\n<div class=\"markdown prose w-full break-words dark:prose-invert light\">\n<ul>\n<li><strong>Longueur<\/strong>: 1.8 m<\/li>\n<li><strong>Connecteurs<\/strong>: HDMI m\u00e2le vers HDMI m\u00e2le<\/li>\n<li><strong>R\u00e9solution maximale<\/strong>: 4K@60Hz (4:4:4)<\/li>\n<li><strong>Dimensions du connecteur<\/strong>: 16,0 mm de large x 8,0 mm d'\u00e9paisseur<\/li>\n<li><strong>Support HDMI<\/strong>: Ethernet, 3D, Deep Color, Lip Sync, 7.1 PCM, Dolby TrueHD, DTS-HD, CEC<\/li>\n<li><strong>Type de c\u00e2ble<\/strong>: C\u00e2ble HDMI ultra-mince et \u00e0 grande vitesse<\/li>\n<li><strong>Conception<\/strong>: Peu encombrant, avec un diam\u00e8tre de c\u00e2ble \u00e9troit et un rayon de courbure r\u00e9duit<\/li>\n<\/ul>\n<\/div>\n<\/div>\n<\/div>\n<\/div>\n<div class=\"mb-2 flex gap-3 empty:hidden -ml-2\">\n<div class=\"items-center justify-start rounded-xl p-1 flex\"><\/div>\n<\/div>\n<\/li>\n<\/ul>","protected":false},"featured_media":8982,"template":"","meta":{"om_disable_all_campaigns":false,"_monsterinsights_skip_tracking":false,"_monsterinsights_sitenote_active":false,"_monsterinsights_sitenote_note":"","_monsterinsights_sitenote_category":0,"_uf_show_specific_survey":0,"_uf_disable_surveys":false},"product_brand":[],"product_cat":[37,120,55,83],"product_tag":[],"class_list":{"0":"post-8983","1":"product","2":"type-product","3":"status-publish","4":"has-post-thumbnail","6":"product_cat-accessories-cinesouk","7":"product_cat-cables-eventsouk","8":"product_cat-cables-cinesouk","9":"product_cat-efp-eng-cinesouk","11":"entry","12":"has-media","14":"first","15":"instock","16":"taxable","17":"shipping-taxable","18":"purchasable","19":"product-type-variable","20":"has-product-nav","21":"col","22":"span_1_of_3","23":"owp-content-center","24":"owp-thumbs-layout-horizontal","25":"owp-btn-normal","26":"owp-tabs-layout-horizontal","27":"has-no-thumbnails"},"yoast_head":"<!-- This site is optimized with the Yoast SEO Premium plugin v26.0 (Yoast SEO v26.0) - https:\/\/yoast.com\/wordpress\/plugins\/seo\/ -->\n<title>Kramer Thin HDMI Cable 1.8m - CineSouk - Marrakech l Morocco - For rent<\/title>\n<meta name=\"description\" content=\"Kramer Thin HDMI Cable 1.8m: Ultra-slim design, supports 4K@60Hz, compact connectors for tight spaces, perfect for professional and home AV setups.\" \/>\n<meta name=\"robots\" content=\"index, follow, max-snippet:-1, max-image-preview:large, max-video-preview:-1\" \/>\n<link rel=\"canonical\" href=\"https:\/\/www.cinesouk.ma\/fr\/produit\/kramer-thin-hdmi-cable-1-8m\/\" \/>\n<meta property=\"og:locale\" content=\"fr_FR\" \/>\n<meta property=\"og:type\" content=\"article\" \/>\n<meta property=\"og:title\" content=\"Kramer Thin HDMI Cable 1.8m\" \/>\n<meta property=\"og:description\" content=\"Kramer Thin HDMI Cable 1.8m: Ultra-slim design, supports 4K@60Hz, compact connectors for tight spaces, perfect for professional and home AV setups.\" \/>\n<meta property=\"og:url\" content=\"https:\/\/www.cinesouk.ma\/fr\/produit\/kramer-thin-hdmi-cable-1-8m\/\" \/>\n<meta property=\"og:site_name\" content=\"CineSouk\" \/>\n<meta property=\"article:modified_time\" content=\"2025-08-26T13:05:29+00:00\" \/>\n<meta property=\"og:image\" content=\"https:\/\/www.cinesouk.ma\/wp-content\/uploads\/2024\/11\/Kramer-Thin-HMDI-Cable-0.3m.jpg\" \/>\n\t<meta property=\"og:image:width\" content=\"300\" \/>\n\t<meta property=\"og:image:height\" content=\"238\" \/>\n\t<meta property=\"og:image:type\" content=\"image\/jpeg\" \/>\n<meta name=\"twitter:card\" content=\"summary_large_image\" \/>\n<meta name=\"twitter:description\" content=\"Kramer Thin HDMI Cable 1.8m: Ultra-slim design, supports 4K@60Hz, compact connectors for tight spaces, perfect for professional and home AV setups.\" \/>\n<meta name=\"twitter:label1\" content=\"Dur\u00e9e de lecture estim\u00e9e\" \/>\n\t<meta name=\"twitter:data1\" content=\"2 minutes\" \/>\n<script type=\"application\/ld+json\" class=\"yoast-schema-graph\">{\"@context\":\"https:\/\/schema.org\",\"@graph\":[{\"@type\":\"WebPage\",\"@id\":\"https:\/\/www.cinesouk.ma\/product\/kramer-thin-hdmi-cable-1-8m\/\",\"url\":\"https:\/\/www.cinesouk.ma\/product\/kramer-thin-hdmi-cable-1-8m\/\",\"name\":\"Kramer Thin HDMI Cable 1.8m - CineSouk - Marrakech l Morocco - For rent\",\"isPartOf\":{\"@id\":\"https:\/\/www.cinesouk.ma\/#website\"},\"primaryImageOfPage\":{\"@id\":\"https:\/\/www.cinesouk.ma\/product\/kramer-thin-hdmi-cable-1-8m\/#primaryimage\"},\"image\":{\"@id\":\"https:\/\/www.cinesouk.ma\/product\/kramer-thin-hdmi-cable-1-8m\/#primaryimage\"},\"thumbnailUrl\":\"https:\/\/www.cinesouk.ma\/wp-content\/uploads\/2024\/11\/Kramer-Thin-HMDI-Cable-0.3m.jpg\",\"datePublished\":\"2024-11-26T10:47:49+00:00\",\"dateModified\":\"2025-08-26T13:05:29+00:00\",\"description\":\"Kramer Thin HDMI Cable 1.8m: Ultra-slim design, supports 4K@60Hz, compact connectors for tight spaces, perfect for professional and home AV setups.\",\"breadcrumb\":{\"@id\":\"https:\/\/www.cinesouk.ma\/product\/kramer-thin-hdmi-cable-1-8m\/#breadcrumb\"},\"inLanguage\":\"fr-FR\",\"potentialAction\":[{\"@type\":\"ReadAction\",\"target\":[\"https:\/\/www.cinesouk.ma\/product\/kramer-thin-hdmi-cable-1-8m\/\"]}]},{\"@type\":\"ImageObject\",\"inLanguage\":\"fr-FR\",\"@id\":\"https:\/\/www.cinesouk.ma\/product\/kramer-thin-hdmi-cable-1-8m\/#primaryimage\",\"url\":\"https:\/\/www.cinesouk.ma\/wp-content\/uploads\/2024\/11\/Kramer-Thin-HMDI-Cable-0.3m.jpg\",\"contentUrl\":\"https:\/\/www.cinesouk.ma\/wp-content\/uploads\/2024\/11\/Kramer-Thin-HMDI-Cable-0.3m.jpg\",\"width\":300,\"height\":238,\"caption\":\"HDMI Cable 3.0m\"},{\"@type\":\"BreadcrumbList\",\"@id\":\"https:\/\/www.cinesouk.ma\/product\/kramer-thin-hdmi-cable-1-8m\/#breadcrumb\",\"itemListElement\":[{\"@type\":\"ListItem\",\"position\":1,\"name\":\"Home\",\"item\":\"https:\/\/www.cinesouk.ma\/\"},{\"@type\":\"ListItem\",\"position\":2,\"name\":\"Shop\",\"item\":\"https:\/\/www.cinesouk.ma\/shop\/\"},{\"@type\":\"ListItem\",\"position\":3,\"name\":\"Kramer Thin HDMI Cable 1.8m\"}]},{\"@type\":\"WebSite\",\"@id\":\"https:\/\/www.cinesouk.ma\/#website\",\"url\":\"https:\/\/www.cinesouk.ma\/\",\"name\":\"CineSouk\",\"description\":\"\",\"publisher\":{\"@id\":\"https:\/\/www.cinesouk.ma\/#organization\"},\"potentialAction\":[{\"@type\":\"SearchAction\",\"target\":{\"@type\":\"EntryPoint\",\"urlTemplate\":\"https:\/\/www.cinesouk.ma\/?s={search_term_string}\"},\"query-input\":{\"@type\":\"PropertyValueSpecification\",\"valueRequired\":true,\"valueName\":\"search_term_string\"}}],\"inLanguage\":\"fr-FR\"},{\"@type\":\"Organization\",\"@id\":\"https:\/\/www.cinesouk.ma\/#organization\",\"name\":\"CineSouk\",\"url\":\"https:\/\/www.cinesouk.ma\/\",\"logo\":{\"@type\":\"ImageObject\",\"inLanguage\":\"fr-FR\",\"@id\":\"https:\/\/www.cinesouk.ma\/#\/schema\/logo\/image\/\",\"url\":\"https:\/\/www.cinesouk.ma\/wp-content\/uploads\/2024\/01\/CineSouk-logo-v01-alpha-alligned-left.png\",\"contentUrl\":\"https:\/\/www.cinesouk.ma\/wp-content\/uploads\/2024\/01\/CineSouk-logo-v01-alpha-alligned-left.png\",\"width\":3204,\"height\":889,\"caption\":\"CineSouk\"},\"image\":{\"@id\":\"https:\/\/www.cinesouk.ma\/#\/schema\/logo\/image\/\"}}]}<\/script>\n<!-- \/ Yoast SEO Premium plugin. -->","yoast_head_json":{"title":"Kramer Thin HDMI Cable 1.8m - CineSouk - Marrakech l Morocco - For rent","description":"Kramer Thin HDMI Cable 1.8m: Ultra-slim design, supports 4K@60Hz, compact connectors for tight spaces, perfect for professional and home AV setups.","robots":{"index":"index","follow":"follow","max-snippet":"max-snippet:-1","max-image-preview":"max-image-preview:large","max-video-preview":"max-video-preview:-1"},"canonical":"https:\/\/www.cinesouk.ma\/fr\/produit\/kramer-thin-hdmi-cable-1-8m\/","og_locale":"fr_FR","og_type":"article","og_title":"Kramer Thin HDMI Cable 1.8m","og_description":"Kramer Thin HDMI Cable 1.8m: Ultra-slim design, supports 4K@60Hz, compact connectors for tight spaces, perfect for professional and home AV setups.","og_url":"https:\/\/www.cinesouk.ma\/fr\/produit\/kramer-thin-hdmi-cable-1-8m\/","og_site_name":"CineSouk","article_modified_time":"2025-08-26T13:05:29+00:00","og_image":[{"width":300,"height":238,"url":"https:\/\/www.cinesouk.ma\/wp-content\/uploads\/2024\/11\/Kramer-Thin-HMDI-Cable-0.3m.jpg","type":"image\/jpeg"}],"twitter_card":"summary_large_image","twitter_description":"Kramer Thin HDMI Cable 1.8m: Ultra-slim design, supports 4K@60Hz, compact connectors for tight spaces, perfect for professional and home AV setups.","twitter_misc":{"Dur\u00e9e de lecture estim\u00e9e":"2 minutes"},"schema":{"@context":"https:\/\/schema.org","@graph":[{"@type":"WebPage","@id":"https:\/\/www.cinesouk.ma\/product\/kramer-thin-hdmi-cable-1-8m\/","url":"https:\/\/www.cinesouk.ma\/product\/kramer-thin-hdmi-cable-1-8m\/","name":"Kramer Thin HDMI Cable 1.8m - CineSouk - Marrakech l Morocco - For rent","isPartOf":{"@id":"https:\/\/www.cinesouk.ma\/#website"},"primaryImageOfPage":{"@id":"https:\/\/www.cinesouk.ma\/product\/kramer-thin-hdmi-cable-1-8m\/#primaryimage"},"image":{"@id":"https:\/\/www.cinesouk.ma\/product\/kramer-thin-hdmi-cable-1-8m\/#primaryimage"},"thumbnailUrl":"https:\/\/www.cinesouk.ma\/wp-content\/uploads\/2024\/11\/Kramer-Thin-HMDI-Cable-0.3m.jpg","datePublished":"2024-11-26T10:47:49+00:00","dateModified":"2025-08-26T13:05:29+00:00","description":"Kramer Thin HDMI Cable 1.8m: Ultra-slim design, supports 4K@60Hz, compact connectors for tight spaces, perfect for professional and home AV setups.","breadcrumb":{"@id":"https:\/\/www.cinesouk.ma\/product\/kramer-thin-hdmi-cable-1-8m\/#breadcrumb"},"inLanguage":"fr-FR","potentialAction":[{"@type":"ReadAction","target":["https:\/\/www.cinesouk.ma\/product\/kramer-thin-hdmi-cable-1-8m\/"]}]},{"@type":"ImageObject","inLanguage":"fr-FR","@id":"https:\/\/www.cinesouk.ma\/product\/kramer-thin-hdmi-cable-1-8m\/#primaryimage","url":"https:\/\/www.cinesouk.ma\/wp-content\/uploads\/2024\/11\/Kramer-Thin-HMDI-Cable-0.3m.jpg","contentUrl":"https:\/\/www.cinesouk.ma\/wp-content\/uploads\/2024\/11\/Kramer-Thin-HMDI-Cable-0.3m.jpg","width":300,"height":238,"caption":"HDMI Cable 3.0m"},{"@type":"BreadcrumbList","@id":"https:\/\/www.cinesouk.ma\/product\/kramer-thin-hdmi-cable-1-8m\/#breadcrumb","itemListElement":[{"@type":"ListItem","position":1,"name":"Home","item":"https:\/\/www.cinesouk.ma\/"},{"@type":"ListItem","position":2,"name":"Shop","item":"https:\/\/www.cinesouk.ma\/shop\/"},{"@type":"ListItem","position":3,"name":"Kramer Thin HDMI Cable 1.8m"}]},{"@type":"WebSite","@id":"https:\/\/www.cinesouk.ma\/#website","url":"https:\/\/www.cinesouk.ma\/","name":"CineSouk","description":"","publisher":{"@id":"https:\/\/www.cinesouk.ma\/#organization"},"potentialAction":[{"@type":"SearchAction","target":{"@type":"EntryPoint","urlTemplate":"https:\/\/www.cinesouk.ma\/?s={search_term_string}"},"query-input":{"@type":"PropertyValueSpecification","valueRequired":true,"valueName":"search_term_string"}}],"inLanguage":"fr-FR"},{"@type":"Organization","@id":"https:\/\/www.cinesouk.ma\/#organization","name":"CineSouk","url":"https:\/\/www.cinesouk.ma\/","logo":{"@type":"ImageObject","inLanguage":"fr-FR","@id":"https:\/\/www.cinesouk.ma\/#\/schema\/logo\/image\/","url":"https:\/\/www.cinesouk.ma\/wp-content\/uploads\/2024\/01\/CineSouk-logo-v01-alpha-alligned-left.png","contentUrl":"https:\/\/www.cinesouk.ma\/wp-content\/uploads\/2024\/01\/CineSouk-logo-v01-alpha-alligned-left.png","width":3204,"height":889,"caption":"CineSouk"},"image":{"@id":"https:\/\/www.cinesouk.ma\/#\/schema\/logo\/image\/"}}]}},"_links":{"self":[{"href":"https:\/\/www.cinesouk.ma\/fr\/wp-json\/wp\/v2\/product\/8983","targetHints":{"allow":["GET"]}}],"collection":[{"href":"https:\/\/www.cinesouk.ma\/fr\/wp-json\/wp\/v2\/product"}],"about":[{"href":"https:\/\/www.cinesouk.ma\/fr\/wp-json\/wp\/v2\/types\/product"}],"wp:featuredmedia":[{"embeddable":true,"href":"https:\/\/www.cinesouk.ma\/fr\/wp-json\/wp\/v2\/media\/8982"}],"wp:attachment":[{"href":"https:\/\/www.cinesouk.ma\/fr\/wp-json\/wp\/v2\/media?parent=8983"}],"wp:term":[{"taxonomy":"product_brand","embeddable":true,"href":"https:\/\/www.cinesouk.ma\/fr\/wp-json\/wp\/v2\/product_brand?post=8983"},{"taxonomy":"product_cat","embeddable":true,"href":"https:\/\/www.cinesouk.ma\/fr\/wp-json\/wp\/v2\/product_cat?post=8983"},{"taxonomy":"product_tag","embeddable":true,"href":"https:\/\/www.cinesouk.ma\/fr\/wp-json\/wp\/v2\/product_tag?post=8983"}],"curies":[{"name":"wp","href":"https:\/\/api.w.org\/{rel}","templated":true}]}}