{"id":8995,"date":"2024-11-26T11:09:04","date_gmt":"2024-11-26T11:09:04","guid":{"rendered":"https:\/\/www.cinesouk.ma\/?post_type=product&#038;p=8995"},"modified":"2025-08-26T13:05:29","modified_gmt":"2025-08-26T13:05:29","slug":"kramer-thin-hdmi-cable-3-0m","status":"publish","type":"product","link":"https:\/\/www.cinesouk.ma\/fr\/produit\/kramer-thin-hdmi-cable-3-0m\/","title":{"rendered":"Kramer C\u00e2ble HDMI fin 3.0m"},"content":{"rendered":"<p>Le c\u00e2ble HDMI mince 3,0 m de Kramer est un c\u00e2ble HDMI ultra-mince \u00e0 haute vitesse con\u00e7u pour une utilisation efficace dans les espaces restreints. D'une longueur de 3,0 m\u00e8tres, il est parfait pour les installations derri\u00e8re les t\u00e9l\u00e9viseurs ou dans les installations audiovisuelles compactes. Gr\u00e2ce \u00e0 son diam\u00e8tre \u00e9troit et \u00e0 ses connecteurs minces, ce c\u00e2ble rend l'installation plus facile et plus pratique.<\/p>\n<h3><strong>Caract\u00e9ristiques principales :<\/strong><\/h3>\n<ul>\n<li><strong>R\u00e9solution maximale :<\/strong> Il prend en charge jusqu'\u00e0 4K@60Hz (4:4:4), offrant des vid\u00e9os nettes et de haute qualit\u00e9 pour les \u00e9crans et les syst\u00e8mes de divertissement modernes.<\/li>\n<li><strong>Connecteurs de haute qualit\u00e9 :<\/strong> Les t\u00eates de connecteur HDMI minces, mesurant seulement 16,0 mm de large et 8,0 mm d'\u00e9paisseur, s'int\u00e8grent facilement dans les espaces restreints.<\/li>\n<li><strong>Conception peu encombrante :<\/strong> Avec un rayon de courbure plus serr\u00e9 et des connecteurs \u00e0 profil bas, il permet de gagner jusqu'\u00e0 1 pouce de profondeur derri\u00e8re l'\u00e9quipement.<\/li>\n<li><strong>Prise en charge compl\u00e8te de l'HDMI :<\/strong> Ce c\u00e2ble est compatible avec des fonctionnalit\u00e9s telles que HDMI Ethernet Channel, 3D, x.v.Color\u2122, Deep Color et Lip Sync.<\/li>\n<li><strong>Capacit\u00e9s audio avanc\u00e9es :<\/strong> Il prend en charge les formats PCM 7.1, Dolby TrueHD, DTS-HD et CEC, garantissant un son immersif pour les installations domestiques et professionnelles.<\/li>\n<li><strong>Vari\u00e9t\u00e9 de couleurs :<\/strong> Disponible en noir, bleu, vert, jaune, orange, rouge, rose et blanc, il s'adapte facilement \u00e0 diverses configurations.<\/li>\n<\/ul>\n<p>En conclusion, ce c\u00e2ble est id\u00e9al pour les environnements o\u00f9 l'espace est limit\u00e9, comme derri\u00e8re les t\u00e9l\u00e9viseurs muraux ou dans les armoires AV. Son design ultra-mince garantit une installation facile sans compromis sur les performances ou la compatibilit\u00e9. Que ce soit pour les home cin\u00e9mas ou les syst\u00e8mes AV professionnels, ce c\u00e2ble offre une connectivit\u00e9 fiable et de haute qualit\u00e9 sous une forme \u00e9l\u00e9gante.<\/p>\n<p>Louez le c\u00e2ble HDMI fin 3.0m de Kramer maintenant au <a href=\"https:\/\/www.cinesouk.ma\/fr\">CINESOUK<\/a> - une marque de <a href=\"https:\/\/www.broadway.ma\/\">BROADWAY PRODUCTIONS SARL.<\/a><\/p>\n<p>&nbsp;<\/p>\n<p>&nbsp;<\/p>","protected":false},"excerpt":{"rendered":"<h3>Sp\u00e9cifications<\/h3>\n<ul>\n<li>\n<div class=\"flex max-w-full flex-col flex-grow\">\n<div class=\"min-h-8 text-message flex w-full flex-col items-end gap-2 whitespace-normal break-words [.text-message+&amp;]:mt-5\" dir=\"auto\" data-message-author-role=\"assistant\" data-message-id=\"e73cbc95-c979-4be8-9c37-f5a0ae44858b\" data-message-model-slug=\"gpt-4o\">\n<div class=\"flex w-full flex-col gap-1 empty:hidden first:pt-[3px]\">\n<div class=\"markdown prose w-full break-words dark:prose-invert light\"><\/div>\n<\/div>\n<\/div>\n<\/div>\n<div class=\"mb-2 flex gap-3 empty:hidden -ml-2\">\n<div class=\"items-center justify-start rounded-xl p-1 flex\">\n<div class=\"flex max-w-full flex-col flex-grow\">\n<div class=\"min-h-8 text-message flex w-full flex-col items-end gap-2 whitespace-normal break-words [.text-message+&amp;]:mt-5\" dir=\"auto\" data-message-author-role=\"assistant\" data-message-id=\"14aa7861-d5b8-427e-a3cc-f5084204f032\" data-message-model-slug=\"gpt-4o\">\n<div class=\"flex w-full flex-col gap-1 empty:hidden first:pt-[3px]\">\n<div class=\"markdown prose w-full break-words dark:prose-invert light\">\n<ul>\n<li><strong>Longueur<\/strong>: 3.0 m<\/li>\n<li><strong>Connecteurs<\/strong>: HDMI m\u00e2le vers HDMI m\u00e2le<\/li>\n<li><strong>R\u00e9solution maximale<\/strong>: 4K@60Hz (4:4:4)<\/li>\n<li><strong>Dimensions du connecteur<\/strong>: 16,0 mm de large x 8,0 mm d'\u00e9paisseur<\/li>\n<li><strong>Type de c\u00e2ble<\/strong>: C\u00e2ble HDMI ultra-mince et \u00e0 grande vitesse<\/li>\n<li><strong>Support HDMI<\/strong>: Ethernet, 3D, Deep Color, Lip Sync, 7.1 PCM, Dolby TrueHD, DTS-HD et CEC<\/li>\n<li><strong>Conception<\/strong>: Compact avec un rayon de courbure r\u00e9duit pour une installation peu encombrante<\/li>\n<\/ul>\n<\/div>\n<\/div>\n<\/div>\n<\/div>\n<div class=\"mb-2 flex gap-3 empty:hidden -ml-2\">\n<div class=\"items-center justify-start rounded-xl p-1 flex\"><\/div>\n<\/div>\n<\/div>\n<\/div>\n<\/li>\n<\/ul>","protected":false},"featured_media":8982,"template":"","meta":{"om_disable_all_campaigns":false,"_monsterinsights_skip_tracking":false,"_monsterinsights_sitenote_active":false,"_monsterinsights_sitenote_note":"","_monsterinsights_sitenote_category":0,"_uf_show_specific_survey":0,"_uf_disable_surveys":false},"product_brand":[],"product_cat":[37,55,83],"product_tag":[],"class_list":{"0":"post-8995","1":"product","2":"type-product","3":"status-publish","4":"has-post-thumbnail","6":"product_cat-accessories-cinesouk","7":"product_cat-cables-cinesouk","8":"product_cat-efp-eng-cinesouk","10":"entry","11":"has-media","13":"first","14":"instock","15":"taxable","16":"shipping-taxable","17":"purchasable","18":"product-type-variable","19":"has-product-nav","20":"col","21":"span_1_of_3","22":"owp-content-center","23":"owp-thumbs-layout-horizontal","24":"owp-btn-normal","25":"owp-tabs-layout-horizontal","26":"has-no-thumbnails"},"yoast_head":"<!-- This site is optimized with the Yoast SEO Premium plugin v26.0 (Yoast SEO v26.0) - https:\/\/yoast.com\/wordpress\/plugins\/seo\/ -->\n<title>Kramer Thin HDMI Cable 3.0m - CineSouk - Marrakech l Morocco - For rent<\/title>\n<meta name=\"description\" content=\"Kramer Thin HDMI Cable 3.0m: Ultra-slim design, supports 4K@60Hz, compact connectors for tight spaces, ideal for professional and home AV setups.\" \/>\n<meta name=\"robots\" content=\"index, follow, max-snippet:-1, max-image-preview:large, max-video-preview:-1\" \/>\n<link rel=\"canonical\" href=\"https:\/\/www.cinesouk.ma\/fr\/produit\/kramer-thin-hdmi-cable-3-0m\/\" \/>\n<meta property=\"og:locale\" content=\"fr_FR\" \/>\n<meta property=\"og:type\" content=\"article\" \/>\n<meta property=\"og:title\" content=\"Kramer Thin HDMI Cable 3.0m\" \/>\n<meta property=\"og:description\" content=\"Kramer Thin HDMI Cable 3.0m: Ultra-slim design, supports 4K@60Hz, compact connectors for tight spaces, ideal for professional and home AV setups.\" \/>\n<meta property=\"og:url\" content=\"https:\/\/www.cinesouk.ma\/fr\/produit\/kramer-thin-hdmi-cable-3-0m\/\" \/>\n<meta property=\"og:site_name\" content=\"CineSouk\" \/>\n<meta property=\"article:modified_time\" content=\"2025-08-26T13:05:29+00:00\" \/>\n<meta property=\"og:image\" content=\"https:\/\/www.cinesouk.ma\/wp-content\/uploads\/2024\/11\/Kramer-Thin-HMDI-Cable-0.3m.jpg\" \/>\n\t<meta property=\"og:image:width\" content=\"300\" \/>\n\t<meta property=\"og:image:height\" content=\"238\" \/>\n\t<meta property=\"og:image:type\" content=\"image\/jpeg\" \/>\n<meta name=\"twitter:card\" content=\"summary_large_image\" \/>\n<meta name=\"twitter:description\" content=\"Kramer Thin HDMI Cable 3.0m: Ultra-slim design, supports 4K@60Hz, compact connectors for tight spaces, ideal for professional and home AV setups.\" \/>\n<meta name=\"twitter:image\" content=\"https:\/\/www.cinesouk.ma\/wp-content\/uploads\/2024\/11\/Kramer-Thin-HDMI-Cable-3.0m_V2.jpg\" \/>\n<meta name=\"twitter:label1\" content=\"Dur\u00e9e de lecture estim\u00e9e\" \/>\n\t<meta name=\"twitter:data1\" content=\"2 minutes\" \/>\n<script type=\"application\/ld+json\" class=\"yoast-schema-graph\">{\"@context\":\"https:\/\/schema.org\",\"@graph\":[{\"@type\":\"WebPage\",\"@id\":\"https:\/\/www.cinesouk.ma\/product\/kramer-thin-hdmi-cable-3-0m\/\",\"url\":\"https:\/\/www.cinesouk.ma\/product\/kramer-thin-hdmi-cable-3-0m\/\",\"name\":\"Kramer Thin HDMI Cable 3.0m - CineSouk - Marrakech l Morocco - For rent\",\"isPartOf\":{\"@id\":\"https:\/\/www.cinesouk.ma\/#website\"},\"primaryImageOfPage\":{\"@id\":\"https:\/\/www.cinesouk.ma\/product\/kramer-thin-hdmi-cable-3-0m\/#primaryimage\"},\"image\":{\"@id\":\"https:\/\/www.cinesouk.ma\/product\/kramer-thin-hdmi-cable-3-0m\/#primaryimage\"},\"thumbnailUrl\":\"https:\/\/www.cinesouk.ma\/wp-content\/uploads\/2024\/11\/Kramer-Thin-HMDI-Cable-0.3m.jpg\",\"datePublished\":\"2024-11-26T11:09:04+00:00\",\"dateModified\":\"2025-08-26T13:05:29+00:00\",\"description\":\"Kramer Thin HDMI Cable 3.0m: Ultra-slim design, supports 4K@60Hz, compact connectors for tight spaces, ideal for professional and home AV setups.\",\"breadcrumb\":{\"@id\":\"https:\/\/www.cinesouk.ma\/product\/kramer-thin-hdmi-cable-3-0m\/#breadcrumb\"},\"inLanguage\":\"fr-FR\",\"potentialAction\":[{\"@type\":\"ReadAction\",\"target\":[\"https:\/\/www.cinesouk.ma\/product\/kramer-thin-hdmi-cable-3-0m\/\"]}]},{\"@type\":\"ImageObject\",\"inLanguage\":\"fr-FR\",\"@id\":\"https:\/\/www.cinesouk.ma\/product\/kramer-thin-hdmi-cable-3-0m\/#primaryimage\",\"url\":\"https:\/\/www.cinesouk.ma\/wp-content\/uploads\/2024\/11\/Kramer-Thin-HMDI-Cable-0.3m.jpg\",\"contentUrl\":\"https:\/\/www.cinesouk.ma\/wp-content\/uploads\/2024\/11\/Kramer-Thin-HMDI-Cable-0.3m.jpg\",\"width\":300,\"height\":238,\"caption\":\"HDMI Cable 3.0m\"},{\"@type\":\"BreadcrumbList\",\"@id\":\"https:\/\/www.cinesouk.ma\/product\/kramer-thin-hdmi-cable-3-0m\/#breadcrumb\",\"itemListElement\":[{\"@type\":\"ListItem\",\"position\":1,\"name\":\"Home\",\"item\":\"https:\/\/www.cinesouk.ma\/\"},{\"@type\":\"ListItem\",\"position\":2,\"name\":\"Shop\",\"item\":\"https:\/\/www.cinesouk.ma\/shop\/\"},{\"@type\":\"ListItem\",\"position\":3,\"name\":\"Kramer Thin HDMI Cable 3.0m\"}]},{\"@type\":\"WebSite\",\"@id\":\"https:\/\/www.cinesouk.ma\/#website\",\"url\":\"https:\/\/www.cinesouk.ma\/\",\"name\":\"CineSouk\",\"description\":\"\",\"publisher\":{\"@id\":\"https:\/\/www.cinesouk.ma\/#organization\"},\"potentialAction\":[{\"@type\":\"SearchAction\",\"target\":{\"@type\":\"EntryPoint\",\"urlTemplate\":\"https:\/\/www.cinesouk.ma\/?s={search_term_string}\"},\"query-input\":{\"@type\":\"PropertyValueSpecification\",\"valueRequired\":true,\"valueName\":\"search_term_string\"}}],\"inLanguage\":\"fr-FR\"},{\"@type\":\"Organization\",\"@id\":\"https:\/\/www.cinesouk.ma\/#organization\",\"name\":\"CineSouk\",\"url\":\"https:\/\/www.cinesouk.ma\/\",\"logo\":{\"@type\":\"ImageObject\",\"inLanguage\":\"fr-FR\",\"@id\":\"https:\/\/www.cinesouk.ma\/#\/schema\/logo\/image\/\",\"url\":\"https:\/\/www.cinesouk.ma\/wp-content\/uploads\/2024\/01\/CineSouk-logo-v01-alpha-alligned-left.png\",\"contentUrl\":\"https:\/\/www.cinesouk.ma\/wp-content\/uploads\/2024\/01\/CineSouk-logo-v01-alpha-alligned-left.png\",\"width\":3204,\"height\":889,\"caption\":\"CineSouk\"},\"image\":{\"@id\":\"https:\/\/www.cinesouk.ma\/#\/schema\/logo\/image\/\"}}]}<\/script>\n<!-- \/ Yoast SEO Premium plugin. -->","yoast_head_json":{"title":"Kramer Thin HDMI Cable 3.0m - CineSouk - Marrakech l Morocco - For rent","description":"Kramer Thin HDMI Cable 3.0m: Ultra-slim design, supports 4K@60Hz, compact connectors for tight spaces, ideal for professional and home AV setups.","robots":{"index":"index","follow":"follow","max-snippet":"max-snippet:-1","max-image-preview":"max-image-preview:large","max-video-preview":"max-video-preview:-1"},"canonical":"https:\/\/www.cinesouk.ma\/fr\/produit\/kramer-thin-hdmi-cable-3-0m\/","og_locale":"fr_FR","og_type":"article","og_title":"Kramer Thin HDMI Cable 3.0m","og_description":"Kramer Thin HDMI Cable 3.0m: Ultra-slim design, supports 4K@60Hz, compact connectors for tight spaces, ideal for professional and home AV setups.","og_url":"https:\/\/www.cinesouk.ma\/fr\/produit\/kramer-thin-hdmi-cable-3-0m\/","og_site_name":"CineSouk","article_modified_time":"2025-08-26T13:05:29+00:00","og_image":[{"width":300,"height":238,"url":"https:\/\/www.cinesouk.ma\/wp-content\/uploads\/2024\/11\/Kramer-Thin-HMDI-Cable-0.3m.jpg","type":"image\/jpeg"}],"twitter_card":"summary_large_image","twitter_description":"Kramer Thin HDMI Cable 3.0m: Ultra-slim design, supports 4K@60Hz, compact connectors for tight spaces, ideal for professional and home AV setups.","twitter_image":"https:\/\/www.cinesouk.ma\/wp-content\/uploads\/2024\/11\/Kramer-Thin-HDMI-Cable-3.0m_V2.jpg","twitter_misc":{"Dur\u00e9e de lecture estim\u00e9e":"2 minutes"},"schema":{"@context":"https:\/\/schema.org","@graph":[{"@type":"WebPage","@id":"https:\/\/www.cinesouk.ma\/product\/kramer-thin-hdmi-cable-3-0m\/","url":"https:\/\/www.cinesouk.ma\/product\/kramer-thin-hdmi-cable-3-0m\/","name":"Kramer Thin HDMI Cable 3.0m - CineSouk - Marrakech l Morocco - For rent","isPartOf":{"@id":"https:\/\/www.cinesouk.ma\/#website"},"primaryImageOfPage":{"@id":"https:\/\/www.cinesouk.ma\/product\/kramer-thin-hdmi-cable-3-0m\/#primaryimage"},"image":{"@id":"https:\/\/www.cinesouk.ma\/product\/kramer-thin-hdmi-cable-3-0m\/#primaryimage"},"thumbnailUrl":"https:\/\/www.cinesouk.ma\/wp-content\/uploads\/2024\/11\/Kramer-Thin-HMDI-Cable-0.3m.jpg","datePublished":"2024-11-26T11:09:04+00:00","dateModified":"2025-08-26T13:05:29+00:00","description":"Kramer Thin HDMI Cable 3.0m: Ultra-slim design, supports 4K@60Hz, compact connectors for tight spaces, ideal for professional and home AV setups.","breadcrumb":{"@id":"https:\/\/www.cinesouk.ma\/product\/kramer-thin-hdmi-cable-3-0m\/#breadcrumb"},"inLanguage":"fr-FR","potentialAction":[{"@type":"ReadAction","target":["https:\/\/www.cinesouk.ma\/product\/kramer-thin-hdmi-cable-3-0m\/"]}]},{"@type":"ImageObject","inLanguage":"fr-FR","@id":"https:\/\/www.cinesouk.ma\/product\/kramer-thin-hdmi-cable-3-0m\/#primaryimage","url":"https:\/\/www.cinesouk.ma\/wp-content\/uploads\/2024\/11\/Kramer-Thin-HMDI-Cable-0.3m.jpg","contentUrl":"https:\/\/www.cinesouk.ma\/wp-content\/uploads\/2024\/11\/Kramer-Thin-HMDI-Cable-0.3m.jpg","width":300,"height":238,"caption":"HDMI Cable 3.0m"},{"@type":"BreadcrumbList","@id":"https:\/\/www.cinesouk.ma\/product\/kramer-thin-hdmi-cable-3-0m\/#breadcrumb","itemListElement":[{"@type":"ListItem","position":1,"name":"Home","item":"https:\/\/www.cinesouk.ma\/"},{"@type":"ListItem","position":2,"name":"Shop","item":"https:\/\/www.cinesouk.ma\/shop\/"},{"@type":"ListItem","position":3,"name":"Kramer Thin HDMI Cable 3.0m"}]},{"@type":"WebSite","@id":"https:\/\/www.cinesouk.ma\/#website","url":"https:\/\/www.cinesouk.ma\/","name":"CineSouk","description":"","publisher":{"@id":"https:\/\/www.cinesouk.ma\/#organization"},"potentialAction":[{"@type":"SearchAction","target":{"@type":"EntryPoint","urlTemplate":"https:\/\/www.cinesouk.ma\/?s={search_term_string}"},"query-input":{"@type":"PropertyValueSpecification","valueRequired":true,"valueName":"search_term_string"}}],"inLanguage":"fr-FR"},{"@type":"Organization","@id":"https:\/\/www.cinesouk.ma\/#organization","name":"CineSouk","url":"https:\/\/www.cinesouk.ma\/","logo":{"@type":"ImageObject","inLanguage":"fr-FR","@id":"https:\/\/www.cinesouk.ma\/#\/schema\/logo\/image\/","url":"https:\/\/www.cinesouk.ma\/wp-content\/uploads\/2024\/01\/CineSouk-logo-v01-alpha-alligned-left.png","contentUrl":"https:\/\/www.cinesouk.ma\/wp-content\/uploads\/2024\/01\/CineSouk-logo-v01-alpha-alligned-left.png","width":3204,"height":889,"caption":"CineSouk"},"image":{"@id":"https:\/\/www.cinesouk.ma\/#\/schema\/logo\/image\/"}}]}},"_links":{"self":[{"href":"https:\/\/www.cinesouk.ma\/fr\/wp-json\/wp\/v2\/product\/8995","targetHints":{"allow":["GET"]}}],"collection":[{"href":"https:\/\/www.cinesouk.ma\/fr\/wp-json\/wp\/v2\/product"}],"about":[{"href":"https:\/\/www.cinesouk.ma\/fr\/wp-json\/wp\/v2\/types\/product"}],"wp:featuredmedia":[{"embeddable":true,"href":"https:\/\/www.cinesouk.ma\/fr\/wp-json\/wp\/v2\/media\/8982"}],"wp:attachment":[{"href":"https:\/\/www.cinesouk.ma\/fr\/wp-json\/wp\/v2\/media?parent=8995"}],"wp:term":[{"taxonomy":"product_brand","embeddable":true,"href":"https:\/\/www.cinesouk.ma\/fr\/wp-json\/wp\/v2\/product_brand?post=8995"},{"taxonomy":"product_cat","embeddable":true,"href":"https:\/\/www.cinesouk.ma\/fr\/wp-json\/wp\/v2\/product_cat?post=8995"},{"taxonomy":"product_tag","embeddable":true,"href":"https:\/\/www.cinesouk.ma\/fr\/wp-json\/wp\/v2\/product_tag?post=8995"}],"curies":[{"name":"wp","href":"https:\/\/api.w.org\/{rel}","templated":true}]}}