{"id":9020,"date":"2024-11-26T08:20:52","date_gmt":"2024-11-26T08:20:52","guid":{"rendered":"https:\/\/www.cinesouk.ma\/?post_type=product&#038;p=9020"},"modified":"2025-08-18T10:14:04","modified_gmt":"2025-08-18T10:14:04","slug":"mtf-services-pl-to-e-mount-adapter","status":"publish","type":"product","link":"https:\/\/www.cinesouk.ma\/fr\/produit\/mtf-services-pl-to-e-mount-adapter\/","title":{"rendered":"Adaptateur MTF Services PL vers monture E"},"content":{"rendered":"<p>L'adaptateur MTF Services PL vers Sony E-Mount permet aux cin\u00e9astes et aux photographes d'utiliser des objectifs \u00e0 monture PL sur les cam\u00e9ras Sony E-mount, am\u00e9liorant consid\u00e9rablement la compatibilit\u00e9 des objectifs pour les flux de travail professionnels et la flexibilit\u00e9 cr\u00e9ative.<\/p>\n<h3><strong>Caract\u00e9ristiques principales :<\/strong><\/h3>\n<ul>\n<li><strong>Large compatibilit\u00e9 :<\/strong> Con\u00e7u pour les appareils photo Sony \u00e0 monture E, notamment les mod\u00e8les FS5, FS7, FX6, FX9 et les mod\u00e8les de la s\u00e9rie Alpha, ce qui garantit une large utilisation.<\/li>\n<li><strong>Ing\u00e9nierie de pr\u00e9cision :<\/strong> Fabriqu\u00e9 en aluminium HE30 de haute qualit\u00e9 pour le corps principal et en acier inoxydable pour la monture E, il garantit la durabilit\u00e9 et un ajustement s\u00fbr.<\/li>\n<li><strong>Kit de cales inclus :<\/strong> Pr\u00e9-calibr\u00e9 pour une pr\u00e9cision imm\u00e9diate, avec un kit de cales inclus pour affiner la profondeur de la collerette et obtenir une mise au point pr\u00e9cise.<\/li>\n<li><strong>Accessoires de support :<\/strong> \u00c9quip\u00e9 d'une pointe de support et d'un pont r\u00e9glable, il offre une stabilit\u00e9 suppl\u00e9mentaire pour les lentilles plus lourdes pendant l'utilisation.<\/li>\n<li><strong>Compatibilit\u00e9 des objectifs :<\/strong> Compatible avec n'importe quel objectif PL au format 35 mm, il offre une grande flexibilit\u00e9 pour les besoins cr\u00e9atifs et techniques.<\/li>\n<\/ul>\n<h3><strong>Sp\u00e9cifications :<\/strong><\/h3>\n<ul>\n<li><strong>Mat\u00e9riau :<\/strong> Construit avec un corps en aluminium HE30 et une monture E en acier inoxydable durable pour la long\u00e9vit\u00e9 et la fiabilit\u00e9.<\/li>\n<li><strong>Accessoires inclus :<\/strong> Livr\u00e9 avec un kit de cales, un pied de support, un pont r\u00e9glable et un capuchon de port PL en aluminium pour une plus grande polyvalence.<\/li>\n<\/ul>\n<p>L'adaptateur PL vers monture E de MTF Services est id\u00e9al pour les professionnels qui ont besoin d'int\u00e9grer des objectifs cin\u00e9ma \u00e0 monture PL aux cam\u00e9ras Sony \u00e0 monture E. Il offre une fiabilit\u00e9, une pr\u00e9cision et une flexibilit\u00e9 exceptionnelles. Il offre une fiabilit\u00e9, une pr\u00e9cision et une flexibilit\u00e9 exceptionnelles, ce qui en fait un outil de confiance pour les sc\u00e9narios de tournage exigeants. Que ce soit en studio ou sur le terrain, cet adaptateur garantit une compatibilit\u00e9 parfaite et des performances professionnelles.<\/p>\n<h2><span style=\"font-size: 16px;\">Louez-le maintenant sur <\/span><a style=\"font-size: 16px;\" href=\"https:\/\/www.cinesouk.ma\/fr\">CINESOUK<\/a><span style=\"font-size: 16px;\"> - une marque de <\/span><a style=\"font-size: 16px;\" href=\"https:\/\/www.broadway.ma\/\">BROADWAY PRODUCTIONS SARL.<\/a><\/h2>","protected":false},"excerpt":{"rendered":"<h3>es sp\u00e9cifications :<\/h3>\n<ul>\n<li><strong>Mat\u00e9riau<\/strong>: Corps en aluminium HE30 avec une monture E en acier inoxydable<\/li>\n<li><strong>Accessoires inclus<\/strong>: Kit de cales, pied de support, chevalet r\u00e9glable et capuchon de port PL en aluminium<\/li>\n<\/ul>","protected":false},"featured_media":9031,"template":"","meta":{"om_disable_all_campaigns":false,"_monsterinsights_skip_tracking":false,"_monsterinsights_sitenote_active":false,"_monsterinsights_sitenote_note":"","_monsterinsights_sitenote_category":0,"_uf_show_specific_survey":0,"_uf_disable_surveys":false},"product_brand":[],"product_cat":[37,36],"product_tag":[],"class_list":{"0":"post-9020","1":"product","2":"type-product","3":"status-publish","4":"has-post-thumbnail","6":"product_cat-accessories-cinesouk","7":"product_cat-lenses-cinesouk","9":"entry","10":"has-media","12":"first","13":"instock","14":"taxable","15":"shipping-taxable","16":"purchasable","17":"product-type-variable","18":"has-product-nav","19":"col","20":"span_1_of_3","21":"owp-content-center","22":"owp-thumbs-layout-horizontal","23":"owp-btn-normal","24":"owp-tabs-layout-horizontal","25":"has-no-thumbnails"},"yoast_head":"<!-- This site is optimized with the Yoast SEO Premium plugin v26.0 (Yoast SEO v26.0) - https:\/\/yoast.com\/wordpress\/plugins\/seo\/ -->\n<title>MTF Services PL to E-mount adapter - CineSouk<\/title>\n<meta name=\"description\" content=\"MTF Services PL to E-Mount Adapter: Use PL-mount lenses on Sony E-mount cameras with precision engineering and added stability.\" \/>\n<meta name=\"robots\" content=\"index, follow, max-snippet:-1, max-image-preview:large, max-video-preview:-1\" \/>\n<link rel=\"canonical\" href=\"https:\/\/www.cinesouk.ma\/fr\/produit\/mtf-services-pl-to-e-mount-adapter\/\" \/>\n<meta property=\"og:locale\" content=\"fr_FR\" \/>\n<meta property=\"og:type\" content=\"article\" \/>\n<meta property=\"og:title\" content=\"MTF Services PL to E-mount adapter\" \/>\n<meta property=\"og:description\" content=\"MTF Services PL to E-Mount Adapter: Use PL-mount lenses on Sony E-mount cameras with precision engineering and added stability.\" \/>\n<meta property=\"og:url\" content=\"https:\/\/www.cinesouk.ma\/fr\/produit\/mtf-services-pl-to-e-mount-adapter\/\" \/>\n<meta property=\"og:site_name\" content=\"CineSouk\" \/>\n<meta property=\"article:modified_time\" content=\"2025-08-18T10:14:04+00:00\" \/>\n<meta property=\"og:image\" content=\"https:\/\/www.cinesouk.ma\/wp-content\/uploads\/2024\/11\/MTF-Services-PL-to-E-mount-adapter_.jpg\" \/>\n\t<meta property=\"og:image:width\" content=\"300\" \/>\n\t<meta property=\"og:image:height\" content=\"238\" \/>\n\t<meta property=\"og:image:type\" content=\"image\/jpeg\" \/>\n<meta name=\"twitter:card\" content=\"summary_large_image\" \/>\n<meta name=\"twitter:description\" content=\"MTF Services PL to E-Mount Adapter: Use PL-mount lenses on Sony E-mount cameras with precision engineering and added stability.\" \/>\n<meta name=\"twitter:label1\" content=\"Dur\u00e9e de lecture estim\u00e9e\" \/>\n\t<meta name=\"twitter:data1\" content=\"2 minutes\" \/>\n<script type=\"application\/ld+json\" class=\"yoast-schema-graph\">{\"@context\":\"https:\/\/schema.org\",\"@graph\":[{\"@type\":\"WebPage\",\"@id\":\"https:\/\/www.cinesouk.ma\/product\/mtf-services-pl-to-e-mount-adapter\/\",\"url\":\"https:\/\/www.cinesouk.ma\/product\/mtf-services-pl-to-e-mount-adapter\/\",\"name\":\"MTF Services PL to E-mount adapter - CineSouk\",\"isPartOf\":{\"@id\":\"https:\/\/www.cinesouk.ma\/#website\"},\"primaryImageOfPage\":{\"@id\":\"https:\/\/www.cinesouk.ma\/product\/mtf-services-pl-to-e-mount-adapter\/#primaryimage\"},\"image\":{\"@id\":\"https:\/\/www.cinesouk.ma\/product\/mtf-services-pl-to-e-mount-adapter\/#primaryimage\"},\"thumbnailUrl\":\"https:\/\/www.cinesouk.ma\/wp-content\/uploads\/2024\/11\/MTF-Services-PL-to-E-mount-adapter_.jpg\",\"datePublished\":\"2024-11-26T08:20:52+00:00\",\"dateModified\":\"2025-08-18T10:14:04+00:00\",\"description\":\"MTF Services PL to E-Mount Adapter: Use PL-mount lenses on Sony E-mount cameras with precision engineering and added stability.\",\"breadcrumb\":{\"@id\":\"https:\/\/www.cinesouk.ma\/product\/mtf-services-pl-to-e-mount-adapter\/#breadcrumb\"},\"inLanguage\":\"fr-FR\",\"potentialAction\":[{\"@type\":\"ReadAction\",\"target\":[\"https:\/\/www.cinesouk.ma\/product\/mtf-services-pl-to-e-mount-adapter\/\"]}]},{\"@type\":\"ImageObject\",\"inLanguage\":\"fr-FR\",\"@id\":\"https:\/\/www.cinesouk.ma\/product\/mtf-services-pl-to-e-mount-adapter\/#primaryimage\",\"url\":\"https:\/\/www.cinesouk.ma\/wp-content\/uploads\/2024\/11\/MTF-Services-PL-to-E-mount-adapter_.jpg\",\"contentUrl\":\"https:\/\/www.cinesouk.ma\/wp-content\/uploads\/2024\/11\/MTF-Services-PL-to-E-mount-adapter_.jpg\",\"width\":300,\"height\":238,\"caption\":\"MTF Services PL to E-mount adapter_\"},{\"@type\":\"BreadcrumbList\",\"@id\":\"https:\/\/www.cinesouk.ma\/product\/mtf-services-pl-to-e-mount-adapter\/#breadcrumb\",\"itemListElement\":[{\"@type\":\"ListItem\",\"position\":1,\"name\":\"Home\",\"item\":\"https:\/\/www.cinesouk.ma\/\"},{\"@type\":\"ListItem\",\"position\":2,\"name\":\"Shop\",\"item\":\"https:\/\/www.cinesouk.ma\/shop\/\"},{\"@type\":\"ListItem\",\"position\":3,\"name\":\"MTF Services PL to E-mount adapter\"}]},{\"@type\":\"WebSite\",\"@id\":\"https:\/\/www.cinesouk.ma\/#website\",\"url\":\"https:\/\/www.cinesouk.ma\/\",\"name\":\"CineSouk\",\"description\":\"\",\"publisher\":{\"@id\":\"https:\/\/www.cinesouk.ma\/#organization\"},\"potentialAction\":[{\"@type\":\"SearchAction\",\"target\":{\"@type\":\"EntryPoint\",\"urlTemplate\":\"https:\/\/www.cinesouk.ma\/?s={search_term_string}\"},\"query-input\":{\"@type\":\"PropertyValueSpecification\",\"valueRequired\":true,\"valueName\":\"search_term_string\"}}],\"inLanguage\":\"fr-FR\"},{\"@type\":\"Organization\",\"@id\":\"https:\/\/www.cinesouk.ma\/#organization\",\"name\":\"CineSouk\",\"url\":\"https:\/\/www.cinesouk.ma\/\",\"logo\":{\"@type\":\"ImageObject\",\"inLanguage\":\"fr-FR\",\"@id\":\"https:\/\/www.cinesouk.ma\/#\/schema\/logo\/image\/\",\"url\":\"https:\/\/www.cinesouk.ma\/wp-content\/uploads\/2024\/01\/CineSouk-logo-v01-alpha-alligned-left.png\",\"contentUrl\":\"https:\/\/www.cinesouk.ma\/wp-content\/uploads\/2024\/01\/CineSouk-logo-v01-alpha-alligned-left.png\",\"width\":3204,\"height\":889,\"caption\":\"CineSouk\"},\"image\":{\"@id\":\"https:\/\/www.cinesouk.ma\/#\/schema\/logo\/image\/\"}}]}<\/script>\n<!-- \/ Yoast SEO Premium plugin. -->","yoast_head_json":{"title":"MTF Services PL to E-mount adapter - CineSouk","description":"MTF Services PL to E-Mount Adapter: Use PL-mount lenses on Sony E-mount cameras with precision engineering and added stability.","robots":{"index":"index","follow":"follow","max-snippet":"max-snippet:-1","max-image-preview":"max-image-preview:large","max-video-preview":"max-video-preview:-1"},"canonical":"https:\/\/www.cinesouk.ma\/fr\/produit\/mtf-services-pl-to-e-mount-adapter\/","og_locale":"fr_FR","og_type":"article","og_title":"MTF Services PL to E-mount adapter","og_description":"MTF Services PL to E-Mount Adapter: Use PL-mount lenses on Sony E-mount cameras with precision engineering and added stability.","og_url":"https:\/\/www.cinesouk.ma\/fr\/produit\/mtf-services-pl-to-e-mount-adapter\/","og_site_name":"CineSouk","article_modified_time":"2025-08-18T10:14:04+00:00","og_image":[{"width":300,"height":238,"url":"https:\/\/www.cinesouk.ma\/wp-content\/uploads\/2024\/11\/MTF-Services-PL-to-E-mount-adapter_.jpg","type":"image\/jpeg"}],"twitter_card":"summary_large_image","twitter_description":"MTF Services PL to E-Mount Adapter: Use PL-mount lenses on Sony E-mount cameras with precision engineering and added stability.","twitter_misc":{"Dur\u00e9e de lecture estim\u00e9e":"2 minutes"},"schema":{"@context":"https:\/\/schema.org","@graph":[{"@type":"WebPage","@id":"https:\/\/www.cinesouk.ma\/product\/mtf-services-pl-to-e-mount-adapter\/","url":"https:\/\/www.cinesouk.ma\/product\/mtf-services-pl-to-e-mount-adapter\/","name":"MTF Services PL to E-mount adapter - CineSouk","isPartOf":{"@id":"https:\/\/www.cinesouk.ma\/#website"},"primaryImageOfPage":{"@id":"https:\/\/www.cinesouk.ma\/product\/mtf-services-pl-to-e-mount-adapter\/#primaryimage"},"image":{"@id":"https:\/\/www.cinesouk.ma\/product\/mtf-services-pl-to-e-mount-adapter\/#primaryimage"},"thumbnailUrl":"https:\/\/www.cinesouk.ma\/wp-content\/uploads\/2024\/11\/MTF-Services-PL-to-E-mount-adapter_.jpg","datePublished":"2024-11-26T08:20:52+00:00","dateModified":"2025-08-18T10:14:04+00:00","description":"MTF Services PL to E-Mount Adapter: Use PL-mount lenses on Sony E-mount cameras with precision engineering and added stability.","breadcrumb":{"@id":"https:\/\/www.cinesouk.ma\/product\/mtf-services-pl-to-e-mount-adapter\/#breadcrumb"},"inLanguage":"fr-FR","potentialAction":[{"@type":"ReadAction","target":["https:\/\/www.cinesouk.ma\/product\/mtf-services-pl-to-e-mount-adapter\/"]}]},{"@type":"ImageObject","inLanguage":"fr-FR","@id":"https:\/\/www.cinesouk.ma\/product\/mtf-services-pl-to-e-mount-adapter\/#primaryimage","url":"https:\/\/www.cinesouk.ma\/wp-content\/uploads\/2024\/11\/MTF-Services-PL-to-E-mount-adapter_.jpg","contentUrl":"https:\/\/www.cinesouk.ma\/wp-content\/uploads\/2024\/11\/MTF-Services-PL-to-E-mount-adapter_.jpg","width":300,"height":238,"caption":"MTF Services PL to E-mount adapter_"},{"@type":"BreadcrumbList","@id":"https:\/\/www.cinesouk.ma\/product\/mtf-services-pl-to-e-mount-adapter\/#breadcrumb","itemListElement":[{"@type":"ListItem","position":1,"name":"Home","item":"https:\/\/www.cinesouk.ma\/"},{"@type":"ListItem","position":2,"name":"Shop","item":"https:\/\/www.cinesouk.ma\/shop\/"},{"@type":"ListItem","position":3,"name":"MTF Services PL to E-mount adapter"}]},{"@type":"WebSite","@id":"https:\/\/www.cinesouk.ma\/#website","url":"https:\/\/www.cinesouk.ma\/","name":"CineSouk","description":"","publisher":{"@id":"https:\/\/www.cinesouk.ma\/#organization"},"potentialAction":[{"@type":"SearchAction","target":{"@type":"EntryPoint","urlTemplate":"https:\/\/www.cinesouk.ma\/?s={search_term_string}"},"query-input":{"@type":"PropertyValueSpecification","valueRequired":true,"valueName":"search_term_string"}}],"inLanguage":"fr-FR"},{"@type":"Organization","@id":"https:\/\/www.cinesouk.ma\/#organization","name":"CineSouk","url":"https:\/\/www.cinesouk.ma\/","logo":{"@type":"ImageObject","inLanguage":"fr-FR","@id":"https:\/\/www.cinesouk.ma\/#\/schema\/logo\/image\/","url":"https:\/\/www.cinesouk.ma\/wp-content\/uploads\/2024\/01\/CineSouk-logo-v01-alpha-alligned-left.png","contentUrl":"https:\/\/www.cinesouk.ma\/wp-content\/uploads\/2024\/01\/CineSouk-logo-v01-alpha-alligned-left.png","width":3204,"height":889,"caption":"CineSouk"},"image":{"@id":"https:\/\/www.cinesouk.ma\/#\/schema\/logo\/image\/"}}]}},"_links":{"self":[{"href":"https:\/\/www.cinesouk.ma\/fr\/wp-json\/wp\/v2\/product\/9020","targetHints":{"allow":["GET"]}}],"collection":[{"href":"https:\/\/www.cinesouk.ma\/fr\/wp-json\/wp\/v2\/product"}],"about":[{"href":"https:\/\/www.cinesouk.ma\/fr\/wp-json\/wp\/v2\/types\/product"}],"wp:featuredmedia":[{"embeddable":true,"href":"https:\/\/www.cinesouk.ma\/fr\/wp-json\/wp\/v2\/media\/9031"}],"wp:attachment":[{"href":"https:\/\/www.cinesouk.ma\/fr\/wp-json\/wp\/v2\/media?parent=9020"}],"wp:term":[{"taxonomy":"product_brand","embeddable":true,"href":"https:\/\/www.cinesouk.ma\/fr\/wp-json\/wp\/v2\/product_brand?post=9020"},{"taxonomy":"product_cat","embeddable":true,"href":"https:\/\/www.cinesouk.ma\/fr\/wp-json\/wp\/v2\/product_cat?post=9020"},{"taxonomy":"product_tag","embeddable":true,"href":"https:\/\/www.cinesouk.ma\/fr\/wp-json\/wp\/v2\/product_tag?post=9020"}],"curies":[{"name":"wp","href":"https:\/\/api.w.org\/{rel}","templated":true}]}}