{"id":9032,"date":"2024-11-26T13:28:35","date_gmt":"2024-11-26T13:28:35","guid":{"rendered":"https:\/\/www.cinesouk.ma\/?post_type=product&#038;p=9032"},"modified":"2026-02-12T11:27:59","modified_gmt":"2026-02-12T11:27:59","slug":"sennheiser-md-42","status":"publish","type":"product","link":"https:\/\/www.cinesouk.ma\/fr\/produit\/sennheiser-md-42\/","title":{"rendered":"Sennheiser MD42"},"content":{"rendered":"<p>Le Sennheiser MD 42 est un microphone dynamique de haute qualit\u00e9 con\u00e7u pour les applications professionnelles sur le terrain, en particulier pour les reportages en direct et la radiodiffusion. Gr\u00e2ce \u00e0 sa directivit\u00e9 omnidirectionnelle, il garantit une excellente intelligibilit\u00e9 de la parole et offre une grande flexibilit\u00e9 sans n\u00e9cessiter un positionnement pr\u00e9cis du microphone.<\/p>\n<h3><strong>Caract\u00e9ristiques principales :<\/strong><\/h3>\n<ul>\n<li><strong>Omnidirectionnel :<\/strong> Il capte le son de mani\u00e8re uniforme dans toutes les directions, ce qui garantit une clart\u00e9 audio constante et permet de placer le microphone de mani\u00e8re flexible.<\/li>\n<li><strong>Construction robuste :<\/strong> Construit avec un bo\u00eetier m\u00e9tallique durable et un panier d'entr\u00e9e sonore \u00e0 deux couches, il offre une protection contre le vent et les bruits parasites.<\/li>\n<li><strong>Faible bruit de manipulation :<\/strong> La capsule mont\u00e9e sur amortisseurs minimise les bruits de manipulation, garantissant un son clair m\u00eame dans les environnements dynamiques ou \u00e0 rythme rapide.<\/li>\n<li><strong>Longueur \u00e9tendue :<\/strong> Avec son corps extra-long, il am\u00e9liore la prise en main et facilite la manipulation lors des interviews ou des reportages en direct.<\/li>\n<\/ul>\n<h3><strong>Sp\u00e9cifications :<\/strong><\/h3>\n<ul>\n<li><strong>R\u00e9ponse en fr\u00e9quence :<\/strong> Il couvre une plage de 40 Hz \u00e0 18 kHz, garantissant une reproduction audio de haute qualit\u00e9 sur une large gamme de fr\u00e9quences.<\/li>\n<li><strong>Dimensions :<\/strong> D'une longueur d'environ 250 mm et d'un diam\u00e8tre de 49 mm, il offre un design professionnel et ergonomique.<\/li>\n<li><strong>Poids :<\/strong> Avec un poids d'environ 360 grammes, il est durable mais maniable pour une utilisation prolong\u00e9e sur le terrain.<\/li>\n<\/ul>\n<p>En conclusion, le Sennheiser MD 42 est un microphone robuste, polyvalent et fiable, qui offre constamment des performances claires et de qualit\u00e9 professionnelle. De plus, sa conception durable, son excellente qualit\u00e9 sonore et sa facilit\u00e9 d'utilisation en font un choix id\u00e9al pour les professionnels du reportage en direct, de la radiodiffusion et du travail sur le terrain. Que ce soit pour des interviews ou des reportages en d\u00e9placement, ce microphone garantit des r\u00e9sultats de premier ordre dans n'importe quel environnement.<\/p>\n<p><strong>Louez le Sennheiser MD 42 maintenant sur <a href=\"https:\/\/www.cinesouk.ma\/fr\">CINESOUK<\/a> - une marque de <a href=\"https:\/\/www.broadway.ma\/\">BROADWAY PRODUCTIONS SARL.<\/a><\/strong><\/p>","protected":false},"excerpt":{"rendered":"<h3>Sp\u00e9cifications :<\/h3>\n<ul>\n<li><strong>R\u00e9ponse en fr\u00e9quence<\/strong>: 40 Hz \u00e0 18 kHz<\/li>\n<li><strong>Dimensions<\/strong>: Environ 250 mm de longueur et 49 mm de diam\u00e8tre<\/li>\n<li><strong>Poids<\/strong>: Environ 360 grammes<\/li>\n<\/ul>","protected":false},"featured_media":9043,"template":"","meta":{"om_disable_all_campaigns":false,"_monsterinsights_skip_tracking":false,"_monsterinsights_sitenote_active":false,"_monsterinsights_sitenote_note":"","_monsterinsights_sitenote_category":0,"_uf_show_specific_survey":0,"_uf_disable_surveys":false},"product_brand":[],"product_cat":[83,86,35],"product_tag":[],"class_list":{"0":"post-9032","1":"product","2":"type-product","3":"status-publish","4":"has-post-thumbnail","6":"product_cat-efp-eng-cinesouk","7":"product_cat-foh-cinesouk","8":"product_cat-sound-cinesouk","10":"entry","11":"has-media","13":"first","14":"instock","15":"taxable","16":"shipping-taxable","17":"purchasable","18":"product-type-variable","19":"has-product-nav","20":"col","21":"span_1_of_3","22":"owp-content-center","23":"owp-thumbs-layout-horizontal","24":"owp-btn-normal","25":"owp-tabs-layout-horizontal","26":"has-no-thumbnails"},"yoast_head":"<!-- This site is optimized with the Yoast SEO Premium plugin v26.0 (Yoast SEO v26.0) - https:\/\/yoast.com\/wordpress\/plugins\/seo\/ -->\n<title>Sennheiser MD42 - CineSouk - Marrakech | Morocco - For rent<\/title>\n<meta name=\"description\" content=\"Sennheiser MD 42: Durable dynamic microphone with omnidirectional pickup, low handling noise, and superior audio quality for broadcasting.- CineSouk\" \/>\n<meta name=\"robots\" content=\"index, follow, max-snippet:-1, max-image-preview:large, max-video-preview:-1\" \/>\n<link rel=\"canonical\" href=\"https:\/\/www.cinesouk.ma\/fr\/produit\/sennheiser-md-42\/\" \/>\n<meta property=\"og:locale\" content=\"fr_FR\" \/>\n<meta property=\"og:type\" content=\"article\" \/>\n<meta property=\"og:title\" content=\"Sennheiser MD42\" \/>\n<meta property=\"og:description\" content=\"Sennheiser MD 42: Durable dynamic microphone with omnidirectional pickup, low handling noise, and superior audio quality for broadcasting.\" \/>\n<meta property=\"og:url\" content=\"https:\/\/www.cinesouk.ma\/fr\/produit\/sennheiser-md-42\/\" \/>\n<meta property=\"og:site_name\" content=\"CineSouk\" \/>\n<meta property=\"article:modified_time\" content=\"2026-02-12T11:27:59+00:00\" \/>\n<meta property=\"og:image\" content=\"https:\/\/www.cinesouk.ma\/wp-content\/uploads\/2024\/11\/Sennheiser-MD42.jpg\" \/>\n\t<meta property=\"og:image:width\" content=\"300\" \/>\n\t<meta property=\"og:image:height\" content=\"238\" \/>\n\t<meta property=\"og:image:type\" content=\"image\/jpeg\" \/>\n<meta name=\"twitter:card\" content=\"summary_large_image\" \/>\n<meta name=\"twitter:description\" content=\"Sennheiser MD 42: Durable dynamic microphone with omnidirectional pickup, low handling noise, and superior audio quality for broadcasting.\" \/>\n<meta name=\"twitter:label1\" content=\"Dur\u00e9e de lecture estim\u00e9e\" \/>\n\t<meta name=\"twitter:data1\" content=\"2 minutes\" \/>\n<script type=\"application\/ld+json\" class=\"yoast-schema-graph\">{\"@context\":\"https:\/\/schema.org\",\"@graph\":[{\"@type\":\"WebPage\",\"@id\":\"https:\/\/www.cinesouk.ma\/product\/sennheiser-md-42\/\",\"url\":\"https:\/\/www.cinesouk.ma\/product\/sennheiser-md-42\/\",\"name\":\"Sennheiser MD42 - CineSouk - Marrakech | Morocco - For rent\",\"isPartOf\":{\"@id\":\"https:\/\/www.cinesouk.ma\/#website\"},\"primaryImageOfPage\":{\"@id\":\"https:\/\/www.cinesouk.ma\/product\/sennheiser-md-42\/#primaryimage\"},\"image\":{\"@id\":\"https:\/\/www.cinesouk.ma\/product\/sennheiser-md-42\/#primaryimage\"},\"thumbnailUrl\":\"https:\/\/www.cinesouk.ma\/wp-content\/uploads\/2024\/11\/Sennheiser-MD42.jpg\",\"datePublished\":\"2024-11-26T13:28:35+00:00\",\"dateModified\":\"2026-02-12T11:27:59+00:00\",\"description\":\"Sennheiser MD 42: Durable dynamic microphone with omnidirectional pickup, low handling noise, and superior audio quality for broadcasting.- CineSouk\",\"breadcrumb\":{\"@id\":\"https:\/\/www.cinesouk.ma\/product\/sennheiser-md-42\/#breadcrumb\"},\"inLanguage\":\"fr-FR\",\"potentialAction\":[{\"@type\":\"ReadAction\",\"target\":[\"https:\/\/www.cinesouk.ma\/product\/sennheiser-md-42\/\"]}]},{\"@type\":\"ImageObject\",\"inLanguage\":\"fr-FR\",\"@id\":\"https:\/\/www.cinesouk.ma\/product\/sennheiser-md-42\/#primaryimage\",\"url\":\"https:\/\/www.cinesouk.ma\/wp-content\/uploads\/2024\/11\/Sennheiser-MD42.jpg\",\"contentUrl\":\"https:\/\/www.cinesouk.ma\/wp-content\/uploads\/2024\/11\/Sennheiser-MD42.jpg\",\"width\":300,\"height\":238,\"caption\":\"Sennheiser MD 42\"},{\"@type\":\"BreadcrumbList\",\"@id\":\"https:\/\/www.cinesouk.ma\/product\/sennheiser-md-42\/#breadcrumb\",\"itemListElement\":[{\"@type\":\"ListItem\",\"position\":1,\"name\":\"Home\",\"item\":\"https:\/\/www.cinesouk.ma\/\"},{\"@type\":\"ListItem\",\"position\":2,\"name\":\"Shop\",\"item\":\"https:\/\/www.cinesouk.ma\/shop\/\"},{\"@type\":\"ListItem\",\"position\":3,\"name\":\"Sennheiser MD42\"}]},{\"@type\":\"WebSite\",\"@id\":\"https:\/\/www.cinesouk.ma\/#website\",\"url\":\"https:\/\/www.cinesouk.ma\/\",\"name\":\"CineSouk\",\"description\":\"\",\"publisher\":{\"@id\":\"https:\/\/www.cinesouk.ma\/#organization\"},\"potentialAction\":[{\"@type\":\"SearchAction\",\"target\":{\"@type\":\"EntryPoint\",\"urlTemplate\":\"https:\/\/www.cinesouk.ma\/?s={search_term_string}\"},\"query-input\":{\"@type\":\"PropertyValueSpecification\",\"valueRequired\":true,\"valueName\":\"search_term_string\"}}],\"inLanguage\":\"fr-FR\"},{\"@type\":\"Organization\",\"@id\":\"https:\/\/www.cinesouk.ma\/#organization\",\"name\":\"CineSouk\",\"url\":\"https:\/\/www.cinesouk.ma\/\",\"logo\":{\"@type\":\"ImageObject\",\"inLanguage\":\"fr-FR\",\"@id\":\"https:\/\/www.cinesouk.ma\/#\/schema\/logo\/image\/\",\"url\":\"https:\/\/www.cinesouk.ma\/wp-content\/uploads\/2024\/01\/CineSouk-logo-v01-alpha-alligned-left.png\",\"contentUrl\":\"https:\/\/www.cinesouk.ma\/wp-content\/uploads\/2024\/01\/CineSouk-logo-v01-alpha-alligned-left.png\",\"width\":3204,\"height\":889,\"caption\":\"CineSouk\"},\"image\":{\"@id\":\"https:\/\/www.cinesouk.ma\/#\/schema\/logo\/image\/\"}}]}<\/script>\n<!-- \/ Yoast SEO Premium plugin. -->","yoast_head_json":{"title":"Sennheiser MD42 - CineSouk - Marrakech | Morocco - For rent","description":"Sennheiser MD 42: Durable dynamic microphone with omnidirectional pickup, low handling noise, and superior audio quality for broadcasting.- CineSouk","robots":{"index":"index","follow":"follow","max-snippet":"max-snippet:-1","max-image-preview":"max-image-preview:large","max-video-preview":"max-video-preview:-1"},"canonical":"https:\/\/www.cinesouk.ma\/fr\/produit\/sennheiser-md-42\/","og_locale":"fr_FR","og_type":"article","og_title":"Sennheiser MD42","og_description":"Sennheiser MD 42: Durable dynamic microphone with omnidirectional pickup, low handling noise, and superior audio quality for broadcasting.","og_url":"https:\/\/www.cinesouk.ma\/fr\/produit\/sennheiser-md-42\/","og_site_name":"CineSouk","article_modified_time":"2026-02-12T11:27:59+00:00","og_image":[{"width":300,"height":238,"url":"https:\/\/www.cinesouk.ma\/wp-content\/uploads\/2024\/11\/Sennheiser-MD42.jpg","type":"image\/jpeg"}],"twitter_card":"summary_large_image","twitter_description":"Sennheiser MD 42: Durable dynamic microphone with omnidirectional pickup, low handling noise, and superior audio quality for broadcasting.","twitter_misc":{"Dur\u00e9e de lecture estim\u00e9e":"2 minutes"},"schema":{"@context":"https:\/\/schema.org","@graph":[{"@type":"WebPage","@id":"https:\/\/www.cinesouk.ma\/product\/sennheiser-md-42\/","url":"https:\/\/www.cinesouk.ma\/product\/sennheiser-md-42\/","name":"Sennheiser MD42 - CineSouk - Marrakech | Morocco - For rent","isPartOf":{"@id":"https:\/\/www.cinesouk.ma\/#website"},"primaryImageOfPage":{"@id":"https:\/\/www.cinesouk.ma\/product\/sennheiser-md-42\/#primaryimage"},"image":{"@id":"https:\/\/www.cinesouk.ma\/product\/sennheiser-md-42\/#primaryimage"},"thumbnailUrl":"https:\/\/www.cinesouk.ma\/wp-content\/uploads\/2024\/11\/Sennheiser-MD42.jpg","datePublished":"2024-11-26T13:28:35+00:00","dateModified":"2026-02-12T11:27:59+00:00","description":"Sennheiser MD 42: Durable dynamic microphone with omnidirectional pickup, low handling noise, and superior audio quality for broadcasting.- CineSouk","breadcrumb":{"@id":"https:\/\/www.cinesouk.ma\/product\/sennheiser-md-42\/#breadcrumb"},"inLanguage":"fr-FR","potentialAction":[{"@type":"ReadAction","target":["https:\/\/www.cinesouk.ma\/product\/sennheiser-md-42\/"]}]},{"@type":"ImageObject","inLanguage":"fr-FR","@id":"https:\/\/www.cinesouk.ma\/product\/sennheiser-md-42\/#primaryimage","url":"https:\/\/www.cinesouk.ma\/wp-content\/uploads\/2024\/11\/Sennheiser-MD42.jpg","contentUrl":"https:\/\/www.cinesouk.ma\/wp-content\/uploads\/2024\/11\/Sennheiser-MD42.jpg","width":300,"height":238,"caption":"Sennheiser MD 42"},{"@type":"BreadcrumbList","@id":"https:\/\/www.cinesouk.ma\/product\/sennheiser-md-42\/#breadcrumb","itemListElement":[{"@type":"ListItem","position":1,"name":"Home","item":"https:\/\/www.cinesouk.ma\/"},{"@type":"ListItem","position":2,"name":"Shop","item":"https:\/\/www.cinesouk.ma\/shop\/"},{"@type":"ListItem","position":3,"name":"Sennheiser MD42"}]},{"@type":"WebSite","@id":"https:\/\/www.cinesouk.ma\/#website","url":"https:\/\/www.cinesouk.ma\/","name":"CineSouk","description":"","publisher":{"@id":"https:\/\/www.cinesouk.ma\/#organization"},"potentialAction":[{"@type":"SearchAction","target":{"@type":"EntryPoint","urlTemplate":"https:\/\/www.cinesouk.ma\/?s={search_term_string}"},"query-input":{"@type":"PropertyValueSpecification","valueRequired":true,"valueName":"search_term_string"}}],"inLanguage":"fr-FR"},{"@type":"Organization","@id":"https:\/\/www.cinesouk.ma\/#organization","name":"CineSouk","url":"https:\/\/www.cinesouk.ma\/","logo":{"@type":"ImageObject","inLanguage":"fr-FR","@id":"https:\/\/www.cinesouk.ma\/#\/schema\/logo\/image\/","url":"https:\/\/www.cinesouk.ma\/wp-content\/uploads\/2024\/01\/CineSouk-logo-v01-alpha-alligned-left.png","contentUrl":"https:\/\/www.cinesouk.ma\/wp-content\/uploads\/2024\/01\/CineSouk-logo-v01-alpha-alligned-left.png","width":3204,"height":889,"caption":"CineSouk"},"image":{"@id":"https:\/\/www.cinesouk.ma\/#\/schema\/logo\/image\/"}}]}},"_links":{"self":[{"href":"https:\/\/www.cinesouk.ma\/fr\/wp-json\/wp\/v2\/product\/9032","targetHints":{"allow":["GET"]}}],"collection":[{"href":"https:\/\/www.cinesouk.ma\/fr\/wp-json\/wp\/v2\/product"}],"about":[{"href":"https:\/\/www.cinesouk.ma\/fr\/wp-json\/wp\/v2\/types\/product"}],"wp:featuredmedia":[{"embeddable":true,"href":"https:\/\/www.cinesouk.ma\/fr\/wp-json\/wp\/v2\/media\/9043"}],"wp:attachment":[{"href":"https:\/\/www.cinesouk.ma\/fr\/wp-json\/wp\/v2\/media?parent=9032"}],"wp:term":[{"taxonomy":"product_brand","embeddable":true,"href":"https:\/\/www.cinesouk.ma\/fr\/wp-json\/wp\/v2\/product_brand?post=9032"},{"taxonomy":"product_cat","embeddable":true,"href":"https:\/\/www.cinesouk.ma\/fr\/wp-json\/wp\/v2\/product_cat?post=9032"},{"taxonomy":"product_tag","embeddable":true,"href":"https:\/\/www.cinesouk.ma\/fr\/wp-json\/wp\/v2\/product_tag?post=9032"}],"curies":[{"name":"wp","href":"https:\/\/api.w.org\/{rel}","templated":true}]}}