{"id":9102,"date":"2024-11-01T02:00:20","date_gmt":"2024-11-01T02:00:20","guid":{"rendered":"https:\/\/www.cinesouk.ma\/?post_type=product&#038;p=9102"},"modified":"2026-02-05T13:38:49","modified_gmt":"2026-02-05T13:38:49","slug":"walimex-pro-background-system-xxl-2","status":"publish","type":"product","link":"https:\/\/www.cinesouk.ma\/fr\/produit\/walimex-pro-background-system-xxl-2\/","title":{"rendered":"Walimex pro Background System XXL"},"content":{"rendered":"<p>Le Walimex pro Background System XXL est un syst\u00e8me de support de toile de fond polyvalent et fiable con\u00e7u pour les professionnels qui ont besoin de flexibilit\u00e9 et de stabilit\u00e9 dans leurs installations photographiques ou vid\u00e9ographiques. Gr\u00e2ce \u00e0 ses dimensions ajustables et \u00e0 sa construction robuste, ce syst\u00e8me s'adapte \u00e0 diff\u00e9rents mat\u00e9riaux de fond, ce qui en fait un choix id\u00e9al pour les prises de vue en studio ou sur place.<\/p>\n<h3>Caract\u00e9ristiques principales :<\/h3>\n<ul>\n<li><strong>Dimensions r\u00e9glables<\/strong>: Le syst\u00e8me offre une plage de r\u00e9glage en largeur de 190 cm \u00e0 465 cm et une plage de r\u00e9glage en hauteur de 110 cm \u00e0 400 cm, offrant ainsi une grande polyvalence pour r\u00e9pondre aux diff\u00e9rents besoins de prise de vue. Qu'il s'agisse de portraits, de prises de vue du corps entier ou de photos de groupe, ce syst\u00e8me assure une couverture optimale.<\/li>\n<li><strong>Construction robuste<\/strong>: \u00c9quip\u00e9 de deux tr\u00e9pieds \u00e0 coussin d'air et de cinq barres transversales enfichables, le syst\u00e8me offre une excellente stabilit\u00e9 et supporte des d\u00e9cors pesant jusqu'\u00e0 12 kg. Le coussin d'air emp\u00eache \u00e9galement les chutes accidentelles, prot\u00e9geant ainsi votre toile de fond et votre \u00e9quipement.<\/li>\n<li><strong>Portabilit\u00e9<\/strong>: Malgr\u00e9 sa construction robuste, le syst\u00e8me est l\u00e9ger (7,16 kg) et sa longueur de transport compacte (116 cm) le rend facile \u00e0 transporter. Cette portabilit\u00e9 est id\u00e9ale pour les professionnels qui travaillent fr\u00e9quemment dans des lieux diff\u00e9rents.<\/li>\n<li><strong>Assemblage facile<\/strong>: La conception intuitive permet une installation et un d\u00e9montage rapides, ce qui permet de gagner du temps et d'am\u00e9liorer l'efficacit\u00e9 du flux de travail pendant les tournages \u00e0 forte activit\u00e9.<\/li>\n<\/ul>\n<h3>Sp\u00e9cifications :<\/h3>\n<ul>\n<li><strong>Max. Hauteur<\/strong>: 400 cm<\/li>\n<li><strong>Min. Hauteur<\/strong>: 110 cm<\/li>\n<li><strong>Max. Largeur<\/strong>: 465 cm<\/li>\n<li><strong>Min. Largeur<\/strong>: 190 cm<\/li>\n<li><strong>Longueur du transport<\/strong>: 116 cm<\/li>\n<li><strong>Capacit\u00e9 de charge max. Capacit\u00e9 de charge<\/strong>: 12 kg<\/li>\n<li><strong>Charge max. Charge par support<\/strong>: 8 kg<\/li>\n<li><strong>Diam\u00e8tre du tube<\/strong>: 30 mm<\/li>\n<li><strong>Poids<\/strong>Poids : 7,16 kg<\/li>\n<\/ul>\n<p>Le Walimex pro Background System XXL est un accessoire indispensable pour les professionnels de la photographie et de la vid\u00e9ographie. Sa combinaison de flexibilit\u00e9, de durabilit\u00e9 et de portabilit\u00e9 vous garantit une solution fiable pour la cr\u00e9ation de toiles de fond homog\u00e8nes, que ce soit en studio ou sur le terrain.<\/p>\n<p>Louez-le maintenant sur <a href=\"https:\/\/www.cinesouk.ma\/fr\">CINESOUK<\/a> - une marque de <a href=\"https:\/\/www.broadway.ma\/\">BROADWAY PRODUCTIONS SARL.<\/a><\/p>\n<p>&nbsp;<\/p>","protected":false},"excerpt":{"rendered":"<p><strong>Sp\u00e9cifications :<\/strong><\/p>\n<ul>\n<li><strong>Max. Hauteur<\/strong>: 400 cm<\/li>\n<li><strong>Min. Hauteur<\/strong>: 110 cm<\/li>\n<li><strong>Max. Largeur<\/strong>: 465 cm<\/li>\n<li><strong>Min. Largeur<\/strong>: 225 cm<\/li>\n<li><strong>Longueur du transport<\/strong>: 116 cm<\/li>\n<li><strong>Capacit\u00e9 de charge max. Capacit\u00e9 de charge<\/strong>: 12 kg<\/li>\n<li><strong>Capacit\u00e9 de charge max. Capacit\u00e9 de charge par support<\/strong>: 8 kg<\/li>\n<li><strong>Points d'attachement<\/strong>: 16 mm (5\/8\u2033) piquets\/brosses et filetage 1\/4\u2033.<\/li>\n<li><strong>Diam\u00e8tre du tube de la barre transversale<\/strong>: 30 mm<\/li>\n<li><strong>Poids total<\/strong>Poids : 7,16 kg<\/li>\n<\/ul>","protected":false},"featured_media":9113,"template":"","meta":{"om_disable_all_campaigns":false,"_monsterinsights_skip_tracking":false,"_monsterinsights_sitenote_active":false,"_monsterinsights_sitenote_note":"","_monsterinsights_sitenote_category":0,"_uf_show_specific_survey":0,"_uf_disable_surveys":false},"product_brand":[],"product_cat":[135,37,79],"product_tag":[],"class_list":{"0":"post-9102","1":"product","2":"type-product","3":"status-publish","4":"has-post-thumbnail","6":"product_cat-photography-eventsouk","7":"product_cat-accessories-cinesouk","8":"product_cat-photography-cinesouk","10":"entry","11":"has-media","13":"first","14":"instock","15":"taxable","16":"shipping-taxable","17":"purchasable","18":"product-type-variable","19":"has-product-nav","20":"col","21":"span_1_of_3","22":"owp-content-center","23":"owp-thumbs-layout-horizontal","24":"owp-btn-normal","25":"owp-tabs-layout-horizontal","26":"has-no-thumbnails"},"yoast_head":"<!-- This site is optimized with the Yoast SEO Premium plugin v26.0 (Yoast SEO v26.0) - https:\/\/yoast.com\/wordpress\/plugins\/seo\/ -->\n<title>Walimex pro Background System XXL - CineSouk<\/title>\n<meta name=\"description\" content=\"Walimex pro Background System XXL: Adjustable and sturdy backdrop support system for various background materials, perfect for studio or location shoots.\" \/>\n<meta name=\"robots\" content=\"index, follow, max-snippet:-1, max-image-preview:large, max-video-preview:-1\" \/>\n<link rel=\"canonical\" href=\"https:\/\/www.cinesouk.ma\/fr\/produit\/walimex-pro-background-system-xxl-2\/\" \/>\n<meta property=\"og:locale\" content=\"fr_FR\" \/>\n<meta property=\"og:type\" content=\"article\" \/>\n<meta property=\"og:title\" content=\"Walimex pro Background System XXL\" \/>\n<meta property=\"og:description\" content=\"Walimex pro Background System XXL: Adjustable and sturdy backdrop support system for various background materials, perfect for studio or location shoots.\" \/>\n<meta property=\"og:url\" content=\"https:\/\/www.cinesouk.ma\/fr\/produit\/walimex-pro-background-system-xxl-2\/\" \/>\n<meta property=\"og:site_name\" content=\"CineSouk\" \/>\n<meta property=\"article:modified_time\" content=\"2026-02-05T13:38:49+00:00\" \/>\n<meta property=\"og:image\" content=\"https:\/\/www.cinesouk.ma\/wp-content\/uploads\/2024\/11\/Walimex-pro-Background-System-XXL.jpg\" \/>\n\t<meta property=\"og:image:width\" content=\"300\" \/>\n\t<meta property=\"og:image:height\" content=\"238\" \/>\n\t<meta property=\"og:image:type\" content=\"image\/jpeg\" \/>\n<meta name=\"twitter:card\" content=\"summary_large_image\" \/>\n<meta name=\"twitter:description\" content=\"Walimex pro Background System XXL: Adjustable and sturdy backdrop support system for various background materials, perfect for studio or location shoots.\" \/>\n<meta name=\"twitter:label1\" content=\"Dur\u00e9e de lecture estim\u00e9e\" \/>\n\t<meta name=\"twitter:data1\" content=\"2 minutes\" \/>\n<script type=\"application\/ld+json\" class=\"yoast-schema-graph\">{\"@context\":\"https:\/\/schema.org\",\"@graph\":[{\"@type\":\"WebPage\",\"@id\":\"https:\/\/www.cinesouk.ma\/product\/walimex-pro-background-system-xxl-2\/\",\"url\":\"https:\/\/www.cinesouk.ma\/product\/walimex-pro-background-system-xxl-2\/\",\"name\":\"Walimex pro Background System XXL - CineSouk\",\"isPartOf\":{\"@id\":\"https:\/\/www.cinesouk.ma\/#website\"},\"primaryImageOfPage\":{\"@id\":\"https:\/\/www.cinesouk.ma\/product\/walimex-pro-background-system-xxl-2\/#primaryimage\"},\"image\":{\"@id\":\"https:\/\/www.cinesouk.ma\/product\/walimex-pro-background-system-xxl-2\/#primaryimage\"},\"thumbnailUrl\":\"https:\/\/www.cinesouk.ma\/wp-content\/uploads\/2024\/11\/Walimex-pro-Background-System-XXL.jpg\",\"datePublished\":\"2024-11-01T02:00:20+00:00\",\"dateModified\":\"2026-02-05T13:38:49+00:00\",\"description\":\"Walimex pro Background System XXL: Adjustable and sturdy backdrop support system for various background materials, perfect for studio or location shoots.\",\"breadcrumb\":{\"@id\":\"https:\/\/www.cinesouk.ma\/product\/walimex-pro-background-system-xxl-2\/#breadcrumb\"},\"inLanguage\":\"fr-FR\",\"potentialAction\":[{\"@type\":\"ReadAction\",\"target\":[\"https:\/\/www.cinesouk.ma\/product\/walimex-pro-background-system-xxl-2\/\"]}]},{\"@type\":\"ImageObject\",\"inLanguage\":\"fr-FR\",\"@id\":\"https:\/\/www.cinesouk.ma\/product\/walimex-pro-background-system-xxl-2\/#primaryimage\",\"url\":\"https:\/\/www.cinesouk.ma\/wp-content\/uploads\/2024\/11\/Walimex-pro-Background-System-XXL.jpg\",\"contentUrl\":\"https:\/\/www.cinesouk.ma\/wp-content\/uploads\/2024\/11\/Walimex-pro-Background-System-XXL.jpg\",\"width\":300,\"height\":238,\"caption\":\"Walimex pro Background System XXL\"},{\"@type\":\"BreadcrumbList\",\"@id\":\"https:\/\/www.cinesouk.ma\/product\/walimex-pro-background-system-xxl-2\/#breadcrumb\",\"itemListElement\":[{\"@type\":\"ListItem\",\"position\":1,\"name\":\"Home\",\"item\":\"https:\/\/www.cinesouk.ma\/\"},{\"@type\":\"ListItem\",\"position\":2,\"name\":\"Shop\",\"item\":\"https:\/\/www.cinesouk.ma\/shop\/\"},{\"@type\":\"ListItem\",\"position\":3,\"name\":\"Walimex pro Background System XXL\"}]},{\"@type\":\"WebSite\",\"@id\":\"https:\/\/www.cinesouk.ma\/#website\",\"url\":\"https:\/\/www.cinesouk.ma\/\",\"name\":\"CineSouk\",\"description\":\"\",\"publisher\":{\"@id\":\"https:\/\/www.cinesouk.ma\/#organization\"},\"potentialAction\":[{\"@type\":\"SearchAction\",\"target\":{\"@type\":\"EntryPoint\",\"urlTemplate\":\"https:\/\/www.cinesouk.ma\/?s={search_term_string}\"},\"query-input\":{\"@type\":\"PropertyValueSpecification\",\"valueRequired\":true,\"valueName\":\"search_term_string\"}}],\"inLanguage\":\"fr-FR\"},{\"@type\":\"Organization\",\"@id\":\"https:\/\/www.cinesouk.ma\/#organization\",\"name\":\"CineSouk\",\"url\":\"https:\/\/www.cinesouk.ma\/\",\"logo\":{\"@type\":\"ImageObject\",\"inLanguage\":\"fr-FR\",\"@id\":\"https:\/\/www.cinesouk.ma\/#\/schema\/logo\/image\/\",\"url\":\"https:\/\/www.cinesouk.ma\/wp-content\/uploads\/2024\/01\/CineSouk-logo-v01-alpha-alligned-left.png\",\"contentUrl\":\"https:\/\/www.cinesouk.ma\/wp-content\/uploads\/2024\/01\/CineSouk-logo-v01-alpha-alligned-left.png\",\"width\":3204,\"height\":889,\"caption\":\"CineSouk\"},\"image\":{\"@id\":\"https:\/\/www.cinesouk.ma\/#\/schema\/logo\/image\/\"}}]}<\/script>\n<!-- \/ Yoast SEO Premium plugin. -->","yoast_head_json":{"title":"Walimex pro Background System XXL - CineSouk","description":"Walimex pro Background System XXL: Adjustable and sturdy backdrop support system for various background materials, perfect for studio or location shoots.","robots":{"index":"index","follow":"follow","max-snippet":"max-snippet:-1","max-image-preview":"max-image-preview:large","max-video-preview":"max-video-preview:-1"},"canonical":"https:\/\/www.cinesouk.ma\/fr\/produit\/walimex-pro-background-system-xxl-2\/","og_locale":"fr_FR","og_type":"article","og_title":"Walimex pro Background System XXL","og_description":"Walimex pro Background System XXL: Adjustable and sturdy backdrop support system for various background materials, perfect for studio or location shoots.","og_url":"https:\/\/www.cinesouk.ma\/fr\/produit\/walimex-pro-background-system-xxl-2\/","og_site_name":"CineSouk","article_modified_time":"2026-02-05T13:38:49+00:00","og_image":[{"width":300,"height":238,"url":"https:\/\/www.cinesouk.ma\/wp-content\/uploads\/2024\/11\/Walimex-pro-Background-System-XXL.jpg","type":"image\/jpeg"}],"twitter_card":"summary_large_image","twitter_description":"Walimex pro Background System XXL: Adjustable and sturdy backdrop support system for various background materials, perfect for studio or location shoots.","twitter_misc":{"Dur\u00e9e de lecture estim\u00e9e":"2 minutes"},"schema":{"@context":"https:\/\/schema.org","@graph":[{"@type":"WebPage","@id":"https:\/\/www.cinesouk.ma\/product\/walimex-pro-background-system-xxl-2\/","url":"https:\/\/www.cinesouk.ma\/product\/walimex-pro-background-system-xxl-2\/","name":"Walimex pro Background System XXL - CineSouk","isPartOf":{"@id":"https:\/\/www.cinesouk.ma\/#website"},"primaryImageOfPage":{"@id":"https:\/\/www.cinesouk.ma\/product\/walimex-pro-background-system-xxl-2\/#primaryimage"},"image":{"@id":"https:\/\/www.cinesouk.ma\/product\/walimex-pro-background-system-xxl-2\/#primaryimage"},"thumbnailUrl":"https:\/\/www.cinesouk.ma\/wp-content\/uploads\/2024\/11\/Walimex-pro-Background-System-XXL.jpg","datePublished":"2024-11-01T02:00:20+00:00","dateModified":"2026-02-05T13:38:49+00:00","description":"Walimex pro Background System XXL: Adjustable and sturdy backdrop support system for various background materials, perfect for studio or location shoots.","breadcrumb":{"@id":"https:\/\/www.cinesouk.ma\/product\/walimex-pro-background-system-xxl-2\/#breadcrumb"},"inLanguage":"fr-FR","potentialAction":[{"@type":"ReadAction","target":["https:\/\/www.cinesouk.ma\/product\/walimex-pro-background-system-xxl-2\/"]}]},{"@type":"ImageObject","inLanguage":"fr-FR","@id":"https:\/\/www.cinesouk.ma\/product\/walimex-pro-background-system-xxl-2\/#primaryimage","url":"https:\/\/www.cinesouk.ma\/wp-content\/uploads\/2024\/11\/Walimex-pro-Background-System-XXL.jpg","contentUrl":"https:\/\/www.cinesouk.ma\/wp-content\/uploads\/2024\/11\/Walimex-pro-Background-System-XXL.jpg","width":300,"height":238,"caption":"Walimex pro Background System XXL"},{"@type":"BreadcrumbList","@id":"https:\/\/www.cinesouk.ma\/product\/walimex-pro-background-system-xxl-2\/#breadcrumb","itemListElement":[{"@type":"ListItem","position":1,"name":"Home","item":"https:\/\/www.cinesouk.ma\/"},{"@type":"ListItem","position":2,"name":"Shop","item":"https:\/\/www.cinesouk.ma\/shop\/"},{"@type":"ListItem","position":3,"name":"Walimex pro Background System XXL"}]},{"@type":"WebSite","@id":"https:\/\/www.cinesouk.ma\/#website","url":"https:\/\/www.cinesouk.ma\/","name":"CineSouk","description":"","publisher":{"@id":"https:\/\/www.cinesouk.ma\/#organization"},"potentialAction":[{"@type":"SearchAction","target":{"@type":"EntryPoint","urlTemplate":"https:\/\/www.cinesouk.ma\/?s={search_term_string}"},"query-input":{"@type":"PropertyValueSpecification","valueRequired":true,"valueName":"search_term_string"}}],"inLanguage":"fr-FR"},{"@type":"Organization","@id":"https:\/\/www.cinesouk.ma\/#organization","name":"CineSouk","url":"https:\/\/www.cinesouk.ma\/","logo":{"@type":"ImageObject","inLanguage":"fr-FR","@id":"https:\/\/www.cinesouk.ma\/#\/schema\/logo\/image\/","url":"https:\/\/www.cinesouk.ma\/wp-content\/uploads\/2024\/01\/CineSouk-logo-v01-alpha-alligned-left.png","contentUrl":"https:\/\/www.cinesouk.ma\/wp-content\/uploads\/2024\/01\/CineSouk-logo-v01-alpha-alligned-left.png","width":3204,"height":889,"caption":"CineSouk"},"image":{"@id":"https:\/\/www.cinesouk.ma\/#\/schema\/logo\/image\/"}}]}},"_links":{"self":[{"href":"https:\/\/www.cinesouk.ma\/fr\/wp-json\/wp\/v2\/product\/9102","targetHints":{"allow":["GET"]}}],"collection":[{"href":"https:\/\/www.cinesouk.ma\/fr\/wp-json\/wp\/v2\/product"}],"about":[{"href":"https:\/\/www.cinesouk.ma\/fr\/wp-json\/wp\/v2\/types\/product"}],"wp:featuredmedia":[{"embeddable":true,"href":"https:\/\/www.cinesouk.ma\/fr\/wp-json\/wp\/v2\/media\/9113"}],"wp:attachment":[{"href":"https:\/\/www.cinesouk.ma\/fr\/wp-json\/wp\/v2\/media?parent=9102"}],"wp:term":[{"taxonomy":"product_brand","embeddable":true,"href":"https:\/\/www.cinesouk.ma\/fr\/wp-json\/wp\/v2\/product_brand?post=9102"},{"taxonomy":"product_cat","embeddable":true,"href":"https:\/\/www.cinesouk.ma\/fr\/wp-json\/wp\/v2\/product_cat?post=9102"},{"taxonomy":"product_tag","embeddable":true,"href":"https:\/\/www.cinesouk.ma\/fr\/wp-json\/wp\/v2\/product_tag?post=9102"}],"curies":[{"name":"wp","href":"https:\/\/api.w.org\/{rel}","templated":true}]}}