{"id":9138,"date":"2024-11-27T08:13:43","date_gmt":"2024-11-27T08:13:43","guid":{"rendered":"https:\/\/www.cinesouk.ma\/?post_type=product&#038;p=9138"},"modified":"2025-08-26T13:05:27","modified_gmt":"2025-08-26T13:05:27","slug":"smallrig-vb155-mini-v-mount-battery","status":"publish","type":"product","link":"https:\/\/www.cinesouk.ma\/fr\/produit\/smallrig-vb155-mini-v-mount-battery\/","title":{"rendered":"SmallRig VB155 Mini V-Mount Battery - 155Wh"},"content":{"rendered":"<p>La mini batterie V-Mount SmallRig VB155 est une solution d'alimentation compacte et de grande capacit\u00e9 con\u00e7ue pour les vid\u00e9astes et photographes professionnels. D'une capacit\u00e9 de 155Wh, elle prend en charge des appareils consommant jusqu'\u00e0 14A \u00e0 une tension nominale de 14,8V, garantissant ainsi des sessions de tournage prolong\u00e9es sans recharge fr\u00e9quente.<\/p>\n<p><strong>Caract\u00e9ristiques principales :<\/strong><\/p>\n<ul>\n<li><strong>Grande capacit\u00e9<\/strong>: La capacit\u00e9 de 155Wh prend en charge les appareils consommant jusqu'\u00e0 14A, offrant ainsi une dur\u00e9e d'utilisation prolong\u00e9e.<\/li>\n<li><strong>Conception compacte<\/strong>: Environ 70% la taille des batteries V-mount standard, ce qui les rend plus l\u00e9g\u00e8res et plus portables.<\/li>\n<li><strong>Sorties multiples<\/strong>: \u00c9quip\u00e9 d'une sortie D-Tap de 14,8 V, d'une sortie USB-A, de deux sorties baril DC (8 V et 12 V) et d'une sortie USB-C pour une connectivit\u00e9 polyvalente.<\/li>\n<li><strong>Chargement rapide<\/strong>: Prend en charge la charge rapide USB-C PD bidirectionnelle de 65 W, permettant une recharge rapide et la possibilit\u00e9 d'alimenter les appareils compatibles.<\/li>\n<li><strong>\u00c9cran OLED<\/strong>: L'\u00e9cran OLED permet de contr\u00f4ler en temps r\u00e9el l'\u00e9tat de la batterie, y compris la capacit\u00e9 restante et les informations de sortie.<\/li>\n<\/ul>\n<p><strong>Sp\u00e9cifications :<\/strong><\/p>\n<ul>\n<li><strong>Capacit\u00e9<\/strong>: 155Wh<\/li>\n<li><strong>Sorties<\/strong>:\n<ul>\n<li>1 x 14,8V D-Tap<\/li>\n<li>1 x USB-A<\/li>\n<li>1 x USB-C<\/li>\n<li>1 x 8V DC barrel<\/li>\n<li>1 x 12V DC barrel<\/li>\n<\/ul>\n<\/li>\n<li><strong>Dimensions<\/strong>: 107 \u00d7 73 \u00d7 71 mm<\/li>\n<li><strong>Poids<\/strong>: Environ 780g<\/li>\n<\/ul>\n<p>La batterie SmallRig VB155 Mini V-Mount combine une grande capacit\u00e9 avec un facteur de forme compact, ce qui en fait une solution d'alimentation id\u00e9ale pour les professionnels qui recherchent la fiabilit\u00e9 et la portabilit\u00e9 de leur \u00e9quipement.<\/p>\n<p>Louez-le maintenant sur <a href=\"https:\/\/www.cinesouk.ma\/fr\">CINESOUK<\/a> - une marque de <a href=\"https:\/\/www.broadway.ma\/\">BROADWAY PRODUCTIONS SARL.<\/a><\/p>","protected":false},"excerpt":{"rendered":"<p><strong>Sp\u00e9cifications :<\/strong><\/p>\n<ul>\n<li><strong>Capacit\u00e9<\/strong>: 155Wh<\/li>\n<li><strong>Sorties<\/strong>:\n<ul>\n<li>1 x 14,8V D-Tap<\/li>\n<li>1 x USB-A<\/li>\n<li>1 x USB-C<\/li>\n<li>1 x 8V DC barrel<\/li>\n<li>1 x 12V DC barrel<\/li>\n<\/ul>\n<\/li>\n<li><strong>Dimensions<\/strong>: 107 \u00d7 73 \u00d7 71 mm<\/li>\n<li><strong>Poids<\/strong>: Environ 780g<\/li>\n<\/ul>","protected":false},"featured_media":9160,"template":"","meta":{"om_disable_all_campaigns":false,"_monsterinsights_skip_tracking":false,"_monsterinsights_sitenote_active":false,"_monsterinsights_sitenote_note":"","_monsterinsights_sitenote_category":0,"_uf_show_specific_survey":0,"_uf_disable_surveys":false},"product_brand":[],"product_cat":[57,83],"product_tag":[],"class_list":{"0":"post-9138","1":"product","2":"type-product","3":"status-publish","4":"has-post-thumbnail","6":"product_cat-batteries-cinesouk","7":"product_cat-efp-eng-cinesouk","9":"entry","10":"has-media","12":"first","13":"instock","14":"taxable","15":"shipping-taxable","16":"purchasable","17":"product-type-variable","18":"has-product-nav","19":"col","20":"span_1_of_3","21":"owp-content-center","22":"owp-thumbs-layout-horizontal","23":"owp-btn-normal","24":"owp-tabs-layout-horizontal","25":"has-no-thumbnails"},"yoast_head":"<!-- This site is optimized with the Yoast SEO Premium plugin v26.0 (Yoast SEO v26.0) - https:\/\/yoast.com\/wordpress\/plugins\/seo\/ -->\n<title>SmallRig VB155 Mini V-Mount Battery \u2013 155Wh - CineSouk - For rent<\/title>\n<meta name=\"description\" content=\"SmallRig VB155 Mini V-Mount Battery: Compact 155Wh battery with multiple outputs, fast charging, and OLED display for professional use.\" \/>\n<meta name=\"robots\" content=\"index, follow, max-snippet:-1, max-image-preview:large, max-video-preview:-1\" \/>\n<link rel=\"canonical\" href=\"https:\/\/www.cinesouk.ma\/fr\/produit\/smallrig-vb155-mini-v-mount-battery\/\" \/>\n<meta property=\"og:locale\" content=\"fr_FR\" \/>\n<meta property=\"og:type\" content=\"article\" \/>\n<meta property=\"og:title\" content=\"SmallRig VB155 Mini V-Mount Battery \u2013 155Wh\" \/>\n<meta property=\"og:description\" content=\"SmallRig VB155 Mini V-Mount Battery: Compact 155Wh battery with multiple outputs, fast charging, and OLED display for professional use.\" \/>\n<meta property=\"og:url\" content=\"https:\/\/www.cinesouk.ma\/fr\/produit\/smallrig-vb155-mini-v-mount-battery\/\" \/>\n<meta property=\"og:site_name\" content=\"CineSouk\" \/>\n<meta property=\"article:modified_time\" content=\"2025-08-26T13:05:27+00:00\" \/>\n<meta property=\"og:image\" content=\"https:\/\/www.cinesouk.ma\/wp-content\/uploads\/2024\/11\/Smallrig-VB155-mini-V-Mount-Battery.jpeg\" \/>\n\t<meta property=\"og:image:width\" content=\"1417\" \/>\n\t<meta property=\"og:image:height\" content=\"744\" \/>\n\t<meta property=\"og:image:type\" content=\"image\/jpeg\" \/>\n<meta name=\"twitter:card\" content=\"summary_large_image\" \/>\n<meta name=\"twitter:description\" content=\"SmallRig VB155 Mini V-Mount Battery: Compact 155Wh battery with multiple outputs, fast charging, and OLED display for professional use.\" \/>\n<meta name=\"twitter:label1\" content=\"Dur\u00e9e de lecture estim\u00e9e\" \/>\n\t<meta name=\"twitter:data1\" content=\"2 minutes\" \/>\n<script type=\"application\/ld+json\" class=\"yoast-schema-graph\">{\"@context\":\"https:\/\/schema.org\",\"@graph\":[{\"@type\":\"WebPage\",\"@id\":\"https:\/\/www.cinesouk.ma\/product\/smallrig-vb155-mini-v-mount-battery\/\",\"url\":\"https:\/\/www.cinesouk.ma\/product\/smallrig-vb155-mini-v-mount-battery\/\",\"name\":\"SmallRig VB155 Mini V-Mount Battery \u2013 155Wh - CineSouk - For rent\",\"isPartOf\":{\"@id\":\"https:\/\/www.cinesouk.ma\/#website\"},\"primaryImageOfPage\":{\"@id\":\"https:\/\/www.cinesouk.ma\/product\/smallrig-vb155-mini-v-mount-battery\/#primaryimage\"},\"image\":{\"@id\":\"https:\/\/www.cinesouk.ma\/product\/smallrig-vb155-mini-v-mount-battery\/#primaryimage\"},\"thumbnailUrl\":\"https:\/\/www.cinesouk.ma\/wp-content\/uploads\/2024\/11\/Smallrig-VB155-mini-V-Mount-Battery.jpeg\",\"datePublished\":\"2024-11-27T08:13:43+00:00\",\"dateModified\":\"2025-08-26T13:05:27+00:00\",\"description\":\"SmallRig VB155 Mini V-Mount Battery: Compact 155Wh battery with multiple outputs, fast charging, and OLED display for professional use.\",\"breadcrumb\":{\"@id\":\"https:\/\/www.cinesouk.ma\/product\/smallrig-vb155-mini-v-mount-battery\/#breadcrumb\"},\"inLanguage\":\"fr-FR\",\"potentialAction\":[{\"@type\":\"ReadAction\",\"target\":[\"https:\/\/www.cinesouk.ma\/product\/smallrig-vb155-mini-v-mount-battery\/\"]}]},{\"@type\":\"ImageObject\",\"inLanguage\":\"fr-FR\",\"@id\":\"https:\/\/www.cinesouk.ma\/product\/smallrig-vb155-mini-v-mount-battery\/#primaryimage\",\"url\":\"https:\/\/www.cinesouk.ma\/wp-content\/uploads\/2024\/11\/Smallrig-VB155-mini-V-Mount-Battery.jpeg\",\"contentUrl\":\"https:\/\/www.cinesouk.ma\/wp-content\/uploads\/2024\/11\/Smallrig-VB155-mini-V-Mount-Battery.jpeg\",\"width\":1417,\"height\":744,\"caption\":\"Smallrig VB155 mini V Mount Battery\"},{\"@type\":\"BreadcrumbList\",\"@id\":\"https:\/\/www.cinesouk.ma\/product\/smallrig-vb155-mini-v-mount-battery\/#breadcrumb\",\"itemListElement\":[{\"@type\":\"ListItem\",\"position\":1,\"name\":\"Home\",\"item\":\"https:\/\/www.cinesouk.ma\/\"},{\"@type\":\"ListItem\",\"position\":2,\"name\":\"Shop\",\"item\":\"https:\/\/www.cinesouk.ma\/shop\/\"},{\"@type\":\"ListItem\",\"position\":3,\"name\":\"SmallRig VB155 Mini V-Mount Battery \u2013 155Wh\"}]},{\"@type\":\"WebSite\",\"@id\":\"https:\/\/www.cinesouk.ma\/#website\",\"url\":\"https:\/\/www.cinesouk.ma\/\",\"name\":\"CineSouk\",\"description\":\"\",\"publisher\":{\"@id\":\"https:\/\/www.cinesouk.ma\/#organization\"},\"potentialAction\":[{\"@type\":\"SearchAction\",\"target\":{\"@type\":\"EntryPoint\",\"urlTemplate\":\"https:\/\/www.cinesouk.ma\/?s={search_term_string}\"},\"query-input\":{\"@type\":\"PropertyValueSpecification\",\"valueRequired\":true,\"valueName\":\"search_term_string\"}}],\"inLanguage\":\"fr-FR\"},{\"@type\":\"Organization\",\"@id\":\"https:\/\/www.cinesouk.ma\/#organization\",\"name\":\"CineSouk\",\"url\":\"https:\/\/www.cinesouk.ma\/\",\"logo\":{\"@type\":\"ImageObject\",\"inLanguage\":\"fr-FR\",\"@id\":\"https:\/\/www.cinesouk.ma\/#\/schema\/logo\/image\/\",\"url\":\"https:\/\/www.cinesouk.ma\/wp-content\/uploads\/2024\/01\/CineSouk-logo-v01-alpha-alligned-left.png\",\"contentUrl\":\"https:\/\/www.cinesouk.ma\/wp-content\/uploads\/2024\/01\/CineSouk-logo-v01-alpha-alligned-left.png\",\"width\":3204,\"height\":889,\"caption\":\"CineSouk\"},\"image\":{\"@id\":\"https:\/\/www.cinesouk.ma\/#\/schema\/logo\/image\/\"}}]}<\/script>\n<!-- \/ Yoast SEO Premium plugin. -->","yoast_head_json":{"title":"SmallRig VB155 Mini V-Mount Battery \u2013 155Wh - CineSouk - For rent","description":"SmallRig VB155 Mini V-Mount Battery: Compact 155Wh battery with multiple outputs, fast charging, and OLED display for professional use.","robots":{"index":"index","follow":"follow","max-snippet":"max-snippet:-1","max-image-preview":"max-image-preview:large","max-video-preview":"max-video-preview:-1"},"canonical":"https:\/\/www.cinesouk.ma\/fr\/produit\/smallrig-vb155-mini-v-mount-battery\/","og_locale":"fr_FR","og_type":"article","og_title":"SmallRig VB155 Mini V-Mount Battery \u2013 155Wh","og_description":"SmallRig VB155 Mini V-Mount Battery: Compact 155Wh battery with multiple outputs, fast charging, and OLED display for professional use.","og_url":"https:\/\/www.cinesouk.ma\/fr\/produit\/smallrig-vb155-mini-v-mount-battery\/","og_site_name":"CineSouk","article_modified_time":"2025-08-26T13:05:27+00:00","og_image":[{"width":1417,"height":744,"url":"https:\/\/www.cinesouk.ma\/wp-content\/uploads\/2024\/11\/Smallrig-VB155-mini-V-Mount-Battery.jpeg","type":"image\/jpeg"}],"twitter_card":"summary_large_image","twitter_description":"SmallRig VB155 Mini V-Mount Battery: Compact 155Wh battery with multiple outputs, fast charging, and OLED display for professional use.","twitter_misc":{"Dur\u00e9e de lecture estim\u00e9e":"2 minutes"},"schema":{"@context":"https:\/\/schema.org","@graph":[{"@type":"WebPage","@id":"https:\/\/www.cinesouk.ma\/product\/smallrig-vb155-mini-v-mount-battery\/","url":"https:\/\/www.cinesouk.ma\/product\/smallrig-vb155-mini-v-mount-battery\/","name":"SmallRig VB155 Mini V-Mount Battery \u2013 155Wh - CineSouk - For rent","isPartOf":{"@id":"https:\/\/www.cinesouk.ma\/#website"},"primaryImageOfPage":{"@id":"https:\/\/www.cinesouk.ma\/product\/smallrig-vb155-mini-v-mount-battery\/#primaryimage"},"image":{"@id":"https:\/\/www.cinesouk.ma\/product\/smallrig-vb155-mini-v-mount-battery\/#primaryimage"},"thumbnailUrl":"https:\/\/www.cinesouk.ma\/wp-content\/uploads\/2024\/11\/Smallrig-VB155-mini-V-Mount-Battery.jpeg","datePublished":"2024-11-27T08:13:43+00:00","dateModified":"2025-08-26T13:05:27+00:00","description":"SmallRig VB155 Mini V-Mount Battery: Compact 155Wh battery with multiple outputs, fast charging, and OLED display for professional use.","breadcrumb":{"@id":"https:\/\/www.cinesouk.ma\/product\/smallrig-vb155-mini-v-mount-battery\/#breadcrumb"},"inLanguage":"fr-FR","potentialAction":[{"@type":"ReadAction","target":["https:\/\/www.cinesouk.ma\/product\/smallrig-vb155-mini-v-mount-battery\/"]}]},{"@type":"ImageObject","inLanguage":"fr-FR","@id":"https:\/\/www.cinesouk.ma\/product\/smallrig-vb155-mini-v-mount-battery\/#primaryimage","url":"https:\/\/www.cinesouk.ma\/wp-content\/uploads\/2024\/11\/Smallrig-VB155-mini-V-Mount-Battery.jpeg","contentUrl":"https:\/\/www.cinesouk.ma\/wp-content\/uploads\/2024\/11\/Smallrig-VB155-mini-V-Mount-Battery.jpeg","width":1417,"height":744,"caption":"Smallrig VB155 mini V Mount Battery"},{"@type":"BreadcrumbList","@id":"https:\/\/www.cinesouk.ma\/product\/smallrig-vb155-mini-v-mount-battery\/#breadcrumb","itemListElement":[{"@type":"ListItem","position":1,"name":"Home","item":"https:\/\/www.cinesouk.ma\/"},{"@type":"ListItem","position":2,"name":"Shop","item":"https:\/\/www.cinesouk.ma\/shop\/"},{"@type":"ListItem","position":3,"name":"SmallRig VB155 Mini V-Mount Battery \u2013 155Wh"}]},{"@type":"WebSite","@id":"https:\/\/www.cinesouk.ma\/#website","url":"https:\/\/www.cinesouk.ma\/","name":"CineSouk","description":"","publisher":{"@id":"https:\/\/www.cinesouk.ma\/#organization"},"potentialAction":[{"@type":"SearchAction","target":{"@type":"EntryPoint","urlTemplate":"https:\/\/www.cinesouk.ma\/?s={search_term_string}"},"query-input":{"@type":"PropertyValueSpecification","valueRequired":true,"valueName":"search_term_string"}}],"inLanguage":"fr-FR"},{"@type":"Organization","@id":"https:\/\/www.cinesouk.ma\/#organization","name":"CineSouk","url":"https:\/\/www.cinesouk.ma\/","logo":{"@type":"ImageObject","inLanguage":"fr-FR","@id":"https:\/\/www.cinesouk.ma\/#\/schema\/logo\/image\/","url":"https:\/\/www.cinesouk.ma\/wp-content\/uploads\/2024\/01\/CineSouk-logo-v01-alpha-alligned-left.png","contentUrl":"https:\/\/www.cinesouk.ma\/wp-content\/uploads\/2024\/01\/CineSouk-logo-v01-alpha-alligned-left.png","width":3204,"height":889,"caption":"CineSouk"},"image":{"@id":"https:\/\/www.cinesouk.ma\/#\/schema\/logo\/image\/"}}]}},"_links":{"self":[{"href":"https:\/\/www.cinesouk.ma\/fr\/wp-json\/wp\/v2\/product\/9138","targetHints":{"allow":["GET"]}}],"collection":[{"href":"https:\/\/www.cinesouk.ma\/fr\/wp-json\/wp\/v2\/product"}],"about":[{"href":"https:\/\/www.cinesouk.ma\/fr\/wp-json\/wp\/v2\/types\/product"}],"wp:featuredmedia":[{"embeddable":true,"href":"https:\/\/www.cinesouk.ma\/fr\/wp-json\/wp\/v2\/media\/9160"}],"wp:attachment":[{"href":"https:\/\/www.cinesouk.ma\/fr\/wp-json\/wp\/v2\/media?parent=9138"}],"wp:term":[{"taxonomy":"product_brand","embeddable":true,"href":"https:\/\/www.cinesouk.ma\/fr\/wp-json\/wp\/v2\/product_brand?post=9138"},{"taxonomy":"product_cat","embeddable":true,"href":"https:\/\/www.cinesouk.ma\/fr\/wp-json\/wp\/v2\/product_cat?post=9138"},{"taxonomy":"product_tag","embeddable":true,"href":"https:\/\/www.cinesouk.ma\/fr\/wp-json\/wp\/v2\/product_tag?post=9138"}],"curies":[{"name":"wp","href":"https:\/\/api.w.org\/{rel}","templated":true}]}}