{"id":9149,"date":"2024-11-27T08:23:57","date_gmt":"2024-11-27T08:23:57","guid":{"rendered":"https:\/\/www.cinesouk.ma\/?post_type=product&#038;p=9149"},"modified":"2025-08-22T10:46:22","modified_gmt":"2025-08-22T10:46:22","slug":"tilta-mirage-matte-box-vnd-complete-kit","status":"publish","type":"product","link":"https:\/\/www.cinesouk.ma\/fr\/produit\/tilta-mirage-matte-box-vnd-complete-kit\/","title":{"rendered":"Kit complet Tilta Mirage Matte Box VND"},"content":{"rendered":"<p>Le <strong>Kit complet Tilta Mirage Matte Box VND<\/strong> est une solution compl\u00e8te con\u00e7ue pour les cin\u00e9astes et les vid\u00e9astes qui recherchent un contr\u00f4le pr\u00e9cis de la lumi\u00e8re et de la qualit\u00e9 de l'image. Ce kit comprend tout ce qui est n\u00e9cessaire pour am\u00e9liorer vos possibilit\u00e9s cr\u00e9atives, en offrant flexibilit\u00e9, pr\u00e9cision et performances de niveau professionnel.<\/p>\n<h4><strong>Principales caract\u00e9ristiques et composantes<\/strong><\/h4>\n<p><strong>1. Kit Tilta Mirage Matte Box VND :<\/strong><\/p>\n<ul>\n<li>Un syst\u00e8me de matte box l\u00e9ger et polyvalent con\u00e7u pour offrir un contr\u00f4le avanc\u00e9 de la lumi\u00e8re tout en restant compact et facile \u00e0 utiliser.<\/li>\n<li>Int\u00e9gr\u00e9 <strong>Filtre ND variable<\/strong> pour un contr\u00f4le transparent de l'exposition, id\u00e9al pour s'adapter \u00e0 des conditions de luminosit\u00e9 changeantes sans affecter la qualit\u00e9 de l'image.<\/li>\n<\/ul>\n<p><strong>2. Adaptateur pour filtre avant de taille normale :<\/strong><\/p>\n<ul>\n<li>Permet d'utiliser des filtres de taille normale \u00e0 l'avant de la bo\u00eete de matte, ce qui offre une grande souplesse pour les applications cr\u00e9atives et les effets sp\u00e9cialis\u00e9s.<\/li>\n<\/ul>\n<p><strong>3. Deux adaptateurs pour filtres de 95 mm :<\/strong><\/p>\n<ul>\n<li>Assure la compatibilit\u00e9 avec une large gamme d'objectifs et de filtres, pour un ajustement s\u00fbr et pr\u00e9cis.<\/li>\n<\/ul>\n<p><strong>4. Filtre ND variable de 95 mm :<\/strong><\/p>\n<ul>\n<li>Ajuste en douceur les niveaux d'exposition sans alt\u00e9rer la pr\u00e9cision des couleurs, ce qui le rend id\u00e9al pour les conditions de prise de vue dynamiques.<\/li>\n<\/ul>\n<p><strong>5. Filtre polarisant Tilta Mirage 95mm :<\/strong><\/p>\n<ul>\n<li>R\u00e9duit l'\u00e9blouissement et les reflets sur les surfaces non m\u00e9talliques, am\u00e9liore la saturation et le contraste des couleurs pour des r\u00e9sultats plus \u00e9clatants et professionnels.<\/li>\n<\/ul>\n<p><strong>6. Filtre Vaxis Black Mist 95mm :<\/strong><\/p>\n<ul>\n<li>Ajoute une lueur douce et cin\u00e9matographique aux hautes lumi\u00e8res et r\u00e9duit l\u00e9g\u00e8rement le contraste, cr\u00e9ant ainsi un look artistique et onirique.<\/li>\n<\/ul>\n<p><strong>7. Filtre Vaxis Pure Mist 95mm :<\/strong><\/p>\n<ul>\n<li>Offre un effet de diffusion plus net, adoucissant subtilement les d\u00e9tails tout en pr\u00e9servant la nettet\u00e9 de l'image, id\u00e9al pour les portraits et les sc\u00e8nes narratives.<\/li>\n<\/ul>\n<p><strong>8. Filtre ND fixe coulissant 95 :<\/strong><\/p>\n<ul>\n<li>Fournit une densit\u00e9 neutre fixe pour une r\u00e9duction coh\u00e9rente de l'exposition, garantissant des hautes lumi\u00e8res contr\u00f4l\u00e9es et un \u00e9clairage g\u00e9n\u00e9ral \u00e9quilibr\u00e9.<\/li>\n<\/ul>\n<p>&nbsp;<\/p>\n<p>Louez-le maintenant sur <a href=\"https:\/\/www.cinesouk.ma\/fr\">CINESOUK<\/a> - une marque de <a href=\"https:\/\/www.broadway.ma\/\">BROADWAY PRODUCTIONS SARL.<\/a><\/p>\n<p>&nbsp;<\/p>","protected":false},"excerpt":{"rendered":"<p><strong>Sp\u00e9cifications :<\/strong><\/p>\n<ul>\n<li><strong>Matte Type de bo\u00eete :<\/strong> Tilta Mirage<\/li>\n<li><strong>Taille des filtres :<\/strong> Filtres de 95 mm et filtres frontaux de taille normale<\/li>\n<li><strong>Filtres inclus :<\/strong>\n<ul>\n<li>Filtre ND variable<\/li>\n<li>Filtre polarisant<\/li>\n<li>Filtre Vaxis Black Mist 95mm<\/li>\n<li>Filtre Vaxis Pure Mist 95mm<\/li>\n<li>Filtre ND fixe coulissant<\/li>\n<\/ul>\n<\/li>\n<li><strong>Anneaux d'adaptation :<\/strong> Adaptateurs de 95 mm et de remplissage<\/li>\n<li><strong>Mat\u00e9riau :<\/strong> Construction durable et l\u00e9g\u00e8re<\/li>\n<\/ul>","protected":false},"featured_media":9173,"template":"","meta":{"om_disable_all_campaigns":false,"_monsterinsights_skip_tracking":false,"_monsterinsights_sitenote_active":false,"_monsterinsights_sitenote_note":"","_monsterinsights_sitenote_category":0,"_uf_show_specific_survey":0,"_uf_disable_surveys":false},"product_brand":[],"product_cat":[133,58,36],"product_tag":[],"class_list":{"0":"post-9149","1":"product","2":"type-product","3":"status-publish","4":"has-post-thumbnail","6":"product_cat-filters-eventsouk","7":"product_cat-filters-cinesouk","8":"product_cat-lenses-cinesouk","10":"entry","11":"has-media","13":"first","14":"instock","15":"taxable","16":"shipping-taxable","17":"purchasable","18":"product-type-variable","19":"has-product-nav","20":"col","21":"span_1_of_3","22":"owp-content-center","23":"owp-thumbs-layout-horizontal","24":"owp-btn-normal","25":"owp-tabs-layout-horizontal","26":"has-no-thumbnails"},"yoast_head":"<!-- This site is optimized with the Yoast SEO Premium plugin v26.0 (Yoast SEO v26.0) - https:\/\/yoast.com\/wordpress\/plugins\/seo\/ -->\n<title>Tilta Mirage Matte Box VND Complete Kit - CineSouk - For rent<\/title>\n<meta name=\"description\" content=\"Tilta Mirage Matte Box VND Complete Kit: A comprehensive kit with Variable ND, Polarizer, Black Mist, and Pure Mist filters, plus adapters for professional light and exposure control.\" \/>\n<meta name=\"robots\" content=\"index, follow, max-snippet:-1, max-image-preview:large, max-video-preview:-1\" \/>\n<link rel=\"canonical\" href=\"https:\/\/www.cinesouk.ma\/fr\/produit\/tilta-mirage-matte-box-vnd-complete-kit\/\" \/>\n<meta property=\"og:locale\" content=\"fr_FR\" \/>\n<meta property=\"og:type\" content=\"article\" \/>\n<meta property=\"og:title\" content=\"Tilta Mirage Matte Box VND Complete Kit\" \/>\n<meta property=\"og:description\" content=\"Tilta Mirage Matte Box VND Complete Kit: A comprehensive kit with Variable ND, Polarizer, Black Mist, and Pure Mist filters, plus adapters for professional light and exposure control.\" \/>\n<meta property=\"og:url\" content=\"https:\/\/www.cinesouk.ma\/fr\/produit\/tilta-mirage-matte-box-vnd-complete-kit\/\" \/>\n<meta property=\"og:site_name\" content=\"CineSouk\" \/>\n<meta property=\"article:modified_time\" content=\"2025-08-22T10:46:22+00:00\" \/>\n<meta property=\"og:image\" content=\"https:\/\/www.cinesouk.ma\/wp-content\/uploads\/2024\/11\/kit.png\" \/>\n\t<meta property=\"og:image:width\" content=\"300\" \/>\n\t<meta property=\"og:image:height\" content=\"238\" \/>\n\t<meta property=\"og:image:type\" content=\"image\/png\" \/>\n<meta name=\"twitter:card\" content=\"summary_large_image\" \/>\n<meta name=\"twitter:description\" content=\"Tilta Mirage Matte Box VND Complete Kit: A comprehensive kit with Variable ND, Polarizer, Black Mist, and Pure Mist filters, plus adapters for professional light and exposure control.\" \/>\n<meta name=\"twitter:label1\" content=\"Dur\u00e9e de lecture estim\u00e9e\" \/>\n\t<meta name=\"twitter:data1\" content=\"2 minutes\" \/>\n<script type=\"application\/ld+json\" class=\"yoast-schema-graph\">{\"@context\":\"https:\/\/schema.org\",\"@graph\":[{\"@type\":\"WebPage\",\"@id\":\"https:\/\/www.cinesouk.ma\/product\/tilta-mirage-matte-box-vnd-complete-kit\/\",\"url\":\"https:\/\/www.cinesouk.ma\/product\/tilta-mirage-matte-box-vnd-complete-kit\/\",\"name\":\"Tilta Mirage Matte Box VND Complete Kit - CineSouk - For rent\",\"isPartOf\":{\"@id\":\"https:\/\/www.cinesouk.ma\/#website\"},\"primaryImageOfPage\":{\"@id\":\"https:\/\/www.cinesouk.ma\/product\/tilta-mirage-matte-box-vnd-complete-kit\/#primaryimage\"},\"image\":{\"@id\":\"https:\/\/www.cinesouk.ma\/product\/tilta-mirage-matte-box-vnd-complete-kit\/#primaryimage\"},\"thumbnailUrl\":\"https:\/\/www.cinesouk.ma\/wp-content\/uploads\/2024\/11\/kit.png\",\"datePublished\":\"2024-11-27T08:23:57+00:00\",\"dateModified\":\"2025-08-22T10:46:22+00:00\",\"description\":\"Tilta Mirage Matte Box VND Complete Kit: A comprehensive kit with Variable ND, Polarizer, Black Mist, and Pure Mist filters, plus adapters for professional light and exposure control.\",\"breadcrumb\":{\"@id\":\"https:\/\/www.cinesouk.ma\/product\/tilta-mirage-matte-box-vnd-complete-kit\/#breadcrumb\"},\"inLanguage\":\"fr-FR\",\"potentialAction\":[{\"@type\":\"ReadAction\",\"target\":[\"https:\/\/www.cinesouk.ma\/product\/tilta-mirage-matte-box-vnd-complete-kit\/\"]}]},{\"@type\":\"ImageObject\",\"inLanguage\":\"fr-FR\",\"@id\":\"https:\/\/www.cinesouk.ma\/product\/tilta-mirage-matte-box-vnd-complete-kit\/#primaryimage\",\"url\":\"https:\/\/www.cinesouk.ma\/wp-content\/uploads\/2024\/11\/kit.png\",\"contentUrl\":\"https:\/\/www.cinesouk.ma\/wp-content\/uploads\/2024\/11\/kit.png\",\"width\":300,\"height\":238,\"caption\":\"Tilta Mirage Kit\"},{\"@type\":\"BreadcrumbList\",\"@id\":\"https:\/\/www.cinesouk.ma\/product\/tilta-mirage-matte-box-vnd-complete-kit\/#breadcrumb\",\"itemListElement\":[{\"@type\":\"ListItem\",\"position\":1,\"name\":\"Home\",\"item\":\"https:\/\/www.cinesouk.ma\/\"},{\"@type\":\"ListItem\",\"position\":2,\"name\":\"Shop\",\"item\":\"https:\/\/www.cinesouk.ma\/shop\/\"},{\"@type\":\"ListItem\",\"position\":3,\"name\":\"Tilta Mirage Matte Box VND Complete Kit\"}]},{\"@type\":\"WebSite\",\"@id\":\"https:\/\/www.cinesouk.ma\/#website\",\"url\":\"https:\/\/www.cinesouk.ma\/\",\"name\":\"CineSouk\",\"description\":\"\",\"publisher\":{\"@id\":\"https:\/\/www.cinesouk.ma\/#organization\"},\"potentialAction\":[{\"@type\":\"SearchAction\",\"target\":{\"@type\":\"EntryPoint\",\"urlTemplate\":\"https:\/\/www.cinesouk.ma\/?s={search_term_string}\"},\"query-input\":{\"@type\":\"PropertyValueSpecification\",\"valueRequired\":true,\"valueName\":\"search_term_string\"}}],\"inLanguage\":\"fr-FR\"},{\"@type\":\"Organization\",\"@id\":\"https:\/\/www.cinesouk.ma\/#organization\",\"name\":\"CineSouk\",\"url\":\"https:\/\/www.cinesouk.ma\/\",\"logo\":{\"@type\":\"ImageObject\",\"inLanguage\":\"fr-FR\",\"@id\":\"https:\/\/www.cinesouk.ma\/#\/schema\/logo\/image\/\",\"url\":\"https:\/\/www.cinesouk.ma\/wp-content\/uploads\/2024\/01\/CineSouk-logo-v01-alpha-alligned-left.png\",\"contentUrl\":\"https:\/\/www.cinesouk.ma\/wp-content\/uploads\/2024\/01\/CineSouk-logo-v01-alpha-alligned-left.png\",\"width\":3204,\"height\":889,\"caption\":\"CineSouk\"},\"image\":{\"@id\":\"https:\/\/www.cinesouk.ma\/#\/schema\/logo\/image\/\"}}]}<\/script>\n<!-- \/ Yoast SEO Premium plugin. -->","yoast_head_json":{"title":"Tilta Mirage Matte Box VND Complete Kit - CineSouk - For rent","description":"Tilta Mirage Matte Box VND Complete Kit: A comprehensive kit with Variable ND, Polarizer, Black Mist, and Pure Mist filters, plus adapters for professional light and exposure control.","robots":{"index":"index","follow":"follow","max-snippet":"max-snippet:-1","max-image-preview":"max-image-preview:large","max-video-preview":"max-video-preview:-1"},"canonical":"https:\/\/www.cinesouk.ma\/fr\/produit\/tilta-mirage-matte-box-vnd-complete-kit\/","og_locale":"fr_FR","og_type":"article","og_title":"Tilta Mirage Matte Box VND Complete Kit","og_description":"Tilta Mirage Matte Box VND Complete Kit: A comprehensive kit with Variable ND, Polarizer, Black Mist, and Pure Mist filters, plus adapters for professional light and exposure control.","og_url":"https:\/\/www.cinesouk.ma\/fr\/produit\/tilta-mirage-matte-box-vnd-complete-kit\/","og_site_name":"CineSouk","article_modified_time":"2025-08-22T10:46:22+00:00","og_image":[{"width":300,"height":238,"url":"https:\/\/www.cinesouk.ma\/wp-content\/uploads\/2024\/11\/kit.png","type":"image\/png"}],"twitter_card":"summary_large_image","twitter_description":"Tilta Mirage Matte Box VND Complete Kit: A comprehensive kit with Variable ND, Polarizer, Black Mist, and Pure Mist filters, plus adapters for professional light and exposure control.","twitter_misc":{"Dur\u00e9e de lecture estim\u00e9e":"2 minutes"},"schema":{"@context":"https:\/\/schema.org","@graph":[{"@type":"WebPage","@id":"https:\/\/www.cinesouk.ma\/product\/tilta-mirage-matte-box-vnd-complete-kit\/","url":"https:\/\/www.cinesouk.ma\/product\/tilta-mirage-matte-box-vnd-complete-kit\/","name":"Tilta Mirage Matte Box VND Complete Kit - CineSouk - For rent","isPartOf":{"@id":"https:\/\/www.cinesouk.ma\/#website"},"primaryImageOfPage":{"@id":"https:\/\/www.cinesouk.ma\/product\/tilta-mirage-matte-box-vnd-complete-kit\/#primaryimage"},"image":{"@id":"https:\/\/www.cinesouk.ma\/product\/tilta-mirage-matte-box-vnd-complete-kit\/#primaryimage"},"thumbnailUrl":"https:\/\/www.cinesouk.ma\/wp-content\/uploads\/2024\/11\/kit.png","datePublished":"2024-11-27T08:23:57+00:00","dateModified":"2025-08-22T10:46:22+00:00","description":"Tilta Mirage Matte Box VND Complete Kit: A comprehensive kit with Variable ND, Polarizer, Black Mist, and Pure Mist filters, plus adapters for professional light and exposure control.","breadcrumb":{"@id":"https:\/\/www.cinesouk.ma\/product\/tilta-mirage-matte-box-vnd-complete-kit\/#breadcrumb"},"inLanguage":"fr-FR","potentialAction":[{"@type":"ReadAction","target":["https:\/\/www.cinesouk.ma\/product\/tilta-mirage-matte-box-vnd-complete-kit\/"]}]},{"@type":"ImageObject","inLanguage":"fr-FR","@id":"https:\/\/www.cinesouk.ma\/product\/tilta-mirage-matte-box-vnd-complete-kit\/#primaryimage","url":"https:\/\/www.cinesouk.ma\/wp-content\/uploads\/2024\/11\/kit.png","contentUrl":"https:\/\/www.cinesouk.ma\/wp-content\/uploads\/2024\/11\/kit.png","width":300,"height":238,"caption":"Tilta Mirage Kit"},{"@type":"BreadcrumbList","@id":"https:\/\/www.cinesouk.ma\/product\/tilta-mirage-matte-box-vnd-complete-kit\/#breadcrumb","itemListElement":[{"@type":"ListItem","position":1,"name":"Home","item":"https:\/\/www.cinesouk.ma\/"},{"@type":"ListItem","position":2,"name":"Shop","item":"https:\/\/www.cinesouk.ma\/shop\/"},{"@type":"ListItem","position":3,"name":"Tilta Mirage Matte Box VND Complete Kit"}]},{"@type":"WebSite","@id":"https:\/\/www.cinesouk.ma\/#website","url":"https:\/\/www.cinesouk.ma\/","name":"CineSouk","description":"","publisher":{"@id":"https:\/\/www.cinesouk.ma\/#organization"},"potentialAction":[{"@type":"SearchAction","target":{"@type":"EntryPoint","urlTemplate":"https:\/\/www.cinesouk.ma\/?s={search_term_string}"},"query-input":{"@type":"PropertyValueSpecification","valueRequired":true,"valueName":"search_term_string"}}],"inLanguage":"fr-FR"},{"@type":"Organization","@id":"https:\/\/www.cinesouk.ma\/#organization","name":"CineSouk","url":"https:\/\/www.cinesouk.ma\/","logo":{"@type":"ImageObject","inLanguage":"fr-FR","@id":"https:\/\/www.cinesouk.ma\/#\/schema\/logo\/image\/","url":"https:\/\/www.cinesouk.ma\/wp-content\/uploads\/2024\/01\/CineSouk-logo-v01-alpha-alligned-left.png","contentUrl":"https:\/\/www.cinesouk.ma\/wp-content\/uploads\/2024\/01\/CineSouk-logo-v01-alpha-alligned-left.png","width":3204,"height":889,"caption":"CineSouk"},"image":{"@id":"https:\/\/www.cinesouk.ma\/#\/schema\/logo\/image\/"}}]}},"_links":{"self":[{"href":"https:\/\/www.cinesouk.ma\/fr\/wp-json\/wp\/v2\/product\/9149","targetHints":{"allow":["GET"]}}],"collection":[{"href":"https:\/\/www.cinesouk.ma\/fr\/wp-json\/wp\/v2\/product"}],"about":[{"href":"https:\/\/www.cinesouk.ma\/fr\/wp-json\/wp\/v2\/types\/product"}],"wp:featuredmedia":[{"embeddable":true,"href":"https:\/\/www.cinesouk.ma\/fr\/wp-json\/wp\/v2\/media\/9173"}],"wp:attachment":[{"href":"https:\/\/www.cinesouk.ma\/fr\/wp-json\/wp\/v2\/media?parent=9149"}],"wp:term":[{"taxonomy":"product_brand","embeddable":true,"href":"https:\/\/www.cinesouk.ma\/fr\/wp-json\/wp\/v2\/product_brand?post=9149"},{"taxonomy":"product_cat","embeddable":true,"href":"https:\/\/www.cinesouk.ma\/fr\/wp-json\/wp\/v2\/product_cat?post=9149"},{"taxonomy":"product_tag","embeddable":true,"href":"https:\/\/www.cinesouk.ma\/fr\/wp-json\/wp\/v2\/product_tag?post=9149"}],"curies":[{"name":"wp","href":"https:\/\/api.w.org\/{rel}","templated":true}]}}